{"id":12928,"date":"2025-11-25T10:19:23","date_gmt":"2025-11-25T08:19:23","guid":{"rendered":"https:\/\/myperfectdog.lv\/?post_type=product&#038;p=12928"},"modified":"2026-03-19T23:15:40","modified_gmt":"2026-03-19T21:15:40","slug":"easyfit-anatomiski-pareizi-udensdrosi-iemaukti-suniem","status":"publish","type":"product","link":"https:\/\/myperfectdog.lv\/en\/product\/easyfit-anatomiski-pareizi-udensdrosi-iemaukti-suniem\/","title":{"rendered":"EasyFit anatomiski pareizi &#8211; \u016bdensdro\u0161i iemaukti su\u0146iem"},"content":{"rendered":"<h4>PAWTEX\u00ae \u2013 INOVAT\u012aVS MATERI\u0100LS SU\u0145A LABSAJ\u016aDAI<\/h4>\n<p>PawTex\u00ae ir revolucion\u0101rs tekstilmateri\u0101ls, kas izstr\u0101d\u0101ts, lai piln\u012bb\u0101 main\u012btu priek\u0161status par su\u0146u ekip\u0113juma komfortu, iztur\u012bbu un higi\u0113nu. M\u0113s izmantojam \u0161o materi\u0101lu k\u0101 vieglu, bet iztur\u012bgu alternat\u012bvu tradicion\u0101laj\u0101m siksn\u0101m, kas uzs\u016bc \u016bdeni un smakas.<\/p>\n<h4>\ud83d\udca6 100% \u016aDENSIZTUR\u012aBA UN VIEGLA KOP\u0160ANA<\/h4>\n<p>Aizmirstiet par slapj\u0101m, smag\u0101m un smakojo\u0161\u0101m siksn\u0101m p\u0113c pastaigas liet\u016b vai dub\u013cos!<\/p>\n<ul>\n<li><strong>Atgr\u016b\u017e net\u012brumus un mitrumu:<\/strong>\u00a0PawTex\u00ae virsma efekt\u012bvi atgr\u016b\u017e \u016bdeni, dub\u013cus un net\u012brumus. J\u016bsu ekip\u0113jums paliek viegls un t\u012brs.<\/li>\n<li><strong>\u0100tri \u017e\u016bst:<\/strong>\u00a0Materi\u0101ls \u017e\u016bst iev\u0113rojami \u0101tr\u0101k nek\u0101 standarta siksnas, nov\u0113r\u0161ot mitruma uzkr\u0101\u0161anos.<\/li>\n<li><strong>PawTex-Protect\u2122 P\u0101rkl\u0101jums:<\/strong>\u00a0\u0160is patent\u0113tais aizsargsl\u0101nis padara materi\u0101lu \u012bpa\u0161i iztur\u012bgu pret pl\u012bsumiem. T\u012br\u012b\u0161anai pietiek vienk\u0101r\u0161i noskalot un noslauc\u012bt.<\/li>\n<\/ul>\n<h4>\u2744\ufe0f ELAST\u012aBA AUKSTUM\u0100 UN MAKSIM\u0100LS KOMFORTS<\/h4>\n<p>PawTex\u00ae ir rad\u012bts Zieme\u013ceiropas apst\u0101k\u013ciem. Tas nodro\u0161ina su\u0146a komfortu visu gadu.<\/p>\n<ul>\n<li><strong>Paliek m\u012bksts aukstum\u0101:<\/strong>\u00a0At\u0161\u0137ir\u012bb\u0101 no neilona vai poliestera, PawTex\u00ae\u00a0<strong>nek\u013c\u016bst st\u012bvs un ciets<\/strong>\u00a0pat sp\u0113c\u012bg\u0101 sal\u0101, saglab\u0101jot elast\u012bbu un maigumu.<\/li>\n<li><strong>Nov\u0113r\u0161 berzi:<\/strong>\u00a0Materi\u0101ls ir maigs pret su\u0146a \u0101du un apmatojumu, nov\u0113r\u0161ot noberzumus un kairin\u0101jumu pat ilgsto\u0161as n\u0113s\u0101\u0161anas laik\u0101.<\/li>\n<\/ul>\n<h4>\ud83d\udd2c HIGI\u0112NA UN DRO\u0160\u012aBA<\/h4>\n<p>PawTex\u00ae ir laba izv\u0113le su\u0146u vesel\u012bbai.<\/p>\n<ul>\n<li><strong>Hipoaler\u0123isks un smaku neuzkr\u0101jo\u0161s:<\/strong>\u00a0Neporain\u0101 virsma ir hipoaler\u0123iska un kav\u0113 bakt\u0113riju un s\u0113n\u012b\u0161u veido\u0161anos, t\u0101d\u0113j\u0101di efekt\u012bvi nov\u0113r\u0161ot nepat\u012bkamu smaku uzkr\u0101\u0161anos.<\/li>\n<li><strong>Viegls svars:<\/strong>\u00a0Neskatoties uz t\u0101 iztur\u012bbu, PawTex\u00ae ir \u013coti viegls, kas nodro\u0161ina papildu komfortu maziem un jut\u012bgiem su\u0146iem.<\/li>\n<li><strong>Augsta redzam\u012bba:<\/strong>\u00a0Materi\u0101ls atbalsta spilgtu kr\u0101su un atstarojo\u0161u elementu integr\u0101ciju, lai uzlabotu su\u0146a dro\u0161\u012bbu tums\u0101.<\/li>\n<\/ul>","protected":false},"excerpt":{"rendered":"<h3 data-pm-slice=\"1 1 []\">EASYFIT IEMAUKTI: SP\u0112KS, KONTROLE UN STILA KLASIKA<\/h3>\n<h3>\ud83e\uddf5 MAZ\u0100K MET\u0100LA, VAIR\u0100K VIEGLUMA<\/h3>\n<p><span class=\"selected\">Katra \u0161uve ir p\u0101rdom\u0101ta, ar m\u0113r\u0137i met\u0101la elementus samazin\u0101t l\u012bdz minimumam. Daudzas deta\u013cas ir sa\u0161\u016btas, nevis savienotas ar liekiem savienojumiem, kas padara iemauktus \u012bpa\u0161i vieglus, bet vienlaikus stiprus un uzticamus. T\u0101 m\u0113s nodro\u0161in\u0101m vieglumu un komfortu, nezaud\u0113jot iztur\u012bbu.\u00a0<\/span><\/p>\n<h3><span class=\"selected\">\ud83d\udccf FORMA, KAS PIEL\u0100GOJAS SU\u0145A ANATOMIJAI<\/span><\/h3>\n<p><span class=\"selected\">EasyFit nav standarta, vienk\u0101r\u0161as konstrukcijas. Tas ir anatomiski pareizs (Y\/H veida) dizains, kas rad\u012bts, lai netrauc\u0113tu plecu kust\u012bbai un nekur neberztu. Pateicoties tam, iemaukti paliek viet\u0101 pat visakt\u012bv\u0101kaj\u0101s kust\u012bb\u0101s, sniedzot sunim piln\u012bgu br\u012bv\u012bbu. Iemaukti ir\u00a0<\/span><strong><span class=\"selected\">piln\u012bb\u0101 regul\u0113jami tr\u012bs viet\u0101s (kakls, v\u0113ders un viduklis)<\/span><\/strong><span class=\"selected\">, kas garant\u0113 prec\u012bzu un individu\u0101lu piegul\u0161anu katram sunim. Liel\u0101kiem izm\u0113riem v\u0113dera da\u013ca ir plat\u0101ka, lai nodro\u0161in\u0101tu maksim\u0101lu stabilit\u0101ti, komfortu un dro\u0161\u012bbu.<\/span><\/p>\n<h3><span class=\"selected\">\ud83d\udd12 UZVILK\u0160ANA BEZ STRESA<\/span><\/h3>\n<p><span class=\"selected\">Uzvilk\u0161ana ir tikpat vienk\u0101r\u0161a k\u0101 kakla siksnai, jo vairs nav nepat\u012bkamas vilk\u0161anas p\u0101ri galvai. Kakla da\u013cas spr\u0101dze \u013cauj iemauktus uzvilkt viegli un mier\u012bgi \u2013 to \u012bpa\u0161i nov\u0113rt\u0113s su\u0146i ar liel\u0101m aus\u012bm vai jut\u012bg\u0101ku dabu. Novilk\u0161anai vajag atspr\u0101dz\u0113t visas tr\u012bs spr\u0101dzes, un iemaukti pa\u0161i nokrit\u012bs uz zemes.<\/span><\/p>\n<h3><span class=\"selected\">\ud83c\udf27\ufe0f PASTAIG\u0100M JEBKUROS LAIKAPST\u0100K\u013bOS<\/span><\/h3>\n<p><span class=\"selected\">Lietus, sniegs vai pe\u013c\u0137es \u2013 iemaukti \u0101tri \u017e\u016bst un neuzkr\u0101j smakas. Pietiek ar \u0101tru noskalo\u0161anu, un tie atkal ir gatavi lieto\u0161anai.<\/span><\/p>\n<p><span class=\"selected\">Materi\u0101ls un spr\u0101dzes ir gatavas ziemai. Pateicoties speci\u0101lajai, patent\u0113tajai PawTex tehnolo\u0123ijai, materi\u0101ls nek\u013c\u016bs ciets pat sp\u0113c\u012bg\u0101 aukstum\u0101. Tie\u0161i otr\u0101di \u2013 lietojot iemaukti k\u013c\u016bs v\u0113l m\u012bkst\u0101ki, un tiem izv\u0113l\u0113t\u0101s spr\u0101dzes ir \u012bpa\u0161i paredz\u0113tas \u012bpa\u0161i aukstiem laikapst\u0101k\u013ciem.<\/span><\/p>\n<h3><span class=\"selected\">\ud83c\udf1f REDZAMI AR\u012a TUMS\u0100<\/span><\/h3>\n<p><span class=\"selected\">Atstarojo\u0161ie elementi ir prasm\u012bgi ietverti dizain\u0101 un iestr\u0101d\u0101ti iemauktu roktur\u012b. T\u0101d\u0113j\u0101di tie nav pasl\u0113pti su\u0146a spalv\u0101s, bet ir lieliski paman\u0101mi. T\u0101d\u0113j\u0101di tie nodro\u0161ina papildu dro\u0161\u012bbu, dodoties vakara pastaig\u0101 vai agri no r\u012bta.<\/span><\/p>\n<h3><span class=\"selected\">\ud83c\uddf1\ud83c\uddfb RA\u017dOTI LATVIJ\u0100, AR R\u016aP\u0112M UN ATBILD\u012aBU<\/span><\/h3>\n<p><span class=\"selected\">EasyFit top tepat, Latvij\u0101 \u2013 neliel\u0101 darbn\u012bc\u0101, kur svar\u012bga ir katra deta\u013ca. Tie nav konveijera izstr\u0101d\u0101jumi, bet gan ar sirdi rad\u012bts apr\u012bkojums, kas dom\u0101ts gan sunim, gan saimniekam.<\/span><\/p>","protected":false},"featured_media":12941,"comment_status":"closed","ping_status":"closed","template":"","meta":[],"product_brand":[],"product_cat":[47],"product_tag":[],"class_list":{"0":"post-12928","1":"product","2":"type-product","3":"status-publish","4":"has-post-thumbnail","6":"product_cat-pastaigu-aprikojums","8":"first","9":"instock","10":"taxable","11":"shipping-taxable","12":"purchasable","13":"product-type-variable"},"yoast_head":"<!-- This site is optimized with the Yoast SEO plugin v27.5 - https:\/\/yoast.com\/product\/yoast-seo-wordpress\/ -->\n<title>EasyFit anatomiski pareizi - \u016bdensdro\u0161i iemaukti su\u0146iem | MyPerfectDog.lv<\/title>\n<meta name=\"robots\" content=\"index, follow, max-snippet:-1, max-image-preview:large, max-video-preview:-1\" \/>\n<link rel=\"canonical\" href=\"https:\/\/myperfectdog.lv\/en\/product\/easyfit-anatomiski-pareizi-udensdrosi-iemaukti-suniem\/\" \/>\n<meta property=\"og:locale\" content=\"en_GB\" \/>\n<meta property=\"og:type\" content=\"article\" \/>\n<meta property=\"og:title\" content=\"EasyFit anatomiski pareizi - \u016bdensdro\u0161i iemaukti su\u0146iem | MyPerfectDog.lv\" \/>\n<meta property=\"og:description\" content=\"EASYFIT IEMAUKTI: SP\u0112KS, KONTROLE UN STILA KLASIKA \ud83e\uddf5 MAZ\u0100K MET\u0100LA, VAIR\u0100K VIEGLUMA Katra \u0161uve ir p\u0101rdom\u0101ta, ar m\u0113r\u0137i met\u0101la elementus samazin\u0101t l\u012bdz minimumam. Daudzas deta\u013cas ir sa\u0161\u016btas, nevis savienotas ar liekiem savienojumiem, kas padara iemauktus \u012bpa\u0161i vieglus, bet vienlaikus stiprus un uzticamus. T\u0101 m\u0113s nodro\u0161in\u0101m vieglumu un komfortu, nezaud\u0113jot iztur\u012bbu.\u00a0 \ud83d\udccf FORMA, KAS PIEL\u0100GOJAS SU\u0145A ANATOMIJAI EasyFit nav standarta, vienk\u0101r\u0161as konstrukcijas. Tas ir anatomiski pareizs (Y\/H veida) dizains, kas rad\u012bts, lai netrauc\u0113tu plecu kust\u012bbai un nekur neberztu. Pateicoties tam, iemaukti paliek viet\u0101 pat visakt\u012bv\u0101kaj\u0101s kust\u012bb\u0101s, sniedzot sunim piln\u012bgu br\u012bv\u012bbu. Iemaukti ir\u00a0piln\u012bb\u0101 regul\u0113jami tr\u012bs viet\u0101s (kakls, v\u0113ders un viduklis), kas garant\u0113 prec\u012bzu un individu\u0101lu piegul\u0161anu katram sunim. Liel\u0101kiem izm\u0113riem v\u0113dera da\u013ca ir plat\u0101ka, lai nodro\u0161in\u0101tu maksim\u0101lu stabilit\u0101ti, komfortu un dro\u0161\u012bbu. \ud83d\udd12 UZVILK\u0160ANA BEZ STRESA Uzvilk\u0161ana ir tikpat vienk\u0101r\u0161a k\u0101 kakla siksnai, jo vairs nav nepat\u012bkamas vilk\u0161anas p\u0101ri galvai. Kakla da\u013cas spr\u0101dze \u013cauj iemauktus uzvilkt viegli un mier\u012bgi \u2013 to \u012bpa\u0161i nov\u0113rt\u0113s su\u0146i ar liel\u0101m aus\u012bm vai jut\u012bg\u0101ku dabu. Novilk\u0161anai vajag atspr\u0101dz\u0113t visas tr\u012bs spr\u0101dzes, un iemaukti pa\u0161i nokrit\u012bs uz zemes. \ud83c\udf27\ufe0f PASTAIG\u0100M JEBKUROS LAIKAPST\u0100K\u013bOS Lietus, sniegs vai pe\u013c\u0137es \u2013 iemaukti \u0101tri \u017e\u016bst un neuzkr\u0101j smakas. Pietiek ar \u0101tru noskalo\u0161anu, un tie atkal ir gatavi lieto\u0161anai.  Materi\u0101ls un spr\u0101dzes ir gatavas ziemai. Pateicoties speci\u0101lajai, patent\u0113tajai PawTex tehnolo\u0123ijai, materi\u0101ls nek\u013c\u016bs ciets pat sp\u0113c\u012bg\u0101 aukstum\u0101. Tie\u0161i otr\u0101di \u2013 lietojot iemaukti k\u013c\u016bs v\u0113l m\u012bkst\u0101ki, un tiem izv\u0113l\u0113t\u0101s spr\u0101dzes ir \u012bpa\u0161i paredz\u0113tas \u012bpa\u0161i aukstiem laikapst\u0101k\u013ciem. \ud83c\udf1f REDZAMI AR\u012a TUMS\u0100 Atstarojo\u0161ie elementi ir prasm\u012bgi ietverti dizain\u0101 un iestr\u0101d\u0101ti iemauktu roktur\u012b. T\u0101d\u0113j\u0101di tie nav pasl\u0113pti su\u0146a spalv\u0101s, bet ir lieliski paman\u0101mi. T\u0101d\u0113j\u0101di tie nodro\u0161ina papildu dro\u0161\u012bbu, dodoties vakara pastaig\u0101 vai agri no r\u012bta. \ud83c\uddf1\ud83c\uddfb RA\u017dOTI LATVIJ\u0100, AR R\u016aP\u0112M UN ATBILD\u012aBU EasyFit top tepat, Latvij\u0101 \u2013 neliel\u0101 darbn\u012bc\u0101, kur svar\u012bga ir katra deta\u013ca. Tie nav konveijera izstr\u0101d\u0101jumi, bet gan ar sirdi rad\u012bts apr\u012bkojums, kas dom\u0101ts gan sunim, gan saimniekam.\" \/>\n<meta property=\"og:url\" content=\"https:\/\/myperfectdog.lv\/en\/product\/easyfit-anatomiski-pareizi-udensdrosi-iemaukti-suniem\/\" \/>\n<meta property=\"og:site_name\" content=\"MyPerfectDog.lv\" \/>\n<meta property=\"article:modified_time\" content=\"2026-03-19T21:15:40+00:00\" \/>\n<meta property=\"og:image\" content=\"https:\/\/myperfectdog.lv\/wp-content\/uploads\/2025\/11\/EasyFitiemauktimelni1.webp\" \/>\n\t<meta property=\"og:image:width\" content=\"1000\" \/>\n\t<meta property=\"og:image:height\" content=\"1000\" \/>\n\t<meta property=\"og:image:type\" content=\"image\/webp\" \/>\n<meta name=\"twitter:card\" content=\"summary_large_image\" \/>\n<meta name=\"twitter:label1\" content=\"Estimated reading time\" \/>\n\t<meta name=\"twitter:data1\" content=\"2 minutes\" \/>\n<script type=\"application\/ld+json\" class=\"yoast-schema-graph\">{\"@context\":\"https:\\\/\\\/schema.org\",\"@graph\":[{\"@type\":\"WebPage\",\"@id\":\"https:\\\/\\\/myperfectdog.lv\\\/products\\\/easyfit-anatomiski-pareizi-udensdrosi-iemaukti-suniem\\\/\",\"url\":\"https:\\\/\\\/myperfectdog.lv\\\/products\\\/easyfit-anatomiski-pareizi-udensdrosi-iemaukti-suniem\\\/\",\"name\":\"EasyFit anatomiski pareizi - \u016bdensdro\u0161i iemaukti su\u0146iem | MyPerfectDog.lv\",\"isPartOf\":{\"@id\":\"https:\\\/\\\/myperfectdog.lv\\\/#website\"},\"primaryImageOfPage\":{\"@id\":\"https:\\\/\\\/myperfectdog.lv\\\/products\\\/easyfit-anatomiski-pareizi-udensdrosi-iemaukti-suniem\\\/#primaryimage\"},\"image\":{\"@id\":\"https:\\\/\\\/myperfectdog.lv\\\/products\\\/easyfit-anatomiski-pareizi-udensdrosi-iemaukti-suniem\\\/#primaryimage\"},\"thumbnailUrl\":\"https:\\\/\\\/myperfectdog.lv\\\/wp-content\\\/uploads\\\/2025\\\/11\\\/EasyFitiemauktimelni1.webp\",\"datePublished\":\"2025-11-25T08:19:23+00:00\",\"dateModified\":\"2026-03-19T21:15:40+00:00\",\"breadcrumb\":{\"@id\":\"https:\\\/\\\/myperfectdog.lv\\\/products\\\/easyfit-anatomiski-pareizi-udensdrosi-iemaukti-suniem\\\/#breadcrumb\"},\"inLanguage\":\"en-GB\",\"potentialAction\":[{\"@type\":\"ReadAction\",\"target\":[\"https:\\\/\\\/myperfectdog.lv\\\/products\\\/easyfit-anatomiski-pareizi-udensdrosi-iemaukti-suniem\\\/\"]}]},{\"@type\":\"ImageObject\",\"inLanguage\":\"en-GB\",\"@id\":\"https:\\\/\\\/myperfectdog.lv\\\/products\\\/easyfit-anatomiski-pareizi-udensdrosi-iemaukti-suniem\\\/#primaryimage\",\"url\":\"https:\\\/\\\/myperfectdog.lv\\\/wp-content\\\/uploads\\\/2025\\\/11\\\/EasyFitiemauktimelni1.webp\",\"contentUrl\":\"https:\\\/\\\/myperfectdog.lv\\\/wp-content\\\/uploads\\\/2025\\\/11\\\/EasyFitiemauktimelni1.webp\",\"width\":1000,\"height\":1000},{\"@type\":\"BreadcrumbList\",\"@id\":\"https:\\\/\\\/myperfectdog.lv\\\/products\\\/easyfit-anatomiski-pareizi-udensdrosi-iemaukti-suniem\\\/#breadcrumb\",\"itemListElement\":[{\"@type\":\"ListItem\",\"position\":1,\"name\":\"Home\",\"item\":\"https:\\\/\\\/myperfectdog.lv\\\/\"},{\"@type\":\"ListItem\",\"position\":2,\"name\":\"Internetveikals\",\"item\":\"https:\\\/\\\/myperfectdog.lv\\\/internetveikals\\\/\"},{\"@type\":\"ListItem\",\"position\":3,\"name\":\"EasyFit anatomiski pareizi &#8211; \u016bdensdro\u0161i iemaukti su\u0146iem\"}]},{\"@type\":\"WebSite\",\"@id\":\"https:\\\/\\\/myperfectdog.lv\\\/#website\",\"url\":\"https:\\\/\\\/myperfectdog.lv\\\/\",\"name\":\"MyPerfectDog.lv\",\"description\":\"Su\u0146u un saimnieku skola\",\"publisher\":{\"@id\":\"https:\\\/\\\/myperfectdog.lv\\\/#organization\"},\"potentialAction\":[{\"@type\":\"SearchAction\",\"target\":{\"@type\":\"EntryPoint\",\"urlTemplate\":\"https:\\\/\\\/myperfectdog.lv\\\/?s={search_term_string}\"},\"query-input\":{\"@type\":\"PropertyValueSpecification\",\"valueRequired\":true,\"valueName\":\"search_term_string\"}}],\"inLanguage\":\"en-GB\"},{\"@type\":\"Organization\",\"@id\":\"https:\\\/\\\/myperfectdog.lv\\\/#organization\",\"name\":\"Su\u0146u & saimnieku skola \\\"My Perfect Dog\\\"\",\"url\":\"https:\\\/\\\/myperfectdog.lv\\\/\",\"logo\":{\"@type\":\"ImageObject\",\"inLanguage\":\"en-GB\",\"@id\":\"https:\\\/\\\/myperfectdog.lv\\\/#\\\/schema\\\/logo\\\/image\\\/\",\"url\":\"https:\\\/\\\/myperfectdog.lv\\\/wp-content\\\/uploads\\\/2020\\\/10\\\/MyPerfectDog-New-logo_peach_plakans.png\",\"contentUrl\":\"https:\\\/\\\/myperfectdog.lv\\\/wp-content\\\/uploads\\\/2020\\\/10\\\/MyPerfectDog-New-logo_peach_plakans.png\",\"width\":1200,\"height\":636,\"caption\":\"Su\u0146u & saimnieku skola \\\"My Perfect Dog\\\"\"},\"image\":{\"@id\":\"https:\\\/\\\/myperfectdog.lv\\\/#\\\/schema\\\/logo\\\/image\\\/\"}}]}<\/script>\n<!-- \/ Yoast SEO plugin. -->","yoast_head_json":{"title":"EasyFit anatomiski pareizi - \u016bdensdro\u0161i iemaukti su\u0146iem | MyPerfectDog.lv","robots":{"index":"index","follow":"follow","max-snippet":"max-snippet:-1","max-image-preview":"max-image-preview:large","max-video-preview":"max-video-preview:-1"},"canonical":"https:\/\/myperfectdog.lv\/en\/product\/easyfit-anatomiski-pareizi-udensdrosi-iemaukti-suniem\/","og_locale":"en_GB","og_type":"article","og_title":"EasyFit anatomiski pareizi - \u016bdensdro\u0161i iemaukti su\u0146iem | MyPerfectDog.lv","og_description":"EASYFIT IEMAUKTI: SP\u0112KS, KONTROLE UN STILA KLASIKA \ud83e\uddf5 MAZ\u0100K MET\u0100LA, VAIR\u0100K VIEGLUMA Katra \u0161uve ir p\u0101rdom\u0101ta, ar m\u0113r\u0137i met\u0101la elementus samazin\u0101t l\u012bdz minimumam. Daudzas deta\u013cas ir sa\u0161\u016btas, nevis savienotas ar liekiem savienojumiem, kas padara iemauktus \u012bpa\u0161i vieglus, bet vienlaikus stiprus un uzticamus. T\u0101 m\u0113s nodro\u0161in\u0101m vieglumu un komfortu, nezaud\u0113jot iztur\u012bbu.\u00a0 \ud83d\udccf FORMA, KAS PIEL\u0100GOJAS SU\u0145A ANATOMIJAI EasyFit nav standarta, vienk\u0101r\u0161as konstrukcijas. Tas ir anatomiski pareizs (Y\/H veida) dizains, kas rad\u012bts, lai netrauc\u0113tu plecu kust\u012bbai un nekur neberztu. Pateicoties tam, iemaukti paliek viet\u0101 pat visakt\u012bv\u0101kaj\u0101s kust\u012bb\u0101s, sniedzot sunim piln\u012bgu br\u012bv\u012bbu. Iemaukti ir\u00a0piln\u012bb\u0101 regul\u0113jami tr\u012bs viet\u0101s (kakls, v\u0113ders un viduklis), kas garant\u0113 prec\u012bzu un individu\u0101lu piegul\u0161anu katram sunim. Liel\u0101kiem izm\u0113riem v\u0113dera da\u013ca ir plat\u0101ka, lai nodro\u0161in\u0101tu maksim\u0101lu stabilit\u0101ti, komfortu un dro\u0161\u012bbu. \ud83d\udd12 UZVILK\u0160ANA BEZ STRESA Uzvilk\u0161ana ir tikpat vienk\u0101r\u0161a k\u0101 kakla siksnai, jo vairs nav nepat\u012bkamas vilk\u0161anas p\u0101ri galvai. Kakla da\u013cas spr\u0101dze \u013cauj iemauktus uzvilkt viegli un mier\u012bgi \u2013 to \u012bpa\u0161i nov\u0113rt\u0113s su\u0146i ar liel\u0101m aus\u012bm vai jut\u012bg\u0101ku dabu. Novilk\u0161anai vajag atspr\u0101dz\u0113t visas tr\u012bs spr\u0101dzes, un iemaukti pa\u0161i nokrit\u012bs uz zemes. \ud83c\udf27\ufe0f PASTAIG\u0100M JEBKUROS LAIKAPST\u0100K\u013bOS Lietus, sniegs vai pe\u013c\u0137es \u2013 iemaukti \u0101tri \u017e\u016bst un neuzkr\u0101j smakas. Pietiek ar \u0101tru noskalo\u0161anu, un tie atkal ir gatavi lieto\u0161anai.  Materi\u0101ls un spr\u0101dzes ir gatavas ziemai. Pateicoties speci\u0101lajai, patent\u0113tajai PawTex tehnolo\u0123ijai, materi\u0101ls nek\u013c\u016bs ciets pat sp\u0113c\u012bg\u0101 aukstum\u0101. Tie\u0161i otr\u0101di \u2013 lietojot iemaukti k\u013c\u016bs v\u0113l m\u012bkst\u0101ki, un tiem izv\u0113l\u0113t\u0101s spr\u0101dzes ir \u012bpa\u0161i paredz\u0113tas \u012bpa\u0161i aukstiem laikapst\u0101k\u013ciem. \ud83c\udf1f REDZAMI AR\u012a TUMS\u0100 Atstarojo\u0161ie elementi ir prasm\u012bgi ietverti dizain\u0101 un iestr\u0101d\u0101ti iemauktu roktur\u012b. T\u0101d\u0113j\u0101di tie nav pasl\u0113pti su\u0146a spalv\u0101s, bet ir lieliski paman\u0101mi. T\u0101d\u0113j\u0101di tie nodro\u0161ina papildu dro\u0161\u012bbu, dodoties vakara pastaig\u0101 vai agri no r\u012bta. \ud83c\uddf1\ud83c\uddfb RA\u017dOTI LATVIJ\u0100, AR R\u016aP\u0112M UN ATBILD\u012aBU EasyFit top tepat, Latvij\u0101 \u2013 neliel\u0101 darbn\u012bc\u0101, kur svar\u012bga ir katra deta\u013ca. Tie nav konveijera izstr\u0101d\u0101jumi, bet gan ar sirdi rad\u012bts apr\u012bkojums, kas dom\u0101ts gan sunim, gan saimniekam.","og_url":"https:\/\/myperfectdog.lv\/en\/product\/easyfit-anatomiski-pareizi-udensdrosi-iemaukti-suniem\/","og_site_name":"MyPerfectDog.lv","article_modified_time":"2026-03-19T21:15:40+00:00","og_image":[{"width":1000,"height":1000,"url":"https:\/\/myperfectdog.lv\/wp-content\/uploads\/2025\/11\/EasyFitiemauktimelni1.webp","type":"image\/webp"}],"twitter_card":"summary_large_image","twitter_misc":{"Estimated reading time":"2 minutes"},"schema":{"@context":"https:\/\/schema.org","@graph":[{"@type":"WebPage","@id":"https:\/\/myperfectdog.lv\/products\/easyfit-anatomiski-pareizi-udensdrosi-iemaukti-suniem\/","url":"https:\/\/myperfectdog.lv\/products\/easyfit-anatomiski-pareizi-udensdrosi-iemaukti-suniem\/","name":"EasyFit anatomiski pareizi - \u016bdensdro\u0161i iemaukti su\u0146iem | MyPerfectDog.lv","isPartOf":{"@id":"https:\/\/myperfectdog.lv\/#website"},"primaryImageOfPage":{"@id":"https:\/\/myperfectdog.lv\/products\/easyfit-anatomiski-pareizi-udensdrosi-iemaukti-suniem\/#primaryimage"},"image":{"@id":"https:\/\/myperfectdog.lv\/products\/easyfit-anatomiski-pareizi-udensdrosi-iemaukti-suniem\/#primaryimage"},"thumbnailUrl":"https:\/\/myperfectdog.lv\/wp-content\/uploads\/2025\/11\/EasyFitiemauktimelni1.webp","datePublished":"2025-11-25T08:19:23+00:00","dateModified":"2026-03-19T21:15:40+00:00","breadcrumb":{"@id":"https:\/\/myperfectdog.lv\/products\/easyfit-anatomiski-pareizi-udensdrosi-iemaukti-suniem\/#breadcrumb"},"inLanguage":"en-GB","potentialAction":[{"@type":"ReadAction","target":["https:\/\/myperfectdog.lv\/products\/easyfit-anatomiski-pareizi-udensdrosi-iemaukti-suniem\/"]}]},{"@type":"ImageObject","inLanguage":"en-GB","@id":"https:\/\/myperfectdog.lv\/products\/easyfit-anatomiski-pareizi-udensdrosi-iemaukti-suniem\/#primaryimage","url":"https:\/\/myperfectdog.lv\/wp-content\/uploads\/2025\/11\/EasyFitiemauktimelni1.webp","contentUrl":"https:\/\/myperfectdog.lv\/wp-content\/uploads\/2025\/11\/EasyFitiemauktimelni1.webp","width":1000,"height":1000},{"@type":"BreadcrumbList","@id":"https:\/\/myperfectdog.lv\/products\/easyfit-anatomiski-pareizi-udensdrosi-iemaukti-suniem\/#breadcrumb","itemListElement":[{"@type":"ListItem","position":1,"name":"Home","item":"https:\/\/myperfectdog.lv\/"},{"@type":"ListItem","position":2,"name":"Internetveikals","item":"https:\/\/myperfectdog.lv\/internetveikals\/"},{"@type":"ListItem","position":3,"name":"EasyFit anatomiski pareizi &#8211; \u016bdensdro\u0161i iemaukti su\u0146iem"}]},{"@type":"WebSite","@id":"https:\/\/myperfectdog.lv\/#website","url":"https:\/\/myperfectdog.lv\/","name":"MyPerfectDog.lv","description":"Su\u0146u un saimnieku skola","publisher":{"@id":"https:\/\/myperfectdog.lv\/#organization"},"potentialAction":[{"@type":"SearchAction","target":{"@type":"EntryPoint","urlTemplate":"https:\/\/myperfectdog.lv\/?s={search_term_string}"},"query-input":{"@type":"PropertyValueSpecification","valueRequired":true,"valueName":"search_term_string"}}],"inLanguage":"en-GB"},{"@type":"Organization","@id":"https:\/\/myperfectdog.lv\/#organization","name":"Su\u0146u & saimnieku skola \"My Perfect Dog\"","url":"https:\/\/myperfectdog.lv\/","logo":{"@type":"ImageObject","inLanguage":"en-GB","@id":"https:\/\/myperfectdog.lv\/#\/schema\/logo\/image\/","url":"https:\/\/myperfectdog.lv\/wp-content\/uploads\/2020\/10\/MyPerfectDog-New-logo_peach_plakans.png","contentUrl":"https:\/\/myperfectdog.lv\/wp-content\/uploads\/2020\/10\/MyPerfectDog-New-logo_peach_plakans.png","width":1200,"height":636,"caption":"Su\u0146u & saimnieku skola \"My Perfect Dog\""},"image":{"@id":"https:\/\/myperfectdog.lv\/#\/schema\/logo\/image\/"}}]}},"jetpack_sharing_enabled":true,"_links":{"self":[{"href":"https:\/\/myperfectdog.lv\/en\/wp-json\/wp\/v2\/product\/12928","targetHints":{"allow":["GET"]}}],"collection":[{"href":"https:\/\/myperfectdog.lv\/en\/wp-json\/wp\/v2\/product"}],"about":[{"href":"https:\/\/myperfectdog.lv\/en\/wp-json\/wp\/v2\/types\/product"}],"replies":[{"embeddable":true,"href":"https:\/\/myperfectdog.lv\/en\/wp-json\/wp\/v2\/comments?post=12928"}],"wp:featuredmedia":[{"embeddable":true,"href":"https:\/\/myperfectdog.lv\/en\/wp-json\/wp\/v2\/media\/12941"}],"wp:attachment":[{"href":"https:\/\/myperfectdog.lv\/en\/wp-json\/wp\/v2\/media?parent=12928"}],"wp:term":[{"taxonomy":"product_brand","embeddable":true,"href":"https:\/\/myperfectdog.lv\/en\/wp-json\/wp\/v2\/product_brand?post=12928"},{"taxonomy":"product_cat","embeddable":true,"href":"https:\/\/myperfectdog.lv\/en\/wp-json\/wp\/v2\/product_cat?post=12928"},{"taxonomy":"product_tag","embeddable":true,"href":"https:\/\/myperfectdog.lv\/en\/wp-json\/wp\/v2\/product_tag?post=12928"}],"curies":[{"name":"wp","href":"https:\/\/api.w.org\/{rel}","templated":true}]}}