{"id":13904,"date":"2025-12-15T03:48:45","date_gmt":"2025-12-15T01:48:45","guid":{"rendered":"https:\/\/myperfectdog.lv\/?post_type=product&#038;p=13904"},"modified":"2025-12-15T03:48:45","modified_gmt":"2025-12-15T01:48:45","slug":"outward-hound-lil-snoop-rotallieta-suniem","status":"publish","type":"product","link":"https:\/\/myperfectdog.lv\/en\/product\/outward-hound-lil-snoop-rotallieta-suniem\/","title":{"rendered":"OUTWARD HOUND Lil Snoop rota\u013clieta su\u0146iem"},"content":{"rendered":"<p>Vair\u0101kk\u0101rt godalgot\u0101 Planet Dog Orbee-Tuff Snoop no Petstages izaicina j\u016bsu su\u0146a smadzenes jautr\u0101 un stimul\u0113jo\u0161\u0101 veid\u0101! \u0160\u012b interakt\u012bv\u0101 su\u0146u puzles rota\u013clieta ir lieliski piem\u0113rota garlaikotiem m\u012blu\u013ciem, kuriem nepiecie\u0161ama atalgojo\u0161a pr\u0101ta sp\u0113le vai lai veicin\u0101tu l\u0113n\u0101kus \u0113\u0161anas paradumus tiem, kas \u0101tri \u0113d. Snoop ir caursp\u012bd\u012bga un m\u012bksta ar dzi\u013cu spraugu, kur pasl\u0113pt k\u0101rumus. Pirms sp\u0113les atveriet, izvelkot iek\u0161\u0113jo malu, piepildiet ar gardumiem un ielociet malu atpaka\u013c! \u0160\u012b interakt\u012bv\u0101 puzles rota\u013clieta ir izgatavota no Orbee-Tuff TPE materi\u0101la, kas nesatur BPA, svinu un ftal\u0101tus. Su\u0146iem, kuriem nepiecie\u0161ama augst\u0101ka gr\u016bt\u012bbas pak\u0101pe, ievietojiet jebkuru 2,5 collu Orbee Nook, lai nodro\u0161in\u0101tu ilgsto\u0161u jautr\u012bbu!<\/p>\n<p>T\u012br\u012b\u0161ana ir vienk\u0101r\u0161a un \u0101tra: piepildiet bumbu ar siltu \u016bdeni un maig\u0101m ziep\u0113m, sakratiet, izskalojiet un iz\u017e\u0101v\u0113jiet. \u0160\u012b rota\u013clieta ir paredz\u0113ta rota\u013c\u0101m uzraudz\u012bb\u0101, un t\u0101 nav ko\u0161\u013c\u0101jam\u0101 rota\u013clieta.<\/p>\n<p>&nbsp;<\/p>","protected":false},"excerpt":{"rendered":"<p>INTERAKT\u012aVA K\u0100RUMU ROTA\u013bLIETA: Orbee-Tuff Snoop rota\u013clieta nodarbin\u0101s j\u016bsu kuc\u0113nu, liekot ost\u012bt, aiztikt ar \u0137ep\u0101m un rota\u013c\u0101ties, lai ieg\u016btu gar\u0161\u012bgu k\u0101rumu!<br \/>\nAR PIPARM\u0112TRAS AROM\u0100TU: Orbee-Tuff TPE materi\u0101ls nesatur BPA, svinu un ftal\u0101tus un ir pies\u016bcin\u0101ts ar piparm\u0113tru e\u013c\u013cu, lai sp\u0113l\u0113joties j\u016bsu su\u0146a elpa b\u016btu svaiga!<br \/>\nVEICINA L\u0112NU \u0112\u0160ANU: Lieliski piem\u0113rota su\u0146iem, kuri p\u0101r\u0101k \u0101tri ap\u0113d savus gardumus. No Orbee-Tuff Snoop k\u0101rumus var izdab\u016bt l\u0113n\u0101k, kas ir lab\u0101ks gremo\u0161anai.<br \/>\nPAAUGSTINIET GR\u016aT\u012aBU AR ORBEE NOOK BUMBU: gudriem kuc\u0113niem, kuriem nepiecie\u0161ams palielin\u0101t jautr\u012bbas devu, izmantojiet Orbee Nook bumbu. Papildu izaicin\u0101jumam ievietojiet to Snoop!<br \/>\nSP\u0112L\u0112JIETIES DRO\u0160I: Neviena rota\u013clieta nav neizn\u012bcin\u0101ma. Neatst\u0101jiet rota\u013clietas ar m\u0101jdz\u012bvniekiem bez uzraudz\u012bbas. No\u0146emiet un nomainiet rota\u013clietu, ja t\u0101 ir boj\u0101ta.<\/p>","protected":false},"featured_media":13905,"comment_status":"closed","ping_status":"closed","template":"","meta":[],"product_brand":[],"product_cat":[41,48],"product_tag":[],"class_list":{"0":"post-13904","1":"product","2":"type-product","3":"status-publish","4":"has-post-thumbnail","6":"product_cat-speles-suniem","7":"product_cat-suna-mieram","9":"first","10":"instock","11":"taxable","12":"shipping-taxable","13":"purchasable","14":"product-type-variable"},"yoast_head":"<!-- This site is optimized with the Yoast SEO plugin v27.5 - https:\/\/yoast.com\/product\/yoast-seo-wordpress\/ -->\n<title>OUTWARD HOUND Lil Snoop rota\u013clieta su\u0146iem | MyPerfectDog.lv<\/title>\n<meta name=\"robots\" content=\"index, follow, max-snippet:-1, max-image-preview:large, max-video-preview:-1\" \/>\n<link rel=\"canonical\" href=\"https:\/\/myperfectdog.lv\/en\/product\/outward-hound-lil-snoop-rotallieta-suniem\/\" \/>\n<meta property=\"og:locale\" content=\"en_GB\" \/>\n<meta property=\"og:type\" content=\"article\" \/>\n<meta property=\"og:title\" content=\"OUTWARD HOUND Lil Snoop rota\u013clieta su\u0146iem | MyPerfectDog.lv\" \/>\n<meta property=\"og:description\" content=\"INTERAKT\u012aVA K\u0100RUMU ROTA\u013bLIETA: Orbee-Tuff Snoop rota\u013clieta nodarbin\u0101s j\u016bsu kuc\u0113nu, liekot ost\u012bt, aiztikt ar \u0137ep\u0101m un rota\u013c\u0101ties, lai ieg\u016btu gar\u0161\u012bgu k\u0101rumu! AR PIPARM\u0112TRAS AROM\u0100TU: Orbee-Tuff TPE materi\u0101ls nesatur BPA, svinu un ftal\u0101tus un ir pies\u016bcin\u0101ts ar piparm\u0113tru e\u013c\u013cu, lai sp\u0113l\u0113joties j\u016bsu su\u0146a elpa b\u016btu svaiga! VEICINA L\u0112NU \u0112\u0160ANU: Lieliski piem\u0113rota su\u0146iem, kuri p\u0101r\u0101k \u0101tri ap\u0113d savus gardumus. No Orbee-Tuff Snoop k\u0101rumus var izdab\u016bt l\u0113n\u0101k, kas ir lab\u0101ks gremo\u0161anai. PAAUGSTINIET GR\u016aT\u012aBU AR ORBEE NOOK BUMBU: gudriem kuc\u0113niem, kuriem nepiecie\u0161ams palielin\u0101t jautr\u012bbas devu, izmantojiet Orbee Nook bumbu. Papildu izaicin\u0101jumam ievietojiet to Snoop! SP\u0112L\u0112JIETIES DRO\u0160I: Neviena rota\u013clieta nav neizn\u012bcin\u0101ma. Neatst\u0101jiet rota\u013clietas ar m\u0101jdz\u012bvniekiem bez uzraudz\u012bbas. No\u0146emiet un nomainiet rota\u013clietu, ja t\u0101 ir boj\u0101ta.\" \/>\n<meta property=\"og:url\" content=\"https:\/\/myperfectdog.lv\/en\/product\/outward-hound-lil-snoop-rotallieta-suniem\/\" \/>\n<meta property=\"og:site_name\" content=\"MyPerfectDog.lv\" \/>\n<meta property=\"og:image\" content=\"https:\/\/myperfectdog.lv\/wp-content\/uploads\/2025\/12\/68744_PlanetDog_Snoop_Org_PDP5_copy-53ee5e4f231bb6043ba6693710026693.jpg\" \/>\n\t<meta property=\"og:image:width\" content=\"958\" \/>\n\t<meta property=\"og:image:height\" content=\"837\" \/>\n\t<meta property=\"og:image:type\" content=\"image\/jpeg\" \/>\n<meta name=\"twitter:card\" content=\"summary_large_image\" \/>\n<meta name=\"twitter:label1\" content=\"Estimated reading time\" \/>\n\t<meta name=\"twitter:data1\" content=\"1 minute\" \/>\n<script type=\"application\/ld+json\" class=\"yoast-schema-graph\">{\"@context\":\"https:\\\/\\\/schema.org\",\"@graph\":[{\"@type\":\"WebPage\",\"@id\":\"https:\\\/\\\/myperfectdog.lv\\\/products\\\/outward-hound-lil-snoop-rotallieta-suniem\\\/\",\"url\":\"https:\\\/\\\/myperfectdog.lv\\\/products\\\/outward-hound-lil-snoop-rotallieta-suniem\\\/\",\"name\":\"OUTWARD HOUND Lil Snoop rota\u013clieta su\u0146iem | MyPerfectDog.lv\",\"isPartOf\":{\"@id\":\"https:\\\/\\\/myperfectdog.lv\\\/#website\"},\"primaryImageOfPage\":{\"@id\":\"https:\\\/\\\/myperfectdog.lv\\\/products\\\/outward-hound-lil-snoop-rotallieta-suniem\\\/#primaryimage\"},\"image\":{\"@id\":\"https:\\\/\\\/myperfectdog.lv\\\/products\\\/outward-hound-lil-snoop-rotallieta-suniem\\\/#primaryimage\"},\"thumbnailUrl\":\"https:\\\/\\\/myperfectdog.lv\\\/wp-content\\\/uploads\\\/2025\\\/12\\\/68744_PlanetDog_Snoop_Org_PDP5_copy-53ee5e4f231bb6043ba6693710026693.jpg\",\"datePublished\":\"2025-12-15T01:48:45+00:00\",\"breadcrumb\":{\"@id\":\"https:\\\/\\\/myperfectdog.lv\\\/products\\\/outward-hound-lil-snoop-rotallieta-suniem\\\/#breadcrumb\"},\"inLanguage\":\"en-GB\",\"potentialAction\":[{\"@type\":\"ReadAction\",\"target\":[\"https:\\\/\\\/myperfectdog.lv\\\/products\\\/outward-hound-lil-snoop-rotallieta-suniem\\\/\"]}]},{\"@type\":\"ImageObject\",\"inLanguage\":\"en-GB\",\"@id\":\"https:\\\/\\\/myperfectdog.lv\\\/products\\\/outward-hound-lil-snoop-rotallieta-suniem\\\/#primaryimage\",\"url\":\"https:\\\/\\\/myperfectdog.lv\\\/wp-content\\\/uploads\\\/2025\\\/12\\\/68744_PlanetDog_Snoop_Org_PDP5_copy-53ee5e4f231bb6043ba6693710026693.jpg\",\"contentUrl\":\"https:\\\/\\\/myperfectdog.lv\\\/wp-content\\\/uploads\\\/2025\\\/12\\\/68744_PlanetDog_Snoop_Org_PDP5_copy-53ee5e4f231bb6043ba6693710026693.jpg\",\"width\":958,\"height\":837},{\"@type\":\"BreadcrumbList\",\"@id\":\"https:\\\/\\\/myperfectdog.lv\\\/products\\\/outward-hound-lil-snoop-rotallieta-suniem\\\/#breadcrumb\",\"itemListElement\":[{\"@type\":\"ListItem\",\"position\":1,\"name\":\"Home\",\"item\":\"https:\\\/\\\/myperfectdog.lv\\\/\"},{\"@type\":\"ListItem\",\"position\":2,\"name\":\"Internetveikals\",\"item\":\"https:\\\/\\\/myperfectdog.lv\\\/internetveikals\\\/\"},{\"@type\":\"ListItem\",\"position\":3,\"name\":\"OUTWARD HOUND Lil Snoop rota\u013clieta su\u0146iem\"}]},{\"@type\":\"WebSite\",\"@id\":\"https:\\\/\\\/myperfectdog.lv\\\/#website\",\"url\":\"https:\\\/\\\/myperfectdog.lv\\\/\",\"name\":\"MyPerfectDog.lv\",\"description\":\"Su\u0146u un saimnieku skola\",\"publisher\":{\"@id\":\"https:\\\/\\\/myperfectdog.lv\\\/#organization\"},\"potentialAction\":[{\"@type\":\"SearchAction\",\"target\":{\"@type\":\"EntryPoint\",\"urlTemplate\":\"https:\\\/\\\/myperfectdog.lv\\\/?s={search_term_string}\"},\"query-input\":{\"@type\":\"PropertyValueSpecification\",\"valueRequired\":true,\"valueName\":\"search_term_string\"}}],\"inLanguage\":\"en-GB\"},{\"@type\":\"Organization\",\"@id\":\"https:\\\/\\\/myperfectdog.lv\\\/#organization\",\"name\":\"Su\u0146u & saimnieku skola \\\"My Perfect Dog\\\"\",\"url\":\"https:\\\/\\\/myperfectdog.lv\\\/\",\"logo\":{\"@type\":\"ImageObject\",\"inLanguage\":\"en-GB\",\"@id\":\"https:\\\/\\\/myperfectdog.lv\\\/#\\\/schema\\\/logo\\\/image\\\/\",\"url\":\"https:\\\/\\\/myperfectdog.lv\\\/wp-content\\\/uploads\\\/2020\\\/10\\\/MyPerfectDog-New-logo_peach_plakans.png\",\"contentUrl\":\"https:\\\/\\\/myperfectdog.lv\\\/wp-content\\\/uploads\\\/2020\\\/10\\\/MyPerfectDog-New-logo_peach_plakans.png\",\"width\":1200,\"height\":636,\"caption\":\"Su\u0146u & saimnieku skola \\\"My Perfect Dog\\\"\"},\"image\":{\"@id\":\"https:\\\/\\\/myperfectdog.lv\\\/#\\\/schema\\\/logo\\\/image\\\/\"}}]}<\/script>\n<!-- \/ Yoast SEO plugin. -->","yoast_head_json":{"title":"OUTWARD HOUND Lil Snoop rota\u013clieta su\u0146iem | MyPerfectDog.lv","robots":{"index":"index","follow":"follow","max-snippet":"max-snippet:-1","max-image-preview":"max-image-preview:large","max-video-preview":"max-video-preview:-1"},"canonical":"https:\/\/myperfectdog.lv\/en\/product\/outward-hound-lil-snoop-rotallieta-suniem\/","og_locale":"en_GB","og_type":"article","og_title":"OUTWARD HOUND Lil Snoop rota\u013clieta su\u0146iem | MyPerfectDog.lv","og_description":"INTERAKT\u012aVA K\u0100RUMU ROTA\u013bLIETA: Orbee-Tuff Snoop rota\u013clieta nodarbin\u0101s j\u016bsu kuc\u0113nu, liekot ost\u012bt, aiztikt ar \u0137ep\u0101m un rota\u013c\u0101ties, lai ieg\u016btu gar\u0161\u012bgu k\u0101rumu! AR PIPARM\u0112TRAS AROM\u0100TU: Orbee-Tuff TPE materi\u0101ls nesatur BPA, svinu un ftal\u0101tus un ir pies\u016bcin\u0101ts ar piparm\u0113tru e\u013c\u013cu, lai sp\u0113l\u0113joties j\u016bsu su\u0146a elpa b\u016btu svaiga! VEICINA L\u0112NU \u0112\u0160ANU: Lieliski piem\u0113rota su\u0146iem, kuri p\u0101r\u0101k \u0101tri ap\u0113d savus gardumus. No Orbee-Tuff Snoop k\u0101rumus var izdab\u016bt l\u0113n\u0101k, kas ir lab\u0101ks gremo\u0161anai. PAAUGSTINIET GR\u016aT\u012aBU AR ORBEE NOOK BUMBU: gudriem kuc\u0113niem, kuriem nepiecie\u0161ams palielin\u0101t jautr\u012bbas devu, izmantojiet Orbee Nook bumbu. Papildu izaicin\u0101jumam ievietojiet to Snoop! SP\u0112L\u0112JIETIES DRO\u0160I: Neviena rota\u013clieta nav neizn\u012bcin\u0101ma. Neatst\u0101jiet rota\u013clietas ar m\u0101jdz\u012bvniekiem bez uzraudz\u012bbas. No\u0146emiet un nomainiet rota\u013clietu, ja t\u0101 ir boj\u0101ta.","og_url":"https:\/\/myperfectdog.lv\/en\/product\/outward-hound-lil-snoop-rotallieta-suniem\/","og_site_name":"MyPerfectDog.lv","og_image":[{"width":958,"height":837,"url":"https:\/\/myperfectdog.lv\/wp-content\/uploads\/2025\/12\/68744_PlanetDog_Snoop_Org_PDP5_copy-53ee5e4f231bb6043ba6693710026693.jpg","type":"image\/jpeg"}],"twitter_card":"summary_large_image","twitter_misc":{"Estimated reading time":"1 minute"},"schema":{"@context":"https:\/\/schema.org","@graph":[{"@type":"WebPage","@id":"https:\/\/myperfectdog.lv\/products\/outward-hound-lil-snoop-rotallieta-suniem\/","url":"https:\/\/myperfectdog.lv\/products\/outward-hound-lil-snoop-rotallieta-suniem\/","name":"OUTWARD HOUND Lil Snoop rota\u013clieta su\u0146iem | MyPerfectDog.lv","isPartOf":{"@id":"https:\/\/myperfectdog.lv\/#website"},"primaryImageOfPage":{"@id":"https:\/\/myperfectdog.lv\/products\/outward-hound-lil-snoop-rotallieta-suniem\/#primaryimage"},"image":{"@id":"https:\/\/myperfectdog.lv\/products\/outward-hound-lil-snoop-rotallieta-suniem\/#primaryimage"},"thumbnailUrl":"https:\/\/myperfectdog.lv\/wp-content\/uploads\/2025\/12\/68744_PlanetDog_Snoop_Org_PDP5_copy-53ee5e4f231bb6043ba6693710026693.jpg","datePublished":"2025-12-15T01:48:45+00:00","breadcrumb":{"@id":"https:\/\/myperfectdog.lv\/products\/outward-hound-lil-snoop-rotallieta-suniem\/#breadcrumb"},"inLanguage":"en-GB","potentialAction":[{"@type":"ReadAction","target":["https:\/\/myperfectdog.lv\/products\/outward-hound-lil-snoop-rotallieta-suniem\/"]}]},{"@type":"ImageObject","inLanguage":"en-GB","@id":"https:\/\/myperfectdog.lv\/products\/outward-hound-lil-snoop-rotallieta-suniem\/#primaryimage","url":"https:\/\/myperfectdog.lv\/wp-content\/uploads\/2025\/12\/68744_PlanetDog_Snoop_Org_PDP5_copy-53ee5e4f231bb6043ba6693710026693.jpg","contentUrl":"https:\/\/myperfectdog.lv\/wp-content\/uploads\/2025\/12\/68744_PlanetDog_Snoop_Org_PDP5_copy-53ee5e4f231bb6043ba6693710026693.jpg","width":958,"height":837},{"@type":"BreadcrumbList","@id":"https:\/\/myperfectdog.lv\/products\/outward-hound-lil-snoop-rotallieta-suniem\/#breadcrumb","itemListElement":[{"@type":"ListItem","position":1,"name":"Home","item":"https:\/\/myperfectdog.lv\/"},{"@type":"ListItem","position":2,"name":"Internetveikals","item":"https:\/\/myperfectdog.lv\/internetveikals\/"},{"@type":"ListItem","position":3,"name":"OUTWARD HOUND Lil Snoop rota\u013clieta su\u0146iem"}]},{"@type":"WebSite","@id":"https:\/\/myperfectdog.lv\/#website","url":"https:\/\/myperfectdog.lv\/","name":"MyPerfectDog.lv","description":"Su\u0146u un saimnieku skola","publisher":{"@id":"https:\/\/myperfectdog.lv\/#organization"},"potentialAction":[{"@type":"SearchAction","target":{"@type":"EntryPoint","urlTemplate":"https:\/\/myperfectdog.lv\/?s={search_term_string}"},"query-input":{"@type":"PropertyValueSpecification","valueRequired":true,"valueName":"search_term_string"}}],"inLanguage":"en-GB"},{"@type":"Organization","@id":"https:\/\/myperfectdog.lv\/#organization","name":"Su\u0146u & saimnieku skola \"My Perfect Dog\"","url":"https:\/\/myperfectdog.lv\/","logo":{"@type":"ImageObject","inLanguage":"en-GB","@id":"https:\/\/myperfectdog.lv\/#\/schema\/logo\/image\/","url":"https:\/\/myperfectdog.lv\/wp-content\/uploads\/2020\/10\/MyPerfectDog-New-logo_peach_plakans.png","contentUrl":"https:\/\/myperfectdog.lv\/wp-content\/uploads\/2020\/10\/MyPerfectDog-New-logo_peach_plakans.png","width":1200,"height":636,"caption":"Su\u0146u & saimnieku skola \"My Perfect Dog\""},"image":{"@id":"https:\/\/myperfectdog.lv\/#\/schema\/logo\/image\/"}}]}},"jetpack_sharing_enabled":true,"_links":{"self":[{"href":"https:\/\/myperfectdog.lv\/en\/wp-json\/wp\/v2\/product\/13904","targetHints":{"allow":["GET"]}}],"collection":[{"href":"https:\/\/myperfectdog.lv\/en\/wp-json\/wp\/v2\/product"}],"about":[{"href":"https:\/\/myperfectdog.lv\/en\/wp-json\/wp\/v2\/types\/product"}],"replies":[{"embeddable":true,"href":"https:\/\/myperfectdog.lv\/en\/wp-json\/wp\/v2\/comments?post=13904"}],"wp:featuredmedia":[{"embeddable":true,"href":"https:\/\/myperfectdog.lv\/en\/wp-json\/wp\/v2\/media\/13905"}],"wp:attachment":[{"href":"https:\/\/myperfectdog.lv\/en\/wp-json\/wp\/v2\/media?parent=13904"}],"wp:term":[{"taxonomy":"product_brand","embeddable":true,"href":"https:\/\/myperfectdog.lv\/en\/wp-json\/wp\/v2\/product_brand?post=13904"},{"taxonomy":"product_cat","embeddable":true,"href":"https:\/\/myperfectdog.lv\/en\/wp-json\/wp\/v2\/product_cat?post=13904"},{"taxonomy":"product_tag","embeddable":true,"href":"https:\/\/myperfectdog.lv\/en\/wp-json\/wp\/v2\/product_tag?post=13904"}],"curies":[{"name":"wp","href":"https:\/\/api.w.org\/{rel}","templated":true}]}}