{"id":13911,"date":"2025-12-15T03:56:46","date_gmt":"2025-12-15T01:56:46","guid":{"rendered":"https:\/\/myperfectdog.lv\/?post_type=product&#038;p=13911"},"modified":"2025-12-15T05:03:33","modified_gmt":"2025-12-15T03:03:33","slug":"outward-hound-sunu-rotallieta-hide-a-squirrel-ar-pikstosam-vaverem","status":"publish","type":"product","link":"https:\/\/myperfectdog.lv\/en\/product\/outward-hound-sunu-rotallieta-hide-a-squirrel-ar-pikstosam-vaverem\/","title":{"rendered":"Outward Hound su\u0146u rota\u013clieta HIDE A SQUIRREL\/RACCON ar p\u012bksto\u0161\u0101m v\u0101ver\u0113m"},"content":{"rendered":"<p>&nbsp;<\/p>\n<ul>\n<li><b>PASL\u0112P UN P\u012aKST:\u00a0<\/b>maz\u0101 Hide A Squirrel su\u0146u puzle ir vienk\u0101r\u0161s veids, k\u0101 stund\u0101m ilgi nodarbin\u0101t mazus su\u0146us un kuc\u0113nus! Piepildiet koka stumbru ar 3 p\u012bksto\u0161\u0101m v\u0101ver\u0113m, pametiet to un \u013caujiet darboties su\u0146a dabiskajiem med\u012bbu instinktiem!<\/li>\n<li><b>2-IN-1 INTERAKT\u012aVA ROTA\u013bA:\u00a0<\/b>Pametiet ar v\u0101ver\u0113m pild\u012bto stumbru, novietojiet to uz gr\u012bdas vai iz\u0146emiet p\u012bksto\u0161\u0101s pl\u012b\u0161a rota\u013clietas un sviediet t\u0101s, lai suns t\u0101s atnestu &#8211; j\u016bsu m\u012blulim noteikti patiks!<\/li>\n<li><b>STIMUL\u0112JO\u0160A UN NEATVAIR\u0100MA:\u00a0<\/b>nodzeniet garlaic\u012bbu un nodarbiniet j\u016bsu su\u0146a pr\u0101tu, vienlaikus apmierinot dabiskos instinktus med\u012bt p\u012bksto\u0161\u0101s pl\u012b\u0161a v\u0101veres, kur\u0101m j\u016bsu m\u012blulis nesp\u0113s pretoties!<\/li>\n<li><b>MAIGA ZOBIEM UN SMAGAN\u0100M:\u00a0<\/b>Hide A Squirrel pild\u012bto pl\u012b\u0161a rota\u013clietu tekst\u016bra ir maiga zobiem un smagan\u0101m, padarot to par lielisku izv\u0113li mazo \u0161\u0137ir\u0146u su\u0146iem un kuc\u0113niem.<\/li>\n<\/ul>\n<ul>\n<li><b>SP\u0112L\u0112JIETIES DRO\u0160I:<\/b>\u00a0Neviena rota\u013clieta nav neizn\u012bcin\u0101ma. Neatst\u0101jiet rota\u013clietas ar m\u0101jdz\u012bvniekiem bez uzraudz\u012bbas. No\u0146emiet un nomainiet rota\u013clietu, ja t\u0101 ir boj\u0101ta.<\/li>\n<\/ul>\n<p><span class=\"moze-large\"><br \/>\n<\/span>Ra\u017eots \u0136\u012bn\u0101.<\/p>\n<p><img loading=\"lazy\" decoding=\"async\" class=\"\" src=\"https:\/\/site-984271.mozfiles.com\/files\/984271\/medium\/Outward_hound_logo.jpg?1662451123\" width=\"351\" height=\"143\" \/><\/p>\n<p><b>DRO\u0160\u012aBA UN KOP\u0160ANA:\u00a0<\/b>Izraugoties rota\u013clietu, p\u0101rliecinieties, ka izv\u0113laties su\u0146a izm\u0113ram atbilsto\u0161u rota\u013clietu. Neviena rota\u013clieta nav neizn\u012bcin\u0101ma. VIENM\u0112R uzraugiet savu suni, izmantojot jebk\u0101da veida rota\u013clietu. Regul\u0101ri p\u0101rbaudiet, vai rota\u013clietas nav boj\u0101tas, no\u0146emiet un nomainiet, ja t\u0101s ir sapl\u012bsu\u0161as vai atdal\u012bjusies k\u0101da da\u013ca, \u00a0jo var rasties nopietnas traumas. Rota\u013clieta paredz\u0113ta tikai su\u0146iem.<\/p>","protected":false},"excerpt":{"rendered":"<p>&nbsp; PASL\u0112P UN P\u012aKST:\u00a0maz\u0101 Hide A Squirrel su\u0146u puzle ir vienk\u0101r\u0161s veids, k\u0101 stund\u0101m ilgi nodarbin\u0101t mazus su\u0146us un kuc\u0113nus! Piepildiet koka stumbru ar 3 p\u012bksto\u0161\u0101m v\u0101ver\u0113m, pametiet to un \u013caujiet darboties su\u0146a dabiskajiem med\u012bbu instinktiem! 2-IN-1 INTERAKT\u012aVA ROTA\u013bA:\u00a0Pametiet ar v\u0101ver\u0113m pild\u012bto stumbru, novietojiet to uz gr\u012bdas vai iz\u0146emiet p\u012bksto\u0161\u0101s pl\u012b\u0161a rota\u013clietas un sviediet t\u0101s,&hellip;<\/p>","protected":false},"featured_media":13914,"comment_status":"closed","ping_status":"closed","template":"","meta":[],"product_brand":[],"product_cat":[41],"product_tag":[],"class_list":{"0":"post-13911","1":"product","2":"type-product","3":"status-publish","4":"has-post-thumbnail","6":"product_cat-speles-suniem","8":"first","9":"instock","10":"taxable","11":"shipping-taxable","12":"purchasable","13":"product-type-variable"},"yoast_head":"<!-- This site is optimized with the Yoast SEO plugin v27.5 - https:\/\/yoast.com\/product\/yoast-seo-wordpress\/ -->\n<title>Outward Hound su\u0146u rota\u013clieta HIDE A SQUIRREL\/RACCON ar p\u012bksto\u0161\u0101m v\u0101ver\u0113m | MyPerfectDog.lv<\/title>\n<meta name=\"robots\" content=\"index, follow, max-snippet:-1, max-image-preview:large, max-video-preview:-1\" \/>\n<link rel=\"canonical\" href=\"https:\/\/myperfectdog.lv\/en\/product\/outward-hound-sunu-rotallieta-hide-a-squirrel-ar-pikstosam-vaverem\/\" \/>\n<meta property=\"og:locale\" content=\"en_GB\" \/>\n<meta property=\"og:type\" content=\"article\" \/>\n<meta property=\"og:title\" content=\"Outward Hound su\u0146u rota\u013clieta HIDE A SQUIRREL\/RACCON ar p\u012bksto\u0161\u0101m v\u0101ver\u0113m | MyPerfectDog.lv\" \/>\n<meta property=\"og:description\" content=\"&nbsp; PASL\u0112P UN P\u012aKST:\u00a0maz\u0101 Hide A Squirrel su\u0146u puzle ir vienk\u0101r\u0161s veids, k\u0101 stund\u0101m ilgi nodarbin\u0101t mazus su\u0146us un kuc\u0113nus! Piepildiet koka stumbru ar 3 p\u012bksto\u0161\u0101m v\u0101ver\u0113m, pametiet to un \u013caujiet darboties su\u0146a dabiskajiem med\u012bbu instinktiem! 2-IN-1 INTERAKT\u012aVA ROTA\u013bA:\u00a0Pametiet ar v\u0101ver\u0113m pild\u012bto stumbru, novietojiet to uz gr\u012bdas vai iz\u0146emiet p\u012bksto\u0161\u0101s pl\u012b\u0161a rota\u013clietas un sviediet t\u0101s,&hellip;\" \/>\n<meta property=\"og:url\" content=\"https:\/\/myperfectdog.lv\/en\/product\/outward-hound-sunu-rotallieta-hide-a-squirrel-ar-pikstosam-vaverem\/\" \/>\n<meta property=\"og:site_name\" content=\"MyPerfectDog.lv\" \/>\n<meta property=\"article:modified_time\" content=\"2025-12-15T03:03:33+00:00\" \/>\n<meta property=\"og:image\" content=\"https:\/\/myperfectdog.lv\/wp-content\/uploads\/2025\/12\/31001_OutwardHound_HideASquirrel_SM_PDP5_copy-655444ab33e81e82a1f42438acba9d05.jpg\" \/>\n\t<meta property=\"og:image:width\" content=\"1200\" \/>\n\t<meta property=\"og:image:height\" content=\"1048\" \/>\n\t<meta property=\"og:image:type\" content=\"image\/jpeg\" \/>\n<meta name=\"twitter:card\" content=\"summary_large_image\" \/>\n<meta name=\"twitter:label1\" content=\"Estimated reading time\" \/>\n\t<meta name=\"twitter:data1\" content=\"2 minutes\" \/>\n<script type=\"application\/ld+json\" class=\"yoast-schema-graph\">{\"@context\":\"https:\\\/\\\/schema.org\",\"@graph\":[{\"@type\":\"WebPage\",\"@id\":\"https:\\\/\\\/myperfectdog.lv\\\/products\\\/outward-hound-sunu-rotallieta-hide-a-squirrel-ar-pikstosam-vaverem\\\/\",\"url\":\"https:\\\/\\\/myperfectdog.lv\\\/products\\\/outward-hound-sunu-rotallieta-hide-a-squirrel-ar-pikstosam-vaverem\\\/\",\"name\":\"Outward Hound su\u0146u rota\u013clieta HIDE A SQUIRREL\\\/RACCON ar p\u012bksto\u0161\u0101m v\u0101ver\u0113m | MyPerfectDog.lv\",\"isPartOf\":{\"@id\":\"https:\\\/\\\/myperfectdog.lv\\\/#website\"},\"primaryImageOfPage\":{\"@id\":\"https:\\\/\\\/myperfectdog.lv\\\/products\\\/outward-hound-sunu-rotallieta-hide-a-squirrel-ar-pikstosam-vaverem\\\/#primaryimage\"},\"image\":{\"@id\":\"https:\\\/\\\/myperfectdog.lv\\\/products\\\/outward-hound-sunu-rotallieta-hide-a-squirrel-ar-pikstosam-vaverem\\\/#primaryimage\"},\"thumbnailUrl\":\"https:\\\/\\\/myperfectdog.lv\\\/wp-content\\\/uploads\\\/2025\\\/12\\\/31001_OutwardHound_HideASquirrel_SM_PDP5_copy-655444ab33e81e82a1f42438acba9d05.jpg\",\"datePublished\":\"2025-12-15T01:56:46+00:00\",\"dateModified\":\"2025-12-15T03:03:33+00:00\",\"breadcrumb\":{\"@id\":\"https:\\\/\\\/myperfectdog.lv\\\/products\\\/outward-hound-sunu-rotallieta-hide-a-squirrel-ar-pikstosam-vaverem\\\/#breadcrumb\"},\"inLanguage\":\"en-GB\",\"potentialAction\":[{\"@type\":\"ReadAction\",\"target\":[\"https:\\\/\\\/myperfectdog.lv\\\/products\\\/outward-hound-sunu-rotallieta-hide-a-squirrel-ar-pikstosam-vaverem\\\/\"]}]},{\"@type\":\"ImageObject\",\"inLanguage\":\"en-GB\",\"@id\":\"https:\\\/\\\/myperfectdog.lv\\\/products\\\/outward-hound-sunu-rotallieta-hide-a-squirrel-ar-pikstosam-vaverem\\\/#primaryimage\",\"url\":\"https:\\\/\\\/myperfectdog.lv\\\/wp-content\\\/uploads\\\/2025\\\/12\\\/31001_OutwardHound_HideASquirrel_SM_PDP5_copy-655444ab33e81e82a1f42438acba9d05.jpg\",\"contentUrl\":\"https:\\\/\\\/myperfectdog.lv\\\/wp-content\\\/uploads\\\/2025\\\/12\\\/31001_OutwardHound_HideASquirrel_SM_PDP5_copy-655444ab33e81e82a1f42438acba9d05.jpg\",\"width\":1200,\"height\":1048},{\"@type\":\"BreadcrumbList\",\"@id\":\"https:\\\/\\\/myperfectdog.lv\\\/products\\\/outward-hound-sunu-rotallieta-hide-a-squirrel-ar-pikstosam-vaverem\\\/#breadcrumb\",\"itemListElement\":[{\"@type\":\"ListItem\",\"position\":1,\"name\":\"Home\",\"item\":\"https:\\\/\\\/myperfectdog.lv\\\/\"},{\"@type\":\"ListItem\",\"position\":2,\"name\":\"Internetveikals\",\"item\":\"https:\\\/\\\/myperfectdog.lv\\\/internetveikals\\\/\"},{\"@type\":\"ListItem\",\"position\":3,\"name\":\"Outward Hound su\u0146u rota\u013clieta HIDE A SQUIRREL\\\/RACCON ar p\u012bksto\u0161\u0101m v\u0101ver\u0113m\"}]},{\"@type\":\"WebSite\",\"@id\":\"https:\\\/\\\/myperfectdog.lv\\\/#website\",\"url\":\"https:\\\/\\\/myperfectdog.lv\\\/\",\"name\":\"MyPerfectDog.lv\",\"description\":\"Su\u0146u un saimnieku skola\",\"publisher\":{\"@id\":\"https:\\\/\\\/myperfectdog.lv\\\/#organization\"},\"potentialAction\":[{\"@type\":\"SearchAction\",\"target\":{\"@type\":\"EntryPoint\",\"urlTemplate\":\"https:\\\/\\\/myperfectdog.lv\\\/?s={search_term_string}\"},\"query-input\":{\"@type\":\"PropertyValueSpecification\",\"valueRequired\":true,\"valueName\":\"search_term_string\"}}],\"inLanguage\":\"en-GB\"},{\"@type\":\"Organization\",\"@id\":\"https:\\\/\\\/myperfectdog.lv\\\/#organization\",\"name\":\"Su\u0146u & saimnieku skola \\\"My Perfect Dog\\\"\",\"url\":\"https:\\\/\\\/myperfectdog.lv\\\/\",\"logo\":{\"@type\":\"ImageObject\",\"inLanguage\":\"en-GB\",\"@id\":\"https:\\\/\\\/myperfectdog.lv\\\/#\\\/schema\\\/logo\\\/image\\\/\",\"url\":\"https:\\\/\\\/myperfectdog.lv\\\/wp-content\\\/uploads\\\/2020\\\/10\\\/MyPerfectDog-New-logo_peach_plakans.png\",\"contentUrl\":\"https:\\\/\\\/myperfectdog.lv\\\/wp-content\\\/uploads\\\/2020\\\/10\\\/MyPerfectDog-New-logo_peach_plakans.png\",\"width\":1200,\"height\":636,\"caption\":\"Su\u0146u & saimnieku skola \\\"My Perfect Dog\\\"\"},\"image\":{\"@id\":\"https:\\\/\\\/myperfectdog.lv\\\/#\\\/schema\\\/logo\\\/image\\\/\"}}]}<\/script>\n<!-- \/ Yoast SEO plugin. -->","yoast_head_json":{"title":"Outward Hound su\u0146u rota\u013clieta HIDE A SQUIRREL\/RACCON ar p\u012bksto\u0161\u0101m v\u0101ver\u0113m | MyPerfectDog.lv","robots":{"index":"index","follow":"follow","max-snippet":"max-snippet:-1","max-image-preview":"max-image-preview:large","max-video-preview":"max-video-preview:-1"},"canonical":"https:\/\/myperfectdog.lv\/en\/product\/outward-hound-sunu-rotallieta-hide-a-squirrel-ar-pikstosam-vaverem\/","og_locale":"en_GB","og_type":"article","og_title":"Outward Hound su\u0146u rota\u013clieta HIDE A SQUIRREL\/RACCON ar p\u012bksto\u0161\u0101m v\u0101ver\u0113m | MyPerfectDog.lv","og_description":"&nbsp; PASL\u0112P UN P\u012aKST:\u00a0maz\u0101 Hide A Squirrel su\u0146u puzle ir vienk\u0101r\u0161s veids, k\u0101 stund\u0101m ilgi nodarbin\u0101t mazus su\u0146us un kuc\u0113nus! Piepildiet koka stumbru ar 3 p\u012bksto\u0161\u0101m v\u0101ver\u0113m, pametiet to un \u013caujiet darboties su\u0146a dabiskajiem med\u012bbu instinktiem! 2-IN-1 INTERAKT\u012aVA ROTA\u013bA:\u00a0Pametiet ar v\u0101ver\u0113m pild\u012bto stumbru, novietojiet to uz gr\u012bdas vai iz\u0146emiet p\u012bksto\u0161\u0101s pl\u012b\u0161a rota\u013clietas un sviediet t\u0101s,&hellip;","og_url":"https:\/\/myperfectdog.lv\/en\/product\/outward-hound-sunu-rotallieta-hide-a-squirrel-ar-pikstosam-vaverem\/","og_site_name":"MyPerfectDog.lv","article_modified_time":"2025-12-15T03:03:33+00:00","og_image":[{"width":1200,"height":1048,"url":"https:\/\/myperfectdog.lv\/wp-content\/uploads\/2025\/12\/31001_OutwardHound_HideASquirrel_SM_PDP5_copy-655444ab33e81e82a1f42438acba9d05.jpg","type":"image\/jpeg"}],"twitter_card":"summary_large_image","twitter_misc":{"Estimated reading time":"2 minutes"},"schema":{"@context":"https:\/\/schema.org","@graph":[{"@type":"WebPage","@id":"https:\/\/myperfectdog.lv\/products\/outward-hound-sunu-rotallieta-hide-a-squirrel-ar-pikstosam-vaverem\/","url":"https:\/\/myperfectdog.lv\/products\/outward-hound-sunu-rotallieta-hide-a-squirrel-ar-pikstosam-vaverem\/","name":"Outward Hound su\u0146u rota\u013clieta HIDE A SQUIRREL\/RACCON ar p\u012bksto\u0161\u0101m v\u0101ver\u0113m | MyPerfectDog.lv","isPartOf":{"@id":"https:\/\/myperfectdog.lv\/#website"},"primaryImageOfPage":{"@id":"https:\/\/myperfectdog.lv\/products\/outward-hound-sunu-rotallieta-hide-a-squirrel-ar-pikstosam-vaverem\/#primaryimage"},"image":{"@id":"https:\/\/myperfectdog.lv\/products\/outward-hound-sunu-rotallieta-hide-a-squirrel-ar-pikstosam-vaverem\/#primaryimage"},"thumbnailUrl":"https:\/\/myperfectdog.lv\/wp-content\/uploads\/2025\/12\/31001_OutwardHound_HideASquirrel_SM_PDP5_copy-655444ab33e81e82a1f42438acba9d05.jpg","datePublished":"2025-12-15T01:56:46+00:00","dateModified":"2025-12-15T03:03:33+00:00","breadcrumb":{"@id":"https:\/\/myperfectdog.lv\/products\/outward-hound-sunu-rotallieta-hide-a-squirrel-ar-pikstosam-vaverem\/#breadcrumb"},"inLanguage":"en-GB","potentialAction":[{"@type":"ReadAction","target":["https:\/\/myperfectdog.lv\/products\/outward-hound-sunu-rotallieta-hide-a-squirrel-ar-pikstosam-vaverem\/"]}]},{"@type":"ImageObject","inLanguage":"en-GB","@id":"https:\/\/myperfectdog.lv\/products\/outward-hound-sunu-rotallieta-hide-a-squirrel-ar-pikstosam-vaverem\/#primaryimage","url":"https:\/\/myperfectdog.lv\/wp-content\/uploads\/2025\/12\/31001_OutwardHound_HideASquirrel_SM_PDP5_copy-655444ab33e81e82a1f42438acba9d05.jpg","contentUrl":"https:\/\/myperfectdog.lv\/wp-content\/uploads\/2025\/12\/31001_OutwardHound_HideASquirrel_SM_PDP5_copy-655444ab33e81e82a1f42438acba9d05.jpg","width":1200,"height":1048},{"@type":"BreadcrumbList","@id":"https:\/\/myperfectdog.lv\/products\/outward-hound-sunu-rotallieta-hide-a-squirrel-ar-pikstosam-vaverem\/#breadcrumb","itemListElement":[{"@type":"ListItem","position":1,"name":"Home","item":"https:\/\/myperfectdog.lv\/"},{"@type":"ListItem","position":2,"name":"Internetveikals","item":"https:\/\/myperfectdog.lv\/internetveikals\/"},{"@type":"ListItem","position":3,"name":"Outward Hound su\u0146u rota\u013clieta HIDE A SQUIRREL\/RACCON ar p\u012bksto\u0161\u0101m v\u0101ver\u0113m"}]},{"@type":"WebSite","@id":"https:\/\/myperfectdog.lv\/#website","url":"https:\/\/myperfectdog.lv\/","name":"MyPerfectDog.lv","description":"Su\u0146u un saimnieku skola","publisher":{"@id":"https:\/\/myperfectdog.lv\/#organization"},"potentialAction":[{"@type":"SearchAction","target":{"@type":"EntryPoint","urlTemplate":"https:\/\/myperfectdog.lv\/?s={search_term_string}"},"query-input":{"@type":"PropertyValueSpecification","valueRequired":true,"valueName":"search_term_string"}}],"inLanguage":"en-GB"},{"@type":"Organization","@id":"https:\/\/myperfectdog.lv\/#organization","name":"Su\u0146u & saimnieku skola \"My Perfect Dog\"","url":"https:\/\/myperfectdog.lv\/","logo":{"@type":"ImageObject","inLanguage":"en-GB","@id":"https:\/\/myperfectdog.lv\/#\/schema\/logo\/image\/","url":"https:\/\/myperfectdog.lv\/wp-content\/uploads\/2020\/10\/MyPerfectDog-New-logo_peach_plakans.png","contentUrl":"https:\/\/myperfectdog.lv\/wp-content\/uploads\/2020\/10\/MyPerfectDog-New-logo_peach_plakans.png","width":1200,"height":636,"caption":"Su\u0146u & saimnieku skola \"My Perfect Dog\""},"image":{"@id":"https:\/\/myperfectdog.lv\/#\/schema\/logo\/image\/"}}]}},"jetpack_sharing_enabled":true,"_links":{"self":[{"href":"https:\/\/myperfectdog.lv\/en\/wp-json\/wp\/v2\/product\/13911","targetHints":{"allow":["GET"]}}],"collection":[{"href":"https:\/\/myperfectdog.lv\/en\/wp-json\/wp\/v2\/product"}],"about":[{"href":"https:\/\/myperfectdog.lv\/en\/wp-json\/wp\/v2\/types\/product"}],"replies":[{"embeddable":true,"href":"https:\/\/myperfectdog.lv\/en\/wp-json\/wp\/v2\/comments?post=13911"}],"wp:featuredmedia":[{"embeddable":true,"href":"https:\/\/myperfectdog.lv\/en\/wp-json\/wp\/v2\/media\/13914"}],"wp:attachment":[{"href":"https:\/\/myperfectdog.lv\/en\/wp-json\/wp\/v2\/media?parent=13911"}],"wp:term":[{"taxonomy":"product_brand","embeddable":true,"href":"https:\/\/myperfectdog.lv\/en\/wp-json\/wp\/v2\/product_brand?post=13911"},{"taxonomy":"product_cat","embeddable":true,"href":"https:\/\/myperfectdog.lv\/en\/wp-json\/wp\/v2\/product_cat?post=13911"},{"taxonomy":"product_tag","embeddable":true,"href":"https:\/\/myperfectdog.lv\/en\/wp-json\/wp\/v2\/product_tag?post=13911"}],"curies":[{"name":"wp","href":"https:\/\/api.w.org\/{rel}","templated":true}]}}