{"id":13919,"date":"2025-12-15T04:12:41","date_gmt":"2025-12-15T02:12:41","guid":{"rendered":"https:\/\/myperfectdog.lv\/?post_type=product&#038;p=13919"},"modified":"2026-04-23T14:58:18","modified_gmt":"2026-04-23T12:58:18","slug":"outward-hound-tail-teaser-sunu-rotallieta","status":"publish","type":"product","link":"https:\/\/myperfectdog.lv\/en\/product\/outward-hound-tail-teaser-sunu-rotallieta\/","title":{"rendered":"Outward hound tail teaser- su\u0146u rota\u013clieta"},"content":{"rendered":"<p>Paceliet sava kuc\u0113na rota\u013cu un treni\u0146u laiku jaun\u0101 l\u012bmen\u012b ar **Outward Hound Tail Teaser** interakt\u012bvo su\u0146u rota\u013clietu. T\u0101 ir lieliska izv\u0113le j\u016bsu p\u016bkainajam draugam, apvienojot jautr\u012bbu ar m\u0101c\u012b\u0161anos. Komplekt\u0101 ir p\u012bksto\u0161a pl\u012b\u0161a rota\u013clieta, kas viegli piestiprin\u0101ma pie n\u016bji\u0146as un atdarina med\u012bjuma \u0137er\u0161anas aizraut\u012bbu, vienlaikus noturot su\u0146a uzman\u012bbu. V\u0113rojiet, k\u0101 j\u016bsu suns skrien, lec un metas virs\u016b, cen\u0161oties no\u0137ert nenotveramo p\u012bkstuli, g\u016bstot gan fizisku slodzi, gan lielisku izklaidi. Pl\u012b\u0161a rota\u013cliet\u0101 iestr\u0101d\u0101t\u0101s \u010dauksto\u0161\u0101s ska\u0146as pie\u0161\u0137ir papildu dinamiku un nodro\u0161ina aizraujo\u0161as rota\u013cas. Pateicoties \u0113rtajam rokturim un iztur\u012bgajai neilona virvei, \u0161\u012b n\u016bji\u0146as tipa rota\u013clieta pied\u0101v\u0101 ide\u0101lu l\u012bdzsvaru starp komfortu un iztur\u012bbu, padarot to piem\u0113rotu gan iek\u0161telp\u0101m, gan \u0101ra piedz\u012bvojumiem. Stipriniet saikni ar savu \u010detrk\u0101jaino \u0123imenes locekli un veiciniet vi\u0146a dabiskos med\u012bbu instinktus ar **Tail Teaser** \u2014 ide\u0101lu papildin\u0101jumu interakt\u012bv\u0101m rota\u013c\u0101m.<\/p>","protected":false},"excerpt":{"rendered":"<p>Paceliet sava kuc\u0113na rota\u013cu un treni\u0146u laiku jaun\u0101 l\u012bmen\u012b ar **Outward Hound Tail Teaser** interakt\u012bvo su\u0146u rota\u013clietu. T\u0101 ir lieliska izv\u0113le j\u016bsu p\u016bkainajam draugam, apvienojot jautr\u012bbu ar m\u0101c\u012b\u0161anos. Komplekt\u0101 ir p\u012bksto\u0161a pl\u012b\u0161a rota\u013clieta, kas viegli piestiprin\u0101ma pie n\u016bji\u0146as un atdarina med\u012bjuma \u0137er\u0161anas aizraut\u012bbu, vienlaikus noturot su\u0146a uzman\u012bbu. V\u0113rojiet, k\u0101 j\u016bsu suns skrien, lec un metas&hellip;<\/p>","protected":false},"featured_media":13920,"comment_status":"closed","ping_status":"closed","template":"","meta":[],"product_brand":[],"product_cat":[41],"product_tag":[],"class_list":{"0":"post-13919","1":"product","2":"type-product","3":"status-publish","4":"has-post-thumbnail","6":"product_cat-speles-suniem","8":"first","9":"instock","10":"taxable","11":"shipping-taxable","12":"purchasable","13":"product-type-simple"},"yoast_head":"<!-- This site is optimized with the Yoast SEO plugin v27.5 - https:\/\/yoast.com\/product\/yoast-seo-wordpress\/ -->\n<title>Outward hound tail teaser- su\u0146u rota\u013clieta | MyPerfectDog.lv<\/title>\n<meta name=\"robots\" content=\"index, follow, max-snippet:-1, max-image-preview:large, max-video-preview:-1\" \/>\n<link rel=\"canonical\" href=\"https:\/\/myperfectdog.lv\/en\/product\/outward-hound-tail-teaser-sunu-rotallieta\/\" \/>\n<meta property=\"og:locale\" content=\"en_GB\" \/>\n<meta property=\"og:type\" content=\"article\" \/>\n<meta property=\"og:title\" content=\"Outward hound tail teaser- su\u0146u rota\u013clieta | MyPerfectDog.lv\" \/>\n<meta property=\"og:description\" content=\"Paceliet sava kuc\u0113na rota\u013cu un treni\u0146u laiku jaun\u0101 l\u012bmen\u012b ar **Outward Hound Tail Teaser** interakt\u012bvo su\u0146u rota\u013clietu. T\u0101 ir lieliska izv\u0113le j\u016bsu p\u016bkainajam draugam, apvienojot jautr\u012bbu ar m\u0101c\u012b\u0161anos. Komplekt\u0101 ir p\u012bksto\u0161a pl\u012b\u0161a rota\u013clieta, kas viegli piestiprin\u0101ma pie n\u016bji\u0146as un atdarina med\u012bjuma \u0137er\u0161anas aizraut\u012bbu, vienlaikus noturot su\u0146a uzman\u012bbu. V\u0113rojiet, k\u0101 j\u016bsu suns skrien, lec un metas&hellip;\" \/>\n<meta property=\"og:url\" content=\"https:\/\/myperfectdog.lv\/en\/product\/outward-hound-tail-teaser-sunu-rotallieta\/\" \/>\n<meta property=\"og:site_name\" content=\"MyPerfectDog.lv\" \/>\n<meta property=\"article:modified_time\" content=\"2026-04-23T12:58:18+00:00\" \/>\n<meta property=\"og:image\" content=\"https:\/\/myperfectdog.lv\/wp-content\/uploads\/2025\/12\/images-7.jpg\" \/>\n\t<meta property=\"og:image:width\" content=\"225\" \/>\n\t<meta property=\"og:image:height\" content=\"225\" \/>\n\t<meta property=\"og:image:type\" content=\"image\/jpeg\" \/>\n<meta name=\"twitter:card\" content=\"summary_large_image\" \/>\n<meta name=\"twitter:label1\" content=\"Estimated reading time\" \/>\n\t<meta name=\"twitter:data1\" content=\"1 minute\" \/>\n<script type=\"application\/ld+json\" class=\"yoast-schema-graph\">{\"@context\":\"https:\\\/\\\/schema.org\",\"@graph\":[{\"@type\":\"WebPage\",\"@id\":\"https:\\\/\\\/myperfectdog.lv\\\/products\\\/outward-hound-tail-teaser-sunu-rotallieta\\\/\",\"url\":\"https:\\\/\\\/myperfectdog.lv\\\/products\\\/outward-hound-tail-teaser-sunu-rotallieta\\\/\",\"name\":\"Outward hound tail teaser- su\u0146u rota\u013clieta | MyPerfectDog.lv\",\"isPartOf\":{\"@id\":\"https:\\\/\\\/myperfectdog.lv\\\/#website\"},\"primaryImageOfPage\":{\"@id\":\"https:\\\/\\\/myperfectdog.lv\\\/products\\\/outward-hound-tail-teaser-sunu-rotallieta\\\/#primaryimage\"},\"image\":{\"@id\":\"https:\\\/\\\/myperfectdog.lv\\\/products\\\/outward-hound-tail-teaser-sunu-rotallieta\\\/#primaryimage\"},\"thumbnailUrl\":\"https:\\\/\\\/myperfectdog.lv\\\/wp-content\\\/uploads\\\/2025\\\/12\\\/images-7.jpg\",\"datePublished\":\"2025-12-15T02:12:41+00:00\",\"dateModified\":\"2026-04-23T12:58:18+00:00\",\"breadcrumb\":{\"@id\":\"https:\\\/\\\/myperfectdog.lv\\\/products\\\/outward-hound-tail-teaser-sunu-rotallieta\\\/#breadcrumb\"},\"inLanguage\":\"en-GB\",\"potentialAction\":[{\"@type\":\"ReadAction\",\"target\":[\"https:\\\/\\\/myperfectdog.lv\\\/products\\\/outward-hound-tail-teaser-sunu-rotallieta\\\/\"]}]},{\"@type\":\"ImageObject\",\"inLanguage\":\"en-GB\",\"@id\":\"https:\\\/\\\/myperfectdog.lv\\\/products\\\/outward-hound-tail-teaser-sunu-rotallieta\\\/#primaryimage\",\"url\":\"https:\\\/\\\/myperfectdog.lv\\\/wp-content\\\/uploads\\\/2025\\\/12\\\/images-7.jpg\",\"contentUrl\":\"https:\\\/\\\/myperfectdog.lv\\\/wp-content\\\/uploads\\\/2025\\\/12\\\/images-7.jpg\",\"width\":225,\"height\":225},{\"@type\":\"BreadcrumbList\",\"@id\":\"https:\\\/\\\/myperfectdog.lv\\\/products\\\/outward-hound-tail-teaser-sunu-rotallieta\\\/#breadcrumb\",\"itemListElement\":[{\"@type\":\"ListItem\",\"position\":1,\"name\":\"Home\",\"item\":\"https:\\\/\\\/myperfectdog.lv\\\/\"},{\"@type\":\"ListItem\",\"position\":2,\"name\":\"Internetveikals\",\"item\":\"https:\\\/\\\/myperfectdog.lv\\\/internetveikals\\\/\"},{\"@type\":\"ListItem\",\"position\":3,\"name\":\"Outward hound tail teaser- su\u0146u rota\u013clieta\"}]},{\"@type\":\"WebSite\",\"@id\":\"https:\\\/\\\/myperfectdog.lv\\\/#website\",\"url\":\"https:\\\/\\\/myperfectdog.lv\\\/\",\"name\":\"MyPerfectDog.lv\",\"description\":\"Su\u0146u un saimnieku skola\",\"publisher\":{\"@id\":\"https:\\\/\\\/myperfectdog.lv\\\/#organization\"},\"potentialAction\":[{\"@type\":\"SearchAction\",\"target\":{\"@type\":\"EntryPoint\",\"urlTemplate\":\"https:\\\/\\\/myperfectdog.lv\\\/?s={search_term_string}\"},\"query-input\":{\"@type\":\"PropertyValueSpecification\",\"valueRequired\":true,\"valueName\":\"search_term_string\"}}],\"inLanguage\":\"en-GB\"},{\"@type\":\"Organization\",\"@id\":\"https:\\\/\\\/myperfectdog.lv\\\/#organization\",\"name\":\"Su\u0146u & saimnieku skola \\\"My Perfect Dog\\\"\",\"url\":\"https:\\\/\\\/myperfectdog.lv\\\/\",\"logo\":{\"@type\":\"ImageObject\",\"inLanguage\":\"en-GB\",\"@id\":\"https:\\\/\\\/myperfectdog.lv\\\/#\\\/schema\\\/logo\\\/image\\\/\",\"url\":\"https:\\\/\\\/myperfectdog.lv\\\/wp-content\\\/uploads\\\/2020\\\/10\\\/MyPerfectDog-New-logo_peach_plakans.png\",\"contentUrl\":\"https:\\\/\\\/myperfectdog.lv\\\/wp-content\\\/uploads\\\/2020\\\/10\\\/MyPerfectDog-New-logo_peach_plakans.png\",\"width\":1200,\"height\":636,\"caption\":\"Su\u0146u & saimnieku skola \\\"My Perfect Dog\\\"\"},\"image\":{\"@id\":\"https:\\\/\\\/myperfectdog.lv\\\/#\\\/schema\\\/logo\\\/image\\\/\"}}]}<\/script>\n<!-- \/ Yoast SEO plugin. -->","yoast_head_json":{"title":"Outward hound tail teaser- su\u0146u rota\u013clieta | MyPerfectDog.lv","robots":{"index":"index","follow":"follow","max-snippet":"max-snippet:-1","max-image-preview":"max-image-preview:large","max-video-preview":"max-video-preview:-1"},"canonical":"https:\/\/myperfectdog.lv\/en\/product\/outward-hound-tail-teaser-sunu-rotallieta\/","og_locale":"en_GB","og_type":"article","og_title":"Outward hound tail teaser- su\u0146u rota\u013clieta | MyPerfectDog.lv","og_description":"Paceliet sava kuc\u0113na rota\u013cu un treni\u0146u laiku jaun\u0101 l\u012bmen\u012b ar **Outward Hound Tail Teaser** interakt\u012bvo su\u0146u rota\u013clietu. T\u0101 ir lieliska izv\u0113le j\u016bsu p\u016bkainajam draugam, apvienojot jautr\u012bbu ar m\u0101c\u012b\u0161anos. Komplekt\u0101 ir p\u012bksto\u0161a pl\u012b\u0161a rota\u013clieta, kas viegli piestiprin\u0101ma pie n\u016bji\u0146as un atdarina med\u012bjuma \u0137er\u0161anas aizraut\u012bbu, vienlaikus noturot su\u0146a uzman\u012bbu. V\u0113rojiet, k\u0101 j\u016bsu suns skrien, lec un metas&hellip;","og_url":"https:\/\/myperfectdog.lv\/en\/product\/outward-hound-tail-teaser-sunu-rotallieta\/","og_site_name":"MyPerfectDog.lv","article_modified_time":"2026-04-23T12:58:18+00:00","og_image":[{"width":225,"height":225,"url":"https:\/\/myperfectdog.lv\/wp-content\/uploads\/2025\/12\/images-7.jpg","type":"image\/jpeg"}],"twitter_card":"summary_large_image","twitter_misc":{"Estimated reading time":"1 minute"},"schema":{"@context":"https:\/\/schema.org","@graph":[{"@type":"WebPage","@id":"https:\/\/myperfectdog.lv\/products\/outward-hound-tail-teaser-sunu-rotallieta\/","url":"https:\/\/myperfectdog.lv\/products\/outward-hound-tail-teaser-sunu-rotallieta\/","name":"Outward hound tail teaser- su\u0146u rota\u013clieta | MyPerfectDog.lv","isPartOf":{"@id":"https:\/\/myperfectdog.lv\/#website"},"primaryImageOfPage":{"@id":"https:\/\/myperfectdog.lv\/products\/outward-hound-tail-teaser-sunu-rotallieta\/#primaryimage"},"image":{"@id":"https:\/\/myperfectdog.lv\/products\/outward-hound-tail-teaser-sunu-rotallieta\/#primaryimage"},"thumbnailUrl":"https:\/\/myperfectdog.lv\/wp-content\/uploads\/2025\/12\/images-7.jpg","datePublished":"2025-12-15T02:12:41+00:00","dateModified":"2026-04-23T12:58:18+00:00","breadcrumb":{"@id":"https:\/\/myperfectdog.lv\/products\/outward-hound-tail-teaser-sunu-rotallieta\/#breadcrumb"},"inLanguage":"en-GB","potentialAction":[{"@type":"ReadAction","target":["https:\/\/myperfectdog.lv\/products\/outward-hound-tail-teaser-sunu-rotallieta\/"]}]},{"@type":"ImageObject","inLanguage":"en-GB","@id":"https:\/\/myperfectdog.lv\/products\/outward-hound-tail-teaser-sunu-rotallieta\/#primaryimage","url":"https:\/\/myperfectdog.lv\/wp-content\/uploads\/2025\/12\/images-7.jpg","contentUrl":"https:\/\/myperfectdog.lv\/wp-content\/uploads\/2025\/12\/images-7.jpg","width":225,"height":225},{"@type":"BreadcrumbList","@id":"https:\/\/myperfectdog.lv\/products\/outward-hound-tail-teaser-sunu-rotallieta\/#breadcrumb","itemListElement":[{"@type":"ListItem","position":1,"name":"Home","item":"https:\/\/myperfectdog.lv\/"},{"@type":"ListItem","position":2,"name":"Internetveikals","item":"https:\/\/myperfectdog.lv\/internetveikals\/"},{"@type":"ListItem","position":3,"name":"Outward hound tail teaser- su\u0146u rota\u013clieta"}]},{"@type":"WebSite","@id":"https:\/\/myperfectdog.lv\/#website","url":"https:\/\/myperfectdog.lv\/","name":"MyPerfectDog.lv","description":"Su\u0146u un saimnieku skola","publisher":{"@id":"https:\/\/myperfectdog.lv\/#organization"},"potentialAction":[{"@type":"SearchAction","target":{"@type":"EntryPoint","urlTemplate":"https:\/\/myperfectdog.lv\/?s={search_term_string}"},"query-input":{"@type":"PropertyValueSpecification","valueRequired":true,"valueName":"search_term_string"}}],"inLanguage":"en-GB"},{"@type":"Organization","@id":"https:\/\/myperfectdog.lv\/#organization","name":"Su\u0146u & saimnieku skola \"My Perfect Dog\"","url":"https:\/\/myperfectdog.lv\/","logo":{"@type":"ImageObject","inLanguage":"en-GB","@id":"https:\/\/myperfectdog.lv\/#\/schema\/logo\/image\/","url":"https:\/\/myperfectdog.lv\/wp-content\/uploads\/2020\/10\/MyPerfectDog-New-logo_peach_plakans.png","contentUrl":"https:\/\/myperfectdog.lv\/wp-content\/uploads\/2020\/10\/MyPerfectDog-New-logo_peach_plakans.png","width":1200,"height":636,"caption":"Su\u0146u & saimnieku skola \"My Perfect Dog\""},"image":{"@id":"https:\/\/myperfectdog.lv\/#\/schema\/logo\/image\/"}}]}},"jetpack_sharing_enabled":true,"_links":{"self":[{"href":"https:\/\/myperfectdog.lv\/en\/wp-json\/wp\/v2\/product\/13919","targetHints":{"allow":["GET"]}}],"collection":[{"href":"https:\/\/myperfectdog.lv\/en\/wp-json\/wp\/v2\/product"}],"about":[{"href":"https:\/\/myperfectdog.lv\/en\/wp-json\/wp\/v2\/types\/product"}],"replies":[{"embeddable":true,"href":"https:\/\/myperfectdog.lv\/en\/wp-json\/wp\/v2\/comments?post=13919"}],"wp:featuredmedia":[{"embeddable":true,"href":"https:\/\/myperfectdog.lv\/en\/wp-json\/wp\/v2\/media\/13920"}],"wp:attachment":[{"href":"https:\/\/myperfectdog.lv\/en\/wp-json\/wp\/v2\/media?parent=13919"}],"wp:term":[{"taxonomy":"product_brand","embeddable":true,"href":"https:\/\/myperfectdog.lv\/en\/wp-json\/wp\/v2\/product_brand?post=13919"},{"taxonomy":"product_cat","embeddable":true,"href":"https:\/\/myperfectdog.lv\/en\/wp-json\/wp\/v2\/product_cat?post=13919"},{"taxonomy":"product_tag","embeddable":true,"href":"https:\/\/myperfectdog.lv\/en\/wp-json\/wp\/v2\/product_tag?post=13919"}],"curies":[{"name":"wp","href":"https:\/\/api.w.org\/{rel}","templated":true}]}}