{"id":13922,"date":"2025-12-15T04:25:28","date_gmt":"2025-12-15T02:25:28","guid":{"rendered":"https:\/\/myperfectdog.lv\/?post_type=product&#038;p=13922"},"modified":"2025-12-15T04:25:28","modified_gmt":"2025-12-15T02:25:28","slug":"outward-hound-sunu-plisa-rotallieta-invincibles-snake","status":"publish","type":"product","link":"https:\/\/myperfectdog.lv\/en\/product\/outward-hound-sunu-plisa-rotallieta-invincibles-snake\/","title":{"rendered":"Outward Hound su\u0146u pl\u012b\u0161a rota\u013clieta INVINCIBLES SNAKE"},"content":{"rendered":"<p><span class=\"moze-large\">Outward Hound&#8217;s Invincibles l\u012bnija tika \u012bpa\u0161i izveidota su\u0146iem, kuriem pat\u012bk ener\u0123iski sp\u0113l\u0113ties. Lai gan \u0161\u012bs pl\u012b\u0161a rota\u013clietas no \u0101rpuses ir m\u012bkstas un jaukas, t\u0101m ir \u012bpa\u0161a Dura-Tuff iek\u0161\u0113j\u0101 odere un divu sl\u0101\u0146u \u0101r\u0113j\u0101 \u0161uve, lai j\u016bsu su\u0146a jaunie lab\u0101kie draugi ilg\u0101k paliktu neskarti. Rota\u013clietas bez pild\u012bjuma samazina net\u012br\u012bbu, un p\u012bkstu\u013ci nodro\u0161in\u0101s j\u016bsu su\u0146a izklaidi pat p\u0113c tam, kad tie ir sakosti. \u0160\u012bs iztur\u012bg\u0101s pl\u012b\u0161a rota\u013clietas ir rad\u012btas da\u017e\u0101dos izm\u0113ros &#8211; \u00a0s\u0101kot no XS Invincible Mini l\u012bdz m\u016bsu<\/span><b><span class=\"moze-large\">\u00a0XXL Invincible Snake<\/span><\/b><span class=\"moze-large\">, lai visi su\u0146i var\u0113tu taj\u0101s iegremd\u0113t zobus.\u00a0<\/span><\/p>\n<p>&nbsp;<\/p>\n<ul>\n<li><b>MET, VELC VAI ATNES:<\/b>\u00a0Invincibles \u010d\u016bskas ir lieliski piem\u0113rotas aktivit\u0101t\u0113m ar j\u016bsu suni telp\u0101s vai \u0101r\u0101, izmantojot da\u017e\u0101dus kop\u0101 rota\u013c\u0101\u0161an\u0101s un m\u0101c\u012b\u0161an\u0101s veidus.<\/li>\n<li><b>DUBULTAS \u0160UVES UN DUBULTA ODERE:\u00a0<\/b>m\u016bsu Invincibles su\u0146u pl\u012b\u0161a rota\u013clietas ir unik\u0101li izgatavotas ar iek\u0161\u0113jo Dura-Tuff oderi un nostiprin\u0101tas ar dubult\u0101m no\u0161uv\u0113m ilg\u0101k\u0101m interakt\u012bv\u0101m sp\u0113l\u0113m!<\/li>\n<li><b>NAV PILD\u012aJUMA, NAV JUCEK\u013bA:\u00a0<\/b>rota\u013clietas bez pild\u012bjuma ir lieliski piem\u0113rotas rota\u013c\u012bgajiem kuc\u0113niem. \u00a0T\u0101 viet\u0101 m\u016bsu Invincibles Snake ir daudzi p\u012bkstu\u013ci neskait\u0101miem m\u0113t\u0101\u0161anas un vilk\u0161anas raundiem, pat ja tie ir p\u0101rkosti!<\/li>\n<li><b>PIEM\u0112ROTA LIELAJIEM KOD\u0112JIEM:<\/b>\u00a0Invincibles su\u0146u rota\u013clietas ir pieejamas da\u017e\u0101dos izm\u0113ros, lai j\u016bs var\u0113tu izv\u0113l\u0113ties sava su\u0146a izm\u0113ram un aktivit\u0101tes l\u012bmenim atbilsto\u0161u rota\u013clietu: L (3 p\u012bkstu\u013ci), XL (6 p\u012bkstu\u013ci), \u00a0XXL (12 p\u012bkstu\u013ci).<\/li>\n<li><b>SP\u0112L\u0112JIETIES DRO\u0160I:\u00a0<\/b>Neviena rota\u013clieta nav neizn\u012bcin\u0101ma. Neatst\u0101jiet rota\u013clietas ar m\u0101jdz\u012bvniekiem bez uzraudz\u012bbas. No\u0146emiet un nomainiet rota\u013clietu, ja t\u0101 ir boj\u0101ta.<\/li>\n<\/ul>\n<p>&nbsp;<\/p>\n<p><img loading=\"lazy\" decoding=\"async\" class=\"\" src=\"https:\/\/site-984271.mozfiles.com\/files\/984271\/medium\/Outward_hound_logo.jpg?1662451123\" width=\"243\" height=\"99\" \/><\/p>\n<p><b>Uzzini vair\u0101k par Invincibles su\u0146a rota\u013clietu:<\/b><\/p>\n<p><b>DRO\u0160\u012aBA UN KOP\u0160ANA:\u00a0<\/b>Izraugoties rota\u013clietu, p\u0101rliecinieties, ka izv\u0113laties su\u0146a izm\u0113ram atbilsto\u0161u rota\u013clietu. Neviena rota\u013clieta nav neizn\u012bcin\u0101ma. VIENM\u0112R uzraugiet savu suni, izmantojot jebk\u0101da veida rota\u013clietu. Regul\u0101ri p\u0101rbaudiet, vai rota\u013clietas nav boj\u0101tas, no\u0146emiet un nomainiet, ja t\u0101s ir sapl\u012bsu\u0161as vai atdal\u012bjusies k\u0101da da\u013ca, \u00a0jo var rasties nopietnas traumas. Rota\u013clieta paredz\u0113ta tikai su\u0146iem. \u00a0Sarg\u0101t no b\u0113rniem.<\/p>\n<p>&nbsp;<\/p>","protected":false},"excerpt":{"rendered":"<p>Outward Hound&#8217;s Invincibles l\u012bnija tika \u012bpa\u0161i izveidota su\u0146iem, kuriem pat\u012bk ener\u0123iski sp\u0113l\u0113ties. Lai gan \u0161\u012bs pl\u012b\u0161a rota\u013clietas no \u0101rpuses ir m\u012bkstas un jaukas, t\u0101m ir \u012bpa\u0161a Dura-Tuff iek\u0161\u0113j\u0101 odere un divu sl\u0101\u0146u \u0101r\u0113j\u0101 \u0161uve, lai j\u016bsu su\u0146a jaunie lab\u0101kie draugi ilg\u0101k paliktu neskarti. Rota\u013clietas bez pild\u012bjuma samazina net\u012br\u012bbu, un p\u012bkstu\u013ci nodro\u0161in\u0101s j\u016bsu su\u0146a izklaidi pat&hellip;<\/p>","protected":false},"featured_media":13926,"comment_status":"closed","ping_status":"closed","template":"","meta":[],"product_brand":[],"product_cat":[41],"product_tag":[],"class_list":{"0":"post-13922","1":"product","2":"type-product","3":"status-publish","4":"has-post-thumbnail","6":"product_cat-speles-suniem","8":"first","9":"instock","10":"taxable","11":"shipping-taxable","12":"purchasable","13":"product-type-variable"},"yoast_head":"<!-- This site is optimized with the Yoast SEO plugin v27.5 - https:\/\/yoast.com\/product\/yoast-seo-wordpress\/ -->\n<title>Outward Hound su\u0146u pl\u012b\u0161a rota\u013clieta INVINCIBLES SNAKE | MyPerfectDog.lv<\/title>\n<meta name=\"robots\" content=\"index, follow, max-snippet:-1, max-image-preview:large, max-video-preview:-1\" \/>\n<link rel=\"canonical\" href=\"https:\/\/myperfectdog.lv\/en\/product\/outward-hound-sunu-plisa-rotallieta-invincibles-snake\/\" \/>\n<meta property=\"og:locale\" content=\"en_GB\" \/>\n<meta property=\"og:type\" content=\"article\" \/>\n<meta property=\"og:title\" content=\"Outward Hound su\u0146u pl\u012b\u0161a rota\u013clieta INVINCIBLES SNAKE | MyPerfectDog.lv\" \/>\n<meta property=\"og:description\" content=\"Outward Hound&#8217;s Invincibles l\u012bnija tika \u012bpa\u0161i izveidota su\u0146iem, kuriem pat\u012bk ener\u0123iski sp\u0113l\u0113ties. Lai gan \u0161\u012bs pl\u012b\u0161a rota\u013clietas no \u0101rpuses ir m\u012bkstas un jaukas, t\u0101m ir \u012bpa\u0161a Dura-Tuff iek\u0161\u0113j\u0101 odere un divu sl\u0101\u0146u \u0101r\u0113j\u0101 \u0161uve, lai j\u016bsu su\u0146a jaunie lab\u0101kie draugi ilg\u0101k paliktu neskarti. Rota\u013clietas bez pild\u012bjuma samazina net\u012br\u012bbu, un p\u012bkstu\u013ci nodro\u0161in\u0101s j\u016bsu su\u0146a izklaidi pat&hellip;\" \/>\n<meta property=\"og:url\" content=\"https:\/\/myperfectdog.lv\/en\/product\/outward-hound-sunu-plisa-rotallieta-invincibles-snake\/\" \/>\n<meta property=\"og:site_name\" content=\"MyPerfectDog.lv\" \/>\n<meta property=\"og:image\" content=\"https:\/\/myperfectdog.lv\/wp-content\/uploads\/2025\/12\/32067_OutwardHound_Invincibles_Snake_Blu_LG_PDP5-7a31de62ce5ba091950ec5b84af8c2ae.jpg\" \/>\n\t<meta property=\"og:image:width\" content=\"896\" \/>\n\t<meta property=\"og:image:height\" content=\"1120\" \/>\n\t<meta property=\"og:image:type\" content=\"image\/jpeg\" \/>\n<meta name=\"twitter:card\" content=\"summary_large_image\" \/>\n<meta name=\"twitter:label1\" content=\"Estimated reading time\" \/>\n\t<meta name=\"twitter:data1\" content=\"2 minutes\" \/>\n<script type=\"application\/ld+json\" class=\"yoast-schema-graph\">{\"@context\":\"https:\\\/\\\/schema.org\",\"@graph\":[{\"@type\":\"WebPage\",\"@id\":\"https:\\\/\\\/myperfectdog.lv\\\/products\\\/outward-hound-sunu-plisa-rotallieta-invincibles-snake\\\/\",\"url\":\"https:\\\/\\\/myperfectdog.lv\\\/products\\\/outward-hound-sunu-plisa-rotallieta-invincibles-snake\\\/\",\"name\":\"Outward Hound su\u0146u pl\u012b\u0161a rota\u013clieta INVINCIBLES SNAKE | MyPerfectDog.lv\",\"isPartOf\":{\"@id\":\"https:\\\/\\\/myperfectdog.lv\\\/#website\"},\"primaryImageOfPage\":{\"@id\":\"https:\\\/\\\/myperfectdog.lv\\\/products\\\/outward-hound-sunu-plisa-rotallieta-invincibles-snake\\\/#primaryimage\"},\"image\":{\"@id\":\"https:\\\/\\\/myperfectdog.lv\\\/products\\\/outward-hound-sunu-plisa-rotallieta-invincibles-snake\\\/#primaryimage\"},\"thumbnailUrl\":\"https:\\\/\\\/myperfectdog.lv\\\/wp-content\\\/uploads\\\/2025\\\/12\\\/32067_OutwardHound_Invincibles_Snake_Blu_LG_PDP5-7a31de62ce5ba091950ec5b84af8c2ae.jpg\",\"datePublished\":\"2025-12-15T02:25:28+00:00\",\"breadcrumb\":{\"@id\":\"https:\\\/\\\/myperfectdog.lv\\\/products\\\/outward-hound-sunu-plisa-rotallieta-invincibles-snake\\\/#breadcrumb\"},\"inLanguage\":\"en-GB\",\"potentialAction\":[{\"@type\":\"ReadAction\",\"target\":[\"https:\\\/\\\/myperfectdog.lv\\\/products\\\/outward-hound-sunu-plisa-rotallieta-invincibles-snake\\\/\"]}]},{\"@type\":\"ImageObject\",\"inLanguage\":\"en-GB\",\"@id\":\"https:\\\/\\\/myperfectdog.lv\\\/products\\\/outward-hound-sunu-plisa-rotallieta-invincibles-snake\\\/#primaryimage\",\"url\":\"https:\\\/\\\/myperfectdog.lv\\\/wp-content\\\/uploads\\\/2025\\\/12\\\/32067_OutwardHound_Invincibles_Snake_Blu_LG_PDP5-7a31de62ce5ba091950ec5b84af8c2ae.jpg\",\"contentUrl\":\"https:\\\/\\\/myperfectdog.lv\\\/wp-content\\\/uploads\\\/2025\\\/12\\\/32067_OutwardHound_Invincibles_Snake_Blu_LG_PDP5-7a31de62ce5ba091950ec5b84af8c2ae.jpg\",\"width\":896,\"height\":1120},{\"@type\":\"BreadcrumbList\",\"@id\":\"https:\\\/\\\/myperfectdog.lv\\\/products\\\/outward-hound-sunu-plisa-rotallieta-invincibles-snake\\\/#breadcrumb\",\"itemListElement\":[{\"@type\":\"ListItem\",\"position\":1,\"name\":\"Home\",\"item\":\"https:\\\/\\\/myperfectdog.lv\\\/\"},{\"@type\":\"ListItem\",\"position\":2,\"name\":\"Internetveikals\",\"item\":\"https:\\\/\\\/myperfectdog.lv\\\/internetveikals\\\/\"},{\"@type\":\"ListItem\",\"position\":3,\"name\":\"Outward Hound su\u0146u pl\u012b\u0161a rota\u013clieta INVINCIBLES SNAKE\"}]},{\"@type\":\"WebSite\",\"@id\":\"https:\\\/\\\/myperfectdog.lv\\\/#website\",\"url\":\"https:\\\/\\\/myperfectdog.lv\\\/\",\"name\":\"MyPerfectDog.lv\",\"description\":\"Su\u0146u un saimnieku skola\",\"publisher\":{\"@id\":\"https:\\\/\\\/myperfectdog.lv\\\/#organization\"},\"potentialAction\":[{\"@type\":\"SearchAction\",\"target\":{\"@type\":\"EntryPoint\",\"urlTemplate\":\"https:\\\/\\\/myperfectdog.lv\\\/?s={search_term_string}\"},\"query-input\":{\"@type\":\"PropertyValueSpecification\",\"valueRequired\":true,\"valueName\":\"search_term_string\"}}],\"inLanguage\":\"en-GB\"},{\"@type\":\"Organization\",\"@id\":\"https:\\\/\\\/myperfectdog.lv\\\/#organization\",\"name\":\"Su\u0146u & saimnieku skola \\\"My Perfect Dog\\\"\",\"url\":\"https:\\\/\\\/myperfectdog.lv\\\/\",\"logo\":{\"@type\":\"ImageObject\",\"inLanguage\":\"en-GB\",\"@id\":\"https:\\\/\\\/myperfectdog.lv\\\/#\\\/schema\\\/logo\\\/image\\\/\",\"url\":\"https:\\\/\\\/myperfectdog.lv\\\/wp-content\\\/uploads\\\/2020\\\/10\\\/MyPerfectDog-New-logo_peach_plakans.png\",\"contentUrl\":\"https:\\\/\\\/myperfectdog.lv\\\/wp-content\\\/uploads\\\/2020\\\/10\\\/MyPerfectDog-New-logo_peach_plakans.png\",\"width\":1200,\"height\":636,\"caption\":\"Su\u0146u & saimnieku skola \\\"My Perfect Dog\\\"\"},\"image\":{\"@id\":\"https:\\\/\\\/myperfectdog.lv\\\/#\\\/schema\\\/logo\\\/image\\\/\"}}]}<\/script>\n<!-- \/ Yoast SEO plugin. -->","yoast_head_json":{"title":"Outward Hound su\u0146u pl\u012b\u0161a rota\u013clieta INVINCIBLES SNAKE | MyPerfectDog.lv","robots":{"index":"index","follow":"follow","max-snippet":"max-snippet:-1","max-image-preview":"max-image-preview:large","max-video-preview":"max-video-preview:-1"},"canonical":"https:\/\/myperfectdog.lv\/en\/product\/outward-hound-sunu-plisa-rotallieta-invincibles-snake\/","og_locale":"en_GB","og_type":"article","og_title":"Outward Hound su\u0146u pl\u012b\u0161a rota\u013clieta INVINCIBLES SNAKE | MyPerfectDog.lv","og_description":"Outward Hound&#8217;s Invincibles l\u012bnija tika \u012bpa\u0161i izveidota su\u0146iem, kuriem pat\u012bk ener\u0123iski sp\u0113l\u0113ties. Lai gan \u0161\u012bs pl\u012b\u0161a rota\u013clietas no \u0101rpuses ir m\u012bkstas un jaukas, t\u0101m ir \u012bpa\u0161a Dura-Tuff iek\u0161\u0113j\u0101 odere un divu sl\u0101\u0146u \u0101r\u0113j\u0101 \u0161uve, lai j\u016bsu su\u0146a jaunie lab\u0101kie draugi ilg\u0101k paliktu neskarti. Rota\u013clietas bez pild\u012bjuma samazina net\u012br\u012bbu, un p\u012bkstu\u013ci nodro\u0161in\u0101s j\u016bsu su\u0146a izklaidi pat&hellip;","og_url":"https:\/\/myperfectdog.lv\/en\/product\/outward-hound-sunu-plisa-rotallieta-invincibles-snake\/","og_site_name":"MyPerfectDog.lv","og_image":[{"width":896,"height":1120,"url":"https:\/\/myperfectdog.lv\/wp-content\/uploads\/2025\/12\/32067_OutwardHound_Invincibles_Snake_Blu_LG_PDP5-7a31de62ce5ba091950ec5b84af8c2ae.jpg","type":"image\/jpeg"}],"twitter_card":"summary_large_image","twitter_misc":{"Estimated reading time":"2 minutes"},"schema":{"@context":"https:\/\/schema.org","@graph":[{"@type":"WebPage","@id":"https:\/\/myperfectdog.lv\/products\/outward-hound-sunu-plisa-rotallieta-invincibles-snake\/","url":"https:\/\/myperfectdog.lv\/products\/outward-hound-sunu-plisa-rotallieta-invincibles-snake\/","name":"Outward Hound su\u0146u pl\u012b\u0161a rota\u013clieta INVINCIBLES SNAKE | MyPerfectDog.lv","isPartOf":{"@id":"https:\/\/myperfectdog.lv\/#website"},"primaryImageOfPage":{"@id":"https:\/\/myperfectdog.lv\/products\/outward-hound-sunu-plisa-rotallieta-invincibles-snake\/#primaryimage"},"image":{"@id":"https:\/\/myperfectdog.lv\/products\/outward-hound-sunu-plisa-rotallieta-invincibles-snake\/#primaryimage"},"thumbnailUrl":"https:\/\/myperfectdog.lv\/wp-content\/uploads\/2025\/12\/32067_OutwardHound_Invincibles_Snake_Blu_LG_PDP5-7a31de62ce5ba091950ec5b84af8c2ae.jpg","datePublished":"2025-12-15T02:25:28+00:00","breadcrumb":{"@id":"https:\/\/myperfectdog.lv\/products\/outward-hound-sunu-plisa-rotallieta-invincibles-snake\/#breadcrumb"},"inLanguage":"en-GB","potentialAction":[{"@type":"ReadAction","target":["https:\/\/myperfectdog.lv\/products\/outward-hound-sunu-plisa-rotallieta-invincibles-snake\/"]}]},{"@type":"ImageObject","inLanguage":"en-GB","@id":"https:\/\/myperfectdog.lv\/products\/outward-hound-sunu-plisa-rotallieta-invincibles-snake\/#primaryimage","url":"https:\/\/myperfectdog.lv\/wp-content\/uploads\/2025\/12\/32067_OutwardHound_Invincibles_Snake_Blu_LG_PDP5-7a31de62ce5ba091950ec5b84af8c2ae.jpg","contentUrl":"https:\/\/myperfectdog.lv\/wp-content\/uploads\/2025\/12\/32067_OutwardHound_Invincibles_Snake_Blu_LG_PDP5-7a31de62ce5ba091950ec5b84af8c2ae.jpg","width":896,"height":1120},{"@type":"BreadcrumbList","@id":"https:\/\/myperfectdog.lv\/products\/outward-hound-sunu-plisa-rotallieta-invincibles-snake\/#breadcrumb","itemListElement":[{"@type":"ListItem","position":1,"name":"Home","item":"https:\/\/myperfectdog.lv\/"},{"@type":"ListItem","position":2,"name":"Internetveikals","item":"https:\/\/myperfectdog.lv\/internetveikals\/"},{"@type":"ListItem","position":3,"name":"Outward Hound su\u0146u pl\u012b\u0161a rota\u013clieta INVINCIBLES SNAKE"}]},{"@type":"WebSite","@id":"https:\/\/myperfectdog.lv\/#website","url":"https:\/\/myperfectdog.lv\/","name":"MyPerfectDog.lv","description":"Su\u0146u un saimnieku skola","publisher":{"@id":"https:\/\/myperfectdog.lv\/#organization"},"potentialAction":[{"@type":"SearchAction","target":{"@type":"EntryPoint","urlTemplate":"https:\/\/myperfectdog.lv\/?s={search_term_string}"},"query-input":{"@type":"PropertyValueSpecification","valueRequired":true,"valueName":"search_term_string"}}],"inLanguage":"en-GB"},{"@type":"Organization","@id":"https:\/\/myperfectdog.lv\/#organization","name":"Su\u0146u & saimnieku skola \"My Perfect Dog\"","url":"https:\/\/myperfectdog.lv\/","logo":{"@type":"ImageObject","inLanguage":"en-GB","@id":"https:\/\/myperfectdog.lv\/#\/schema\/logo\/image\/","url":"https:\/\/myperfectdog.lv\/wp-content\/uploads\/2020\/10\/MyPerfectDog-New-logo_peach_plakans.png","contentUrl":"https:\/\/myperfectdog.lv\/wp-content\/uploads\/2020\/10\/MyPerfectDog-New-logo_peach_plakans.png","width":1200,"height":636,"caption":"Su\u0146u & saimnieku skola \"My Perfect Dog\""},"image":{"@id":"https:\/\/myperfectdog.lv\/#\/schema\/logo\/image\/"}}]}},"jetpack_sharing_enabled":true,"_links":{"self":[{"href":"https:\/\/myperfectdog.lv\/en\/wp-json\/wp\/v2\/product\/13922","targetHints":{"allow":["GET"]}}],"collection":[{"href":"https:\/\/myperfectdog.lv\/en\/wp-json\/wp\/v2\/product"}],"about":[{"href":"https:\/\/myperfectdog.lv\/en\/wp-json\/wp\/v2\/types\/product"}],"replies":[{"embeddable":true,"href":"https:\/\/myperfectdog.lv\/en\/wp-json\/wp\/v2\/comments?post=13922"}],"wp:featuredmedia":[{"embeddable":true,"href":"https:\/\/myperfectdog.lv\/en\/wp-json\/wp\/v2\/media\/13926"}],"wp:attachment":[{"href":"https:\/\/myperfectdog.lv\/en\/wp-json\/wp\/v2\/media?parent=13922"}],"wp:term":[{"taxonomy":"product_brand","embeddable":true,"href":"https:\/\/myperfectdog.lv\/en\/wp-json\/wp\/v2\/product_brand?post=13922"},{"taxonomy":"product_cat","embeddable":true,"href":"https:\/\/myperfectdog.lv\/en\/wp-json\/wp\/v2\/product_cat?post=13922"},{"taxonomy":"product_tag","embeddable":true,"href":"https:\/\/myperfectdog.lv\/en\/wp-json\/wp\/v2\/product_tag?post=13922"}],"curies":[{"name":"wp","href":"https:\/\/api.w.org\/{rel}","templated":true}]}}