{"id":13936,"date":"2025-12-15T04:37:24","date_gmt":"2025-12-15T02:37:24","guid":{"rendered":"https:\/\/myperfectdog.lv\/?post_type=product&#038;p=13936"},"modified":"2025-12-15T04:38:14","modified_gmt":"2025-12-15T02:38:14","slug":"outward-hound-by-nina-ottosson-a-maze-ball-dog-treat-puzzle-ball","status":"publish","type":"product","link":"https:\/\/myperfectdog.lv\/en\/product\/outward-hound-by-nina-ottosson-a-maze-ball-dog-treat-puzzle-ball\/","title":{"rendered":"Outward Hound by Nina Ottosson A-Maze Ball Dog Treat Puzzle Ball &#8211; su\u0146u rota\u013clieta"},"content":{"rendered":"<p data-start=\"0\" data-end=\"52\"><strong data-start=\"0\" data-end=\"37\">A-MAZE BALL &#8211; 3 ROTA\u013bLIETAS VIEN\u0100<\/strong><br data-start=\"37\" data-end=\"40\" \/>L\u012bmenis 2.<\/p>\n<p data-start=\"54\" data-end=\"160\"><strong data-start=\"54\" data-end=\"77\">3 ROTA\u013bLIETAS VIEN\u0100<\/strong>: Komplekt\u0101 ietilpst liela labirinta bumba, bumbi\u0146a ar gardumiem un tenisa bumbi\u0146a.<\/p>\n<p data-start=\"162\" data-end=\"526\"><strong data-start=\"162\" data-end=\"177\">A-Maze Ball<\/strong> ir interakt\u012bva su\u0146u bumbu puzle no <strong data-start=\"213\" data-end=\"230\">Nina Ottosson<\/strong> (Outward Hound), kas apvieno tr\u012bs rota\u013clietas vien\u0101! Taj\u0101 ir iek\u013cauta gardumu bumbi\u0146a, tenisa bumbi\u0146a un labirinta bumbi\u0146a, kas nodro\u0161ina papildu stimul\u0101ciju un ilg\u0101kas rota\u013cas, pal\u012bdzot uztur\u0113t tavu suni aiz\u0146emtu un ment\u0101li stimul\u0113tu. Tavs suns tiks atalgotas gan ar gardumiem, gan ar bumbi\u0146\u0101m.<\/p>\n<p data-start=\"528\" data-end=\"642\"><strong data-start=\"528\" data-end=\"553\">GARLAIC\u012aBAS NOV\u0112R\u0160ANA<\/strong>: \u0160\u012b interakt\u012bv\u0101 su\u0146u bumbu puzle pal\u012bdz su\u0146iem palikt aiz\u0146emtiem un ment\u0101li stimul\u0113tiem.<\/p>\n<p data-start=\"644\" data-end=\"805\"><strong data-start=\"644\" data-end=\"680\">FIZISK\u0100 UN MENT\u0100L\u0100 IZKUSTIN\u0100\u0160ANA<\/strong>: \u0160\u012b labirinta bumbi\u0146a ir rota\u013clieta un puzle vien\u0101, kas pied\u0101v\u0101 jautru veidu, k\u0101 tren\u0113jot su\u0146a probl\u0113mu risin\u0101\u0161anas prasmes.<\/p>\n<p data-start=\"807\" data-end=\"1112\"><strong data-start=\"807\" data-end=\"826\">K\u0100 TAS DARBOJAS<\/strong>: Ielliec zilaj\u0101 gardumu bumbi\u0146\u0101 gardumus un ievieto to lielaj\u0101 labirinta bumbi\u0146\u0101, pievieno tenisa bumbi\u0146u k\u0101 blo\u0137\u0113jo\u0161o bumbi\u0146u. Kad tavs suns atbr\u012bvos zilo bumbi\u0146u un tenisa bumbi\u0146u, vi\u0146am b\u016bs j\u0101ripina bumba, lai izlaistu gardumus no liel\u0101s A-Maze Ball bumbi\u0146as un zil\u0101s gardumu bumbi\u0146as.<\/p>\n<p data-start=\"1114\" data-end=\"1320\"><strong data-start=\"1114\" data-end=\"1130\">P\u0100RTRAUKT\u0100JS<\/strong>: A-Maze Ball lieliski der k\u0101 puzles barot\u0101js, jautrs veids, k\u0101 \u013caut sunim darboties pie gardumu iz\u0146em\u0161anas. Lielaj\u0101 labirinta bumbi\u0146\u0101 ir 8 labirinta kameras, no kur\u0101m sunim j\u0101ieg\u016bst gardumus.<\/p>\n<p data-start=\"1322\" data-end=\"1414\">\u0160is <strong data-start=\"1326\" data-end=\"1339\">L\u012bmenis 2<\/strong> puzle ir piem\u0113rota visiem su\u0146iem neatkar\u012bgi no vecuma, izm\u0113ra vai \u0161\u0137irnes.<\/p>\n<p data-start=\"1416\" data-end=\"1552\"><strong data-start=\"1416\" data-end=\"1448\">PIEVIENO DA\u017d\u0100DAS ROTA\u013bLIETAS<\/strong>: Tu vari ievietot ar\u012b standarta tenisa bumbi\u0146u vai Outward Hound vid\u0113j\u0101s izm\u0113ra squeaker bumbi\u0146as.<\/p>\n<p data-start=\"1554\" data-end=\"1707\"><strong data-start=\"1554\" data-end=\"1572\">SP\u0112L\u0112 TO DRO\u0160I<\/strong>: Nav neviena rota\u013clieta, kas b\u016btu neizn\u012bcin\u0101ma. Nekad neatst\u0101j rota\u013clietu bez uzraudz\u012bbas. No\u0146em un nomaini rota\u013clietu, ja t\u0101 ir boj\u0101ta.<\/p>\n<p data-start=\"1709\" data-end=\"2312\"><strong data-start=\"1709\" data-end=\"1754\">SP\u0112L\u0112JOT SEKOT NORM\u0100M \u2013 DRO\u0160\u012aBA UN APR\u016aPE<\/strong>: Izv\u0113loties rota\u013clietu, p\u0101rliecinies, ka t\u0101 ir piem\u0113rota su\u0146a izm\u0113ram\/veidam\/l\u012bmenim. Nav rota\u013clietu vai sp\u0113\u013cu, kas ir neizn\u012bcin\u0101mas.<\/p>\n<p data-start=\"1709\" data-end=\"2312\"><strong data-start=\"1889\" data-end=\"1923\">UZRAUGI SUNI<\/strong>, iem\u0101ci sunim, k\u0101 sp\u0113le\/rota\u013clieta darbojas. Neatst\u0101j suni vienu ar gardumu sp\u0113li\/rota\u013clietu, ne\u013cauj sunim ko\u0161\u013c\u0101t uz sp\u0113les\/rota\u013clietas vai t\u0101s da\u013c\u0101m. Regul\u0101ri p\u0101rbaudi boj\u0101jumus un iz\u0146em, ja tas ir saplais\u0101jis vai da\u013cas ir atdal\u012bju\u0161\u0101s, jo tas var rad\u012bt nopietnus ievainojumus. Piem\u0113rota tikai su\u0146iem, nav b\u0113rnu rota\u013clieta. Kad rota\u013clieta ir tuk\u0161a, glab\u0101 to l\u012bdz n\u0101kamajai sp\u0113l\u0113\u0161an\u0101s reizei.<\/p>\n<p data-start=\"2314\" data-end=\"2516\"><strong data-start=\"2314\" data-end=\"2326\">K\u0100 MAZG\u0100T<\/strong>: Liel\u0101 \u0101r\u0113j\u0101 labirinta bumbi\u0146a ir izgatavota no elast\u012bga plastmasas materi\u0101la, kuru ir viegli t\u012br\u012bt \u2013 vienk\u0101r\u0161i piepildi to ar siltu \u016bdeni un maigu ziepju, sakrati, izskalo un iz\u017e\u0101v\u0113 gais\u0101.<\/p>\n<p data-start=\"2518\" data-end=\"2577\" data-is-last-node=\"\" data-is-only-node=\"\"><strong data-start=\"2518\" data-end=\"2537\">Produkta izm\u0113ri<\/strong>:21.00 x 21.00 cm.<\/p>","protected":false},"excerpt":{"rendered":"<p>A-MAZE BALL &#8211; 3 ROTA\u013bLIETAS VIEN\u0100L\u012bmenis 2. 3 ROTA\u013bLIETAS VIEN\u0100: Komplekt\u0101 ietilpst liela labirinta bumba, bumbi\u0146a ar gardumiem un tenisa bumbi\u0146a. A-Maze Ball ir interakt\u012bva su\u0146u bumbu puzle no Nina Ottosson (Outward Hound), kas apvieno tr\u012bs rota\u013clietas vien\u0101! Taj\u0101 ir iek\u013cauta gardumu bumbi\u0146a, tenisa bumbi\u0146a un labirinta bumbi\u0146a, kas nodro\u0161ina papildu stimul\u0101ciju un ilg\u0101kas rota\u013cas,&hellip;<\/p>","protected":false},"featured_media":13939,"comment_status":"closed","ping_status":"closed","template":"","meta":[],"product_brand":[],"product_cat":[41],"product_tag":[],"class_list":{"0":"post-13936","1":"product","2":"type-product","3":"status-publish","4":"has-post-thumbnail","6":"product_cat-speles-suniem","8":"first","9":"instock","10":"taxable","11":"shipping-taxable","12":"purchasable","13":"product-type-simple"},"yoast_head":"<!-- This site is optimized with the Yoast SEO plugin v27.5 - https:\/\/yoast.com\/product\/yoast-seo-wordpress\/ -->\n<title>Outward Hound by Nina Ottosson A-Maze Ball Dog Treat Puzzle Ball - su\u0146u rota\u013clieta | MyPerfectDog.lv<\/title>\n<meta name=\"robots\" content=\"index, follow, max-snippet:-1, max-image-preview:large, max-video-preview:-1\" \/>\n<link rel=\"canonical\" href=\"https:\/\/myperfectdog.lv\/en\/product\/outward-hound-by-nina-ottosson-a-maze-ball-dog-treat-puzzle-ball\/\" \/>\n<meta property=\"og:locale\" content=\"en_GB\" \/>\n<meta property=\"og:type\" content=\"article\" \/>\n<meta property=\"og:title\" content=\"Outward Hound by Nina Ottosson A-Maze Ball Dog Treat Puzzle Ball - su\u0146u rota\u013clieta | MyPerfectDog.lv\" \/>\n<meta property=\"og:description\" content=\"A-MAZE BALL &#8211; 3 ROTA\u013bLIETAS VIEN\u0100L\u012bmenis 2. 3 ROTA\u013bLIETAS VIEN\u0100: Komplekt\u0101 ietilpst liela labirinta bumba, bumbi\u0146a ar gardumiem un tenisa bumbi\u0146a. A-Maze Ball ir interakt\u012bva su\u0146u bumbu puzle no Nina Ottosson (Outward Hound), kas apvieno tr\u012bs rota\u013clietas vien\u0101! Taj\u0101 ir iek\u013cauta gardumu bumbi\u0146a, tenisa bumbi\u0146a un labirinta bumbi\u0146a, kas nodro\u0161ina papildu stimul\u0101ciju un ilg\u0101kas rota\u013cas,&hellip;\" \/>\n<meta property=\"og:url\" content=\"https:\/\/myperfectdog.lv\/en\/product\/outward-hound-by-nina-ottosson-a-maze-ball-dog-treat-puzzle-ball\/\" \/>\n<meta property=\"og:site_name\" content=\"MyPerfectDog.lv\" \/>\n<meta property=\"article:modified_time\" content=\"2025-12-15T02:38:14+00:00\" \/>\n<meta property=\"og:image\" content=\"https:\/\/myperfectdog.lv\/wp-content\/uploads\/2025\/12\/NinaOttosson_A-MazeBall-scaled.jpg\" \/>\n\t<meta property=\"og:image:width\" content=\"2560\" \/>\n\t<meta property=\"og:image:height\" content=\"2560\" \/>\n\t<meta property=\"og:image:type\" content=\"image\/jpeg\" \/>\n<meta name=\"twitter:card\" content=\"summary_large_image\" \/>\n<meta name=\"twitter:label1\" content=\"Estimated reading time\" \/>\n\t<meta name=\"twitter:data1\" content=\"3 minutes\" \/>\n<script type=\"application\/ld+json\" class=\"yoast-schema-graph\">{\"@context\":\"https:\\\/\\\/schema.org\",\"@graph\":[{\"@type\":\"WebPage\",\"@id\":\"https:\\\/\\\/myperfectdog.lv\\\/products\\\/outward-hound-by-nina-ottosson-a-maze-ball-dog-treat-puzzle-ball\\\/\",\"url\":\"https:\\\/\\\/myperfectdog.lv\\\/products\\\/outward-hound-by-nina-ottosson-a-maze-ball-dog-treat-puzzle-ball\\\/\",\"name\":\"Outward Hound by Nina Ottosson A-Maze Ball Dog Treat Puzzle Ball - su\u0146u rota\u013clieta | MyPerfectDog.lv\",\"isPartOf\":{\"@id\":\"https:\\\/\\\/myperfectdog.lv\\\/#website\"},\"primaryImageOfPage\":{\"@id\":\"https:\\\/\\\/myperfectdog.lv\\\/products\\\/outward-hound-by-nina-ottosson-a-maze-ball-dog-treat-puzzle-ball\\\/#primaryimage\"},\"image\":{\"@id\":\"https:\\\/\\\/myperfectdog.lv\\\/products\\\/outward-hound-by-nina-ottosson-a-maze-ball-dog-treat-puzzle-ball\\\/#primaryimage\"},\"thumbnailUrl\":\"https:\\\/\\\/myperfectdog.lv\\\/wp-content\\\/uploads\\\/2025\\\/12\\\/NinaOttosson_A-MazeBall-scaled.jpg\",\"datePublished\":\"2025-12-15T02:37:24+00:00\",\"dateModified\":\"2025-12-15T02:38:14+00:00\",\"breadcrumb\":{\"@id\":\"https:\\\/\\\/myperfectdog.lv\\\/products\\\/outward-hound-by-nina-ottosson-a-maze-ball-dog-treat-puzzle-ball\\\/#breadcrumb\"},\"inLanguage\":\"en-GB\",\"potentialAction\":[{\"@type\":\"ReadAction\",\"target\":[\"https:\\\/\\\/myperfectdog.lv\\\/products\\\/outward-hound-by-nina-ottosson-a-maze-ball-dog-treat-puzzle-ball\\\/\"]}]},{\"@type\":\"ImageObject\",\"inLanguage\":\"en-GB\",\"@id\":\"https:\\\/\\\/myperfectdog.lv\\\/products\\\/outward-hound-by-nina-ottosson-a-maze-ball-dog-treat-puzzle-ball\\\/#primaryimage\",\"url\":\"https:\\\/\\\/myperfectdog.lv\\\/wp-content\\\/uploads\\\/2025\\\/12\\\/NinaOttosson_A-MazeBall-scaled.jpg\",\"contentUrl\":\"https:\\\/\\\/myperfectdog.lv\\\/wp-content\\\/uploads\\\/2025\\\/12\\\/NinaOttosson_A-MazeBall-scaled.jpg\",\"width\":2560,\"height\":2560},{\"@type\":\"BreadcrumbList\",\"@id\":\"https:\\\/\\\/myperfectdog.lv\\\/products\\\/outward-hound-by-nina-ottosson-a-maze-ball-dog-treat-puzzle-ball\\\/#breadcrumb\",\"itemListElement\":[{\"@type\":\"ListItem\",\"position\":1,\"name\":\"Home\",\"item\":\"https:\\\/\\\/myperfectdog.lv\\\/\"},{\"@type\":\"ListItem\",\"position\":2,\"name\":\"Internetveikals\",\"item\":\"https:\\\/\\\/myperfectdog.lv\\\/internetveikals\\\/\"},{\"@type\":\"ListItem\",\"position\":3,\"name\":\"Outward Hound by Nina Ottosson A-Maze Ball Dog Treat Puzzle Ball &#8211; su\u0146u rota\u013clieta\"}]},{\"@type\":\"WebSite\",\"@id\":\"https:\\\/\\\/myperfectdog.lv\\\/#website\",\"url\":\"https:\\\/\\\/myperfectdog.lv\\\/\",\"name\":\"MyPerfectDog.lv\",\"description\":\"Su\u0146u un saimnieku skola\",\"publisher\":{\"@id\":\"https:\\\/\\\/myperfectdog.lv\\\/#organization\"},\"potentialAction\":[{\"@type\":\"SearchAction\",\"target\":{\"@type\":\"EntryPoint\",\"urlTemplate\":\"https:\\\/\\\/myperfectdog.lv\\\/?s={search_term_string}\"},\"query-input\":{\"@type\":\"PropertyValueSpecification\",\"valueRequired\":true,\"valueName\":\"search_term_string\"}}],\"inLanguage\":\"en-GB\"},{\"@type\":\"Organization\",\"@id\":\"https:\\\/\\\/myperfectdog.lv\\\/#organization\",\"name\":\"Su\u0146u & saimnieku skola \\\"My Perfect Dog\\\"\",\"url\":\"https:\\\/\\\/myperfectdog.lv\\\/\",\"logo\":{\"@type\":\"ImageObject\",\"inLanguage\":\"en-GB\",\"@id\":\"https:\\\/\\\/myperfectdog.lv\\\/#\\\/schema\\\/logo\\\/image\\\/\",\"url\":\"https:\\\/\\\/myperfectdog.lv\\\/wp-content\\\/uploads\\\/2020\\\/10\\\/MyPerfectDog-New-logo_peach_plakans.png\",\"contentUrl\":\"https:\\\/\\\/myperfectdog.lv\\\/wp-content\\\/uploads\\\/2020\\\/10\\\/MyPerfectDog-New-logo_peach_plakans.png\",\"width\":1200,\"height\":636,\"caption\":\"Su\u0146u & saimnieku skola \\\"My Perfect Dog\\\"\"},\"image\":{\"@id\":\"https:\\\/\\\/myperfectdog.lv\\\/#\\\/schema\\\/logo\\\/image\\\/\"}}]}<\/script>\n<!-- \/ Yoast SEO plugin. -->","yoast_head_json":{"title":"Outward Hound by Nina Ottosson A-Maze Ball Dog Treat Puzzle Ball - su\u0146u rota\u013clieta | MyPerfectDog.lv","robots":{"index":"index","follow":"follow","max-snippet":"max-snippet:-1","max-image-preview":"max-image-preview:large","max-video-preview":"max-video-preview:-1"},"canonical":"https:\/\/myperfectdog.lv\/en\/product\/outward-hound-by-nina-ottosson-a-maze-ball-dog-treat-puzzle-ball\/","og_locale":"en_GB","og_type":"article","og_title":"Outward Hound by Nina Ottosson A-Maze Ball Dog Treat Puzzle Ball - su\u0146u rota\u013clieta | MyPerfectDog.lv","og_description":"A-MAZE BALL &#8211; 3 ROTA\u013bLIETAS VIEN\u0100L\u012bmenis 2. 3 ROTA\u013bLIETAS VIEN\u0100: Komplekt\u0101 ietilpst liela labirinta bumba, bumbi\u0146a ar gardumiem un tenisa bumbi\u0146a. A-Maze Ball ir interakt\u012bva su\u0146u bumbu puzle no Nina Ottosson (Outward Hound), kas apvieno tr\u012bs rota\u013clietas vien\u0101! Taj\u0101 ir iek\u013cauta gardumu bumbi\u0146a, tenisa bumbi\u0146a un labirinta bumbi\u0146a, kas nodro\u0161ina papildu stimul\u0101ciju un ilg\u0101kas rota\u013cas,&hellip;","og_url":"https:\/\/myperfectdog.lv\/en\/product\/outward-hound-by-nina-ottosson-a-maze-ball-dog-treat-puzzle-ball\/","og_site_name":"MyPerfectDog.lv","article_modified_time":"2025-12-15T02:38:14+00:00","og_image":[{"width":2560,"height":2560,"url":"https:\/\/myperfectdog.lv\/wp-content\/uploads\/2025\/12\/NinaOttosson_A-MazeBall-scaled.jpg","type":"image\/jpeg"}],"twitter_card":"summary_large_image","twitter_misc":{"Estimated reading time":"3 minutes"},"schema":{"@context":"https:\/\/schema.org","@graph":[{"@type":"WebPage","@id":"https:\/\/myperfectdog.lv\/products\/outward-hound-by-nina-ottosson-a-maze-ball-dog-treat-puzzle-ball\/","url":"https:\/\/myperfectdog.lv\/products\/outward-hound-by-nina-ottosson-a-maze-ball-dog-treat-puzzle-ball\/","name":"Outward Hound by Nina Ottosson A-Maze Ball Dog Treat Puzzle Ball - su\u0146u rota\u013clieta | MyPerfectDog.lv","isPartOf":{"@id":"https:\/\/myperfectdog.lv\/#website"},"primaryImageOfPage":{"@id":"https:\/\/myperfectdog.lv\/products\/outward-hound-by-nina-ottosson-a-maze-ball-dog-treat-puzzle-ball\/#primaryimage"},"image":{"@id":"https:\/\/myperfectdog.lv\/products\/outward-hound-by-nina-ottosson-a-maze-ball-dog-treat-puzzle-ball\/#primaryimage"},"thumbnailUrl":"https:\/\/myperfectdog.lv\/wp-content\/uploads\/2025\/12\/NinaOttosson_A-MazeBall-scaled.jpg","datePublished":"2025-12-15T02:37:24+00:00","dateModified":"2025-12-15T02:38:14+00:00","breadcrumb":{"@id":"https:\/\/myperfectdog.lv\/products\/outward-hound-by-nina-ottosson-a-maze-ball-dog-treat-puzzle-ball\/#breadcrumb"},"inLanguage":"en-GB","potentialAction":[{"@type":"ReadAction","target":["https:\/\/myperfectdog.lv\/products\/outward-hound-by-nina-ottosson-a-maze-ball-dog-treat-puzzle-ball\/"]}]},{"@type":"ImageObject","inLanguage":"en-GB","@id":"https:\/\/myperfectdog.lv\/products\/outward-hound-by-nina-ottosson-a-maze-ball-dog-treat-puzzle-ball\/#primaryimage","url":"https:\/\/myperfectdog.lv\/wp-content\/uploads\/2025\/12\/NinaOttosson_A-MazeBall-scaled.jpg","contentUrl":"https:\/\/myperfectdog.lv\/wp-content\/uploads\/2025\/12\/NinaOttosson_A-MazeBall-scaled.jpg","width":2560,"height":2560},{"@type":"BreadcrumbList","@id":"https:\/\/myperfectdog.lv\/products\/outward-hound-by-nina-ottosson-a-maze-ball-dog-treat-puzzle-ball\/#breadcrumb","itemListElement":[{"@type":"ListItem","position":1,"name":"Home","item":"https:\/\/myperfectdog.lv\/"},{"@type":"ListItem","position":2,"name":"Internetveikals","item":"https:\/\/myperfectdog.lv\/internetveikals\/"},{"@type":"ListItem","position":3,"name":"Outward Hound by Nina Ottosson A-Maze Ball Dog Treat Puzzle Ball &#8211; su\u0146u rota\u013clieta"}]},{"@type":"WebSite","@id":"https:\/\/myperfectdog.lv\/#website","url":"https:\/\/myperfectdog.lv\/","name":"MyPerfectDog.lv","description":"Su\u0146u un saimnieku skola","publisher":{"@id":"https:\/\/myperfectdog.lv\/#organization"},"potentialAction":[{"@type":"SearchAction","target":{"@type":"EntryPoint","urlTemplate":"https:\/\/myperfectdog.lv\/?s={search_term_string}"},"query-input":{"@type":"PropertyValueSpecification","valueRequired":true,"valueName":"search_term_string"}}],"inLanguage":"en-GB"},{"@type":"Organization","@id":"https:\/\/myperfectdog.lv\/#organization","name":"Su\u0146u & saimnieku skola \"My Perfect Dog\"","url":"https:\/\/myperfectdog.lv\/","logo":{"@type":"ImageObject","inLanguage":"en-GB","@id":"https:\/\/myperfectdog.lv\/#\/schema\/logo\/image\/","url":"https:\/\/myperfectdog.lv\/wp-content\/uploads\/2020\/10\/MyPerfectDog-New-logo_peach_plakans.png","contentUrl":"https:\/\/myperfectdog.lv\/wp-content\/uploads\/2020\/10\/MyPerfectDog-New-logo_peach_plakans.png","width":1200,"height":636,"caption":"Su\u0146u & saimnieku skola \"My Perfect Dog\""},"image":{"@id":"https:\/\/myperfectdog.lv\/#\/schema\/logo\/image\/"}}]}},"jetpack_sharing_enabled":true,"_links":{"self":[{"href":"https:\/\/myperfectdog.lv\/en\/wp-json\/wp\/v2\/product\/13936","targetHints":{"allow":["GET"]}}],"collection":[{"href":"https:\/\/myperfectdog.lv\/en\/wp-json\/wp\/v2\/product"}],"about":[{"href":"https:\/\/myperfectdog.lv\/en\/wp-json\/wp\/v2\/types\/product"}],"replies":[{"embeddable":true,"href":"https:\/\/myperfectdog.lv\/en\/wp-json\/wp\/v2\/comments?post=13936"}],"wp:featuredmedia":[{"embeddable":true,"href":"https:\/\/myperfectdog.lv\/en\/wp-json\/wp\/v2\/media\/13939"}],"wp:attachment":[{"href":"https:\/\/myperfectdog.lv\/en\/wp-json\/wp\/v2\/media?parent=13936"}],"wp:term":[{"taxonomy":"product_brand","embeddable":true,"href":"https:\/\/myperfectdog.lv\/en\/wp-json\/wp\/v2\/product_brand?post=13936"},{"taxonomy":"product_cat","embeddable":true,"href":"https:\/\/myperfectdog.lv\/en\/wp-json\/wp\/v2\/product_cat?post=13936"},{"taxonomy":"product_tag","embeddable":true,"href":"https:\/\/myperfectdog.lv\/en\/wp-json\/wp\/v2\/product_tag?post=13936"}],"curies":[{"name":"wp","href":"https:\/\/api.w.org\/{rel}","templated":true}]}}