{"id":14858,"date":"2026-05-10T09:01:02","date_gmt":"2026-05-10T07:01:02","guid":{"rendered":"https:\/\/myperfectdog.lv\/?post_type=product&#038;p=14858"},"modified":"2026-05-10T09:15:41","modified_gmt":"2026-05-10T07:15:41","slug":"online-kurss-berns-suns","status":"publish","type":"product","link":"https:\/\/myperfectdog.lv\/en\/product\/online-kurss-berns-suns\/","title":{"rendered":"Online kurss: &#8220;K\u0101 sagatavot suni mazu\u013ca ien\u0101k\u0161anai \u0123imen\u0113?&#8221;"},"content":{"rendered":"<p><strong>\ud83c\udf93 Kas ir iek\u013cauts kurs\u0101?<\/strong><br \/>\n\u200bEsmu apkopojusi svar\u012bg\u0101ko, lai J\u016bs justos p\u0101rliecin\u0101ti ikvien\u0101 posm\u0101.<\/p>\n<ul>\n<li>\u200b<strong>Izpratne un komunik\u0101cija:<\/strong> Padzi\u013cin\u0101ta teorija par su\u0146u \u0137erme\u0146a valodu un to, k\u0101 pieaugu\u0161ais var k\u013c\u016bt par dro\u0161u mediatoru \u0161aj\u0101s attiec\u012bb\u0101s.<\/li>\n<li>\u200b<strong>Sagatavo\u0161an\u0101s:<\/strong> Ko un k\u0101 m\u0101c\u012bt sunim jau gaid\u012bbu laik\u0101, lai p\u0101rmai\u0146as b\u016btu mier\u012bgas.<\/li>\n<li>\u200b<strong>Dro\u0161a iepaz\u012bstin\u0101\u0161ana:<\/strong> K\u0101 pareizi un pak\u0101peniski iepaz\u012bstin\u0101t suni ar jauno \u0123imenes locekli.<\/li>\n<li>\u200b<strong>Pozit\u012bvas asoci\u0101cijas:<\/strong> K\u0101 veidot sunim pat\u012bkamas saj\u016btas saist\u012bb\u0101 ar b\u0113rna liet\u0101m un jaunaj\u0101m smar\u017e\u0101m, ska\u0146\u0101m m\u0101j\u0101s.<\/li>\n<li>\u200b<strong>Jaun\u0101 ikdiena:<\/strong> Praktiski padomi rut\u012bnas mai\u0146ai un pastaigu organiz\u0113\u0161anai kop\u0101 ar rati\u0146iem un suni.<\/li>\n<li>\u200b<strong>Robe\u017eas un dro\u0161\u012bba:<\/strong> K\u0101 m\u0101c\u012bt b\u0113rnam pareizi pieskarties sunim un k\u0101 dro\u0161i organiz\u0113t laiku, kad b\u0113rns atrodas uz zemes (rota\u013cas).<\/li>\n<li>\u200b<strong>Vajadz\u012bbu l\u012bdzsvars:<\/strong> K\u0101 main\u0101s su\u0146a pamatvajadz\u012bbas, ien\u0101kot b\u0113rnam, un k\u0101 t\u0101s apmierin\u0101t bez stresa.<\/li>\n<\/ul>\n<p>&nbsp;<\/p>\n<p><strong>K\u0101p\u0113c izv\u0113l\u0113ties \u0161o kursu?<\/strong><br \/>\n\u200b\u2705 \u0112tiska pieeja: M\u0113s nem\u0101c\u0101m suni caur bail\u0113m, bet gan caur sapratni.<br \/>\n\u2705 Sav\u0101 temp\u0101: M\u0101cies jebkur\u0101 laik\u0101 un viet\u0101.<br \/>\n\u2705 Miers m\u0101j\u0101s: Ieg\u016bsti zin\u0101\u0161anas, kas mazin\u0101s trauksmi gan tev, gan Tavam m\u012blulim.<\/p>\n<p>\u200bS\u0101ciet ce\u013cu uz harmonisku draudz\u012bbu jau \u0161odien!<\/p>","protected":false},"excerpt":{"rendered":"<p>\u200bVai gaid\u0101t \u0123imenes pieaugumu vai ar\u012b J\u016bsu m\u0101j\u0101s aug mazulis kop\u0101 ar \u010detrk\u0101jaino draugu? Bie\u017ei vien vec\u0101kiem rodas jaut\u0101jumi: k\u0101 pasarg\u0101t abus? K\u0101 iem\u0101c\u012bt sunim mieru un b\u0113rnam \u2013 cie\u0146u pret dz\u012bvnieku?<\/p>\n<p>\u200b&#8221;My Perfect Dog&#8221; su\u0146u uzved\u012bbas speci\u0101liste, fran\u010du buldoga Zeva aizbildne un mamma meiti\u0146ai Kaliai &#8211; Li\u0101na B\u0113rzi\u0146a ir sagatavojusi\u00a0 visaptvero\u0161u online kursu, kas balst\u012bts uz \u0113tisku su\u0146u apm\u0101c\u012bbu, lai pal\u012bdz\u0113tu Jums izveidot dro\u0161u un uz uztic\u012bbu balst\u012btu saikni starp J\u016bsu b\u0113rnu un suni. \u0160\u012b nav tikai teorija &#8211; tie ir praktiski r\u012bki, kurus varat apg\u016bt sav\u0101 temp\u0101<\/p>","protected":false},"featured_media":14859,"comment_status":"closed","ping_status":"closed","template":"","meta":[],"product_brand":[],"product_cat":[43],"product_tag":[],"class_list":{"0":"post-14858","1":"product","2":"type-product","3":"status-publish","4":"has-post-thumbnail","6":"product_cat-izglitojosi","8":"first","9":"instock","10":"sale","11":"virtual","12":"taxable","13":"purchasable","14":"product-type-simple"},"yoast_head":"<!-- This site is optimized with the Yoast SEO plugin v27.5 - https:\/\/yoast.com\/product\/yoast-seo-wordpress\/ -->\n<title>Online kurss: &quot;K\u0101 sagatavot suni mazu\u013ca ien\u0101k\u0161anai \u0123imen\u0113?&quot; | MyPerfectDog.lv<\/title>\n<meta name=\"robots\" content=\"index, follow, max-snippet:-1, max-image-preview:large, max-video-preview:-1\" \/>\n<link rel=\"canonical\" href=\"https:\/\/myperfectdog.lv\/en\/product\/online-kurss-berns-suns\/\" \/>\n<meta property=\"og:locale\" content=\"en_GB\" \/>\n<meta property=\"og:type\" content=\"article\" \/>\n<meta property=\"og:title\" content=\"Online kurss: &quot;K\u0101 sagatavot suni mazu\u013ca ien\u0101k\u0161anai \u0123imen\u0113?&quot; | MyPerfectDog.lv\" \/>\n<meta property=\"og:description\" content=\"\u200bVai gaid\u0101t \u0123imenes pieaugumu vai ar\u012b J\u016bsu m\u0101j\u0101s aug mazulis kop\u0101 ar \u010detrk\u0101jaino draugu? Bie\u017ei vien vec\u0101kiem rodas jaut\u0101jumi: k\u0101 pasarg\u0101t abus? K\u0101 iem\u0101c\u012bt sunim mieru un b\u0113rnam \u2013 cie\u0146u pret dz\u012bvnieku?  \u200b&quot;My Perfect Dog&quot; su\u0146u uzved\u012bbas speci\u0101liste, fran\u010du buldoga Zeva aizbildne un mamma meiti\u0146ai Kaliai - Li\u0101na B\u0113rzi\u0146a ir sagatavojusi\u00a0 visaptvero\u0161u online kursu, kas balst\u012bts uz \u0113tisku su\u0146u apm\u0101c\u012bbu, lai pal\u012bdz\u0113tu Jums izveidot dro\u0161u un uz uztic\u012bbu balst\u012btu saikni starp J\u016bsu b\u0113rnu un suni. \u0160\u012b nav tikai teorija - tie ir praktiski r\u012bki, kurus varat apg\u016bt sav\u0101 temp\u0101\" \/>\n<meta property=\"og:url\" content=\"https:\/\/myperfectdog.lv\/en\/product\/online-kurss-berns-suns\/\" \/>\n<meta property=\"og:site_name\" content=\"MyPerfectDog.lv\" \/>\n<meta property=\"article:modified_time\" content=\"2026-05-10T07:15:41+00:00\" \/>\n<meta property=\"og:image\" content=\"https:\/\/myperfectdog.lv\/wp-content\/uploads\/2026\/05\/Pets-Feed-Templates.png\" \/>\n\t<meta property=\"og:image:width\" content=\"1080\" \/>\n\t<meta property=\"og:image:height\" content=\"1080\" \/>\n\t<meta property=\"og:image:type\" content=\"image\/png\" \/>\n<meta name=\"twitter:card\" content=\"summary_large_image\" \/>\n<meta name=\"twitter:label1\" content=\"Estimated reading time\" \/>\n\t<meta name=\"twitter:data1\" content=\"2 minutes\" \/>\n<script type=\"application\/ld+json\" class=\"yoast-schema-graph\">{\"@context\":\"https:\\\/\\\/schema.org\",\"@graph\":[{\"@type\":\"WebPage\",\"@id\":\"https:\\\/\\\/myperfectdog.lv\\\/products\\\/online-kurss-berns-suns\\\/\",\"url\":\"https:\\\/\\\/myperfectdog.lv\\\/products\\\/online-kurss-berns-suns\\\/\",\"name\":\"Online kurss: \\\"K\u0101 sagatavot suni mazu\u013ca ien\u0101k\u0161anai \u0123imen\u0113?\\\" | MyPerfectDog.lv\",\"isPartOf\":{\"@id\":\"https:\\\/\\\/myperfectdog.lv\\\/#website\"},\"primaryImageOfPage\":{\"@id\":\"https:\\\/\\\/myperfectdog.lv\\\/products\\\/online-kurss-berns-suns\\\/#primaryimage\"},\"image\":{\"@id\":\"https:\\\/\\\/myperfectdog.lv\\\/products\\\/online-kurss-berns-suns\\\/#primaryimage\"},\"thumbnailUrl\":\"https:\\\/\\\/myperfectdog.lv\\\/wp-content\\\/uploads\\\/2026\\\/05\\\/Pets-Feed-Templates.png\",\"datePublished\":\"2026-05-10T07:01:02+00:00\",\"dateModified\":\"2026-05-10T07:15:41+00:00\",\"breadcrumb\":{\"@id\":\"https:\\\/\\\/myperfectdog.lv\\\/products\\\/online-kurss-berns-suns\\\/#breadcrumb\"},\"inLanguage\":\"en-GB\",\"potentialAction\":[{\"@type\":\"ReadAction\",\"target\":[\"https:\\\/\\\/myperfectdog.lv\\\/products\\\/online-kurss-berns-suns\\\/\"]}]},{\"@type\":\"ImageObject\",\"inLanguage\":\"en-GB\",\"@id\":\"https:\\\/\\\/myperfectdog.lv\\\/products\\\/online-kurss-berns-suns\\\/#primaryimage\",\"url\":\"https:\\\/\\\/myperfectdog.lv\\\/wp-content\\\/uploads\\\/2026\\\/05\\\/Pets-Feed-Templates.png\",\"contentUrl\":\"https:\\\/\\\/myperfectdog.lv\\\/wp-content\\\/uploads\\\/2026\\\/05\\\/Pets-Feed-Templates.png\",\"width\":1080,\"height\":1080},{\"@type\":\"BreadcrumbList\",\"@id\":\"https:\\\/\\\/myperfectdog.lv\\\/products\\\/online-kurss-berns-suns\\\/#breadcrumb\",\"itemListElement\":[{\"@type\":\"ListItem\",\"position\":1,\"name\":\"Home\",\"item\":\"https:\\\/\\\/myperfectdog.lv\\\/\"},{\"@type\":\"ListItem\",\"position\":2,\"name\":\"Internetveikals\",\"item\":\"https:\\\/\\\/myperfectdog.lv\\\/internetveikals\\\/\"},{\"@type\":\"ListItem\",\"position\":3,\"name\":\"Online kurss: &#8220;K\u0101 sagatavot suni mazu\u013ca ien\u0101k\u0161anai \u0123imen\u0113?&#8221;\"}]},{\"@type\":\"WebSite\",\"@id\":\"https:\\\/\\\/myperfectdog.lv\\\/#website\",\"url\":\"https:\\\/\\\/myperfectdog.lv\\\/\",\"name\":\"MyPerfectDog.lv\",\"description\":\"Su\u0146u un saimnieku skola\",\"publisher\":{\"@id\":\"https:\\\/\\\/myperfectdog.lv\\\/#organization\"},\"potentialAction\":[{\"@type\":\"SearchAction\",\"target\":{\"@type\":\"EntryPoint\",\"urlTemplate\":\"https:\\\/\\\/myperfectdog.lv\\\/?s={search_term_string}\"},\"query-input\":{\"@type\":\"PropertyValueSpecification\",\"valueRequired\":true,\"valueName\":\"search_term_string\"}}],\"inLanguage\":\"en-GB\"},{\"@type\":\"Organization\",\"@id\":\"https:\\\/\\\/myperfectdog.lv\\\/#organization\",\"name\":\"Su\u0146u & saimnieku skola \\\"My Perfect Dog\\\"\",\"url\":\"https:\\\/\\\/myperfectdog.lv\\\/\",\"logo\":{\"@type\":\"ImageObject\",\"inLanguage\":\"en-GB\",\"@id\":\"https:\\\/\\\/myperfectdog.lv\\\/#\\\/schema\\\/logo\\\/image\\\/\",\"url\":\"https:\\\/\\\/myperfectdog.lv\\\/wp-content\\\/uploads\\\/2020\\\/10\\\/MyPerfectDog-New-logo_peach_plakans.png\",\"contentUrl\":\"https:\\\/\\\/myperfectdog.lv\\\/wp-content\\\/uploads\\\/2020\\\/10\\\/MyPerfectDog-New-logo_peach_plakans.png\",\"width\":1200,\"height\":636,\"caption\":\"Su\u0146u & saimnieku skola \\\"My Perfect Dog\\\"\"},\"image\":{\"@id\":\"https:\\\/\\\/myperfectdog.lv\\\/#\\\/schema\\\/logo\\\/image\\\/\"}}]}<\/script>\n<!-- \/ Yoast SEO plugin. -->","yoast_head_json":{"title":"Online kurss: \"K\u0101 sagatavot suni mazu\u013ca ien\u0101k\u0161anai \u0123imen\u0113?\" | MyPerfectDog.lv","robots":{"index":"index","follow":"follow","max-snippet":"max-snippet:-1","max-image-preview":"max-image-preview:large","max-video-preview":"max-video-preview:-1"},"canonical":"https:\/\/myperfectdog.lv\/en\/product\/online-kurss-berns-suns\/","og_locale":"en_GB","og_type":"article","og_title":"Online kurss: \"K\u0101 sagatavot suni mazu\u013ca ien\u0101k\u0161anai \u0123imen\u0113?\" | MyPerfectDog.lv","og_description":"\u200bVai gaid\u0101t \u0123imenes pieaugumu vai ar\u012b J\u016bsu m\u0101j\u0101s aug mazulis kop\u0101 ar \u010detrk\u0101jaino draugu? Bie\u017ei vien vec\u0101kiem rodas jaut\u0101jumi: k\u0101 pasarg\u0101t abus? K\u0101 iem\u0101c\u012bt sunim mieru un b\u0113rnam \u2013 cie\u0146u pret dz\u012bvnieku?  \u200b\"My Perfect Dog\" su\u0146u uzved\u012bbas speci\u0101liste, fran\u010du buldoga Zeva aizbildne un mamma meiti\u0146ai Kaliai - Li\u0101na B\u0113rzi\u0146a ir sagatavojusi\u00a0 visaptvero\u0161u online kursu, kas balst\u012bts uz \u0113tisku su\u0146u apm\u0101c\u012bbu, lai pal\u012bdz\u0113tu Jums izveidot dro\u0161u un uz uztic\u012bbu balst\u012btu saikni starp J\u016bsu b\u0113rnu un suni. \u0160\u012b nav tikai teorija - tie ir praktiski r\u012bki, kurus varat apg\u016bt sav\u0101 temp\u0101","og_url":"https:\/\/myperfectdog.lv\/en\/product\/online-kurss-berns-suns\/","og_site_name":"MyPerfectDog.lv","article_modified_time":"2026-05-10T07:15:41+00:00","og_image":[{"width":1080,"height":1080,"url":"https:\/\/myperfectdog.lv\/wp-content\/uploads\/2026\/05\/Pets-Feed-Templates.png","type":"image\/png"}],"twitter_card":"summary_large_image","twitter_misc":{"Estimated reading time":"2 minutes"},"schema":{"@context":"https:\/\/schema.org","@graph":[{"@type":"WebPage","@id":"https:\/\/myperfectdog.lv\/products\/online-kurss-berns-suns\/","url":"https:\/\/myperfectdog.lv\/products\/online-kurss-berns-suns\/","name":"Online kurss: \"K\u0101 sagatavot suni mazu\u013ca ien\u0101k\u0161anai \u0123imen\u0113?\" | MyPerfectDog.lv","isPartOf":{"@id":"https:\/\/myperfectdog.lv\/#website"},"primaryImageOfPage":{"@id":"https:\/\/myperfectdog.lv\/products\/online-kurss-berns-suns\/#primaryimage"},"image":{"@id":"https:\/\/myperfectdog.lv\/products\/online-kurss-berns-suns\/#primaryimage"},"thumbnailUrl":"https:\/\/myperfectdog.lv\/wp-content\/uploads\/2026\/05\/Pets-Feed-Templates.png","datePublished":"2026-05-10T07:01:02+00:00","dateModified":"2026-05-10T07:15:41+00:00","breadcrumb":{"@id":"https:\/\/myperfectdog.lv\/products\/online-kurss-berns-suns\/#breadcrumb"},"inLanguage":"en-GB","potentialAction":[{"@type":"ReadAction","target":["https:\/\/myperfectdog.lv\/products\/online-kurss-berns-suns\/"]}]},{"@type":"ImageObject","inLanguage":"en-GB","@id":"https:\/\/myperfectdog.lv\/products\/online-kurss-berns-suns\/#primaryimage","url":"https:\/\/myperfectdog.lv\/wp-content\/uploads\/2026\/05\/Pets-Feed-Templates.png","contentUrl":"https:\/\/myperfectdog.lv\/wp-content\/uploads\/2026\/05\/Pets-Feed-Templates.png","width":1080,"height":1080},{"@type":"BreadcrumbList","@id":"https:\/\/myperfectdog.lv\/products\/online-kurss-berns-suns\/#breadcrumb","itemListElement":[{"@type":"ListItem","position":1,"name":"Home","item":"https:\/\/myperfectdog.lv\/"},{"@type":"ListItem","position":2,"name":"Internetveikals","item":"https:\/\/myperfectdog.lv\/internetveikals\/"},{"@type":"ListItem","position":3,"name":"Online kurss: &#8220;K\u0101 sagatavot suni mazu\u013ca ien\u0101k\u0161anai \u0123imen\u0113?&#8221;"}]},{"@type":"WebSite","@id":"https:\/\/myperfectdog.lv\/#website","url":"https:\/\/myperfectdog.lv\/","name":"MyPerfectDog.lv","description":"Su\u0146u un saimnieku skola","publisher":{"@id":"https:\/\/myperfectdog.lv\/#organization"},"potentialAction":[{"@type":"SearchAction","target":{"@type":"EntryPoint","urlTemplate":"https:\/\/myperfectdog.lv\/?s={search_term_string}"},"query-input":{"@type":"PropertyValueSpecification","valueRequired":true,"valueName":"search_term_string"}}],"inLanguage":"en-GB"},{"@type":"Organization","@id":"https:\/\/myperfectdog.lv\/#organization","name":"Su\u0146u & saimnieku skola \"My Perfect Dog\"","url":"https:\/\/myperfectdog.lv\/","logo":{"@type":"ImageObject","inLanguage":"en-GB","@id":"https:\/\/myperfectdog.lv\/#\/schema\/logo\/image\/","url":"https:\/\/myperfectdog.lv\/wp-content\/uploads\/2020\/10\/MyPerfectDog-New-logo_peach_plakans.png","contentUrl":"https:\/\/myperfectdog.lv\/wp-content\/uploads\/2020\/10\/MyPerfectDog-New-logo_peach_plakans.png","width":1200,"height":636,"caption":"Su\u0146u & saimnieku skola \"My Perfect Dog\""},"image":{"@id":"https:\/\/myperfectdog.lv\/#\/schema\/logo\/image\/"}}]}},"jetpack_sharing_enabled":true,"_links":{"self":[{"href":"https:\/\/myperfectdog.lv\/en\/wp-json\/wp\/v2\/product\/14858","targetHints":{"allow":["GET"]}}],"collection":[{"href":"https:\/\/myperfectdog.lv\/en\/wp-json\/wp\/v2\/product"}],"about":[{"href":"https:\/\/myperfectdog.lv\/en\/wp-json\/wp\/v2\/types\/product"}],"replies":[{"embeddable":true,"href":"https:\/\/myperfectdog.lv\/en\/wp-json\/wp\/v2\/comments?post=14858"}],"wp:featuredmedia":[{"embeddable":true,"href":"https:\/\/myperfectdog.lv\/en\/wp-json\/wp\/v2\/media\/14859"}],"wp:attachment":[{"href":"https:\/\/myperfectdog.lv\/en\/wp-json\/wp\/v2\/media?parent=14858"}],"wp:term":[{"taxonomy":"product_brand","embeddable":true,"href":"https:\/\/myperfectdog.lv\/en\/wp-json\/wp\/v2\/product_brand?post=14858"},{"taxonomy":"product_cat","embeddable":true,"href":"https:\/\/myperfectdog.lv\/en\/wp-json\/wp\/v2\/product_cat?post=14858"},{"taxonomy":"product_tag","embeddable":true,"href":"https:\/\/myperfectdog.lv\/en\/wp-json\/wp\/v2\/product_tag?post=14858"}],"curies":[{"name":"wp","href":"https:\/\/api.w.org\/{rel}","templated":true}]}}