{"id":3550,"date":"2022-02-08T00:47:27","date_gmt":"2022-02-07T22:47:27","guid":{"rendered":"https:\/\/myperfectdog.lv\/?post_type=product&#038;p=3550"},"modified":"2026-04-23T13:23:11","modified_gmt":"2026-04-23T11:23:11","slug":"prins-train-care-dog-chicken-pastete-suniem","status":"publish","type":"product","link":"https:\/\/myperfectdog.lv\/en\/product\/prins-train-care-dog-chicken-pastete-suniem\/","title":{"rendered":"Prins Train &#038; Care Dog | Past\u0113te su\u0146iem &#8211; lasis"},"content":{"rendered":"<p><b>K\u0101 izmantot Prins TRAIN &amp; CARE?<\/b><\/p>\n<ul>\n<li>\u0112rti lietojams apbalvojums m\u012blu\u013ca apm\u0101c\u012bb\u0101 un apr\u016bp\u0113.<\/li>\n<li>M\u012blu\u013ca uzman\u012bbas vad\u012b\u0161anai vai nov\u0113r\u0161anai, koncentr\u0113jot t\u0101 skatienu uz t\u016bbi\u0146u.<\/li>\n<li>Bar\u012bbas puzl\u0113s, lai nodarbin\u0101tu j\u016bsu m\u012bluli un mazin\u0101tu garlaic\u012bbu.<\/li>\n<li>Gards k\u0101rums j\u016bsu m\u012blu\u013ca palutin\u0101\u0161anai.<\/li>\n<\/ul>\n<p><b>Lieto\u0161ana:<\/b>\u00a0<b>Prins Train&amp;Care<\/b>\u00a0gardumi ir steriliz\u0113ti, lai pagarin\u0101tu to izmanto\u0161anas laiku p\u0113c t\u016bbi\u0146as atv\u0113r\u0161anas. P\u0113c atv\u0113r\u0161anas izlietot da\u017eu dienu laik\u0101 un uzglab\u0101t ledusskap\u012b, bet ne ilg\u0101k k\u0101 divas ned\u0113\u013cas. P\u0113c katras lieto\u0161anas reizes nedaudz izspiediet pastu no t\u016bbi\u0146as kakla un to noslaukiet. T\u0101 j\u016bs no\u0146emsiet produktu, kas iesp\u0113jams sask\u0101r\u0101s ar j\u016bsu su\u0146a m\u0113li, un tas \u013caus saglab\u0101t t\u012bru t\u016bbi\u0146as saturu un ilg\u0101k to baud\u012bt.<\/p>\n<p><b>Prins Train &amp; Care<\/b>\u00a0ir papildbar\u012bba, t\u0101 nesatur visas j\u016bsu m\u012blulim nepiecie\u0161am\u0101s bar\u012bbas vielas. \u00a0\u0160o gardumu iz\u0113dina papildus ikdienas malt\u012btei.<\/p>\n<p>Ra\u017eot\u0101js: Prins Petfoods, N\u012bderlande<\/p>","protected":false},"excerpt":{"rendered":"<p><strong><span class=\"moze-large\">Prins Train &#038; Care SALMON <\/span><\/strong>ir vesel\u012bgas un dab\u012bgas papildbar\u012bbas su\u0146iem. \u0160\u012bs kr\u0113mveida past\u0113tes ir \u013coti gardas, ar augstu svaigas vistas ga\u013cas \/ la\u0161a saturu. Iepakots t\u016bbi\u0146\u0101, viegli doz\u0113jams un p\u0101rvad\u0101jams, var iz\u0113din\u0101t tie\u0161i no t\u016bbi\u0146as. \u0160is gardums ir 100% dab\u012bgs, nesatur m\u0101ksl\u012bgus \u00a0konservantus, kr\u0101svielas un aromatizatorus.<\/p>\n<ul>\n<li><strong>Laba zarnu mikroflora.<\/strong>\u00a0Papildin\u0101ts ar FOS (fruktooligosahar\u012bdiem) vesel\u012bgai zarnu mikroflorai.<\/li>\n<li><strong>0% graudu.<\/strong>\u00a0Nesatur kvie\u0161us, r\u012bsus, kukur\u016bzu vai citus graudaugus.<\/li>\n<\/ul>","protected":false},"featured_media":4059,"comment_status":"closed","ping_status":"closed","template":"","meta":[],"product_brand":[],"product_cat":[42],"product_tag":[],"class_list":{"0":"post-3550","1":"product","2":"type-product","3":"status-publish","4":"has-post-thumbnail","6":"product_cat-gardumi-suniem","8":"first","9":"instock","10":"taxable","11":"shipping-taxable","12":"purchasable","13":"product-type-variable"},"yoast_head":"<!-- This site is optimized with the Yoast SEO plugin v27.6 - https:\/\/yoast.com\/product\/yoast-seo-wordpress\/ -->\n<title>Prins Train &amp; Care Dog | Past\u0113te su\u0146iem - lasis | MyPerfectDog.lv<\/title>\n<meta name=\"robots\" content=\"index, follow, max-snippet:-1, max-image-preview:large, max-video-preview:-1\" \/>\n<link rel=\"canonical\" href=\"https:\/\/myperfectdog.lv\/en\/product\/prins-train-care-dog-chicken-pastete-suniem\/\" \/>\n<meta property=\"og:locale\" content=\"en_GB\" \/>\n<meta property=\"og:type\" content=\"article\" \/>\n<meta property=\"og:title\" content=\"Prins Train &amp; Care Dog | Past\u0113te su\u0146iem - lasis | MyPerfectDog.lv\" \/>\n<meta property=\"og:description\" content=\"Prins Train &amp; Care SALMON ir vesel\u012bgas un dab\u012bgas papildbar\u012bbas su\u0146iem. \u0160\u012bs kr\u0113mveida past\u0113tes ir \u013coti gardas, ar augstu svaigas vistas ga\u013cas \/ la\u0161a saturu. Iepakots t\u016bbi\u0146\u0101, viegli doz\u0113jams un p\u0101rvad\u0101jams, var iz\u0113din\u0101t tie\u0161i no t\u016bbi\u0146as. \u0160is gardums ir 100% dab\u012bgs, nesatur m\u0101ksl\u012bgus \u00a0konservantus, kr\u0101svielas un aromatizatorus.   Laba zarnu mikroflora.\u00a0Papildin\u0101ts ar FOS (fruktooligosahar\u012bdiem) vesel\u012bgai zarnu mikroflorai.  0% graudu.\u00a0Nesatur kvie\u0161us, r\u012bsus, kukur\u016bzu vai citus graudaugus.\" \/>\n<meta property=\"og:url\" content=\"https:\/\/myperfectdog.lv\/en\/product\/prins-train-care-dog-chicken-pastete-suniem\/\" \/>\n<meta property=\"og:site_name\" content=\"MyPerfectDog.lv\" \/>\n<meta property=\"article:modified_time\" content=\"2026-04-23T11:23:11+00:00\" \/>\n<meta property=\"og:image\" content=\"https:\/\/myperfectdog.lv\/wp-content\/uploads\/2022\/04\/produktu-bildes-23.png\" \/>\n\t<meta property=\"og:image:width\" content=\"1251\" \/>\n\t<meta property=\"og:image:height\" content=\"1251\" \/>\n\t<meta property=\"og:image:type\" content=\"image\/png\" \/>\n<meta name=\"twitter:card\" content=\"summary_large_image\" \/>\n<meta name=\"twitter:label1\" content=\"Estimated reading time\" \/>\n\t<meta name=\"twitter:data1\" content=\"1 minute\" \/>\n<script type=\"application\/ld+json\" class=\"yoast-schema-graph\">{\"@context\":\"https:\\\/\\\/schema.org\",\"@graph\":[{\"@type\":\"WebPage\",\"@id\":\"https:\\\/\\\/myperfectdog.lv\\\/products\\\/prins-train-care-dog-chicken-pastete-suniem\\\/\",\"url\":\"https:\\\/\\\/myperfectdog.lv\\\/products\\\/prins-train-care-dog-chicken-pastete-suniem\\\/\",\"name\":\"Prins Train & Care Dog | Past\u0113te su\u0146iem - lasis | MyPerfectDog.lv\",\"isPartOf\":{\"@id\":\"https:\\\/\\\/myperfectdog.lv\\\/#website\"},\"primaryImageOfPage\":{\"@id\":\"https:\\\/\\\/myperfectdog.lv\\\/products\\\/prins-train-care-dog-chicken-pastete-suniem\\\/#primaryimage\"},\"image\":{\"@id\":\"https:\\\/\\\/myperfectdog.lv\\\/products\\\/prins-train-care-dog-chicken-pastete-suniem\\\/#primaryimage\"},\"thumbnailUrl\":\"https:\\\/\\\/myperfectdog.lv\\\/wp-content\\\/uploads\\\/2022\\\/04\\\/produktu-bildes-23.png\",\"datePublished\":\"2022-02-07T22:47:27+00:00\",\"dateModified\":\"2026-04-23T11:23:11+00:00\",\"breadcrumb\":{\"@id\":\"https:\\\/\\\/myperfectdog.lv\\\/products\\\/prins-train-care-dog-chicken-pastete-suniem\\\/#breadcrumb\"},\"inLanguage\":\"en-GB\",\"potentialAction\":[{\"@type\":\"ReadAction\",\"target\":[\"https:\\\/\\\/myperfectdog.lv\\\/products\\\/prins-train-care-dog-chicken-pastete-suniem\\\/\"]}]},{\"@type\":\"ImageObject\",\"inLanguage\":\"en-GB\",\"@id\":\"https:\\\/\\\/myperfectdog.lv\\\/products\\\/prins-train-care-dog-chicken-pastete-suniem\\\/#primaryimage\",\"url\":\"https:\\\/\\\/myperfectdog.lv\\\/wp-content\\\/uploads\\\/2022\\\/04\\\/produktu-bildes-23.png\",\"contentUrl\":\"https:\\\/\\\/myperfectdog.lv\\\/wp-content\\\/uploads\\\/2022\\\/04\\\/produktu-bildes-23.png\",\"width\":1251,\"height\":1251},{\"@type\":\"BreadcrumbList\",\"@id\":\"https:\\\/\\\/myperfectdog.lv\\\/products\\\/prins-train-care-dog-chicken-pastete-suniem\\\/#breadcrumb\",\"itemListElement\":[{\"@type\":\"ListItem\",\"position\":1,\"name\":\"Home\",\"item\":\"https:\\\/\\\/myperfectdog.lv\\\/\"},{\"@type\":\"ListItem\",\"position\":2,\"name\":\"Internetveikals\",\"item\":\"https:\\\/\\\/myperfectdog.lv\\\/internetveikals\\\/\"},{\"@type\":\"ListItem\",\"position\":3,\"name\":\"Prins Train &#038; Care Dog | Past\u0113te su\u0146iem &#8211; lasis\"}]},{\"@type\":\"WebSite\",\"@id\":\"https:\\\/\\\/myperfectdog.lv\\\/#website\",\"url\":\"https:\\\/\\\/myperfectdog.lv\\\/\",\"name\":\"MyPerfectDog.lv\",\"description\":\"Su\u0146u un saimnieku skola\",\"publisher\":{\"@id\":\"https:\\\/\\\/myperfectdog.lv\\\/#organization\"},\"potentialAction\":[{\"@type\":\"SearchAction\",\"target\":{\"@type\":\"EntryPoint\",\"urlTemplate\":\"https:\\\/\\\/myperfectdog.lv\\\/?s={search_term_string}\"},\"query-input\":{\"@type\":\"PropertyValueSpecification\",\"valueRequired\":true,\"valueName\":\"search_term_string\"}}],\"inLanguage\":\"en-GB\"},{\"@type\":\"Organization\",\"@id\":\"https:\\\/\\\/myperfectdog.lv\\\/#organization\",\"name\":\"Su\u0146u & saimnieku skola \\\"My Perfect Dog\\\"\",\"url\":\"https:\\\/\\\/myperfectdog.lv\\\/\",\"logo\":{\"@type\":\"ImageObject\",\"inLanguage\":\"en-GB\",\"@id\":\"https:\\\/\\\/myperfectdog.lv\\\/#\\\/schema\\\/logo\\\/image\\\/\",\"url\":\"https:\\\/\\\/myperfectdog.lv\\\/wp-content\\\/uploads\\\/2020\\\/10\\\/MyPerfectDog-New-logo_peach_plakans.png\",\"contentUrl\":\"https:\\\/\\\/myperfectdog.lv\\\/wp-content\\\/uploads\\\/2020\\\/10\\\/MyPerfectDog-New-logo_peach_plakans.png\",\"width\":1200,\"height\":636,\"caption\":\"Su\u0146u & saimnieku skola \\\"My Perfect Dog\\\"\"},\"image\":{\"@id\":\"https:\\\/\\\/myperfectdog.lv\\\/#\\\/schema\\\/logo\\\/image\\\/\"}}]}<\/script>\n<!-- \/ Yoast SEO plugin. -->","yoast_head_json":{"title":"Prins Train & Care Dog | Past\u0113te su\u0146iem - lasis | MyPerfectDog.lv","robots":{"index":"index","follow":"follow","max-snippet":"max-snippet:-1","max-image-preview":"max-image-preview:large","max-video-preview":"max-video-preview:-1"},"canonical":"https:\/\/myperfectdog.lv\/en\/product\/prins-train-care-dog-chicken-pastete-suniem\/","og_locale":"en_GB","og_type":"article","og_title":"Prins Train & Care Dog | Past\u0113te su\u0146iem - lasis | MyPerfectDog.lv","og_description":"Prins Train & Care SALMON ir vesel\u012bgas un dab\u012bgas papildbar\u012bbas su\u0146iem. \u0160\u012bs kr\u0113mveida past\u0113tes ir \u013coti gardas, ar augstu svaigas vistas ga\u013cas \/ la\u0161a saturu. Iepakots t\u016bbi\u0146\u0101, viegli doz\u0113jams un p\u0101rvad\u0101jams, var iz\u0113din\u0101t tie\u0161i no t\u016bbi\u0146as. \u0160is gardums ir 100% dab\u012bgs, nesatur m\u0101ksl\u012bgus \u00a0konservantus, kr\u0101svielas un aromatizatorus.   Laba zarnu mikroflora.\u00a0Papildin\u0101ts ar FOS (fruktooligosahar\u012bdiem) vesel\u012bgai zarnu mikroflorai.  0% graudu.\u00a0Nesatur kvie\u0161us, r\u012bsus, kukur\u016bzu vai citus graudaugus.","og_url":"https:\/\/myperfectdog.lv\/en\/product\/prins-train-care-dog-chicken-pastete-suniem\/","og_site_name":"MyPerfectDog.lv","article_modified_time":"2026-04-23T11:23:11+00:00","og_image":[{"width":1251,"height":1251,"url":"https:\/\/myperfectdog.lv\/wp-content\/uploads\/2022\/04\/produktu-bildes-23.png","type":"image\/png"}],"twitter_card":"summary_large_image","twitter_misc":{"Estimated reading time":"1 minute"},"schema":{"@context":"https:\/\/schema.org","@graph":[{"@type":"WebPage","@id":"https:\/\/myperfectdog.lv\/products\/prins-train-care-dog-chicken-pastete-suniem\/","url":"https:\/\/myperfectdog.lv\/products\/prins-train-care-dog-chicken-pastete-suniem\/","name":"Prins Train & Care Dog | Past\u0113te su\u0146iem - lasis | MyPerfectDog.lv","isPartOf":{"@id":"https:\/\/myperfectdog.lv\/#website"},"primaryImageOfPage":{"@id":"https:\/\/myperfectdog.lv\/products\/prins-train-care-dog-chicken-pastete-suniem\/#primaryimage"},"image":{"@id":"https:\/\/myperfectdog.lv\/products\/prins-train-care-dog-chicken-pastete-suniem\/#primaryimage"},"thumbnailUrl":"https:\/\/myperfectdog.lv\/wp-content\/uploads\/2022\/04\/produktu-bildes-23.png","datePublished":"2022-02-07T22:47:27+00:00","dateModified":"2026-04-23T11:23:11+00:00","breadcrumb":{"@id":"https:\/\/myperfectdog.lv\/products\/prins-train-care-dog-chicken-pastete-suniem\/#breadcrumb"},"inLanguage":"en-GB","potentialAction":[{"@type":"ReadAction","target":["https:\/\/myperfectdog.lv\/products\/prins-train-care-dog-chicken-pastete-suniem\/"]}]},{"@type":"ImageObject","inLanguage":"en-GB","@id":"https:\/\/myperfectdog.lv\/products\/prins-train-care-dog-chicken-pastete-suniem\/#primaryimage","url":"https:\/\/myperfectdog.lv\/wp-content\/uploads\/2022\/04\/produktu-bildes-23.png","contentUrl":"https:\/\/myperfectdog.lv\/wp-content\/uploads\/2022\/04\/produktu-bildes-23.png","width":1251,"height":1251},{"@type":"BreadcrumbList","@id":"https:\/\/myperfectdog.lv\/products\/prins-train-care-dog-chicken-pastete-suniem\/#breadcrumb","itemListElement":[{"@type":"ListItem","position":1,"name":"Home","item":"https:\/\/myperfectdog.lv\/"},{"@type":"ListItem","position":2,"name":"Internetveikals","item":"https:\/\/myperfectdog.lv\/internetveikals\/"},{"@type":"ListItem","position":3,"name":"Prins Train &#038; Care Dog | Past\u0113te su\u0146iem &#8211; lasis"}]},{"@type":"WebSite","@id":"https:\/\/myperfectdog.lv\/#website","url":"https:\/\/myperfectdog.lv\/","name":"MyPerfectDog.lv","description":"Su\u0146u un saimnieku skola","publisher":{"@id":"https:\/\/myperfectdog.lv\/#organization"},"potentialAction":[{"@type":"SearchAction","target":{"@type":"EntryPoint","urlTemplate":"https:\/\/myperfectdog.lv\/?s={search_term_string}"},"query-input":{"@type":"PropertyValueSpecification","valueRequired":true,"valueName":"search_term_string"}}],"inLanguage":"en-GB"},{"@type":"Organization","@id":"https:\/\/myperfectdog.lv\/#organization","name":"Su\u0146u & saimnieku skola \"My Perfect Dog\"","url":"https:\/\/myperfectdog.lv\/","logo":{"@type":"ImageObject","inLanguage":"en-GB","@id":"https:\/\/myperfectdog.lv\/#\/schema\/logo\/image\/","url":"https:\/\/myperfectdog.lv\/wp-content\/uploads\/2020\/10\/MyPerfectDog-New-logo_peach_plakans.png","contentUrl":"https:\/\/myperfectdog.lv\/wp-content\/uploads\/2020\/10\/MyPerfectDog-New-logo_peach_plakans.png","width":1200,"height":636,"caption":"Su\u0146u & saimnieku skola \"My Perfect Dog\""},"image":{"@id":"https:\/\/myperfectdog.lv\/#\/schema\/logo\/image\/"}}]}},"jetpack_sharing_enabled":true,"_links":{"self":[{"href":"https:\/\/myperfectdog.lv\/en\/wp-json\/wp\/v2\/product\/3550","targetHints":{"allow":["GET"]}}],"collection":[{"href":"https:\/\/myperfectdog.lv\/en\/wp-json\/wp\/v2\/product"}],"about":[{"href":"https:\/\/myperfectdog.lv\/en\/wp-json\/wp\/v2\/types\/product"}],"replies":[{"embeddable":true,"href":"https:\/\/myperfectdog.lv\/en\/wp-json\/wp\/v2\/comments?post=3550"}],"wp:featuredmedia":[{"embeddable":true,"href":"https:\/\/myperfectdog.lv\/en\/wp-json\/wp\/v2\/media\/4059"}],"wp:attachment":[{"href":"https:\/\/myperfectdog.lv\/en\/wp-json\/wp\/v2\/media?parent=3550"}],"wp:term":[{"taxonomy":"product_brand","embeddable":true,"href":"https:\/\/myperfectdog.lv\/en\/wp-json\/wp\/v2\/product_brand?post=3550"},{"taxonomy":"product_cat","embeddable":true,"href":"https:\/\/myperfectdog.lv\/en\/wp-json\/wp\/v2\/product_cat?post=3550"},{"taxonomy":"product_tag","embeddable":true,"href":"https:\/\/myperfectdog.lv\/en\/wp-json\/wp\/v2\/product_tag?post=3550"}],"curies":[{"name":"wp","href":"https:\/\/api.w.org\/{rel}","templated":true}]}}