{"id":3677,"date":"2022-02-24T16:14:04","date_gmt":"2022-02-24T14:14:04","guid":{"rendered":"https:\/\/myperfectdog.lv\/?post_type=product&#038;p=3677"},"modified":"2025-10-03T20:26:49","modified_gmt":"2025-10-03T18:26:49","slug":"lenesanas-bloda-sunim","status":"publish","type":"product","link":"https:\/\/myperfectdog.lv\/en\/product\/lenesanas-bloda-sunim\/","title":{"rendered":"L\u0113n\u0113\u0161anas b\u013coda sunim"},"content":{"rendered":"<p><em><b>Uzzini vair\u0101k VetoPop l\u0113n\u0113\u0161anas b\u013codu:<\/b><\/em><\/p>\n<ul>\n<li>Divi izm\u0113ri: S (840ml) maza auguma su\u0146iem, M (1200ml) &#8211; vid\u0113ja un liela auguma su\u0146iem.<\/li>\n<li>Lieto\u0161anai iek\u0161telp\u0101s un \u0101r\u0101.<\/li>\n<li>Ar gumijas pretsl\u012bdes palik\u0146iem.<\/li>\n<li>No iztur\u012bga PE HD materi\u0101la. 100% atk\u0101rtoti p\u0101rstr\u0101d\u0101jams materi\u0101ls.<\/li>\n<\/ul>\n<p>Ra\u017eots Francij\u0101<\/p>","protected":false},"excerpt":{"rendered":"<p><strong>Videi draudz\u012bg\u0101\u00a0VETOPOP\u00a0l\u0113n\u0113\u0161anas bar\u012bbas b\u013coda sunim veicina 10 reizes l\u0113n\u0101ku, dabisk\u0101ku un aizraujo\u0161\u0101ku bar\u012bbas ap\u0113\u0161anu.\u00a0<\/strong><\/p>\n<ul>\n<li>Ide\u0101li piem\u0113rota visiem su\u0146iem, jo \u012bpa\u0161i &#8211; ar lieko svaru un bar\u012bbas rij\u0113jiem.<\/li>\n<li>Samazina vem\u0161anas risku, ko izraisa \u0101tra bar\u012bbas uz\u0146em\u0161ana.<\/li>\n<li>Lielisks ment\u0101l\u0101s stimul\u0101cijas veids, nov\u0113r\u0161 garlaic\u012bbu.<\/li>\n<li>Viegli t\u012br\u012bt, dr\u012bkst ievietot trauku mazg\u0101jam\u0101 ma\u0161\u012bn\u0101.<\/li>\n<\/ul>","protected":false},"featured_media":4041,"comment_status":"closed","ping_status":"closed","template":"","meta":[],"product_brand":[],"product_cat":[41,48],"product_tag":[],"class_list":{"0":"post-3677","1":"product","2":"type-product","3":"status-publish","4":"has-post-thumbnail","6":"product_cat-speles-suniem","7":"product_cat-suna-mieram","9":"first","10":"instock","11":"sale","12":"taxable","13":"shipping-taxable","14":"purchasable","15":"product-type-variable"},"yoast_head":"<!-- This site is optimized with the Yoast SEO plugin v27.6 - https:\/\/yoast.com\/product\/yoast-seo-wordpress\/ -->\n<title>L\u0113n\u0113\u0161anas b\u013coda sunim | MyPerfectDog.lv<\/title>\n<meta name=\"robots\" content=\"index, follow, max-snippet:-1, max-image-preview:large, max-video-preview:-1\" \/>\n<link rel=\"canonical\" href=\"https:\/\/myperfectdog.lv\/en\/product\/lenesanas-bloda-sunim\/\" \/>\n<meta property=\"og:locale\" content=\"en_GB\" \/>\n<meta property=\"og:type\" content=\"article\" \/>\n<meta property=\"og:title\" content=\"L\u0113n\u0113\u0161anas b\u013coda sunim | MyPerfectDog.lv\" \/>\n<meta property=\"og:description\" content=\"Videi draudz\u012bg\u0101\u00a0VETOPOP\u00a0l\u0113n\u0113\u0161anas bar\u012bbas b\u013coda sunim veicina 10 reizes l\u0113n\u0101ku, dabisk\u0101ku un aizraujo\u0161\u0101ku bar\u012bbas ap\u0113\u0161anu.\u00a0   Ide\u0101li piem\u0113rota visiem su\u0146iem, jo \u012bpa\u0161i - ar lieko svaru un bar\u012bbas rij\u0113jiem.  Samazina vem\u0161anas risku, ko izraisa \u0101tra bar\u012bbas uz\u0146em\u0161ana.  Lielisks ment\u0101l\u0101s stimul\u0101cijas veids, nov\u0113r\u0161 garlaic\u012bbu.  Viegli t\u012br\u012bt, dr\u012bkst ievietot trauku mazg\u0101jam\u0101 ma\u0161\u012bn\u0101.\" \/>\n<meta property=\"og:url\" content=\"https:\/\/myperfectdog.lv\/en\/product\/lenesanas-bloda-sunim\/\" \/>\n<meta property=\"og:site_name\" content=\"MyPerfectDog.lv\" \/>\n<meta property=\"article:modified_time\" content=\"2025-10-03T18:26:49+00:00\" \/>\n<meta property=\"og:image\" content=\"https:\/\/myperfectdog.lv\/wp-content\/uploads\/2022\/04\/produktu-bildes-05.png\" \/>\n\t<meta property=\"og:image:width\" content=\"1251\" \/>\n\t<meta property=\"og:image:height\" content=\"1251\" \/>\n\t<meta property=\"og:image:type\" content=\"image\/png\" \/>\n<meta name=\"twitter:card\" content=\"summary_large_image\" \/>\n<meta name=\"twitter:label1\" content=\"Estimated reading time\" \/>\n\t<meta name=\"twitter:data1\" content=\"1 minute\" \/>\n<script type=\"application\/ld+json\" class=\"yoast-schema-graph\">{\"@context\":\"https:\\\/\\\/schema.org\",\"@graph\":[{\"@type\":\"WebPage\",\"@id\":\"https:\\\/\\\/myperfectdog.lv\\\/products\\\/lenesanas-bloda-sunim\\\/\",\"url\":\"https:\\\/\\\/myperfectdog.lv\\\/products\\\/lenesanas-bloda-sunim\\\/\",\"name\":\"L\u0113n\u0113\u0161anas b\u013coda sunim | MyPerfectDog.lv\",\"isPartOf\":{\"@id\":\"https:\\\/\\\/myperfectdog.lv\\\/#website\"},\"primaryImageOfPage\":{\"@id\":\"https:\\\/\\\/myperfectdog.lv\\\/products\\\/lenesanas-bloda-sunim\\\/#primaryimage\"},\"image\":{\"@id\":\"https:\\\/\\\/myperfectdog.lv\\\/products\\\/lenesanas-bloda-sunim\\\/#primaryimage\"},\"thumbnailUrl\":\"https:\\\/\\\/myperfectdog.lv\\\/wp-content\\\/uploads\\\/2022\\\/04\\\/produktu-bildes-05.png\",\"datePublished\":\"2022-02-24T14:14:04+00:00\",\"dateModified\":\"2025-10-03T18:26:49+00:00\",\"breadcrumb\":{\"@id\":\"https:\\\/\\\/myperfectdog.lv\\\/products\\\/lenesanas-bloda-sunim\\\/#breadcrumb\"},\"inLanguage\":\"en-GB\",\"potentialAction\":[{\"@type\":\"ReadAction\",\"target\":[\"https:\\\/\\\/myperfectdog.lv\\\/products\\\/lenesanas-bloda-sunim\\\/\"]}]},{\"@type\":\"ImageObject\",\"inLanguage\":\"en-GB\",\"@id\":\"https:\\\/\\\/myperfectdog.lv\\\/products\\\/lenesanas-bloda-sunim\\\/#primaryimage\",\"url\":\"https:\\\/\\\/myperfectdog.lv\\\/wp-content\\\/uploads\\\/2022\\\/04\\\/produktu-bildes-05.png\",\"contentUrl\":\"https:\\\/\\\/myperfectdog.lv\\\/wp-content\\\/uploads\\\/2022\\\/04\\\/produktu-bildes-05.png\",\"width\":1251,\"height\":1251},{\"@type\":\"BreadcrumbList\",\"@id\":\"https:\\\/\\\/myperfectdog.lv\\\/products\\\/lenesanas-bloda-sunim\\\/#breadcrumb\",\"itemListElement\":[{\"@type\":\"ListItem\",\"position\":1,\"name\":\"Home\",\"item\":\"https:\\\/\\\/myperfectdog.lv\\\/\"},{\"@type\":\"ListItem\",\"position\":2,\"name\":\"Internetveikals\",\"item\":\"https:\\\/\\\/myperfectdog.lv\\\/internetveikals\\\/\"},{\"@type\":\"ListItem\",\"position\":3,\"name\":\"L\u0113n\u0113\u0161anas b\u013coda sunim\"}]},{\"@type\":\"WebSite\",\"@id\":\"https:\\\/\\\/myperfectdog.lv\\\/#website\",\"url\":\"https:\\\/\\\/myperfectdog.lv\\\/\",\"name\":\"MyPerfectDog.lv\",\"description\":\"Su\u0146u un saimnieku skola\",\"publisher\":{\"@id\":\"https:\\\/\\\/myperfectdog.lv\\\/#organization\"},\"potentialAction\":[{\"@type\":\"SearchAction\",\"target\":{\"@type\":\"EntryPoint\",\"urlTemplate\":\"https:\\\/\\\/myperfectdog.lv\\\/?s={search_term_string}\"},\"query-input\":{\"@type\":\"PropertyValueSpecification\",\"valueRequired\":true,\"valueName\":\"search_term_string\"}}],\"inLanguage\":\"en-GB\"},{\"@type\":\"Organization\",\"@id\":\"https:\\\/\\\/myperfectdog.lv\\\/#organization\",\"name\":\"Su\u0146u & saimnieku skola \\\"My Perfect Dog\\\"\",\"url\":\"https:\\\/\\\/myperfectdog.lv\\\/\",\"logo\":{\"@type\":\"ImageObject\",\"inLanguage\":\"en-GB\",\"@id\":\"https:\\\/\\\/myperfectdog.lv\\\/#\\\/schema\\\/logo\\\/image\\\/\",\"url\":\"https:\\\/\\\/myperfectdog.lv\\\/wp-content\\\/uploads\\\/2020\\\/10\\\/MyPerfectDog-New-logo_peach_plakans.png\",\"contentUrl\":\"https:\\\/\\\/myperfectdog.lv\\\/wp-content\\\/uploads\\\/2020\\\/10\\\/MyPerfectDog-New-logo_peach_plakans.png\",\"width\":1200,\"height\":636,\"caption\":\"Su\u0146u & saimnieku skola \\\"My Perfect Dog\\\"\"},\"image\":{\"@id\":\"https:\\\/\\\/myperfectdog.lv\\\/#\\\/schema\\\/logo\\\/image\\\/\"}}]}<\/script>\n<!-- \/ Yoast SEO plugin. -->","yoast_head_json":{"title":"L\u0113n\u0113\u0161anas b\u013coda sunim | MyPerfectDog.lv","robots":{"index":"index","follow":"follow","max-snippet":"max-snippet:-1","max-image-preview":"max-image-preview:large","max-video-preview":"max-video-preview:-1"},"canonical":"https:\/\/myperfectdog.lv\/en\/product\/lenesanas-bloda-sunim\/","og_locale":"en_GB","og_type":"article","og_title":"L\u0113n\u0113\u0161anas b\u013coda sunim | MyPerfectDog.lv","og_description":"Videi draudz\u012bg\u0101\u00a0VETOPOP\u00a0l\u0113n\u0113\u0161anas bar\u012bbas b\u013coda sunim veicina 10 reizes l\u0113n\u0101ku, dabisk\u0101ku un aizraujo\u0161\u0101ku bar\u012bbas ap\u0113\u0161anu.\u00a0   Ide\u0101li piem\u0113rota visiem su\u0146iem, jo \u012bpa\u0161i - ar lieko svaru un bar\u012bbas rij\u0113jiem.  Samazina vem\u0161anas risku, ko izraisa \u0101tra bar\u012bbas uz\u0146em\u0161ana.  Lielisks ment\u0101l\u0101s stimul\u0101cijas veids, nov\u0113r\u0161 garlaic\u012bbu.  Viegli t\u012br\u012bt, dr\u012bkst ievietot trauku mazg\u0101jam\u0101 ma\u0161\u012bn\u0101.","og_url":"https:\/\/myperfectdog.lv\/en\/product\/lenesanas-bloda-sunim\/","og_site_name":"MyPerfectDog.lv","article_modified_time":"2025-10-03T18:26:49+00:00","og_image":[{"width":1251,"height":1251,"url":"https:\/\/myperfectdog.lv\/wp-content\/uploads\/2022\/04\/produktu-bildes-05.png","type":"image\/png"}],"twitter_card":"summary_large_image","twitter_misc":{"Estimated reading time":"1 minute"},"schema":{"@context":"https:\/\/schema.org","@graph":[{"@type":"WebPage","@id":"https:\/\/myperfectdog.lv\/products\/lenesanas-bloda-sunim\/","url":"https:\/\/myperfectdog.lv\/products\/lenesanas-bloda-sunim\/","name":"L\u0113n\u0113\u0161anas b\u013coda sunim | MyPerfectDog.lv","isPartOf":{"@id":"https:\/\/myperfectdog.lv\/#website"},"primaryImageOfPage":{"@id":"https:\/\/myperfectdog.lv\/products\/lenesanas-bloda-sunim\/#primaryimage"},"image":{"@id":"https:\/\/myperfectdog.lv\/products\/lenesanas-bloda-sunim\/#primaryimage"},"thumbnailUrl":"https:\/\/myperfectdog.lv\/wp-content\/uploads\/2022\/04\/produktu-bildes-05.png","datePublished":"2022-02-24T14:14:04+00:00","dateModified":"2025-10-03T18:26:49+00:00","breadcrumb":{"@id":"https:\/\/myperfectdog.lv\/products\/lenesanas-bloda-sunim\/#breadcrumb"},"inLanguage":"en-GB","potentialAction":[{"@type":"ReadAction","target":["https:\/\/myperfectdog.lv\/products\/lenesanas-bloda-sunim\/"]}]},{"@type":"ImageObject","inLanguage":"en-GB","@id":"https:\/\/myperfectdog.lv\/products\/lenesanas-bloda-sunim\/#primaryimage","url":"https:\/\/myperfectdog.lv\/wp-content\/uploads\/2022\/04\/produktu-bildes-05.png","contentUrl":"https:\/\/myperfectdog.lv\/wp-content\/uploads\/2022\/04\/produktu-bildes-05.png","width":1251,"height":1251},{"@type":"BreadcrumbList","@id":"https:\/\/myperfectdog.lv\/products\/lenesanas-bloda-sunim\/#breadcrumb","itemListElement":[{"@type":"ListItem","position":1,"name":"Home","item":"https:\/\/myperfectdog.lv\/"},{"@type":"ListItem","position":2,"name":"Internetveikals","item":"https:\/\/myperfectdog.lv\/internetveikals\/"},{"@type":"ListItem","position":3,"name":"L\u0113n\u0113\u0161anas b\u013coda sunim"}]},{"@type":"WebSite","@id":"https:\/\/myperfectdog.lv\/#website","url":"https:\/\/myperfectdog.lv\/","name":"MyPerfectDog.lv","description":"Su\u0146u un saimnieku skola","publisher":{"@id":"https:\/\/myperfectdog.lv\/#organization"},"potentialAction":[{"@type":"SearchAction","target":{"@type":"EntryPoint","urlTemplate":"https:\/\/myperfectdog.lv\/?s={search_term_string}"},"query-input":{"@type":"PropertyValueSpecification","valueRequired":true,"valueName":"search_term_string"}}],"inLanguage":"en-GB"},{"@type":"Organization","@id":"https:\/\/myperfectdog.lv\/#organization","name":"Su\u0146u & saimnieku skola \"My Perfect Dog\"","url":"https:\/\/myperfectdog.lv\/","logo":{"@type":"ImageObject","inLanguage":"en-GB","@id":"https:\/\/myperfectdog.lv\/#\/schema\/logo\/image\/","url":"https:\/\/myperfectdog.lv\/wp-content\/uploads\/2020\/10\/MyPerfectDog-New-logo_peach_plakans.png","contentUrl":"https:\/\/myperfectdog.lv\/wp-content\/uploads\/2020\/10\/MyPerfectDog-New-logo_peach_plakans.png","width":1200,"height":636,"caption":"Su\u0146u & saimnieku skola \"My Perfect Dog\""},"image":{"@id":"https:\/\/myperfectdog.lv\/#\/schema\/logo\/image\/"}}]}},"jetpack_sharing_enabled":true,"_links":{"self":[{"href":"https:\/\/myperfectdog.lv\/en\/wp-json\/wp\/v2\/product\/3677","targetHints":{"allow":["GET"]}}],"collection":[{"href":"https:\/\/myperfectdog.lv\/en\/wp-json\/wp\/v2\/product"}],"about":[{"href":"https:\/\/myperfectdog.lv\/en\/wp-json\/wp\/v2\/types\/product"}],"replies":[{"embeddable":true,"href":"https:\/\/myperfectdog.lv\/en\/wp-json\/wp\/v2\/comments?post=3677"}],"wp:featuredmedia":[{"embeddable":true,"href":"https:\/\/myperfectdog.lv\/en\/wp-json\/wp\/v2\/media\/4041"}],"wp:attachment":[{"href":"https:\/\/myperfectdog.lv\/en\/wp-json\/wp\/v2\/media?parent=3677"}],"wp:term":[{"taxonomy":"product_brand","embeddable":true,"href":"https:\/\/myperfectdog.lv\/en\/wp-json\/wp\/v2\/product_brand?post=3677"},{"taxonomy":"product_cat","embeddable":true,"href":"https:\/\/myperfectdog.lv\/en\/wp-json\/wp\/v2\/product_cat?post=3677"},{"taxonomy":"product_tag","embeddable":true,"href":"https:\/\/myperfectdog.lv\/en\/wp-json\/wp\/v2\/product_tag?post=3677"}],"curies":[{"name":"wp","href":"https:\/\/api.w.org\/{rel}","templated":true}]}}