{"id":3678,"date":"2022-02-24T16:19:43","date_gmt":"2022-02-24T14:19:43","guid":{"rendered":"https:\/\/myperfectdog.lv\/?post_type=product&#038;p=3678"},"modified":"2026-04-15T14:26:48","modified_gmt":"2026-04-15T12:26:48","slug":"wecalm-tabletes","status":"publish","type":"product","link":"https:\/\/myperfectdog.lv\/en\/product\/wecalm-tabletes\/","title":{"rendered":"WeCalm tabletes"},"content":{"rendered":"<p><b>Mier\u012bgs un atkal laim\u012bgs dabisk\u0101 veid\u0101!<\/b><br \/>\n<b><\/b><\/p>\n<p>Su\u0146u un ka\u0137u uzved\u012bbas probl\u0113mas ir bie\u017ei sastopamas. T\u0101s var rasties no situ\u0101cij\u0101m vai pieredzes, kas vi\u0146iem izrais\u012bju\u0161as bailes un stresu:<\/p>\n<ul>\n<li>Trauksme vides izmai\u0146u vai jaunas vides d\u0113\u013c, piem\u0113ram, remonts vai p\u0101rv\u0101k\u0161an\u0101s<\/li>\n<li>Bailes un fobijas saist\u012bb\u0101 ar trok\u0161\u0146iem, piem\u0113ram, sal\u016bts, p\u0113rkons<\/li>\n<li>Situ\u0101cijas stress, piem\u0113ram, veterin\u0101r\u0101s kl\u012bnikas apmekl\u0113jums<\/li>\n<li>Uzved\u012bbas trauc\u0113jumi, piem\u0113ram, nok\u0101rto\u0161an\u0101s tam neparedz\u0113t\u0101 viet\u0101<\/li>\n<li>At\u0161\u0137irt\u012bbas trauksme, paliekot vienam<\/li>\n<li>Reakcija uz citiem dz\u012bvniekiem, cilv\u0113kiem vai priek\u0161metiem, piem\u0113ram, agresija pret citu suni vai rie\u0161ana uz pastnieku<\/li>\n<\/ul>\n<p>&nbsp;<\/p>\n<p>Ra\u017eot\u0101js: WEPHARM, Portug\u0101le<\/p>\n<p>&nbsp;<\/p>\n<div>\n<p><em><b>Uzzini vair\u0101k par WeCalm\u00ae tablet\u0113m:<\/b><\/em><\/p>\n<p><strong>Iepakojum\u0101<\/strong>: 10 tabletes<\/p>\n<p><b>Sast\u0101vs 1 tablet\u0113:<span class=\"Apple-converted-space\">\u00a0<\/span><\/b>zivju olbaltumvielu hidroliz\u0101ts (Peptazine\u00ae)<span class=\"Apple-converted-space\">\u00a0<\/span>125 mg, L-triptof\u0101ns 250 mg, L-tean\u012bns 0,15 mg, B1 vitam\u012bns 0,68 mg, B3 vitam\u012bns 3 mg, B6 vitam\u012bns 0,06 mg.<\/p>\n<p><b>Devas:<\/b><\/p>\n<table class=\"moze-table-border\">\n<tbody>\n<tr>\n<td>\n<div class=\"moze-center\">Dz\u012bvnieka svars,<\/div>\n<div class=\"moze-center\">kg<\/div>\n<\/td>\n<td>\n<div class=\"moze-center\">Dienas deva,<\/div>\n<div class=\"moze-center\">tabletes<\/div>\n<\/td>\n<\/tr>\n<tr>\n<td>\u00a0&lt; 5 kg<\/td>\n<td>1\/2<\/td>\n<\/tr>\n<tr>\n<td>5-10 kg<\/td>\n<td>1<\/td>\n<\/tr>\n<tr>\n<td>10-25 kg<\/td>\n<td>2<\/td>\n<\/tr>\n<tr>\n<td>25-40 kg<\/td>\n<td>3<\/td>\n<\/tr>\n<tr>\n<td>\u00a0&gt; 40 kg<\/td>\n<td>4<\/td>\n<\/tr>\n<\/tbody>\n<\/table>\n<p>&nbsp;<\/p>\n<\/div>\n<div>\n<p>Var iemais\u012bt bar\u012bb\u0101 vai tie\u0161i mut\u0113.<\/p>\n<p><u>Lieto\u0161anai pirms noteiktas situ\u0101cijas vai notikuma<\/u>: Lietot 1-2 stundas pirms pas\u0101kuma. Ja nepiecie\u0161ams, devu atk\u0101rto<\/p>\n<p><u>Lieto\u0161anai ilgtermi\u0146\u0101:<span class=\"Apple-converted-space\">\u00a0<\/span><\/u>LIeto pusi no parast\u0101s devas. Kad v\u0113lam\u0101 iedarb\u012bba sasniegta, devu var samazin\u0101t.<\/p>\n<\/div>","protected":false},"excerpt":{"rendered":"<p><b>WeCalm\u00ae <\/b>ir \u012bpa\u0161i izstr\u0101d\u0101ts dab\u012bgs produkts, kas paaugstina neirotransmiteru- GABA, seroton\u012bna un dopam\u012bna &#8211; l\u012bmeni. Tas atvieglo dz\u012bvnieka st\u0101vokli draudu, bai\u013cu un fobiju gad\u012bjum\u0101. <b>WeCalm\u00ae<\/b> atjauno iek\u0161\u0113jo mieru un laimes saj\u016btu.<\/p>\n<p><b>WeCalm\u00ae<span class=\"Apple-converted-space\">\u00a0<\/span><\/b>ir papildbar\u012bba gar\u0161\u012bgo table\u0161u form\u0101 su\u0146iem ar nomierino\u0161u un relaks\u0113jo\u0161u iedarb\u012bbu. Ieteicama lieto\u0161ana \u0161\u0101d\u0101s situ\u0101cij\u0101s:<\/p>\n<ul>\n<li>Stress<\/li>\n<li>P\u0113rkona negaiss<\/li>\n<li>Sal\u016bts<\/li>\n<li>At\u0161\u0137ir\u0161ana no m\u0101tes<\/li>\n<li>Atst\u0101\u0161ana m\u0101j\u0101s<\/li>\n<li>Ce\u013cojums<\/li>\n<li>Palik\u0161ana dz\u012bvnieku viesn\u012bc\u0101<\/li>\n<li>Nev\u0113lama uzved\u012bba<\/li>\n<\/ul>","protected":false},"featured_media":4063,"comment_status":"closed","ping_status":"closed","template":"","meta":[],"product_brand":[],"product_cat":[48],"product_tag":[],"class_list":{"0":"post-3678","1":"product","2":"type-product","3":"status-publish","4":"has-post-thumbnail","6":"product_cat-suna-mieram","8":"first","9":"instock","10":"taxable","11":"shipping-taxable","12":"purchasable","13":"product-type-variable"},"yoast_head":"<!-- This site is optimized with the Yoast SEO plugin v27.5 - https:\/\/yoast.com\/product\/yoast-seo-wordpress\/ -->\n<title>WeCalm tabletes | MyPerfectDog.lv<\/title>\n<meta name=\"robots\" content=\"index, follow, max-snippet:-1, max-image-preview:large, max-video-preview:-1\" \/>\n<link rel=\"canonical\" href=\"https:\/\/myperfectdog.lv\/en\/product\/wecalm-tabletes\/\" \/>\n<meta property=\"og:locale\" content=\"en_GB\" \/>\n<meta property=\"og:type\" content=\"article\" \/>\n<meta property=\"og:title\" content=\"WeCalm tabletes | MyPerfectDog.lv\" \/>\n<meta property=\"og:description\" content=\"WeCalm\u00ae ir \u012bpa\u0161i izstr\u0101d\u0101ts dab\u012bgs produkts, kas paaugstina neirotransmiteru- GABA, seroton\u012bna un dopam\u012bna - l\u012bmeni. Tas atvieglo dz\u012bvnieka st\u0101vokli draudu, bai\u013cu un fobiju gad\u012bjum\u0101. WeCalm\u00ae atjauno iek\u0161\u0113jo mieru un laimes saj\u016btu.  WeCalm\u00ae\u00a0ir papildbar\u012bba gar\u0161\u012bgo table\u0161u form\u0101 su\u0146iem ar nomierino\u0161u un relaks\u0113jo\u0161u iedarb\u012bbu. Ieteicama lieto\u0161ana \u0161\u0101d\u0101s situ\u0101cij\u0101s:   Stress  P\u0113rkona negaiss  Sal\u016bts  At\u0161\u0137ir\u0161ana no m\u0101tes  Atst\u0101\u0161ana m\u0101j\u0101s  Ce\u013cojums  Palik\u0161ana dz\u012bvnieku viesn\u012bc\u0101  Nev\u0113lama uzved\u012bba\" \/>\n<meta property=\"og:url\" content=\"https:\/\/myperfectdog.lv\/en\/product\/wecalm-tabletes\/\" \/>\n<meta property=\"og:site_name\" content=\"MyPerfectDog.lv\" \/>\n<meta property=\"article:modified_time\" content=\"2026-04-15T12:26:48+00:00\" \/>\n<meta property=\"og:image\" content=\"https:\/\/myperfectdog.lv\/wp-content\/uploads\/2022\/04\/produktu-bildes-27.png\" \/>\n\t<meta property=\"og:image:width\" content=\"1251\" \/>\n\t<meta property=\"og:image:height\" content=\"1251\" \/>\n\t<meta property=\"og:image:type\" content=\"image\/png\" \/>\n<meta name=\"twitter:card\" content=\"summary_large_image\" \/>\n<meta name=\"twitter:label1\" content=\"Estimated reading time\" \/>\n\t<meta name=\"twitter:data1\" content=\"2 minutes\" \/>\n<script type=\"application\/ld+json\" class=\"yoast-schema-graph\">{\"@context\":\"https:\\\/\\\/schema.org\",\"@graph\":[{\"@type\":\"WebPage\",\"@id\":\"https:\\\/\\\/myperfectdog.lv\\\/products\\\/wecalm-tabletes\\\/\",\"url\":\"https:\\\/\\\/myperfectdog.lv\\\/products\\\/wecalm-tabletes\\\/\",\"name\":\"WeCalm tabletes | MyPerfectDog.lv\",\"isPartOf\":{\"@id\":\"https:\\\/\\\/myperfectdog.lv\\\/#website\"},\"primaryImageOfPage\":{\"@id\":\"https:\\\/\\\/myperfectdog.lv\\\/products\\\/wecalm-tabletes\\\/#primaryimage\"},\"image\":{\"@id\":\"https:\\\/\\\/myperfectdog.lv\\\/products\\\/wecalm-tabletes\\\/#primaryimage\"},\"thumbnailUrl\":\"https:\\\/\\\/myperfectdog.lv\\\/wp-content\\\/uploads\\\/2022\\\/04\\\/produktu-bildes-27.png\",\"datePublished\":\"2022-02-24T14:19:43+00:00\",\"dateModified\":\"2026-04-15T12:26:48+00:00\",\"breadcrumb\":{\"@id\":\"https:\\\/\\\/myperfectdog.lv\\\/products\\\/wecalm-tabletes\\\/#breadcrumb\"},\"inLanguage\":\"en-GB\",\"potentialAction\":[{\"@type\":\"ReadAction\",\"target\":[\"https:\\\/\\\/myperfectdog.lv\\\/products\\\/wecalm-tabletes\\\/\"]}]},{\"@type\":\"ImageObject\",\"inLanguage\":\"en-GB\",\"@id\":\"https:\\\/\\\/myperfectdog.lv\\\/products\\\/wecalm-tabletes\\\/#primaryimage\",\"url\":\"https:\\\/\\\/myperfectdog.lv\\\/wp-content\\\/uploads\\\/2022\\\/04\\\/produktu-bildes-27.png\",\"contentUrl\":\"https:\\\/\\\/myperfectdog.lv\\\/wp-content\\\/uploads\\\/2022\\\/04\\\/produktu-bildes-27.png\",\"width\":1251,\"height\":1251},{\"@type\":\"BreadcrumbList\",\"@id\":\"https:\\\/\\\/myperfectdog.lv\\\/products\\\/wecalm-tabletes\\\/#breadcrumb\",\"itemListElement\":[{\"@type\":\"ListItem\",\"position\":1,\"name\":\"Home\",\"item\":\"https:\\\/\\\/myperfectdog.lv\\\/\"},{\"@type\":\"ListItem\",\"position\":2,\"name\":\"Internetveikals\",\"item\":\"https:\\\/\\\/myperfectdog.lv\\\/internetveikals\\\/\"},{\"@type\":\"ListItem\",\"position\":3,\"name\":\"WeCalm tabletes\"}]},{\"@type\":\"WebSite\",\"@id\":\"https:\\\/\\\/myperfectdog.lv\\\/#website\",\"url\":\"https:\\\/\\\/myperfectdog.lv\\\/\",\"name\":\"MyPerfectDog.lv\",\"description\":\"Su\u0146u un saimnieku skola\",\"publisher\":{\"@id\":\"https:\\\/\\\/myperfectdog.lv\\\/#organization\"},\"potentialAction\":[{\"@type\":\"SearchAction\",\"target\":{\"@type\":\"EntryPoint\",\"urlTemplate\":\"https:\\\/\\\/myperfectdog.lv\\\/?s={search_term_string}\"},\"query-input\":{\"@type\":\"PropertyValueSpecification\",\"valueRequired\":true,\"valueName\":\"search_term_string\"}}],\"inLanguage\":\"en-GB\"},{\"@type\":\"Organization\",\"@id\":\"https:\\\/\\\/myperfectdog.lv\\\/#organization\",\"name\":\"Su\u0146u & saimnieku skola \\\"My Perfect Dog\\\"\",\"url\":\"https:\\\/\\\/myperfectdog.lv\\\/\",\"logo\":{\"@type\":\"ImageObject\",\"inLanguage\":\"en-GB\",\"@id\":\"https:\\\/\\\/myperfectdog.lv\\\/#\\\/schema\\\/logo\\\/image\\\/\",\"url\":\"https:\\\/\\\/myperfectdog.lv\\\/wp-content\\\/uploads\\\/2020\\\/10\\\/MyPerfectDog-New-logo_peach_plakans.png\",\"contentUrl\":\"https:\\\/\\\/myperfectdog.lv\\\/wp-content\\\/uploads\\\/2020\\\/10\\\/MyPerfectDog-New-logo_peach_plakans.png\",\"width\":1200,\"height\":636,\"caption\":\"Su\u0146u & saimnieku skola \\\"My Perfect Dog\\\"\"},\"image\":{\"@id\":\"https:\\\/\\\/myperfectdog.lv\\\/#\\\/schema\\\/logo\\\/image\\\/\"}}]}<\/script>\n<!-- \/ Yoast SEO plugin. -->","yoast_head_json":{"title":"WeCalm tabletes | MyPerfectDog.lv","robots":{"index":"index","follow":"follow","max-snippet":"max-snippet:-1","max-image-preview":"max-image-preview:large","max-video-preview":"max-video-preview:-1"},"canonical":"https:\/\/myperfectdog.lv\/en\/product\/wecalm-tabletes\/","og_locale":"en_GB","og_type":"article","og_title":"WeCalm tabletes | MyPerfectDog.lv","og_description":"WeCalm\u00ae ir \u012bpa\u0161i izstr\u0101d\u0101ts dab\u012bgs produkts, kas paaugstina neirotransmiteru- GABA, seroton\u012bna un dopam\u012bna - l\u012bmeni. Tas atvieglo dz\u012bvnieka st\u0101vokli draudu, bai\u013cu un fobiju gad\u012bjum\u0101. WeCalm\u00ae atjauno iek\u0161\u0113jo mieru un laimes saj\u016btu.  WeCalm\u00ae\u00a0ir papildbar\u012bba gar\u0161\u012bgo table\u0161u form\u0101 su\u0146iem ar nomierino\u0161u un relaks\u0113jo\u0161u iedarb\u012bbu. Ieteicama lieto\u0161ana \u0161\u0101d\u0101s situ\u0101cij\u0101s:   Stress  P\u0113rkona negaiss  Sal\u016bts  At\u0161\u0137ir\u0161ana no m\u0101tes  Atst\u0101\u0161ana m\u0101j\u0101s  Ce\u013cojums  Palik\u0161ana dz\u012bvnieku viesn\u012bc\u0101  Nev\u0113lama uzved\u012bba","og_url":"https:\/\/myperfectdog.lv\/en\/product\/wecalm-tabletes\/","og_site_name":"MyPerfectDog.lv","article_modified_time":"2026-04-15T12:26:48+00:00","og_image":[{"width":1251,"height":1251,"url":"https:\/\/myperfectdog.lv\/wp-content\/uploads\/2022\/04\/produktu-bildes-27.png","type":"image\/png"}],"twitter_card":"summary_large_image","twitter_misc":{"Estimated reading time":"2 minutes"},"schema":{"@context":"https:\/\/schema.org","@graph":[{"@type":"WebPage","@id":"https:\/\/myperfectdog.lv\/products\/wecalm-tabletes\/","url":"https:\/\/myperfectdog.lv\/products\/wecalm-tabletes\/","name":"WeCalm tabletes | MyPerfectDog.lv","isPartOf":{"@id":"https:\/\/myperfectdog.lv\/#website"},"primaryImageOfPage":{"@id":"https:\/\/myperfectdog.lv\/products\/wecalm-tabletes\/#primaryimage"},"image":{"@id":"https:\/\/myperfectdog.lv\/products\/wecalm-tabletes\/#primaryimage"},"thumbnailUrl":"https:\/\/myperfectdog.lv\/wp-content\/uploads\/2022\/04\/produktu-bildes-27.png","datePublished":"2022-02-24T14:19:43+00:00","dateModified":"2026-04-15T12:26:48+00:00","breadcrumb":{"@id":"https:\/\/myperfectdog.lv\/products\/wecalm-tabletes\/#breadcrumb"},"inLanguage":"en-GB","potentialAction":[{"@type":"ReadAction","target":["https:\/\/myperfectdog.lv\/products\/wecalm-tabletes\/"]}]},{"@type":"ImageObject","inLanguage":"en-GB","@id":"https:\/\/myperfectdog.lv\/products\/wecalm-tabletes\/#primaryimage","url":"https:\/\/myperfectdog.lv\/wp-content\/uploads\/2022\/04\/produktu-bildes-27.png","contentUrl":"https:\/\/myperfectdog.lv\/wp-content\/uploads\/2022\/04\/produktu-bildes-27.png","width":1251,"height":1251},{"@type":"BreadcrumbList","@id":"https:\/\/myperfectdog.lv\/products\/wecalm-tabletes\/#breadcrumb","itemListElement":[{"@type":"ListItem","position":1,"name":"Home","item":"https:\/\/myperfectdog.lv\/"},{"@type":"ListItem","position":2,"name":"Internetveikals","item":"https:\/\/myperfectdog.lv\/internetveikals\/"},{"@type":"ListItem","position":3,"name":"WeCalm tabletes"}]},{"@type":"WebSite","@id":"https:\/\/myperfectdog.lv\/#website","url":"https:\/\/myperfectdog.lv\/","name":"MyPerfectDog.lv","description":"Su\u0146u un saimnieku skola","publisher":{"@id":"https:\/\/myperfectdog.lv\/#organization"},"potentialAction":[{"@type":"SearchAction","target":{"@type":"EntryPoint","urlTemplate":"https:\/\/myperfectdog.lv\/?s={search_term_string}"},"query-input":{"@type":"PropertyValueSpecification","valueRequired":true,"valueName":"search_term_string"}}],"inLanguage":"en-GB"},{"@type":"Organization","@id":"https:\/\/myperfectdog.lv\/#organization","name":"Su\u0146u & saimnieku skola \"My Perfect Dog\"","url":"https:\/\/myperfectdog.lv\/","logo":{"@type":"ImageObject","inLanguage":"en-GB","@id":"https:\/\/myperfectdog.lv\/#\/schema\/logo\/image\/","url":"https:\/\/myperfectdog.lv\/wp-content\/uploads\/2020\/10\/MyPerfectDog-New-logo_peach_plakans.png","contentUrl":"https:\/\/myperfectdog.lv\/wp-content\/uploads\/2020\/10\/MyPerfectDog-New-logo_peach_plakans.png","width":1200,"height":636,"caption":"Su\u0146u & saimnieku skola \"My Perfect Dog\""},"image":{"@id":"https:\/\/myperfectdog.lv\/#\/schema\/logo\/image\/"}}]}},"jetpack_sharing_enabled":true,"_links":{"self":[{"href":"https:\/\/myperfectdog.lv\/en\/wp-json\/wp\/v2\/product\/3678","targetHints":{"allow":["GET"]}}],"collection":[{"href":"https:\/\/myperfectdog.lv\/en\/wp-json\/wp\/v2\/product"}],"about":[{"href":"https:\/\/myperfectdog.lv\/en\/wp-json\/wp\/v2\/types\/product"}],"replies":[{"embeddable":true,"href":"https:\/\/myperfectdog.lv\/en\/wp-json\/wp\/v2\/comments?post=3678"}],"wp:featuredmedia":[{"embeddable":true,"href":"https:\/\/myperfectdog.lv\/en\/wp-json\/wp\/v2\/media\/4063"}],"wp:attachment":[{"href":"https:\/\/myperfectdog.lv\/en\/wp-json\/wp\/v2\/media?parent=3678"}],"wp:term":[{"taxonomy":"product_brand","embeddable":true,"href":"https:\/\/myperfectdog.lv\/en\/wp-json\/wp\/v2\/product_brand?post=3678"},{"taxonomy":"product_cat","embeddable":true,"href":"https:\/\/myperfectdog.lv\/en\/wp-json\/wp\/v2\/product_cat?post=3678"},{"taxonomy":"product_tag","embeddable":true,"href":"https:\/\/myperfectdog.lv\/en\/wp-json\/wp\/v2\/product_tag?post=3678"}],"curies":[{"name":"wp","href":"https:\/\/api.w.org\/{rel}","templated":true}]}}