{"id":3679,"date":"2022-02-24T16:28:57","date_gmt":"2022-02-24T14:28:57","guid":{"rendered":"https:\/\/myperfectdog.lv\/?post_type=product&#038;p=3679"},"modified":"2025-10-03T20:26:29","modified_gmt":"2025-10-03T18:26:29","slug":"adaptil-spray","status":"publish","type":"product","link":"https:\/\/myperfectdog.lv\/en\/product\/adaptil-spray\/","title":{"rendered":"ADAPTIL Spray"},"content":{"rendered":"<p><strong>ADAPTIL produkti<\/strong>\u00a0satur sint\u0113tisko\u00a0su\u0146u nomierino\u0161\u0101 feromona kopiju.<\/p>\n<p><strong>Vai zin\u0101ji?<\/strong> Kuces sazin\u0101s ar saviem kuc\u0113niem, izmantojot \u00a0&#8220;mierino\u0161\u0101s zi\u0146as&#8221;, kuras izdal\u0101s piena dziedzeru zon\u0101. \u0160\u012bs mierino\u0161\u0101s zi\u0146as zin\u0101tiski sauc par su\u0146u nomierino\u0161ajiem (appeasing) feromoniem. Tie ir bezsmar\u017eas, un tos sp\u0113j uztvert tikai su\u0146i. \u0160ie feromoni s\u016bta kuc\u0113niem sp\u0113c\u012bgu komforta un dro\u0161\u012bbas sign\u0101lus. L\u012bdz\u012bgi tie iedarbojas ar\u012b uz visu vecumu su\u0146iem.<\/p>\n<p><strong>\u0112RTI LIETOJAMS<\/strong><\/p>\n<ul>\n<li>Izsmidzi transport\u0113\u0161anas kast\u0113, som\u0101 vai b\u016br\u012b 15 min\u016btes pirms su\u0146a ielik\u0161anas taj\u0101. Ilgsto\u0161a ce\u013cojuma laik\u0101, atk\u0101rto ik p\u0113c 4 &#8211; 5 stund\u0101m.<\/li>\n<li><span style=\"font-family: -apple-system, BlinkMacSystemFont, 'Segoe UI', Roboto, Oxygen-Sans, Ubuntu, Cantarell, 'Helvetica Neue', sans-serif;\">Nekad neizsmidzini tie\u0161i uz su\u0146a!\u00a0<\/span><\/li>\n<li>Neizsmidzini transporta som\u0101 vai b\u016br\u012b, kam\u0113r taj\u0101 atrodas suns.<\/li>\n<\/ul>\n<ul>\n<li style=\"list-style-type: none;\"><\/li>\n<\/ul>\n<p>Tilpums\u00a060\u00a0ml<\/p>\n<p>Sast\u0101vs:\u00a0Su\u0146u\u00a0nomierino\u0161\u0101 (appeasing) feromona\u00a0analogs 2%,\u00a0izopropanols q.s.. 60ml<\/p>\n<p>Ra\u017eot\u0101js: CEVA Animal Health,\u00a0Francija<\/p>","protected":false},"excerpt":{"rendered":"<p><strong>ADAPTIL<\/strong>\u00a0produkti sniedz p\u0101rliec\u012bbu kuc\u0113niem socializ\u0101cijas period\u0101 un pieaugu\u0161iem su\u0146iem, s\u016btot &#8220;mierino\u0161\u0101s zi\u0146as&#8221;, kas pal\u012bdz su\u0146iem justies p\u0101rliecin\u0101tiem un relaks\u0113tiem izaicino\u0161\u0101s situ\u0101cij\u0101s.<\/p>\n<p><strong>ADAPTIL Spray\u00a0<\/strong>\u00a0ir lielisks risin\u0101jums, lai pal\u012bdz\u0113tu j\u016bsu sunim kust\u012bb\u0101:<\/p>\n<ul>\n<li>Padara ce\u013cojumu un do\u0161anos pie veterin\u0101r\u0101rsta maz\u0101k stresainu.<\/li>\n<li>Samazina elpo\u0161anu, tr\u012bc\u0113\u0161anu un nemieru ce\u013cojuma laik\u0101.<\/li>\n<li>Kl\u012bniski pier\u0101d\u012bta efektivit\u0101te. Lieto un iesaka veterin\u0101r\u0101rsti.<\/li>\n<li>Feromonu produkts, nav\u00a0veterin\u0101r\u0101s z\u0101les ar sedat\u012bvu iedarb\u012bbu vai trankvilizatori.<\/li>\n<\/ul>","protected":false},"featured_media":4039,"comment_status":"closed","ping_status":"closed","template":"","meta":[],"product_brand":[],"product_cat":[48],"product_tag":[],"class_list":{"0":"post-3679","1":"product","2":"type-product","3":"status-publish","4":"has-post-thumbnail","6":"product_cat-suna-mieram","8":"first","9":"instock","10":"taxable","11":"shipping-taxable","12":"purchasable","13":"product-type-simple"},"yoast_head":"<!-- This site is optimized with the Yoast SEO plugin v27.6 - https:\/\/yoast.com\/product\/yoast-seo-wordpress\/ -->\n<title>ADAPTIL Spray | MyPerfectDog.lv<\/title>\n<meta name=\"robots\" content=\"index, follow, max-snippet:-1, max-image-preview:large, max-video-preview:-1\" \/>\n<link rel=\"canonical\" href=\"https:\/\/myperfectdog.lv\/en\/product\/adaptil-spray\/\" \/>\n<meta property=\"og:locale\" content=\"en_GB\" \/>\n<meta property=\"og:type\" content=\"article\" \/>\n<meta property=\"og:title\" content=\"ADAPTIL Spray | MyPerfectDog.lv\" \/>\n<meta property=\"og:description\" content=\"ADAPTIL\u00a0produkti sniedz p\u0101rliec\u012bbu kuc\u0113niem socializ\u0101cijas period\u0101 un pieaugu\u0161iem su\u0146iem, s\u016btot &quot;mierino\u0161\u0101s zi\u0146as&quot;, kas pal\u012bdz su\u0146iem justies p\u0101rliecin\u0101tiem un relaks\u0113tiem izaicino\u0161\u0101s situ\u0101cij\u0101s.  ADAPTIL Spray\u00a0\u00a0ir lielisks risin\u0101jums, lai pal\u012bdz\u0113tu j\u016bsu sunim kust\u012bb\u0101:   Padara ce\u013cojumu un do\u0161anos pie veterin\u0101r\u0101rsta maz\u0101k stresainu.  Samazina elpo\u0161anu, tr\u012bc\u0113\u0161anu un nemieru ce\u013cojuma laik\u0101.  Kl\u012bniski pier\u0101d\u012bta efektivit\u0101te. Lieto un iesaka veterin\u0101r\u0101rsti.  Feromonu produkts, nav\u00a0veterin\u0101r\u0101s z\u0101les ar sedat\u012bvu iedarb\u012bbu vai trankvilizatori.\" \/>\n<meta property=\"og:url\" content=\"https:\/\/myperfectdog.lv\/en\/product\/adaptil-spray\/\" \/>\n<meta property=\"og:site_name\" content=\"MyPerfectDog.lv\" \/>\n<meta property=\"article:modified_time\" content=\"2025-10-03T18:26:29+00:00\" \/>\n<meta property=\"og:image\" content=\"https:\/\/myperfectdog.lv\/wp-content\/uploads\/2022\/04\/produktu-bildes-03.png\" \/>\n\t<meta property=\"og:image:width\" content=\"1251\" \/>\n\t<meta property=\"og:image:height\" content=\"1251\" \/>\n\t<meta property=\"og:image:type\" content=\"image\/png\" \/>\n<meta name=\"twitter:card\" content=\"summary_large_image\" \/>\n<meta name=\"twitter:label1\" content=\"Estimated reading time\" \/>\n\t<meta name=\"twitter:data1\" content=\"1 minute\" \/>\n<script type=\"application\/ld+json\" class=\"yoast-schema-graph\">{\"@context\":\"https:\\\/\\\/schema.org\",\"@graph\":[{\"@type\":\"WebPage\",\"@id\":\"https:\\\/\\\/myperfectdog.lv\\\/products\\\/adaptil-spray\\\/\",\"url\":\"https:\\\/\\\/myperfectdog.lv\\\/products\\\/adaptil-spray\\\/\",\"name\":\"ADAPTIL Spray | MyPerfectDog.lv\",\"isPartOf\":{\"@id\":\"https:\\\/\\\/myperfectdog.lv\\\/#website\"},\"primaryImageOfPage\":{\"@id\":\"https:\\\/\\\/myperfectdog.lv\\\/products\\\/adaptil-spray\\\/#primaryimage\"},\"image\":{\"@id\":\"https:\\\/\\\/myperfectdog.lv\\\/products\\\/adaptil-spray\\\/#primaryimage\"},\"thumbnailUrl\":\"https:\\\/\\\/myperfectdog.lv\\\/wp-content\\\/uploads\\\/2022\\\/04\\\/produktu-bildes-03.png\",\"datePublished\":\"2022-02-24T14:28:57+00:00\",\"dateModified\":\"2025-10-03T18:26:29+00:00\",\"breadcrumb\":{\"@id\":\"https:\\\/\\\/myperfectdog.lv\\\/products\\\/adaptil-spray\\\/#breadcrumb\"},\"inLanguage\":\"en-GB\",\"potentialAction\":[{\"@type\":\"ReadAction\",\"target\":[\"https:\\\/\\\/myperfectdog.lv\\\/products\\\/adaptil-spray\\\/\"]}]},{\"@type\":\"ImageObject\",\"inLanguage\":\"en-GB\",\"@id\":\"https:\\\/\\\/myperfectdog.lv\\\/products\\\/adaptil-spray\\\/#primaryimage\",\"url\":\"https:\\\/\\\/myperfectdog.lv\\\/wp-content\\\/uploads\\\/2022\\\/04\\\/produktu-bildes-03.png\",\"contentUrl\":\"https:\\\/\\\/myperfectdog.lv\\\/wp-content\\\/uploads\\\/2022\\\/04\\\/produktu-bildes-03.png\",\"width\":1251,\"height\":1251},{\"@type\":\"BreadcrumbList\",\"@id\":\"https:\\\/\\\/myperfectdog.lv\\\/products\\\/adaptil-spray\\\/#breadcrumb\",\"itemListElement\":[{\"@type\":\"ListItem\",\"position\":1,\"name\":\"Home\",\"item\":\"https:\\\/\\\/myperfectdog.lv\\\/\"},{\"@type\":\"ListItem\",\"position\":2,\"name\":\"Internetveikals\",\"item\":\"https:\\\/\\\/myperfectdog.lv\\\/internetveikals\\\/\"},{\"@type\":\"ListItem\",\"position\":3,\"name\":\"ADAPTIL Spray\"}]},{\"@type\":\"WebSite\",\"@id\":\"https:\\\/\\\/myperfectdog.lv\\\/#website\",\"url\":\"https:\\\/\\\/myperfectdog.lv\\\/\",\"name\":\"MyPerfectDog.lv\",\"description\":\"Su\u0146u un saimnieku skola\",\"publisher\":{\"@id\":\"https:\\\/\\\/myperfectdog.lv\\\/#organization\"},\"potentialAction\":[{\"@type\":\"SearchAction\",\"target\":{\"@type\":\"EntryPoint\",\"urlTemplate\":\"https:\\\/\\\/myperfectdog.lv\\\/?s={search_term_string}\"},\"query-input\":{\"@type\":\"PropertyValueSpecification\",\"valueRequired\":true,\"valueName\":\"search_term_string\"}}],\"inLanguage\":\"en-GB\"},{\"@type\":\"Organization\",\"@id\":\"https:\\\/\\\/myperfectdog.lv\\\/#organization\",\"name\":\"Su\u0146u & saimnieku skola \\\"My Perfect Dog\\\"\",\"url\":\"https:\\\/\\\/myperfectdog.lv\\\/\",\"logo\":{\"@type\":\"ImageObject\",\"inLanguage\":\"en-GB\",\"@id\":\"https:\\\/\\\/myperfectdog.lv\\\/#\\\/schema\\\/logo\\\/image\\\/\",\"url\":\"https:\\\/\\\/myperfectdog.lv\\\/wp-content\\\/uploads\\\/2020\\\/10\\\/MyPerfectDog-New-logo_peach_plakans.png\",\"contentUrl\":\"https:\\\/\\\/myperfectdog.lv\\\/wp-content\\\/uploads\\\/2020\\\/10\\\/MyPerfectDog-New-logo_peach_plakans.png\",\"width\":1200,\"height\":636,\"caption\":\"Su\u0146u & saimnieku skola \\\"My Perfect Dog\\\"\"},\"image\":{\"@id\":\"https:\\\/\\\/myperfectdog.lv\\\/#\\\/schema\\\/logo\\\/image\\\/\"}}]}<\/script>\n<!-- \/ Yoast SEO plugin. -->","yoast_head_json":{"title":"ADAPTIL Spray | MyPerfectDog.lv","robots":{"index":"index","follow":"follow","max-snippet":"max-snippet:-1","max-image-preview":"max-image-preview:large","max-video-preview":"max-video-preview:-1"},"canonical":"https:\/\/myperfectdog.lv\/en\/product\/adaptil-spray\/","og_locale":"en_GB","og_type":"article","og_title":"ADAPTIL Spray | MyPerfectDog.lv","og_description":"ADAPTIL\u00a0produkti sniedz p\u0101rliec\u012bbu kuc\u0113niem socializ\u0101cijas period\u0101 un pieaugu\u0161iem su\u0146iem, s\u016btot \"mierino\u0161\u0101s zi\u0146as\", kas pal\u012bdz su\u0146iem justies p\u0101rliecin\u0101tiem un relaks\u0113tiem izaicino\u0161\u0101s situ\u0101cij\u0101s.  ADAPTIL Spray\u00a0\u00a0ir lielisks risin\u0101jums, lai pal\u012bdz\u0113tu j\u016bsu sunim kust\u012bb\u0101:   Padara ce\u013cojumu un do\u0161anos pie veterin\u0101r\u0101rsta maz\u0101k stresainu.  Samazina elpo\u0161anu, tr\u012bc\u0113\u0161anu un nemieru ce\u013cojuma laik\u0101.  Kl\u012bniski pier\u0101d\u012bta efektivit\u0101te. Lieto un iesaka veterin\u0101r\u0101rsti.  Feromonu produkts, nav\u00a0veterin\u0101r\u0101s z\u0101les ar sedat\u012bvu iedarb\u012bbu vai trankvilizatori.","og_url":"https:\/\/myperfectdog.lv\/en\/product\/adaptil-spray\/","og_site_name":"MyPerfectDog.lv","article_modified_time":"2025-10-03T18:26:29+00:00","og_image":[{"width":1251,"height":1251,"url":"https:\/\/myperfectdog.lv\/wp-content\/uploads\/2022\/04\/produktu-bildes-03.png","type":"image\/png"}],"twitter_card":"summary_large_image","twitter_misc":{"Estimated reading time":"1 minute"},"schema":{"@context":"https:\/\/schema.org","@graph":[{"@type":"WebPage","@id":"https:\/\/myperfectdog.lv\/products\/adaptil-spray\/","url":"https:\/\/myperfectdog.lv\/products\/adaptil-spray\/","name":"ADAPTIL Spray | MyPerfectDog.lv","isPartOf":{"@id":"https:\/\/myperfectdog.lv\/#website"},"primaryImageOfPage":{"@id":"https:\/\/myperfectdog.lv\/products\/adaptil-spray\/#primaryimage"},"image":{"@id":"https:\/\/myperfectdog.lv\/products\/adaptil-spray\/#primaryimage"},"thumbnailUrl":"https:\/\/myperfectdog.lv\/wp-content\/uploads\/2022\/04\/produktu-bildes-03.png","datePublished":"2022-02-24T14:28:57+00:00","dateModified":"2025-10-03T18:26:29+00:00","breadcrumb":{"@id":"https:\/\/myperfectdog.lv\/products\/adaptil-spray\/#breadcrumb"},"inLanguage":"en-GB","potentialAction":[{"@type":"ReadAction","target":["https:\/\/myperfectdog.lv\/products\/adaptil-spray\/"]}]},{"@type":"ImageObject","inLanguage":"en-GB","@id":"https:\/\/myperfectdog.lv\/products\/adaptil-spray\/#primaryimage","url":"https:\/\/myperfectdog.lv\/wp-content\/uploads\/2022\/04\/produktu-bildes-03.png","contentUrl":"https:\/\/myperfectdog.lv\/wp-content\/uploads\/2022\/04\/produktu-bildes-03.png","width":1251,"height":1251},{"@type":"BreadcrumbList","@id":"https:\/\/myperfectdog.lv\/products\/adaptil-spray\/#breadcrumb","itemListElement":[{"@type":"ListItem","position":1,"name":"Home","item":"https:\/\/myperfectdog.lv\/"},{"@type":"ListItem","position":2,"name":"Internetveikals","item":"https:\/\/myperfectdog.lv\/internetveikals\/"},{"@type":"ListItem","position":3,"name":"ADAPTIL Spray"}]},{"@type":"WebSite","@id":"https:\/\/myperfectdog.lv\/#website","url":"https:\/\/myperfectdog.lv\/","name":"MyPerfectDog.lv","description":"Su\u0146u un saimnieku skola","publisher":{"@id":"https:\/\/myperfectdog.lv\/#organization"},"potentialAction":[{"@type":"SearchAction","target":{"@type":"EntryPoint","urlTemplate":"https:\/\/myperfectdog.lv\/?s={search_term_string}"},"query-input":{"@type":"PropertyValueSpecification","valueRequired":true,"valueName":"search_term_string"}}],"inLanguage":"en-GB"},{"@type":"Organization","@id":"https:\/\/myperfectdog.lv\/#organization","name":"Su\u0146u & saimnieku skola \"My Perfect Dog\"","url":"https:\/\/myperfectdog.lv\/","logo":{"@type":"ImageObject","inLanguage":"en-GB","@id":"https:\/\/myperfectdog.lv\/#\/schema\/logo\/image\/","url":"https:\/\/myperfectdog.lv\/wp-content\/uploads\/2020\/10\/MyPerfectDog-New-logo_peach_plakans.png","contentUrl":"https:\/\/myperfectdog.lv\/wp-content\/uploads\/2020\/10\/MyPerfectDog-New-logo_peach_plakans.png","width":1200,"height":636,"caption":"Su\u0146u & saimnieku skola \"My Perfect Dog\""},"image":{"@id":"https:\/\/myperfectdog.lv\/#\/schema\/logo\/image\/"}}]}},"jetpack_sharing_enabled":true,"_links":{"self":[{"href":"https:\/\/myperfectdog.lv\/en\/wp-json\/wp\/v2\/product\/3679","targetHints":{"allow":["GET"]}}],"collection":[{"href":"https:\/\/myperfectdog.lv\/en\/wp-json\/wp\/v2\/product"}],"about":[{"href":"https:\/\/myperfectdog.lv\/en\/wp-json\/wp\/v2\/types\/product"}],"replies":[{"embeddable":true,"href":"https:\/\/myperfectdog.lv\/en\/wp-json\/wp\/v2\/comments?post=3679"}],"wp:featuredmedia":[{"embeddable":true,"href":"https:\/\/myperfectdog.lv\/en\/wp-json\/wp\/v2\/media\/4039"}],"wp:attachment":[{"href":"https:\/\/myperfectdog.lv\/en\/wp-json\/wp\/v2\/media?parent=3679"}],"wp:term":[{"taxonomy":"product_brand","embeddable":true,"href":"https:\/\/myperfectdog.lv\/en\/wp-json\/wp\/v2\/product_brand?post=3679"},{"taxonomy":"product_cat","embeddable":true,"href":"https:\/\/myperfectdog.lv\/en\/wp-json\/wp\/v2\/product_cat?post=3679"},{"taxonomy":"product_tag","embeddable":true,"href":"https:\/\/myperfectdog.lv\/en\/wp-json\/wp\/v2\/product_tag?post=3679"}],"curies":[{"name":"wp","href":"https:\/\/api.w.org\/{rel}","templated":true}]}}