{"id":3680,"date":"2022-02-24T16:31:11","date_gmt":"2022-02-24T14:31:11","guid":{"rendered":"https:\/\/myperfectdog.lv\/?post_type=product&#038;p=3680"},"modified":"2025-10-03T20:26:21","modified_gmt":"2025-10-03T18:26:21","slug":"adaptil-diffuser-starta-komplekts","status":"publish","type":"product","link":"https:\/\/myperfectdog.lv\/en\/product\/adaptil-diffuser-starta-komplekts\/","title":{"rendered":"ADAPTIL Diffuser starta komplekts"},"content":{"rendered":"<p><strong>ADAPTIL produkti<\/strong>\u00a0satur sint\u0113tisko\u00a0su\u0146u nomierino\u0161\u0101 feromona kopiju.<\/p>\n<p><strong>Vai zin\u0101ji?<\/strong>\u00a0Kuces sazin\u0101s ar saviem kuc\u0113nien, izmantojot \u00a0&#8220;mierino\u0161\u0101s zi\u0146as&#8221;, kuras izdal\u0101s piena dziedzeru zon\u0101. \u0160\u012bs mierino\u0161\u0101s zi\u0146as zin\u0101tiski sauc par su\u0146u nomierino\u0161ajiem (appeasing) feromoniem. Tie ir bezsmar\u017eas, un tos sp\u0113j uztvert tikai su\u0146i. \u0160ie feromoni s\u016bta kuc\u0113niem sp\u0113c\u012bgu komforta un dro\u0161\u012bbas sign\u0101lus. L\u012bdz\u012bgi tie iedarbojas ar\u012b uz visu vecumu su\u0146iem.<\/p>\n<p><strong>\u0112RTI LIETOJAMS:<\/strong><\/p>\n<ul>\n<li>Piesl\u0113dz un ej: ieskr\u016bv\u0113 flakonu difuzor\u0101 un ievieto elektriskaj\u0101 kontakligzd\u0101.<\/li>\n<li>Atst\u0101j difuzoru iesl\u0113gtu nep\u0101rtraukti. Dodoties ce\u013c\u0101, izmanto ADAPTIL SPRAY.<\/li>\n<\/ul>\n<p><strong>STARTA KOMPLEKT\u0100<\/strong>: difuzors + mai\u0146as flakons (48ml).<\/p>\n<p><b>Sast\u0101vs:\u00a0<\/b>Su\u0146u\u00a0nomierino\u0161\u0101 (appeasing) feromona\u00a0analogs 2%,\u00a0papildvielas qs. 100ml<\/p>\n<p><b>Noder\u012bgi zin\u0101t:<\/b><\/p>\n<ul>\n<li>Katrs difuzors \u00a0sedz 70 m2 plat\u012bbu. Nenovietojiet difuzoru\u00a0zem plauktiem, aiz durv\u012bm, aizkariem un m\u0113bel\u0113m, jo tas nesniegs nep\u0101rtrauktu mierin\u0101jumu j\u016bsu sunim.<\/li>\n<li>Neaizmirstiet katru m\u0113nesi nomain\u012bt ar ADAPTIL\u00a0Refill mai\u0146as flakonu, lai nodro\u0161in\u0101tu past\u0101v\u012bgu komfortu j\u016bsu sunim.<\/li>\n<li>Optim\u0101lai darb\u012bbai p\u0101rbaudiet dif\u016bzora iek\u0101rtu katru m\u0113nesi un nomainiet to ik p\u0113c 6 m\u0113ne\u0161iem.<\/li>\n<li>\u0160is produkts atbilst ES direkt\u012bvai 2002\/96\/EC par elektrisko un elektronisko iek\u0101rtu atkritumiem (EEIA):\u00a0WEE\/HG0312WZ.<\/li>\n<li>Vair\u0101k par to k\u0101 ADAPTIL\u00a0darbojas: www.adaptil.com<\/li>\n<\/ul>\n<p>Ra\u017eot\u0101js: CEVA Animal Health,\u00a0Francija<\/p>","protected":false},"excerpt":{"rendered":"<p><strong>ADAPTIL<\/strong>\u00a0produkti sniedz p\u0101rliec\u012bbu kuc\u0113niem socializ\u0101cijas period\u0101 un pieaugu\u0161iem su\u0146iem, s\u016btot &#8220;mierino\u0161\u0101s zi\u0146as&#8221;, kas pal\u012bdz su\u0146iem justies p\u0101rliecin\u0101tiem un relaks\u0113tiem izaicino\u0161\u0101s situ\u0101cij\u0101s.<\/p>\n<p><strong>ADAPTIL difuzors<\/strong>\u00a0ir lielisks risin\u0101jums, lai pal\u012bdz\u0113tu j\u016bsu sunim saglab\u0101t mieru un adapt\u0113ties m\u0101j\u0101s, t\u0101d\u0101s situ\u0101cij\u0101s k\u0101 paliekot vienam m\u0101j\u0101s, ska\u013ci trok\u0161\u0146i un sal\u016bts, ciemi\u0146i un bailes.<\/p>\n<ul>\n<li>Tuvina tevi un tavu suni, radot iedro\u0161ino\u0161u vidi m\u0101j\u0101s. Nep\u0101rtraukta lieto\u0161ana nodro\u0161ina past\u0101v\u012bgu komfortu.<\/li>\n<\/ul>\n<ul>\n<li>Kl\u012bniski pier\u0101d\u012bta efektivit\u0101te. Lieto un iesaka veterin\u0101r\u0101rsti.<\/li>\n<li>Feromonu produkts, nav\u00a0veterin\u0101r\u0101s z\u0101les ar sedat\u012bvu iedarb\u012bbu vai trankvilizatori.<\/li>\n<\/ul>","protected":false},"featured_media":4054,"comment_status":"closed","ping_status":"closed","template":"","meta":[],"product_brand":[],"product_cat":[48],"product_tag":[],"class_list":{"0":"post-3680","1":"product","2":"type-product","3":"status-publish","4":"has-post-thumbnail","6":"product_cat-suna-mieram","8":"first","9":"instock","10":"taxable","11":"shipping-taxable","12":"purchasable","13":"product-type-simple"},"yoast_head":"<!-- This site is optimized with the Yoast SEO plugin v27.5 - https:\/\/yoast.com\/product\/yoast-seo-wordpress\/ -->\n<title>ADAPTIL Diffuser starta komplekts | MyPerfectDog.lv<\/title>\n<meta name=\"robots\" content=\"index, follow, max-snippet:-1, max-image-preview:large, max-video-preview:-1\" \/>\n<link rel=\"canonical\" href=\"https:\/\/myperfectdog.lv\/en\/product\/adaptil-diffuser-starta-komplekts\/\" \/>\n<meta property=\"og:locale\" content=\"en_GB\" \/>\n<meta property=\"og:type\" content=\"article\" \/>\n<meta property=\"og:title\" content=\"ADAPTIL Diffuser starta komplekts | MyPerfectDog.lv\" \/>\n<meta property=\"og:description\" content=\"ADAPTIL\u00a0produkti sniedz p\u0101rliec\u012bbu kuc\u0113niem socializ\u0101cijas period\u0101 un pieaugu\u0161iem su\u0146iem, s\u016btot &quot;mierino\u0161\u0101s zi\u0146as&quot;, kas pal\u012bdz su\u0146iem justies p\u0101rliecin\u0101tiem un relaks\u0113tiem izaicino\u0161\u0101s situ\u0101cij\u0101s.  ADAPTIL difuzors\u00a0ir lielisks risin\u0101jums, lai pal\u012bdz\u0113tu j\u016bsu sunim saglab\u0101t mieru un adapt\u0113ties m\u0101j\u0101s, t\u0101d\u0101s situ\u0101cij\u0101s k\u0101 paliekot vienam m\u0101j\u0101s, ska\u013ci trok\u0161\u0146i un sal\u016bts, ciemi\u0146i un bailes.   Tuvina tevi un tavu suni, radot iedro\u0161ino\u0161u vidi m\u0101j\u0101s. Nep\u0101rtraukta lieto\u0161ana nodro\u0161ina past\u0101v\u012bgu komfortu.    Kl\u012bniski pier\u0101d\u012bta efektivit\u0101te. Lieto un iesaka veterin\u0101r\u0101rsti.  Feromonu produkts, nav\u00a0veterin\u0101r\u0101s z\u0101les ar sedat\u012bvu iedarb\u012bbu vai trankvilizatori.\" \/>\n<meta property=\"og:url\" content=\"https:\/\/myperfectdog.lv\/en\/product\/adaptil-diffuser-starta-komplekts\/\" \/>\n<meta property=\"og:site_name\" content=\"MyPerfectDog.lv\" \/>\n<meta property=\"article:modified_time\" content=\"2025-10-03T18:26:21+00:00\" \/>\n<meta property=\"og:image\" content=\"https:\/\/myperfectdog.lv\/wp-content\/uploads\/2022\/04\/produktu-bildes-18.png\" \/>\n\t<meta property=\"og:image:width\" content=\"1251\" \/>\n\t<meta property=\"og:image:height\" content=\"1251\" \/>\n\t<meta property=\"og:image:type\" content=\"image\/png\" \/>\n<meta name=\"twitter:card\" content=\"summary_large_image\" \/>\n<meta name=\"twitter:label1\" content=\"Estimated reading time\" \/>\n\t<meta name=\"twitter:data1\" content=\"2 minutes\" \/>\n<script type=\"application\/ld+json\" class=\"yoast-schema-graph\">{\"@context\":\"https:\\\/\\\/schema.org\",\"@graph\":[{\"@type\":\"WebPage\",\"@id\":\"https:\\\/\\\/myperfectdog.lv\\\/products\\\/adaptil-diffuser-starta-komplekts\\\/\",\"url\":\"https:\\\/\\\/myperfectdog.lv\\\/products\\\/adaptil-diffuser-starta-komplekts\\\/\",\"name\":\"ADAPTIL Diffuser starta komplekts | MyPerfectDog.lv\",\"isPartOf\":{\"@id\":\"https:\\\/\\\/myperfectdog.lv\\\/#website\"},\"primaryImageOfPage\":{\"@id\":\"https:\\\/\\\/myperfectdog.lv\\\/products\\\/adaptil-diffuser-starta-komplekts\\\/#primaryimage\"},\"image\":{\"@id\":\"https:\\\/\\\/myperfectdog.lv\\\/products\\\/adaptil-diffuser-starta-komplekts\\\/#primaryimage\"},\"thumbnailUrl\":\"https:\\\/\\\/myperfectdog.lv\\\/wp-content\\\/uploads\\\/2022\\\/04\\\/produktu-bildes-18.png\",\"datePublished\":\"2022-02-24T14:31:11+00:00\",\"dateModified\":\"2025-10-03T18:26:21+00:00\",\"breadcrumb\":{\"@id\":\"https:\\\/\\\/myperfectdog.lv\\\/products\\\/adaptil-diffuser-starta-komplekts\\\/#breadcrumb\"},\"inLanguage\":\"en-GB\",\"potentialAction\":[{\"@type\":\"ReadAction\",\"target\":[\"https:\\\/\\\/myperfectdog.lv\\\/products\\\/adaptil-diffuser-starta-komplekts\\\/\"]}]},{\"@type\":\"ImageObject\",\"inLanguage\":\"en-GB\",\"@id\":\"https:\\\/\\\/myperfectdog.lv\\\/products\\\/adaptil-diffuser-starta-komplekts\\\/#primaryimage\",\"url\":\"https:\\\/\\\/myperfectdog.lv\\\/wp-content\\\/uploads\\\/2022\\\/04\\\/produktu-bildes-18.png\",\"contentUrl\":\"https:\\\/\\\/myperfectdog.lv\\\/wp-content\\\/uploads\\\/2022\\\/04\\\/produktu-bildes-18.png\",\"width\":1251,\"height\":1251},{\"@type\":\"BreadcrumbList\",\"@id\":\"https:\\\/\\\/myperfectdog.lv\\\/products\\\/adaptil-diffuser-starta-komplekts\\\/#breadcrumb\",\"itemListElement\":[{\"@type\":\"ListItem\",\"position\":1,\"name\":\"Home\",\"item\":\"https:\\\/\\\/myperfectdog.lv\\\/\"},{\"@type\":\"ListItem\",\"position\":2,\"name\":\"Internetveikals\",\"item\":\"https:\\\/\\\/myperfectdog.lv\\\/internetveikals\\\/\"},{\"@type\":\"ListItem\",\"position\":3,\"name\":\"ADAPTIL Diffuser starta komplekts\"}]},{\"@type\":\"WebSite\",\"@id\":\"https:\\\/\\\/myperfectdog.lv\\\/#website\",\"url\":\"https:\\\/\\\/myperfectdog.lv\\\/\",\"name\":\"MyPerfectDog.lv\",\"description\":\"Su\u0146u un saimnieku skola\",\"publisher\":{\"@id\":\"https:\\\/\\\/myperfectdog.lv\\\/#organization\"},\"potentialAction\":[{\"@type\":\"SearchAction\",\"target\":{\"@type\":\"EntryPoint\",\"urlTemplate\":\"https:\\\/\\\/myperfectdog.lv\\\/?s={search_term_string}\"},\"query-input\":{\"@type\":\"PropertyValueSpecification\",\"valueRequired\":true,\"valueName\":\"search_term_string\"}}],\"inLanguage\":\"en-GB\"},{\"@type\":\"Organization\",\"@id\":\"https:\\\/\\\/myperfectdog.lv\\\/#organization\",\"name\":\"Su\u0146u & saimnieku skola \\\"My Perfect Dog\\\"\",\"url\":\"https:\\\/\\\/myperfectdog.lv\\\/\",\"logo\":{\"@type\":\"ImageObject\",\"inLanguage\":\"en-GB\",\"@id\":\"https:\\\/\\\/myperfectdog.lv\\\/#\\\/schema\\\/logo\\\/image\\\/\",\"url\":\"https:\\\/\\\/myperfectdog.lv\\\/wp-content\\\/uploads\\\/2020\\\/10\\\/MyPerfectDog-New-logo_peach_plakans.png\",\"contentUrl\":\"https:\\\/\\\/myperfectdog.lv\\\/wp-content\\\/uploads\\\/2020\\\/10\\\/MyPerfectDog-New-logo_peach_plakans.png\",\"width\":1200,\"height\":636,\"caption\":\"Su\u0146u & saimnieku skola \\\"My Perfect Dog\\\"\"},\"image\":{\"@id\":\"https:\\\/\\\/myperfectdog.lv\\\/#\\\/schema\\\/logo\\\/image\\\/\"}}]}<\/script>\n<!-- \/ Yoast SEO plugin. -->","yoast_head_json":{"title":"ADAPTIL Diffuser starta komplekts | MyPerfectDog.lv","robots":{"index":"index","follow":"follow","max-snippet":"max-snippet:-1","max-image-preview":"max-image-preview:large","max-video-preview":"max-video-preview:-1"},"canonical":"https:\/\/myperfectdog.lv\/en\/product\/adaptil-diffuser-starta-komplekts\/","og_locale":"en_GB","og_type":"article","og_title":"ADAPTIL Diffuser starta komplekts | MyPerfectDog.lv","og_description":"ADAPTIL\u00a0produkti sniedz p\u0101rliec\u012bbu kuc\u0113niem socializ\u0101cijas period\u0101 un pieaugu\u0161iem su\u0146iem, s\u016btot \"mierino\u0161\u0101s zi\u0146as\", kas pal\u012bdz su\u0146iem justies p\u0101rliecin\u0101tiem un relaks\u0113tiem izaicino\u0161\u0101s situ\u0101cij\u0101s.  ADAPTIL difuzors\u00a0ir lielisks risin\u0101jums, lai pal\u012bdz\u0113tu j\u016bsu sunim saglab\u0101t mieru un adapt\u0113ties m\u0101j\u0101s, t\u0101d\u0101s situ\u0101cij\u0101s k\u0101 paliekot vienam m\u0101j\u0101s, ska\u013ci trok\u0161\u0146i un sal\u016bts, ciemi\u0146i un bailes.   Tuvina tevi un tavu suni, radot iedro\u0161ino\u0161u vidi m\u0101j\u0101s. Nep\u0101rtraukta lieto\u0161ana nodro\u0161ina past\u0101v\u012bgu komfortu.    Kl\u012bniski pier\u0101d\u012bta efektivit\u0101te. Lieto un iesaka veterin\u0101r\u0101rsti.  Feromonu produkts, nav\u00a0veterin\u0101r\u0101s z\u0101les ar sedat\u012bvu iedarb\u012bbu vai trankvilizatori.","og_url":"https:\/\/myperfectdog.lv\/en\/product\/adaptil-diffuser-starta-komplekts\/","og_site_name":"MyPerfectDog.lv","article_modified_time":"2025-10-03T18:26:21+00:00","og_image":[{"width":1251,"height":1251,"url":"https:\/\/myperfectdog.lv\/wp-content\/uploads\/2022\/04\/produktu-bildes-18.png","type":"image\/png"}],"twitter_card":"summary_large_image","twitter_misc":{"Estimated reading time":"2 minutes"},"schema":{"@context":"https:\/\/schema.org","@graph":[{"@type":"WebPage","@id":"https:\/\/myperfectdog.lv\/products\/adaptil-diffuser-starta-komplekts\/","url":"https:\/\/myperfectdog.lv\/products\/adaptil-diffuser-starta-komplekts\/","name":"ADAPTIL Diffuser starta komplekts | MyPerfectDog.lv","isPartOf":{"@id":"https:\/\/myperfectdog.lv\/#website"},"primaryImageOfPage":{"@id":"https:\/\/myperfectdog.lv\/products\/adaptil-diffuser-starta-komplekts\/#primaryimage"},"image":{"@id":"https:\/\/myperfectdog.lv\/products\/adaptil-diffuser-starta-komplekts\/#primaryimage"},"thumbnailUrl":"https:\/\/myperfectdog.lv\/wp-content\/uploads\/2022\/04\/produktu-bildes-18.png","datePublished":"2022-02-24T14:31:11+00:00","dateModified":"2025-10-03T18:26:21+00:00","breadcrumb":{"@id":"https:\/\/myperfectdog.lv\/products\/adaptil-diffuser-starta-komplekts\/#breadcrumb"},"inLanguage":"en-GB","potentialAction":[{"@type":"ReadAction","target":["https:\/\/myperfectdog.lv\/products\/adaptil-diffuser-starta-komplekts\/"]}]},{"@type":"ImageObject","inLanguage":"en-GB","@id":"https:\/\/myperfectdog.lv\/products\/adaptil-diffuser-starta-komplekts\/#primaryimage","url":"https:\/\/myperfectdog.lv\/wp-content\/uploads\/2022\/04\/produktu-bildes-18.png","contentUrl":"https:\/\/myperfectdog.lv\/wp-content\/uploads\/2022\/04\/produktu-bildes-18.png","width":1251,"height":1251},{"@type":"BreadcrumbList","@id":"https:\/\/myperfectdog.lv\/products\/adaptil-diffuser-starta-komplekts\/#breadcrumb","itemListElement":[{"@type":"ListItem","position":1,"name":"Home","item":"https:\/\/myperfectdog.lv\/"},{"@type":"ListItem","position":2,"name":"Internetveikals","item":"https:\/\/myperfectdog.lv\/internetveikals\/"},{"@type":"ListItem","position":3,"name":"ADAPTIL Diffuser starta komplekts"}]},{"@type":"WebSite","@id":"https:\/\/myperfectdog.lv\/#website","url":"https:\/\/myperfectdog.lv\/","name":"MyPerfectDog.lv","description":"Su\u0146u un saimnieku skola","publisher":{"@id":"https:\/\/myperfectdog.lv\/#organization"},"potentialAction":[{"@type":"SearchAction","target":{"@type":"EntryPoint","urlTemplate":"https:\/\/myperfectdog.lv\/?s={search_term_string}"},"query-input":{"@type":"PropertyValueSpecification","valueRequired":true,"valueName":"search_term_string"}}],"inLanguage":"en-GB"},{"@type":"Organization","@id":"https:\/\/myperfectdog.lv\/#organization","name":"Su\u0146u & saimnieku skola \"My Perfect Dog\"","url":"https:\/\/myperfectdog.lv\/","logo":{"@type":"ImageObject","inLanguage":"en-GB","@id":"https:\/\/myperfectdog.lv\/#\/schema\/logo\/image\/","url":"https:\/\/myperfectdog.lv\/wp-content\/uploads\/2020\/10\/MyPerfectDog-New-logo_peach_plakans.png","contentUrl":"https:\/\/myperfectdog.lv\/wp-content\/uploads\/2020\/10\/MyPerfectDog-New-logo_peach_plakans.png","width":1200,"height":636,"caption":"Su\u0146u & saimnieku skola \"My Perfect Dog\""},"image":{"@id":"https:\/\/myperfectdog.lv\/#\/schema\/logo\/image\/"}}]}},"jetpack_sharing_enabled":true,"_links":{"self":[{"href":"https:\/\/myperfectdog.lv\/en\/wp-json\/wp\/v2\/product\/3680","targetHints":{"allow":["GET"]}}],"collection":[{"href":"https:\/\/myperfectdog.lv\/en\/wp-json\/wp\/v2\/product"}],"about":[{"href":"https:\/\/myperfectdog.lv\/en\/wp-json\/wp\/v2\/types\/product"}],"replies":[{"embeddable":true,"href":"https:\/\/myperfectdog.lv\/en\/wp-json\/wp\/v2\/comments?post=3680"}],"wp:featuredmedia":[{"embeddable":true,"href":"https:\/\/myperfectdog.lv\/en\/wp-json\/wp\/v2\/media\/4054"}],"wp:attachment":[{"href":"https:\/\/myperfectdog.lv\/en\/wp-json\/wp\/v2\/media?parent=3680"}],"wp:term":[{"taxonomy":"product_brand","embeddable":true,"href":"https:\/\/myperfectdog.lv\/en\/wp-json\/wp\/v2\/product_brand?post=3680"},{"taxonomy":"product_cat","embeddable":true,"href":"https:\/\/myperfectdog.lv\/en\/wp-json\/wp\/v2\/product_cat?post=3680"},{"taxonomy":"product_tag","embeddable":true,"href":"https:\/\/myperfectdog.lv\/en\/wp-json\/wp\/v2\/product_tag?post=3680"}],"curies":[{"name":"wp","href":"https:\/\/api.w.org\/{rel}","templated":true}]}}