{"id":3998,"date":"2022-04-12T22:20:54","date_gmt":"2022-04-12T20:20:54","guid":{"rendered":"https:\/\/myperfectdog.lv\/?post_type=product&#038;p=3998"},"modified":"2026-04-23T14:49:45","modified_gmt":"2026-04-23T12:49:45","slug":"dashi-vintage-betty-muguras-iemaukti-suniem","status":"publish","type":"product","link":"https:\/\/myperfectdog.lv\/en\/product\/dashi-vintage-betty-muguras-iemaukti-suniem\/","title":{"rendered":"Dashi VINTAGE BETTY muguras iemaukti su\u0146iem"},"content":{"rendered":"<h5>Dashi muguras iemauktu izm\u0113ru tabula:<br \/>\n<img loading=\"lazy\" decoding=\"async\" class=\"alignnone size-medium wp-image-3847\" src=\"https:\/\/myperfectdog.lv\/wp-content\/uploads\/2022\/04\/Screenshot-2022-04-12-at-15.26.03-300x262.png\" alt=\"\" width=\"300\" height=\"262\" srcset=\"https:\/\/myperfectdog.lv\/wp-content\/uploads\/2022\/04\/Screenshot-2022-04-12-at-15.26.03-300x262.png 300w, https:\/\/myperfectdog.lv\/wp-content\/uploads\/2022\/04\/Screenshot-2022-04-12-at-15.26.03.png 418w\" sizes=\"auto, (max-width: 300px) 100vw, 300px\" \/><\/h5>\n<h5>Dashi abpus\u0113jo Neo Mesh iemauktu izm\u0113ru tabula:<\/h5>\n<p><img loading=\"lazy\" decoding=\"async\" class=\"alignnone wp-image-3916\" src=\"https:\/\/myperfectdog.lv\/wp-content\/uploads\/2022\/04\/Screenshot-2022-04-12-at-15.58.59-270x300.png\" alt=\"\" width=\"301\" height=\"334\" srcset=\"https:\/\/myperfectdog.lv\/wp-content\/uploads\/2022\/04\/Screenshot-2022-04-12-at-15.58.59-270x300.png 270w, https:\/\/myperfectdog.lv\/wp-content\/uploads\/2022\/04\/Screenshot-2022-04-12-at-15.58.59.png 428w\" sizes=\"auto, (max-width: 301px) 100vw, 301px\" \/><\/p>\n<p><span style=\"color: #ff0000;\"><strong>!! Abpus\u0113jiem Neo mesh polster\u0113tajiem iemauktiem kakla da\u013ca neregul\u0113jas !!<\/strong><\/span><\/p>\n<p><span style=\"color: #ff0000;\"><strong>!! Ja Tava su\u0146a kakla un\/vai kr\u016b\u0161u apk\u0101rtm\u0113ri neietilpst nor\u0101d\u012btajos cm, tad \u0161ie iemaukti Jums neder\u0113s !!<\/strong><\/span><\/p>\n<p>Atgrie\u0161anu caur omnivu izplat\u012bt\u0101jam apmaks\u0101 pas\u016bt\u012bt\u0101js vai ir iesp\u0113ja ierasties noliktav\u0101 un nodot pa\u0161iem vai apmain\u012bt.<\/p>\n<p><strong>Pam\u0101c\u012bba, k\u0101 veiksm\u012bgi pieradin\u0101t suni pie iemauktu uzvilk\u0161anas un no\u0146em\u0161anas:<\/strong><br \/>\n<iframe loading=\"lazy\" title=\"YouTube video player\" src=\"https:\/\/www.youtube.com\/embed\/GuKPen4Qy34\" width=\"560\" height=\"315\" frameborder=\"0\" allowfullscreen=\"allowfullscreen\"><\/iframe><\/p>","protected":false},"excerpt":{"rendered":"<p>Dashi\u00ae ir radik\u0101ls m\u0101jas m\u012blu\u013cu modes z\u012bmols no Portug\u0101les.<\/p>\n<p><strong>Dashi VINTAGE BETTY muguras (nepolster\u0113ti) iemaukti:<\/strong><\/p>\n<ul>\n<li>izgatavoti no iztur\u012bga poliestera;<\/li>\n<li>piln\u012bb\u0101 regul\u0113jami;<\/li>\n<li>ar 4-punktu spr\u0101dzes blo\u0137\u0113\u0161anas sist\u0113mu j\u016bsu su\u0146ai dro\u0161\u012bbai;<\/li>\n<li>divi D gredzeni uz muguras pavadas pievieno\u0161anai atkar\u012bb\u0101 no j\u016bsu v\u0113lm\u0113m;<\/li>\n<li>4 izm\u0113ri: no pa\u0161a maz\u0101k\u0101 l\u012bdz liel\u0101kajam m\u012blulim.<\/li>\n<\/ul>\n<p><strong>VINTAGE BETTY abpus\u0113jie NeoMesh (polster\u0113ti) iemaukti: <\/strong><\/p>\n<ul>\n<li>izgatavoti no neopr\u0113na vien\u0101 pus\u0113, bet otr\u0101 &#8211; t\u012bklveida materi\u0101ls. T\u0101d\u0101 veid\u0101 ieg\u016bsiet supergludu un elpojo\u0161u materi\u0101lu, lai j\u016bsu suns justos v\u0113si un komfortabli;<\/li>\n<li>2 dizaini vien\u0101: viegli apgriezt uz otru pusi;<\/li>\n<li>regul\u0113jamas siksnas izgatavotas no iztur\u012bga poliestera un ar 4-punktu spr\u0101dzes blo\u0137\u0113\u0161anas sist\u0113mu j\u016bsu su\u0146ai dro\u0161\u012bbai;<\/li>\n<li>D gredzens uz muguras pavadas pievieno\u0161anai;<\/li>\n<li>5 izm\u0113ri: no pa\u0161a maz\u0101k\u0101 l\u012bdz liel\u0101kajam m\u012blulim, tagad ar\u012b XL izm\u0113rs!<\/li>\n<\/ul>\n<p><em><strong>Dare To Wear. Dare To Be Dashi.<\/strong><\/em><\/p>","protected":false},"featured_media":4960,"comment_status":"closed","ping_status":"closed","template":"","meta":[],"product_brand":[],"product_cat":[47],"product_tag":[],"class_list":{"0":"post-3998","1":"product","2":"type-product","3":"status-publish","4":"has-post-thumbnail","6":"product_cat-pastaigu-aprikojums","8":"first","9":"instock","10":"taxable","11":"shipping-taxable","12":"purchasable","13":"product-type-variable"},"yoast_head":"<!-- This site is optimized with the Yoast SEO plugin v27.5 - https:\/\/yoast.com\/product\/yoast-seo-wordpress\/ -->\n<title>Dashi VINTAGE BETTY muguras iemaukti su\u0146iem | MyPerfectDog.lv<\/title>\n<meta name=\"robots\" content=\"index, follow, max-snippet:-1, max-image-preview:large, max-video-preview:-1\" \/>\n<link rel=\"canonical\" href=\"https:\/\/myperfectdog.lv\/en\/product\/dashi-vintage-betty-muguras-iemaukti-suniem\/\" \/>\n<meta property=\"og:locale\" content=\"en_GB\" \/>\n<meta property=\"og:type\" content=\"article\" \/>\n<meta property=\"og:title\" content=\"Dashi VINTAGE BETTY muguras iemaukti su\u0146iem | MyPerfectDog.lv\" \/>\n<meta property=\"og:description\" content=\"Dashi\u00ae ir radik\u0101ls m\u0101jas m\u012blu\u013cu modes z\u012bmols no Portug\u0101les.  Dashi VINTAGE BETTY muguras (nepolster\u0113ti) iemaukti:   izgatavoti no iztur\u012bga poliestera;  piln\u012bb\u0101 regul\u0113jami;  ar 4-punktu spr\u0101dzes blo\u0137\u0113\u0161anas sist\u0113mu j\u016bsu su\u0146ai dro\u0161\u012bbai;  divi D gredzeni uz muguras pavadas pievieno\u0161anai atkar\u012bb\u0101 no j\u016bsu v\u0113lm\u0113m;  4 izm\u0113ri: no pa\u0161a maz\u0101k\u0101 l\u012bdz liel\u0101kajam m\u012blulim.  VINTAGE BETTY abpus\u0113jie NeoMesh (polster\u0113ti) iemaukti:    izgatavoti no neopr\u0113na vien\u0101 pus\u0113, bet otr\u0101 - t\u012bklveida materi\u0101ls. T\u0101d\u0101 veid\u0101 ieg\u016bsiet supergludu un elpojo\u0161u materi\u0101lu, lai j\u016bsu suns justos v\u0113si un komfortabli;  2 dizaini vien\u0101: viegli apgriezt uz otru pusi;  regul\u0113jamas siksnas izgatavotas no iztur\u012bga poliestera un ar 4-punktu spr\u0101dzes blo\u0137\u0113\u0161anas sist\u0113mu j\u016bsu su\u0146ai dro\u0161\u012bbai;  D gredzens uz muguras pavadas pievieno\u0161anai;  5 izm\u0113ri: no pa\u0161a maz\u0101k\u0101 l\u012bdz liel\u0101kajam m\u012blulim, tagad ar\u012b XL izm\u0113rs!  Dare To Wear. Dare To Be Dashi.\" \/>\n<meta property=\"og:url\" content=\"https:\/\/myperfectdog.lv\/en\/product\/dashi-vintage-betty-muguras-iemaukti-suniem\/\" \/>\n<meta property=\"og:site_name\" content=\"MyPerfectDog.lv\" \/>\n<meta property=\"article:modified_time\" content=\"2026-04-23T12:49:45+00:00\" \/>\n<meta property=\"og:image\" content=\"https:\/\/myperfectdog.lv\/wp-content\/uploads\/2022\/04\/c273a6e72d30ba7af331e2983927f891.jpeg\" \/>\n\t<meta property=\"og:image:width\" content=\"679\" \/>\n\t<meta property=\"og:image:height\" content=\"600\" \/>\n\t<meta property=\"og:image:type\" content=\"image\/jpeg\" \/>\n<meta name=\"twitter:card\" content=\"summary_large_image\" \/>\n<meta name=\"twitter:label1\" content=\"Estimated reading time\" \/>\n\t<meta name=\"twitter:data1\" content=\"1 minute\" \/>\n<script type=\"application\/ld+json\" class=\"yoast-schema-graph\">{\"@context\":\"https:\\\/\\\/schema.org\",\"@graph\":[{\"@type\":\"WebPage\",\"@id\":\"https:\\\/\\\/myperfectdog.lv\\\/products\\\/dashi-vintage-betty-muguras-iemaukti-suniem\\\/\",\"url\":\"https:\\\/\\\/myperfectdog.lv\\\/products\\\/dashi-vintage-betty-muguras-iemaukti-suniem\\\/\",\"name\":\"Dashi VINTAGE BETTY muguras iemaukti su\u0146iem | MyPerfectDog.lv\",\"isPartOf\":{\"@id\":\"https:\\\/\\\/myperfectdog.lv\\\/#website\"},\"primaryImageOfPage\":{\"@id\":\"https:\\\/\\\/myperfectdog.lv\\\/products\\\/dashi-vintage-betty-muguras-iemaukti-suniem\\\/#primaryimage\"},\"image\":{\"@id\":\"https:\\\/\\\/myperfectdog.lv\\\/products\\\/dashi-vintage-betty-muguras-iemaukti-suniem\\\/#primaryimage\"},\"thumbnailUrl\":\"https:\\\/\\\/myperfectdog.lv\\\/wp-content\\\/uploads\\\/2022\\\/04\\\/c273a6e72d30ba7af331e2983927f891.jpeg\",\"datePublished\":\"2022-04-12T20:20:54+00:00\",\"dateModified\":\"2026-04-23T12:49:45+00:00\",\"breadcrumb\":{\"@id\":\"https:\\\/\\\/myperfectdog.lv\\\/products\\\/dashi-vintage-betty-muguras-iemaukti-suniem\\\/#breadcrumb\"},\"inLanguage\":\"en-GB\",\"potentialAction\":[{\"@type\":\"ReadAction\",\"target\":[\"https:\\\/\\\/myperfectdog.lv\\\/products\\\/dashi-vintage-betty-muguras-iemaukti-suniem\\\/\"]}]},{\"@type\":\"ImageObject\",\"inLanguage\":\"en-GB\",\"@id\":\"https:\\\/\\\/myperfectdog.lv\\\/products\\\/dashi-vintage-betty-muguras-iemaukti-suniem\\\/#primaryimage\",\"url\":\"https:\\\/\\\/myperfectdog.lv\\\/wp-content\\\/uploads\\\/2022\\\/04\\\/c273a6e72d30ba7af331e2983927f891.jpeg\",\"contentUrl\":\"https:\\\/\\\/myperfectdog.lv\\\/wp-content\\\/uploads\\\/2022\\\/04\\\/c273a6e72d30ba7af331e2983927f891.jpeg\",\"width\":679,\"height\":600},{\"@type\":\"BreadcrumbList\",\"@id\":\"https:\\\/\\\/myperfectdog.lv\\\/products\\\/dashi-vintage-betty-muguras-iemaukti-suniem\\\/#breadcrumb\",\"itemListElement\":[{\"@type\":\"ListItem\",\"position\":1,\"name\":\"Home\",\"item\":\"https:\\\/\\\/myperfectdog.lv\\\/\"},{\"@type\":\"ListItem\",\"position\":2,\"name\":\"Internetveikals\",\"item\":\"https:\\\/\\\/myperfectdog.lv\\\/internetveikals\\\/\"},{\"@type\":\"ListItem\",\"position\":3,\"name\":\"Dashi VINTAGE BETTY muguras iemaukti su\u0146iem\"}]},{\"@type\":\"WebSite\",\"@id\":\"https:\\\/\\\/myperfectdog.lv\\\/#website\",\"url\":\"https:\\\/\\\/myperfectdog.lv\\\/\",\"name\":\"MyPerfectDog.lv\",\"description\":\"Su\u0146u un saimnieku skola\",\"publisher\":{\"@id\":\"https:\\\/\\\/myperfectdog.lv\\\/#organization\"},\"potentialAction\":[{\"@type\":\"SearchAction\",\"target\":{\"@type\":\"EntryPoint\",\"urlTemplate\":\"https:\\\/\\\/myperfectdog.lv\\\/?s={search_term_string}\"},\"query-input\":{\"@type\":\"PropertyValueSpecification\",\"valueRequired\":true,\"valueName\":\"search_term_string\"}}],\"inLanguage\":\"en-GB\"},{\"@type\":\"Organization\",\"@id\":\"https:\\\/\\\/myperfectdog.lv\\\/#organization\",\"name\":\"Su\u0146u & saimnieku skola \\\"My Perfect Dog\\\"\",\"url\":\"https:\\\/\\\/myperfectdog.lv\\\/\",\"logo\":{\"@type\":\"ImageObject\",\"inLanguage\":\"en-GB\",\"@id\":\"https:\\\/\\\/myperfectdog.lv\\\/#\\\/schema\\\/logo\\\/image\\\/\",\"url\":\"https:\\\/\\\/myperfectdog.lv\\\/wp-content\\\/uploads\\\/2020\\\/10\\\/MyPerfectDog-New-logo_peach_plakans.png\",\"contentUrl\":\"https:\\\/\\\/myperfectdog.lv\\\/wp-content\\\/uploads\\\/2020\\\/10\\\/MyPerfectDog-New-logo_peach_plakans.png\",\"width\":1200,\"height\":636,\"caption\":\"Su\u0146u & saimnieku skola \\\"My Perfect Dog\\\"\"},\"image\":{\"@id\":\"https:\\\/\\\/myperfectdog.lv\\\/#\\\/schema\\\/logo\\\/image\\\/\"}}]}<\/script>\n<!-- \/ Yoast SEO plugin. -->","yoast_head_json":{"title":"Dashi VINTAGE BETTY muguras iemaukti su\u0146iem | MyPerfectDog.lv","robots":{"index":"index","follow":"follow","max-snippet":"max-snippet:-1","max-image-preview":"max-image-preview:large","max-video-preview":"max-video-preview:-1"},"canonical":"https:\/\/myperfectdog.lv\/en\/product\/dashi-vintage-betty-muguras-iemaukti-suniem\/","og_locale":"en_GB","og_type":"article","og_title":"Dashi VINTAGE BETTY muguras iemaukti su\u0146iem | MyPerfectDog.lv","og_description":"Dashi\u00ae ir radik\u0101ls m\u0101jas m\u012blu\u013cu modes z\u012bmols no Portug\u0101les.  Dashi VINTAGE BETTY muguras (nepolster\u0113ti) iemaukti:   izgatavoti no iztur\u012bga poliestera;  piln\u012bb\u0101 regul\u0113jami;  ar 4-punktu spr\u0101dzes blo\u0137\u0113\u0161anas sist\u0113mu j\u016bsu su\u0146ai dro\u0161\u012bbai;  divi D gredzeni uz muguras pavadas pievieno\u0161anai atkar\u012bb\u0101 no j\u016bsu v\u0113lm\u0113m;  4 izm\u0113ri: no pa\u0161a maz\u0101k\u0101 l\u012bdz liel\u0101kajam m\u012blulim.  VINTAGE BETTY abpus\u0113jie NeoMesh (polster\u0113ti) iemaukti:    izgatavoti no neopr\u0113na vien\u0101 pus\u0113, bet otr\u0101 - t\u012bklveida materi\u0101ls. T\u0101d\u0101 veid\u0101 ieg\u016bsiet supergludu un elpojo\u0161u materi\u0101lu, lai j\u016bsu suns justos v\u0113si un komfortabli;  2 dizaini vien\u0101: viegli apgriezt uz otru pusi;  regul\u0113jamas siksnas izgatavotas no iztur\u012bga poliestera un ar 4-punktu spr\u0101dzes blo\u0137\u0113\u0161anas sist\u0113mu j\u016bsu su\u0146ai dro\u0161\u012bbai;  D gredzens uz muguras pavadas pievieno\u0161anai;  5 izm\u0113ri: no pa\u0161a maz\u0101k\u0101 l\u012bdz liel\u0101kajam m\u012blulim, tagad ar\u012b XL izm\u0113rs!  Dare To Wear. Dare To Be Dashi.","og_url":"https:\/\/myperfectdog.lv\/en\/product\/dashi-vintage-betty-muguras-iemaukti-suniem\/","og_site_name":"MyPerfectDog.lv","article_modified_time":"2026-04-23T12:49:45+00:00","og_image":[{"width":679,"height":600,"url":"https:\/\/myperfectdog.lv\/wp-content\/uploads\/2022\/04\/c273a6e72d30ba7af331e2983927f891.jpeg","type":"image\/jpeg"}],"twitter_card":"summary_large_image","twitter_misc":{"Estimated reading time":"1 minute"},"schema":{"@context":"https:\/\/schema.org","@graph":[{"@type":"WebPage","@id":"https:\/\/myperfectdog.lv\/products\/dashi-vintage-betty-muguras-iemaukti-suniem\/","url":"https:\/\/myperfectdog.lv\/products\/dashi-vintage-betty-muguras-iemaukti-suniem\/","name":"Dashi VINTAGE BETTY muguras iemaukti su\u0146iem | MyPerfectDog.lv","isPartOf":{"@id":"https:\/\/myperfectdog.lv\/#website"},"primaryImageOfPage":{"@id":"https:\/\/myperfectdog.lv\/products\/dashi-vintage-betty-muguras-iemaukti-suniem\/#primaryimage"},"image":{"@id":"https:\/\/myperfectdog.lv\/products\/dashi-vintage-betty-muguras-iemaukti-suniem\/#primaryimage"},"thumbnailUrl":"https:\/\/myperfectdog.lv\/wp-content\/uploads\/2022\/04\/c273a6e72d30ba7af331e2983927f891.jpeg","datePublished":"2022-04-12T20:20:54+00:00","dateModified":"2026-04-23T12:49:45+00:00","breadcrumb":{"@id":"https:\/\/myperfectdog.lv\/products\/dashi-vintage-betty-muguras-iemaukti-suniem\/#breadcrumb"},"inLanguage":"en-GB","potentialAction":[{"@type":"ReadAction","target":["https:\/\/myperfectdog.lv\/products\/dashi-vintage-betty-muguras-iemaukti-suniem\/"]}]},{"@type":"ImageObject","inLanguage":"en-GB","@id":"https:\/\/myperfectdog.lv\/products\/dashi-vintage-betty-muguras-iemaukti-suniem\/#primaryimage","url":"https:\/\/myperfectdog.lv\/wp-content\/uploads\/2022\/04\/c273a6e72d30ba7af331e2983927f891.jpeg","contentUrl":"https:\/\/myperfectdog.lv\/wp-content\/uploads\/2022\/04\/c273a6e72d30ba7af331e2983927f891.jpeg","width":679,"height":600},{"@type":"BreadcrumbList","@id":"https:\/\/myperfectdog.lv\/products\/dashi-vintage-betty-muguras-iemaukti-suniem\/#breadcrumb","itemListElement":[{"@type":"ListItem","position":1,"name":"Home","item":"https:\/\/myperfectdog.lv\/"},{"@type":"ListItem","position":2,"name":"Internetveikals","item":"https:\/\/myperfectdog.lv\/internetveikals\/"},{"@type":"ListItem","position":3,"name":"Dashi VINTAGE BETTY muguras iemaukti su\u0146iem"}]},{"@type":"WebSite","@id":"https:\/\/myperfectdog.lv\/#website","url":"https:\/\/myperfectdog.lv\/","name":"MyPerfectDog.lv","description":"Su\u0146u un saimnieku skola","publisher":{"@id":"https:\/\/myperfectdog.lv\/#organization"},"potentialAction":[{"@type":"SearchAction","target":{"@type":"EntryPoint","urlTemplate":"https:\/\/myperfectdog.lv\/?s={search_term_string}"},"query-input":{"@type":"PropertyValueSpecification","valueRequired":true,"valueName":"search_term_string"}}],"inLanguage":"en-GB"},{"@type":"Organization","@id":"https:\/\/myperfectdog.lv\/#organization","name":"Su\u0146u & saimnieku skola \"My Perfect Dog\"","url":"https:\/\/myperfectdog.lv\/","logo":{"@type":"ImageObject","inLanguage":"en-GB","@id":"https:\/\/myperfectdog.lv\/#\/schema\/logo\/image\/","url":"https:\/\/myperfectdog.lv\/wp-content\/uploads\/2020\/10\/MyPerfectDog-New-logo_peach_plakans.png","contentUrl":"https:\/\/myperfectdog.lv\/wp-content\/uploads\/2020\/10\/MyPerfectDog-New-logo_peach_plakans.png","width":1200,"height":636,"caption":"Su\u0146u & saimnieku skola \"My Perfect Dog\""},"image":{"@id":"https:\/\/myperfectdog.lv\/#\/schema\/logo\/image\/"}}]}},"jetpack_sharing_enabled":true,"_links":{"self":[{"href":"https:\/\/myperfectdog.lv\/en\/wp-json\/wp\/v2\/product\/3998","targetHints":{"allow":["GET"]}}],"collection":[{"href":"https:\/\/myperfectdog.lv\/en\/wp-json\/wp\/v2\/product"}],"about":[{"href":"https:\/\/myperfectdog.lv\/en\/wp-json\/wp\/v2\/types\/product"}],"replies":[{"embeddable":true,"href":"https:\/\/myperfectdog.lv\/en\/wp-json\/wp\/v2\/comments?post=3998"}],"wp:featuredmedia":[{"embeddable":true,"href":"https:\/\/myperfectdog.lv\/en\/wp-json\/wp\/v2\/media\/4960"}],"wp:attachment":[{"href":"https:\/\/myperfectdog.lv\/en\/wp-json\/wp\/v2\/media?parent=3998"}],"wp:term":[{"taxonomy":"product_brand","embeddable":true,"href":"https:\/\/myperfectdog.lv\/en\/wp-json\/wp\/v2\/product_brand?post=3998"},{"taxonomy":"product_cat","embeddable":true,"href":"https:\/\/myperfectdog.lv\/en\/wp-json\/wp\/v2\/product_cat?post=3998"},{"taxonomy":"product_tag","embeddable":true,"href":"https:\/\/myperfectdog.lv\/en\/wp-json\/wp\/v2\/product_tag?post=3998"}],"curies":[{"name":"wp","href":"https:\/\/api.w.org\/{rel}","templated":true}]}}