{"id":4267,"date":"2022-07-23T00:35:51","date_gmt":"2022-07-22T22:35:51","guid":{"rendered":"https:\/\/myperfectdog.lv\/?post_type=product&#038;p=4267"},"modified":"2025-11-14T11:01:14","modified_gmt":"2025-11-14T09:01:14","slug":"davanu-karte","status":"publish","type":"product","link":"https:\/\/myperfectdog.lv\/en\/product\/davanu-karte\/","title":{"rendered":"D\u0101vanu karte"},"content":{"rendered":"<p>M\u0113s ticam, ka \u0161\u012b ir d\u0101vana, ko nov\u0113rt\u0113s gan su\u0146u saimnieki, gan \u010detrk\u0101jainie draugi, jo kas gan var b\u016bt lab\u0101ks par zin\u0101\u0161an\u0101m un prasm\u0113m, kas pal\u012bdz\u0113s veidot harmonisku kopdz\u012bvi ilgu gadu garum\u0101?<\/p>\n<p><em>*Braucu ar\u012b \u0101rpus R\u012bgas uz blakus pils\u0113t\u0101m ( Jelgava, Ik\u0161\u0137ile, Ogre, Sigulda, \u0100da\u017ei, Carnikava, Garkalne, Tukums) par papildus ce\u013ca naudu.<\/em><\/p>","protected":false},"excerpt":{"rendered":"<p>Gribi uzd\u0101vin\u0101t k\u0101dam iesp\u0113ju n\u0101kt, m\u0101c\u012bties su\u0146u &amp; saimnieku skol\u0101 &#8220;My Perfect Dog&#8221; kl\u0101tien\u0113 vai att\u0101lin\u0101ti?<\/p>\n<p><strong>Ieg\u0101d\u0101jies d\u0101vanu karti &#8211; 30, 40, 60, 100, 180 vai 200 eiro v\u0113rt\u012bb\u0101!\u00a0<\/strong><\/p>\n<p><em>P.S. D\u0101vanu karte Tev tiks nos\u016bt\u012bta elektroniski 24h laik\u0101 p\u0113c t\u0101s ieg\u0101des uz Tevis nor\u0101d\u012bto e-pasta adresi.<\/em><\/p>","protected":false},"featured_media":7845,"comment_status":"closed","ping_status":"closed","template":"","meta":[],"product_brand":[],"product_cat":[43],"product_tag":[],"class_list":{"0":"post-4267","1":"product","2":"type-product","3":"status-publish","4":"has-post-thumbnail","6":"product_cat-izglitojosi","8":"first","9":"instock","10":"taxable","11":"shipping-taxable","12":"purchasable","13":"product-type-variable"},"yoast_head":"<!-- This site is optimized with the Yoast SEO plugin v27.6 - https:\/\/yoast.com\/product\/yoast-seo-wordpress\/ -->\n<title>D\u0101vanu karte | MyPerfectDog.lv<\/title>\n<meta name=\"robots\" content=\"index, follow, max-snippet:-1, max-image-preview:large, max-video-preview:-1\" \/>\n<link rel=\"canonical\" href=\"https:\/\/myperfectdog.lv\/en\/product\/davanu-karte\/\" \/>\n<meta property=\"og:locale\" content=\"en_GB\" \/>\n<meta property=\"og:type\" content=\"article\" \/>\n<meta property=\"og:title\" content=\"D\u0101vanu karte | MyPerfectDog.lv\" \/>\n<meta property=\"og:description\" content=\"Gribi uzd\u0101vin\u0101t k\u0101dam iesp\u0113ju n\u0101kt, m\u0101c\u012bties su\u0146u &amp; saimnieku skol\u0101 &quot;My Perfect Dog&quot; kl\u0101tien\u0113 vai att\u0101lin\u0101ti?  Ieg\u0101d\u0101jies d\u0101vanu karti - 30, 40, 60, 100, 180 vai 200 eiro v\u0113rt\u012bb\u0101!\u00a0  P.S. D\u0101vanu karte Tev tiks nos\u016bt\u012bta elektroniski 24h laik\u0101 p\u0113c t\u0101s ieg\u0101des uz Tevis nor\u0101d\u012bto e-pasta adresi.\" \/>\n<meta property=\"og:url\" content=\"https:\/\/myperfectdog.lv\/en\/product\/davanu-karte\/\" \/>\n<meta property=\"og:site_name\" content=\"MyPerfectDog.lv\" \/>\n<meta property=\"article:modified_time\" content=\"2025-11-14T09:01:14+00:00\" \/>\n<meta property=\"og:image\" content=\"https:\/\/myperfectdog.lv\/wp-content\/uploads\/2022\/07\/238.jpg\" \/>\n\t<meta property=\"og:image:width\" content=\"1080\" \/>\n\t<meta property=\"og:image:height\" content=\"1080\" \/>\n\t<meta property=\"og:image:type\" content=\"image\/jpeg\" \/>\n<meta name=\"twitter:card\" content=\"summary_large_image\" \/>\n<meta name=\"twitter:label1\" content=\"Estimated reading time\" \/>\n\t<meta name=\"twitter:data1\" content=\"1 minute\" \/>\n<script type=\"application\/ld+json\" class=\"yoast-schema-graph\">{\"@context\":\"https:\\\/\\\/schema.org\",\"@graph\":[{\"@type\":\"WebPage\",\"@id\":\"https:\\\/\\\/myperfectdog.lv\\\/products\\\/davanu-karte\\\/\",\"url\":\"https:\\\/\\\/myperfectdog.lv\\\/products\\\/davanu-karte\\\/\",\"name\":\"D\u0101vanu karte | MyPerfectDog.lv\",\"isPartOf\":{\"@id\":\"https:\\\/\\\/myperfectdog.lv\\\/#website\"},\"primaryImageOfPage\":{\"@id\":\"https:\\\/\\\/myperfectdog.lv\\\/products\\\/davanu-karte\\\/#primaryimage\"},\"image\":{\"@id\":\"https:\\\/\\\/myperfectdog.lv\\\/products\\\/davanu-karte\\\/#primaryimage\"},\"thumbnailUrl\":\"https:\\\/\\\/myperfectdog.lv\\\/wp-content\\\/uploads\\\/2022\\\/07\\\/238.jpg\",\"datePublished\":\"2022-07-22T22:35:51+00:00\",\"dateModified\":\"2025-11-14T09:01:14+00:00\",\"breadcrumb\":{\"@id\":\"https:\\\/\\\/myperfectdog.lv\\\/products\\\/davanu-karte\\\/#breadcrumb\"},\"inLanguage\":\"en-GB\",\"potentialAction\":[{\"@type\":\"ReadAction\",\"target\":[\"https:\\\/\\\/myperfectdog.lv\\\/products\\\/davanu-karte\\\/\"]}]},{\"@type\":\"ImageObject\",\"inLanguage\":\"en-GB\",\"@id\":\"https:\\\/\\\/myperfectdog.lv\\\/products\\\/davanu-karte\\\/#primaryimage\",\"url\":\"https:\\\/\\\/myperfectdog.lv\\\/wp-content\\\/uploads\\\/2022\\\/07\\\/238.jpg\",\"contentUrl\":\"https:\\\/\\\/myperfectdog.lv\\\/wp-content\\\/uploads\\\/2022\\\/07\\\/238.jpg\",\"width\":1080,\"height\":1080},{\"@type\":\"BreadcrumbList\",\"@id\":\"https:\\\/\\\/myperfectdog.lv\\\/products\\\/davanu-karte\\\/#breadcrumb\",\"itemListElement\":[{\"@type\":\"ListItem\",\"position\":1,\"name\":\"Home\",\"item\":\"https:\\\/\\\/myperfectdog.lv\\\/\"},{\"@type\":\"ListItem\",\"position\":2,\"name\":\"Internetveikals\",\"item\":\"https:\\\/\\\/myperfectdog.lv\\\/internetveikals\\\/\"},{\"@type\":\"ListItem\",\"position\":3,\"name\":\"D\u0101vanu karte\"}]},{\"@type\":\"WebSite\",\"@id\":\"https:\\\/\\\/myperfectdog.lv\\\/#website\",\"url\":\"https:\\\/\\\/myperfectdog.lv\\\/\",\"name\":\"MyPerfectDog.lv\",\"description\":\"Su\u0146u un saimnieku skola\",\"publisher\":{\"@id\":\"https:\\\/\\\/myperfectdog.lv\\\/#organization\"},\"potentialAction\":[{\"@type\":\"SearchAction\",\"target\":{\"@type\":\"EntryPoint\",\"urlTemplate\":\"https:\\\/\\\/myperfectdog.lv\\\/?s={search_term_string}\"},\"query-input\":{\"@type\":\"PropertyValueSpecification\",\"valueRequired\":true,\"valueName\":\"search_term_string\"}}],\"inLanguage\":\"en-GB\"},{\"@type\":\"Organization\",\"@id\":\"https:\\\/\\\/myperfectdog.lv\\\/#organization\",\"name\":\"Su\u0146u & saimnieku skola \\\"My Perfect Dog\\\"\",\"url\":\"https:\\\/\\\/myperfectdog.lv\\\/\",\"logo\":{\"@type\":\"ImageObject\",\"inLanguage\":\"en-GB\",\"@id\":\"https:\\\/\\\/myperfectdog.lv\\\/#\\\/schema\\\/logo\\\/image\\\/\",\"url\":\"https:\\\/\\\/myperfectdog.lv\\\/wp-content\\\/uploads\\\/2020\\\/10\\\/MyPerfectDog-New-logo_peach_plakans.png\",\"contentUrl\":\"https:\\\/\\\/myperfectdog.lv\\\/wp-content\\\/uploads\\\/2020\\\/10\\\/MyPerfectDog-New-logo_peach_plakans.png\",\"width\":1200,\"height\":636,\"caption\":\"Su\u0146u & saimnieku skola \\\"My Perfect Dog\\\"\"},\"image\":{\"@id\":\"https:\\\/\\\/myperfectdog.lv\\\/#\\\/schema\\\/logo\\\/image\\\/\"}}]}<\/script>\n<!-- \/ Yoast SEO plugin. -->","yoast_head_json":{"title":"D\u0101vanu karte | MyPerfectDog.lv","robots":{"index":"index","follow":"follow","max-snippet":"max-snippet:-1","max-image-preview":"max-image-preview:large","max-video-preview":"max-video-preview:-1"},"canonical":"https:\/\/myperfectdog.lv\/en\/product\/davanu-karte\/","og_locale":"en_GB","og_type":"article","og_title":"D\u0101vanu karte | MyPerfectDog.lv","og_description":"Gribi uzd\u0101vin\u0101t k\u0101dam iesp\u0113ju n\u0101kt, m\u0101c\u012bties su\u0146u &amp; saimnieku skol\u0101 \"My Perfect Dog\" kl\u0101tien\u0113 vai att\u0101lin\u0101ti?  Ieg\u0101d\u0101jies d\u0101vanu karti - 30, 40, 60, 100, 180 vai 200 eiro v\u0113rt\u012bb\u0101!\u00a0  P.S. D\u0101vanu karte Tev tiks nos\u016bt\u012bta elektroniski 24h laik\u0101 p\u0113c t\u0101s ieg\u0101des uz Tevis nor\u0101d\u012bto e-pasta adresi.","og_url":"https:\/\/myperfectdog.lv\/en\/product\/davanu-karte\/","og_site_name":"MyPerfectDog.lv","article_modified_time":"2025-11-14T09:01:14+00:00","og_image":[{"width":1080,"height":1080,"url":"https:\/\/myperfectdog.lv\/wp-content\/uploads\/2022\/07\/238.jpg","type":"image\/jpeg"}],"twitter_card":"summary_large_image","twitter_misc":{"Estimated reading time":"1 minute"},"schema":{"@context":"https:\/\/schema.org","@graph":[{"@type":"WebPage","@id":"https:\/\/myperfectdog.lv\/products\/davanu-karte\/","url":"https:\/\/myperfectdog.lv\/products\/davanu-karte\/","name":"D\u0101vanu karte | MyPerfectDog.lv","isPartOf":{"@id":"https:\/\/myperfectdog.lv\/#website"},"primaryImageOfPage":{"@id":"https:\/\/myperfectdog.lv\/products\/davanu-karte\/#primaryimage"},"image":{"@id":"https:\/\/myperfectdog.lv\/products\/davanu-karte\/#primaryimage"},"thumbnailUrl":"https:\/\/myperfectdog.lv\/wp-content\/uploads\/2022\/07\/238.jpg","datePublished":"2022-07-22T22:35:51+00:00","dateModified":"2025-11-14T09:01:14+00:00","breadcrumb":{"@id":"https:\/\/myperfectdog.lv\/products\/davanu-karte\/#breadcrumb"},"inLanguage":"en-GB","potentialAction":[{"@type":"ReadAction","target":["https:\/\/myperfectdog.lv\/products\/davanu-karte\/"]}]},{"@type":"ImageObject","inLanguage":"en-GB","@id":"https:\/\/myperfectdog.lv\/products\/davanu-karte\/#primaryimage","url":"https:\/\/myperfectdog.lv\/wp-content\/uploads\/2022\/07\/238.jpg","contentUrl":"https:\/\/myperfectdog.lv\/wp-content\/uploads\/2022\/07\/238.jpg","width":1080,"height":1080},{"@type":"BreadcrumbList","@id":"https:\/\/myperfectdog.lv\/products\/davanu-karte\/#breadcrumb","itemListElement":[{"@type":"ListItem","position":1,"name":"Home","item":"https:\/\/myperfectdog.lv\/"},{"@type":"ListItem","position":2,"name":"Internetveikals","item":"https:\/\/myperfectdog.lv\/internetveikals\/"},{"@type":"ListItem","position":3,"name":"D\u0101vanu karte"}]},{"@type":"WebSite","@id":"https:\/\/myperfectdog.lv\/#website","url":"https:\/\/myperfectdog.lv\/","name":"MyPerfectDog.lv","description":"Su\u0146u un saimnieku skola","publisher":{"@id":"https:\/\/myperfectdog.lv\/#organization"},"potentialAction":[{"@type":"SearchAction","target":{"@type":"EntryPoint","urlTemplate":"https:\/\/myperfectdog.lv\/?s={search_term_string}"},"query-input":{"@type":"PropertyValueSpecification","valueRequired":true,"valueName":"search_term_string"}}],"inLanguage":"en-GB"},{"@type":"Organization","@id":"https:\/\/myperfectdog.lv\/#organization","name":"Su\u0146u & saimnieku skola \"My Perfect Dog\"","url":"https:\/\/myperfectdog.lv\/","logo":{"@type":"ImageObject","inLanguage":"en-GB","@id":"https:\/\/myperfectdog.lv\/#\/schema\/logo\/image\/","url":"https:\/\/myperfectdog.lv\/wp-content\/uploads\/2020\/10\/MyPerfectDog-New-logo_peach_plakans.png","contentUrl":"https:\/\/myperfectdog.lv\/wp-content\/uploads\/2020\/10\/MyPerfectDog-New-logo_peach_plakans.png","width":1200,"height":636,"caption":"Su\u0146u & saimnieku skola \"My Perfect Dog\""},"image":{"@id":"https:\/\/myperfectdog.lv\/#\/schema\/logo\/image\/"}}]}},"jetpack_sharing_enabled":true,"_links":{"self":[{"href":"https:\/\/myperfectdog.lv\/en\/wp-json\/wp\/v2\/product\/4267","targetHints":{"allow":["GET"]}}],"collection":[{"href":"https:\/\/myperfectdog.lv\/en\/wp-json\/wp\/v2\/product"}],"about":[{"href":"https:\/\/myperfectdog.lv\/en\/wp-json\/wp\/v2\/types\/product"}],"replies":[{"embeddable":true,"href":"https:\/\/myperfectdog.lv\/en\/wp-json\/wp\/v2\/comments?post=4267"}],"wp:featuredmedia":[{"embeddable":true,"href":"https:\/\/myperfectdog.lv\/en\/wp-json\/wp\/v2\/media\/7845"}],"wp:attachment":[{"href":"https:\/\/myperfectdog.lv\/en\/wp-json\/wp\/v2\/media?parent=4267"}],"wp:term":[{"taxonomy":"product_brand","embeddable":true,"href":"https:\/\/myperfectdog.lv\/en\/wp-json\/wp\/v2\/product_brand?post=4267"},{"taxonomy":"product_cat","embeddable":true,"href":"https:\/\/myperfectdog.lv\/en\/wp-json\/wp\/v2\/product_cat?post=4267"},{"taxonomy":"product_tag","embeddable":true,"href":"https:\/\/myperfectdog.lv\/en\/wp-json\/wp\/v2\/product_tag?post=4267"}],"curies":[{"name":"wp","href":"https:\/\/api.w.org\/{rel}","templated":true}]}}