{"id":4423,"date":"2022-08-06T13:36:07","date_gmt":"2022-08-06T11:36:07","guid":{"rendered":"https:\/\/myperfectdog.lv\/?post_type=product&#038;p=4423"},"modified":"2025-10-03T20:24:57","modified_gmt":"2025-10-03T18:24:57","slug":"haqihana-krusu-siksnas","status":"publish","type":"product","link":"https:\/\/myperfectdog.lv\/en\/product\/haqihana-krusu-siksnas\/","title":{"rendered":"Haqihana kr\u016b\u0161u siksnas (da\u017e\u0101di izm\u0113ri)"},"content":{"rendered":"<p>Lai gan Haqihana kr\u016b\u0161u siksna izskat\u0101s \u013coti l\u012bdz\u012bgi daudz\u0101m cit\u0101m siksn\u0101m, kuras laika gait\u0101 ir kop\u0113ju\u0161as Haqihana produktus, t\u0101m piem\u012bt \u012bpa\u0161\u012bbas, kuras nevar atrast nevien\u0101 cit\u0101 izstr\u0101d\u0101jum\u0101.<\/p>\n<p>Kr\u016b\u0161u siksnu un pavadu l\u012bnijas raksturo liela uzman\u012bba dizainam, lab\u0101ko materi\u0101lu mekl\u0113\u0161ana, precizit\u0101te amatnieku ra\u017eo\u0161an\u0101 un vispla\u0161\u0101kais kr\u0101su un izm\u0113ru kl\u0101sts, kas nodro\u0161ina maksim\u0101lu komfortu sunim.<\/p>\n<p>Materi\u0101lu kvalit\u0101te (visi ra\u017eoti Eirop\u0101) apvieno Haqihana vissvar\u012bg\u0101k\u0101s pras\u012bbas: nav toksiski, ir hipoaler\u0123iski, ilgtsp\u0113j\u012bgi, stingri un iztur\u012bgi.<\/p>\n<p>Stiprin\u0101jumi, deta\u013cu relat\u012bvais izm\u0113rs un novietojums uz su\u0146a \u0137erme\u0146a ir izstr\u0101d\u0101ts t\u0101, lai nodro\u0161in\u0101tu maksim\u0101lu komfortu jebkur\u0101 situ\u0101cij\u0101.<\/p>\n<p>Kad suns velk vai ir j\u0101attur, pavadas rad\u012btais spiediens tiek v\u0113rsts tikai uz kr\u016b\u0161u kaulu, tad uz kr\u016bt\u012bm un visbeidzot uz skeletu. \u0160is sadal\u012bjums nov\u0113r\u0161 jebk\u0101das s\u0101pes, jebk\u0101das savilk\u0161anas saj\u016btas, jebk\u0101das berzes vai spriedzes uz \u0101das, jebk\u0101dus kust\u012bbu ierobe\u017eojumus vai jebk\u0101du citu diskomfortu.<\/p>\n<p>Savienojuma spr\u0101dzes un to novietojums \u013cauj \u0101tri un viegli piestiprin\u0101t un no\u0146emt iemauktus, neradot apgr\u016btin\u0101jumus gan sunim, gan saimniekam.<\/p>\n<p><a href=\"https:\/\/myperfectdog.lv\/en\/?attachment_id=4493\" rel=\"attachment wp-att-4493\"><img loading=\"lazy\" decoding=\"async\" class=\"alignnone wp-image-4493\" src=\"https:\/\/myperfectdog.lv\/wp-content\/uploads\/2022\/08\/Harness-Sizing-300x236.jpeg\" alt=\"\" width=\"333\" height=\"262\" srcset=\"https:\/\/myperfectdog.lv\/wp-content\/uploads\/2022\/08\/Harness-Sizing-300x236.jpeg 300w, https:\/\/myperfectdog.lv\/wp-content\/uploads\/2022\/08\/Harness-Sizing-1024x806.jpeg 1024w, https:\/\/myperfectdog.lv\/wp-content\/uploads\/2022\/08\/Harness-Sizing-768x605.jpeg 768w, https:\/\/myperfectdog.lv\/wp-content\/uploads\/2022\/08\/Harness-Sizing-600x472.jpeg 600w, https:\/\/myperfectdog.lv\/wp-content\/uploads\/2022\/08\/Harness-Sizing.jpeg 1134w\" sizes=\"auto, (max-width: 333px) 100vw, 333px\" \/><\/a><\/p>","protected":false},"excerpt":{"rendered":"<p>Y-H tipa iemaukti ir vislab\u0101kais veids, k\u0101 iepriecin\u0101t suni pastaigu laik\u0101.<\/p>\n<p>Iemauktu dizains ir optimiz\u0113ts, lai iev\u0113rotu su\u0146a morfolo\u0123isk\u0101s un fiziolo\u0123isk\u0101s vajadz\u012bbas, tas nesaspie\u017e m\u012bkstos audus ap kaklu un atst\u0101j su\u0146a l\u0101psti\u0146\u0101m br\u012bvu kust\u012bbu.<\/p>\n<p>Izm\u0113ri, pateicoties 5 regul\u0113\u0161anas punktiem, ir paredz\u0113ti lieto\u0161anai no vismaz\u0101k\u0101 l\u012bdz visliel\u0101kajam sunim.<br \/>\nVisi izmantotie materi\u0101li ir ra\u017eoti It\u0101lij\u0101, t\u0101p\u0113c nav l\u0113tu importa komponentu. Ra\u017eo\u0161ana piln\u012bb\u0101 notiek tikai Haqihana laboratorij\u0101 It\u0101lij\u0101.<\/p>\n<p>Visas sast\u0101vda\u013cas ir augst\u0101k\u0101s kvalit\u0101tes:<br \/>\n\u2013 100% v\u0113rpta kr\u0101sota poliam\u012bda siksna, kas austa It\u0101lij\u0101;<br \/>\n&#8211; Ner\u016bs\u0113jo\u0161\u0101 t\u0113rauda AISI 304 gredzeni ra\u017eoti It\u0101lij\u0101;<br \/>\n&#8211; Ergonomiskas spr\u0101dzes no acet\u0101la sve\u0137iem, kas apdruk\u0101tas It\u0101lij\u0101;<br \/>\n&#8211; Dro\u0161\u012bbas \u0161uves, kas izgatavotas ar augst\u0101k\u0101s kvalit\u0101tes \u0161ujamo diegu.<\/p>","protected":false},"featured_media":4546,"comment_status":"closed","ping_status":"closed","template":"","meta":[],"product_brand":[],"product_cat":[47],"product_tag":[],"class_list":{"0":"post-4423","1":"product","2":"type-product","3":"status-publish","4":"has-post-thumbnail","6":"product_cat-pastaigu-aprikojums","8":"first","9":"instock","10":"taxable","11":"shipping-taxable","12":"purchasable","13":"product-type-variable"},"yoast_head":"<!-- This site is optimized with the Yoast SEO plugin v27.5 - https:\/\/yoast.com\/product\/yoast-seo-wordpress\/ -->\n<title>Haqihana kr\u016b\u0161u siksnas (da\u017e\u0101di izm\u0113ri) | MyPerfectDog.lv<\/title>\n<meta name=\"robots\" content=\"index, follow, max-snippet:-1, max-image-preview:large, max-video-preview:-1\" \/>\n<link rel=\"canonical\" href=\"https:\/\/myperfectdog.lv\/en\/product\/haqihana-krusu-siksnas\/\" \/>\n<meta property=\"og:locale\" content=\"en_GB\" \/>\n<meta property=\"og:type\" content=\"article\" \/>\n<meta property=\"og:title\" content=\"Haqihana kr\u016b\u0161u siksnas (da\u017e\u0101di izm\u0113ri) | MyPerfectDog.lv\" \/>\n<meta property=\"og:description\" content=\"Y-H tipa iemaukti ir vislab\u0101kais veids, k\u0101 iepriecin\u0101t suni pastaigu laik\u0101.  Iemauktu dizains ir optimiz\u0113ts, lai iev\u0113rotu su\u0146a morfolo\u0123isk\u0101s un fiziolo\u0123isk\u0101s vajadz\u012bbas, tas nesaspie\u017e m\u012bkstos audus ap kaklu un atst\u0101j su\u0146a l\u0101psti\u0146\u0101m br\u012bvu kust\u012bbu.  Izm\u0113ri, pateicoties 5 regul\u0113\u0161anas punktiem, ir paredz\u0113ti lieto\u0161anai no vismaz\u0101k\u0101 l\u012bdz visliel\u0101kajam sunim. Visi izmantotie materi\u0101li ir ra\u017eoti It\u0101lij\u0101, t\u0101p\u0113c nav l\u0113tu importa komponentu. Ra\u017eo\u0161ana piln\u012bb\u0101 notiek tikai Haqihana laboratorij\u0101 It\u0101lij\u0101.  Visas sast\u0101vda\u013cas ir augst\u0101k\u0101s kvalit\u0101tes: \u2013 100% v\u0113rpta kr\u0101sota poliam\u012bda siksna, kas austa It\u0101lij\u0101; - Ner\u016bs\u0113jo\u0161\u0101 t\u0113rauda AISI 304 gredzeni ra\u017eoti It\u0101lij\u0101; - Ergonomiskas spr\u0101dzes no acet\u0101la sve\u0137iem, kas apdruk\u0101tas It\u0101lij\u0101; - Dro\u0161\u012bbas \u0161uves, kas izgatavotas ar augst\u0101k\u0101s kvalit\u0101tes \u0161ujamo diegu.\" \/>\n<meta property=\"og:url\" content=\"https:\/\/myperfectdog.lv\/en\/product\/haqihana-krusu-siksnas\/\" \/>\n<meta property=\"og:site_name\" content=\"MyPerfectDog.lv\" \/>\n<meta property=\"article:modified_time\" content=\"2025-10-03T18:24:57+00:00\" \/>\n<meta property=\"og:image\" content=\"https:\/\/myperfectdog.lv\/wp-content\/uploads\/2022\/08\/WhatsApp-Image-2022-08-09-at-7.31.30-PM.jpeg\" \/>\n\t<meta property=\"og:image:width\" content=\"1024\" \/>\n\t<meta property=\"og:image:height\" content=\"1024\" \/>\n\t<meta property=\"og:image:type\" content=\"image\/jpeg\" \/>\n<meta name=\"twitter:card\" content=\"summary_large_image\" \/>\n<meta name=\"twitter:label1\" content=\"Estimated reading time\" \/>\n\t<meta name=\"twitter:data1\" content=\"2 minutes\" \/>\n<script type=\"application\/ld+json\" class=\"yoast-schema-graph\">{\"@context\":\"https:\\\/\\\/schema.org\",\"@graph\":[{\"@type\":\"WebPage\",\"@id\":\"https:\\\/\\\/myperfectdog.lv\\\/products\\\/haqihana-krusu-siksnas\\\/\",\"url\":\"https:\\\/\\\/myperfectdog.lv\\\/products\\\/haqihana-krusu-siksnas\\\/\",\"name\":\"Haqihana kr\u016b\u0161u siksnas (da\u017e\u0101di izm\u0113ri) | MyPerfectDog.lv\",\"isPartOf\":{\"@id\":\"https:\\\/\\\/myperfectdog.lv\\\/#website\"},\"primaryImageOfPage\":{\"@id\":\"https:\\\/\\\/myperfectdog.lv\\\/products\\\/haqihana-krusu-siksnas\\\/#primaryimage\"},\"image\":{\"@id\":\"https:\\\/\\\/myperfectdog.lv\\\/products\\\/haqihana-krusu-siksnas\\\/#primaryimage\"},\"thumbnailUrl\":\"https:\\\/\\\/myperfectdog.lv\\\/wp-content\\\/uploads\\\/2022\\\/08\\\/WhatsApp-Image-2022-08-09-at-7.31.30-PM.jpeg\",\"datePublished\":\"2022-08-06T11:36:07+00:00\",\"dateModified\":\"2025-10-03T18:24:57+00:00\",\"breadcrumb\":{\"@id\":\"https:\\\/\\\/myperfectdog.lv\\\/products\\\/haqihana-krusu-siksnas\\\/#breadcrumb\"},\"inLanguage\":\"en-GB\",\"potentialAction\":[{\"@type\":\"ReadAction\",\"target\":[\"https:\\\/\\\/myperfectdog.lv\\\/products\\\/haqihana-krusu-siksnas\\\/\"]}]},{\"@type\":\"ImageObject\",\"inLanguage\":\"en-GB\",\"@id\":\"https:\\\/\\\/myperfectdog.lv\\\/products\\\/haqihana-krusu-siksnas\\\/#primaryimage\",\"url\":\"https:\\\/\\\/myperfectdog.lv\\\/wp-content\\\/uploads\\\/2022\\\/08\\\/WhatsApp-Image-2022-08-09-at-7.31.30-PM.jpeg\",\"contentUrl\":\"https:\\\/\\\/myperfectdog.lv\\\/wp-content\\\/uploads\\\/2022\\\/08\\\/WhatsApp-Image-2022-08-09-at-7.31.30-PM.jpeg\",\"width\":1024,\"height\":1024},{\"@type\":\"BreadcrumbList\",\"@id\":\"https:\\\/\\\/myperfectdog.lv\\\/products\\\/haqihana-krusu-siksnas\\\/#breadcrumb\",\"itemListElement\":[{\"@type\":\"ListItem\",\"position\":1,\"name\":\"Home\",\"item\":\"https:\\\/\\\/myperfectdog.lv\\\/\"},{\"@type\":\"ListItem\",\"position\":2,\"name\":\"Internetveikals\",\"item\":\"https:\\\/\\\/myperfectdog.lv\\\/internetveikals\\\/\"},{\"@type\":\"ListItem\",\"position\":3,\"name\":\"Haqihana kr\u016b\u0161u siksnas (da\u017e\u0101di izm\u0113ri)\"}]},{\"@type\":\"WebSite\",\"@id\":\"https:\\\/\\\/myperfectdog.lv\\\/#website\",\"url\":\"https:\\\/\\\/myperfectdog.lv\\\/\",\"name\":\"MyPerfectDog.lv\",\"description\":\"Su\u0146u un saimnieku skola\",\"publisher\":{\"@id\":\"https:\\\/\\\/myperfectdog.lv\\\/#organization\"},\"potentialAction\":[{\"@type\":\"SearchAction\",\"target\":{\"@type\":\"EntryPoint\",\"urlTemplate\":\"https:\\\/\\\/myperfectdog.lv\\\/?s={search_term_string}\"},\"query-input\":{\"@type\":\"PropertyValueSpecification\",\"valueRequired\":true,\"valueName\":\"search_term_string\"}}],\"inLanguage\":\"en-GB\"},{\"@type\":\"Organization\",\"@id\":\"https:\\\/\\\/myperfectdog.lv\\\/#organization\",\"name\":\"Su\u0146u & saimnieku skola \\\"My Perfect Dog\\\"\",\"url\":\"https:\\\/\\\/myperfectdog.lv\\\/\",\"logo\":{\"@type\":\"ImageObject\",\"inLanguage\":\"en-GB\",\"@id\":\"https:\\\/\\\/myperfectdog.lv\\\/#\\\/schema\\\/logo\\\/image\\\/\",\"url\":\"https:\\\/\\\/myperfectdog.lv\\\/wp-content\\\/uploads\\\/2020\\\/10\\\/MyPerfectDog-New-logo_peach_plakans.png\",\"contentUrl\":\"https:\\\/\\\/myperfectdog.lv\\\/wp-content\\\/uploads\\\/2020\\\/10\\\/MyPerfectDog-New-logo_peach_plakans.png\",\"width\":1200,\"height\":636,\"caption\":\"Su\u0146u & saimnieku skola \\\"My Perfect Dog\\\"\"},\"image\":{\"@id\":\"https:\\\/\\\/myperfectdog.lv\\\/#\\\/schema\\\/logo\\\/image\\\/\"}}]}<\/script>\n<!-- \/ Yoast SEO plugin. -->","yoast_head_json":{"title":"Haqihana kr\u016b\u0161u siksnas (da\u017e\u0101di izm\u0113ri) | MyPerfectDog.lv","robots":{"index":"index","follow":"follow","max-snippet":"max-snippet:-1","max-image-preview":"max-image-preview:large","max-video-preview":"max-video-preview:-1"},"canonical":"https:\/\/myperfectdog.lv\/en\/product\/haqihana-krusu-siksnas\/","og_locale":"en_GB","og_type":"article","og_title":"Haqihana kr\u016b\u0161u siksnas (da\u017e\u0101di izm\u0113ri) | MyPerfectDog.lv","og_description":"Y-H tipa iemaukti ir vislab\u0101kais veids, k\u0101 iepriecin\u0101t suni pastaigu laik\u0101.  Iemauktu dizains ir optimiz\u0113ts, lai iev\u0113rotu su\u0146a morfolo\u0123isk\u0101s un fiziolo\u0123isk\u0101s vajadz\u012bbas, tas nesaspie\u017e m\u012bkstos audus ap kaklu un atst\u0101j su\u0146a l\u0101psti\u0146\u0101m br\u012bvu kust\u012bbu.  Izm\u0113ri, pateicoties 5 regul\u0113\u0161anas punktiem, ir paredz\u0113ti lieto\u0161anai no vismaz\u0101k\u0101 l\u012bdz visliel\u0101kajam sunim. Visi izmantotie materi\u0101li ir ra\u017eoti It\u0101lij\u0101, t\u0101p\u0113c nav l\u0113tu importa komponentu. Ra\u017eo\u0161ana piln\u012bb\u0101 notiek tikai Haqihana laboratorij\u0101 It\u0101lij\u0101.  Visas sast\u0101vda\u013cas ir augst\u0101k\u0101s kvalit\u0101tes: \u2013 100% v\u0113rpta kr\u0101sota poliam\u012bda siksna, kas austa It\u0101lij\u0101; - Ner\u016bs\u0113jo\u0161\u0101 t\u0113rauda AISI 304 gredzeni ra\u017eoti It\u0101lij\u0101; - Ergonomiskas spr\u0101dzes no acet\u0101la sve\u0137iem, kas apdruk\u0101tas It\u0101lij\u0101; - Dro\u0161\u012bbas \u0161uves, kas izgatavotas ar augst\u0101k\u0101s kvalit\u0101tes \u0161ujamo diegu.","og_url":"https:\/\/myperfectdog.lv\/en\/product\/haqihana-krusu-siksnas\/","og_site_name":"MyPerfectDog.lv","article_modified_time":"2025-10-03T18:24:57+00:00","og_image":[{"width":1024,"height":1024,"url":"https:\/\/myperfectdog.lv\/wp-content\/uploads\/2022\/08\/WhatsApp-Image-2022-08-09-at-7.31.30-PM.jpeg","type":"image\/jpeg"}],"twitter_card":"summary_large_image","twitter_misc":{"Estimated reading time":"2 minutes"},"schema":{"@context":"https:\/\/schema.org","@graph":[{"@type":"WebPage","@id":"https:\/\/myperfectdog.lv\/products\/haqihana-krusu-siksnas\/","url":"https:\/\/myperfectdog.lv\/products\/haqihana-krusu-siksnas\/","name":"Haqihana kr\u016b\u0161u siksnas (da\u017e\u0101di izm\u0113ri) | MyPerfectDog.lv","isPartOf":{"@id":"https:\/\/myperfectdog.lv\/#website"},"primaryImageOfPage":{"@id":"https:\/\/myperfectdog.lv\/products\/haqihana-krusu-siksnas\/#primaryimage"},"image":{"@id":"https:\/\/myperfectdog.lv\/products\/haqihana-krusu-siksnas\/#primaryimage"},"thumbnailUrl":"https:\/\/myperfectdog.lv\/wp-content\/uploads\/2022\/08\/WhatsApp-Image-2022-08-09-at-7.31.30-PM.jpeg","datePublished":"2022-08-06T11:36:07+00:00","dateModified":"2025-10-03T18:24:57+00:00","breadcrumb":{"@id":"https:\/\/myperfectdog.lv\/products\/haqihana-krusu-siksnas\/#breadcrumb"},"inLanguage":"en-GB","potentialAction":[{"@type":"ReadAction","target":["https:\/\/myperfectdog.lv\/products\/haqihana-krusu-siksnas\/"]}]},{"@type":"ImageObject","inLanguage":"en-GB","@id":"https:\/\/myperfectdog.lv\/products\/haqihana-krusu-siksnas\/#primaryimage","url":"https:\/\/myperfectdog.lv\/wp-content\/uploads\/2022\/08\/WhatsApp-Image-2022-08-09-at-7.31.30-PM.jpeg","contentUrl":"https:\/\/myperfectdog.lv\/wp-content\/uploads\/2022\/08\/WhatsApp-Image-2022-08-09-at-7.31.30-PM.jpeg","width":1024,"height":1024},{"@type":"BreadcrumbList","@id":"https:\/\/myperfectdog.lv\/products\/haqihana-krusu-siksnas\/#breadcrumb","itemListElement":[{"@type":"ListItem","position":1,"name":"Home","item":"https:\/\/myperfectdog.lv\/"},{"@type":"ListItem","position":2,"name":"Internetveikals","item":"https:\/\/myperfectdog.lv\/internetveikals\/"},{"@type":"ListItem","position":3,"name":"Haqihana kr\u016b\u0161u siksnas (da\u017e\u0101di izm\u0113ri)"}]},{"@type":"WebSite","@id":"https:\/\/myperfectdog.lv\/#website","url":"https:\/\/myperfectdog.lv\/","name":"MyPerfectDog.lv","description":"Su\u0146u un saimnieku skola","publisher":{"@id":"https:\/\/myperfectdog.lv\/#organization"},"potentialAction":[{"@type":"SearchAction","target":{"@type":"EntryPoint","urlTemplate":"https:\/\/myperfectdog.lv\/?s={search_term_string}"},"query-input":{"@type":"PropertyValueSpecification","valueRequired":true,"valueName":"search_term_string"}}],"inLanguage":"en-GB"},{"@type":"Organization","@id":"https:\/\/myperfectdog.lv\/#organization","name":"Su\u0146u & saimnieku skola \"My Perfect Dog\"","url":"https:\/\/myperfectdog.lv\/","logo":{"@type":"ImageObject","inLanguage":"en-GB","@id":"https:\/\/myperfectdog.lv\/#\/schema\/logo\/image\/","url":"https:\/\/myperfectdog.lv\/wp-content\/uploads\/2020\/10\/MyPerfectDog-New-logo_peach_plakans.png","contentUrl":"https:\/\/myperfectdog.lv\/wp-content\/uploads\/2020\/10\/MyPerfectDog-New-logo_peach_plakans.png","width":1200,"height":636,"caption":"Su\u0146u & saimnieku skola \"My Perfect Dog\""},"image":{"@id":"https:\/\/myperfectdog.lv\/#\/schema\/logo\/image\/"}}]}},"jetpack_sharing_enabled":true,"_links":{"self":[{"href":"https:\/\/myperfectdog.lv\/en\/wp-json\/wp\/v2\/product\/4423","targetHints":{"allow":["GET"]}}],"collection":[{"href":"https:\/\/myperfectdog.lv\/en\/wp-json\/wp\/v2\/product"}],"about":[{"href":"https:\/\/myperfectdog.lv\/en\/wp-json\/wp\/v2\/types\/product"}],"replies":[{"embeddable":true,"href":"https:\/\/myperfectdog.lv\/en\/wp-json\/wp\/v2\/comments?post=4423"}],"wp:featuredmedia":[{"embeddable":true,"href":"https:\/\/myperfectdog.lv\/en\/wp-json\/wp\/v2\/media\/4546"}],"wp:attachment":[{"href":"https:\/\/myperfectdog.lv\/en\/wp-json\/wp\/v2\/media?parent=4423"}],"wp:term":[{"taxonomy":"product_brand","embeddable":true,"href":"https:\/\/myperfectdog.lv\/en\/wp-json\/wp\/v2\/product_brand?post=4423"},{"taxonomy":"product_cat","embeddable":true,"href":"https:\/\/myperfectdog.lv\/en\/wp-json\/wp\/v2\/product_cat?post=4423"},{"taxonomy":"product_tag","embeddable":true,"href":"https:\/\/myperfectdog.lv\/en\/wp-json\/wp\/v2\/product_tag?post=4423"}],"curies":[{"name":"wp","href":"https:\/\/api.w.org\/{rel}","templated":true}]}}