{"id":4966,"date":"2022-08-31T03:04:03","date_gmt":"2022-08-31T01:04:03","guid":{"rendered":"https:\/\/myperfectdog.lv\/?post_type=product&#038;p=4966"},"modified":"2026-04-23T13:45:14","modified_gmt":"2026-04-23T11:45:14","slug":"dashi-colorflex-muguras-iemaukti","status":"publish","type":"product","link":"https:\/\/myperfectdog.lv\/en\/product\/dashi-colorflex-muguras-iemaukti\/","title":{"rendered":"Dashi COLORFLEX muguras iemaukti"},"content":{"rendered":"<h5>Dashi muguras iemauktu izm\u0113ru tabula:<\/h5>\n<p><img loading=\"lazy\" decoding=\"async\" class=\"alignnone size-medium wp-image-3847\" src=\"https:\/\/myperfectdog.lv\/wp-content\/uploads\/2022\/04\/Screenshot-2022-04-12-at-15.26.03-300x262.png\" alt=\"\" width=\"300\" height=\"262\" srcset=\"https:\/\/myperfectdog.lv\/wp-content\/uploads\/2022\/04\/Screenshot-2022-04-12-at-15.26.03-300x262.png 300w, https:\/\/myperfectdog.lv\/wp-content\/uploads\/2022\/04\/Screenshot-2022-04-12-at-15.26.03.png 418w\" sizes=\"auto, (max-width: 300px) 100vw, 300px\" \/><\/p>\n<p><span style=\"color: #ff0000;\"><strong>!! Abpus\u0113jiem Neo mesh polster\u0113tajiem iemauktiem kakla da\u013ca neregul\u0113jas !!<\/strong><\/span><\/p>\n<p><span style=\"color: #ff0000;\"><strong>!! Ja Tava su\u0146a kakla un\/vai kr\u016b\u0161u apk\u0101rtm\u0113ri neietilpst nor\u0101d\u012btajos cm, tad \u0161ie iemaukti Jums neder\u0113s !!<\/strong><\/span><\/p>\n<p>Atgrie\u0161anu caur omnivu izplat\u012bt\u0101jam apmaks\u0101 pas\u016bt\u012bt\u0101js vai ir iesp\u0113ja ierasties noliktav\u0101 un nodot pa\u0161iem vai apmain\u012bt.<\/p>\n<p><strong>Pam\u0101c\u012bba, k\u0101 veiksm\u012bgi pieradin\u0101t suni pie iemauktu uzvilk\u0161anas un no\u0146em\u0161anas:<\/strong><\/p>\n<p><iframe loading=\"lazy\" title=\"Pam\u0101c\u012bba: K\u0101 pieradin\u0101t suni pie iemauktu uzvilk\u0161anas?\" width=\"500\" height=\"281\" src=\"https:\/\/www.youtube.com\/embed\/GuKPen4Qy34?feature=oembed&#038;enablejsapi=1&#038;origin=https:\/\/myperfectdog.lv\" frameborder=\"0\" allow=\"accelerometer; autoplay; clipboard-write; encrypted-media; gyroscope; picture-in-picture; web-share\" referrerpolicy=\"strict-origin-when-cross-origin\" allowfullscreen><\/iframe><\/p>","protected":false},"excerpt":{"rendered":"<p><i>T\u0101 pati kvalit\u0101te, cits materi\u0101ls! Izbaudiet m\u016bsu jauno Colorflex kolekciju ar gludu piesk\u0101rienu un kr\u0101sainiem aizdares un regul\u0113\u0161anas elementiem. Turkl\u0101t t\u012br\u012b\u0161ana nekad nav bijusi tik vienk\u0101r\u0161a. Izv\u0113lieties savu m\u012b\u013c\u0101ko kr\u0101su!<\/i><\/p>\n<p><b>Dashi COLORFLEX RED muguras iemaukti:\u00a0<\/b><\/p>\n<ul>\n<li>izgatavoti no iztur\u012bga TPU materi\u0101la, ar kr\u0101sain\u0101m deta\u013c\u0101m;<\/li>\n<li>viegli t\u012br\u0101mi, piln\u012bb\u0101 regul\u0113jami;<\/li>\n<li>ar kr\u0101sainu 4-punktu spr\u0101dzes blo\u0137\u0113\u0161anas sist\u0113mu j\u016bsu su\u0146ai dro\u0161\u012bbai;<\/li>\n<li>divi kr\u0101saini D gredzeni uz muguras pavadas pievieno\u0161anai atkar\u012bb\u0101 no j\u016bsu v\u0113lm\u0113m;<\/li>\n<li>4 izm\u0113ri: no pa\u0161a maz\u0101k\u0101 l\u012bdz liel\u0101kajam m\u012blulim.<\/li>\n<\/ul>\n<p><em><strong>Dare To Wear. Dare To Be Dashi.<\/strong><\/em><\/p>","protected":false},"featured_media":5001,"comment_status":"closed","ping_status":"closed","template":"","meta":[],"product_brand":[],"product_cat":[47],"product_tag":[],"class_list":{"0":"post-4966","1":"product","2":"type-product","3":"status-publish","4":"has-post-thumbnail","6":"product_cat-pastaigu-aprikojums","8":"first","9":"instock","10":"taxable","11":"shipping-taxable","12":"purchasable","13":"product-type-variable"},"yoast_head":"<!-- This site is optimized with the Yoast SEO plugin v27.5 - https:\/\/yoast.com\/product\/yoast-seo-wordpress\/ -->\n<title>Dashi COLORFLEX muguras iemaukti | MyPerfectDog.lv<\/title>\n<meta name=\"robots\" content=\"index, follow, max-snippet:-1, max-image-preview:large, max-video-preview:-1\" \/>\n<link rel=\"canonical\" href=\"https:\/\/myperfectdog.lv\/en\/product\/dashi-colorflex-muguras-iemaukti\/\" \/>\n<meta property=\"og:locale\" content=\"en_GB\" \/>\n<meta property=\"og:type\" content=\"article\" \/>\n<meta property=\"og:title\" content=\"Dashi COLORFLEX muguras iemaukti | MyPerfectDog.lv\" \/>\n<meta property=\"og:description\" content=\"T\u0101 pati kvalit\u0101te, cits materi\u0101ls! Izbaudiet m\u016bsu jauno Colorflex kolekciju ar gludu piesk\u0101rienu un kr\u0101sainiem aizdares un regul\u0113\u0161anas elementiem. Turkl\u0101t t\u012br\u012b\u0161ana nekad nav bijusi tik vienk\u0101r\u0161a. Izv\u0113lieties savu m\u012b\u013c\u0101ko kr\u0101su!  Dashi COLORFLEX RED muguras iemaukti:\u00a0   izgatavoti no iztur\u012bga TPU materi\u0101la, ar kr\u0101sain\u0101m deta\u013c\u0101m;  viegli t\u012br\u0101mi, piln\u012bb\u0101 regul\u0113jami;  ar kr\u0101sainu 4-punktu spr\u0101dzes blo\u0137\u0113\u0161anas sist\u0113mu j\u016bsu su\u0146ai dro\u0161\u012bbai;  divi kr\u0101saini D gredzeni uz muguras pavadas pievieno\u0161anai atkar\u012bb\u0101 no j\u016bsu v\u0113lm\u0113m;  4 izm\u0113ri: no pa\u0161a maz\u0101k\u0101 l\u012bdz liel\u0101kajam m\u012blulim.  Dare To Wear. Dare To Be Dashi.\" \/>\n<meta property=\"og:url\" content=\"https:\/\/myperfectdog.lv\/en\/product\/dashi-colorflex-muguras-iemaukti\/\" \/>\n<meta property=\"og:site_name\" content=\"MyPerfectDog.lv\" \/>\n<meta property=\"article:modified_time\" content=\"2026-04-23T11:45:14+00:00\" \/>\n<meta property=\"og:image\" content=\"https:\/\/myperfectdog.lv\/wp-content\/uploads\/2022\/08\/5c879351418c4f24b9f6cbc2fa5414f2.jpeg\" \/>\n\t<meta property=\"og:image:width\" content=\"659\" \/>\n\t<meta property=\"og:image:height\" content=\"600\" \/>\n\t<meta property=\"og:image:type\" content=\"image\/jpeg\" \/>\n<meta name=\"twitter:card\" content=\"summary_large_image\" \/>\n<meta name=\"twitter:label1\" content=\"Estimated reading time\" \/>\n\t<meta name=\"twitter:data1\" content=\"1 minute\" \/>\n<script type=\"application\/ld+json\" class=\"yoast-schema-graph\">{\"@context\":\"https:\\\/\\\/schema.org\",\"@graph\":[{\"@type\":\"WebPage\",\"@id\":\"https:\\\/\\\/myperfectdog.lv\\\/products\\\/dashi-colorflex-muguras-iemaukti\\\/\",\"url\":\"https:\\\/\\\/myperfectdog.lv\\\/products\\\/dashi-colorflex-muguras-iemaukti\\\/\",\"name\":\"Dashi COLORFLEX muguras iemaukti | MyPerfectDog.lv\",\"isPartOf\":{\"@id\":\"https:\\\/\\\/myperfectdog.lv\\\/#website\"},\"primaryImageOfPage\":{\"@id\":\"https:\\\/\\\/myperfectdog.lv\\\/products\\\/dashi-colorflex-muguras-iemaukti\\\/#primaryimage\"},\"image\":{\"@id\":\"https:\\\/\\\/myperfectdog.lv\\\/products\\\/dashi-colorflex-muguras-iemaukti\\\/#primaryimage\"},\"thumbnailUrl\":\"https:\\\/\\\/myperfectdog.lv\\\/wp-content\\\/uploads\\\/2022\\\/08\\\/5c879351418c4f24b9f6cbc2fa5414f2.jpeg\",\"datePublished\":\"2022-08-31T01:04:03+00:00\",\"dateModified\":\"2026-04-23T11:45:14+00:00\",\"breadcrumb\":{\"@id\":\"https:\\\/\\\/myperfectdog.lv\\\/products\\\/dashi-colorflex-muguras-iemaukti\\\/#breadcrumb\"},\"inLanguage\":\"en-GB\",\"potentialAction\":[{\"@type\":\"ReadAction\",\"target\":[\"https:\\\/\\\/myperfectdog.lv\\\/products\\\/dashi-colorflex-muguras-iemaukti\\\/\"]}]},{\"@type\":\"ImageObject\",\"inLanguage\":\"en-GB\",\"@id\":\"https:\\\/\\\/myperfectdog.lv\\\/products\\\/dashi-colorflex-muguras-iemaukti\\\/#primaryimage\",\"url\":\"https:\\\/\\\/myperfectdog.lv\\\/wp-content\\\/uploads\\\/2022\\\/08\\\/5c879351418c4f24b9f6cbc2fa5414f2.jpeg\",\"contentUrl\":\"https:\\\/\\\/myperfectdog.lv\\\/wp-content\\\/uploads\\\/2022\\\/08\\\/5c879351418c4f24b9f6cbc2fa5414f2.jpeg\",\"width\":659,\"height\":600},{\"@type\":\"BreadcrumbList\",\"@id\":\"https:\\\/\\\/myperfectdog.lv\\\/products\\\/dashi-colorflex-muguras-iemaukti\\\/#breadcrumb\",\"itemListElement\":[{\"@type\":\"ListItem\",\"position\":1,\"name\":\"Home\",\"item\":\"https:\\\/\\\/myperfectdog.lv\\\/\"},{\"@type\":\"ListItem\",\"position\":2,\"name\":\"Internetveikals\",\"item\":\"https:\\\/\\\/myperfectdog.lv\\\/internetveikals\\\/\"},{\"@type\":\"ListItem\",\"position\":3,\"name\":\"Dashi COLORFLEX muguras iemaukti\"}]},{\"@type\":\"WebSite\",\"@id\":\"https:\\\/\\\/myperfectdog.lv\\\/#website\",\"url\":\"https:\\\/\\\/myperfectdog.lv\\\/\",\"name\":\"MyPerfectDog.lv\",\"description\":\"Su\u0146u un saimnieku skola\",\"publisher\":{\"@id\":\"https:\\\/\\\/myperfectdog.lv\\\/#organization\"},\"potentialAction\":[{\"@type\":\"SearchAction\",\"target\":{\"@type\":\"EntryPoint\",\"urlTemplate\":\"https:\\\/\\\/myperfectdog.lv\\\/?s={search_term_string}\"},\"query-input\":{\"@type\":\"PropertyValueSpecification\",\"valueRequired\":true,\"valueName\":\"search_term_string\"}}],\"inLanguage\":\"en-GB\"},{\"@type\":\"Organization\",\"@id\":\"https:\\\/\\\/myperfectdog.lv\\\/#organization\",\"name\":\"Su\u0146u & saimnieku skola \\\"My Perfect Dog\\\"\",\"url\":\"https:\\\/\\\/myperfectdog.lv\\\/\",\"logo\":{\"@type\":\"ImageObject\",\"inLanguage\":\"en-GB\",\"@id\":\"https:\\\/\\\/myperfectdog.lv\\\/#\\\/schema\\\/logo\\\/image\\\/\",\"url\":\"https:\\\/\\\/myperfectdog.lv\\\/wp-content\\\/uploads\\\/2020\\\/10\\\/MyPerfectDog-New-logo_peach_plakans.png\",\"contentUrl\":\"https:\\\/\\\/myperfectdog.lv\\\/wp-content\\\/uploads\\\/2020\\\/10\\\/MyPerfectDog-New-logo_peach_plakans.png\",\"width\":1200,\"height\":636,\"caption\":\"Su\u0146u & saimnieku skola \\\"My Perfect Dog\\\"\"},\"image\":{\"@id\":\"https:\\\/\\\/myperfectdog.lv\\\/#\\\/schema\\\/logo\\\/image\\\/\"}}]}<\/script>\n<!-- \/ Yoast SEO plugin. -->","yoast_head_json":{"title":"Dashi COLORFLEX muguras iemaukti | MyPerfectDog.lv","robots":{"index":"index","follow":"follow","max-snippet":"max-snippet:-1","max-image-preview":"max-image-preview:large","max-video-preview":"max-video-preview:-1"},"canonical":"https:\/\/myperfectdog.lv\/en\/product\/dashi-colorflex-muguras-iemaukti\/","og_locale":"en_GB","og_type":"article","og_title":"Dashi COLORFLEX muguras iemaukti | MyPerfectDog.lv","og_description":"T\u0101 pati kvalit\u0101te, cits materi\u0101ls! Izbaudiet m\u016bsu jauno Colorflex kolekciju ar gludu piesk\u0101rienu un kr\u0101sainiem aizdares un regul\u0113\u0161anas elementiem. Turkl\u0101t t\u012br\u012b\u0161ana nekad nav bijusi tik vienk\u0101r\u0161a. Izv\u0113lieties savu m\u012b\u013c\u0101ko kr\u0101su!  Dashi COLORFLEX RED muguras iemaukti:\u00a0   izgatavoti no iztur\u012bga TPU materi\u0101la, ar kr\u0101sain\u0101m deta\u013c\u0101m;  viegli t\u012br\u0101mi, piln\u012bb\u0101 regul\u0113jami;  ar kr\u0101sainu 4-punktu spr\u0101dzes blo\u0137\u0113\u0161anas sist\u0113mu j\u016bsu su\u0146ai dro\u0161\u012bbai;  divi kr\u0101saini D gredzeni uz muguras pavadas pievieno\u0161anai atkar\u012bb\u0101 no j\u016bsu v\u0113lm\u0113m;  4 izm\u0113ri: no pa\u0161a maz\u0101k\u0101 l\u012bdz liel\u0101kajam m\u012blulim.  Dare To Wear. Dare To Be Dashi.","og_url":"https:\/\/myperfectdog.lv\/en\/product\/dashi-colorflex-muguras-iemaukti\/","og_site_name":"MyPerfectDog.lv","article_modified_time":"2026-04-23T11:45:14+00:00","og_image":[{"width":659,"height":600,"url":"https:\/\/myperfectdog.lv\/wp-content\/uploads\/2022\/08\/5c879351418c4f24b9f6cbc2fa5414f2.jpeg","type":"image\/jpeg"}],"twitter_card":"summary_large_image","twitter_misc":{"Estimated reading time":"1 minute"},"schema":{"@context":"https:\/\/schema.org","@graph":[{"@type":"WebPage","@id":"https:\/\/myperfectdog.lv\/products\/dashi-colorflex-muguras-iemaukti\/","url":"https:\/\/myperfectdog.lv\/products\/dashi-colorflex-muguras-iemaukti\/","name":"Dashi COLORFLEX muguras iemaukti | MyPerfectDog.lv","isPartOf":{"@id":"https:\/\/myperfectdog.lv\/#website"},"primaryImageOfPage":{"@id":"https:\/\/myperfectdog.lv\/products\/dashi-colorflex-muguras-iemaukti\/#primaryimage"},"image":{"@id":"https:\/\/myperfectdog.lv\/products\/dashi-colorflex-muguras-iemaukti\/#primaryimage"},"thumbnailUrl":"https:\/\/myperfectdog.lv\/wp-content\/uploads\/2022\/08\/5c879351418c4f24b9f6cbc2fa5414f2.jpeg","datePublished":"2022-08-31T01:04:03+00:00","dateModified":"2026-04-23T11:45:14+00:00","breadcrumb":{"@id":"https:\/\/myperfectdog.lv\/products\/dashi-colorflex-muguras-iemaukti\/#breadcrumb"},"inLanguage":"en-GB","potentialAction":[{"@type":"ReadAction","target":["https:\/\/myperfectdog.lv\/products\/dashi-colorflex-muguras-iemaukti\/"]}]},{"@type":"ImageObject","inLanguage":"en-GB","@id":"https:\/\/myperfectdog.lv\/products\/dashi-colorflex-muguras-iemaukti\/#primaryimage","url":"https:\/\/myperfectdog.lv\/wp-content\/uploads\/2022\/08\/5c879351418c4f24b9f6cbc2fa5414f2.jpeg","contentUrl":"https:\/\/myperfectdog.lv\/wp-content\/uploads\/2022\/08\/5c879351418c4f24b9f6cbc2fa5414f2.jpeg","width":659,"height":600},{"@type":"BreadcrumbList","@id":"https:\/\/myperfectdog.lv\/products\/dashi-colorflex-muguras-iemaukti\/#breadcrumb","itemListElement":[{"@type":"ListItem","position":1,"name":"Home","item":"https:\/\/myperfectdog.lv\/"},{"@type":"ListItem","position":2,"name":"Internetveikals","item":"https:\/\/myperfectdog.lv\/internetveikals\/"},{"@type":"ListItem","position":3,"name":"Dashi COLORFLEX muguras iemaukti"}]},{"@type":"WebSite","@id":"https:\/\/myperfectdog.lv\/#website","url":"https:\/\/myperfectdog.lv\/","name":"MyPerfectDog.lv","description":"Su\u0146u un saimnieku skola","publisher":{"@id":"https:\/\/myperfectdog.lv\/#organization"},"potentialAction":[{"@type":"SearchAction","target":{"@type":"EntryPoint","urlTemplate":"https:\/\/myperfectdog.lv\/?s={search_term_string}"},"query-input":{"@type":"PropertyValueSpecification","valueRequired":true,"valueName":"search_term_string"}}],"inLanguage":"en-GB"},{"@type":"Organization","@id":"https:\/\/myperfectdog.lv\/#organization","name":"Su\u0146u & saimnieku skola \"My Perfect Dog\"","url":"https:\/\/myperfectdog.lv\/","logo":{"@type":"ImageObject","inLanguage":"en-GB","@id":"https:\/\/myperfectdog.lv\/#\/schema\/logo\/image\/","url":"https:\/\/myperfectdog.lv\/wp-content\/uploads\/2020\/10\/MyPerfectDog-New-logo_peach_plakans.png","contentUrl":"https:\/\/myperfectdog.lv\/wp-content\/uploads\/2020\/10\/MyPerfectDog-New-logo_peach_plakans.png","width":1200,"height":636,"caption":"Su\u0146u & saimnieku skola \"My Perfect Dog\""},"image":{"@id":"https:\/\/myperfectdog.lv\/#\/schema\/logo\/image\/"}}]}},"jetpack_sharing_enabled":true,"_links":{"self":[{"href":"https:\/\/myperfectdog.lv\/en\/wp-json\/wp\/v2\/product\/4966","targetHints":{"allow":["GET"]}}],"collection":[{"href":"https:\/\/myperfectdog.lv\/en\/wp-json\/wp\/v2\/product"}],"about":[{"href":"https:\/\/myperfectdog.lv\/en\/wp-json\/wp\/v2\/types\/product"}],"replies":[{"embeddable":true,"href":"https:\/\/myperfectdog.lv\/en\/wp-json\/wp\/v2\/comments?post=4966"}],"wp:featuredmedia":[{"embeddable":true,"href":"https:\/\/myperfectdog.lv\/en\/wp-json\/wp\/v2\/media\/5001"}],"wp:attachment":[{"href":"https:\/\/myperfectdog.lv\/en\/wp-json\/wp\/v2\/media?parent=4966"}],"wp:term":[{"taxonomy":"product_brand","embeddable":true,"href":"https:\/\/myperfectdog.lv\/en\/wp-json\/wp\/v2\/product_brand?post=4966"},{"taxonomy":"product_cat","embeddable":true,"href":"https:\/\/myperfectdog.lv\/en\/wp-json\/wp\/v2\/product_cat?post=4966"},{"taxonomy":"product_tag","embeddable":true,"href":"https:\/\/myperfectdog.lv\/en\/wp-json\/wp\/v2\/product_tag?post=4966"}],"curies":[{"name":"wp","href":"https:\/\/api.w.org\/{rel}","templated":true}]}}