{"id":5493,"date":"2022-10-24T14:29:10","date_gmt":"2022-10-24T12:29:10","guid":{"rendered":"https:\/\/myperfectdog.lv\/?post_type=product&#038;p=5493"},"modified":"2026-01-30T18:30:31","modified_gmt":"2026-01-30T16:30:31","slug":"twotroubletails-ostisanas-paklajini","status":"publish","type":"product","link":"https:\/\/myperfectdog.lv\/en\/product\/twotroubletails-ostisanas-paklajini\/","title":{"rendered":"TwoTroubleTails ost\u012b\u0161an\u0101s bumbas"},"content":{"rendered":"<p>Bumba: \u2300 10\/ 15 \/ 20\/ 25 cm<\/p>\n<p>Sast\u0101vs: 100% poliesteris un plastmasa.<span class=\"Apple-converted-space\">\u00a0<\/span><\/p>\n<p>At\u013cauts mazg\u0101t ve\u013casma\u0161\u012bn\u0101 40\u00b0C.<\/p>\n<p>Roku darbs. Rad\u012bts LATVIJ\u0100.<\/p>\n<p>Pakl\u0101ja vai bumbas izveido\u0161anas laiks 3 &#8211; 5 dienas.<\/p>\n<p>&nbsp;<\/p>","protected":false},"excerpt":{"rendered":"<h2>O\u0161\u0146\u0101\u0161an\u0101s bumba &#8211; ide\u0101l\u0101 ment\u0101l\u0101 aktivit\u0101te Tavam m\u012blulim!<\/h2>\n<p>\u0160\u012b aizraujo\u0161\u0101 rota\u013clieta sast\u0101v no k\u0101rt\u012bgi savienotiem, apa\u013ciem fl\u012bsa gabali\u0146iem, veidojot interesantu sp\u0113li j\u016bsu m\u0101jdz\u012bvniekam. Katrs gabali\u0146\u0161 ir prec\u012bzi izgriezts un sak\u0101rtots, veidojot vair\u0101kas vietas, kur sl\u0113pt k\u0101rumus, p\u0101rv\u0113r\u0161ot \u0113\u0161anas vai gardumu laiku par aizraujo\u0161u d\u0101rgumu mekl\u0113\u0161anas piedz\u012bvojumu, kas stimul\u0113 dabiskos mekl\u0113\u0161anas instinktus. Regul\u0101ras o\u0161\u0146\u0101\u0161an\u0101s un ment\u0101l\u0101s aktivit\u0101tes:<\/p>\n<ul>\n<li>\n<p role=\"presentation\">Samazina stresu un trauksmi<\/p>\n<\/li>\n<li>\n<p role=\"presentation\">Nodro\u0161ina gan gar\u012bgu, gan fizisku stimul\u0101ciju<\/p>\n<\/li>\n<li>\n<p role=\"presentation\">Att\u012bsta probl\u0113mu risin\u0101\u0161anas prasmes<\/p>\n<\/li>\n<li>\n<p role=\"presentation\">Pied\u0101v\u0101 pozit\u012bvu izklaidi jebkur\u0101 laik\u0101<\/p>\n<\/li>\n<li>\n<p role=\"presentation\">Pal\u012bdz nov\u0113rst garlaic\u012bbu un destrukt\u012bvu uzved\u012bbu<\/p>\n<\/li>\n<\/ul>\n<p>O\u0161\u0146\u0101\u0161an\u0101s bumba veido sare\u017e\u0123\u012btu labirintu, kur\u0101 var sl\u0113pt k\u0101rumus, mudinot j\u016bsu m\u0101jdz\u012bvnieku izmantot degunu. Ide\u0101li piem\u0113rots ka\u0137iem, su\u0146iem un citiem m\u0101jdz\u012bvniekiem, kuri izbauda mekl\u0113\u0161anu. Viegls kop\u0161anai &#8211; mazg\u0101jams ve\u013cas ma\u0161\u012bn\u0101. Izgatavots no iztur\u012bga, m\u0101jdz\u012bvniekiem dro\u0161a fl\u012bsa materi\u0101la.<\/p>\n<p>&nbsp;<\/p>\n<p><em><strong>L\u016bgums, izv\u0113lieties kr\u0101su no galerijas un ierakstiet\u00a0savu v\u0113lamo kr\u0101su skaitli, kad esat pirkumu groz\u0101.<\/strong><\/em><\/p>","protected":false},"featured_media":12943,"comment_status":"closed","ping_status":"closed","template":"","meta":[],"product_brand":[],"product_cat":[41],"product_tag":[],"class_list":{"0":"post-5493","1":"product","2":"type-product","3":"status-publish","4":"has-post-thumbnail","6":"product_cat-speles-suniem","8":"first","9":"instock","10":"taxable","11":"shipping-taxable","12":"purchasable","13":"product-type-variable"},"yoast_head":"<!-- This site is optimized with the Yoast SEO plugin v27.5 - https:\/\/yoast.com\/product\/yoast-seo-wordpress\/ -->\n<title>TwoTroubleTails ost\u012b\u0161an\u0101s bumbas | MyPerfectDog.lv<\/title>\n<meta name=\"robots\" content=\"index, follow, max-snippet:-1, max-image-preview:large, max-video-preview:-1\" \/>\n<link rel=\"canonical\" href=\"https:\/\/myperfectdog.lv\/en\/product\/twotroubletails-ostisanas-paklajini\/\" \/>\n<meta property=\"og:locale\" content=\"en_GB\" \/>\n<meta property=\"og:type\" content=\"article\" \/>\n<meta property=\"og:title\" content=\"TwoTroubleTails ost\u012b\u0161an\u0101s bumbas | MyPerfectDog.lv\" \/>\n<meta property=\"og:description\" content=\"O\u0161\u0146\u0101\u0161an\u0101s bumba - ide\u0101l\u0101 ment\u0101l\u0101 aktivit\u0101te Tavam m\u012blulim! \u0160\u012b aizraujo\u0161\u0101 rota\u013clieta sast\u0101v no k\u0101rt\u012bgi savienotiem, apa\u013ciem fl\u012bsa gabali\u0146iem, veidojot interesantu sp\u0113li j\u016bsu m\u0101jdz\u012bvniekam. Katrs gabali\u0146\u0161 ir prec\u012bzi izgriezts un sak\u0101rtots, veidojot vair\u0101kas vietas, kur sl\u0113pt k\u0101rumus, p\u0101rv\u0113r\u0161ot \u0113\u0161anas vai gardumu laiku par aizraujo\u0161u d\u0101rgumu mekl\u0113\u0161anas piedz\u012bvojumu, kas stimul\u0113 dabiskos mekl\u0113\u0161anas instinktus. Regul\u0101ras o\u0161\u0146\u0101\u0161an\u0101s un ment\u0101l\u0101s aktivit\u0101tes:    Samazina stresu un trauksmi    Nodro\u0161ina gan gar\u012bgu, gan fizisku stimul\u0101ciju    Att\u012bsta probl\u0113mu risin\u0101\u0161anas prasmes    Pied\u0101v\u0101 pozit\u012bvu izklaidi jebkur\u0101 laik\u0101    Pal\u012bdz nov\u0113rst garlaic\u012bbu un destrukt\u012bvu uzved\u012bbu   O\u0161\u0146\u0101\u0161an\u0101s bumba veido sare\u017e\u0123\u012btu labirintu, kur\u0101 var sl\u0113pt k\u0101rumus, mudinot j\u016bsu m\u0101jdz\u012bvnieku izmantot degunu. Ide\u0101li piem\u0113rots ka\u0137iem, su\u0146iem un citiem m\u0101jdz\u012bvniekiem, kuri izbauda mekl\u0113\u0161anu. Viegls kop\u0161anai - mazg\u0101jams ve\u013cas ma\u0161\u012bn\u0101. Izgatavots no iztur\u012bga, m\u0101jdz\u012bvniekiem dro\u0161a fl\u012bsa materi\u0101la.  &nbsp;  L\u016bgums, izv\u0113lieties kr\u0101su no galerijas un ierakstiet\u00a0savu v\u0113lamo kr\u0101su skaitli, kad esat pirkumu groz\u0101.\" \/>\n<meta property=\"og:url\" content=\"https:\/\/myperfectdog.lv\/en\/product\/twotroubletails-ostisanas-paklajini\/\" \/>\n<meta property=\"og:site_name\" content=\"MyPerfectDog.lv\" \/>\n<meta property=\"article:modified_time\" content=\"2026-01-30T16:30:31+00:00\" \/>\n<meta property=\"og:image\" content=\"https:\/\/myperfectdog.lv\/wp-content\/uploads\/2022\/10\/MG_6643-c3d7aec05b74fe798ef859d800364cd0.jpg\" \/>\n\t<meta property=\"og:image:width\" content=\"746\" \/>\n\t<meta property=\"og:image:height\" content=\"1120\" \/>\n\t<meta property=\"og:image:type\" content=\"image\/jpeg\" \/>\n<meta name=\"twitter:card\" content=\"summary_large_image\" \/>\n<meta name=\"twitter:label1\" content=\"Estimated reading time\" \/>\n\t<meta name=\"twitter:data1\" content=\"1 minute\" \/>\n<script type=\"application\/ld+json\" class=\"yoast-schema-graph\">{\"@context\":\"https:\\\/\\\/schema.org\",\"@graph\":[{\"@type\":\"WebPage\",\"@id\":\"https:\\\/\\\/myperfectdog.lv\\\/products\\\/twotroubletails-ostisanas-paklajini\\\/\",\"url\":\"https:\\\/\\\/myperfectdog.lv\\\/products\\\/twotroubletails-ostisanas-paklajini\\\/\",\"name\":\"TwoTroubleTails ost\u012b\u0161an\u0101s bumbas | MyPerfectDog.lv\",\"isPartOf\":{\"@id\":\"https:\\\/\\\/myperfectdog.lv\\\/#website\"},\"primaryImageOfPage\":{\"@id\":\"https:\\\/\\\/myperfectdog.lv\\\/products\\\/twotroubletails-ostisanas-paklajini\\\/#primaryimage\"},\"image\":{\"@id\":\"https:\\\/\\\/myperfectdog.lv\\\/products\\\/twotroubletails-ostisanas-paklajini\\\/#primaryimage\"},\"thumbnailUrl\":\"https:\\\/\\\/myperfectdog.lv\\\/wp-content\\\/uploads\\\/2022\\\/10\\\/MG_6643-c3d7aec05b74fe798ef859d800364cd0.jpg\",\"datePublished\":\"2022-10-24T12:29:10+00:00\",\"dateModified\":\"2026-01-30T16:30:31+00:00\",\"breadcrumb\":{\"@id\":\"https:\\\/\\\/myperfectdog.lv\\\/products\\\/twotroubletails-ostisanas-paklajini\\\/#breadcrumb\"},\"inLanguage\":\"en-GB\",\"potentialAction\":[{\"@type\":\"ReadAction\",\"target\":[\"https:\\\/\\\/myperfectdog.lv\\\/products\\\/twotroubletails-ostisanas-paklajini\\\/\"]}]},{\"@type\":\"ImageObject\",\"inLanguage\":\"en-GB\",\"@id\":\"https:\\\/\\\/myperfectdog.lv\\\/products\\\/twotroubletails-ostisanas-paklajini\\\/#primaryimage\",\"url\":\"https:\\\/\\\/myperfectdog.lv\\\/wp-content\\\/uploads\\\/2022\\\/10\\\/MG_6643-c3d7aec05b74fe798ef859d800364cd0.jpg\",\"contentUrl\":\"https:\\\/\\\/myperfectdog.lv\\\/wp-content\\\/uploads\\\/2022\\\/10\\\/MG_6643-c3d7aec05b74fe798ef859d800364cd0.jpg\",\"width\":746,\"height\":1120},{\"@type\":\"BreadcrumbList\",\"@id\":\"https:\\\/\\\/myperfectdog.lv\\\/products\\\/twotroubletails-ostisanas-paklajini\\\/#breadcrumb\",\"itemListElement\":[{\"@type\":\"ListItem\",\"position\":1,\"name\":\"Home\",\"item\":\"https:\\\/\\\/myperfectdog.lv\\\/\"},{\"@type\":\"ListItem\",\"position\":2,\"name\":\"Internetveikals\",\"item\":\"https:\\\/\\\/myperfectdog.lv\\\/internetveikals\\\/\"},{\"@type\":\"ListItem\",\"position\":3,\"name\":\"TwoTroubleTails ost\u012b\u0161an\u0101s bumbas\"}]},{\"@type\":\"WebSite\",\"@id\":\"https:\\\/\\\/myperfectdog.lv\\\/#website\",\"url\":\"https:\\\/\\\/myperfectdog.lv\\\/\",\"name\":\"MyPerfectDog.lv\",\"description\":\"Su\u0146u un saimnieku skola\",\"publisher\":{\"@id\":\"https:\\\/\\\/myperfectdog.lv\\\/#organization\"},\"potentialAction\":[{\"@type\":\"SearchAction\",\"target\":{\"@type\":\"EntryPoint\",\"urlTemplate\":\"https:\\\/\\\/myperfectdog.lv\\\/?s={search_term_string}\"},\"query-input\":{\"@type\":\"PropertyValueSpecification\",\"valueRequired\":true,\"valueName\":\"search_term_string\"}}],\"inLanguage\":\"en-GB\"},{\"@type\":\"Organization\",\"@id\":\"https:\\\/\\\/myperfectdog.lv\\\/#organization\",\"name\":\"Su\u0146u & saimnieku skola \\\"My Perfect Dog\\\"\",\"url\":\"https:\\\/\\\/myperfectdog.lv\\\/\",\"logo\":{\"@type\":\"ImageObject\",\"inLanguage\":\"en-GB\",\"@id\":\"https:\\\/\\\/myperfectdog.lv\\\/#\\\/schema\\\/logo\\\/image\\\/\",\"url\":\"https:\\\/\\\/myperfectdog.lv\\\/wp-content\\\/uploads\\\/2020\\\/10\\\/MyPerfectDog-New-logo_peach_plakans.png\",\"contentUrl\":\"https:\\\/\\\/myperfectdog.lv\\\/wp-content\\\/uploads\\\/2020\\\/10\\\/MyPerfectDog-New-logo_peach_plakans.png\",\"width\":1200,\"height\":636,\"caption\":\"Su\u0146u & saimnieku skola \\\"My Perfect Dog\\\"\"},\"image\":{\"@id\":\"https:\\\/\\\/myperfectdog.lv\\\/#\\\/schema\\\/logo\\\/image\\\/\"}}]}<\/script>\n<!-- \/ Yoast SEO plugin. -->","yoast_head_json":{"title":"TwoTroubleTails ost\u012b\u0161an\u0101s bumbas | MyPerfectDog.lv","robots":{"index":"index","follow":"follow","max-snippet":"max-snippet:-1","max-image-preview":"max-image-preview:large","max-video-preview":"max-video-preview:-1"},"canonical":"https:\/\/myperfectdog.lv\/en\/product\/twotroubletails-ostisanas-paklajini\/","og_locale":"en_GB","og_type":"article","og_title":"TwoTroubleTails ost\u012b\u0161an\u0101s bumbas | MyPerfectDog.lv","og_description":"O\u0161\u0146\u0101\u0161an\u0101s bumba - ide\u0101l\u0101 ment\u0101l\u0101 aktivit\u0101te Tavam m\u012blulim! \u0160\u012b aizraujo\u0161\u0101 rota\u013clieta sast\u0101v no k\u0101rt\u012bgi savienotiem, apa\u013ciem fl\u012bsa gabali\u0146iem, veidojot interesantu sp\u0113li j\u016bsu m\u0101jdz\u012bvniekam. Katrs gabali\u0146\u0161 ir prec\u012bzi izgriezts un sak\u0101rtots, veidojot vair\u0101kas vietas, kur sl\u0113pt k\u0101rumus, p\u0101rv\u0113r\u0161ot \u0113\u0161anas vai gardumu laiku par aizraujo\u0161u d\u0101rgumu mekl\u0113\u0161anas piedz\u012bvojumu, kas stimul\u0113 dabiskos mekl\u0113\u0161anas instinktus. Regul\u0101ras o\u0161\u0146\u0101\u0161an\u0101s un ment\u0101l\u0101s aktivit\u0101tes:    Samazina stresu un trauksmi    Nodro\u0161ina gan gar\u012bgu, gan fizisku stimul\u0101ciju    Att\u012bsta probl\u0113mu risin\u0101\u0161anas prasmes    Pied\u0101v\u0101 pozit\u012bvu izklaidi jebkur\u0101 laik\u0101    Pal\u012bdz nov\u0113rst garlaic\u012bbu un destrukt\u012bvu uzved\u012bbu   O\u0161\u0146\u0101\u0161an\u0101s bumba veido sare\u017e\u0123\u012btu labirintu, kur\u0101 var sl\u0113pt k\u0101rumus, mudinot j\u016bsu m\u0101jdz\u012bvnieku izmantot degunu. Ide\u0101li piem\u0113rots ka\u0137iem, su\u0146iem un citiem m\u0101jdz\u012bvniekiem, kuri izbauda mekl\u0113\u0161anu. Viegls kop\u0161anai - mazg\u0101jams ve\u013cas ma\u0161\u012bn\u0101. Izgatavots no iztur\u012bga, m\u0101jdz\u012bvniekiem dro\u0161a fl\u012bsa materi\u0101la.  &nbsp;  L\u016bgums, izv\u0113lieties kr\u0101su no galerijas un ierakstiet\u00a0savu v\u0113lamo kr\u0101su skaitli, kad esat pirkumu groz\u0101.","og_url":"https:\/\/myperfectdog.lv\/en\/product\/twotroubletails-ostisanas-paklajini\/","og_site_name":"MyPerfectDog.lv","article_modified_time":"2026-01-30T16:30:31+00:00","og_image":[{"width":746,"height":1120,"url":"https:\/\/myperfectdog.lv\/wp-content\/uploads\/2022\/10\/MG_6643-c3d7aec05b74fe798ef859d800364cd0.jpg","type":"image\/jpeg"}],"twitter_card":"summary_large_image","twitter_misc":{"Estimated reading time":"1 minute"},"schema":{"@context":"https:\/\/schema.org","@graph":[{"@type":"WebPage","@id":"https:\/\/myperfectdog.lv\/products\/twotroubletails-ostisanas-paklajini\/","url":"https:\/\/myperfectdog.lv\/products\/twotroubletails-ostisanas-paklajini\/","name":"TwoTroubleTails ost\u012b\u0161an\u0101s bumbas | MyPerfectDog.lv","isPartOf":{"@id":"https:\/\/myperfectdog.lv\/#website"},"primaryImageOfPage":{"@id":"https:\/\/myperfectdog.lv\/products\/twotroubletails-ostisanas-paklajini\/#primaryimage"},"image":{"@id":"https:\/\/myperfectdog.lv\/products\/twotroubletails-ostisanas-paklajini\/#primaryimage"},"thumbnailUrl":"https:\/\/myperfectdog.lv\/wp-content\/uploads\/2022\/10\/MG_6643-c3d7aec05b74fe798ef859d800364cd0.jpg","datePublished":"2022-10-24T12:29:10+00:00","dateModified":"2026-01-30T16:30:31+00:00","breadcrumb":{"@id":"https:\/\/myperfectdog.lv\/products\/twotroubletails-ostisanas-paklajini\/#breadcrumb"},"inLanguage":"en-GB","potentialAction":[{"@type":"ReadAction","target":["https:\/\/myperfectdog.lv\/products\/twotroubletails-ostisanas-paklajini\/"]}]},{"@type":"ImageObject","inLanguage":"en-GB","@id":"https:\/\/myperfectdog.lv\/products\/twotroubletails-ostisanas-paklajini\/#primaryimage","url":"https:\/\/myperfectdog.lv\/wp-content\/uploads\/2022\/10\/MG_6643-c3d7aec05b74fe798ef859d800364cd0.jpg","contentUrl":"https:\/\/myperfectdog.lv\/wp-content\/uploads\/2022\/10\/MG_6643-c3d7aec05b74fe798ef859d800364cd0.jpg","width":746,"height":1120},{"@type":"BreadcrumbList","@id":"https:\/\/myperfectdog.lv\/products\/twotroubletails-ostisanas-paklajini\/#breadcrumb","itemListElement":[{"@type":"ListItem","position":1,"name":"Home","item":"https:\/\/myperfectdog.lv\/"},{"@type":"ListItem","position":2,"name":"Internetveikals","item":"https:\/\/myperfectdog.lv\/internetveikals\/"},{"@type":"ListItem","position":3,"name":"TwoTroubleTails ost\u012b\u0161an\u0101s bumbas"}]},{"@type":"WebSite","@id":"https:\/\/myperfectdog.lv\/#website","url":"https:\/\/myperfectdog.lv\/","name":"MyPerfectDog.lv","description":"Su\u0146u un saimnieku skola","publisher":{"@id":"https:\/\/myperfectdog.lv\/#organization"},"potentialAction":[{"@type":"SearchAction","target":{"@type":"EntryPoint","urlTemplate":"https:\/\/myperfectdog.lv\/?s={search_term_string}"},"query-input":{"@type":"PropertyValueSpecification","valueRequired":true,"valueName":"search_term_string"}}],"inLanguage":"en-GB"},{"@type":"Organization","@id":"https:\/\/myperfectdog.lv\/#organization","name":"Su\u0146u & saimnieku skola \"My Perfect Dog\"","url":"https:\/\/myperfectdog.lv\/","logo":{"@type":"ImageObject","inLanguage":"en-GB","@id":"https:\/\/myperfectdog.lv\/#\/schema\/logo\/image\/","url":"https:\/\/myperfectdog.lv\/wp-content\/uploads\/2020\/10\/MyPerfectDog-New-logo_peach_plakans.png","contentUrl":"https:\/\/myperfectdog.lv\/wp-content\/uploads\/2020\/10\/MyPerfectDog-New-logo_peach_plakans.png","width":1200,"height":636,"caption":"Su\u0146u & saimnieku skola \"My Perfect Dog\""},"image":{"@id":"https:\/\/myperfectdog.lv\/#\/schema\/logo\/image\/"}}]}},"jetpack_sharing_enabled":true,"_links":{"self":[{"href":"https:\/\/myperfectdog.lv\/en\/wp-json\/wp\/v2\/product\/5493","targetHints":{"allow":["GET"]}}],"collection":[{"href":"https:\/\/myperfectdog.lv\/en\/wp-json\/wp\/v2\/product"}],"about":[{"href":"https:\/\/myperfectdog.lv\/en\/wp-json\/wp\/v2\/types\/product"}],"replies":[{"embeddable":true,"href":"https:\/\/myperfectdog.lv\/en\/wp-json\/wp\/v2\/comments?post=5493"}],"wp:featuredmedia":[{"embeddable":true,"href":"https:\/\/myperfectdog.lv\/en\/wp-json\/wp\/v2\/media\/12943"}],"wp:attachment":[{"href":"https:\/\/myperfectdog.lv\/en\/wp-json\/wp\/v2\/media?parent=5493"}],"wp:term":[{"taxonomy":"product_brand","embeddable":true,"href":"https:\/\/myperfectdog.lv\/en\/wp-json\/wp\/v2\/product_brand?post=5493"},{"taxonomy":"product_cat","embeddable":true,"href":"https:\/\/myperfectdog.lv\/en\/wp-json\/wp\/v2\/product_cat?post=5493"},{"taxonomy":"product_tag","embeddable":true,"href":"https:\/\/myperfectdog.lv\/en\/wp-json\/wp\/v2\/product_tag?post=5493"}],"curies":[{"name":"wp","href":"https:\/\/api.w.org\/{rel}","templated":true}]}}