{"id":5787,"date":"2022-11-25T17:31:11","date_gmt":"2022-11-25T15:31:11","guid":{"rendered":"https:\/\/myperfectdog.lv\/?post_type=product&#038;p=5787"},"modified":"2025-12-15T04:41:27","modified_gmt":"2025-12-15T02:41:27","slug":"petstages-suna-koslajama-rotallieta-orka-flyer-skivis-zils","status":"publish","type":"product","link":"https:\/\/myperfectdog.lv\/en\/product\/petstages-suna-koslajama-rotallieta-orka-flyer-skivis-zils\/","title":{"rendered":"Petstages su\u0146a ko\u0161\u013c\u0101jam\u0101 rota\u013clieta ORKA FLYER, \u0161\u0137\u012bvis, zils"},"content":{"rendered":"<ul>\n<li><b>IZTUR\u012aGS SU\u0145U LIDOJO\u0160AIS \u0160\u0136\u012aVIS: <\/b>izgatavots ar biezu TPE gumijas malu, lai palielin\u0101tu ilgm\u016b\u017e\u012bbu, \u0161is Orka Flyer disks ir izgatavots t\u0101, lai iztur\u0113tu stund\u0101m ilgas rota\u013cas pat \u00a0ar vissp\u0113c\u012bg\u0101ko ko\u0161\u013c\u0101t\u0101ju.<\/li>\n<li><b>STINGRS MATERI\u0100LS, MAIGS SMAGAN\u0100M: <\/b>\u00a0\u0161aj\u0101 lidojo\u0161aj\u0101 \u0161\u0137\u012bv\u012b izmantotais unik\u0101lais Orka materi\u0101ls un fakt\u016bras ir pietiekami iztur\u012bgi, lai iztur\u0113tu sp\u0113c\u012bgus kod\u0113jus, bet pietiekami maigi pret vi\u0146u smagan\u0101m un zobiem.\u00a0ATL\u0112C UN PELD: Orka Flyer ir elast\u012bga un peldo\u0161a rota\u013clieta, ko var pa\u0146emt l\u012bdzi no parka uz j\u016bru nebeidzamai jautr\u012bbai!<\/li>\n<li><b>ATL\u0112C UN PELD: <\/b>Orka Flyer ir elast\u012bga un peldo\u0161a rota\u013clieta, ko var pa\u0146emt l\u012bdzi no parka uz j\u016bru nebeidzamai jautr\u012bbai!<\/li>\n<li><b>VIEGLI SATVERT UN T\u012aR\u012aT: <\/b>\u00a0Orka Flyer biez\u0101 mala nodro\u0161ina papildu sa\u0137eri sp\u0113les laik\u0101, savuk\u0101rt gumijas materi\u0101ls ir viegli not\u012br\u012bt ar maig\u0101m ziep\u0113m un \u016bdeni.<\/li>\n<li><b>DRO\u0160\u0100M ROTA\u013b\u0100M: <\/b>neviena rota\u013clieta nav neizn\u012bcin\u0101ma. Neatst\u0101jiet rota\u013clietas ar m\u0101jdz\u012bvniekiem bez uzraudz\u012bbas. No\u0146emiet un nomainiet rota\u013clietu, ja t\u0101 ir boj\u0101ta.<\/li>\n<\/ul>\n<p>&nbsp;<\/p>\n<p>Ra\u017eots Vjetnam\u0101.<\/p>\n<p><img loading=\"lazy\" decoding=\"async\" class=\"\" src=\"https:\/\/site-984271.mozfiles.com\/files\/984271\/Petstages.png?1666683464\" width=\"213\" height=\"73\" \/><\/p>\n<p><b>Uzzini vair\u0101k par Orka Flyer ko\u0161\u013c\u0101jamo rota\u013clietu:<\/b><\/p>\n<p>DRO\u0160\u012aBA UN KOP\u0160ANA: Petstages ko\u0161\u013c\u0101jam\u0101s rota\u013clietas nav \u0113damas un ir paredz\u0113tas tikai su\u0146iem. T\u0101pat k\u0101 ar jebkuru ko\u0161\u013c\u0101jamo rota\u013clietu, m\u0113s vienm\u0113r iesak\u0101m uzraudz\u012bt, k\u0101 j\u016bsu suns lieto, un p\u0113c sapr\u0101t\u012bga nolietojuma nomain\u012bt to, jo neviena rota\u013clieta nav neizn\u012bcin\u0101ma. No\u0146emiet to, ja p\u0101rm\u0113r\u012bgi nolietota vai atkosti gabali, kas ir liel\u0101ki par r\u012bsu graudu. Ziniet sava su\u0146a ko\u0161\u013c\u0101\u0161anas ieradumus un zobu stiprumu, j\u016bsu m\u012blu\u013ca dro\u0161\u012bba ir j\u016bsu pien\u0101kums. Lai ieg\u016btu papildu inform\u0101ciju par dro\u0161\u012bbu, l\u016bdzu, apmekl\u0113jiet m\u016bsu Petstages dro\u0161\u012bbas lapu, lai p\u0101rskat\u012btu m\u016bsu ieteiktos &#8220;10 ko\u0161\u013c\u0101\u0161anas bau\u0161\u013cus&#8221;.<\/p>\n<ul>\n<li>Izm\u0113rs: 22 cm.<\/li>\n<li>Materi\u0101ls: plastmasa.<\/li>\n<\/ul>\n<p><iframe loading=\"lazy\" title=\"Petstages Orka Toys - Great For Stuffing, Bouncing, and Fetching\" width=\"500\" height=\"281\" src=\"https:\/\/www.youtube.com\/embed\/xEx6jr7RVa8?feature=oembed\" frameborder=\"0\" allow=\"accelerometer; autoplay; clipboard-write; encrypted-media; gyroscope; picture-in-picture; web-share\" referrerpolicy=\"strict-origin-when-cross-origin\" allowfullscreen><\/iframe><\/p>","protected":false},"excerpt":{"rendered":"<p><b>Petstages Orka Flyer <\/b>lidojo\u0161ais \u0161\u0137\u012bvis ir iztur\u012bga un ergonomiska rota\u013clieta interakt\u012bvai rota\u013cai ar j\u016bsu suni. \u0160ai iztur\u012bgajai rota\u013clietai ir bieza mala, lai j\u016bs var\u0113tu to viegl\u0101k satvert, bet sunim &#8211; ko\u0161\u013c\u0101t. \u00a0Izgatavots no TPE materi\u0101la un pastiprin\u0101ts ar iek\u0161\u0113jo stiegrojumu un reljefa \u00a0tekst\u016br\u0101m, ko ko\u0161\u013c\u0101t ir pat\u012bkami, vienlaikus saudz\u0113jot zobus un smaganas. <b>Orka Flyer<\/b> atlec un peld, lai j\u016bs var\u0113tu izklaid\u0113ties no parka l\u012bdz j\u016brai! Viegli not\u012br\u012bt ar maig\u0101m ziep\u0113m un \u016bdeni. Pieejams vair\u0101k\u0101s kr\u0101s\u0101s.<\/p>","protected":false},"featured_media":5788,"comment_status":"closed","ping_status":"closed","template":"","meta":[],"product_brand":[],"product_cat":[41],"product_tag":[],"class_list":{"0":"post-5787","1":"product","2":"type-product","3":"status-publish","4":"has-post-thumbnail","6":"product_cat-speles-suniem","8":"first","9":"instock","10":"taxable","11":"shipping-taxable","12":"purchasable","13":"product-type-simple"},"yoast_head":"<!-- This site is optimized with the Yoast SEO plugin v27.5 - https:\/\/yoast.com\/product\/yoast-seo-wordpress\/ -->\n<title>Petstages su\u0146a ko\u0161\u013c\u0101jam\u0101 rota\u013clieta ORKA FLYER, \u0161\u0137\u012bvis, zils | MyPerfectDog.lv<\/title>\n<meta name=\"robots\" content=\"index, follow, max-snippet:-1, max-image-preview:large, max-video-preview:-1\" \/>\n<link rel=\"canonical\" href=\"https:\/\/myperfectdog.lv\/en\/product\/petstages-suna-koslajama-rotallieta-orka-flyer-skivis-zils\/\" \/>\n<meta property=\"og:locale\" content=\"en_GB\" \/>\n<meta property=\"og:type\" content=\"article\" \/>\n<meta property=\"og:title\" content=\"Petstages su\u0146a ko\u0161\u013c\u0101jam\u0101 rota\u013clieta ORKA FLYER, \u0161\u0137\u012bvis, zils | MyPerfectDog.lv\" \/>\n<meta property=\"og:description\" content=\"Petstages Orka Flyer lidojo\u0161ais \u0161\u0137\u012bvis ir iztur\u012bga un ergonomiska rota\u013clieta interakt\u012bvai rota\u013cai ar j\u016bsu suni. \u0160ai iztur\u012bgajai rota\u013clietai ir bieza mala, lai j\u016bs var\u0113tu to viegl\u0101k satvert, bet sunim - ko\u0161\u013c\u0101t. \u00a0Izgatavots no TPE materi\u0101la un pastiprin\u0101ts ar iek\u0161\u0113jo stiegrojumu un reljefa \u00a0tekst\u016br\u0101m, ko ko\u0161\u013c\u0101t ir pat\u012bkami, vienlaikus saudz\u0113jot zobus un smaganas. Orka Flyer atlec un peld, lai j\u016bs var\u0113tu izklaid\u0113ties no parka l\u012bdz j\u016brai! Viegli not\u012br\u012bt ar maig\u0101m ziep\u0113m un \u016bdeni. Pieejams vair\u0101k\u0101s kr\u0101s\u0101s.\" \/>\n<meta property=\"og:url\" content=\"https:\/\/myperfectdog.lv\/en\/product\/petstages-suna-koslajama-rotallieta-orka-flyer-skivis-zils\/\" \/>\n<meta property=\"og:site_name\" content=\"MyPerfectDog.lv\" \/>\n<meta property=\"article:modified_time\" content=\"2025-12-15T02:41:27+00:00\" \/>\n<meta property=\"og:image\" content=\"https:\/\/myperfectdog.lv\/wp-content\/uploads\/2022\/11\/231_Petstages_OrkaFlyer_EC_970-600_copy-07245c0fe4533fc5b5ba75bd1e676037.jpg\" \/>\n\t<meta property=\"og:image:width\" content=\"687\" \/>\n\t<meta property=\"og:image:height\" content=\"592\" \/>\n\t<meta property=\"og:image:type\" content=\"image\/jpeg\" \/>\n<meta name=\"twitter:card\" content=\"summary_large_image\" \/>\n<meta name=\"twitter:label1\" content=\"Estimated reading time\" \/>\n\t<meta name=\"twitter:data1\" content=\"2 minutes\" \/>\n<script type=\"application\/ld+json\" class=\"yoast-schema-graph\">{\"@context\":\"https:\\\/\\\/schema.org\",\"@graph\":[{\"@type\":\"WebPage\",\"@id\":\"https:\\\/\\\/myperfectdog.lv\\\/products\\\/petstages-suna-koslajama-rotallieta-orka-flyer-skivis-zils\\\/\",\"url\":\"https:\\\/\\\/myperfectdog.lv\\\/products\\\/petstages-suna-koslajama-rotallieta-orka-flyer-skivis-zils\\\/\",\"name\":\"Petstages su\u0146a ko\u0161\u013c\u0101jam\u0101 rota\u013clieta ORKA FLYER, \u0161\u0137\u012bvis, zils | MyPerfectDog.lv\",\"isPartOf\":{\"@id\":\"https:\\\/\\\/myperfectdog.lv\\\/#website\"},\"primaryImageOfPage\":{\"@id\":\"https:\\\/\\\/myperfectdog.lv\\\/products\\\/petstages-suna-koslajama-rotallieta-orka-flyer-skivis-zils\\\/#primaryimage\"},\"image\":{\"@id\":\"https:\\\/\\\/myperfectdog.lv\\\/products\\\/petstages-suna-koslajama-rotallieta-orka-flyer-skivis-zils\\\/#primaryimage\"},\"thumbnailUrl\":\"https:\\\/\\\/myperfectdog.lv\\\/wp-content\\\/uploads\\\/2022\\\/11\\\/231_Petstages_OrkaFlyer_EC_970-600_copy-07245c0fe4533fc5b5ba75bd1e676037.jpg\",\"datePublished\":\"2022-11-25T15:31:11+00:00\",\"dateModified\":\"2025-12-15T02:41:27+00:00\",\"breadcrumb\":{\"@id\":\"https:\\\/\\\/myperfectdog.lv\\\/products\\\/petstages-suna-koslajama-rotallieta-orka-flyer-skivis-zils\\\/#breadcrumb\"},\"inLanguage\":\"en-GB\",\"potentialAction\":[{\"@type\":\"ReadAction\",\"target\":[\"https:\\\/\\\/myperfectdog.lv\\\/products\\\/petstages-suna-koslajama-rotallieta-orka-flyer-skivis-zils\\\/\"]}]},{\"@type\":\"ImageObject\",\"inLanguage\":\"en-GB\",\"@id\":\"https:\\\/\\\/myperfectdog.lv\\\/products\\\/petstages-suna-koslajama-rotallieta-orka-flyer-skivis-zils\\\/#primaryimage\",\"url\":\"https:\\\/\\\/myperfectdog.lv\\\/wp-content\\\/uploads\\\/2022\\\/11\\\/231_Petstages_OrkaFlyer_EC_970-600_copy-07245c0fe4533fc5b5ba75bd1e676037.jpg\",\"contentUrl\":\"https:\\\/\\\/myperfectdog.lv\\\/wp-content\\\/uploads\\\/2022\\\/11\\\/231_Petstages_OrkaFlyer_EC_970-600_copy-07245c0fe4533fc5b5ba75bd1e676037.jpg\",\"width\":687,\"height\":592},{\"@type\":\"BreadcrumbList\",\"@id\":\"https:\\\/\\\/myperfectdog.lv\\\/products\\\/petstages-suna-koslajama-rotallieta-orka-flyer-skivis-zils\\\/#breadcrumb\",\"itemListElement\":[{\"@type\":\"ListItem\",\"position\":1,\"name\":\"Home\",\"item\":\"https:\\\/\\\/myperfectdog.lv\\\/\"},{\"@type\":\"ListItem\",\"position\":2,\"name\":\"Internetveikals\",\"item\":\"https:\\\/\\\/myperfectdog.lv\\\/internetveikals\\\/\"},{\"@type\":\"ListItem\",\"position\":3,\"name\":\"Petstages su\u0146a ko\u0161\u013c\u0101jam\u0101 rota\u013clieta ORKA FLYER, \u0161\u0137\u012bvis, zils\"}]},{\"@type\":\"WebSite\",\"@id\":\"https:\\\/\\\/myperfectdog.lv\\\/#website\",\"url\":\"https:\\\/\\\/myperfectdog.lv\\\/\",\"name\":\"MyPerfectDog.lv\",\"description\":\"Su\u0146u un saimnieku skola\",\"publisher\":{\"@id\":\"https:\\\/\\\/myperfectdog.lv\\\/#organization\"},\"potentialAction\":[{\"@type\":\"SearchAction\",\"target\":{\"@type\":\"EntryPoint\",\"urlTemplate\":\"https:\\\/\\\/myperfectdog.lv\\\/?s={search_term_string}\"},\"query-input\":{\"@type\":\"PropertyValueSpecification\",\"valueRequired\":true,\"valueName\":\"search_term_string\"}}],\"inLanguage\":\"en-GB\"},{\"@type\":\"Organization\",\"@id\":\"https:\\\/\\\/myperfectdog.lv\\\/#organization\",\"name\":\"Su\u0146u & saimnieku skola \\\"My Perfect Dog\\\"\",\"url\":\"https:\\\/\\\/myperfectdog.lv\\\/\",\"logo\":{\"@type\":\"ImageObject\",\"inLanguage\":\"en-GB\",\"@id\":\"https:\\\/\\\/myperfectdog.lv\\\/#\\\/schema\\\/logo\\\/image\\\/\",\"url\":\"https:\\\/\\\/myperfectdog.lv\\\/wp-content\\\/uploads\\\/2020\\\/10\\\/MyPerfectDog-New-logo_peach_plakans.png\",\"contentUrl\":\"https:\\\/\\\/myperfectdog.lv\\\/wp-content\\\/uploads\\\/2020\\\/10\\\/MyPerfectDog-New-logo_peach_plakans.png\",\"width\":1200,\"height\":636,\"caption\":\"Su\u0146u & saimnieku skola \\\"My Perfect Dog\\\"\"},\"image\":{\"@id\":\"https:\\\/\\\/myperfectdog.lv\\\/#\\\/schema\\\/logo\\\/image\\\/\"}}]}<\/script>\n<!-- \/ Yoast SEO plugin. -->","yoast_head_json":{"title":"Petstages su\u0146a ko\u0161\u013c\u0101jam\u0101 rota\u013clieta ORKA FLYER, \u0161\u0137\u012bvis, zils | MyPerfectDog.lv","robots":{"index":"index","follow":"follow","max-snippet":"max-snippet:-1","max-image-preview":"max-image-preview:large","max-video-preview":"max-video-preview:-1"},"canonical":"https:\/\/myperfectdog.lv\/en\/product\/petstages-suna-koslajama-rotallieta-orka-flyer-skivis-zils\/","og_locale":"en_GB","og_type":"article","og_title":"Petstages su\u0146a ko\u0161\u013c\u0101jam\u0101 rota\u013clieta ORKA FLYER, \u0161\u0137\u012bvis, zils | MyPerfectDog.lv","og_description":"Petstages Orka Flyer lidojo\u0161ais \u0161\u0137\u012bvis ir iztur\u012bga un ergonomiska rota\u013clieta interakt\u012bvai rota\u013cai ar j\u016bsu suni. \u0160ai iztur\u012bgajai rota\u013clietai ir bieza mala, lai j\u016bs var\u0113tu to viegl\u0101k satvert, bet sunim - ko\u0161\u013c\u0101t. \u00a0Izgatavots no TPE materi\u0101la un pastiprin\u0101ts ar iek\u0161\u0113jo stiegrojumu un reljefa \u00a0tekst\u016br\u0101m, ko ko\u0161\u013c\u0101t ir pat\u012bkami, vienlaikus saudz\u0113jot zobus un smaganas. Orka Flyer atlec un peld, lai j\u016bs var\u0113tu izklaid\u0113ties no parka l\u012bdz j\u016brai! Viegli not\u012br\u012bt ar maig\u0101m ziep\u0113m un \u016bdeni. Pieejams vair\u0101k\u0101s kr\u0101s\u0101s.","og_url":"https:\/\/myperfectdog.lv\/en\/product\/petstages-suna-koslajama-rotallieta-orka-flyer-skivis-zils\/","og_site_name":"MyPerfectDog.lv","article_modified_time":"2025-12-15T02:41:27+00:00","og_image":[{"width":687,"height":592,"url":"https:\/\/myperfectdog.lv\/wp-content\/uploads\/2022\/11\/231_Petstages_OrkaFlyer_EC_970-600_copy-07245c0fe4533fc5b5ba75bd1e676037.jpg","type":"image\/jpeg"}],"twitter_card":"summary_large_image","twitter_misc":{"Estimated reading time":"2 minutes"},"schema":{"@context":"https:\/\/schema.org","@graph":[{"@type":"WebPage","@id":"https:\/\/myperfectdog.lv\/products\/petstages-suna-koslajama-rotallieta-orka-flyer-skivis-zils\/","url":"https:\/\/myperfectdog.lv\/products\/petstages-suna-koslajama-rotallieta-orka-flyer-skivis-zils\/","name":"Petstages su\u0146a ko\u0161\u013c\u0101jam\u0101 rota\u013clieta ORKA FLYER, \u0161\u0137\u012bvis, zils | MyPerfectDog.lv","isPartOf":{"@id":"https:\/\/myperfectdog.lv\/#website"},"primaryImageOfPage":{"@id":"https:\/\/myperfectdog.lv\/products\/petstages-suna-koslajama-rotallieta-orka-flyer-skivis-zils\/#primaryimage"},"image":{"@id":"https:\/\/myperfectdog.lv\/products\/petstages-suna-koslajama-rotallieta-orka-flyer-skivis-zils\/#primaryimage"},"thumbnailUrl":"https:\/\/myperfectdog.lv\/wp-content\/uploads\/2022\/11\/231_Petstages_OrkaFlyer_EC_970-600_copy-07245c0fe4533fc5b5ba75bd1e676037.jpg","datePublished":"2022-11-25T15:31:11+00:00","dateModified":"2025-12-15T02:41:27+00:00","breadcrumb":{"@id":"https:\/\/myperfectdog.lv\/products\/petstages-suna-koslajama-rotallieta-orka-flyer-skivis-zils\/#breadcrumb"},"inLanguage":"en-GB","potentialAction":[{"@type":"ReadAction","target":["https:\/\/myperfectdog.lv\/products\/petstages-suna-koslajama-rotallieta-orka-flyer-skivis-zils\/"]}]},{"@type":"ImageObject","inLanguage":"en-GB","@id":"https:\/\/myperfectdog.lv\/products\/petstages-suna-koslajama-rotallieta-orka-flyer-skivis-zils\/#primaryimage","url":"https:\/\/myperfectdog.lv\/wp-content\/uploads\/2022\/11\/231_Petstages_OrkaFlyer_EC_970-600_copy-07245c0fe4533fc5b5ba75bd1e676037.jpg","contentUrl":"https:\/\/myperfectdog.lv\/wp-content\/uploads\/2022\/11\/231_Petstages_OrkaFlyer_EC_970-600_copy-07245c0fe4533fc5b5ba75bd1e676037.jpg","width":687,"height":592},{"@type":"BreadcrumbList","@id":"https:\/\/myperfectdog.lv\/products\/petstages-suna-koslajama-rotallieta-orka-flyer-skivis-zils\/#breadcrumb","itemListElement":[{"@type":"ListItem","position":1,"name":"Home","item":"https:\/\/myperfectdog.lv\/"},{"@type":"ListItem","position":2,"name":"Internetveikals","item":"https:\/\/myperfectdog.lv\/internetveikals\/"},{"@type":"ListItem","position":3,"name":"Petstages su\u0146a ko\u0161\u013c\u0101jam\u0101 rota\u013clieta ORKA FLYER, \u0161\u0137\u012bvis, zils"}]},{"@type":"WebSite","@id":"https:\/\/myperfectdog.lv\/#website","url":"https:\/\/myperfectdog.lv\/","name":"MyPerfectDog.lv","description":"Su\u0146u un saimnieku skola","publisher":{"@id":"https:\/\/myperfectdog.lv\/#organization"},"potentialAction":[{"@type":"SearchAction","target":{"@type":"EntryPoint","urlTemplate":"https:\/\/myperfectdog.lv\/?s={search_term_string}"},"query-input":{"@type":"PropertyValueSpecification","valueRequired":true,"valueName":"search_term_string"}}],"inLanguage":"en-GB"},{"@type":"Organization","@id":"https:\/\/myperfectdog.lv\/#organization","name":"Su\u0146u & saimnieku skola \"My Perfect Dog\"","url":"https:\/\/myperfectdog.lv\/","logo":{"@type":"ImageObject","inLanguage":"en-GB","@id":"https:\/\/myperfectdog.lv\/#\/schema\/logo\/image\/","url":"https:\/\/myperfectdog.lv\/wp-content\/uploads\/2020\/10\/MyPerfectDog-New-logo_peach_plakans.png","contentUrl":"https:\/\/myperfectdog.lv\/wp-content\/uploads\/2020\/10\/MyPerfectDog-New-logo_peach_plakans.png","width":1200,"height":636,"caption":"Su\u0146u & saimnieku skola \"My Perfect Dog\""},"image":{"@id":"https:\/\/myperfectdog.lv\/#\/schema\/logo\/image\/"}}]}},"jetpack_sharing_enabled":true,"_links":{"self":[{"href":"https:\/\/myperfectdog.lv\/en\/wp-json\/wp\/v2\/product\/5787","targetHints":{"allow":["GET"]}}],"collection":[{"href":"https:\/\/myperfectdog.lv\/en\/wp-json\/wp\/v2\/product"}],"about":[{"href":"https:\/\/myperfectdog.lv\/en\/wp-json\/wp\/v2\/types\/product"}],"replies":[{"embeddable":true,"href":"https:\/\/myperfectdog.lv\/en\/wp-json\/wp\/v2\/comments?post=5787"}],"wp:featuredmedia":[{"embeddable":true,"href":"https:\/\/myperfectdog.lv\/en\/wp-json\/wp\/v2\/media\/5788"}],"wp:attachment":[{"href":"https:\/\/myperfectdog.lv\/en\/wp-json\/wp\/v2\/media?parent=5787"}],"wp:term":[{"taxonomy":"product_brand","embeddable":true,"href":"https:\/\/myperfectdog.lv\/en\/wp-json\/wp\/v2\/product_brand?post=5787"},{"taxonomy":"product_cat","embeddable":true,"href":"https:\/\/myperfectdog.lv\/en\/wp-json\/wp\/v2\/product_cat?post=5787"},{"taxonomy":"product_tag","embeddable":true,"href":"https:\/\/myperfectdog.lv\/en\/wp-json\/wp\/v2\/product_tag?post=5787"}],"curies":[{"name":"wp","href":"https:\/\/api.w.org\/{rel}","templated":true}]}}