{"id":5794,"date":"2022-11-25T17:34:34","date_gmt":"2022-11-25T15:34:34","guid":{"rendered":"https:\/\/myperfectdog.lv\/?post_type=product&#038;p=5794"},"modified":"2025-10-03T20:23:36","modified_gmt":"2025-10-03T18:23:36","slug":"petstages-suna-koslajama-rotallieta-orka-tire-riepa-zila","status":"publish","type":"product","link":"https:\/\/myperfectdog.lv\/en\/product\/petstages-suna-koslajama-rotallieta-orka-tire-riepa-zila\/","title":{"rendered":"Petstages su\u0146a ko\u0161\u013c\u0101jam\u0101 rota\u013clieta ORKA TIRE, riepa, zila"},"content":{"rendered":"<ul>\n<li><b>IZTUR\u012aGA SU\u0145A KO\u0160\u013b\u0100JAM\u0100 ROTA\u013bLIETA:<\/b> izgatavots no biezas Orka gumijas ilgsto\u0161ai iztur\u012bbai, \u0161\u012b Orka ko\u0161\u013c\u0101jam\u0101 riepa nodro\u0161ina ar k\u0101rumiem un jautr\u012bbu, kuru j\u016bsu suns dievin\u0101s!<\/li>\n<li><b>K\u0100RDINO\u0160A UN SNIEDZ GANDAR\u012aJUMU: <\/b>papildu motiv\u0101cijai piepildiet Orka Tire ar j\u016bsu su\u0146a iecien\u012bt\u0101kajiem k\u0101rumiem vai sauso bar\u012bbu, kas veicina ar\u012b pozit\u012bvu ko\u0161\u013c\u0101\u0161anas uzved\u012bbu. Ide\u0101li piem\u0113rots vid\u0113ja un liela auguma su\u0146iem.<\/li>\n<li><b>UZLABO ZOBU UN SMAGANU VESEL\u012aGU: \u00a0<\/b>ar da\u017e\u0101d\u0101m fakt\u016br\u0101m un pastiprin\u0101tu, biez\u0101ku malu, Orka Tire ko\u0161\u013c\u0101jam\u0101 rota\u013clieta ar k\u0101rumu sl\u0113ptuvi pal\u012bdz mas\u0113t j\u016bsu su\u0146a smaganas un atvieglot zobu n\u0101k\u0161anas s\u0101pes.<\/li>\n<li><b>ATL\u0112C UN PELD: <\/b>elast\u012bg\u0101 un peldo\u0161\u0101 Orka Tire ir ide\u0101li piem\u0113rota, lai \u0101r\u0101 ripin\u0101tu, sp\u0113l\u0113tu atne\u0161anu un vilk\u0161anu vai mestu \u016bden\u012b!<\/li>\n<li><b>DRO\u0160\u0100M ROTA\u013b\u0100M:<\/b> neviena rota\u013clieta nav neizn\u012bcin\u0101ma. Neatst\u0101jiet rota\u013clietas ar m\u0101jdz\u012bvniekiem bez uzraudz\u012bbas. No\u0146emiet un nomainiet rota\u013clietu, ja t\u0101 ir boj\u0101ta.<\/li>\n<\/ul>\n<p>&nbsp;<\/p>\n<p>Ra\u017eots Vjetnam\u0101.<\/p>\n<p><img loading=\"lazy\" decoding=\"async\" class=\"\" src=\"https:\/\/site-984271.mozfiles.com\/files\/984271\/Petstages.png?1666683464\" width=\"249\" height=\"85\" \/><\/p>\n<p><b>Uzzini vair\u0101k par Orka Tire ko\u0161\u013c\u0101jamo rota\u013clietu:<\/b><\/p>\n<p>DRO\u0160\u012aBA UN KOP\u0160ANA: Petstages ko\u0161\u013c\u0101jam\u0101s rota\u013clietas nav \u0113damas un ir paredz\u0113tas tikai su\u0146iem. T\u0101pat k\u0101 ar jebkuru ko\u0161\u013c\u0101jamo rota\u013clietu, m\u0113s vienm\u0113r iesak\u0101m uzraudz\u012bt, k\u0101 j\u016bsu suns lieto, un p\u0113c sapr\u0101t\u012bga nolietojuma nomain\u012bt to, jo neviena rota\u013clieta nav neizn\u012bcin\u0101ma. No\u0146emiet to, ja p\u0101rm\u0113r\u012bgi nolietota vai atkosti gabali, kas ir liel\u0101ki par r\u012bsu graudu. Ziniet sava su\u0146a ko\u0161\u013c\u0101\u0161anas ieradumus un zobu stiprumu, j\u016bsu m\u012blu\u013ca dro\u0161\u012bba ir j\u016bsu pien\u0101kums. Lai ieg\u016btu papildu inform\u0101ciju par dro\u0161\u012bbu, l\u016bdzu, apmekl\u0113jiet m\u016bsu Petstages dro\u0161\u012bbas lapu, lai p\u0101rskat\u012btu m\u016bsu ieteiktos &#8220;10 ko\u0161\u013c\u0101\u0161anas bau\u0161\u013cus&#8221;.<\/p>\n<ul>\n<li>Izm\u0113rs: \u00a0diametrs 15 cm.<\/li>\n<li>Materi\u0101ls: plastmasa.<\/li>\n<\/ul>\n<p><iframe loading=\"lazy\" title=\"Petstages Orka Toys - Great For Stuffing, Bouncing, and Fetching\" width=\"500\" height=\"281\" src=\"https:\/\/www.youtube.com\/embed\/xEx6jr7RVa8?feature=oembed\" frameborder=\"0\" allow=\"accelerometer; autoplay; clipboard-write; encrypted-media; gyroscope; picture-in-picture; web-share\" referrerpolicy=\"strict-origin-when-cross-origin\" allowfullscreen><\/iframe><\/p>","protected":false},"excerpt":{"rendered":"<p><b><span class=\"moze-large\">Petstages Orka Tire<\/span><\/b><span class=\"moze-large\"> ir iztur\u012bga su\u0146u ko\u0161\u013c\u0101jam\u0101 rota\u013clieta ar vietu k\u0101rumiem, kas paredz\u0113ta visu vecumu su\u0146iem! Viegli piepildiet Orka Tire ar k\u0101rumiem, lai nodotos d\u0101snai solo vai interalt\u012bvai sp\u0113lei. Izgatavota no iztur\u012bga TPE Orka materi\u0101la izcilai iztur\u012bbai, un ir ide\u0101li piem\u0113rota vid\u0113ja un liela auguma su\u0146iem un sp\u0113c\u012bgiem ko\u0161\u013c\u0101t\u0101jiem. Tekst\u016bra pastiprina interesi un pal\u012bdz mas\u0113t smaganas, kas ir ne tikai jautri, bet ar\u012b vesel\u012bgi. \u0160\u012b elast\u012bg\u0101 un peldo\u0161\u0101 su\u0146u rota\u013clieta \u0101tri vien k\u013c\u016bs par j\u016bsu kolekcijas liel\u0101ko h\u012btu!\u00a0<\/span><\/p>","protected":false},"featured_media":5795,"comment_status":"closed","ping_status":"closed","template":"","meta":[],"product_brand":[],"product_cat":[41],"product_tag":[],"class_list":{"0":"post-5794","1":"product","2":"type-product","3":"status-publish","4":"has-post-thumbnail","6":"product_cat-speles-suniem","8":"first","9":"instock","10":"taxable","11":"shipping-taxable","12":"purchasable","13":"product-type-simple"},"yoast_head":"<!-- This site is optimized with the Yoast SEO plugin v27.5 - https:\/\/yoast.com\/product\/yoast-seo-wordpress\/ -->\n<title>Petstages su\u0146a ko\u0161\u013c\u0101jam\u0101 rota\u013clieta ORKA TIRE, riepa, zila | MyPerfectDog.lv<\/title>\n<meta name=\"robots\" content=\"index, follow, max-snippet:-1, max-image-preview:large, max-video-preview:-1\" \/>\n<link rel=\"canonical\" href=\"https:\/\/myperfectdog.lv\/en\/product\/petstages-suna-koslajama-rotallieta-orka-tire-riepa-zila\/\" \/>\n<meta property=\"og:locale\" content=\"en_GB\" \/>\n<meta property=\"og:type\" content=\"article\" \/>\n<meta property=\"og:title\" content=\"Petstages su\u0146a ko\u0161\u013c\u0101jam\u0101 rota\u013clieta ORKA TIRE, riepa, zila | MyPerfectDog.lv\" \/>\n<meta property=\"og:description\" content=\"Petstages Orka Tire ir iztur\u012bga su\u0146u ko\u0161\u013c\u0101jam\u0101 rota\u013clieta ar vietu k\u0101rumiem, kas paredz\u0113ta visu vecumu su\u0146iem! Viegli piepildiet Orka Tire ar k\u0101rumiem, lai nodotos d\u0101snai solo vai interalt\u012bvai sp\u0113lei. Izgatavota no iztur\u012bga TPE Orka materi\u0101la izcilai iztur\u012bbai, un ir ide\u0101li piem\u0113rota vid\u0113ja un liela auguma su\u0146iem un sp\u0113c\u012bgiem ko\u0161\u013c\u0101t\u0101jiem. Tekst\u016bra pastiprina interesi un pal\u012bdz mas\u0113t smaganas, kas ir ne tikai jautri, bet ar\u012b vesel\u012bgi. \u0160\u012b elast\u012bg\u0101 un peldo\u0161\u0101 su\u0146u rota\u013clieta \u0101tri vien k\u013c\u016bs par j\u016bsu kolekcijas liel\u0101ko h\u012btu!\u00a0\" \/>\n<meta property=\"og:url\" content=\"https:\/\/myperfectdog.lv\/en\/product\/petstages-suna-koslajama-rotallieta-orka-tire-riepa-zila\/\" \/>\n<meta property=\"og:site_name\" content=\"MyPerfectDog.lv\" \/>\n<meta property=\"article:modified_time\" content=\"2025-10-03T18:23:36+00:00\" \/>\n<meta property=\"og:image\" content=\"https:\/\/myperfectdog.lv\/wp-content\/uploads\/2022\/11\/233_Petstages_OrkaTire_PDP6-560f9e6cd06326932b961ddf85dbc541.jpg\" \/>\n\t<meta property=\"og:image:width\" content=\"700\" \/>\n\t<meta property=\"og:image:height\" content=\"629\" \/>\n\t<meta property=\"og:image:type\" content=\"image\/jpeg\" \/>\n<meta name=\"twitter:card\" content=\"summary_large_image\" \/>\n<meta name=\"twitter:label1\" content=\"Estimated reading time\" \/>\n\t<meta name=\"twitter:data1\" content=\"2 minutes\" \/>\n<script type=\"application\/ld+json\" class=\"yoast-schema-graph\">{\"@context\":\"https:\\\/\\\/schema.org\",\"@graph\":[{\"@type\":\"WebPage\",\"@id\":\"https:\\\/\\\/myperfectdog.lv\\\/products\\\/petstages-suna-koslajama-rotallieta-orka-tire-riepa-zila\\\/\",\"url\":\"https:\\\/\\\/myperfectdog.lv\\\/products\\\/petstages-suna-koslajama-rotallieta-orka-tire-riepa-zila\\\/\",\"name\":\"Petstages su\u0146a ko\u0161\u013c\u0101jam\u0101 rota\u013clieta ORKA TIRE, riepa, zila | MyPerfectDog.lv\",\"isPartOf\":{\"@id\":\"https:\\\/\\\/myperfectdog.lv\\\/#website\"},\"primaryImageOfPage\":{\"@id\":\"https:\\\/\\\/myperfectdog.lv\\\/products\\\/petstages-suna-koslajama-rotallieta-orka-tire-riepa-zila\\\/#primaryimage\"},\"image\":{\"@id\":\"https:\\\/\\\/myperfectdog.lv\\\/products\\\/petstages-suna-koslajama-rotallieta-orka-tire-riepa-zila\\\/#primaryimage\"},\"thumbnailUrl\":\"https:\\\/\\\/myperfectdog.lv\\\/wp-content\\\/uploads\\\/2022\\\/11\\\/233_Petstages_OrkaTire_PDP6-560f9e6cd06326932b961ddf85dbc541.jpg\",\"datePublished\":\"2022-11-25T15:34:34+00:00\",\"dateModified\":\"2025-10-03T18:23:36+00:00\",\"breadcrumb\":{\"@id\":\"https:\\\/\\\/myperfectdog.lv\\\/products\\\/petstages-suna-koslajama-rotallieta-orka-tire-riepa-zila\\\/#breadcrumb\"},\"inLanguage\":\"en-GB\",\"potentialAction\":[{\"@type\":\"ReadAction\",\"target\":[\"https:\\\/\\\/myperfectdog.lv\\\/products\\\/petstages-suna-koslajama-rotallieta-orka-tire-riepa-zila\\\/\"]}]},{\"@type\":\"ImageObject\",\"inLanguage\":\"en-GB\",\"@id\":\"https:\\\/\\\/myperfectdog.lv\\\/products\\\/petstages-suna-koslajama-rotallieta-orka-tire-riepa-zila\\\/#primaryimage\",\"url\":\"https:\\\/\\\/myperfectdog.lv\\\/wp-content\\\/uploads\\\/2022\\\/11\\\/233_Petstages_OrkaTire_PDP6-560f9e6cd06326932b961ddf85dbc541.jpg\",\"contentUrl\":\"https:\\\/\\\/myperfectdog.lv\\\/wp-content\\\/uploads\\\/2022\\\/11\\\/233_Petstages_OrkaTire_PDP6-560f9e6cd06326932b961ddf85dbc541.jpg\",\"width\":700,\"height\":629},{\"@type\":\"BreadcrumbList\",\"@id\":\"https:\\\/\\\/myperfectdog.lv\\\/products\\\/petstages-suna-koslajama-rotallieta-orka-tire-riepa-zila\\\/#breadcrumb\",\"itemListElement\":[{\"@type\":\"ListItem\",\"position\":1,\"name\":\"Home\",\"item\":\"https:\\\/\\\/myperfectdog.lv\\\/\"},{\"@type\":\"ListItem\",\"position\":2,\"name\":\"Internetveikals\",\"item\":\"https:\\\/\\\/myperfectdog.lv\\\/internetveikals\\\/\"},{\"@type\":\"ListItem\",\"position\":3,\"name\":\"Petstages su\u0146a ko\u0161\u013c\u0101jam\u0101 rota\u013clieta ORKA TIRE, riepa, zila\"}]},{\"@type\":\"WebSite\",\"@id\":\"https:\\\/\\\/myperfectdog.lv\\\/#website\",\"url\":\"https:\\\/\\\/myperfectdog.lv\\\/\",\"name\":\"MyPerfectDog.lv\",\"description\":\"Su\u0146u un saimnieku skola\",\"publisher\":{\"@id\":\"https:\\\/\\\/myperfectdog.lv\\\/#organization\"},\"potentialAction\":[{\"@type\":\"SearchAction\",\"target\":{\"@type\":\"EntryPoint\",\"urlTemplate\":\"https:\\\/\\\/myperfectdog.lv\\\/?s={search_term_string}\"},\"query-input\":{\"@type\":\"PropertyValueSpecification\",\"valueRequired\":true,\"valueName\":\"search_term_string\"}}],\"inLanguage\":\"en-GB\"},{\"@type\":\"Organization\",\"@id\":\"https:\\\/\\\/myperfectdog.lv\\\/#organization\",\"name\":\"Su\u0146u & saimnieku skola \\\"My Perfect Dog\\\"\",\"url\":\"https:\\\/\\\/myperfectdog.lv\\\/\",\"logo\":{\"@type\":\"ImageObject\",\"inLanguage\":\"en-GB\",\"@id\":\"https:\\\/\\\/myperfectdog.lv\\\/#\\\/schema\\\/logo\\\/image\\\/\",\"url\":\"https:\\\/\\\/myperfectdog.lv\\\/wp-content\\\/uploads\\\/2020\\\/10\\\/MyPerfectDog-New-logo_peach_plakans.png\",\"contentUrl\":\"https:\\\/\\\/myperfectdog.lv\\\/wp-content\\\/uploads\\\/2020\\\/10\\\/MyPerfectDog-New-logo_peach_plakans.png\",\"width\":1200,\"height\":636,\"caption\":\"Su\u0146u & saimnieku skola \\\"My Perfect Dog\\\"\"},\"image\":{\"@id\":\"https:\\\/\\\/myperfectdog.lv\\\/#\\\/schema\\\/logo\\\/image\\\/\"}}]}<\/script>\n<!-- \/ Yoast SEO plugin. -->","yoast_head_json":{"title":"Petstages su\u0146a ko\u0161\u013c\u0101jam\u0101 rota\u013clieta ORKA TIRE, riepa, zila | MyPerfectDog.lv","robots":{"index":"index","follow":"follow","max-snippet":"max-snippet:-1","max-image-preview":"max-image-preview:large","max-video-preview":"max-video-preview:-1"},"canonical":"https:\/\/myperfectdog.lv\/en\/product\/petstages-suna-koslajama-rotallieta-orka-tire-riepa-zila\/","og_locale":"en_GB","og_type":"article","og_title":"Petstages su\u0146a ko\u0161\u013c\u0101jam\u0101 rota\u013clieta ORKA TIRE, riepa, zila | MyPerfectDog.lv","og_description":"Petstages Orka Tire ir iztur\u012bga su\u0146u ko\u0161\u013c\u0101jam\u0101 rota\u013clieta ar vietu k\u0101rumiem, kas paredz\u0113ta visu vecumu su\u0146iem! Viegli piepildiet Orka Tire ar k\u0101rumiem, lai nodotos d\u0101snai solo vai interalt\u012bvai sp\u0113lei. Izgatavota no iztur\u012bga TPE Orka materi\u0101la izcilai iztur\u012bbai, un ir ide\u0101li piem\u0113rota vid\u0113ja un liela auguma su\u0146iem un sp\u0113c\u012bgiem ko\u0161\u013c\u0101t\u0101jiem. Tekst\u016bra pastiprina interesi un pal\u012bdz mas\u0113t smaganas, kas ir ne tikai jautri, bet ar\u012b vesel\u012bgi. \u0160\u012b elast\u012bg\u0101 un peldo\u0161\u0101 su\u0146u rota\u013clieta \u0101tri vien k\u013c\u016bs par j\u016bsu kolekcijas liel\u0101ko h\u012btu!\u00a0","og_url":"https:\/\/myperfectdog.lv\/en\/product\/petstages-suna-koslajama-rotallieta-orka-tire-riepa-zila\/","og_site_name":"MyPerfectDog.lv","article_modified_time":"2025-10-03T18:23:36+00:00","og_image":[{"width":700,"height":629,"url":"https:\/\/myperfectdog.lv\/wp-content\/uploads\/2022\/11\/233_Petstages_OrkaTire_PDP6-560f9e6cd06326932b961ddf85dbc541.jpg","type":"image\/jpeg"}],"twitter_card":"summary_large_image","twitter_misc":{"Estimated reading time":"2 minutes"},"schema":{"@context":"https:\/\/schema.org","@graph":[{"@type":"WebPage","@id":"https:\/\/myperfectdog.lv\/products\/petstages-suna-koslajama-rotallieta-orka-tire-riepa-zila\/","url":"https:\/\/myperfectdog.lv\/products\/petstages-suna-koslajama-rotallieta-orka-tire-riepa-zila\/","name":"Petstages su\u0146a ko\u0161\u013c\u0101jam\u0101 rota\u013clieta ORKA TIRE, riepa, zila | MyPerfectDog.lv","isPartOf":{"@id":"https:\/\/myperfectdog.lv\/#website"},"primaryImageOfPage":{"@id":"https:\/\/myperfectdog.lv\/products\/petstages-suna-koslajama-rotallieta-orka-tire-riepa-zila\/#primaryimage"},"image":{"@id":"https:\/\/myperfectdog.lv\/products\/petstages-suna-koslajama-rotallieta-orka-tire-riepa-zila\/#primaryimage"},"thumbnailUrl":"https:\/\/myperfectdog.lv\/wp-content\/uploads\/2022\/11\/233_Petstages_OrkaTire_PDP6-560f9e6cd06326932b961ddf85dbc541.jpg","datePublished":"2022-11-25T15:34:34+00:00","dateModified":"2025-10-03T18:23:36+00:00","breadcrumb":{"@id":"https:\/\/myperfectdog.lv\/products\/petstages-suna-koslajama-rotallieta-orka-tire-riepa-zila\/#breadcrumb"},"inLanguage":"en-GB","potentialAction":[{"@type":"ReadAction","target":["https:\/\/myperfectdog.lv\/products\/petstages-suna-koslajama-rotallieta-orka-tire-riepa-zila\/"]}]},{"@type":"ImageObject","inLanguage":"en-GB","@id":"https:\/\/myperfectdog.lv\/products\/petstages-suna-koslajama-rotallieta-orka-tire-riepa-zila\/#primaryimage","url":"https:\/\/myperfectdog.lv\/wp-content\/uploads\/2022\/11\/233_Petstages_OrkaTire_PDP6-560f9e6cd06326932b961ddf85dbc541.jpg","contentUrl":"https:\/\/myperfectdog.lv\/wp-content\/uploads\/2022\/11\/233_Petstages_OrkaTire_PDP6-560f9e6cd06326932b961ddf85dbc541.jpg","width":700,"height":629},{"@type":"BreadcrumbList","@id":"https:\/\/myperfectdog.lv\/products\/petstages-suna-koslajama-rotallieta-orka-tire-riepa-zila\/#breadcrumb","itemListElement":[{"@type":"ListItem","position":1,"name":"Home","item":"https:\/\/myperfectdog.lv\/"},{"@type":"ListItem","position":2,"name":"Internetveikals","item":"https:\/\/myperfectdog.lv\/internetveikals\/"},{"@type":"ListItem","position":3,"name":"Petstages su\u0146a ko\u0161\u013c\u0101jam\u0101 rota\u013clieta ORKA TIRE, riepa, zila"}]},{"@type":"WebSite","@id":"https:\/\/myperfectdog.lv\/#website","url":"https:\/\/myperfectdog.lv\/","name":"MyPerfectDog.lv","description":"Su\u0146u un saimnieku skola","publisher":{"@id":"https:\/\/myperfectdog.lv\/#organization"},"potentialAction":[{"@type":"SearchAction","target":{"@type":"EntryPoint","urlTemplate":"https:\/\/myperfectdog.lv\/?s={search_term_string}"},"query-input":{"@type":"PropertyValueSpecification","valueRequired":true,"valueName":"search_term_string"}}],"inLanguage":"en-GB"},{"@type":"Organization","@id":"https:\/\/myperfectdog.lv\/#organization","name":"Su\u0146u & saimnieku skola \"My Perfect Dog\"","url":"https:\/\/myperfectdog.lv\/","logo":{"@type":"ImageObject","inLanguage":"en-GB","@id":"https:\/\/myperfectdog.lv\/#\/schema\/logo\/image\/","url":"https:\/\/myperfectdog.lv\/wp-content\/uploads\/2020\/10\/MyPerfectDog-New-logo_peach_plakans.png","contentUrl":"https:\/\/myperfectdog.lv\/wp-content\/uploads\/2020\/10\/MyPerfectDog-New-logo_peach_plakans.png","width":1200,"height":636,"caption":"Su\u0146u & saimnieku skola \"My Perfect Dog\""},"image":{"@id":"https:\/\/myperfectdog.lv\/#\/schema\/logo\/image\/"}}]}},"jetpack_sharing_enabled":true,"_links":{"self":[{"href":"https:\/\/myperfectdog.lv\/en\/wp-json\/wp\/v2\/product\/5794","targetHints":{"allow":["GET"]}}],"collection":[{"href":"https:\/\/myperfectdog.lv\/en\/wp-json\/wp\/v2\/product"}],"about":[{"href":"https:\/\/myperfectdog.lv\/en\/wp-json\/wp\/v2\/types\/product"}],"replies":[{"embeddable":true,"href":"https:\/\/myperfectdog.lv\/en\/wp-json\/wp\/v2\/comments?post=5794"}],"wp:featuredmedia":[{"embeddable":true,"href":"https:\/\/myperfectdog.lv\/en\/wp-json\/wp\/v2\/media\/5795"}],"wp:attachment":[{"href":"https:\/\/myperfectdog.lv\/en\/wp-json\/wp\/v2\/media?parent=5794"}],"wp:term":[{"taxonomy":"product_brand","embeddable":true,"href":"https:\/\/myperfectdog.lv\/en\/wp-json\/wp\/v2\/product_brand?post=5794"},{"taxonomy":"product_cat","embeddable":true,"href":"https:\/\/myperfectdog.lv\/en\/wp-json\/wp\/v2\/product_cat?post=5794"},{"taxonomy":"product_tag","embeddable":true,"href":"https:\/\/myperfectdog.lv\/en\/wp-json\/wp\/v2\/product_tag?post=5794"}],"curies":[{"name":"wp","href":"https:\/\/api.w.org\/{rel}","templated":true}]}}