{"id":5812,"date":"2022-11-25T18:02:19","date_gmt":"2022-11-25T16:02:19","guid":{"rendered":"https:\/\/myperfectdog.lv\/?post_type=product&#038;p=5812"},"modified":"2025-10-03T20:23:18","modified_gmt":"2025-10-03T18:23:18","slug":"outward-hound-lenesanas-bloda-fun-feeder-dazadi-veidi","status":"publish","type":"product","link":"https:\/\/myperfectdog.lv\/en\/product\/outward-hound-lenesanas-bloda-fun-feeder-dazadi-veidi\/","title":{"rendered":"Outward Hound l\u0113n\u0113\u0161anas b\u013coda FUN FEEDER, da\u017e\u0101di veidi"},"content":{"rendered":"<ul>\n<li><b>PAL\u0112NINA \u0112\u0160ANU L\u012aDZ PAT 10x:<\/b> <b>Outward Hound Fun Feeder<\/b>su\u0146u b\u013cod\u0101m ar unik\u0101lu dizainu ir \u0113dienreizi pagarino\u0161i izci\u013c\u0146i, kas pal\u012bdz pal\u0113nin\u0101t j\u016bsu su\u0146a \u0113\u0161anas laiku pat 10 reiz\u0113m!<\/li>\n<li><b>PAL\u012aDZ PAREIZAI GREMO\u0160ANAI:<\/b> su\u0146iem, kas \u0101tri \u0113d, bie\u017ei sastop \u00a0gremo\u0161anas probl\u0113mas &#8211; v\u0113dera uzp\u016b\u0161anos, regurgit\u0101ciju un aptauko\u0161anos. M\u016bsu <b>Fun Feeder<\/b> l\u0113n\u0113\u0161anas b\u013codas gan izaicina, gan nodarbina j\u016bsu suni \u0113dienreizes laik\u0101, vienlaikus pal\u012bdzot samazin\u0101t p\u0101r\u0113\u0161an\u0101s paradumu.<\/li>\n<li><b>AR NESL\u012aD\u012aGU PAMATNI UN NO P\u0100RTIKAI DRO\u0160IEM MATERI\u0100LIEM: Outward Hound Fun Feeder <\/b>su\u0146u l\u0113n\u0113\u0161anas b\u013codas ir izveidotas t\u0101, lai t\u0101s notur\u0113tu gan jautr\u012bbu, gan bar\u012bbu, kam\u0113r j\u016bsu suns mekl\u0113 bar\u012bbu b\u013cod\u0101s ar jautro rakstu un nesl\u012bdo\u0161o pamatni. B\u013codas nesatur BPA, PVC un ftal\u0101tus.<\/li>\n<li><b>VISIEM BAR\u012aBAS VEIDIEM: Fun Feeder<\/b> b\u013codas ir pieejamas ar da\u017e\u0101diem \u00a0labirinta veidiem un izm\u0113riem. \u0160\u012bs b\u013codas ir lieliski piem\u0113rotas sausai, mitrai vai svaigai bar\u012bbai. L izm\u0113ra b\u013cod\u0101 ietilpst l\u012bdz 4 tas\u0113m (452 g) saus\u0101s bar\u012bbas, M izm\u0113ra &#8211; \u00a02 tases (226 g), bet S izm\u0113ra b\u013cod\u0101 \u2013 3\/4 tases (85 g).<\/li>\n<li><b>VIEGLA T\u012aR\u012a\u0160ANA: Fun Feeder <\/b>su\u0146u b\u013codas var mazg\u0101t trauku mazg\u0101jam\u0101 ma\u0161\u012bn\u0101 uz aug\u0161\u0113j\u0101 plaukt\u0101. Maz\u0101k darba jums noz\u012bm\u0113 vair\u0101k rota\u013cu ar j\u016bsu suni!<\/li>\n<\/ul>\n<p><b><br \/>\n<\/b><span class=\"moze-large\"><b>Iesaka veterin\u0101r\u0101rsti! Pal\u0113nina \u0113\u0161anu pat l\u012bdz 10 x!\u00a0Var izmantot ar sauso, mitro un svaigo bar\u012bbu.<\/b><\/span><span class=\"moze-large\"><br \/>\n<\/span>Ra\u017eots \u0136\u012bn\u0101.<\/p>\n<p><img loading=\"lazy\" decoding=\"async\" class=\"\" src=\"https:\/\/site-984271.mozfiles.com\/files\/984271\/medium\/Outward_hound_logo.jpg?1662451123\" width=\"260\" height=\"106\" \/><\/p>\n<p><b>Uzzini vair\u0101k par Fun Feeder l\u0113n\u0113\u0161anas b\u013cod\u0101m:\u00a0<\/b><\/p>\n<p>DRO\u0160\u012aBA UN KOP\u0160ANA: \u0161\u012b nav ko\u0161\u013c\u0101jam\u0101 rota\u013clieta. Ja Fun Feeder b\u013coda ir boj\u0101ta, no\u0146emiet un nomainiet to. Nelietojiet mikrovi\u013c\u0146u kr\u0101sn\u012b. Paredz\u0113ts tikai m\u0101jdz\u012bvniekiem. \u0160\u012b nav b\u0113rnu rota\u013clieta. Var mazg\u0101t trauku mazg\u0101jam\u0101 ma\u0161\u012bn\u0101 uz aug\u0161\u0113j\u0101 plaukta ar zema siltuma iestat\u012bjumu.<\/p>\n<ul>\n<li>Izm\u0113ri: diametrs 14,6 cm.<\/li>\n<\/ul>\n<p><span style=\"color: #676767;\"><br \/>\n<\/span><span style=\"color: #676767;\"><b>Padomi un triki!<\/b><\/span><\/p>\n<ul>\n<li><b>Suns minstin\u0101s?<\/b>\u00a0Lai pamudin\u0101tu uz bar\u012bbas mekl\u0113\u0161anu, uzberiet uz bar\u012bbas p\u0101ris gar\u0161\u012bgu k\u0101rumu.<\/li>\n<li><b>K\u0101 v\u0113l vair\u0101k pal\u0113nin\u0101t?\u00a0<\/b>Pievienojiet bar\u012bbai nedaudz \u016bdens un sasald\u0113jiet to b\u013cod\u0101, lai ieg\u016btu jautru puzles sp\u0113li un v\u0113l ilg\u0101ku malt\u012btes laiku.<\/li>\n<li><b>Mainiet veidus!\u00a0<\/b>Katrs b\u013codas dizains pied\u0101v\u0101 at\u0161\u0137ir\u012bgu izaicin\u0101jumu. Mainiet b\u013codu veidus, lai malt\u012btes b\u016btu interesantas.<\/li>\n<\/ul>\n<p><iframe loading=\"lazy\" title=\"Outward Hound Fun Feeder Slo-Bowl - Up To 10X Slower Feeding\" width=\"500\" height=\"281\" src=\"https:\/\/www.youtube.com\/embed\/dQK6Rwp0J0o?feature=oembed\" frameborder=\"0\" allow=\"accelerometer; autoplay; clipboard-write; encrypted-media; gyroscope; picture-in-picture; web-share\" referrerpolicy=\"strict-origin-when-cross-origin\" allowfullscreen><\/iframe><\/p>\n<p><iframe loading=\"lazy\" title=\"Outward Hound Fun Feeder Slo-Bowls\" width=\"500\" height=\"281\" src=\"https:\/\/www.youtube.com\/embed\/bWFvs0Z_lfo?feature=oembed\" frameborder=\"0\" allow=\"accelerometer; autoplay; clipboard-write; encrypted-media; gyroscope; picture-in-picture; web-share\" referrerpolicy=\"strict-origin-when-cross-origin\" allowfullscreen><\/iframe><\/p>","protected":false},"excerpt":{"rendered":"<p>Neskatoties uz to, ka j\u016bsu p\u016bkainajam draugam vairs nav j\u0101c\u012bn\u0101s par bar\u012bbu, \u0161ie izdz\u012bvo\u0161anas instinkti joproj\u0101m var b\u016bt saglab\u0101ju\u0161ies pat vislab\u0101k apm\u0101c\u012bt\u0101 sun\u012b. Tamd\u0113\u013c <b>Outward Hound<\/b> esam rad\u012bju\u0161i <b>Fun Feeder<\/b> su\u0146u l\u0113n\u0113\u0161anas b\u013codas ar \u0113\u0161anu pal\u0113nino\u0161iem izci\u013c\u0146iem un da\u017e\u0101diem labirintiem. <b>Fun Feeder <\/b>l\u0113n\u0113\u0161anas b\u013codas \u0113dienreizes laik\u0101 nodarbina suni pat l\u012bdz 10 reiz\u0113m ilg\u0101k, kas pal\u012bdz uzlabot visp\u0101r\u0113jo gremo\u0161anu un piel\u0101goties vesel\u012bg\u0101kam tempam! Ir p\u0101rdotas vair\u0101k nek\u0101 1 miljons \u0161o su\u0146u b\u013codu ar da\u017e\u0101diem labirinta veidiem un izm\u0113riem &#8211; j\u016bs noteikti atrad\u012bsit to, kas atbilst j\u016bsu su\u0146a person\u012bbai un bar\u012bbas izv\u0113lei. L izm\u0113ra b\u013cod\u0101 ietilpst l\u012bdz 4 tas\u0113m (452 g) saus\u0101s bar\u012bbas, M izm\u0113ra &#8211; \u00a02 tases (226 g), bet S izm\u0113ra b\u013cod\u0101 \u2013 3\/4 tases (85 g).<\/p>","protected":false},"featured_media":5826,"comment_status":"closed","ping_status":"closed","template":"","meta":[],"product_brand":[],"product_cat":[41,48],"product_tag":[],"class_list":{"0":"post-5812","1":"product","2":"type-product","3":"status-publish","4":"has-post-thumbnail","6":"product_cat-speles-suniem","7":"product_cat-suna-mieram","9":"first","10":"instock","11":"taxable","12":"shipping-taxable","13":"purchasable","14":"product-type-variable"},"yoast_head":"<!-- This site is optimized with the Yoast SEO plugin v27.5 - https:\/\/yoast.com\/product\/yoast-seo-wordpress\/ -->\n<title>Outward Hound l\u0113n\u0113\u0161anas b\u013coda FUN FEEDER, da\u017e\u0101di veidi | MyPerfectDog.lv<\/title>\n<meta name=\"robots\" content=\"index, follow, max-snippet:-1, max-image-preview:large, max-video-preview:-1\" \/>\n<link rel=\"canonical\" href=\"https:\/\/myperfectdog.lv\/en\/product\/outward-hound-lenesanas-bloda-fun-feeder-dazadi-veidi\/\" \/>\n<meta property=\"og:locale\" content=\"en_GB\" \/>\n<meta property=\"og:type\" content=\"article\" \/>\n<meta property=\"og:title\" content=\"Outward Hound l\u0113n\u0113\u0161anas b\u013coda FUN FEEDER, da\u017e\u0101di veidi | MyPerfectDog.lv\" \/>\n<meta property=\"og:description\" content=\"Neskatoties uz to, ka j\u016bsu p\u016bkainajam draugam vairs nav j\u0101c\u012bn\u0101s par bar\u012bbu, \u0161ie izdz\u012bvo\u0161anas instinkti joproj\u0101m var b\u016bt saglab\u0101ju\u0161ies pat vislab\u0101k apm\u0101c\u012bt\u0101 sun\u012b. Tamd\u0113\u013c Outward Hound esam rad\u012bju\u0161i Fun Feeder su\u0146u l\u0113n\u0113\u0161anas b\u013codas ar \u0113\u0161anu pal\u0113nino\u0161iem izci\u013c\u0146iem un da\u017e\u0101diem labirintiem. Fun Feeder l\u0113n\u0113\u0161anas b\u013codas \u0113dienreizes laik\u0101 nodarbina suni pat l\u012bdz 10 reiz\u0113m ilg\u0101k, kas pal\u012bdz uzlabot visp\u0101r\u0113jo gremo\u0161anu un piel\u0101goties vesel\u012bg\u0101kam tempam! Ir p\u0101rdotas vair\u0101k nek\u0101 1 miljons \u0161o su\u0146u b\u013codu ar da\u017e\u0101diem labirinta veidiem un izm\u0113riem - j\u016bs noteikti atrad\u012bsit to, kas atbilst j\u016bsu su\u0146a person\u012bbai un bar\u012bbas izv\u0113lei. L izm\u0113ra b\u013cod\u0101 ietilpst l\u012bdz 4 tas\u0113m (452 g) saus\u0101s bar\u012bbas, M izm\u0113ra - \u00a02 tases (226 g), bet S izm\u0113ra b\u013cod\u0101 \u2013 3\/4 tases (85 g).\" \/>\n<meta property=\"og:url\" content=\"https:\/\/myperfectdog.lv\/en\/product\/outward-hound-lenesanas-bloda-fun-feeder-dazadi-veidi\/\" \/>\n<meta property=\"og:site_name\" content=\"MyPerfectDog.lv\" \/>\n<meta property=\"article:modified_time\" content=\"2025-10-03T18:23:18+00:00\" \/>\n<meta property=\"og:image\" content=\"https:\/\/myperfectdog.lv\/wp-content\/uploads\/2022\/11\/51005_OutwardHound_FunFeederMini_Prp_SM_PDP3-ed981e7f878217cf03d02b6ac4748ee9.jpg\" \/>\n\t<meta property=\"og:image:width\" content=\"772\" \/>\n\t<meta property=\"og:image:height\" content=\"899\" \/>\n\t<meta property=\"og:image:type\" content=\"image\/jpeg\" \/>\n<meta name=\"twitter:card\" content=\"summary_large_image\" \/>\n<meta name=\"twitter:label1\" content=\"Estimated reading time\" \/>\n\t<meta name=\"twitter:data1\" content=\"2 minutes\" \/>\n<script type=\"application\/ld+json\" class=\"yoast-schema-graph\">{\"@context\":\"https:\\\/\\\/schema.org\",\"@graph\":[{\"@type\":\"WebPage\",\"@id\":\"https:\\\/\\\/myperfectdog.lv\\\/products\\\/outward-hound-lenesanas-bloda-fun-feeder-dazadi-veidi\\\/\",\"url\":\"https:\\\/\\\/myperfectdog.lv\\\/products\\\/outward-hound-lenesanas-bloda-fun-feeder-dazadi-veidi\\\/\",\"name\":\"Outward Hound l\u0113n\u0113\u0161anas b\u013coda FUN FEEDER, da\u017e\u0101di veidi | MyPerfectDog.lv\",\"isPartOf\":{\"@id\":\"https:\\\/\\\/myperfectdog.lv\\\/#website\"},\"primaryImageOfPage\":{\"@id\":\"https:\\\/\\\/myperfectdog.lv\\\/products\\\/outward-hound-lenesanas-bloda-fun-feeder-dazadi-veidi\\\/#primaryimage\"},\"image\":{\"@id\":\"https:\\\/\\\/myperfectdog.lv\\\/products\\\/outward-hound-lenesanas-bloda-fun-feeder-dazadi-veidi\\\/#primaryimage\"},\"thumbnailUrl\":\"https:\\\/\\\/myperfectdog.lv\\\/wp-content\\\/uploads\\\/2022\\\/11\\\/51005_OutwardHound_FunFeederMini_Prp_SM_PDP3-ed981e7f878217cf03d02b6ac4748ee9.jpg\",\"datePublished\":\"2022-11-25T16:02:19+00:00\",\"dateModified\":\"2025-10-03T18:23:18+00:00\",\"breadcrumb\":{\"@id\":\"https:\\\/\\\/myperfectdog.lv\\\/products\\\/outward-hound-lenesanas-bloda-fun-feeder-dazadi-veidi\\\/#breadcrumb\"},\"inLanguage\":\"en-GB\",\"potentialAction\":[{\"@type\":\"ReadAction\",\"target\":[\"https:\\\/\\\/myperfectdog.lv\\\/products\\\/outward-hound-lenesanas-bloda-fun-feeder-dazadi-veidi\\\/\"]}]},{\"@type\":\"ImageObject\",\"inLanguage\":\"en-GB\",\"@id\":\"https:\\\/\\\/myperfectdog.lv\\\/products\\\/outward-hound-lenesanas-bloda-fun-feeder-dazadi-veidi\\\/#primaryimage\",\"url\":\"https:\\\/\\\/myperfectdog.lv\\\/wp-content\\\/uploads\\\/2022\\\/11\\\/51005_OutwardHound_FunFeederMini_Prp_SM_PDP3-ed981e7f878217cf03d02b6ac4748ee9.jpg\",\"contentUrl\":\"https:\\\/\\\/myperfectdog.lv\\\/wp-content\\\/uploads\\\/2022\\\/11\\\/51005_OutwardHound_FunFeederMini_Prp_SM_PDP3-ed981e7f878217cf03d02b6ac4748ee9.jpg\",\"width\":772,\"height\":899},{\"@type\":\"BreadcrumbList\",\"@id\":\"https:\\\/\\\/myperfectdog.lv\\\/products\\\/outward-hound-lenesanas-bloda-fun-feeder-dazadi-veidi\\\/#breadcrumb\",\"itemListElement\":[{\"@type\":\"ListItem\",\"position\":1,\"name\":\"Home\",\"item\":\"https:\\\/\\\/myperfectdog.lv\\\/\"},{\"@type\":\"ListItem\",\"position\":2,\"name\":\"Internetveikals\",\"item\":\"https:\\\/\\\/myperfectdog.lv\\\/internetveikals\\\/\"},{\"@type\":\"ListItem\",\"position\":3,\"name\":\"Outward Hound l\u0113n\u0113\u0161anas b\u013coda FUN FEEDER, da\u017e\u0101di veidi\"}]},{\"@type\":\"WebSite\",\"@id\":\"https:\\\/\\\/myperfectdog.lv\\\/#website\",\"url\":\"https:\\\/\\\/myperfectdog.lv\\\/\",\"name\":\"MyPerfectDog.lv\",\"description\":\"Su\u0146u un saimnieku skola\",\"publisher\":{\"@id\":\"https:\\\/\\\/myperfectdog.lv\\\/#organization\"},\"potentialAction\":[{\"@type\":\"SearchAction\",\"target\":{\"@type\":\"EntryPoint\",\"urlTemplate\":\"https:\\\/\\\/myperfectdog.lv\\\/?s={search_term_string}\"},\"query-input\":{\"@type\":\"PropertyValueSpecification\",\"valueRequired\":true,\"valueName\":\"search_term_string\"}}],\"inLanguage\":\"en-GB\"},{\"@type\":\"Organization\",\"@id\":\"https:\\\/\\\/myperfectdog.lv\\\/#organization\",\"name\":\"Su\u0146u & saimnieku skola \\\"My Perfect Dog\\\"\",\"url\":\"https:\\\/\\\/myperfectdog.lv\\\/\",\"logo\":{\"@type\":\"ImageObject\",\"inLanguage\":\"en-GB\",\"@id\":\"https:\\\/\\\/myperfectdog.lv\\\/#\\\/schema\\\/logo\\\/image\\\/\",\"url\":\"https:\\\/\\\/myperfectdog.lv\\\/wp-content\\\/uploads\\\/2020\\\/10\\\/MyPerfectDog-New-logo_peach_plakans.png\",\"contentUrl\":\"https:\\\/\\\/myperfectdog.lv\\\/wp-content\\\/uploads\\\/2020\\\/10\\\/MyPerfectDog-New-logo_peach_plakans.png\",\"width\":1200,\"height\":636,\"caption\":\"Su\u0146u & saimnieku skola \\\"My Perfect Dog\\\"\"},\"image\":{\"@id\":\"https:\\\/\\\/myperfectdog.lv\\\/#\\\/schema\\\/logo\\\/image\\\/\"}}]}<\/script>\n<!-- \/ Yoast SEO plugin. -->","yoast_head_json":{"title":"Outward Hound l\u0113n\u0113\u0161anas b\u013coda FUN FEEDER, da\u017e\u0101di veidi | MyPerfectDog.lv","robots":{"index":"index","follow":"follow","max-snippet":"max-snippet:-1","max-image-preview":"max-image-preview:large","max-video-preview":"max-video-preview:-1"},"canonical":"https:\/\/myperfectdog.lv\/en\/product\/outward-hound-lenesanas-bloda-fun-feeder-dazadi-veidi\/","og_locale":"en_GB","og_type":"article","og_title":"Outward Hound l\u0113n\u0113\u0161anas b\u013coda FUN FEEDER, da\u017e\u0101di veidi | MyPerfectDog.lv","og_description":"Neskatoties uz to, ka j\u016bsu p\u016bkainajam draugam vairs nav j\u0101c\u012bn\u0101s par bar\u012bbu, \u0161ie izdz\u012bvo\u0161anas instinkti joproj\u0101m var b\u016bt saglab\u0101ju\u0161ies pat vislab\u0101k apm\u0101c\u012bt\u0101 sun\u012b. Tamd\u0113\u013c Outward Hound esam rad\u012bju\u0161i Fun Feeder su\u0146u l\u0113n\u0113\u0161anas b\u013codas ar \u0113\u0161anu pal\u0113nino\u0161iem izci\u013c\u0146iem un da\u017e\u0101diem labirintiem. Fun Feeder l\u0113n\u0113\u0161anas b\u013codas \u0113dienreizes laik\u0101 nodarbina suni pat l\u012bdz 10 reiz\u0113m ilg\u0101k, kas pal\u012bdz uzlabot visp\u0101r\u0113jo gremo\u0161anu un piel\u0101goties vesel\u012bg\u0101kam tempam! Ir p\u0101rdotas vair\u0101k nek\u0101 1 miljons \u0161o su\u0146u b\u013codu ar da\u017e\u0101diem labirinta veidiem un izm\u0113riem - j\u016bs noteikti atrad\u012bsit to, kas atbilst j\u016bsu su\u0146a person\u012bbai un bar\u012bbas izv\u0113lei. L izm\u0113ra b\u013cod\u0101 ietilpst l\u012bdz 4 tas\u0113m (452 g) saus\u0101s bar\u012bbas, M izm\u0113ra - \u00a02 tases (226 g), bet S izm\u0113ra b\u013cod\u0101 \u2013 3\/4 tases (85 g).","og_url":"https:\/\/myperfectdog.lv\/en\/product\/outward-hound-lenesanas-bloda-fun-feeder-dazadi-veidi\/","og_site_name":"MyPerfectDog.lv","article_modified_time":"2025-10-03T18:23:18+00:00","og_image":[{"width":772,"height":899,"url":"https:\/\/myperfectdog.lv\/wp-content\/uploads\/2022\/11\/51005_OutwardHound_FunFeederMini_Prp_SM_PDP3-ed981e7f878217cf03d02b6ac4748ee9.jpg","type":"image\/jpeg"}],"twitter_card":"summary_large_image","twitter_misc":{"Estimated reading time":"2 minutes"},"schema":{"@context":"https:\/\/schema.org","@graph":[{"@type":"WebPage","@id":"https:\/\/myperfectdog.lv\/products\/outward-hound-lenesanas-bloda-fun-feeder-dazadi-veidi\/","url":"https:\/\/myperfectdog.lv\/products\/outward-hound-lenesanas-bloda-fun-feeder-dazadi-veidi\/","name":"Outward Hound l\u0113n\u0113\u0161anas b\u013coda FUN FEEDER, da\u017e\u0101di veidi | MyPerfectDog.lv","isPartOf":{"@id":"https:\/\/myperfectdog.lv\/#website"},"primaryImageOfPage":{"@id":"https:\/\/myperfectdog.lv\/products\/outward-hound-lenesanas-bloda-fun-feeder-dazadi-veidi\/#primaryimage"},"image":{"@id":"https:\/\/myperfectdog.lv\/products\/outward-hound-lenesanas-bloda-fun-feeder-dazadi-veidi\/#primaryimage"},"thumbnailUrl":"https:\/\/myperfectdog.lv\/wp-content\/uploads\/2022\/11\/51005_OutwardHound_FunFeederMini_Prp_SM_PDP3-ed981e7f878217cf03d02b6ac4748ee9.jpg","datePublished":"2022-11-25T16:02:19+00:00","dateModified":"2025-10-03T18:23:18+00:00","breadcrumb":{"@id":"https:\/\/myperfectdog.lv\/products\/outward-hound-lenesanas-bloda-fun-feeder-dazadi-veidi\/#breadcrumb"},"inLanguage":"en-GB","potentialAction":[{"@type":"ReadAction","target":["https:\/\/myperfectdog.lv\/products\/outward-hound-lenesanas-bloda-fun-feeder-dazadi-veidi\/"]}]},{"@type":"ImageObject","inLanguage":"en-GB","@id":"https:\/\/myperfectdog.lv\/products\/outward-hound-lenesanas-bloda-fun-feeder-dazadi-veidi\/#primaryimage","url":"https:\/\/myperfectdog.lv\/wp-content\/uploads\/2022\/11\/51005_OutwardHound_FunFeederMini_Prp_SM_PDP3-ed981e7f878217cf03d02b6ac4748ee9.jpg","contentUrl":"https:\/\/myperfectdog.lv\/wp-content\/uploads\/2022\/11\/51005_OutwardHound_FunFeederMini_Prp_SM_PDP3-ed981e7f878217cf03d02b6ac4748ee9.jpg","width":772,"height":899},{"@type":"BreadcrumbList","@id":"https:\/\/myperfectdog.lv\/products\/outward-hound-lenesanas-bloda-fun-feeder-dazadi-veidi\/#breadcrumb","itemListElement":[{"@type":"ListItem","position":1,"name":"Home","item":"https:\/\/myperfectdog.lv\/"},{"@type":"ListItem","position":2,"name":"Internetveikals","item":"https:\/\/myperfectdog.lv\/internetveikals\/"},{"@type":"ListItem","position":3,"name":"Outward Hound l\u0113n\u0113\u0161anas b\u013coda FUN FEEDER, da\u017e\u0101di veidi"}]},{"@type":"WebSite","@id":"https:\/\/myperfectdog.lv\/#website","url":"https:\/\/myperfectdog.lv\/","name":"MyPerfectDog.lv","description":"Su\u0146u un saimnieku skola","publisher":{"@id":"https:\/\/myperfectdog.lv\/#organization"},"potentialAction":[{"@type":"SearchAction","target":{"@type":"EntryPoint","urlTemplate":"https:\/\/myperfectdog.lv\/?s={search_term_string}"},"query-input":{"@type":"PropertyValueSpecification","valueRequired":true,"valueName":"search_term_string"}}],"inLanguage":"en-GB"},{"@type":"Organization","@id":"https:\/\/myperfectdog.lv\/#organization","name":"Su\u0146u & saimnieku skola \"My Perfect Dog\"","url":"https:\/\/myperfectdog.lv\/","logo":{"@type":"ImageObject","inLanguage":"en-GB","@id":"https:\/\/myperfectdog.lv\/#\/schema\/logo\/image\/","url":"https:\/\/myperfectdog.lv\/wp-content\/uploads\/2020\/10\/MyPerfectDog-New-logo_peach_plakans.png","contentUrl":"https:\/\/myperfectdog.lv\/wp-content\/uploads\/2020\/10\/MyPerfectDog-New-logo_peach_plakans.png","width":1200,"height":636,"caption":"Su\u0146u & saimnieku skola \"My Perfect Dog\""},"image":{"@id":"https:\/\/myperfectdog.lv\/#\/schema\/logo\/image\/"}}]}},"jetpack_sharing_enabled":true,"_links":{"self":[{"href":"https:\/\/myperfectdog.lv\/en\/wp-json\/wp\/v2\/product\/5812","targetHints":{"allow":["GET"]}}],"collection":[{"href":"https:\/\/myperfectdog.lv\/en\/wp-json\/wp\/v2\/product"}],"about":[{"href":"https:\/\/myperfectdog.lv\/en\/wp-json\/wp\/v2\/types\/product"}],"replies":[{"embeddable":true,"href":"https:\/\/myperfectdog.lv\/en\/wp-json\/wp\/v2\/comments?post=5812"}],"wp:featuredmedia":[{"embeddable":true,"href":"https:\/\/myperfectdog.lv\/en\/wp-json\/wp\/v2\/media\/5826"}],"wp:attachment":[{"href":"https:\/\/myperfectdog.lv\/en\/wp-json\/wp\/v2\/media?parent=5812"}],"wp:term":[{"taxonomy":"product_brand","embeddable":true,"href":"https:\/\/myperfectdog.lv\/en\/wp-json\/wp\/v2\/product_brand?post=5812"},{"taxonomy":"product_cat","embeddable":true,"href":"https:\/\/myperfectdog.lv\/en\/wp-json\/wp\/v2\/product_cat?post=5812"},{"taxonomy":"product_tag","embeddable":true,"href":"https:\/\/myperfectdog.lv\/en\/wp-json\/wp\/v2\/product_tag?post=5812"}],"curies":[{"name":"wp","href":"https:\/\/api.w.org\/{rel}","templated":true}]}}