{"id":5834,"date":"2022-11-25T18:17:29","date_gmt":"2022-11-25T16:17:29","guid":{"rendered":"https:\/\/myperfectdog.lv\/?post_type=product&#038;p=5834"},"modified":"2025-10-03T20:23:09","modified_gmt":"2025-10-03T18:23:09","slug":"nina-ottosson-baribas-puzle-treat-tumble-dazadi-veidi","status":"publish","type":"product","link":"https:\/\/myperfectdog.lv\/en\/product\/nina-ottosson-baribas-puzle-treat-tumble-dazadi-veidi\/","title":{"rendered":"Nina Ottosson bar\u012bbas puzle TREAT TUMBLE, da\u017e\u0101di veidi"},"content":{"rendered":"<ul>\n<li><b>PUZLE IES\u0100C\u0112JIEM: <\/b>s\u0101ciet sava kuc\u0113na apm\u0101c\u012bbu ar 1. l\u012bme\u0146a rota\u013clietu Nina Ottosson Treat Tumble no Outward Hound! \u0160\u012b ko\u0161i kr\u0101sain\u0101 zil\u0101 un dzelten\u0101 maz\u0101 k\u0101rumu bumba ir jautrs veids, k\u0101 iepaz\u012bstin\u0101t kuc\u0113nu ar puzl\u0113m.<\/li>\n<li><b>INTERAKT\u012aV\u0100M UN SOLO ROTA\u013b\u0100M:<\/b> ieberiet bumb\u0101 su\u0146a iecien\u012bt\u0101kos gardumus vai sauso bar\u012bbu un v\u0113rojiet, k\u0101 vi\u0146i gr\u016b\u017e ar \u0137epu un ripina bumbu, lai ieg\u016btu gar\u0161\u012bgo balvu! Sp\u0113l\u0113jieties kop\u0101 vai uzraugiet savu suni, kam\u0113r tas viens pats sp\u0113l\u0113jas.<\/li>\n<li><b>JAUTR\u012aBAI IEK\u0160TELP\u0100S UN \u0100R\u0100: <\/b>Treat Tumble su\u0146u puzles virsmu ir viegli noslauc\u012bt, tamd\u0113\u013c t\u0101 ir \u0113rta k\u0101rumu rota\u013clieta rota\u013c\u0101m gan telp\u0101s, gan \u0101r\u0101!<\/li>\n<li><b>NESATUR BPA, PVC UN FTAL\u0100TUS: <\/b>r\u016bp\u0113joties par j\u016bsu m\u012blu\u013ca vesel\u012bbu, interakt\u012bv\u0101s Nina Ottosson k\u0101rumu puzles no Outward Hound ir izgatavotas no uzticamiem un p\u0101rtikai dro\u0161iem materi\u0101liem. P\u0113c lieto\u0161anas t\u0101s ir viegli t\u012br\u0101mas ar siltu \u016bdeni un ziep\u0113m.<\/li>\n<li><b>DRO\u0160\u0100M ROTA\u013b\u0100M: <\/b>neviena rota\u013clieta nav neizn\u012bcin\u0101ma. Neatst\u0101jiet rota\u013clietas ar m\u0101jdz\u012bvniekiem bez uzraudz\u012bbas. No\u0146emiet un nomainiet rota\u013clietu, ja t\u0101 ir boj\u0101ta.<\/li>\n<\/ul>\n<p><span class=\"moze-blockquote\">Vai zin\u0101j\u0101t, ka 15 min\u016btes pr\u0101ta vingrin\u0101jumu su\u0146iem ir l\u012bdzv\u0113rt\u012bgas 30 min\u016b\u0161u fiziskai slodzei? Su\u0146iem pat\u012bk izp\u0113t\u012bt un risin\u0101t probl\u0113mas sav\u0101 veid\u0101. Da\u017ei izmanto \u0137epas, bet da\u017ei &#8211; degunu. Katra sp\u0113le ir izstr\u0101d\u0101ta, \u0146emot v\u0113r\u0101 j\u016bsu su\u0146a dabisko uzved\u012bbu, ma\u0146as un dro\u0161\u012bbu.\u00a0<\/span><span class=\"moze-large\">Liekot suni darboties ar puzli vai sp\u0113li, j\u016bs efekt\u012bvi koncentr\u0113jat vi\u0146a uzman\u012bbu un ener\u0123iju, t\u0101 samazinot garlaic\u012bbu un destrukt\u012bvu uzved\u012bbu. Puzles ir ar\u012b lielisks veids, k\u0101 nov\u0113rst su\u0146u uzman\u012bbu no ugu\u0146o\u0161anas, p\u0113rkona negaisa un cit\u0101m situ\u0101cij\u0101m, kur\u0101s j\u016bsu suns var k\u013c\u016bt nemier\u012bgs<b>.<\/b><\/span><span class=\"moze-large\"><b><br \/>\n<\/b><b>Probl\u0113mu risin\u0101\u0161anas sp\u0113le &#8211; mazina garlaic\u012bbu un destrukt\u012bvu uzved\u012bbu!<\/b><\/span><span class=\"moze-large\"><b><br \/>\n<\/b><\/span>Ra\u017eots \u0136\u012bn\u0101.<\/p>\n<p><img loading=\"lazy\" decoding=\"async\" class=\"\" src=\"https:\/\/site-984271.mozfiles.com\/files\/984271\/2020_NinaOttoson_Logo-1.jpg?1668682873\" width=\"236\" height=\"127\" \/><\/p>\n<p><b>Uzzini vair\u0101k par Treat Tumble bar\u012bbas puzli:<\/b><\/p>\n<p><b>SP\u0112L\u0112JIET P\u0112C NOTEIKUMIEM \u2013 DRO\u0160\u012aBA UN KOP\u0160ANA: i<\/b>zraugoties rota\u013clietu, noteikti izv\u0113lieties savam sunim piem\u0113rota izm\u0113ra\/veida\/gr\u016bt\u012bbas l\u012bme\u0146a sp\u0113li. Neviena rota\u013clieta vai sp\u0113le nav neizn\u012bcin\u0101ma. VIENM\u0112R r\u016bp\u012bgi uzraugiet savu suni, iem\u0101ciet savam sunim, k\u0101 darbojas sp\u0113le\/rota\u013clieta. Neatst\u0101jiet suni vienu ar k\u0101rumu puzli\/rota\u013clietu, ne\u013caujiet sunim ko\u0161\u013c\u0101t puzli\/rota\u013clietu vai t\u0101s gabali\u0146us. Regul\u0101ri p\u0101rbaudiet, vai rota\u013clietas nav boj\u0101tas, no\u0146emiet un nomainiet, ja t\u0101s ir sapl\u012bsu\u0161as vai atdal\u012bjusies k\u0101da da\u013ca, \u00a0jo var rasties nopietnas traumas. Paredz\u0113ts tikai su\u0146iem, t\u0101 nav b\u0113rnu rota\u013clieta. Kad puzle ir iztuk\u0161ota, uzglab\u0101jiet to l\u012bdz n\u0101kamajai uzraudz\u012btai lieto\u0161anai.<\/p>\n<p><b>Lieto\u0161ana:<\/b><\/p>\n<ul>\n<li>Vienk\u0101r\u0161i piepildiet \u0161o bumbu ar sava su\u0146a iecien\u012bt\u0101kajiem gardumiem vai sauso bar\u012bbu un iedodiet to savam sunim. V\u0113rojiet, k\u0101 vi\u0146\u0161 darbosies ar puzli, lai izdom\u0101tu k\u0101 dab\u016bt gardumus.<\/li>\n<li>Vislab\u0101k darbojas ar maziem k\u0101rumiem vai bar\u012bbas graudi\u0146iem<\/li>\n<li>Sp\u0113l\u0113jieties kop\u0101 un r\u016bp\u012bgi uzraugiet savu suni. Ja suns v\u0113las ko\u0161\u013c\u0101t puzli, labojiet un novirziet vi\u0146a uzved\u012bbu. S\u0101ciet no jauna p\u0113c iesp\u0113jas \u0101tr\u0101k un atkal piev\u0113rsiet su\u0146a uzman\u012bbu gardumiem.<\/li>\n<\/ul>\n<p>&nbsp;<\/p>\n<p>Izm\u0113rs: diametrs 12 cm.<\/p>\n<p><iframe loading=\"lazy\" title=\"Outward Hound Treat Tumble Dog Puzzle By Nina Ottosson\" width=\"500\" height=\"281\" src=\"https:\/\/www.youtube.com\/embed\/p_ePqmjhwn0?feature=oembed\" frameborder=\"0\" allow=\"accelerometer; autoplay; clipboard-write; encrypted-media; gyroscope; picture-in-picture; web-share\" referrerpolicy=\"strict-origin-when-cross-origin\" allowfullscreen><\/iframe><\/p>","protected":false},"excerpt":{"rendered":"<p><b>Nina Ottosson Treat Tumble<\/b> no Outward Hound ir lieliska puzles bumba ikvienam sunim! 1. gr\u016bt\u012bbas l\u012bme\u0146a gardumu puzle Treat Tumbler uztur\u0113s j\u016bsu su\u0146a interesi, kad vi\u0146\u0161 ripina un osta bumbu, lai atrastu veidu k\u0101 atbr\u012bvot gardumu. Viegli piepild\u0101ma ar diviem k\u0101rumu caurumiem. Izgatavots no p\u0101rtikai dro\u0161as plastmasas, \u00a0kas nesatur BPA, un to ir viegli not\u012br\u012bt, lai izklaid\u0113tos gan \u0101r\u0101, gan iek\u0161telp\u0101s!<\/p>","protected":false},"featured_media":5839,"comment_status":"closed","ping_status":"closed","template":"","meta":[],"product_brand":[],"product_cat":[41],"product_tag":[],"class_list":{"0":"post-5834","1":"product","2":"type-product","3":"status-publish","4":"has-post-thumbnail","6":"product_cat-speles-suniem","8":"first","9":"instock","10":"taxable","11":"shipping-taxable","12":"purchasable","13":"product-type-variable"},"yoast_head":"<!-- This site is optimized with the Yoast SEO plugin v27.5 - https:\/\/yoast.com\/product\/yoast-seo-wordpress\/ -->\n<title>Nina Ottosson bar\u012bbas puzle TREAT TUMBLE, da\u017e\u0101di veidi | MyPerfectDog.lv<\/title>\n<meta name=\"robots\" content=\"index, follow, max-snippet:-1, max-image-preview:large, max-video-preview:-1\" \/>\n<link rel=\"canonical\" href=\"https:\/\/myperfectdog.lv\/en\/product\/nina-ottosson-baribas-puzle-treat-tumble-dazadi-veidi\/\" \/>\n<meta property=\"og:locale\" content=\"en_GB\" \/>\n<meta property=\"og:type\" content=\"article\" \/>\n<meta property=\"og:title\" content=\"Nina Ottosson bar\u012bbas puzle TREAT TUMBLE, da\u017e\u0101di veidi | MyPerfectDog.lv\" \/>\n<meta property=\"og:description\" content=\"Nina Ottosson Treat Tumble no Outward Hound ir lieliska puzles bumba ikvienam sunim! 1. gr\u016bt\u012bbas l\u012bme\u0146a gardumu puzle Treat Tumbler uztur\u0113s j\u016bsu su\u0146a interesi, kad vi\u0146\u0161 ripina un osta bumbu, lai atrastu veidu k\u0101 atbr\u012bvot gardumu. Viegli piepild\u0101ma ar diviem k\u0101rumu caurumiem. Izgatavots no p\u0101rtikai dro\u0161as plastmasas, \u00a0kas nesatur BPA, un to ir viegli not\u012br\u012bt, lai izklaid\u0113tos gan \u0101r\u0101, gan iek\u0161telp\u0101s!\" \/>\n<meta property=\"og:url\" content=\"https:\/\/myperfectdog.lv\/en\/product\/nina-ottosson-baribas-puzle-treat-tumble-dazadi-veidi\/\" \/>\n<meta property=\"og:site_name\" content=\"MyPerfectDog.lv\" \/>\n<meta property=\"article:modified_time\" content=\"2025-10-03T18:23:09+00:00\" \/>\n<meta property=\"og:image\" content=\"https:\/\/myperfectdog.lv\/wp-content\/uploads\/2022\/11\/67326_OutwardHound_NinaOttosson_TreatTumble_SM_PDP3_DE_copy-b2b1aea77501ad51ae47f0eda5eb5884.jpg\" \/>\n\t<meta property=\"og:image:width\" content=\"954\" \/>\n\t<meta property=\"og:image:height\" content=\"900\" \/>\n\t<meta property=\"og:image:type\" content=\"image\/jpeg\" \/>\n<meta name=\"twitter:card\" content=\"summary_large_image\" \/>\n<meta name=\"twitter:label1\" content=\"Estimated reading time\" \/>\n\t<meta name=\"twitter:data1\" content=\"3 minutes\" \/>\n<script type=\"application\/ld+json\" class=\"yoast-schema-graph\">{\"@context\":\"https:\\\/\\\/schema.org\",\"@graph\":[{\"@type\":\"WebPage\",\"@id\":\"https:\\\/\\\/myperfectdog.lv\\\/products\\\/nina-ottosson-baribas-puzle-treat-tumble-dazadi-veidi\\\/\",\"url\":\"https:\\\/\\\/myperfectdog.lv\\\/products\\\/nina-ottosson-baribas-puzle-treat-tumble-dazadi-veidi\\\/\",\"name\":\"Nina Ottosson bar\u012bbas puzle TREAT TUMBLE, da\u017e\u0101di veidi | MyPerfectDog.lv\",\"isPartOf\":{\"@id\":\"https:\\\/\\\/myperfectdog.lv\\\/#website\"},\"primaryImageOfPage\":{\"@id\":\"https:\\\/\\\/myperfectdog.lv\\\/products\\\/nina-ottosson-baribas-puzle-treat-tumble-dazadi-veidi\\\/#primaryimage\"},\"image\":{\"@id\":\"https:\\\/\\\/myperfectdog.lv\\\/products\\\/nina-ottosson-baribas-puzle-treat-tumble-dazadi-veidi\\\/#primaryimage\"},\"thumbnailUrl\":\"https:\\\/\\\/myperfectdog.lv\\\/wp-content\\\/uploads\\\/2022\\\/11\\\/67326_OutwardHound_NinaOttosson_TreatTumble_SM_PDP3_DE_copy-b2b1aea77501ad51ae47f0eda5eb5884.jpg\",\"datePublished\":\"2022-11-25T16:17:29+00:00\",\"dateModified\":\"2025-10-03T18:23:09+00:00\",\"breadcrumb\":{\"@id\":\"https:\\\/\\\/myperfectdog.lv\\\/products\\\/nina-ottosson-baribas-puzle-treat-tumble-dazadi-veidi\\\/#breadcrumb\"},\"inLanguage\":\"en-GB\",\"potentialAction\":[{\"@type\":\"ReadAction\",\"target\":[\"https:\\\/\\\/myperfectdog.lv\\\/products\\\/nina-ottosson-baribas-puzle-treat-tumble-dazadi-veidi\\\/\"]}]},{\"@type\":\"ImageObject\",\"inLanguage\":\"en-GB\",\"@id\":\"https:\\\/\\\/myperfectdog.lv\\\/products\\\/nina-ottosson-baribas-puzle-treat-tumble-dazadi-veidi\\\/#primaryimage\",\"url\":\"https:\\\/\\\/myperfectdog.lv\\\/wp-content\\\/uploads\\\/2022\\\/11\\\/67326_OutwardHound_NinaOttosson_TreatTumble_SM_PDP3_DE_copy-b2b1aea77501ad51ae47f0eda5eb5884.jpg\",\"contentUrl\":\"https:\\\/\\\/myperfectdog.lv\\\/wp-content\\\/uploads\\\/2022\\\/11\\\/67326_OutwardHound_NinaOttosson_TreatTumble_SM_PDP3_DE_copy-b2b1aea77501ad51ae47f0eda5eb5884.jpg\",\"width\":954,\"height\":900},{\"@type\":\"BreadcrumbList\",\"@id\":\"https:\\\/\\\/myperfectdog.lv\\\/products\\\/nina-ottosson-baribas-puzle-treat-tumble-dazadi-veidi\\\/#breadcrumb\",\"itemListElement\":[{\"@type\":\"ListItem\",\"position\":1,\"name\":\"Home\",\"item\":\"https:\\\/\\\/myperfectdog.lv\\\/\"},{\"@type\":\"ListItem\",\"position\":2,\"name\":\"Internetveikals\",\"item\":\"https:\\\/\\\/myperfectdog.lv\\\/internetveikals\\\/\"},{\"@type\":\"ListItem\",\"position\":3,\"name\":\"Nina Ottosson bar\u012bbas puzle TREAT TUMBLE, da\u017e\u0101di veidi\"}]},{\"@type\":\"WebSite\",\"@id\":\"https:\\\/\\\/myperfectdog.lv\\\/#website\",\"url\":\"https:\\\/\\\/myperfectdog.lv\\\/\",\"name\":\"MyPerfectDog.lv\",\"description\":\"Su\u0146u un saimnieku skola\",\"publisher\":{\"@id\":\"https:\\\/\\\/myperfectdog.lv\\\/#organization\"},\"potentialAction\":[{\"@type\":\"SearchAction\",\"target\":{\"@type\":\"EntryPoint\",\"urlTemplate\":\"https:\\\/\\\/myperfectdog.lv\\\/?s={search_term_string}\"},\"query-input\":{\"@type\":\"PropertyValueSpecification\",\"valueRequired\":true,\"valueName\":\"search_term_string\"}}],\"inLanguage\":\"en-GB\"},{\"@type\":\"Organization\",\"@id\":\"https:\\\/\\\/myperfectdog.lv\\\/#organization\",\"name\":\"Su\u0146u & saimnieku skola \\\"My Perfect Dog\\\"\",\"url\":\"https:\\\/\\\/myperfectdog.lv\\\/\",\"logo\":{\"@type\":\"ImageObject\",\"inLanguage\":\"en-GB\",\"@id\":\"https:\\\/\\\/myperfectdog.lv\\\/#\\\/schema\\\/logo\\\/image\\\/\",\"url\":\"https:\\\/\\\/myperfectdog.lv\\\/wp-content\\\/uploads\\\/2020\\\/10\\\/MyPerfectDog-New-logo_peach_plakans.png\",\"contentUrl\":\"https:\\\/\\\/myperfectdog.lv\\\/wp-content\\\/uploads\\\/2020\\\/10\\\/MyPerfectDog-New-logo_peach_plakans.png\",\"width\":1200,\"height\":636,\"caption\":\"Su\u0146u & saimnieku skola \\\"My Perfect Dog\\\"\"},\"image\":{\"@id\":\"https:\\\/\\\/myperfectdog.lv\\\/#\\\/schema\\\/logo\\\/image\\\/\"}}]}<\/script>\n<!-- \/ Yoast SEO plugin. -->","yoast_head_json":{"title":"Nina Ottosson bar\u012bbas puzle TREAT TUMBLE, da\u017e\u0101di veidi | MyPerfectDog.lv","robots":{"index":"index","follow":"follow","max-snippet":"max-snippet:-1","max-image-preview":"max-image-preview:large","max-video-preview":"max-video-preview:-1"},"canonical":"https:\/\/myperfectdog.lv\/en\/product\/nina-ottosson-baribas-puzle-treat-tumble-dazadi-veidi\/","og_locale":"en_GB","og_type":"article","og_title":"Nina Ottosson bar\u012bbas puzle TREAT TUMBLE, da\u017e\u0101di veidi | MyPerfectDog.lv","og_description":"Nina Ottosson Treat Tumble no Outward Hound ir lieliska puzles bumba ikvienam sunim! 1. gr\u016bt\u012bbas l\u012bme\u0146a gardumu puzle Treat Tumbler uztur\u0113s j\u016bsu su\u0146a interesi, kad vi\u0146\u0161 ripina un osta bumbu, lai atrastu veidu k\u0101 atbr\u012bvot gardumu. Viegli piepild\u0101ma ar diviem k\u0101rumu caurumiem. Izgatavots no p\u0101rtikai dro\u0161as plastmasas, \u00a0kas nesatur BPA, un to ir viegli not\u012br\u012bt, lai izklaid\u0113tos gan \u0101r\u0101, gan iek\u0161telp\u0101s!","og_url":"https:\/\/myperfectdog.lv\/en\/product\/nina-ottosson-baribas-puzle-treat-tumble-dazadi-veidi\/","og_site_name":"MyPerfectDog.lv","article_modified_time":"2025-10-03T18:23:09+00:00","og_image":[{"width":954,"height":900,"url":"https:\/\/myperfectdog.lv\/wp-content\/uploads\/2022\/11\/67326_OutwardHound_NinaOttosson_TreatTumble_SM_PDP3_DE_copy-b2b1aea77501ad51ae47f0eda5eb5884.jpg","type":"image\/jpeg"}],"twitter_card":"summary_large_image","twitter_misc":{"Estimated reading time":"3 minutes"},"schema":{"@context":"https:\/\/schema.org","@graph":[{"@type":"WebPage","@id":"https:\/\/myperfectdog.lv\/products\/nina-ottosson-baribas-puzle-treat-tumble-dazadi-veidi\/","url":"https:\/\/myperfectdog.lv\/products\/nina-ottosson-baribas-puzle-treat-tumble-dazadi-veidi\/","name":"Nina Ottosson bar\u012bbas puzle TREAT TUMBLE, da\u017e\u0101di veidi | MyPerfectDog.lv","isPartOf":{"@id":"https:\/\/myperfectdog.lv\/#website"},"primaryImageOfPage":{"@id":"https:\/\/myperfectdog.lv\/products\/nina-ottosson-baribas-puzle-treat-tumble-dazadi-veidi\/#primaryimage"},"image":{"@id":"https:\/\/myperfectdog.lv\/products\/nina-ottosson-baribas-puzle-treat-tumble-dazadi-veidi\/#primaryimage"},"thumbnailUrl":"https:\/\/myperfectdog.lv\/wp-content\/uploads\/2022\/11\/67326_OutwardHound_NinaOttosson_TreatTumble_SM_PDP3_DE_copy-b2b1aea77501ad51ae47f0eda5eb5884.jpg","datePublished":"2022-11-25T16:17:29+00:00","dateModified":"2025-10-03T18:23:09+00:00","breadcrumb":{"@id":"https:\/\/myperfectdog.lv\/products\/nina-ottosson-baribas-puzle-treat-tumble-dazadi-veidi\/#breadcrumb"},"inLanguage":"en-GB","potentialAction":[{"@type":"ReadAction","target":["https:\/\/myperfectdog.lv\/products\/nina-ottosson-baribas-puzle-treat-tumble-dazadi-veidi\/"]}]},{"@type":"ImageObject","inLanguage":"en-GB","@id":"https:\/\/myperfectdog.lv\/products\/nina-ottosson-baribas-puzle-treat-tumble-dazadi-veidi\/#primaryimage","url":"https:\/\/myperfectdog.lv\/wp-content\/uploads\/2022\/11\/67326_OutwardHound_NinaOttosson_TreatTumble_SM_PDP3_DE_copy-b2b1aea77501ad51ae47f0eda5eb5884.jpg","contentUrl":"https:\/\/myperfectdog.lv\/wp-content\/uploads\/2022\/11\/67326_OutwardHound_NinaOttosson_TreatTumble_SM_PDP3_DE_copy-b2b1aea77501ad51ae47f0eda5eb5884.jpg","width":954,"height":900},{"@type":"BreadcrumbList","@id":"https:\/\/myperfectdog.lv\/products\/nina-ottosson-baribas-puzle-treat-tumble-dazadi-veidi\/#breadcrumb","itemListElement":[{"@type":"ListItem","position":1,"name":"Home","item":"https:\/\/myperfectdog.lv\/"},{"@type":"ListItem","position":2,"name":"Internetveikals","item":"https:\/\/myperfectdog.lv\/internetveikals\/"},{"@type":"ListItem","position":3,"name":"Nina Ottosson bar\u012bbas puzle TREAT TUMBLE, da\u017e\u0101di veidi"}]},{"@type":"WebSite","@id":"https:\/\/myperfectdog.lv\/#website","url":"https:\/\/myperfectdog.lv\/","name":"MyPerfectDog.lv","description":"Su\u0146u un saimnieku skola","publisher":{"@id":"https:\/\/myperfectdog.lv\/#organization"},"potentialAction":[{"@type":"SearchAction","target":{"@type":"EntryPoint","urlTemplate":"https:\/\/myperfectdog.lv\/?s={search_term_string}"},"query-input":{"@type":"PropertyValueSpecification","valueRequired":true,"valueName":"search_term_string"}}],"inLanguage":"en-GB"},{"@type":"Organization","@id":"https:\/\/myperfectdog.lv\/#organization","name":"Su\u0146u & saimnieku skola \"My Perfect Dog\"","url":"https:\/\/myperfectdog.lv\/","logo":{"@type":"ImageObject","inLanguage":"en-GB","@id":"https:\/\/myperfectdog.lv\/#\/schema\/logo\/image\/","url":"https:\/\/myperfectdog.lv\/wp-content\/uploads\/2020\/10\/MyPerfectDog-New-logo_peach_plakans.png","contentUrl":"https:\/\/myperfectdog.lv\/wp-content\/uploads\/2020\/10\/MyPerfectDog-New-logo_peach_plakans.png","width":1200,"height":636,"caption":"Su\u0146u & saimnieku skola \"My Perfect Dog\""},"image":{"@id":"https:\/\/myperfectdog.lv\/#\/schema\/logo\/image\/"}}]}},"jetpack_sharing_enabled":true,"_links":{"self":[{"href":"https:\/\/myperfectdog.lv\/en\/wp-json\/wp\/v2\/product\/5834","targetHints":{"allow":["GET"]}}],"collection":[{"href":"https:\/\/myperfectdog.lv\/en\/wp-json\/wp\/v2\/product"}],"about":[{"href":"https:\/\/myperfectdog.lv\/en\/wp-json\/wp\/v2\/types\/product"}],"replies":[{"embeddable":true,"href":"https:\/\/myperfectdog.lv\/en\/wp-json\/wp\/v2\/comments?post=5834"}],"wp:featuredmedia":[{"embeddable":true,"href":"https:\/\/myperfectdog.lv\/en\/wp-json\/wp\/v2\/media\/5839"}],"wp:attachment":[{"href":"https:\/\/myperfectdog.lv\/en\/wp-json\/wp\/v2\/media?parent=5834"}],"wp:term":[{"taxonomy":"product_brand","embeddable":true,"href":"https:\/\/myperfectdog.lv\/en\/wp-json\/wp\/v2\/product_brand?post=5834"},{"taxonomy":"product_cat","embeddable":true,"href":"https:\/\/myperfectdog.lv\/en\/wp-json\/wp\/v2\/product_cat?post=5834"},{"taxonomy":"product_tag","embeddable":true,"href":"https:\/\/myperfectdog.lv\/en\/wp-json\/wp\/v2\/product_tag?post=5834"}],"curies":[{"name":"wp","href":"https:\/\/api.w.org\/{rel}","templated":true}]}}