{"id":5847,"date":"2022-11-25T18:21:57","date_gmt":"2022-11-25T16:21:57","guid":{"rendered":"https:\/\/myperfectdog.lv\/?post_type=product&#038;p=5847"},"modified":"2025-12-15T04:57:48","modified_gmt":"2025-12-15T02:57:48","slug":"nina-ottosson-baribas-puzle-dog-tornado","status":"publish","type":"product","link":"https:\/\/myperfectdog.lv\/en\/product\/nina-ottosson-baribas-puzle-dog-tornado\/","title":{"rendered":"Nina Ottosson bar\u012bbas puzle DOG TORNADO"},"content":{"rendered":"<ul>\n<li><b>VID\u0112JA L\u012aME\u0145A SU\u0145U PUZLE: <\/b>vingriniet sava su\u0146a pr\u0101tu, izmantojot interakt\u012bvo 2. l\u012bme\u0146a sp\u0113li Dog Tornado. \u0160\u012b \u00a0aizraujo\u0161\u0101 su\u0146u bar\u012bbas puzle nodro\u0161ina jautru fizisku un ment\u0101lu izaicin\u0101jumu. J\u016bsu sunim b\u016bs j\u0101iem\u0101c\u0101s apvienot vair\u0101kas darb\u012bbas, lai ieg\u016btu pasl\u0113pto k\u0101rumu.<\/li>\n<li><b>NOST AR GARLAIC\u012aBU: <\/b>mainiet \u0161\u012bs stimul\u0113jo\u0161\u0101s su\u0146u puzles gr\u016bt\u012bbas pak\u0101pi ar 12 sl\u0113ptiem nodal\u012bjumiem un 3 kaula formas v\u0101ci\u0146iem, lai aizrautu j\u016bsu p\u016bkaino draugu!<\/li>\n<li><b>VIEGLI T\u012aR\u012aT:<\/b> Dog Tornado puzli ir viegli mazg\u0101t ar rok\u0101m, izmantojot maigas ziepes un siltu \u016bdeni. Pirms lieto\u0161anas p\u0101rliecinieties, vai visi nodal\u012bjumi ir sausi.<\/li>\n<li><b>NESATUR BPA, PVC UN FTAL\u0100TUS: <\/b>r\u016bp\u0113joties par j\u016bsu m\u012blu\u013ca vesel\u012bbu, interakt\u012bv\u0101s Nina Ottosson bar\u012bbas puzles no Outward Hound ir izgatavotas no uzticamiem un p\u0101rtikai dro\u0161iem materi\u0101liem. P\u0113c lieto\u0161anas t\u0101s ir viegli t\u012br\u0101mas ar siltu \u016bdeni un ziep\u0113m.<\/li>\n<li><b>DRO\u0160\u0100M ROTA\u013b\u0100M: <\/b>neviena rota\u013clieta nav neizn\u012bcin\u0101ma. Neatst\u0101jiet rota\u013clietas ar m\u0101jdz\u012bvniekiem bez uzraudz\u012bbas. No\u0146emiet un nomainiet rota\u013clietu, ja t\u0101 ir boj\u0101ta.<\/li>\n<\/ul>\n<p><span class=\"moze-blockquote\">Vai zin\u0101j\u0101t, ka 15 min\u016btes pr\u0101ta vingrin\u0101jumu su\u0146iem ir l\u012bdzv\u0113rt\u012bgas 30 min\u016b\u0161u fiziskai slodzei? Su\u0146iem pat\u012bk izp\u0113t\u012bt un risin\u0101t probl\u0113mas sav\u0101 veid\u0101. Da\u017ei izmanto \u0137epas, bet da\u017ei &#8211; degunu. Katra sp\u0113le ir izstr\u0101d\u0101ta, \u0146emot v\u0113r\u0101 j\u016bsu su\u0146a dabisko uzved\u012bbu, ma\u0146as un dro\u0161\u012bbu. <\/span><span class=\"moze-large\">Liekot suni darboties ar puzli vai sp\u0113li, j\u016bs efekt\u012bvi koncentr\u0113jat vi\u0146a uzman\u012bbu un ener\u0123iju, t\u0101 samazinot garlaic\u012bbu un destrukt\u012bvu uzved\u012bbu. Puzles ir ar\u012b lielisks veids, k\u0101 nov\u0113rst su\u0146u uzman\u012bbu no ugu\u0146o\u0161anas, p\u0113rkona negaisa un cit\u0101m situ\u0101cij\u0101m, kur\u0101s j\u016bsu suns var k\u013c\u016bt nemier\u012bgs.<\/span><span class=\"moze-large\"><br \/>\n<b>Nodarbiniet sava su\u0146a pr\u0101tu ar vid\u0113jas gr\u016bt\u012bbas pak\u0101pes p\u0101rbaud\u012bjumu!<\/b><\/span><span class=\"moze-large\"><b><br \/>\n<\/b><\/span>Ra\u017eots \u0136\u012bn\u0101.<\/p>\n<p><img loading=\"lazy\" decoding=\"async\" class=\"\" src=\"https:\/\/site-984271.mozfiles.com\/files\/984271\/2020_NinaOttoson_Logo-1.jpg?1668682873\" width=\"224\" height=\"120\" \/><\/p>\n<p><b>Uzzini vair\u0101k par Dog Tornado bar\u012bbas puzli:<\/b><\/p>\n<p><b>SP\u0112L\u0112JIET P\u0112C NOTEIKUMIEM \u2013 DRO\u0160\u012aBA UN KOP\u0160ANA: i<\/b>zraugoties rota\u013clietu, noteikti izv\u0113lieties savam sunim piem\u0113rota izm\u0113ra\/veida\/gr\u016bt\u012bbas l\u012bme\u0146a sp\u0113li. Neviena rota\u013clieta vai sp\u0113le nav neizn\u012bcin\u0101ma. VIENM\u0112R r\u016bp\u012bgi uzraugiet savu suni, iem\u0101ciet savam sunim, k\u0101 darbojas sp\u0113le\/rota\u013clieta. Neatst\u0101jiet suni vienu ar k\u0101rumu puzli\/rota\u013clietu, ne\u013caujiet sunim ko\u0161\u013c\u0101t puzli\/rota\u013clietu vai t\u0101s gabali\u0146us. Regul\u0101ri p\u0101rbaudiet, vai rota\u013clietas nav boj\u0101tas, no\u0146emiet un nomainiet, ja t\u0101s ir sapl\u012bsu\u0161as vai atdal\u012bjusies k\u0101da da\u013ca, \u00a0jo var rasties nopietnas traumas. Paredz\u0113ts tikai su\u0146iem, t\u0101 nav b\u0113rnu rota\u013clieta. Kad puzle ir iztuk\u0161ota, uzglab\u0101jiet to l\u012bdz n\u0101kamajai uzraudz\u012btai lieto\u0161anai.<\/p>\n<p><b>Lieto\u0161ana: <\/b><\/p>\n<ul>\n<li>Vienk\u0101r\u0161i piepildiet \u0161o bumbu ar sava su\u0146a iecien\u012bt\u0101kajiem gardumiem vai sauso bar\u012bbu un iedodiet to savam sunim. V\u0113rojiet, k\u0101 vi\u0146\u0161 darbosies ar puzli, lai izdom\u0101tu k\u0101 dab\u016bt gardumus.<\/li>\n<li>Vislab\u0101k darbojas ar maziem k\u0101rumiem vai bar\u012bbas graudi\u0146iem<\/li>\n<li>Sp\u0113l\u0113jieties kop\u0101 un r\u016bp\u012bgi uzraugiet savu suni. Ja suns v\u0113las ko\u0161\u013c\u0101t puzli, labojiet un novirziet vi\u0146a uzved\u012bbu. S\u0101ciet no jauna p\u0113c iesp\u0113jas \u0101tr\u0101k un atkal piev\u0113rsiet su\u0146a uzman\u012bbu gardumiem.<\/li>\n<\/ul>\n<p>Materi\u0101ls: plastmasa.Izm\u0113ri: 27,94 xm x 19 cm.<\/p>\n<p><iframe loading=\"lazy\" title=\"Outward Hound Dog Tornado by Nina Ottosson\" width=\"500\" height=\"281\" src=\"https:\/\/www.youtube.com\/embed\/qayvXNzd-TY?feature=oembed&#038;enablejsapi=1&#038;origin=https:\/\/myperfectdog.lv\" frameborder=\"0\" allow=\"accelerometer; autoplay; clipboard-write; encrypted-media; gyroscope; picture-in-picture; web-share\" referrerpolicy=\"strict-origin-when-cross-origin\" allowfullscreen><\/iframe><\/p>\n<p><iframe loading=\"lazy\" title=\"Nina Ottosson Dog Tornado Treat Puzzle Toy by Outward Hound\" width=\"500\" height=\"281\" src=\"https:\/\/www.youtube.com\/embed\/YhV1vRyOGzo?feature=oembed&#038;enablejsapi=1&#038;origin=https:\/\/myperfectdog.lv\" frameborder=\"0\" allow=\"accelerometer; autoplay; clipboard-write; encrypted-media; gyroscope; picture-in-picture; web-share\" referrerpolicy=\"strict-origin-when-cross-origin\" allowfullscreen><\/iframe><\/p>","protected":false},"excerpt":{"rendered":"<p><b>Nina Ottosson Dog Tornado <\/b>2. l\u012bme\u0146a interakt\u012bv\u0101 bar\u012bbas puzle ir ide\u0101la rota\u013clieta garlaikotiem su\u0146iem &#8211; t\u0101 noslogos vi\u0146us stund\u0101m ilgi! \u0160ai rota\u013clietai ar vid\u0113ju gr\u016bt\u012bbas pak\u0101pi ir tr\u012bs l\u012bme\u0146i ar divpadsmit nodal\u012bjumiem k\u0101rumiem vai sausai bar\u012bbai. Lai sasniegtu k\u0101rumus, \u0161\u012b pr\u0101tu stimul\u0113jo\u0161\u0101 un izklaid\u0113jo\u0161\u0101 sp\u0113le mudina j\u016bsu suni griezt puzles l\u012bme\u0146us. Lai palielin\u0101tu gr\u016bt\u012bbas l\u012bmeni, izmantojiet tr\u012bs kaula formas v\u0101ci\u0146us! Izgatavota no BPA, PVC un ftal\u0101tu nesaturo\u0161a materi\u0101la, ko p\u0113c katras lieto\u0161anas reizes var mazg\u0101t ar rok\u0101m, izmantojot siltu \u016bdeni un ziepes.<\/p>","protected":false},"featured_media":5848,"comment_status":"closed","ping_status":"closed","template":"","meta":[],"product_brand":[],"product_cat":[41],"product_tag":[],"class_list":{"0":"post-5847","1":"product","2":"type-product","3":"status-publish","4":"has-post-thumbnail","6":"product_cat-speles-suniem","8":"first","9":"instock","10":"taxable","11":"shipping-taxable","12":"purchasable","13":"product-type-simple"},"yoast_head":"<!-- This site is optimized with the Yoast SEO plugin v27.5 - https:\/\/yoast.com\/product\/yoast-seo-wordpress\/ -->\n<title>Nina Ottosson bar\u012bbas puzle DOG TORNADO | MyPerfectDog.lv<\/title>\n<meta name=\"robots\" content=\"index, follow, max-snippet:-1, max-image-preview:large, max-video-preview:-1\" \/>\n<link rel=\"canonical\" href=\"https:\/\/myperfectdog.lv\/en\/product\/nina-ottosson-baribas-puzle-dog-tornado\/\" \/>\n<meta property=\"og:locale\" content=\"en_GB\" \/>\n<meta property=\"og:type\" content=\"article\" \/>\n<meta property=\"og:title\" content=\"Nina Ottosson bar\u012bbas puzle DOG TORNADO | MyPerfectDog.lv\" \/>\n<meta property=\"og:description\" content=\"Nina Ottosson Dog Tornado 2. l\u012bme\u0146a interakt\u012bv\u0101 bar\u012bbas puzle ir ide\u0101la rota\u013clieta garlaikotiem su\u0146iem - t\u0101 noslogos vi\u0146us stund\u0101m ilgi! \u0160ai rota\u013clietai ar vid\u0113ju gr\u016bt\u012bbas pak\u0101pi ir tr\u012bs l\u012bme\u0146i ar divpadsmit nodal\u012bjumiem k\u0101rumiem vai sausai bar\u012bbai. Lai sasniegtu k\u0101rumus, \u0161\u012b pr\u0101tu stimul\u0113jo\u0161\u0101 un izklaid\u0113jo\u0161\u0101 sp\u0113le mudina j\u016bsu suni griezt puzles l\u012bme\u0146us. Lai palielin\u0101tu gr\u016bt\u012bbas l\u012bmeni, izmantojiet tr\u012bs kaula formas v\u0101ci\u0146us! Izgatavota no BPA, PVC un ftal\u0101tu nesaturo\u0161a materi\u0101la, ko p\u0113c katras lieto\u0161anas reizes var mazg\u0101t ar rok\u0101m, izmantojot siltu \u016bdeni un ziepes.\" \/>\n<meta property=\"og:url\" content=\"https:\/\/myperfectdog.lv\/en\/product\/nina-ottosson-baribas-puzle-dog-tornado\/\" \/>\n<meta property=\"og:site_name\" content=\"MyPerfectDog.lv\" \/>\n<meta property=\"article:modified_time\" content=\"2025-12-15T02:57:48+00:00\" \/>\n<meta property=\"og:image\" content=\"https:\/\/myperfectdog.lv\/wp-content\/uploads\/2022\/11\/67332_OutwardHound_NinaOttosson_DogTornado_PDP5-b07e2db58becd57ff7ca3020e1022414.jpg\" \/>\n\t<meta property=\"og:image:width\" content=\"500\" \/>\n\t<meta property=\"og:image:height\" content=\"500\" \/>\n\t<meta property=\"og:image:type\" content=\"image\/jpeg\" \/>\n<meta name=\"twitter:card\" content=\"summary_large_image\" \/>\n<meta name=\"twitter:label1\" content=\"Estimated reading time\" \/>\n\t<meta name=\"twitter:data1\" content=\"3 minutes\" \/>\n<script type=\"application\/ld+json\" class=\"yoast-schema-graph\">{\"@context\":\"https:\\\/\\\/schema.org\",\"@graph\":[{\"@type\":\"WebPage\",\"@id\":\"https:\\\/\\\/myperfectdog.lv\\\/products\\\/nina-ottosson-baribas-puzle-dog-tornado\\\/\",\"url\":\"https:\\\/\\\/myperfectdog.lv\\\/products\\\/nina-ottosson-baribas-puzle-dog-tornado\\\/\",\"name\":\"Nina Ottosson bar\u012bbas puzle DOG TORNADO | MyPerfectDog.lv\",\"isPartOf\":{\"@id\":\"https:\\\/\\\/myperfectdog.lv\\\/#website\"},\"primaryImageOfPage\":{\"@id\":\"https:\\\/\\\/myperfectdog.lv\\\/products\\\/nina-ottosson-baribas-puzle-dog-tornado\\\/#primaryimage\"},\"image\":{\"@id\":\"https:\\\/\\\/myperfectdog.lv\\\/products\\\/nina-ottosson-baribas-puzle-dog-tornado\\\/#primaryimage\"},\"thumbnailUrl\":\"https:\\\/\\\/myperfectdog.lv\\\/wp-content\\\/uploads\\\/2022\\\/11\\\/67332_OutwardHound_NinaOttosson_DogTornado_PDP5-b07e2db58becd57ff7ca3020e1022414.jpg\",\"datePublished\":\"2022-11-25T16:21:57+00:00\",\"dateModified\":\"2025-12-15T02:57:48+00:00\",\"breadcrumb\":{\"@id\":\"https:\\\/\\\/myperfectdog.lv\\\/products\\\/nina-ottosson-baribas-puzle-dog-tornado\\\/#breadcrumb\"},\"inLanguage\":\"en-GB\",\"potentialAction\":[{\"@type\":\"ReadAction\",\"target\":[\"https:\\\/\\\/myperfectdog.lv\\\/products\\\/nina-ottosson-baribas-puzle-dog-tornado\\\/\"]}]},{\"@type\":\"ImageObject\",\"inLanguage\":\"en-GB\",\"@id\":\"https:\\\/\\\/myperfectdog.lv\\\/products\\\/nina-ottosson-baribas-puzle-dog-tornado\\\/#primaryimage\",\"url\":\"https:\\\/\\\/myperfectdog.lv\\\/wp-content\\\/uploads\\\/2022\\\/11\\\/67332_OutwardHound_NinaOttosson_DogTornado_PDP5-b07e2db58becd57ff7ca3020e1022414.jpg\",\"contentUrl\":\"https:\\\/\\\/myperfectdog.lv\\\/wp-content\\\/uploads\\\/2022\\\/11\\\/67332_OutwardHound_NinaOttosson_DogTornado_PDP5-b07e2db58becd57ff7ca3020e1022414.jpg\",\"width\":500,\"height\":500},{\"@type\":\"BreadcrumbList\",\"@id\":\"https:\\\/\\\/myperfectdog.lv\\\/products\\\/nina-ottosson-baribas-puzle-dog-tornado\\\/#breadcrumb\",\"itemListElement\":[{\"@type\":\"ListItem\",\"position\":1,\"name\":\"Home\",\"item\":\"https:\\\/\\\/myperfectdog.lv\\\/\"},{\"@type\":\"ListItem\",\"position\":2,\"name\":\"Internetveikals\",\"item\":\"https:\\\/\\\/myperfectdog.lv\\\/internetveikals\\\/\"},{\"@type\":\"ListItem\",\"position\":3,\"name\":\"Nina Ottosson bar\u012bbas puzle DOG TORNADO\"}]},{\"@type\":\"WebSite\",\"@id\":\"https:\\\/\\\/myperfectdog.lv\\\/#website\",\"url\":\"https:\\\/\\\/myperfectdog.lv\\\/\",\"name\":\"MyPerfectDog.lv\",\"description\":\"Su\u0146u un saimnieku skola\",\"publisher\":{\"@id\":\"https:\\\/\\\/myperfectdog.lv\\\/#organization\"},\"potentialAction\":[{\"@type\":\"SearchAction\",\"target\":{\"@type\":\"EntryPoint\",\"urlTemplate\":\"https:\\\/\\\/myperfectdog.lv\\\/?s={search_term_string}\"},\"query-input\":{\"@type\":\"PropertyValueSpecification\",\"valueRequired\":true,\"valueName\":\"search_term_string\"}}],\"inLanguage\":\"en-GB\"},{\"@type\":\"Organization\",\"@id\":\"https:\\\/\\\/myperfectdog.lv\\\/#organization\",\"name\":\"Su\u0146u & saimnieku skola \\\"My Perfect Dog\\\"\",\"url\":\"https:\\\/\\\/myperfectdog.lv\\\/\",\"logo\":{\"@type\":\"ImageObject\",\"inLanguage\":\"en-GB\",\"@id\":\"https:\\\/\\\/myperfectdog.lv\\\/#\\\/schema\\\/logo\\\/image\\\/\",\"url\":\"https:\\\/\\\/myperfectdog.lv\\\/wp-content\\\/uploads\\\/2020\\\/10\\\/MyPerfectDog-New-logo_peach_plakans.png\",\"contentUrl\":\"https:\\\/\\\/myperfectdog.lv\\\/wp-content\\\/uploads\\\/2020\\\/10\\\/MyPerfectDog-New-logo_peach_plakans.png\",\"width\":1200,\"height\":636,\"caption\":\"Su\u0146u & saimnieku skola \\\"My Perfect Dog\\\"\"},\"image\":{\"@id\":\"https:\\\/\\\/myperfectdog.lv\\\/#\\\/schema\\\/logo\\\/image\\\/\"}}]}<\/script>\n<!-- \/ Yoast SEO plugin. -->","yoast_head_json":{"title":"Nina Ottosson bar\u012bbas puzle DOG TORNADO | MyPerfectDog.lv","robots":{"index":"index","follow":"follow","max-snippet":"max-snippet:-1","max-image-preview":"max-image-preview:large","max-video-preview":"max-video-preview:-1"},"canonical":"https:\/\/myperfectdog.lv\/en\/product\/nina-ottosson-baribas-puzle-dog-tornado\/","og_locale":"en_GB","og_type":"article","og_title":"Nina Ottosson bar\u012bbas puzle DOG TORNADO | MyPerfectDog.lv","og_description":"Nina Ottosson Dog Tornado 2. l\u012bme\u0146a interakt\u012bv\u0101 bar\u012bbas puzle ir ide\u0101la rota\u013clieta garlaikotiem su\u0146iem - t\u0101 noslogos vi\u0146us stund\u0101m ilgi! \u0160ai rota\u013clietai ar vid\u0113ju gr\u016bt\u012bbas pak\u0101pi ir tr\u012bs l\u012bme\u0146i ar divpadsmit nodal\u012bjumiem k\u0101rumiem vai sausai bar\u012bbai. Lai sasniegtu k\u0101rumus, \u0161\u012b pr\u0101tu stimul\u0113jo\u0161\u0101 un izklaid\u0113jo\u0161\u0101 sp\u0113le mudina j\u016bsu suni griezt puzles l\u012bme\u0146us. Lai palielin\u0101tu gr\u016bt\u012bbas l\u012bmeni, izmantojiet tr\u012bs kaula formas v\u0101ci\u0146us! Izgatavota no BPA, PVC un ftal\u0101tu nesaturo\u0161a materi\u0101la, ko p\u0113c katras lieto\u0161anas reizes var mazg\u0101t ar rok\u0101m, izmantojot siltu \u016bdeni un ziepes.","og_url":"https:\/\/myperfectdog.lv\/en\/product\/nina-ottosson-baribas-puzle-dog-tornado\/","og_site_name":"MyPerfectDog.lv","article_modified_time":"2025-12-15T02:57:48+00:00","og_image":[{"width":500,"height":500,"url":"https:\/\/myperfectdog.lv\/wp-content\/uploads\/2022\/11\/67332_OutwardHound_NinaOttosson_DogTornado_PDP5-b07e2db58becd57ff7ca3020e1022414.jpg","type":"image\/jpeg"}],"twitter_card":"summary_large_image","twitter_misc":{"Estimated reading time":"3 minutes"},"schema":{"@context":"https:\/\/schema.org","@graph":[{"@type":"WebPage","@id":"https:\/\/myperfectdog.lv\/products\/nina-ottosson-baribas-puzle-dog-tornado\/","url":"https:\/\/myperfectdog.lv\/products\/nina-ottosson-baribas-puzle-dog-tornado\/","name":"Nina Ottosson bar\u012bbas puzle DOG TORNADO | MyPerfectDog.lv","isPartOf":{"@id":"https:\/\/myperfectdog.lv\/#website"},"primaryImageOfPage":{"@id":"https:\/\/myperfectdog.lv\/products\/nina-ottosson-baribas-puzle-dog-tornado\/#primaryimage"},"image":{"@id":"https:\/\/myperfectdog.lv\/products\/nina-ottosson-baribas-puzle-dog-tornado\/#primaryimage"},"thumbnailUrl":"https:\/\/myperfectdog.lv\/wp-content\/uploads\/2022\/11\/67332_OutwardHound_NinaOttosson_DogTornado_PDP5-b07e2db58becd57ff7ca3020e1022414.jpg","datePublished":"2022-11-25T16:21:57+00:00","dateModified":"2025-12-15T02:57:48+00:00","breadcrumb":{"@id":"https:\/\/myperfectdog.lv\/products\/nina-ottosson-baribas-puzle-dog-tornado\/#breadcrumb"},"inLanguage":"en-GB","potentialAction":[{"@type":"ReadAction","target":["https:\/\/myperfectdog.lv\/products\/nina-ottosson-baribas-puzle-dog-tornado\/"]}]},{"@type":"ImageObject","inLanguage":"en-GB","@id":"https:\/\/myperfectdog.lv\/products\/nina-ottosson-baribas-puzle-dog-tornado\/#primaryimage","url":"https:\/\/myperfectdog.lv\/wp-content\/uploads\/2022\/11\/67332_OutwardHound_NinaOttosson_DogTornado_PDP5-b07e2db58becd57ff7ca3020e1022414.jpg","contentUrl":"https:\/\/myperfectdog.lv\/wp-content\/uploads\/2022\/11\/67332_OutwardHound_NinaOttosson_DogTornado_PDP5-b07e2db58becd57ff7ca3020e1022414.jpg","width":500,"height":500},{"@type":"BreadcrumbList","@id":"https:\/\/myperfectdog.lv\/products\/nina-ottosson-baribas-puzle-dog-tornado\/#breadcrumb","itemListElement":[{"@type":"ListItem","position":1,"name":"Home","item":"https:\/\/myperfectdog.lv\/"},{"@type":"ListItem","position":2,"name":"Internetveikals","item":"https:\/\/myperfectdog.lv\/internetveikals\/"},{"@type":"ListItem","position":3,"name":"Nina Ottosson bar\u012bbas puzle DOG TORNADO"}]},{"@type":"WebSite","@id":"https:\/\/myperfectdog.lv\/#website","url":"https:\/\/myperfectdog.lv\/","name":"MyPerfectDog.lv","description":"Su\u0146u un saimnieku skola","publisher":{"@id":"https:\/\/myperfectdog.lv\/#organization"},"potentialAction":[{"@type":"SearchAction","target":{"@type":"EntryPoint","urlTemplate":"https:\/\/myperfectdog.lv\/?s={search_term_string}"},"query-input":{"@type":"PropertyValueSpecification","valueRequired":true,"valueName":"search_term_string"}}],"inLanguage":"en-GB"},{"@type":"Organization","@id":"https:\/\/myperfectdog.lv\/#organization","name":"Su\u0146u & saimnieku skola \"My Perfect Dog\"","url":"https:\/\/myperfectdog.lv\/","logo":{"@type":"ImageObject","inLanguage":"en-GB","@id":"https:\/\/myperfectdog.lv\/#\/schema\/logo\/image\/","url":"https:\/\/myperfectdog.lv\/wp-content\/uploads\/2020\/10\/MyPerfectDog-New-logo_peach_plakans.png","contentUrl":"https:\/\/myperfectdog.lv\/wp-content\/uploads\/2020\/10\/MyPerfectDog-New-logo_peach_plakans.png","width":1200,"height":636,"caption":"Su\u0146u & saimnieku skola \"My Perfect Dog\""},"image":{"@id":"https:\/\/myperfectdog.lv\/#\/schema\/logo\/image\/"}}]}},"jetpack_sharing_enabled":true,"_links":{"self":[{"href":"https:\/\/myperfectdog.lv\/en\/wp-json\/wp\/v2\/product\/5847","targetHints":{"allow":["GET"]}}],"collection":[{"href":"https:\/\/myperfectdog.lv\/en\/wp-json\/wp\/v2\/product"}],"about":[{"href":"https:\/\/myperfectdog.lv\/en\/wp-json\/wp\/v2\/types\/product"}],"replies":[{"embeddable":true,"href":"https:\/\/myperfectdog.lv\/en\/wp-json\/wp\/v2\/comments?post=5847"}],"wp:featuredmedia":[{"embeddable":true,"href":"https:\/\/myperfectdog.lv\/en\/wp-json\/wp\/v2\/media\/5848"}],"wp:attachment":[{"href":"https:\/\/myperfectdog.lv\/en\/wp-json\/wp\/v2\/media?parent=5847"}],"wp:term":[{"taxonomy":"product_brand","embeddable":true,"href":"https:\/\/myperfectdog.lv\/en\/wp-json\/wp\/v2\/product_brand?post=5847"},{"taxonomy":"product_cat","embeddable":true,"href":"https:\/\/myperfectdog.lv\/en\/wp-json\/wp\/v2\/product_cat?post=5847"},{"taxonomy":"product_tag","embeddable":true,"href":"https:\/\/myperfectdog.lv\/en\/wp-json\/wp\/v2\/product_tag?post=5847"}],"curies":[{"name":"wp","href":"https:\/\/api.w.org\/{rel}","templated":true}]}}