{"id":5854,"date":"2022-11-25T18:28:14","date_gmt":"2022-11-25T16:28:14","guid":{"rendered":"https:\/\/myperfectdog.lv\/?post_type=product&#038;p=5854"},"modified":"2025-10-03T20:22:50","modified_gmt":"2025-10-03T18:22:50","slug":"nina-ottosson-baribas-puzle-dog-brick","status":"publish","type":"product","link":"https:\/\/myperfectdog.lv\/en\/product\/nina-ottosson-baribas-puzle-dog-brick\/","title":{"rendered":"Nina Ottosson bar\u012bbas puzle DOG BRICK"},"content":{"rendered":"<ul>\n<li><b>NOST AR GARLAIC\u012aBU: <\/b>bar\u012bbas puzle Dog Brick ir viena no m\u016bsu popul\u0101r\u0101kaj\u0101m 2. l\u012bme\u0146a sp\u0113l\u0113m, tai ir pievienoti papildu \u0161\u0137\u0113r\u0161\u013ci un so\u013cu kombin\u0101cijas, kas liks j\u016bsu sunim koncentr\u0113ties un uztur\u0113s ment\u0101lo \u00a0stimul\u0101ciju, mekl\u0113jot un ostot gardos na\u0161\u0137us!<\/li>\n<li><b>PIESPIEDIET, PACELIET UN PAB\u012aDIET, LAI NOSL\u0112PTU K\u0100RUMUS: \u00a0<\/b>Lai izaicin\u0101tu j\u016bsu p\u016bkain\u0101 drauga prasmes, Nina Ottosson Dog Brick bar\u012bbas puzl\u0113 3 veidu k\u0101rumu pasl\u0113p\u0161anas nodal\u012bjumi! Atverot nodal\u012bjumus ar v\u0101ku un tos pab\u012bdot, atkl\u0101jas divas atsevi\u0161\u0137as gardumu sl\u0113ptuves, savuk\u0101rt no\u0146emamie \u0137ie\u0123e\u013cu kauli sl\u0113pj tre\u0161a veida k\u0101rumu sl\u0113ptuvi.<\/li>\n<li><b>VEICINA POZIT\u012aVUS SP\u0112LES IERADUMUS: <\/b>\u0161\u012b jautr\u0101 k\u0101rumu puzle ir lieliski piem\u0113rota, lai samazin\u0101tu su\u0146u uztraukumu un novirz\u012btu destrukt\u012bvu uzved\u012bbu.<\/li>\n<li><b>NESATUR BPA, PVC UN FTAL\u0100TUS: <\/b>r\u016bp\u0113joties par j\u016bsu m\u012blu\u013ca vesel\u012bbu, interakt\u012bv\u0101s Nina Ottosson bar\u012bbas puzles no Outward Hound ir izgatavotas no uzticamiem un p\u0101rtikai dro\u0161iem materi\u0101liem. P\u0113c lieto\u0161anas t\u0101s ir viegli t\u012br\u0101mas ar siltu \u016bdeni un ziep\u0113m.<\/li>\n<li><b>DRO\u0160\u0100M ROTA\u013b\u0100M: <\/b>neviena rota\u013clieta nav neizn\u012bcin\u0101ma. Neatst\u0101jiet rota\u013clietas ar m\u0101jdz\u012bvniekiem bez uzraudz\u012bbas. No\u0146emiet un nomainiet rota\u013clietu, ja t\u0101 ir boj\u0101ta.<\/li>\n<\/ul>\n<p><span class=\"moze-blockquote\">Vai zin\u0101j\u0101t, ka 15 min\u016btes pr\u0101ta vingrin\u0101jumu su\u0146iem ir l\u012bdzv\u0113rt\u012bgas 30 min\u016b\u0161u fiziskai slodzei? Su\u0146iem pat\u012bk izp\u0113t\u012bt un risin\u0101t probl\u0113mas sav\u0101 veid\u0101. Da\u017ei izmanto \u0137epas, bet da\u017ei &#8211; degunu. Katra sp\u0113le ir izstr\u0101d\u0101ta, \u0146emot v\u0113r\u0101 j\u016bsu su\u0146a dabisko uzved\u012bbu, ma\u0146as un dro\u0161\u012bbu. <\/span><span class=\"moze-large\">Liekot suni darboties ar puzli vai sp\u0113li, j\u016bs efekt\u012bvi koncentr\u0113jat vi\u0146a uzman\u012bbu un ener\u0123iju, t\u0101 samazinot garlaic\u012bbu un destrukt\u012bvu uzved\u012bbu. Puzles ir ar\u012b lielisks veids, k\u0101 nov\u0113rst su\u0146u uzman\u012bbu no ugu\u0146o\u0161anas, p\u0113rkona negaisa un cit\u0101m situ\u0101cij\u0101m, kur\u0101s j\u016bsu suns var k\u013c\u016bt nemier\u012bgs.<\/span><span class=\"moze-large\"><br \/>\n<b>20 k\u0101rumu sl\u0113ptuves!\u00a0<\/b><b>\u0160\u012b su\u0146u apm\u0101c\u012bbu bar\u012bbas puzle nodarbina nemier\u012bgus un izklaid\u0113 garlaikotus su\u0146us, pal\u012bdzot nov\u0113rst destrukt\u012bvu uzved\u012bbu.\u00a0<\/b><\/span><br \/>\nRa\u017eots \u0136\u012bn\u0101.<\/p>\n<p><img loading=\"lazy\" decoding=\"async\" class=\"\" src=\"https:\/\/site-984271.mozfiles.com\/files\/984271\/2020_NinaOttoson_Logo-1.jpg?1668682873\" width=\"185\" height=\"99\" \/><\/p>\n<p><b>Uzzini vair\u0101k par Dog Brick bar\u012bbas puzli:<\/b><\/p>\n<p><b>SP\u0112L\u0112JIET P\u0112C NOTEIKUMIEM \u2013 DRO\u0160\u012aBA UN KOP\u0160ANA: i<\/b>zraugoties rota\u013clietu, noteikti izv\u0113lieties savam sunim piem\u0113rota izm\u0113ra\/veida\/gr\u016bt\u012bbas l\u012bme\u0146a sp\u0113li. Neviena rota\u013clieta vai sp\u0113le nav neizn\u012bcin\u0101ma. VIENM\u0112R r\u016bp\u012bgi uzraugiet savu suni, iem\u0101ciet savam sunim, k\u0101 darbojas sp\u0113le\/rota\u013clieta. Neatst\u0101jiet suni vienu ar k\u0101rumu puzli\/rota\u013clietu, ne\u013caujiet sunim ko\u0161\u013c\u0101t puzli\/rota\u013clietu vai t\u0101s gabali\u0146us. Regul\u0101ri p\u0101rbaudiet, vai rota\u013clietas nav boj\u0101tas, no\u0146emiet un nomainiet, ja t\u0101s ir sapl\u012bsu\u0161as vai atdal\u012bjusies k\u0101da da\u013ca, \u00a0jo var rasties nopietnas traumas. Paredz\u0113ts tikai su\u0146iem, t\u0101 nav b\u0113rnu rota\u013clieta. Kad puzle ir iztuk\u0161ota, uzglab\u0101jiet to l\u012bdz n\u0101kamajai uzraudz\u012btai lieto\u0161anai.<\/p>\n<p><b>Lieto\u0161ana: <\/b><\/p>\n<ul>\n<li>Vienk\u0101r\u0161i piepildiet \u0161o bumbu ar sava su\u0146a iecien\u012bt\u0101kajiem gardumiem vai sauso bar\u012bbu un iedodiet to savam sunim. V\u0113rojiet, k\u0101 vi\u0146\u0161 darbosies ar puzli, lai izdom\u0101tu k\u0101 dab\u016bt gardumus.<\/li>\n<li>Vislab\u0101k darbojas ar maziem k\u0101rumiem vai bar\u012bbas graudi\u0146iem<\/li>\n<li>Sp\u0113l\u0113jieties kop\u0101 un r\u016bp\u012bgi uzraugiet savu suni. Ja suns v\u0113las ko\u0161\u013c\u0101t puzli, labojiet un novirziet vi\u0146a uzved\u012bbu. S\u0101ciet no jauna p\u0113c iesp\u0113jas \u0101tr\u0101k un atkal piev\u0113rsiet su\u0146a uzman\u012bbu gardumiem.<\/li>\n<\/ul>\n<p>Materi\u0101ls: plastmasa.Izm\u0113ri: 32,39 cm x 22,23 cm.<\/p>\n<p>&nbsp;<\/p>\n<p><iframe loading=\"lazy\" title=\"Outward Hound Dog Brick by Nina Ottosson\" width=\"500\" height=\"281\" src=\"https:\/\/www.youtube.com\/embed\/rjaYgk7E3_w?feature=oembed\" frameborder=\"0\" allow=\"accelerometer; autoplay; clipboard-write; encrypted-media; gyroscope; picture-in-picture; web-share\" referrerpolicy=\"strict-origin-when-cross-origin\" allowfullscreen><\/iframe><\/p>\n<p><iframe loading=\"lazy\" title=\"Dog Brick Dog Puzzle Treat Finding Toy\" width=\"500\" height=\"281\" src=\"https:\/\/www.youtube.com\/embed\/MwluZ0QbVjw?feature=oembed\" frameborder=\"0\" allow=\"accelerometer; autoplay; clipboard-write; encrypted-media; gyroscope; picture-in-picture; web-share\" referrerpolicy=\"strict-origin-when-cross-origin\" allowfullscreen><\/iframe><\/p>","protected":false},"excerpt":{"rendered":"<p><b>Nina Ottosson<\/b> 2. l\u012bme\u0146a bar\u012bbas puzle <b>Dog Brick<\/b> no Outward Hound \u013caus stund\u0101m ilgi nodarbin\u0101t suni un izmantot savas dabisk\u0101s med\u012bbu prasmes, lai mekl\u0113tu pasl\u0113ptos k\u0101rumus! \u0160ai rota\u013clietai ir 3 viegli aizpild\u0101mi nodal\u012bjumi, kuros pasl\u0113pt j\u016bsu su\u0146a iecien\u012bt\u0101kos k\u0101rumus un sauso bar\u012bbu. \u00a0Viegli piespie\u017eot v\u0101ci\u0146u, atveras pirmais nodal\u012bjums, ko pab\u012bdot atkl\u0101jas apak\u0161\u0101 nosl\u0113pto nodal\u012bjumu. \u00a0Balti, dobi \u0137ie\u0123e\u013ca veida kauli sl\u0113pj tre\u0161o nodal\u012bjumu, un tos var viegli iz\u0146emt, lai ieg\u016btu gardos k\u0101rumus! \u0160\u012b puzle ir ide\u0101li piem\u0113rota kuc\u0113niem, kuri jau ir apguvu\u0161i Nina Ottosson 1. l\u012bme\u0146a sp\u0113les. Izgatavots no iztur\u012bg\u0101m plastmasas deta\u013c\u0101m un p\u0101rtikai dro\u0161iem materi\u0101liem, kas nesatur BPA, PVC un ftal\u0101tus. Mazg\u0101t ar rok\u0101m, izmantojot ziepes un \u016bdeni.<\/p>","protected":false},"featured_media":5855,"comment_status":"closed","ping_status":"closed","template":"","meta":[],"product_brand":[],"product_cat":[41],"product_tag":[],"class_list":{"0":"post-5854","1":"product","2":"type-product","3":"status-publish","4":"has-post-thumbnail","6":"product_cat-speles-suniem","8":"first","9":"instock","10":"taxable","11":"shipping-taxable","12":"purchasable","13":"product-type-simple"},"yoast_head":"<!-- This site is optimized with the Yoast SEO plugin v27.5 - https:\/\/yoast.com\/product\/yoast-seo-wordpress\/ -->\n<title>Nina Ottosson bar\u012bbas puzle DOG BRICK | MyPerfectDog.lv<\/title>\n<meta name=\"robots\" content=\"index, follow, max-snippet:-1, max-image-preview:large, max-video-preview:-1\" \/>\n<link rel=\"canonical\" href=\"https:\/\/myperfectdog.lv\/en\/product\/nina-ottosson-baribas-puzle-dog-brick\/\" \/>\n<meta property=\"og:locale\" content=\"en_GB\" \/>\n<meta property=\"og:type\" content=\"article\" \/>\n<meta property=\"og:title\" content=\"Nina Ottosson bar\u012bbas puzle DOG BRICK | MyPerfectDog.lv\" \/>\n<meta property=\"og:description\" content=\"Nina Ottosson 2. l\u012bme\u0146a bar\u012bbas puzle Dog Brick no Outward Hound \u013caus stund\u0101m ilgi nodarbin\u0101t suni un izmantot savas dabisk\u0101s med\u012bbu prasmes, lai mekl\u0113tu pasl\u0113ptos k\u0101rumus! \u0160ai rota\u013clietai ir 3 viegli aizpild\u0101mi nodal\u012bjumi, kuros pasl\u0113pt j\u016bsu su\u0146a iecien\u012bt\u0101kos k\u0101rumus un sauso bar\u012bbu. \u00a0Viegli piespie\u017eot v\u0101ci\u0146u, atveras pirmais nodal\u012bjums, ko pab\u012bdot atkl\u0101jas apak\u0161\u0101 nosl\u0113pto nodal\u012bjumu. \u00a0Balti, dobi \u0137ie\u0123e\u013ca veida kauli sl\u0113pj tre\u0161o nodal\u012bjumu, un tos var viegli iz\u0146emt, lai ieg\u016btu gardos k\u0101rumus! \u0160\u012b puzle ir ide\u0101li piem\u0113rota kuc\u0113niem, kuri jau ir apguvu\u0161i Nina Ottosson 1. l\u012bme\u0146a sp\u0113les. Izgatavots no iztur\u012bg\u0101m plastmasas deta\u013c\u0101m un p\u0101rtikai dro\u0161iem materi\u0101liem, kas nesatur BPA, PVC un ftal\u0101tus. Mazg\u0101t ar rok\u0101m, izmantojot ziepes un \u016bdeni.\" \/>\n<meta property=\"og:url\" content=\"https:\/\/myperfectdog.lv\/en\/product\/nina-ottosson-baribas-puzle-dog-brick\/\" \/>\n<meta property=\"og:site_name\" content=\"MyPerfectDog.lv\" \/>\n<meta property=\"article:modified_time\" content=\"2025-10-03T18:22:50+00:00\" \/>\n<meta property=\"og:image\" content=\"https:\/\/myperfectdog.lv\/wp-content\/uploads\/2022\/11\/67333_OutwardHound_NinaOttosson_DogBrick_PDP5-cac957d83a229e03dd2ff14e46f9b8e0.jpg\" \/>\n\t<meta property=\"og:image:width\" content=\"900\" \/>\n\t<meta property=\"og:image:height\" content=\"900\" \/>\n\t<meta property=\"og:image:type\" content=\"image\/jpeg\" \/>\n<meta name=\"twitter:card\" content=\"summary_large_image\" \/>\n<meta name=\"twitter:label1\" content=\"Estimated reading time\" \/>\n\t<meta name=\"twitter:data1\" content=\"3 minutes\" \/>\n<script type=\"application\/ld+json\" class=\"yoast-schema-graph\">{\"@context\":\"https:\\\/\\\/schema.org\",\"@graph\":[{\"@type\":\"WebPage\",\"@id\":\"https:\\\/\\\/myperfectdog.lv\\\/products\\\/nina-ottosson-baribas-puzle-dog-brick\\\/\",\"url\":\"https:\\\/\\\/myperfectdog.lv\\\/products\\\/nina-ottosson-baribas-puzle-dog-brick\\\/\",\"name\":\"Nina Ottosson bar\u012bbas puzle DOG BRICK | MyPerfectDog.lv\",\"isPartOf\":{\"@id\":\"https:\\\/\\\/myperfectdog.lv\\\/#website\"},\"primaryImageOfPage\":{\"@id\":\"https:\\\/\\\/myperfectdog.lv\\\/products\\\/nina-ottosson-baribas-puzle-dog-brick\\\/#primaryimage\"},\"image\":{\"@id\":\"https:\\\/\\\/myperfectdog.lv\\\/products\\\/nina-ottosson-baribas-puzle-dog-brick\\\/#primaryimage\"},\"thumbnailUrl\":\"https:\\\/\\\/myperfectdog.lv\\\/wp-content\\\/uploads\\\/2022\\\/11\\\/67333_OutwardHound_NinaOttosson_DogBrick_PDP5-cac957d83a229e03dd2ff14e46f9b8e0.jpg\",\"datePublished\":\"2022-11-25T16:28:14+00:00\",\"dateModified\":\"2025-10-03T18:22:50+00:00\",\"breadcrumb\":{\"@id\":\"https:\\\/\\\/myperfectdog.lv\\\/products\\\/nina-ottosson-baribas-puzle-dog-brick\\\/#breadcrumb\"},\"inLanguage\":\"en-GB\",\"potentialAction\":[{\"@type\":\"ReadAction\",\"target\":[\"https:\\\/\\\/myperfectdog.lv\\\/products\\\/nina-ottosson-baribas-puzle-dog-brick\\\/\"]}]},{\"@type\":\"ImageObject\",\"inLanguage\":\"en-GB\",\"@id\":\"https:\\\/\\\/myperfectdog.lv\\\/products\\\/nina-ottosson-baribas-puzle-dog-brick\\\/#primaryimage\",\"url\":\"https:\\\/\\\/myperfectdog.lv\\\/wp-content\\\/uploads\\\/2022\\\/11\\\/67333_OutwardHound_NinaOttosson_DogBrick_PDP5-cac957d83a229e03dd2ff14e46f9b8e0.jpg\",\"contentUrl\":\"https:\\\/\\\/myperfectdog.lv\\\/wp-content\\\/uploads\\\/2022\\\/11\\\/67333_OutwardHound_NinaOttosson_DogBrick_PDP5-cac957d83a229e03dd2ff14e46f9b8e0.jpg\",\"width\":900,\"height\":900},{\"@type\":\"BreadcrumbList\",\"@id\":\"https:\\\/\\\/myperfectdog.lv\\\/products\\\/nina-ottosson-baribas-puzle-dog-brick\\\/#breadcrumb\",\"itemListElement\":[{\"@type\":\"ListItem\",\"position\":1,\"name\":\"Home\",\"item\":\"https:\\\/\\\/myperfectdog.lv\\\/\"},{\"@type\":\"ListItem\",\"position\":2,\"name\":\"Internetveikals\",\"item\":\"https:\\\/\\\/myperfectdog.lv\\\/internetveikals\\\/\"},{\"@type\":\"ListItem\",\"position\":3,\"name\":\"Nina Ottosson bar\u012bbas puzle DOG BRICK\"}]},{\"@type\":\"WebSite\",\"@id\":\"https:\\\/\\\/myperfectdog.lv\\\/#website\",\"url\":\"https:\\\/\\\/myperfectdog.lv\\\/\",\"name\":\"MyPerfectDog.lv\",\"description\":\"Su\u0146u un saimnieku skola\",\"publisher\":{\"@id\":\"https:\\\/\\\/myperfectdog.lv\\\/#organization\"},\"potentialAction\":[{\"@type\":\"SearchAction\",\"target\":{\"@type\":\"EntryPoint\",\"urlTemplate\":\"https:\\\/\\\/myperfectdog.lv\\\/?s={search_term_string}\"},\"query-input\":{\"@type\":\"PropertyValueSpecification\",\"valueRequired\":true,\"valueName\":\"search_term_string\"}}],\"inLanguage\":\"en-GB\"},{\"@type\":\"Organization\",\"@id\":\"https:\\\/\\\/myperfectdog.lv\\\/#organization\",\"name\":\"Su\u0146u & saimnieku skola \\\"My Perfect Dog\\\"\",\"url\":\"https:\\\/\\\/myperfectdog.lv\\\/\",\"logo\":{\"@type\":\"ImageObject\",\"inLanguage\":\"en-GB\",\"@id\":\"https:\\\/\\\/myperfectdog.lv\\\/#\\\/schema\\\/logo\\\/image\\\/\",\"url\":\"https:\\\/\\\/myperfectdog.lv\\\/wp-content\\\/uploads\\\/2020\\\/10\\\/MyPerfectDog-New-logo_peach_plakans.png\",\"contentUrl\":\"https:\\\/\\\/myperfectdog.lv\\\/wp-content\\\/uploads\\\/2020\\\/10\\\/MyPerfectDog-New-logo_peach_plakans.png\",\"width\":1200,\"height\":636,\"caption\":\"Su\u0146u & saimnieku skola \\\"My Perfect Dog\\\"\"},\"image\":{\"@id\":\"https:\\\/\\\/myperfectdog.lv\\\/#\\\/schema\\\/logo\\\/image\\\/\"}}]}<\/script>\n<!-- \/ Yoast SEO plugin. -->","yoast_head_json":{"title":"Nina Ottosson bar\u012bbas puzle DOG BRICK | MyPerfectDog.lv","robots":{"index":"index","follow":"follow","max-snippet":"max-snippet:-1","max-image-preview":"max-image-preview:large","max-video-preview":"max-video-preview:-1"},"canonical":"https:\/\/myperfectdog.lv\/en\/product\/nina-ottosson-baribas-puzle-dog-brick\/","og_locale":"en_GB","og_type":"article","og_title":"Nina Ottosson bar\u012bbas puzle DOG BRICK | MyPerfectDog.lv","og_description":"Nina Ottosson 2. l\u012bme\u0146a bar\u012bbas puzle Dog Brick no Outward Hound \u013caus stund\u0101m ilgi nodarbin\u0101t suni un izmantot savas dabisk\u0101s med\u012bbu prasmes, lai mekl\u0113tu pasl\u0113ptos k\u0101rumus! \u0160ai rota\u013clietai ir 3 viegli aizpild\u0101mi nodal\u012bjumi, kuros pasl\u0113pt j\u016bsu su\u0146a iecien\u012bt\u0101kos k\u0101rumus un sauso bar\u012bbu. \u00a0Viegli piespie\u017eot v\u0101ci\u0146u, atveras pirmais nodal\u012bjums, ko pab\u012bdot atkl\u0101jas apak\u0161\u0101 nosl\u0113pto nodal\u012bjumu. \u00a0Balti, dobi \u0137ie\u0123e\u013ca veida kauli sl\u0113pj tre\u0161o nodal\u012bjumu, un tos var viegli iz\u0146emt, lai ieg\u016btu gardos k\u0101rumus! \u0160\u012b puzle ir ide\u0101li piem\u0113rota kuc\u0113niem, kuri jau ir apguvu\u0161i Nina Ottosson 1. l\u012bme\u0146a sp\u0113les. Izgatavots no iztur\u012bg\u0101m plastmasas deta\u013c\u0101m un p\u0101rtikai dro\u0161iem materi\u0101liem, kas nesatur BPA, PVC un ftal\u0101tus. Mazg\u0101t ar rok\u0101m, izmantojot ziepes un \u016bdeni.","og_url":"https:\/\/myperfectdog.lv\/en\/product\/nina-ottosson-baribas-puzle-dog-brick\/","og_site_name":"MyPerfectDog.lv","article_modified_time":"2025-10-03T18:22:50+00:00","og_image":[{"width":900,"height":900,"url":"https:\/\/myperfectdog.lv\/wp-content\/uploads\/2022\/11\/67333_OutwardHound_NinaOttosson_DogBrick_PDP5-cac957d83a229e03dd2ff14e46f9b8e0.jpg","type":"image\/jpeg"}],"twitter_card":"summary_large_image","twitter_misc":{"Estimated reading time":"3 minutes"},"schema":{"@context":"https:\/\/schema.org","@graph":[{"@type":"WebPage","@id":"https:\/\/myperfectdog.lv\/products\/nina-ottosson-baribas-puzle-dog-brick\/","url":"https:\/\/myperfectdog.lv\/products\/nina-ottosson-baribas-puzle-dog-brick\/","name":"Nina Ottosson bar\u012bbas puzle DOG BRICK | MyPerfectDog.lv","isPartOf":{"@id":"https:\/\/myperfectdog.lv\/#website"},"primaryImageOfPage":{"@id":"https:\/\/myperfectdog.lv\/products\/nina-ottosson-baribas-puzle-dog-brick\/#primaryimage"},"image":{"@id":"https:\/\/myperfectdog.lv\/products\/nina-ottosson-baribas-puzle-dog-brick\/#primaryimage"},"thumbnailUrl":"https:\/\/myperfectdog.lv\/wp-content\/uploads\/2022\/11\/67333_OutwardHound_NinaOttosson_DogBrick_PDP5-cac957d83a229e03dd2ff14e46f9b8e0.jpg","datePublished":"2022-11-25T16:28:14+00:00","dateModified":"2025-10-03T18:22:50+00:00","breadcrumb":{"@id":"https:\/\/myperfectdog.lv\/products\/nina-ottosson-baribas-puzle-dog-brick\/#breadcrumb"},"inLanguage":"en-GB","potentialAction":[{"@type":"ReadAction","target":["https:\/\/myperfectdog.lv\/products\/nina-ottosson-baribas-puzle-dog-brick\/"]}]},{"@type":"ImageObject","inLanguage":"en-GB","@id":"https:\/\/myperfectdog.lv\/products\/nina-ottosson-baribas-puzle-dog-brick\/#primaryimage","url":"https:\/\/myperfectdog.lv\/wp-content\/uploads\/2022\/11\/67333_OutwardHound_NinaOttosson_DogBrick_PDP5-cac957d83a229e03dd2ff14e46f9b8e0.jpg","contentUrl":"https:\/\/myperfectdog.lv\/wp-content\/uploads\/2022\/11\/67333_OutwardHound_NinaOttosson_DogBrick_PDP5-cac957d83a229e03dd2ff14e46f9b8e0.jpg","width":900,"height":900},{"@type":"BreadcrumbList","@id":"https:\/\/myperfectdog.lv\/products\/nina-ottosson-baribas-puzle-dog-brick\/#breadcrumb","itemListElement":[{"@type":"ListItem","position":1,"name":"Home","item":"https:\/\/myperfectdog.lv\/"},{"@type":"ListItem","position":2,"name":"Internetveikals","item":"https:\/\/myperfectdog.lv\/internetveikals\/"},{"@type":"ListItem","position":3,"name":"Nina Ottosson bar\u012bbas puzle DOG BRICK"}]},{"@type":"WebSite","@id":"https:\/\/myperfectdog.lv\/#website","url":"https:\/\/myperfectdog.lv\/","name":"MyPerfectDog.lv","description":"Su\u0146u un saimnieku skola","publisher":{"@id":"https:\/\/myperfectdog.lv\/#organization"},"potentialAction":[{"@type":"SearchAction","target":{"@type":"EntryPoint","urlTemplate":"https:\/\/myperfectdog.lv\/?s={search_term_string}"},"query-input":{"@type":"PropertyValueSpecification","valueRequired":true,"valueName":"search_term_string"}}],"inLanguage":"en-GB"},{"@type":"Organization","@id":"https:\/\/myperfectdog.lv\/#organization","name":"Su\u0146u & saimnieku skola \"My Perfect Dog\"","url":"https:\/\/myperfectdog.lv\/","logo":{"@type":"ImageObject","inLanguage":"en-GB","@id":"https:\/\/myperfectdog.lv\/#\/schema\/logo\/image\/","url":"https:\/\/myperfectdog.lv\/wp-content\/uploads\/2020\/10\/MyPerfectDog-New-logo_peach_plakans.png","contentUrl":"https:\/\/myperfectdog.lv\/wp-content\/uploads\/2020\/10\/MyPerfectDog-New-logo_peach_plakans.png","width":1200,"height":636,"caption":"Su\u0146u & saimnieku skola \"My Perfect Dog\""},"image":{"@id":"https:\/\/myperfectdog.lv\/#\/schema\/logo\/image\/"}}]}},"jetpack_sharing_enabled":true,"_links":{"self":[{"href":"https:\/\/myperfectdog.lv\/en\/wp-json\/wp\/v2\/product\/5854","targetHints":{"allow":["GET"]}}],"collection":[{"href":"https:\/\/myperfectdog.lv\/en\/wp-json\/wp\/v2\/product"}],"about":[{"href":"https:\/\/myperfectdog.lv\/en\/wp-json\/wp\/v2\/types\/product"}],"replies":[{"embeddable":true,"href":"https:\/\/myperfectdog.lv\/en\/wp-json\/wp\/v2\/comments?post=5854"}],"wp:featuredmedia":[{"embeddable":true,"href":"https:\/\/myperfectdog.lv\/en\/wp-json\/wp\/v2\/media\/5855"}],"wp:attachment":[{"href":"https:\/\/myperfectdog.lv\/en\/wp-json\/wp\/v2\/media?parent=5854"}],"wp:term":[{"taxonomy":"product_brand","embeddable":true,"href":"https:\/\/myperfectdog.lv\/en\/wp-json\/wp\/v2\/product_brand?post=5854"},{"taxonomy":"product_cat","embeddable":true,"href":"https:\/\/myperfectdog.lv\/en\/wp-json\/wp\/v2\/product_cat?post=5854"},{"taxonomy":"product_tag","embeddable":true,"href":"https:\/\/myperfectdog.lv\/en\/wp-json\/wp\/v2\/product_tag?post=5854"}],"curies":[{"name":"wp","href":"https:\/\/api.w.org\/{rel}","templated":true}]}}