{"id":5861,"date":"2022-11-25T18:33:32","date_gmt":"2022-11-25T16:33:32","guid":{"rendered":"https:\/\/myperfectdog.lv\/?post_type=product&#038;p=5861"},"modified":"2026-04-23T14:53:33","modified_gmt":"2026-04-23T12:53:33","slug":"petstages-suna-koslajama-rotallieta-kauls-chick-a-bone","status":"publish","type":"product","link":"https:\/\/myperfectdog.lv\/en\/product\/petstages-suna-koslajama-rotallieta-kauls-chick-a-bone\/","title":{"rendered":"Petstages su\u0146a ko\u0161\u013c\u0101jam\u0101 rota\u013clieta-kauls CHICK A BONE"},"content":{"rendered":"<ul>\n<li><b>IZTUR\u012aGS ALTERNAT\u012aVS VISTAS KAULS: <\/b>m\u016bsu ko\u0161\u013c\u0101jam\u0101 su\u0146a rota\u013clieta <b>Chick-A-Bone<\/b> ir dab\u012bgu kaulu miltu un \u012bstas vistas gar\u0161as mais\u012bjums, kas ir dro\u0161a vistas kaula alternat\u012bva!<\/li>\n<li><b>NESADAL\u0100S UN NESA\u0160\u0136E\u013bAS:<\/b> at\u0161\u0137ir\u012bb\u0101 no \u012bstiem kauliem, <b>Chick-A-Bone <\/b>ko\u0161\u013c\u0101jam\u0101s rota\u013clietas ir izgatavotas no dab\u012bga kaula un sint\u0113tiska materi\u0101la mais\u012bjuma, lai palielin\u0101tu iztur\u012bbu, lai t\u0101s nesadal\u012btos vai nesa\u0161\u0137eltos.<\/li>\n<li><b>VEICINA POZIT\u012aVU KO\u0160\u013b\u0100\u0160ANAS UZVED\u012aBU: <\/b>\u0161\u012b ko\u0161\u013c\u0101jam\u0101 rota\u013clieta ar vistas gar\u0161u stund\u0101m ilgi nodarbin\u0101s j\u016bsu suni, pal\u012bdzot nov\u0113rst destrukt\u012bvu uzved\u012bbu.<\/li>\n<li><b>JAUTR\u012aBAI IEK\u0160\u0100 UN \u0100R\u0100: <\/b>alternat\u012bv\u0101s ko\u0161\u013c\u0101jam\u0101s rota\u013clietas <b>Chick-A-Bone<\/b> dizains padara to par lieliski piem\u0113rotu ar\u012b izklaidei \u0101r\u0101! Pieejami 4 da\u017e\u0101di izm\u0113ri, lai der\u0113tu visiem su\u0146iem.<\/li>\n<li><b>DRO\u0160\u0100M ROTA\u013b\u0100M: <\/b>neviena rota\u013clieta nav neizn\u012bcin\u0101ma. Neatst\u0101jiet rota\u013clietas ar m\u0101jdz\u012bvniekiem bez uzraudz\u012bbas. No\u0146emiet un nomainiet rota\u013clietu, ja t\u0101 ir boj\u0101ta.<\/li>\n<\/ul>\n<p><b><span class=\"moze-large\">Dro\u0161a alternat\u012bva kaula grau\u0161anai!<\/span><\/b><\/p>\n<p>Ra\u017eots \u0136\u012bn\u0101.<\/p>\n<p><img loading=\"lazy\" decoding=\"async\" class=\"\" src=\"https:\/\/site-984271.mozfiles.com\/files\/984271\/Petstages.png?1666683464\" width=\"208\" height=\"71\" \/><\/p>\n<p><b>Uzzini vair\u0101k par Chick A Bone ko\u0161\u013c\u0101jamo rota\u013clietu:<\/b><\/p>\n<p>DRO\u0160\u012aBA UN KOP\u0160ANA: Petstages ko\u0161\u013c\u0101jam\u0101s rota\u013clietas nav \u0113damas un ir paredz\u0113tas tikai su\u0146iem. T\u0101pat k\u0101 ar jebkuru ko\u0161\u013c\u0101jamo rota\u013clietu, m\u0113s vienm\u0113r iesak\u0101m uzraudz\u012bt, k\u0101 j\u016bsu suns lieto, un p\u0113c sapr\u0101t\u012bga nolietojuma nomain\u012bt to, jo neviena rota\u013clieta nav neizn\u012bcin\u0101ma. No\u0146emiet to, ja p\u0101rm\u0113r\u012bgi nolietota vai atkosti gabali, kas ir liel\u0101ki par r\u012bsu graudu. Ziniet sava su\u0146a ko\u0161\u013c\u0101\u0161anas ieradumus un zobu stiprumu, j\u016bsu m\u012blu\u013ca dro\u0161\u012bba ir j\u016bsu pien\u0101kums. Lai ieg\u016btu papildu inform\u0101ciju par dro\u0161\u012bbu, l\u016bdzu, apmekl\u0113jiet m\u016bsu Petstages dro\u0161\u012bbas lapu, lai p\u0101rskat\u012btu m\u016bsu ieteiktos &#8220;10 ko\u0161\u013c\u0101\u0161anas bau\u0161\u013cus&#8221;.<\/p>\n<ul>\n<li>XS izm\u0113rs: garums 7,62 cm, platums 2,54 cm.<\/li>\n<li>S izm\u0113rs: garums 12,1 cm, platums 3,81 cm..<\/li>\n<li>M izm\u0113rs: garums 17,15 cm, platums 4 cm.<\/li>\n<li><span style=\"color: #676767;\">L izm\u0113rs:\u00a0<\/span>garums 20,8 cm, platums 4,7 cm.<\/li>\n<li>Materi\u0101ls: kaulu miltu mais\u012bjums.<\/li>\n<\/ul>","protected":false},"excerpt":{"rendered":"<p><b><span class=\"moze-large\">Petstages Chick-a-Bone<\/span><\/b><span class=\"moze-large\"> pied\u0101v\u0101 dro\u0161u un vesel\u012bgu alternat\u012bvu \u012bstu kaulu ko\u0161\u013c\u0101\u0161anai, kas var sadal\u012bties un \u0161\u0137elties un k\u013c\u016bt b\u012bstami agres\u012bviem ko\u0161\u013c\u0101t\u0101jiem. \u0160ai iztur\u012bgajai su\u0146u ko\u0161\u013c\u0101jamajai rota\u013clietai ir \u012bstas vistas gar\u0161a, ta\u010du t\u0101 ir izgatavota no dab\u012bga kaula un sint\u0113tiska materi\u0101lu mais\u012bjuma, kas nesatur svinu vai ftal\u0101tus. \u0160\u012b kaula ko\u0161\u013c\u0101jam\u0101 rota\u013clieta ir lielisks veids, k\u0101 veicin\u0101t pareizus ko\u0161\u013c\u0101\u0161anas paradumus tad, kad jums nav laika sp\u0113l\u0113ties. \u00a0Var izmantot ar\u012b \u0101rpus telp\u0101m. Pieejami 4 da\u017e\u0101di izm\u0113ri, lai der\u0113tu visu \u0161\u0137ir\u0146u su\u0146iem.<\/span><\/p>","protected":false},"featured_media":5866,"comment_status":"closed","ping_status":"closed","template":"","meta":[],"product_brand":[],"product_cat":[41],"product_tag":[],"class_list":{"0":"post-5861","1":"product","2":"type-product","3":"status-publish","4":"has-post-thumbnail","6":"product_cat-speles-suniem","8":"first","9":"instock","10":"taxable","11":"shipping-taxable","12":"purchasable","13":"product-type-variable"},"yoast_head":"<!-- This site is optimized with the Yoast SEO plugin v27.5 - https:\/\/yoast.com\/product\/yoast-seo-wordpress\/ -->\n<title>Petstages su\u0146a ko\u0161\u013c\u0101jam\u0101 rota\u013clieta-kauls CHICK A BONE | MyPerfectDog.lv<\/title>\n<meta name=\"robots\" content=\"index, follow, max-snippet:-1, max-image-preview:large, max-video-preview:-1\" \/>\n<link rel=\"canonical\" href=\"https:\/\/myperfectdog.lv\/en\/product\/petstages-suna-koslajama-rotallieta-kauls-chick-a-bone\/\" \/>\n<meta property=\"og:locale\" content=\"en_GB\" \/>\n<meta property=\"og:type\" content=\"article\" \/>\n<meta property=\"og:title\" content=\"Petstages su\u0146a ko\u0161\u013c\u0101jam\u0101 rota\u013clieta-kauls CHICK A BONE | MyPerfectDog.lv\" \/>\n<meta property=\"og:description\" content=\"Petstages Chick-a-Bone pied\u0101v\u0101 dro\u0161u un vesel\u012bgu alternat\u012bvu \u012bstu kaulu ko\u0161\u013c\u0101\u0161anai, kas var sadal\u012bties un \u0161\u0137elties un k\u013c\u016bt b\u012bstami agres\u012bviem ko\u0161\u013c\u0101t\u0101jiem. \u0160ai iztur\u012bgajai su\u0146u ko\u0161\u013c\u0101jamajai rota\u013clietai ir \u012bstas vistas gar\u0161a, ta\u010du t\u0101 ir izgatavota no dab\u012bga kaula un sint\u0113tiska materi\u0101lu mais\u012bjuma, kas nesatur svinu vai ftal\u0101tus. \u0160\u012b kaula ko\u0161\u013c\u0101jam\u0101 rota\u013clieta ir lielisks veids, k\u0101 veicin\u0101t pareizus ko\u0161\u013c\u0101\u0161anas paradumus tad, kad jums nav laika sp\u0113l\u0113ties. \u00a0Var izmantot ar\u012b \u0101rpus telp\u0101m. Pieejami 4 da\u017e\u0101di izm\u0113ri, lai der\u0113tu visu \u0161\u0137ir\u0146u su\u0146iem.\" \/>\n<meta property=\"og:url\" content=\"https:\/\/myperfectdog.lv\/en\/product\/petstages-suna-koslajama-rotallieta-kauls-chick-a-bone\/\" \/>\n<meta property=\"og:site_name\" content=\"MyPerfectDog.lv\" \/>\n<meta property=\"article:modified_time\" content=\"2026-04-23T12:53:33+00:00\" \/>\n<meta property=\"og:image\" content=\"https:\/\/myperfectdog.lv\/wp-content\/uploads\/2022\/11\/67340_Petstages_ChickABone_SM_EC_970-600_copy-c4d71a68a90d70be877fea86c3df0941.jpg\" \/>\n\t<meta property=\"og:image:width\" content=\"622\" \/>\n\t<meta property=\"og:image:height\" content=\"587\" \/>\n\t<meta property=\"og:image:type\" content=\"image\/jpeg\" \/>\n<meta name=\"twitter:card\" content=\"summary_large_image\" \/>\n<meta name=\"twitter:label1\" content=\"Estimated reading time\" \/>\n\t<meta name=\"twitter:data1\" content=\"2 minutes\" \/>\n<script type=\"application\/ld+json\" class=\"yoast-schema-graph\">{\"@context\":\"https:\\\/\\\/schema.org\",\"@graph\":[{\"@type\":\"WebPage\",\"@id\":\"https:\\\/\\\/myperfectdog.lv\\\/products\\\/petstages-suna-koslajama-rotallieta-kauls-chick-a-bone\\\/\",\"url\":\"https:\\\/\\\/myperfectdog.lv\\\/products\\\/petstages-suna-koslajama-rotallieta-kauls-chick-a-bone\\\/\",\"name\":\"Petstages su\u0146a ko\u0161\u013c\u0101jam\u0101 rota\u013clieta-kauls CHICK A BONE | MyPerfectDog.lv\",\"isPartOf\":{\"@id\":\"https:\\\/\\\/myperfectdog.lv\\\/#website\"},\"primaryImageOfPage\":{\"@id\":\"https:\\\/\\\/myperfectdog.lv\\\/products\\\/petstages-suna-koslajama-rotallieta-kauls-chick-a-bone\\\/#primaryimage\"},\"image\":{\"@id\":\"https:\\\/\\\/myperfectdog.lv\\\/products\\\/petstages-suna-koslajama-rotallieta-kauls-chick-a-bone\\\/#primaryimage\"},\"thumbnailUrl\":\"https:\\\/\\\/myperfectdog.lv\\\/wp-content\\\/uploads\\\/2022\\\/11\\\/67340_Petstages_ChickABone_SM_EC_970-600_copy-c4d71a68a90d70be877fea86c3df0941.jpg\",\"datePublished\":\"2022-11-25T16:33:32+00:00\",\"dateModified\":\"2026-04-23T12:53:33+00:00\",\"breadcrumb\":{\"@id\":\"https:\\\/\\\/myperfectdog.lv\\\/products\\\/petstages-suna-koslajama-rotallieta-kauls-chick-a-bone\\\/#breadcrumb\"},\"inLanguage\":\"en-GB\",\"potentialAction\":[{\"@type\":\"ReadAction\",\"target\":[\"https:\\\/\\\/myperfectdog.lv\\\/products\\\/petstages-suna-koslajama-rotallieta-kauls-chick-a-bone\\\/\"]}]},{\"@type\":\"ImageObject\",\"inLanguage\":\"en-GB\",\"@id\":\"https:\\\/\\\/myperfectdog.lv\\\/products\\\/petstages-suna-koslajama-rotallieta-kauls-chick-a-bone\\\/#primaryimage\",\"url\":\"https:\\\/\\\/myperfectdog.lv\\\/wp-content\\\/uploads\\\/2022\\\/11\\\/67340_Petstages_ChickABone_SM_EC_970-600_copy-c4d71a68a90d70be877fea86c3df0941.jpg\",\"contentUrl\":\"https:\\\/\\\/myperfectdog.lv\\\/wp-content\\\/uploads\\\/2022\\\/11\\\/67340_Petstages_ChickABone_SM_EC_970-600_copy-c4d71a68a90d70be877fea86c3df0941.jpg\",\"width\":622,\"height\":587},{\"@type\":\"BreadcrumbList\",\"@id\":\"https:\\\/\\\/myperfectdog.lv\\\/products\\\/petstages-suna-koslajama-rotallieta-kauls-chick-a-bone\\\/#breadcrumb\",\"itemListElement\":[{\"@type\":\"ListItem\",\"position\":1,\"name\":\"Home\",\"item\":\"https:\\\/\\\/myperfectdog.lv\\\/\"},{\"@type\":\"ListItem\",\"position\":2,\"name\":\"Internetveikals\",\"item\":\"https:\\\/\\\/myperfectdog.lv\\\/internetveikals\\\/\"},{\"@type\":\"ListItem\",\"position\":3,\"name\":\"Petstages su\u0146a ko\u0161\u013c\u0101jam\u0101 rota\u013clieta-kauls CHICK A BONE\"}]},{\"@type\":\"WebSite\",\"@id\":\"https:\\\/\\\/myperfectdog.lv\\\/#website\",\"url\":\"https:\\\/\\\/myperfectdog.lv\\\/\",\"name\":\"MyPerfectDog.lv\",\"description\":\"Su\u0146u un saimnieku skola\",\"publisher\":{\"@id\":\"https:\\\/\\\/myperfectdog.lv\\\/#organization\"},\"potentialAction\":[{\"@type\":\"SearchAction\",\"target\":{\"@type\":\"EntryPoint\",\"urlTemplate\":\"https:\\\/\\\/myperfectdog.lv\\\/?s={search_term_string}\"},\"query-input\":{\"@type\":\"PropertyValueSpecification\",\"valueRequired\":true,\"valueName\":\"search_term_string\"}}],\"inLanguage\":\"en-GB\"},{\"@type\":\"Organization\",\"@id\":\"https:\\\/\\\/myperfectdog.lv\\\/#organization\",\"name\":\"Su\u0146u & saimnieku skola \\\"My Perfect Dog\\\"\",\"url\":\"https:\\\/\\\/myperfectdog.lv\\\/\",\"logo\":{\"@type\":\"ImageObject\",\"inLanguage\":\"en-GB\",\"@id\":\"https:\\\/\\\/myperfectdog.lv\\\/#\\\/schema\\\/logo\\\/image\\\/\",\"url\":\"https:\\\/\\\/myperfectdog.lv\\\/wp-content\\\/uploads\\\/2020\\\/10\\\/MyPerfectDog-New-logo_peach_plakans.png\",\"contentUrl\":\"https:\\\/\\\/myperfectdog.lv\\\/wp-content\\\/uploads\\\/2020\\\/10\\\/MyPerfectDog-New-logo_peach_plakans.png\",\"width\":1200,\"height\":636,\"caption\":\"Su\u0146u & saimnieku skola \\\"My Perfect Dog\\\"\"},\"image\":{\"@id\":\"https:\\\/\\\/myperfectdog.lv\\\/#\\\/schema\\\/logo\\\/image\\\/\"}}]}<\/script>\n<!-- \/ Yoast SEO plugin. -->","yoast_head_json":{"title":"Petstages su\u0146a ko\u0161\u013c\u0101jam\u0101 rota\u013clieta-kauls CHICK A BONE | MyPerfectDog.lv","robots":{"index":"index","follow":"follow","max-snippet":"max-snippet:-1","max-image-preview":"max-image-preview:large","max-video-preview":"max-video-preview:-1"},"canonical":"https:\/\/myperfectdog.lv\/en\/product\/petstages-suna-koslajama-rotallieta-kauls-chick-a-bone\/","og_locale":"en_GB","og_type":"article","og_title":"Petstages su\u0146a ko\u0161\u013c\u0101jam\u0101 rota\u013clieta-kauls CHICK A BONE | MyPerfectDog.lv","og_description":"Petstages Chick-a-Bone pied\u0101v\u0101 dro\u0161u un vesel\u012bgu alternat\u012bvu \u012bstu kaulu ko\u0161\u013c\u0101\u0161anai, kas var sadal\u012bties un \u0161\u0137elties un k\u013c\u016bt b\u012bstami agres\u012bviem ko\u0161\u013c\u0101t\u0101jiem. \u0160ai iztur\u012bgajai su\u0146u ko\u0161\u013c\u0101jamajai rota\u013clietai ir \u012bstas vistas gar\u0161a, ta\u010du t\u0101 ir izgatavota no dab\u012bga kaula un sint\u0113tiska materi\u0101lu mais\u012bjuma, kas nesatur svinu vai ftal\u0101tus. \u0160\u012b kaula ko\u0161\u013c\u0101jam\u0101 rota\u013clieta ir lielisks veids, k\u0101 veicin\u0101t pareizus ko\u0161\u013c\u0101\u0161anas paradumus tad, kad jums nav laika sp\u0113l\u0113ties. \u00a0Var izmantot ar\u012b \u0101rpus telp\u0101m. Pieejami 4 da\u017e\u0101di izm\u0113ri, lai der\u0113tu visu \u0161\u0137ir\u0146u su\u0146iem.","og_url":"https:\/\/myperfectdog.lv\/en\/product\/petstages-suna-koslajama-rotallieta-kauls-chick-a-bone\/","og_site_name":"MyPerfectDog.lv","article_modified_time":"2026-04-23T12:53:33+00:00","og_image":[{"width":622,"height":587,"url":"https:\/\/myperfectdog.lv\/wp-content\/uploads\/2022\/11\/67340_Petstages_ChickABone_SM_EC_970-600_copy-c4d71a68a90d70be877fea86c3df0941.jpg","type":"image\/jpeg"}],"twitter_card":"summary_large_image","twitter_misc":{"Estimated reading time":"2 minutes"},"schema":{"@context":"https:\/\/schema.org","@graph":[{"@type":"WebPage","@id":"https:\/\/myperfectdog.lv\/products\/petstages-suna-koslajama-rotallieta-kauls-chick-a-bone\/","url":"https:\/\/myperfectdog.lv\/products\/petstages-suna-koslajama-rotallieta-kauls-chick-a-bone\/","name":"Petstages su\u0146a ko\u0161\u013c\u0101jam\u0101 rota\u013clieta-kauls CHICK A BONE | MyPerfectDog.lv","isPartOf":{"@id":"https:\/\/myperfectdog.lv\/#website"},"primaryImageOfPage":{"@id":"https:\/\/myperfectdog.lv\/products\/petstages-suna-koslajama-rotallieta-kauls-chick-a-bone\/#primaryimage"},"image":{"@id":"https:\/\/myperfectdog.lv\/products\/petstages-suna-koslajama-rotallieta-kauls-chick-a-bone\/#primaryimage"},"thumbnailUrl":"https:\/\/myperfectdog.lv\/wp-content\/uploads\/2022\/11\/67340_Petstages_ChickABone_SM_EC_970-600_copy-c4d71a68a90d70be877fea86c3df0941.jpg","datePublished":"2022-11-25T16:33:32+00:00","dateModified":"2026-04-23T12:53:33+00:00","breadcrumb":{"@id":"https:\/\/myperfectdog.lv\/products\/petstages-suna-koslajama-rotallieta-kauls-chick-a-bone\/#breadcrumb"},"inLanguage":"en-GB","potentialAction":[{"@type":"ReadAction","target":["https:\/\/myperfectdog.lv\/products\/petstages-suna-koslajama-rotallieta-kauls-chick-a-bone\/"]}]},{"@type":"ImageObject","inLanguage":"en-GB","@id":"https:\/\/myperfectdog.lv\/products\/petstages-suna-koslajama-rotallieta-kauls-chick-a-bone\/#primaryimage","url":"https:\/\/myperfectdog.lv\/wp-content\/uploads\/2022\/11\/67340_Petstages_ChickABone_SM_EC_970-600_copy-c4d71a68a90d70be877fea86c3df0941.jpg","contentUrl":"https:\/\/myperfectdog.lv\/wp-content\/uploads\/2022\/11\/67340_Petstages_ChickABone_SM_EC_970-600_copy-c4d71a68a90d70be877fea86c3df0941.jpg","width":622,"height":587},{"@type":"BreadcrumbList","@id":"https:\/\/myperfectdog.lv\/products\/petstages-suna-koslajama-rotallieta-kauls-chick-a-bone\/#breadcrumb","itemListElement":[{"@type":"ListItem","position":1,"name":"Home","item":"https:\/\/myperfectdog.lv\/"},{"@type":"ListItem","position":2,"name":"Internetveikals","item":"https:\/\/myperfectdog.lv\/internetveikals\/"},{"@type":"ListItem","position":3,"name":"Petstages su\u0146a ko\u0161\u013c\u0101jam\u0101 rota\u013clieta-kauls CHICK A BONE"}]},{"@type":"WebSite","@id":"https:\/\/myperfectdog.lv\/#website","url":"https:\/\/myperfectdog.lv\/","name":"MyPerfectDog.lv","description":"Su\u0146u un saimnieku skola","publisher":{"@id":"https:\/\/myperfectdog.lv\/#organization"},"potentialAction":[{"@type":"SearchAction","target":{"@type":"EntryPoint","urlTemplate":"https:\/\/myperfectdog.lv\/?s={search_term_string}"},"query-input":{"@type":"PropertyValueSpecification","valueRequired":true,"valueName":"search_term_string"}}],"inLanguage":"en-GB"},{"@type":"Organization","@id":"https:\/\/myperfectdog.lv\/#organization","name":"Su\u0146u & saimnieku skola \"My Perfect Dog\"","url":"https:\/\/myperfectdog.lv\/","logo":{"@type":"ImageObject","inLanguage":"en-GB","@id":"https:\/\/myperfectdog.lv\/#\/schema\/logo\/image\/","url":"https:\/\/myperfectdog.lv\/wp-content\/uploads\/2020\/10\/MyPerfectDog-New-logo_peach_plakans.png","contentUrl":"https:\/\/myperfectdog.lv\/wp-content\/uploads\/2020\/10\/MyPerfectDog-New-logo_peach_plakans.png","width":1200,"height":636,"caption":"Su\u0146u & saimnieku skola \"My Perfect Dog\""},"image":{"@id":"https:\/\/myperfectdog.lv\/#\/schema\/logo\/image\/"}}]}},"jetpack_sharing_enabled":true,"_links":{"self":[{"href":"https:\/\/myperfectdog.lv\/en\/wp-json\/wp\/v2\/product\/5861","targetHints":{"allow":["GET"]}}],"collection":[{"href":"https:\/\/myperfectdog.lv\/en\/wp-json\/wp\/v2\/product"}],"about":[{"href":"https:\/\/myperfectdog.lv\/en\/wp-json\/wp\/v2\/types\/product"}],"replies":[{"embeddable":true,"href":"https:\/\/myperfectdog.lv\/en\/wp-json\/wp\/v2\/comments?post=5861"}],"wp:featuredmedia":[{"embeddable":true,"href":"https:\/\/myperfectdog.lv\/en\/wp-json\/wp\/v2\/media\/5866"}],"wp:attachment":[{"href":"https:\/\/myperfectdog.lv\/en\/wp-json\/wp\/v2\/media?parent=5861"}],"wp:term":[{"taxonomy":"product_brand","embeddable":true,"href":"https:\/\/myperfectdog.lv\/en\/wp-json\/wp\/v2\/product_brand?post=5861"},{"taxonomy":"product_cat","embeddable":true,"href":"https:\/\/myperfectdog.lv\/en\/wp-json\/wp\/v2\/product_cat?post=5861"},{"taxonomy":"product_tag","embeddable":true,"href":"https:\/\/myperfectdog.lv\/en\/wp-json\/wp\/v2\/product_tag?post=5861"}],"curies":[{"name":"wp","href":"https:\/\/api.w.org\/{rel}","templated":true}]}}