{"id":5889,"date":"2022-12-11T17:57:48","date_gmt":"2022-12-11T15:57:48","guid":{"rendered":"https:\/\/myperfectdog.lv\/?post_type=product&#038;p=5889"},"modified":"2025-11-14T11:02:38","modified_gmt":"2025-11-14T09:02:38","slug":"tava-suna-ilustracija-termopudele-ar-apdruku","status":"publish","type":"product","link":"https:\/\/myperfectdog.lv\/en\/product\/tava-suna-ilustracija-termopudele-ar-apdruku\/","title":{"rendered":"TAVA SU\u0145A ILUSTR\u0100CIJA + termopudele ar apdruku BONUS\u0100!"},"content":{"rendered":"<p dir=\"auto\">Ilustr\u0101ciju z\u012bm\u0113s: &#8220;Beatrise design&#8221;.<\/p>\n<p dir=\"auto\">Ieg\u0101d\u0101joties ilustr\u0101cijas izveidi, Tev b\u016bs j\u0101ies\u016bta 2-3 sava su\u0146a \/ su\u0146u bildes, p\u0113c kur\u0101m m\u0101ksliniece uzz\u012bm\u0113s Tavu suni \/ su\u0146us.<\/p>\n<p dir=\"auto\">To nos\u016bt\u012bsim Tev pdf drukas faila form\u0101t\u0101, k\u0101 ar\u012b jpg, png form\u0101t\u0101 ar un bez fona.<\/p>\n<p dir=\"auto\">Bonus\u0101 sa\u0146emsi temopudeli ar Tavu su\u0146u apdruku! Vai nav lieliski?! :)))<\/p>\n<p dir=\"auto\"><em>Termopudeles tehnisk\u0101 inform\u0101cija:<\/em><\/p>\n<p dir=\"auto\">Dubultsienu ner\u016bs\u0113jo\u0161\u0101 t\u0113rauda pudele ar skr\u016bv\u0113jamu bambusa v\u0101ku un p\u0101rn\u0113s\u0101\u0161anas rokturi. Dz\u0113rienu siltu\/aukstu uztur\u0113s l\u012bdz 5h.<\/p>\n<p dir=\"auto\"><span style=\"font-family: wfont_3dc1be_30ce4e1d1c0744e1ab1b593fb8b9bbdb, wf_30ce4e1d1c0744e1ab1b593fb, orig_poppins;\">Tilpums: 500 ml.<\/span><\/p>\n<p dir=\"auto\">\u00a0\u00d87 X 21 cm<\/p>","protected":false},"excerpt":{"rendered":"<p>M\u0113s zin\u0101m, k\u0101 noteikt, ka esi sava su\u0146a visliel\u0101kais fans! \ud83d\ude42<\/p>\n<p>Tu noteikti grib\u0113si ieg\u0101d\u0101ties un p\u0113c tam druk\u0101t, kur vien sak\u0101rojas, <strong>SAVA SU\u0145A ILUSTR\u0100CIJU!<\/strong><\/p>\n<p>Druk\u0101 savu su\u0146u ilustr\u0101ciju uz d\u017eempera, kr\u016bzes, telefona v\u0101ci\u0146a, uzl\u012bmju form\u0101 un daudz, kur citur! :))<\/p>\n<p>Un vai zini, kas ir pats lab\u0101kais? <strong>BONUS\u0100<\/strong> Tu sa\u0146emsi ar Tava su\u0146a ilustr\u0101ciju apdruk\u0101tu termopudeli! \ud83d\ude42<\/p>\n<p>&nbsp;<\/p>","protected":false},"featured_media":6314,"comment_status":"closed","ping_status":"closed","template":"","meta":[],"product_brand":[],"product_cat":[47],"product_tag":[],"class_list":{"0":"post-5889","1":"product","2":"type-product","3":"status-publish","4":"has-post-thumbnail","6":"product_cat-pastaigu-aprikojums","8":"first","9":"instock","10":"taxable","11":"shipping-taxable","12":"purchasable","13":"product-type-simple"},"yoast_head":"<!-- This site is optimized with the Yoast SEO plugin v27.5 - https:\/\/yoast.com\/product\/yoast-seo-wordpress\/ -->\n<title>TAVA SU\u0145A ILUSTR\u0100CIJA + termopudele ar apdruku BONUS\u0100! | MyPerfectDog.lv<\/title>\n<meta name=\"robots\" content=\"index, follow, max-snippet:-1, max-image-preview:large, max-video-preview:-1\" \/>\n<link rel=\"canonical\" href=\"https:\/\/myperfectdog.lv\/en\/product\/tava-suna-ilustracija-termopudele-ar-apdruku\/\" \/>\n<meta property=\"og:locale\" content=\"en_GB\" \/>\n<meta property=\"og:type\" content=\"article\" \/>\n<meta property=\"og:title\" content=\"TAVA SU\u0145A ILUSTR\u0100CIJA + termopudele ar apdruku BONUS\u0100! | MyPerfectDog.lv\" \/>\n<meta property=\"og:description\" content=\"M\u0113s zin\u0101m, k\u0101 noteikt, ka esi sava su\u0146a visliel\u0101kais fans! :)  Tu noteikti grib\u0113si ieg\u0101d\u0101ties un p\u0113c tam druk\u0101t, kur vien sak\u0101rojas, SAVA SU\u0145A ILUSTR\u0100CIJU!  Druk\u0101 savu su\u0146u ilustr\u0101ciju uz d\u017eempera, kr\u016bzes, telefona v\u0101ci\u0146a, uzl\u012bmju form\u0101 un daudz, kur citur! :))  Un vai zini, kas ir pats lab\u0101kais? BONUS\u0100 Tu sa\u0146emsi ar Tava su\u0146a ilustr\u0101ciju apdruk\u0101tu termopudeli! :)  &nbsp;\" \/>\n<meta property=\"og:url\" content=\"https:\/\/myperfectdog.lv\/en\/product\/tava-suna-ilustracija-termopudele-ar-apdruku\/\" \/>\n<meta property=\"og:site_name\" content=\"MyPerfectDog.lv\" \/>\n<meta property=\"article:modified_time\" content=\"2025-11-14T09:02:38+00:00\" \/>\n<meta property=\"og:image\" content=\"https:\/\/myperfectdog.lv\/wp-content\/uploads\/2022\/12\/Fashion-and-Lifestyle-Mood-Board-Instagram-Story-Template-3.png\" \/>\n\t<meta property=\"og:image:width\" content=\"1080\" \/>\n\t<meta property=\"og:image:height\" content=\"1920\" \/>\n\t<meta property=\"og:image:type\" content=\"image\/png\" \/>\n<meta name=\"twitter:card\" content=\"summary_large_image\" \/>\n<meta name=\"twitter:label1\" content=\"Estimated reading time\" \/>\n\t<meta name=\"twitter:data1\" content=\"1 minute\" \/>\n<script type=\"application\/ld+json\" class=\"yoast-schema-graph\">{\"@context\":\"https:\\\/\\\/schema.org\",\"@graph\":[{\"@type\":\"WebPage\",\"@id\":\"https:\\\/\\\/myperfectdog.lv\\\/products\\\/tava-suna-ilustracija-termopudele-ar-apdruku\\\/\",\"url\":\"https:\\\/\\\/myperfectdog.lv\\\/products\\\/tava-suna-ilustracija-termopudele-ar-apdruku\\\/\",\"name\":\"TAVA SU\u0145A ILUSTR\u0100CIJA + termopudele ar apdruku BONUS\u0100! | MyPerfectDog.lv\",\"isPartOf\":{\"@id\":\"https:\\\/\\\/myperfectdog.lv\\\/#website\"},\"primaryImageOfPage\":{\"@id\":\"https:\\\/\\\/myperfectdog.lv\\\/products\\\/tava-suna-ilustracija-termopudele-ar-apdruku\\\/#primaryimage\"},\"image\":{\"@id\":\"https:\\\/\\\/myperfectdog.lv\\\/products\\\/tava-suna-ilustracija-termopudele-ar-apdruku\\\/#primaryimage\"},\"thumbnailUrl\":\"https:\\\/\\\/myperfectdog.lv\\\/wp-content\\\/uploads\\\/2022\\\/12\\\/Fashion-and-Lifestyle-Mood-Board-Instagram-Story-Template-3.png\",\"datePublished\":\"2022-12-11T15:57:48+00:00\",\"dateModified\":\"2025-11-14T09:02:38+00:00\",\"breadcrumb\":{\"@id\":\"https:\\\/\\\/myperfectdog.lv\\\/products\\\/tava-suna-ilustracija-termopudele-ar-apdruku\\\/#breadcrumb\"},\"inLanguage\":\"en-GB\",\"potentialAction\":[{\"@type\":\"ReadAction\",\"target\":[\"https:\\\/\\\/myperfectdog.lv\\\/products\\\/tava-suna-ilustracija-termopudele-ar-apdruku\\\/\"]}]},{\"@type\":\"ImageObject\",\"inLanguage\":\"en-GB\",\"@id\":\"https:\\\/\\\/myperfectdog.lv\\\/products\\\/tava-suna-ilustracija-termopudele-ar-apdruku\\\/#primaryimage\",\"url\":\"https:\\\/\\\/myperfectdog.lv\\\/wp-content\\\/uploads\\\/2022\\\/12\\\/Fashion-and-Lifestyle-Mood-Board-Instagram-Story-Template-3.png\",\"contentUrl\":\"https:\\\/\\\/myperfectdog.lv\\\/wp-content\\\/uploads\\\/2022\\\/12\\\/Fashion-and-Lifestyle-Mood-Board-Instagram-Story-Template-3.png\",\"width\":1080,\"height\":1920},{\"@type\":\"BreadcrumbList\",\"@id\":\"https:\\\/\\\/myperfectdog.lv\\\/products\\\/tava-suna-ilustracija-termopudele-ar-apdruku\\\/#breadcrumb\",\"itemListElement\":[{\"@type\":\"ListItem\",\"position\":1,\"name\":\"Home\",\"item\":\"https:\\\/\\\/myperfectdog.lv\\\/\"},{\"@type\":\"ListItem\",\"position\":2,\"name\":\"Internetveikals\",\"item\":\"https:\\\/\\\/myperfectdog.lv\\\/internetveikals\\\/\"},{\"@type\":\"ListItem\",\"position\":3,\"name\":\"TAVA SU\u0145A ILUSTR\u0100CIJA + termopudele ar apdruku BONUS\u0100!\"}]},{\"@type\":\"WebSite\",\"@id\":\"https:\\\/\\\/myperfectdog.lv\\\/#website\",\"url\":\"https:\\\/\\\/myperfectdog.lv\\\/\",\"name\":\"MyPerfectDog.lv\",\"description\":\"Su\u0146u un saimnieku skola\",\"publisher\":{\"@id\":\"https:\\\/\\\/myperfectdog.lv\\\/#organization\"},\"potentialAction\":[{\"@type\":\"SearchAction\",\"target\":{\"@type\":\"EntryPoint\",\"urlTemplate\":\"https:\\\/\\\/myperfectdog.lv\\\/?s={search_term_string}\"},\"query-input\":{\"@type\":\"PropertyValueSpecification\",\"valueRequired\":true,\"valueName\":\"search_term_string\"}}],\"inLanguage\":\"en-GB\"},{\"@type\":\"Organization\",\"@id\":\"https:\\\/\\\/myperfectdog.lv\\\/#organization\",\"name\":\"Su\u0146u & saimnieku skola \\\"My Perfect Dog\\\"\",\"url\":\"https:\\\/\\\/myperfectdog.lv\\\/\",\"logo\":{\"@type\":\"ImageObject\",\"inLanguage\":\"en-GB\",\"@id\":\"https:\\\/\\\/myperfectdog.lv\\\/#\\\/schema\\\/logo\\\/image\\\/\",\"url\":\"https:\\\/\\\/myperfectdog.lv\\\/wp-content\\\/uploads\\\/2020\\\/10\\\/MyPerfectDog-New-logo_peach_plakans.png\",\"contentUrl\":\"https:\\\/\\\/myperfectdog.lv\\\/wp-content\\\/uploads\\\/2020\\\/10\\\/MyPerfectDog-New-logo_peach_plakans.png\",\"width\":1200,\"height\":636,\"caption\":\"Su\u0146u & saimnieku skola \\\"My Perfect Dog\\\"\"},\"image\":{\"@id\":\"https:\\\/\\\/myperfectdog.lv\\\/#\\\/schema\\\/logo\\\/image\\\/\"}}]}<\/script>\n<!-- \/ Yoast SEO plugin. -->","yoast_head_json":{"title":"TAVA SU\u0145A ILUSTR\u0100CIJA + termopudele ar apdruku BONUS\u0100! | MyPerfectDog.lv","robots":{"index":"index","follow":"follow","max-snippet":"max-snippet:-1","max-image-preview":"max-image-preview:large","max-video-preview":"max-video-preview:-1"},"canonical":"https:\/\/myperfectdog.lv\/en\/product\/tava-suna-ilustracija-termopudele-ar-apdruku\/","og_locale":"en_GB","og_type":"article","og_title":"TAVA SU\u0145A ILUSTR\u0100CIJA + termopudele ar apdruku BONUS\u0100! | MyPerfectDog.lv","og_description":"M\u0113s zin\u0101m, k\u0101 noteikt, ka esi sava su\u0146a visliel\u0101kais fans! :)  Tu noteikti grib\u0113si ieg\u0101d\u0101ties un p\u0113c tam druk\u0101t, kur vien sak\u0101rojas, SAVA SU\u0145A ILUSTR\u0100CIJU!  Druk\u0101 savu su\u0146u ilustr\u0101ciju uz d\u017eempera, kr\u016bzes, telefona v\u0101ci\u0146a, uzl\u012bmju form\u0101 un daudz, kur citur! :))  Un vai zini, kas ir pats lab\u0101kais? BONUS\u0100 Tu sa\u0146emsi ar Tava su\u0146a ilustr\u0101ciju apdruk\u0101tu termopudeli! :)  &nbsp;","og_url":"https:\/\/myperfectdog.lv\/en\/product\/tava-suna-ilustracija-termopudele-ar-apdruku\/","og_site_name":"MyPerfectDog.lv","article_modified_time":"2025-11-14T09:02:38+00:00","og_image":[{"width":1080,"height":1920,"url":"https:\/\/myperfectdog.lv\/wp-content\/uploads\/2022\/12\/Fashion-and-Lifestyle-Mood-Board-Instagram-Story-Template-3.png","type":"image\/png"}],"twitter_card":"summary_large_image","twitter_misc":{"Estimated reading time":"1 minute"},"schema":{"@context":"https:\/\/schema.org","@graph":[{"@type":"WebPage","@id":"https:\/\/myperfectdog.lv\/products\/tava-suna-ilustracija-termopudele-ar-apdruku\/","url":"https:\/\/myperfectdog.lv\/products\/tava-suna-ilustracija-termopudele-ar-apdruku\/","name":"TAVA SU\u0145A ILUSTR\u0100CIJA + termopudele ar apdruku BONUS\u0100! | MyPerfectDog.lv","isPartOf":{"@id":"https:\/\/myperfectdog.lv\/#website"},"primaryImageOfPage":{"@id":"https:\/\/myperfectdog.lv\/products\/tava-suna-ilustracija-termopudele-ar-apdruku\/#primaryimage"},"image":{"@id":"https:\/\/myperfectdog.lv\/products\/tava-suna-ilustracija-termopudele-ar-apdruku\/#primaryimage"},"thumbnailUrl":"https:\/\/myperfectdog.lv\/wp-content\/uploads\/2022\/12\/Fashion-and-Lifestyle-Mood-Board-Instagram-Story-Template-3.png","datePublished":"2022-12-11T15:57:48+00:00","dateModified":"2025-11-14T09:02:38+00:00","breadcrumb":{"@id":"https:\/\/myperfectdog.lv\/products\/tava-suna-ilustracija-termopudele-ar-apdruku\/#breadcrumb"},"inLanguage":"en-GB","potentialAction":[{"@type":"ReadAction","target":["https:\/\/myperfectdog.lv\/products\/tava-suna-ilustracija-termopudele-ar-apdruku\/"]}]},{"@type":"ImageObject","inLanguage":"en-GB","@id":"https:\/\/myperfectdog.lv\/products\/tava-suna-ilustracija-termopudele-ar-apdruku\/#primaryimage","url":"https:\/\/myperfectdog.lv\/wp-content\/uploads\/2022\/12\/Fashion-and-Lifestyle-Mood-Board-Instagram-Story-Template-3.png","contentUrl":"https:\/\/myperfectdog.lv\/wp-content\/uploads\/2022\/12\/Fashion-and-Lifestyle-Mood-Board-Instagram-Story-Template-3.png","width":1080,"height":1920},{"@type":"BreadcrumbList","@id":"https:\/\/myperfectdog.lv\/products\/tava-suna-ilustracija-termopudele-ar-apdruku\/#breadcrumb","itemListElement":[{"@type":"ListItem","position":1,"name":"Home","item":"https:\/\/myperfectdog.lv\/"},{"@type":"ListItem","position":2,"name":"Internetveikals","item":"https:\/\/myperfectdog.lv\/internetveikals\/"},{"@type":"ListItem","position":3,"name":"TAVA SU\u0145A ILUSTR\u0100CIJA + termopudele ar apdruku BONUS\u0100!"}]},{"@type":"WebSite","@id":"https:\/\/myperfectdog.lv\/#website","url":"https:\/\/myperfectdog.lv\/","name":"MyPerfectDog.lv","description":"Su\u0146u un saimnieku skola","publisher":{"@id":"https:\/\/myperfectdog.lv\/#organization"},"potentialAction":[{"@type":"SearchAction","target":{"@type":"EntryPoint","urlTemplate":"https:\/\/myperfectdog.lv\/?s={search_term_string}"},"query-input":{"@type":"PropertyValueSpecification","valueRequired":true,"valueName":"search_term_string"}}],"inLanguage":"en-GB"},{"@type":"Organization","@id":"https:\/\/myperfectdog.lv\/#organization","name":"Su\u0146u & saimnieku skola \"My Perfect Dog\"","url":"https:\/\/myperfectdog.lv\/","logo":{"@type":"ImageObject","inLanguage":"en-GB","@id":"https:\/\/myperfectdog.lv\/#\/schema\/logo\/image\/","url":"https:\/\/myperfectdog.lv\/wp-content\/uploads\/2020\/10\/MyPerfectDog-New-logo_peach_plakans.png","contentUrl":"https:\/\/myperfectdog.lv\/wp-content\/uploads\/2020\/10\/MyPerfectDog-New-logo_peach_plakans.png","width":1200,"height":636,"caption":"Su\u0146u & saimnieku skola \"My Perfect Dog\""},"image":{"@id":"https:\/\/myperfectdog.lv\/#\/schema\/logo\/image\/"}}]}},"jetpack_sharing_enabled":true,"_links":{"self":[{"href":"https:\/\/myperfectdog.lv\/en\/wp-json\/wp\/v2\/product\/5889","targetHints":{"allow":["GET"]}}],"collection":[{"href":"https:\/\/myperfectdog.lv\/en\/wp-json\/wp\/v2\/product"}],"about":[{"href":"https:\/\/myperfectdog.lv\/en\/wp-json\/wp\/v2\/types\/product"}],"replies":[{"embeddable":true,"href":"https:\/\/myperfectdog.lv\/en\/wp-json\/wp\/v2\/comments?post=5889"}],"wp:featuredmedia":[{"embeddable":true,"href":"https:\/\/myperfectdog.lv\/en\/wp-json\/wp\/v2\/media\/6314"}],"wp:attachment":[{"href":"https:\/\/myperfectdog.lv\/en\/wp-json\/wp\/v2\/media?parent=5889"}],"wp:term":[{"taxonomy":"product_brand","embeddable":true,"href":"https:\/\/myperfectdog.lv\/en\/wp-json\/wp\/v2\/product_brand?post=5889"},{"taxonomy":"product_cat","embeddable":true,"href":"https:\/\/myperfectdog.lv\/en\/wp-json\/wp\/v2\/product_cat?post=5889"},{"taxonomy":"product_tag","embeddable":true,"href":"https:\/\/myperfectdog.lv\/en\/wp-json\/wp\/v2\/product_tag?post=5889"}],"curies":[{"name":"wp","href":"https:\/\/api.w.org\/{rel}","templated":true}]}}