{"id":6000,"date":"2022-12-11T20:36:20","date_gmt":"2022-12-11T18:36:20","guid":{"rendered":"https:\/\/myperfectdog.lv\/?post_type=product&#038;p=6000"},"modified":"2025-12-02T15:18:43","modified_gmt":"2025-12-02T13:18:43","slug":"divas-izglitojosas-lekcijas-toposajiem-un-esosajiem-sunu-saimniekiem","status":"publish","type":"product","link":"https:\/\/myperfectdog.lv\/en\/product\/divas-izglitojosas-lekcijas-toposajiem-un-esosajiem-sunu-saimniekiem\/","title":{"rendered":"Izgl\u012btojo\u0161o lekciju materi\u0101li topo\u0161ajiem un eso\u0161ajiem su\u0146u saimniekiem"},"content":{"rendered":"<p>\u0160ie izgl\u012btojo\u0161u lekciju materi\u0101li Tev noder\u0113s:<\/p>\n<ul>\n<li>Ja Tav\u0101 \u0123imen\u0113 dr\u012bzum\u0101 ien\u0101ks suns (un nav b\u016btiski vai kuc\u0113ns, vai jau pieaudzis suns);<\/li>\n<li>Ja tikko esi k\u013cuvis par su\u0146a saimnieku;<\/li>\n<li>Ja Tev jau suns ir ilgsto\u0161i, bet ir saj\u016bta, ka gribi lab\u0101k izprast savu suni un veidot lielisku kopdz\u012bvi.<\/li>\n<\/ul>\n<p><em><strong>BONUSS!<\/strong><\/em><\/p>\n<p>Papildus tematiskajiem video, Jums b\u016bs pieeja vair\u0101kiem praktiskiem uzdevumiem, kas veicin\u0101s su\u0146a socializ\u0101ciju jebkur\u0101 vecum\u0101, k\u0101 ar\u012b uzlabos \/ nostiprin\u0101s J\u016bsu suns-saimnieks savstarp\u0113j\u0101s attiec\u012bbas. Praktiskie uzdevumi ir video form\u0101t\u0101, kur viss tiek past\u0101st\u012bts, aprakst\u012bts un par\u0101d\u012bts kop\u0101 ar suni, lai uzdevumus var\u0113tu praktiz\u0113t m\u0101j\u0101s.<\/p>","protected":false},"excerpt":{"rendered":"<p>Tematiskie video topo\u0161ajiem un eso\u0161ajiem su\u0146u saimniekiem! Materi\u0101los ietilpst mape ar teor\u0113tiskajiem vair\u0101kiem video.<\/p>\n<p><strong>Video tiek st\u0101st\u012bts par:<\/strong><\/p>\n<ul>\n<li>su\u0146u dabiskaj\u0101m pamatvajadz\u012bb\u0101m;<\/li>\n<li>su\u0146u psiholo\u0123iju;<\/li>\n<li>apm\u0101c\u012bbas un ikdienas konceptiem;<\/li>\n<li>su\u0146a audzin\u0101\u0161anu un mened\u017ementu;<\/li>\n<li>su\u0146u \u0137erme\u0146a valodu \u2013 nomierino\u0161ajiem &amp; stresa, distanci palielino\u0161ajiem un agresijas sign\u0101liem;<\/li>\n<li>su\u0146u emocij\u0101m &amp; emociju ietekmi uz uzved\u012bbu;<\/li>\n<li>k\u0101 su\u0146i m\u0101c\u0101s un k\u0101das ir visveiksm\u012bg\u0101k\u0101s apm\u0101c\u012bbu metodes.<\/li>\n<\/ul>\n<p><strong>Katra teor\u0113tisk\u0101s lekcija tie\u0161raides ieraksta ilgums ir aptuveni <\/strong><strong>2-2.5h, lekciju materi\u0101lu kop\u0113jais ilgums ir aptuveni 5 h, t\u0101s sast\u0101v no vair\u0101kiem maz\u0101kiem video.<\/strong><\/p>\n<p><strong>Ieg\u0101d\u0101joties \u0161os video ieraksta form\u0101t\u0101, piek\u013cuvi tiem nos\u016bt\u012bsim Jums uz epastu 24h laik\u0101 p\u0113c ieg\u0101des, k\u0101 ar\u012b tas pieejams Jums b\u016bs 1 m\u0113nesi no ieg\u0101des br\u012b\u017ea.<\/strong><\/p>","protected":false},"featured_media":11245,"comment_status":"closed","ping_status":"closed","template":"","meta":[],"product_brand":[],"product_cat":[43],"product_tag":[],"class_list":{"0":"post-6000","1":"product","2":"type-product","3":"status-publish","4":"has-post-thumbnail","6":"product_cat-izglitojosi","8":"first","9":"instock","10":"taxable","11":"shipping-taxable","12":"purchasable","13":"product-type-variable"},"yoast_head":"<!-- This site is optimized with the Yoast SEO plugin v27.5 - https:\/\/yoast.com\/product\/yoast-seo-wordpress\/ -->\n<title>Izgl\u012btojo\u0161o lekciju materi\u0101li topo\u0161ajiem un eso\u0161ajiem su\u0146u saimniekiem | MyPerfectDog.lv<\/title>\n<meta name=\"description\" content=\"\u0160ie materi\u0101li Tev noder\u0113s: Ja nesen esi k\u013cuvis par su\u0146a saimnieku, k\u0101 ar\u012b - ja gribi lab\u0101k izprast savu suni un veidot lielisku kopdz\u012bvi.\" \/>\n<meta name=\"robots\" content=\"index, follow, max-snippet:-1, max-image-preview:large, max-video-preview:-1\" \/>\n<link rel=\"canonical\" href=\"https:\/\/myperfectdog.lv\/en\/product\/divas-izglitojosas-lekcijas-toposajiem-un-esosajiem-sunu-saimniekiem\/\" \/>\n<meta property=\"og:locale\" content=\"en_GB\" \/>\n<meta property=\"og:type\" content=\"article\" \/>\n<meta property=\"og:title\" content=\"Izgl\u012btojo\u0161o lekciju materi\u0101li topo\u0161ajiem un eso\u0161ajiem su\u0146u saimniekiem | MyPerfectDog.lv\" \/>\n<meta property=\"og:description\" content=\"\u0160ie materi\u0101li Tev noder\u0113s: Ja nesen esi k\u013cuvis par su\u0146a saimnieku, k\u0101 ar\u012b - ja gribi lab\u0101k izprast savu suni un veidot lielisku kopdz\u012bvi.\" \/>\n<meta property=\"og:url\" content=\"https:\/\/myperfectdog.lv\/en\/product\/divas-izglitojosas-lekcijas-toposajiem-un-esosajiem-sunu-saimniekiem\/\" \/>\n<meta property=\"og:site_name\" content=\"MyPerfectDog.lv\" \/>\n<meta property=\"article:modified_time\" content=\"2025-12-02T13:18:43+00:00\" \/>\n<meta property=\"og:image\" content=\"https:\/\/myperfectdog.lv\/wp-content\/uploads\/2022\/12\/MyPerfectDog-izglitojosi-posti-1.jpg\" \/>\n\t<meta property=\"og:image:width\" content=\"1080\" \/>\n\t<meta property=\"og:image:height\" content=\"1080\" \/>\n\t<meta property=\"og:image:type\" content=\"image\/jpeg\" \/>\n<meta name=\"twitter:card\" content=\"summary_large_image\" \/>\n<meta name=\"twitter:label1\" content=\"Estimated reading time\" \/>\n\t<meta name=\"twitter:data1\" content=\"1 minute\" \/>\n<script type=\"application\/ld+json\" class=\"yoast-schema-graph\">{\"@context\":\"https:\\\/\\\/schema.org\",\"@graph\":[{\"@type\":\"WebPage\",\"@id\":\"https:\\\/\\\/myperfectdog.lv\\\/products\\\/divas-izglitojosas-lekcijas-toposajiem-un-esosajiem-sunu-saimniekiem\\\/\",\"url\":\"https:\\\/\\\/myperfectdog.lv\\\/products\\\/divas-izglitojosas-lekcijas-toposajiem-un-esosajiem-sunu-saimniekiem\\\/\",\"name\":\"Izgl\u012btojo\u0161o lekciju materi\u0101li topo\u0161ajiem un eso\u0161ajiem su\u0146u saimniekiem | MyPerfectDog.lv\",\"isPartOf\":{\"@id\":\"https:\\\/\\\/myperfectdog.lv\\\/#website\"},\"primaryImageOfPage\":{\"@id\":\"https:\\\/\\\/myperfectdog.lv\\\/products\\\/divas-izglitojosas-lekcijas-toposajiem-un-esosajiem-sunu-saimniekiem\\\/#primaryimage\"},\"image\":{\"@id\":\"https:\\\/\\\/myperfectdog.lv\\\/products\\\/divas-izglitojosas-lekcijas-toposajiem-un-esosajiem-sunu-saimniekiem\\\/#primaryimage\"},\"thumbnailUrl\":\"https:\\\/\\\/myperfectdog.lv\\\/wp-content\\\/uploads\\\/2022\\\/12\\\/MyPerfectDog-izglitojosi-posti-1.jpg\",\"datePublished\":\"2022-12-11T18:36:20+00:00\",\"dateModified\":\"2025-12-02T13:18:43+00:00\",\"description\":\"\u0160ie materi\u0101li Tev noder\u0113s: Ja nesen esi k\u013cuvis par su\u0146a saimnieku, k\u0101 ar\u012b - ja gribi lab\u0101k izprast savu suni un veidot lielisku kopdz\u012bvi.\",\"breadcrumb\":{\"@id\":\"https:\\\/\\\/myperfectdog.lv\\\/products\\\/divas-izglitojosas-lekcijas-toposajiem-un-esosajiem-sunu-saimniekiem\\\/#breadcrumb\"},\"inLanguage\":\"en-GB\",\"potentialAction\":[{\"@type\":\"ReadAction\",\"target\":[\"https:\\\/\\\/myperfectdog.lv\\\/products\\\/divas-izglitojosas-lekcijas-toposajiem-un-esosajiem-sunu-saimniekiem\\\/\"]}]},{\"@type\":\"ImageObject\",\"inLanguage\":\"en-GB\",\"@id\":\"https:\\\/\\\/myperfectdog.lv\\\/products\\\/divas-izglitojosas-lekcijas-toposajiem-un-esosajiem-sunu-saimniekiem\\\/#primaryimage\",\"url\":\"https:\\\/\\\/myperfectdog.lv\\\/wp-content\\\/uploads\\\/2022\\\/12\\\/MyPerfectDog-izglitojosi-posti-1.jpg\",\"contentUrl\":\"https:\\\/\\\/myperfectdog.lv\\\/wp-content\\\/uploads\\\/2022\\\/12\\\/MyPerfectDog-izglitojosi-posti-1.jpg\",\"width\":1080,\"height\":1080},{\"@type\":\"BreadcrumbList\",\"@id\":\"https:\\\/\\\/myperfectdog.lv\\\/products\\\/divas-izglitojosas-lekcijas-toposajiem-un-esosajiem-sunu-saimniekiem\\\/#breadcrumb\",\"itemListElement\":[{\"@type\":\"ListItem\",\"position\":1,\"name\":\"Home\",\"item\":\"https:\\\/\\\/myperfectdog.lv\\\/\"},{\"@type\":\"ListItem\",\"position\":2,\"name\":\"Internetveikals\",\"item\":\"https:\\\/\\\/myperfectdog.lv\\\/internetveikals\\\/\"},{\"@type\":\"ListItem\",\"position\":3,\"name\":\"Izgl\u012btojo\u0161o lekciju materi\u0101li topo\u0161ajiem un eso\u0161ajiem su\u0146u saimniekiem\"}]},{\"@type\":\"WebSite\",\"@id\":\"https:\\\/\\\/myperfectdog.lv\\\/#website\",\"url\":\"https:\\\/\\\/myperfectdog.lv\\\/\",\"name\":\"MyPerfectDog.lv\",\"description\":\"Su\u0146u un saimnieku skola\",\"publisher\":{\"@id\":\"https:\\\/\\\/myperfectdog.lv\\\/#organization\"},\"potentialAction\":[{\"@type\":\"SearchAction\",\"target\":{\"@type\":\"EntryPoint\",\"urlTemplate\":\"https:\\\/\\\/myperfectdog.lv\\\/?s={search_term_string}\"},\"query-input\":{\"@type\":\"PropertyValueSpecification\",\"valueRequired\":true,\"valueName\":\"search_term_string\"}}],\"inLanguage\":\"en-GB\"},{\"@type\":\"Organization\",\"@id\":\"https:\\\/\\\/myperfectdog.lv\\\/#organization\",\"name\":\"Su\u0146u & saimnieku skola \\\"My Perfect Dog\\\"\",\"url\":\"https:\\\/\\\/myperfectdog.lv\\\/\",\"logo\":{\"@type\":\"ImageObject\",\"inLanguage\":\"en-GB\",\"@id\":\"https:\\\/\\\/myperfectdog.lv\\\/#\\\/schema\\\/logo\\\/image\\\/\",\"url\":\"https:\\\/\\\/myperfectdog.lv\\\/wp-content\\\/uploads\\\/2020\\\/10\\\/MyPerfectDog-New-logo_peach_plakans.png\",\"contentUrl\":\"https:\\\/\\\/myperfectdog.lv\\\/wp-content\\\/uploads\\\/2020\\\/10\\\/MyPerfectDog-New-logo_peach_plakans.png\",\"width\":1200,\"height\":636,\"caption\":\"Su\u0146u & saimnieku skola \\\"My Perfect Dog\\\"\"},\"image\":{\"@id\":\"https:\\\/\\\/myperfectdog.lv\\\/#\\\/schema\\\/logo\\\/image\\\/\"}}]}<\/script>\n<!-- \/ Yoast SEO plugin. -->","yoast_head_json":{"title":"Izgl\u012btojo\u0161o lekciju materi\u0101li topo\u0161ajiem un eso\u0161ajiem su\u0146u saimniekiem | MyPerfectDog.lv","description":"\u0160ie materi\u0101li Tev noder\u0113s: Ja nesen esi k\u013cuvis par su\u0146a saimnieku, k\u0101 ar\u012b - ja gribi lab\u0101k izprast savu suni un veidot lielisku kopdz\u012bvi.","robots":{"index":"index","follow":"follow","max-snippet":"max-snippet:-1","max-image-preview":"max-image-preview:large","max-video-preview":"max-video-preview:-1"},"canonical":"https:\/\/myperfectdog.lv\/en\/product\/divas-izglitojosas-lekcijas-toposajiem-un-esosajiem-sunu-saimniekiem\/","og_locale":"en_GB","og_type":"article","og_title":"Izgl\u012btojo\u0161o lekciju materi\u0101li topo\u0161ajiem un eso\u0161ajiem su\u0146u saimniekiem | MyPerfectDog.lv","og_description":"\u0160ie materi\u0101li Tev noder\u0113s: Ja nesen esi k\u013cuvis par su\u0146a saimnieku, k\u0101 ar\u012b - ja gribi lab\u0101k izprast savu suni un veidot lielisku kopdz\u012bvi.","og_url":"https:\/\/myperfectdog.lv\/en\/product\/divas-izglitojosas-lekcijas-toposajiem-un-esosajiem-sunu-saimniekiem\/","og_site_name":"MyPerfectDog.lv","article_modified_time":"2025-12-02T13:18:43+00:00","og_image":[{"width":1080,"height":1080,"url":"https:\/\/myperfectdog.lv\/wp-content\/uploads\/2022\/12\/MyPerfectDog-izglitojosi-posti-1.jpg","type":"image\/jpeg"}],"twitter_card":"summary_large_image","twitter_misc":{"Estimated reading time":"1 minute"},"schema":{"@context":"https:\/\/schema.org","@graph":[{"@type":"WebPage","@id":"https:\/\/myperfectdog.lv\/products\/divas-izglitojosas-lekcijas-toposajiem-un-esosajiem-sunu-saimniekiem\/","url":"https:\/\/myperfectdog.lv\/products\/divas-izglitojosas-lekcijas-toposajiem-un-esosajiem-sunu-saimniekiem\/","name":"Izgl\u012btojo\u0161o lekciju materi\u0101li topo\u0161ajiem un eso\u0161ajiem su\u0146u saimniekiem | MyPerfectDog.lv","isPartOf":{"@id":"https:\/\/myperfectdog.lv\/#website"},"primaryImageOfPage":{"@id":"https:\/\/myperfectdog.lv\/products\/divas-izglitojosas-lekcijas-toposajiem-un-esosajiem-sunu-saimniekiem\/#primaryimage"},"image":{"@id":"https:\/\/myperfectdog.lv\/products\/divas-izglitojosas-lekcijas-toposajiem-un-esosajiem-sunu-saimniekiem\/#primaryimage"},"thumbnailUrl":"https:\/\/myperfectdog.lv\/wp-content\/uploads\/2022\/12\/MyPerfectDog-izglitojosi-posti-1.jpg","datePublished":"2022-12-11T18:36:20+00:00","dateModified":"2025-12-02T13:18:43+00:00","description":"\u0160ie materi\u0101li Tev noder\u0113s: Ja nesen esi k\u013cuvis par su\u0146a saimnieku, k\u0101 ar\u012b - ja gribi lab\u0101k izprast savu suni un veidot lielisku kopdz\u012bvi.","breadcrumb":{"@id":"https:\/\/myperfectdog.lv\/products\/divas-izglitojosas-lekcijas-toposajiem-un-esosajiem-sunu-saimniekiem\/#breadcrumb"},"inLanguage":"en-GB","potentialAction":[{"@type":"ReadAction","target":["https:\/\/myperfectdog.lv\/products\/divas-izglitojosas-lekcijas-toposajiem-un-esosajiem-sunu-saimniekiem\/"]}]},{"@type":"ImageObject","inLanguage":"en-GB","@id":"https:\/\/myperfectdog.lv\/products\/divas-izglitojosas-lekcijas-toposajiem-un-esosajiem-sunu-saimniekiem\/#primaryimage","url":"https:\/\/myperfectdog.lv\/wp-content\/uploads\/2022\/12\/MyPerfectDog-izglitojosi-posti-1.jpg","contentUrl":"https:\/\/myperfectdog.lv\/wp-content\/uploads\/2022\/12\/MyPerfectDog-izglitojosi-posti-1.jpg","width":1080,"height":1080},{"@type":"BreadcrumbList","@id":"https:\/\/myperfectdog.lv\/products\/divas-izglitojosas-lekcijas-toposajiem-un-esosajiem-sunu-saimniekiem\/#breadcrumb","itemListElement":[{"@type":"ListItem","position":1,"name":"Home","item":"https:\/\/myperfectdog.lv\/"},{"@type":"ListItem","position":2,"name":"Internetveikals","item":"https:\/\/myperfectdog.lv\/internetveikals\/"},{"@type":"ListItem","position":3,"name":"Izgl\u012btojo\u0161o lekciju materi\u0101li topo\u0161ajiem un eso\u0161ajiem su\u0146u saimniekiem"}]},{"@type":"WebSite","@id":"https:\/\/myperfectdog.lv\/#website","url":"https:\/\/myperfectdog.lv\/","name":"MyPerfectDog.lv","description":"Su\u0146u un saimnieku skola","publisher":{"@id":"https:\/\/myperfectdog.lv\/#organization"},"potentialAction":[{"@type":"SearchAction","target":{"@type":"EntryPoint","urlTemplate":"https:\/\/myperfectdog.lv\/?s={search_term_string}"},"query-input":{"@type":"PropertyValueSpecification","valueRequired":true,"valueName":"search_term_string"}}],"inLanguage":"en-GB"},{"@type":"Organization","@id":"https:\/\/myperfectdog.lv\/#organization","name":"Su\u0146u & saimnieku skola \"My Perfect Dog\"","url":"https:\/\/myperfectdog.lv\/","logo":{"@type":"ImageObject","inLanguage":"en-GB","@id":"https:\/\/myperfectdog.lv\/#\/schema\/logo\/image\/","url":"https:\/\/myperfectdog.lv\/wp-content\/uploads\/2020\/10\/MyPerfectDog-New-logo_peach_plakans.png","contentUrl":"https:\/\/myperfectdog.lv\/wp-content\/uploads\/2020\/10\/MyPerfectDog-New-logo_peach_plakans.png","width":1200,"height":636,"caption":"Su\u0146u & saimnieku skola \"My Perfect Dog\""},"image":{"@id":"https:\/\/myperfectdog.lv\/#\/schema\/logo\/image\/"}}]}},"jetpack_sharing_enabled":true,"_links":{"self":[{"href":"https:\/\/myperfectdog.lv\/en\/wp-json\/wp\/v2\/product\/6000","targetHints":{"allow":["GET"]}}],"collection":[{"href":"https:\/\/myperfectdog.lv\/en\/wp-json\/wp\/v2\/product"}],"about":[{"href":"https:\/\/myperfectdog.lv\/en\/wp-json\/wp\/v2\/types\/product"}],"replies":[{"embeddable":true,"href":"https:\/\/myperfectdog.lv\/en\/wp-json\/wp\/v2\/comments?post=6000"}],"wp:featuredmedia":[{"embeddable":true,"href":"https:\/\/myperfectdog.lv\/en\/wp-json\/wp\/v2\/media\/11245"}],"wp:attachment":[{"href":"https:\/\/myperfectdog.lv\/en\/wp-json\/wp\/v2\/media?parent=6000"}],"wp:term":[{"taxonomy":"product_brand","embeddable":true,"href":"https:\/\/myperfectdog.lv\/en\/wp-json\/wp\/v2\/product_brand?post=6000"},{"taxonomy":"product_cat","embeddable":true,"href":"https:\/\/myperfectdog.lv\/en\/wp-json\/wp\/v2\/product_cat?post=6000"},{"taxonomy":"product_tag","embeddable":true,"href":"https:\/\/myperfectdog.lv\/en\/wp-json\/wp\/v2\/product_tag?post=6000"}],"curies":[{"name":"wp","href":"https:\/\/api.w.org\/{rel}","templated":true}]}}