{"id":6531,"date":"2023-02-13T02:42:34","date_gmt":"2023-02-13T00:42:34","guid":{"rendered":"https:\/\/myperfectdog.lv\/?post_type=product&#038;p=6531"},"modified":"2025-10-03T20:21:45","modified_gmt":"2025-10-03T18:21:45","slug":"baha-ziedu-maisijums","status":"publish","type":"product","link":"https:\/\/myperfectdog.lv\/en\/product\/baha-ziedu-maisijums\/","title":{"rendered":"Baha ziedu mais\u012bjums"},"content":{"rendered":"<p><em><strong>\/Zem\u0101k apkopoto inform\u0101ciju sagatavojusi Baha ziedu terapijas speci\u0101liste Ginta Sli\u0161\u0101ne\/<\/strong><\/em><\/p>\n<p><strong>STRESS UN BAILES<\/strong><\/p>\n<p>Kombin\u0101cija &#8221;Stress un bailes&#8221; ir paredz\u0113ta dz\u012bvniekiem, kuri izj\u016bt bailes no k\u0101d\u0101m konkr\u0113t\u0101m liet\u0101m: rok\u0101m, citiem dz\u012bvniekiem, cilv\u0113kiem, priek\u0161metiem, jaun\u0101m viet\u0101m utml. \u0160\u012b kombin\u0101cija der\u0113s ar\u012b pie panikas, stresa, intens\u012bv\u0101m ikdienas emocij\u0101m, k\u0101d\u0101m p\u0101rmai\u0146\u0101m, kas rada dz\u012bvniekam stresu. Mais\u012bjumu var izmantot ar\u012b pirms \u0101rsta viz\u012btes, vakcin\u0101cijas, p\u0101rv\u0101k\u0161an\u0101s, p\u0113c kritiena vai izb\u012b\u0161an\u0101s, k\u0101 ar\u012b tad, ja dz\u012bvniekam ir dar\u012bts p\u0101ri.<\/p>\n<p>Sast\u0101vs: \u016bdens, p\u0113rti\u0137mut\u012bte, apse, sprigane, saulroz\u012bte, baltstar\u012bte, pl\u016bme, me\u017ea v\u012btenis.<\/p>\n<p>Tilpums: 30ml (pietiks aptuveni m\u0113nesim)<\/p>\n<p>&nbsp;<\/p>\n<p><strong>AGRESIJA UN GREIZSIRD\u012aBA<\/strong><\/p>\n<p>Kombin\u0101cija &#8221;Agresija un greizsird\u012bba&#8221; ir paredz\u0113ta situ\u0101cij\u0101s, kad J\u016bsu m\u0101jdz\u012bvnieks ir nikns, izr\u0101da agres\u012bvu uzved\u012bbu, kad vi\u0146\u0161 grau\u017e, ko\u017e un v\u0113las izn\u012bcin\u0101t apk\u0101rt\u0113jos priek\u0161metus. Mais\u012bjumu var izmantot ar\u012b tad, kad suns nekontrol\u0113 savus impulsus un ir hist\u0113rijas epizodes. Iesp\u0113jams, J\u016bsu m\u0101j\u0101s ir piedzimis mazulis un dz\u012bvnieks ir greizsird\u012bgs vai ar\u012b vi\u0146\u0161 ir greizsird\u012bgs uz J\u016bsu partneri vai citu \u0123imenes locekli, ar\u012b \u0161\u0101dos gad\u012bjumos \u00a0mais\u012bjums var pal\u012bdz\u0113t.<\/p>\n<p>Sast\u0101vs: \u016bdens, ilekss, di\u017esk\u0101bardis, v\u012bnkoks, riekstkoks, pl\u016bme, saulroz\u012bte.<\/p>\n<p>Tilpums: 30ml (pietiks aptuveni m\u0113nesim)<\/p>\n<p>&nbsp;<\/p>\n<p><strong>NOM\u0100KT\u012aBA UN AP\u0100TIJA<\/strong><\/p>\n<p>Kombin\u0101cija ir paredz\u0113ta dz\u012bvniekiem, kuri ir piedz\u012bvoju\u0161i ko traumatisku, pazaud\u0113ju\u0161i savas m\u0101jas vai saimnieku, ir v\u0101rgs, depres\u012bvs, nav apet\u012btes, zudu\u0161as cer\u012bbas un dz\u012bvesprieks. Der tiem, kas ir pan\u012bku\u0161i p\u0113c k\u0101das slim\u012bbas, dzemd\u012bb\u0101m, oper\u0101cijas vai vecuma d\u0113\u013c.<\/p>\n<p>Sast\u0101vs: \u016bdens, roze, baltstar\u012bte, riekstkoks, v\u012bte\u0146sausserdis, ulekss, pl\u016bme, me\u017ea v\u012btenis.<\/p>\n<p>Tilpums: 30ml (pietiks aptuveni m\u0113nesim)<\/p>\n<p>&nbsp;<\/p>\n<p><strong>JAUN\u0100 APG\u016a\u0160ANA<\/strong><\/p>\n<p>Kombin\u0101cija der\u0113s tiem, kam gr\u016bti apg\u016bt jaunas prasmes, nep\u0101rtraukti pie\u013cauj vienas un t\u0101s pa\u0161as k\u013c\u016bdas apm\u0101c\u012bb\u0101. Ir saj\u016bta, ka dz\u012bvnieks nevar iem\u0101c\u012bties ko jaunu. Pal\u012bdz\u0113s adapt\u0113ties jaunos apst\u0101k\u013cos un vid\u0113. Kombin\u0113t ar su\u0146u apm\u0101c\u012bbas tehnik\u0101m.<\/p>\n<p>Sast\u0101vs: \u016bdens, riekstkoks, pumpurs, di\u017esk\u0101bardis, me\u017ev\u012btenis, sprigane, pl\u016bme.<\/p>\n<p>Tilpums: 30ml (pietiks aptuveni m\u0113nesim)<\/p>\n<p>&nbsp;<\/p>\n<p><strong>LIETO\u0160ANA:<\/strong><\/p>\n<p>Lieto\u0161anas ilgums ir individu\u0101ls &#8211; j\u0101lieto, kam\u0113r tiek sasniegts v\u0113lamais efekts, ta\u010du iesak\u0101m lietot vismaz m\u0113nesi, lai nostiprin\u0101tu rezult\u0101tu. Ja emocijas atgrie\u017eas vai nepat\u012bkamais piedz\u012bvots atkal no jauna, lietojiet atk\u0101rtoti. Baha ziedus var lietot neierobe\u017eotu laiku.<\/p>\n<p>Izv\u0113lies savam dz\u012bvniekam piem\u0113rot\u0101ko lieto\u0161anas veidu:<\/p>\n<p>1. Pudel\u012bte ar izsmidzin\u0101t\u0101ju &#8211; p\u016btiet tie\u0161i mut\u0113 2 p\u016btienus 4x dien\u0101 (var ar\u012b bie\u017e\u0101k). Var uzp\u016bst ar\u012b uz deguna, lai dz\u012bvnieks to nolaiza.<\/p>\n<p>2. Ja dz\u012bvnieks ir sensori jut\u012bgs un nepat\u012bk p\u016b\u0161anas efekts, variet atskr\u016bv\u0113t pudel\u012bti un pilin\u0101t sunim mut\u0113 ar k\u0101du plastmasas pipeti, kas pieejama m\u0101j\u0101s. 4 pilienus 4x dien\u0101 mut\u0113. Izvairieties no stikla pipetes, jo dz\u012bvnieks var iekost taj\u0101 un satraum\u0113ties.<\/p>\n<p>3. Uzp\u016btiet Baha ziedus uz k\u0101da na\u0161\u0137a, ko uzreiz dz\u012bvnieks ap\u0113d.<\/p>\n<p>Jebkuru kombin\u0101ciju var lietot ne tikai suns, bet ar\u012b ka\u0137is, papagailis, trusis un jebkur\u0161 dz\u012bvnieks, kuram ir nepiecie\u0161ama emocion\u0101la pal\u012bdz\u012bba. Esiet rado\u0161i to ievades veid\u0101. Ja neder neviens no lieto\u0161anas veidiem, tad varat iepilin\u0101t 4 pilienus mais\u012bjumu \u016bdens trauk\u0101 t\u0101d\u0101 daudzum\u0101, kuru izdzer vien\u0101 reiz\u0113.<\/p>\n<p>&nbsp;<\/p>\n<p><strong>KONSULT\u0100CIJA &#8211; kas nepiecie\u0161ams manam sunim?\u00a0<\/strong><\/p>\n<div><span lang=\"LV\">\u0160\u012b ir elektronisk\u0101 (rakstiski) vai WhatsApp zvana konsult\u0101cija ar Baha ziedu terapijas speci\u0101listi Gintu Sli\u0161\u0101ni. Noder\u0113s tad, ja Ja Tu nesaproti, kas nepiecie\u0161ams Tavam m\u012blulim un dom\u0101, ka, iesp\u0113jams, Tev pa\u0161am nepiecie\u0161ams k\u0101ds mais\u012bjums. Gad\u012bjum\u0101, ja saproti, ka Tavam m\u012blulim nepiecie\u0161ama individu\u0101li salikta kombin\u0101cija, piesakies konsult\u0101cijai!<\/span><\/div>\n<div><span lang=\"LV\"><span lang=\"LV\"><br \/>\nKonsult\u0101cijas cen\u0101 nav iek\u013cauts Baha ziedu mais\u012bjums. <\/span><\/span>Veic maks\u0101jumu un raksti elektronisku v\u0113stuli uz ginta.slisane@inbox.lv vai zvani uz 20214895, lai vienotos par konsult\u0101cijas laiku.<\/div>","protected":false},"excerpt":{"rendered":"<div><span lang=\"LV\">Baha ziedu terapija ir dabisks l\u012bdzeklis, kas l\u012bdzsvaro emocion\u0101lo st\u0101vokli un pal\u012bdz atg\u016bt l\u012bdzsvaru ikdien\u0101. Baha ziedu mais\u012bjumi ir piln\u012bgi nekait\u012bgi j\u016bsu m\u012blulim un tie uz dz\u012bvniekiem iedarbojas \u013coti \u0101tri. Lieto\u0161anas ilgums parasti ir pat \u012bs\u0101ks nek\u0101 cilv\u0113kam. Bie\u017ei ir t\u0101, ka dz\u012bvniekam ir nepiecie\u0161ams lietot tos pa\u0161us ziedus, ko lieto saimnieks, jo j\u016bsu m\u012blulis j\u016bt j\u016bsu iek\u0161\u0113jo st\u0101vokli un noska\u0146ojumu.<\/span><\/div>\n<div><\/div>\n<div><\/div>\n<div><em><strong>\u0145em v\u0113r\u0101!<\/strong><\/em> Baha ziedi ir k\u0101 pal\u012bgl\u012bdzeklis, kuru var lietot, kad praktiski str\u0101d\u0101jat ar uzved\u012bbas p\u0101rmain\u012b\u0161anu (p\u0101rm\u0101c\u012b\u0161anu), ja su\u0146a uzved\u012bb\u0101 nov\u0113rojamas bailes, nervozit\u0101te, agresija, regul\u0101ra frustr\u0101cija, koncentr\u0113\u0161an\u0101s tr\u016bkums vai nom\u0101kt\u012bba.<\/div>","protected":false},"featured_media":6544,"comment_status":"closed","ping_status":"closed","template":"","meta":[],"product_brand":[],"product_cat":[48],"product_tag":[],"class_list":{"0":"post-6531","1":"product","2":"type-product","3":"status-publish","4":"has-post-thumbnail","6":"product_cat-suna-mieram","8":"first","9":"instock","10":"taxable","11":"shipping-taxable","12":"purchasable","13":"product-type-variable"},"yoast_head":"<!-- This site is optimized with the Yoast SEO plugin v27.5 - https:\/\/yoast.com\/product\/yoast-seo-wordpress\/ -->\n<title>Baha ziedu mais\u012bjums | MyPerfectDog.lv<\/title>\n<meta name=\"robots\" content=\"index, follow, max-snippet:-1, max-image-preview:large, max-video-preview:-1\" \/>\n<link rel=\"canonical\" href=\"https:\/\/myperfectdog.lv\/en\/product\/baha-ziedu-maisijums\/\" \/>\n<meta property=\"og:locale\" content=\"en_GB\" \/>\n<meta property=\"og:type\" content=\"article\" \/>\n<meta property=\"og:title\" content=\"Baha ziedu mais\u012bjums | MyPerfectDog.lv\" \/>\n<meta property=\"og:description\" content=\"Baha ziedu terapija ir dabisks l\u012bdzeklis, kas l\u012bdzsvaro emocion\u0101lo st\u0101vokli un pal\u012bdz atg\u016bt l\u012bdzsvaru ikdien\u0101. Baha ziedu mais\u012bjumi ir piln\u012bgi nekait\u012bgi j\u016bsu m\u012blulim un tie uz dz\u012bvniekiem iedarbojas \u013coti \u0101tri. Lieto\u0161anas ilgums parasti ir pat \u012bs\u0101ks nek\u0101 cilv\u0113kam. Bie\u017ei ir t\u0101, ka dz\u012bvniekam ir nepiecie\u0161ams lietot tos pa\u0161us ziedus, ko lieto saimnieks, jo j\u016bsu m\u012blulis j\u016bt j\u016bsu iek\u0161\u0113jo st\u0101vokli un noska\u0146ojumu.   \u0145em v\u0113r\u0101! Baha ziedi ir k\u0101 pal\u012bgl\u012bdzeklis, kuru var lietot, kad praktiski str\u0101d\u0101jat ar uzved\u012bbas p\u0101rmain\u012b\u0161anu (p\u0101rm\u0101c\u012b\u0161anu), ja su\u0146a uzved\u012bb\u0101 nov\u0113rojamas bailes, nervozit\u0101te, agresija, regul\u0101ra frustr\u0101cija, koncentr\u0113\u0161an\u0101s tr\u016bkums vai nom\u0101kt\u012bba.\" \/>\n<meta property=\"og:url\" content=\"https:\/\/myperfectdog.lv\/en\/product\/baha-ziedu-maisijums\/\" \/>\n<meta property=\"og:site_name\" content=\"MyPerfectDog.lv\" \/>\n<meta property=\"article:modified_time\" content=\"2025-10-03T18:21:45+00:00\" \/>\n<meta property=\"og:image\" content=\"https:\/\/myperfectdog.lv\/wp-content\/uploads\/2023\/02\/20230204_113123_0000.png\" \/>\n\t<meta property=\"og:image:width\" content=\"1080\" \/>\n\t<meta property=\"og:image:height\" content=\"1080\" \/>\n\t<meta property=\"og:image:type\" content=\"image\/png\" \/>\n<meta name=\"twitter:card\" content=\"summary_large_image\" \/>\n<meta name=\"twitter:label1\" content=\"Estimated reading time\" \/>\n\t<meta name=\"twitter:data1\" content=\"3 minutes\" \/>\n<script type=\"application\/ld+json\" class=\"yoast-schema-graph\">{\"@context\":\"https:\\\/\\\/schema.org\",\"@graph\":[{\"@type\":\"WebPage\",\"@id\":\"https:\\\/\\\/myperfectdog.lv\\\/products\\\/baha-ziedu-maisijums\\\/\",\"url\":\"https:\\\/\\\/myperfectdog.lv\\\/products\\\/baha-ziedu-maisijums\\\/\",\"name\":\"Baha ziedu mais\u012bjums | MyPerfectDog.lv\",\"isPartOf\":{\"@id\":\"https:\\\/\\\/myperfectdog.lv\\\/#website\"},\"primaryImageOfPage\":{\"@id\":\"https:\\\/\\\/myperfectdog.lv\\\/products\\\/baha-ziedu-maisijums\\\/#primaryimage\"},\"image\":{\"@id\":\"https:\\\/\\\/myperfectdog.lv\\\/products\\\/baha-ziedu-maisijums\\\/#primaryimage\"},\"thumbnailUrl\":\"https:\\\/\\\/myperfectdog.lv\\\/wp-content\\\/uploads\\\/2023\\\/02\\\/20230204_113123_0000.png\",\"datePublished\":\"2023-02-13T00:42:34+00:00\",\"dateModified\":\"2025-10-03T18:21:45+00:00\",\"breadcrumb\":{\"@id\":\"https:\\\/\\\/myperfectdog.lv\\\/products\\\/baha-ziedu-maisijums\\\/#breadcrumb\"},\"inLanguage\":\"en-GB\",\"potentialAction\":[{\"@type\":\"ReadAction\",\"target\":[\"https:\\\/\\\/myperfectdog.lv\\\/products\\\/baha-ziedu-maisijums\\\/\"]}]},{\"@type\":\"ImageObject\",\"inLanguage\":\"en-GB\",\"@id\":\"https:\\\/\\\/myperfectdog.lv\\\/products\\\/baha-ziedu-maisijums\\\/#primaryimage\",\"url\":\"https:\\\/\\\/myperfectdog.lv\\\/wp-content\\\/uploads\\\/2023\\\/02\\\/20230204_113123_0000.png\",\"contentUrl\":\"https:\\\/\\\/myperfectdog.lv\\\/wp-content\\\/uploads\\\/2023\\\/02\\\/20230204_113123_0000.png\",\"width\":1080,\"height\":1080},{\"@type\":\"BreadcrumbList\",\"@id\":\"https:\\\/\\\/myperfectdog.lv\\\/products\\\/baha-ziedu-maisijums\\\/#breadcrumb\",\"itemListElement\":[{\"@type\":\"ListItem\",\"position\":1,\"name\":\"Home\",\"item\":\"https:\\\/\\\/myperfectdog.lv\\\/\"},{\"@type\":\"ListItem\",\"position\":2,\"name\":\"Internetveikals\",\"item\":\"https:\\\/\\\/myperfectdog.lv\\\/internetveikals\\\/\"},{\"@type\":\"ListItem\",\"position\":3,\"name\":\"Baha ziedu mais\u012bjums\"}]},{\"@type\":\"WebSite\",\"@id\":\"https:\\\/\\\/myperfectdog.lv\\\/#website\",\"url\":\"https:\\\/\\\/myperfectdog.lv\\\/\",\"name\":\"MyPerfectDog.lv\",\"description\":\"Su\u0146u un saimnieku skola\",\"publisher\":{\"@id\":\"https:\\\/\\\/myperfectdog.lv\\\/#organization\"},\"potentialAction\":[{\"@type\":\"SearchAction\",\"target\":{\"@type\":\"EntryPoint\",\"urlTemplate\":\"https:\\\/\\\/myperfectdog.lv\\\/?s={search_term_string}\"},\"query-input\":{\"@type\":\"PropertyValueSpecification\",\"valueRequired\":true,\"valueName\":\"search_term_string\"}}],\"inLanguage\":\"en-GB\"},{\"@type\":\"Organization\",\"@id\":\"https:\\\/\\\/myperfectdog.lv\\\/#organization\",\"name\":\"Su\u0146u & saimnieku skola \\\"My Perfect Dog\\\"\",\"url\":\"https:\\\/\\\/myperfectdog.lv\\\/\",\"logo\":{\"@type\":\"ImageObject\",\"inLanguage\":\"en-GB\",\"@id\":\"https:\\\/\\\/myperfectdog.lv\\\/#\\\/schema\\\/logo\\\/image\\\/\",\"url\":\"https:\\\/\\\/myperfectdog.lv\\\/wp-content\\\/uploads\\\/2020\\\/10\\\/MyPerfectDog-New-logo_peach_plakans.png\",\"contentUrl\":\"https:\\\/\\\/myperfectdog.lv\\\/wp-content\\\/uploads\\\/2020\\\/10\\\/MyPerfectDog-New-logo_peach_plakans.png\",\"width\":1200,\"height\":636,\"caption\":\"Su\u0146u & saimnieku skola \\\"My Perfect Dog\\\"\"},\"image\":{\"@id\":\"https:\\\/\\\/myperfectdog.lv\\\/#\\\/schema\\\/logo\\\/image\\\/\"}}]}<\/script>\n<!-- \/ Yoast SEO plugin. -->","yoast_head_json":{"title":"Baha ziedu mais\u012bjums | MyPerfectDog.lv","robots":{"index":"index","follow":"follow","max-snippet":"max-snippet:-1","max-image-preview":"max-image-preview:large","max-video-preview":"max-video-preview:-1"},"canonical":"https:\/\/myperfectdog.lv\/en\/product\/baha-ziedu-maisijums\/","og_locale":"en_GB","og_type":"article","og_title":"Baha ziedu mais\u012bjums | MyPerfectDog.lv","og_description":"Baha ziedu terapija ir dabisks l\u012bdzeklis, kas l\u012bdzsvaro emocion\u0101lo st\u0101vokli un pal\u012bdz atg\u016bt l\u012bdzsvaru ikdien\u0101. Baha ziedu mais\u012bjumi ir piln\u012bgi nekait\u012bgi j\u016bsu m\u012blulim un tie uz dz\u012bvniekiem iedarbojas \u013coti \u0101tri. Lieto\u0161anas ilgums parasti ir pat \u012bs\u0101ks nek\u0101 cilv\u0113kam. Bie\u017ei ir t\u0101, ka dz\u012bvniekam ir nepiecie\u0161ams lietot tos pa\u0161us ziedus, ko lieto saimnieks, jo j\u016bsu m\u012blulis j\u016bt j\u016bsu iek\u0161\u0113jo st\u0101vokli un noska\u0146ojumu.   \u0145em v\u0113r\u0101! Baha ziedi ir k\u0101 pal\u012bgl\u012bdzeklis, kuru var lietot, kad praktiski str\u0101d\u0101jat ar uzved\u012bbas p\u0101rmain\u012b\u0161anu (p\u0101rm\u0101c\u012b\u0161anu), ja su\u0146a uzved\u012bb\u0101 nov\u0113rojamas bailes, nervozit\u0101te, agresija, regul\u0101ra frustr\u0101cija, koncentr\u0113\u0161an\u0101s tr\u016bkums vai nom\u0101kt\u012bba.","og_url":"https:\/\/myperfectdog.lv\/en\/product\/baha-ziedu-maisijums\/","og_site_name":"MyPerfectDog.lv","article_modified_time":"2025-10-03T18:21:45+00:00","og_image":[{"width":1080,"height":1080,"url":"https:\/\/myperfectdog.lv\/wp-content\/uploads\/2023\/02\/20230204_113123_0000.png","type":"image\/png"}],"twitter_card":"summary_large_image","twitter_misc":{"Estimated reading time":"3 minutes"},"schema":{"@context":"https:\/\/schema.org","@graph":[{"@type":"WebPage","@id":"https:\/\/myperfectdog.lv\/products\/baha-ziedu-maisijums\/","url":"https:\/\/myperfectdog.lv\/products\/baha-ziedu-maisijums\/","name":"Baha ziedu mais\u012bjums | MyPerfectDog.lv","isPartOf":{"@id":"https:\/\/myperfectdog.lv\/#website"},"primaryImageOfPage":{"@id":"https:\/\/myperfectdog.lv\/products\/baha-ziedu-maisijums\/#primaryimage"},"image":{"@id":"https:\/\/myperfectdog.lv\/products\/baha-ziedu-maisijums\/#primaryimage"},"thumbnailUrl":"https:\/\/myperfectdog.lv\/wp-content\/uploads\/2023\/02\/20230204_113123_0000.png","datePublished":"2023-02-13T00:42:34+00:00","dateModified":"2025-10-03T18:21:45+00:00","breadcrumb":{"@id":"https:\/\/myperfectdog.lv\/products\/baha-ziedu-maisijums\/#breadcrumb"},"inLanguage":"en-GB","potentialAction":[{"@type":"ReadAction","target":["https:\/\/myperfectdog.lv\/products\/baha-ziedu-maisijums\/"]}]},{"@type":"ImageObject","inLanguage":"en-GB","@id":"https:\/\/myperfectdog.lv\/products\/baha-ziedu-maisijums\/#primaryimage","url":"https:\/\/myperfectdog.lv\/wp-content\/uploads\/2023\/02\/20230204_113123_0000.png","contentUrl":"https:\/\/myperfectdog.lv\/wp-content\/uploads\/2023\/02\/20230204_113123_0000.png","width":1080,"height":1080},{"@type":"BreadcrumbList","@id":"https:\/\/myperfectdog.lv\/products\/baha-ziedu-maisijums\/#breadcrumb","itemListElement":[{"@type":"ListItem","position":1,"name":"Home","item":"https:\/\/myperfectdog.lv\/"},{"@type":"ListItem","position":2,"name":"Internetveikals","item":"https:\/\/myperfectdog.lv\/internetveikals\/"},{"@type":"ListItem","position":3,"name":"Baha ziedu mais\u012bjums"}]},{"@type":"WebSite","@id":"https:\/\/myperfectdog.lv\/#website","url":"https:\/\/myperfectdog.lv\/","name":"MyPerfectDog.lv","description":"Su\u0146u un saimnieku skola","publisher":{"@id":"https:\/\/myperfectdog.lv\/#organization"},"potentialAction":[{"@type":"SearchAction","target":{"@type":"EntryPoint","urlTemplate":"https:\/\/myperfectdog.lv\/?s={search_term_string}"},"query-input":{"@type":"PropertyValueSpecification","valueRequired":true,"valueName":"search_term_string"}}],"inLanguage":"en-GB"},{"@type":"Organization","@id":"https:\/\/myperfectdog.lv\/#organization","name":"Su\u0146u & saimnieku skola \"My Perfect Dog\"","url":"https:\/\/myperfectdog.lv\/","logo":{"@type":"ImageObject","inLanguage":"en-GB","@id":"https:\/\/myperfectdog.lv\/#\/schema\/logo\/image\/","url":"https:\/\/myperfectdog.lv\/wp-content\/uploads\/2020\/10\/MyPerfectDog-New-logo_peach_plakans.png","contentUrl":"https:\/\/myperfectdog.lv\/wp-content\/uploads\/2020\/10\/MyPerfectDog-New-logo_peach_plakans.png","width":1200,"height":636,"caption":"Su\u0146u & saimnieku skola \"My Perfect Dog\""},"image":{"@id":"https:\/\/myperfectdog.lv\/#\/schema\/logo\/image\/"}}]}},"jetpack_sharing_enabled":true,"_links":{"self":[{"href":"https:\/\/myperfectdog.lv\/en\/wp-json\/wp\/v2\/product\/6531","targetHints":{"allow":["GET"]}}],"collection":[{"href":"https:\/\/myperfectdog.lv\/en\/wp-json\/wp\/v2\/product"}],"about":[{"href":"https:\/\/myperfectdog.lv\/en\/wp-json\/wp\/v2\/types\/product"}],"replies":[{"embeddable":true,"href":"https:\/\/myperfectdog.lv\/en\/wp-json\/wp\/v2\/comments?post=6531"}],"wp:featuredmedia":[{"embeddable":true,"href":"https:\/\/myperfectdog.lv\/en\/wp-json\/wp\/v2\/media\/6544"}],"wp:attachment":[{"href":"https:\/\/myperfectdog.lv\/en\/wp-json\/wp\/v2\/media?parent=6531"}],"wp:term":[{"taxonomy":"product_brand","embeddable":true,"href":"https:\/\/myperfectdog.lv\/en\/wp-json\/wp\/v2\/product_brand?post=6531"},{"taxonomy":"product_cat","embeddable":true,"href":"https:\/\/myperfectdog.lv\/en\/wp-json\/wp\/v2\/product_cat?post=6531"},{"taxonomy":"product_tag","embeddable":true,"href":"https:\/\/myperfectdog.lv\/en\/wp-json\/wp\/v2\/product_tag?post=6531"}],"curies":[{"name":"wp","href":"https:\/\/api.w.org\/{rel}","templated":true}]}}