{"id":6649,"date":"2023-03-30T17:45:24","date_gmt":"2023-03-30T15:45:24","guid":{"rendered":"https:\/\/myperfectdog.lv\/?post_type=product&#038;p=6649"},"modified":"2026-02-04T13:46:54","modified_gmt":"2026-02-04T11:46:54","slug":"grupu-nodarbiba-suniem-ar-priekszinasanam","status":"publish","type":"product","link":"https:\/\/myperfectdog.lv\/en\/product\/grupu-nodarbiba-suniem-ar-priekszinasanam\/","title":{"rendered":"Paklaus\u012bbas nodarb\u012bbas su\u0146iem ar un bez priek\u0161zin\u0101\u0161an\u0101m"},"content":{"rendered":"<p><strong>Nodarb\u012bb\u0101s tiks nostiprin\u0101tas prasmes:<\/strong><\/p>\n<ul>\n<li>Impulsa kontrolei jeb su\u0146a pa\u0161kontrolei<\/li>\n<li>Nostiprin\u0101tas su\u0146a-saimnieka attiec\u012bbas un savstarp\u0113j\u0101 komunik\u0101cija<\/li>\n<li>Tren\u0113ts miers da\u017e\u0101d\u0101s neikdieni\u0161\u0137\u0101s un sare\u017e\u0123\u012bt\u0101kas pak\u0101pes situ\u0101cij\u0101s<\/li>\n<li>Tren\u0113ta un nostiprin\u0101ta \u0101tra su\u0146a reakcija uz saimnieka komand\u0101m un sp\u0113ja sunim kontrol\u0113t savas emocijas &#8211; no aktivit\u0101tes re\u017e\u012bma strauji p\u0101rsl\u0113gties uz miera re\u017e\u012bmu.<\/li>\n<li>Nostiprin\u0101tas pamatpaklaus\u012bbas komandas zin\u0101\u0161anas \/ izpild\u012bjums.<\/li>\n<li>Nodro\u0161in\u0101tas sunim dabiskas un aizraujo\u0161as fizisk\u0101s un ment\u0101l\u0101s aktivit\u0101tes.<\/li>\n<\/ul>\n<p>Nodarb\u012bbas ir paredz\u0113tas su\u0146iem un saimniekiem, kuri ir pabeigu\u0161i vai nu \u201cMy Perfect Dog\u201d pamata konceptu apm\u0101c\u012bbu kursu, vai &#8211; pie k\u0101da cita trenera pamatpaklaus\u012bbas kursus, k\u0101 ar\u012b su\u0146iem un vi\u0146u saimniekiem, kuri v\u0113las apg\u016bt pamata paklaus\u012bbas komandas un stiprin\u0101t savu saikni ar suni.<\/p>\n<p>Grupi\u0146a sast\u0101v no max 10 su\u0146iem.<\/p>\n<p><strong>Vienas nodarb\u012bbas ilgums:<\/strong> 1h<\/p>","protected":false},"excerpt":{"rendered":"<p>Ikdienas konceptu nodarb\u012bbu m\u0113r\u0137is ir turpin\u0101t nostiprin\u0101t pamatzin\u0101\u0161anas un iem\u0101c\u012bt sunim rea\u0123\u0113t pareizi daudzveid\u012bg\u0101s, nepaz\u012bstam\u0101s un sare\u017e\u0123\u012bt\u0101s situ\u0101cij\u0101s.<\/p>\n<p>&nbsp;<\/p>\n<p>&nbsp;<\/p>","protected":false},"featured_media":7847,"comment_status":"closed","ping_status":"closed","template":"","meta":[],"product_brand":[],"product_cat":[43],"product_tag":[],"class_list":{"0":"post-6649","1":"product","2":"type-product","3":"status-publish","4":"has-post-thumbnail","6":"product_cat-izglitojosi","8":"first","9":"instock","10":"virtual","11":"taxable","12":"purchasable","13":"product-type-simple"},"yoast_head":"<!-- This site is optimized with the Yoast SEO plugin v27.6 - https:\/\/yoast.com\/product\/yoast-seo-wordpress\/ -->\n<title>Paklaus\u012bbas nodarb\u012bbas su\u0146iem ar un bez priek\u0161zin\u0101\u0161an\u0101m | MyPerfectDog.lv<\/title>\n<meta name=\"robots\" content=\"index, follow, max-snippet:-1, max-image-preview:large, max-video-preview:-1\" \/>\n<link rel=\"canonical\" href=\"https:\/\/myperfectdog.lv\/en\/product\/grupu-nodarbiba-suniem-ar-priekszinasanam\/\" \/>\n<meta property=\"og:locale\" content=\"en_GB\" \/>\n<meta property=\"og:type\" content=\"article\" \/>\n<meta property=\"og:title\" content=\"Paklaus\u012bbas nodarb\u012bbas su\u0146iem ar un bez priek\u0161zin\u0101\u0161an\u0101m | MyPerfectDog.lv\" \/>\n<meta property=\"og:description\" content=\"Ikdienas konceptu nodarb\u012bbu m\u0113r\u0137is ir turpin\u0101t nostiprin\u0101t pamatzin\u0101\u0161anas un iem\u0101c\u012bt sunim rea\u0123\u0113t pareizi daudzveid\u012bg\u0101s, nepaz\u012bstam\u0101s un sare\u017e\u0123\u012bt\u0101s situ\u0101cij\u0101s.  &nbsp;  &nbsp;\" \/>\n<meta property=\"og:url\" content=\"https:\/\/myperfectdog.lv\/en\/product\/grupu-nodarbiba-suniem-ar-priekszinasanam\/\" \/>\n<meta property=\"og:site_name\" content=\"MyPerfectDog.lv\" \/>\n<meta property=\"article:modified_time\" content=\"2026-02-04T11:46:54+00:00\" \/>\n<meta property=\"og:image\" content=\"https:\/\/myperfectdog.lv\/wp-content\/uploads\/2023\/06\/240.jpg\" \/>\n\t<meta property=\"og:image:width\" content=\"1080\" \/>\n\t<meta property=\"og:image:height\" content=\"1080\" \/>\n\t<meta property=\"og:image:type\" content=\"image\/jpeg\" \/>\n<meta name=\"twitter:card\" content=\"summary_large_image\" \/>\n<meta name=\"twitter:label1\" content=\"Estimated reading time\" \/>\n\t<meta name=\"twitter:data1\" content=\"1 minute\" \/>\n<script type=\"application\/ld+json\" class=\"yoast-schema-graph\">{\"@context\":\"https:\\\/\\\/schema.org\",\"@graph\":[{\"@type\":\"WebPage\",\"@id\":\"https:\\\/\\\/myperfectdog.lv\\\/products\\\/grupu-nodarbiba-suniem-ar-priekszinasanam\\\/\",\"url\":\"https:\\\/\\\/myperfectdog.lv\\\/products\\\/grupu-nodarbiba-suniem-ar-priekszinasanam\\\/\",\"name\":\"Paklaus\u012bbas nodarb\u012bbas su\u0146iem ar un bez priek\u0161zin\u0101\u0161an\u0101m | MyPerfectDog.lv\",\"isPartOf\":{\"@id\":\"https:\\\/\\\/myperfectdog.lv\\\/#website\"},\"primaryImageOfPage\":{\"@id\":\"https:\\\/\\\/myperfectdog.lv\\\/products\\\/grupu-nodarbiba-suniem-ar-priekszinasanam\\\/#primaryimage\"},\"image\":{\"@id\":\"https:\\\/\\\/myperfectdog.lv\\\/products\\\/grupu-nodarbiba-suniem-ar-priekszinasanam\\\/#primaryimage\"},\"thumbnailUrl\":\"https:\\\/\\\/myperfectdog.lv\\\/wp-content\\\/uploads\\\/2023\\\/06\\\/240.jpg\",\"datePublished\":\"2023-03-30T15:45:24+00:00\",\"dateModified\":\"2026-02-04T11:46:54+00:00\",\"breadcrumb\":{\"@id\":\"https:\\\/\\\/myperfectdog.lv\\\/products\\\/grupu-nodarbiba-suniem-ar-priekszinasanam\\\/#breadcrumb\"},\"inLanguage\":\"en-GB\",\"potentialAction\":[{\"@type\":\"ReadAction\",\"target\":[\"https:\\\/\\\/myperfectdog.lv\\\/products\\\/grupu-nodarbiba-suniem-ar-priekszinasanam\\\/\"]}]},{\"@type\":\"ImageObject\",\"inLanguage\":\"en-GB\",\"@id\":\"https:\\\/\\\/myperfectdog.lv\\\/products\\\/grupu-nodarbiba-suniem-ar-priekszinasanam\\\/#primaryimage\",\"url\":\"https:\\\/\\\/myperfectdog.lv\\\/wp-content\\\/uploads\\\/2023\\\/06\\\/240.jpg\",\"contentUrl\":\"https:\\\/\\\/myperfectdog.lv\\\/wp-content\\\/uploads\\\/2023\\\/06\\\/240.jpg\",\"width\":1080,\"height\":1080},{\"@type\":\"BreadcrumbList\",\"@id\":\"https:\\\/\\\/myperfectdog.lv\\\/products\\\/grupu-nodarbiba-suniem-ar-priekszinasanam\\\/#breadcrumb\",\"itemListElement\":[{\"@type\":\"ListItem\",\"position\":1,\"name\":\"Home\",\"item\":\"https:\\\/\\\/myperfectdog.lv\\\/\"},{\"@type\":\"ListItem\",\"position\":2,\"name\":\"Internetveikals\",\"item\":\"https:\\\/\\\/myperfectdog.lv\\\/internetveikals\\\/\"},{\"@type\":\"ListItem\",\"position\":3,\"name\":\"Paklaus\u012bbas nodarb\u012bbas su\u0146iem ar un bez priek\u0161zin\u0101\u0161an\u0101m\"}]},{\"@type\":\"WebSite\",\"@id\":\"https:\\\/\\\/myperfectdog.lv\\\/#website\",\"url\":\"https:\\\/\\\/myperfectdog.lv\\\/\",\"name\":\"MyPerfectDog.lv\",\"description\":\"Su\u0146u un saimnieku skola\",\"publisher\":{\"@id\":\"https:\\\/\\\/myperfectdog.lv\\\/#organization\"},\"potentialAction\":[{\"@type\":\"SearchAction\",\"target\":{\"@type\":\"EntryPoint\",\"urlTemplate\":\"https:\\\/\\\/myperfectdog.lv\\\/?s={search_term_string}\"},\"query-input\":{\"@type\":\"PropertyValueSpecification\",\"valueRequired\":true,\"valueName\":\"search_term_string\"}}],\"inLanguage\":\"en-GB\"},{\"@type\":\"Organization\",\"@id\":\"https:\\\/\\\/myperfectdog.lv\\\/#organization\",\"name\":\"Su\u0146u & saimnieku skola \\\"My Perfect Dog\\\"\",\"url\":\"https:\\\/\\\/myperfectdog.lv\\\/\",\"logo\":{\"@type\":\"ImageObject\",\"inLanguage\":\"en-GB\",\"@id\":\"https:\\\/\\\/myperfectdog.lv\\\/#\\\/schema\\\/logo\\\/image\\\/\",\"url\":\"https:\\\/\\\/myperfectdog.lv\\\/wp-content\\\/uploads\\\/2020\\\/10\\\/MyPerfectDog-New-logo_peach_plakans.png\",\"contentUrl\":\"https:\\\/\\\/myperfectdog.lv\\\/wp-content\\\/uploads\\\/2020\\\/10\\\/MyPerfectDog-New-logo_peach_plakans.png\",\"width\":1200,\"height\":636,\"caption\":\"Su\u0146u & saimnieku skola \\\"My Perfect Dog\\\"\"},\"image\":{\"@id\":\"https:\\\/\\\/myperfectdog.lv\\\/#\\\/schema\\\/logo\\\/image\\\/\"}}]}<\/script>\n<!-- \/ Yoast SEO plugin. -->","yoast_head_json":{"title":"Paklaus\u012bbas nodarb\u012bbas su\u0146iem ar un bez priek\u0161zin\u0101\u0161an\u0101m | MyPerfectDog.lv","robots":{"index":"index","follow":"follow","max-snippet":"max-snippet:-1","max-image-preview":"max-image-preview:large","max-video-preview":"max-video-preview:-1"},"canonical":"https:\/\/myperfectdog.lv\/en\/product\/grupu-nodarbiba-suniem-ar-priekszinasanam\/","og_locale":"en_GB","og_type":"article","og_title":"Paklaus\u012bbas nodarb\u012bbas su\u0146iem ar un bez priek\u0161zin\u0101\u0161an\u0101m | MyPerfectDog.lv","og_description":"Ikdienas konceptu nodarb\u012bbu m\u0113r\u0137is ir turpin\u0101t nostiprin\u0101t pamatzin\u0101\u0161anas un iem\u0101c\u012bt sunim rea\u0123\u0113t pareizi daudzveid\u012bg\u0101s, nepaz\u012bstam\u0101s un sare\u017e\u0123\u012bt\u0101s situ\u0101cij\u0101s.  &nbsp;  &nbsp;","og_url":"https:\/\/myperfectdog.lv\/en\/product\/grupu-nodarbiba-suniem-ar-priekszinasanam\/","og_site_name":"MyPerfectDog.lv","article_modified_time":"2026-02-04T11:46:54+00:00","og_image":[{"width":1080,"height":1080,"url":"https:\/\/myperfectdog.lv\/wp-content\/uploads\/2023\/06\/240.jpg","type":"image\/jpeg"}],"twitter_card":"summary_large_image","twitter_misc":{"Estimated reading time":"1 minute"},"schema":{"@context":"https:\/\/schema.org","@graph":[{"@type":"WebPage","@id":"https:\/\/myperfectdog.lv\/products\/grupu-nodarbiba-suniem-ar-priekszinasanam\/","url":"https:\/\/myperfectdog.lv\/products\/grupu-nodarbiba-suniem-ar-priekszinasanam\/","name":"Paklaus\u012bbas nodarb\u012bbas su\u0146iem ar un bez priek\u0161zin\u0101\u0161an\u0101m | MyPerfectDog.lv","isPartOf":{"@id":"https:\/\/myperfectdog.lv\/#website"},"primaryImageOfPage":{"@id":"https:\/\/myperfectdog.lv\/products\/grupu-nodarbiba-suniem-ar-priekszinasanam\/#primaryimage"},"image":{"@id":"https:\/\/myperfectdog.lv\/products\/grupu-nodarbiba-suniem-ar-priekszinasanam\/#primaryimage"},"thumbnailUrl":"https:\/\/myperfectdog.lv\/wp-content\/uploads\/2023\/06\/240.jpg","datePublished":"2023-03-30T15:45:24+00:00","dateModified":"2026-02-04T11:46:54+00:00","breadcrumb":{"@id":"https:\/\/myperfectdog.lv\/products\/grupu-nodarbiba-suniem-ar-priekszinasanam\/#breadcrumb"},"inLanguage":"en-GB","potentialAction":[{"@type":"ReadAction","target":["https:\/\/myperfectdog.lv\/products\/grupu-nodarbiba-suniem-ar-priekszinasanam\/"]}]},{"@type":"ImageObject","inLanguage":"en-GB","@id":"https:\/\/myperfectdog.lv\/products\/grupu-nodarbiba-suniem-ar-priekszinasanam\/#primaryimage","url":"https:\/\/myperfectdog.lv\/wp-content\/uploads\/2023\/06\/240.jpg","contentUrl":"https:\/\/myperfectdog.lv\/wp-content\/uploads\/2023\/06\/240.jpg","width":1080,"height":1080},{"@type":"BreadcrumbList","@id":"https:\/\/myperfectdog.lv\/products\/grupu-nodarbiba-suniem-ar-priekszinasanam\/#breadcrumb","itemListElement":[{"@type":"ListItem","position":1,"name":"Home","item":"https:\/\/myperfectdog.lv\/"},{"@type":"ListItem","position":2,"name":"Internetveikals","item":"https:\/\/myperfectdog.lv\/internetveikals\/"},{"@type":"ListItem","position":3,"name":"Paklaus\u012bbas nodarb\u012bbas su\u0146iem ar un bez priek\u0161zin\u0101\u0161an\u0101m"}]},{"@type":"WebSite","@id":"https:\/\/myperfectdog.lv\/#website","url":"https:\/\/myperfectdog.lv\/","name":"MyPerfectDog.lv","description":"Su\u0146u un saimnieku skola","publisher":{"@id":"https:\/\/myperfectdog.lv\/#organization"},"potentialAction":[{"@type":"SearchAction","target":{"@type":"EntryPoint","urlTemplate":"https:\/\/myperfectdog.lv\/?s={search_term_string}"},"query-input":{"@type":"PropertyValueSpecification","valueRequired":true,"valueName":"search_term_string"}}],"inLanguage":"en-GB"},{"@type":"Organization","@id":"https:\/\/myperfectdog.lv\/#organization","name":"Su\u0146u & saimnieku skola \"My Perfect Dog\"","url":"https:\/\/myperfectdog.lv\/","logo":{"@type":"ImageObject","inLanguage":"en-GB","@id":"https:\/\/myperfectdog.lv\/#\/schema\/logo\/image\/","url":"https:\/\/myperfectdog.lv\/wp-content\/uploads\/2020\/10\/MyPerfectDog-New-logo_peach_plakans.png","contentUrl":"https:\/\/myperfectdog.lv\/wp-content\/uploads\/2020\/10\/MyPerfectDog-New-logo_peach_plakans.png","width":1200,"height":636,"caption":"Su\u0146u & saimnieku skola \"My Perfect Dog\""},"image":{"@id":"https:\/\/myperfectdog.lv\/#\/schema\/logo\/image\/"}}]}},"jetpack_sharing_enabled":true,"_links":{"self":[{"href":"https:\/\/myperfectdog.lv\/en\/wp-json\/wp\/v2\/product\/6649","targetHints":{"allow":["GET"]}}],"collection":[{"href":"https:\/\/myperfectdog.lv\/en\/wp-json\/wp\/v2\/product"}],"about":[{"href":"https:\/\/myperfectdog.lv\/en\/wp-json\/wp\/v2\/types\/product"}],"replies":[{"embeddable":true,"href":"https:\/\/myperfectdog.lv\/en\/wp-json\/wp\/v2\/comments?post=6649"}],"wp:featuredmedia":[{"embeddable":true,"href":"https:\/\/myperfectdog.lv\/en\/wp-json\/wp\/v2\/media\/7847"}],"wp:attachment":[{"href":"https:\/\/myperfectdog.lv\/en\/wp-json\/wp\/v2\/media?parent=6649"}],"wp:term":[{"taxonomy":"product_brand","embeddable":true,"href":"https:\/\/myperfectdog.lv\/en\/wp-json\/wp\/v2\/product_brand?post=6649"},{"taxonomy":"product_cat","embeddable":true,"href":"https:\/\/myperfectdog.lv\/en\/wp-json\/wp\/v2\/product_cat?post=6649"},{"taxonomy":"product_tag","embeddable":true,"href":"https:\/\/myperfectdog.lv\/en\/wp-json\/wp\/v2\/product_tag?post=6649"}],"curies":[{"name":"wp","href":"https:\/\/api.w.org\/{rel}","templated":true}]}}