{"id":6743,"date":"2023-04-11T05:29:14","date_gmt":"2023-04-11T03:29:14","guid":{"rendered":"https:\/\/myperfectdog.lv\/?post_type=product&#038;p=6743"},"modified":"2025-10-03T20:21:25","modified_gmt":"2025-10-03T18:21:25","slug":"praktisks-seminars-bailigi-reaktivi-suni","status":"publish","type":"product","link":"https:\/\/myperfectdog.lv\/en\/product\/praktisks-seminars-bailigi-reaktivi-suni\/","title":{"rendered":"PRAKTISKS SEMIN\u0100RS  9.DECEMBR\u012a  BAIL\u012aGU, REAKT\u012aVU UN AGRES\u012aVU SU\u0145U SAIMNIEKIEM"},"content":{"rendered":"","protected":false},"excerpt":{"rendered":"<h5><em>Semin\u0101rs paredz\u0113ts saimniekiem, kuriem suns ir\u00a0<\/em><em>bail\u012bgs, trauksmains, reakt\u012bvs vai pat agres\u012bvs pret cilv\u0113kiem, su\u0146iem (u.c.).<\/em><\/h5>\n<h4><strong>Praktiskais semin\u0101rs 2.da\u013c\u0101s | 9.decembr\u012b, sestdien\u0101 | Plkst.12.00-15.30\u00a0<\/strong><\/h4>\n<p><strong>Semin\u0101ra norises vieta:<\/strong> Dzirnieku iela 24, M\u0101rupe <em>(1. izgl\u012btojo\u0161\u0101 da\u013ca notiks iek\u0161telp\u0101s SIA &#8220;Vet-Med&#8221; telp\u0101s, 2.praktisk\u0101 da\u013ca notiks tur pat \u0101r\u0101)<\/em><\/p>\n<p><strong>1.semin\u0101ra da\u013ca b\u016bs izgl\u012btojo\u0161\u0101 da\u013ca.<\/strong> Taj\u0101 st\u0101st\u012b\u0161u detaliz\u0113ti, k\u0101p\u0113c su\u0146i k\u013c\u016bst bail\u012bgi \/ reakt\u012bvi \/ agres\u012bvi, un kas ir prim\u0101r\u0101 nepiecie\u0161am\u012bba \u0161\u0101diem su\u0146iem. T\u0101pat\u00a0 uzzin\u0101siet visu par su\u0146u \u0137erme\u0146a valodu, psiholo\u0123iju, dabiskaj\u0101m pamatvajadz\u012bb\u0101m un to, k\u0101 su\u0146i veido savas asoci\u0101cijas (uzved\u012bbu), un k\u0101 tas viss Jums &#8211; saimniekiem ikdien\u0101 ir j\u0101izmanto, lai pal\u012bdz\u0113tu savam bail\u012bgajam \/ reakt\u012bvajam \/ agres\u012bvajam sunim k\u013c\u016bt mier\u012bgam un pa\u0161p\u0101rliecin\u0101tam situ\u0101cij\u0101s, kuras \u0161obr\u012bd sag\u0101d\u0101 probl\u0113mas.<\/p>\n<p><strong>2.semin\u0101ra da\u013ca b\u016bs praktisk\u0101 da\u013ca.<\/strong> \u0160aj\u0101 da\u013c\u0101, iesaistot J\u016bsu su\u0146us, praktiski str\u0101d\u0101sim uz 1.da\u013c\u0101 p\u0101rrun\u0101to &#8211; organiz\u0113sim su\u0146u socializ\u0101cijas pastaigu, miera treni\u0146u ap sve\u0161iem su\u0146iem un cilv\u0113kiem, analiz\u0113sim su\u0146u \u0137erme\u0146a valodu, iem\u0101c\u012bsities veiksm\u012bgu su\u0146a mened\u017ementu, lai vi\u0146am pal\u012bdz\u0113tu atk\u0101pties no diskomfort\u0101m situ\u0101cij\u0101m un stiprin\u0101siet savu saikni un sadarb\u012bbu kairin\u0101t\u0101ju kl\u0101tb\u016btn\u0113.<\/p>\n<p><em><strong>\u0145em v\u0113r\u0101!<\/strong><\/em><\/p>\n<p>Dal\u012bbai semin\u0101r\u0101 ir ierobe\u017eots vietu skaits: 10 vietas dal\u012bbai ar savu suni <strong>(BR\u012aVU VIETU NAV)<\/strong> , savuk\u0101rt 15 vietas dal\u012bbai bez su\u0146a.<\/p>","protected":false},"featured_media":7992,"comment_status":"closed","ping_status":"closed","template":"","meta":[],"product_brand":[],"product_cat":[43],"product_tag":[],"class_list":{"0":"post-6743","1":"product","2":"type-product","3":"status-publish","4":"has-post-thumbnail","6":"product_cat-izglitojosi","8":"first","9":"instock","10":"taxable","11":"shipping-taxable","12":"purchasable","13":"product-type-variable"},"yoast_head":"<!-- This site is optimized with the Yoast SEO plugin v27.6 - https:\/\/yoast.com\/product\/yoast-seo-wordpress\/ -->\n<title>PRAKTISKS SEMIN\u0100RS 9.DECEMBR\u012a BAIL\u012aGU, REAKT\u012aVU UN AGRES\u012aVU SU\u0145U SAIMNIEKIEM | MyPerfectDog.lv<\/title>\n<meta name=\"robots\" content=\"index, follow, max-snippet:-1, max-image-preview:large, max-video-preview:-1\" \/>\n<link rel=\"canonical\" href=\"https:\/\/myperfectdog.lv\/en\/product\/praktisks-seminars-bailigi-reaktivi-suni\/\" \/>\n<meta property=\"og:locale\" content=\"en_GB\" \/>\n<meta property=\"og:type\" content=\"article\" \/>\n<meta property=\"og:title\" content=\"PRAKTISKS SEMIN\u0100RS 9.DECEMBR\u012a BAIL\u012aGU, REAKT\u012aVU UN AGRES\u012aVU SU\u0145U SAIMNIEKIEM | MyPerfectDog.lv\" \/>\n<meta property=\"og:description\" content=\"Semin\u0101rs paredz\u0113ts saimniekiem, kuriem suns ir\u00a0bail\u012bgs, trauksmains, reakt\u012bvs vai pat agres\u012bvs pret cilv\u0113kiem, su\u0146iem (u.c.). Praktiskais semin\u0101rs 2.da\u013c\u0101s | 9.decembr\u012b, sestdien\u0101 | Plkst.12.00-15.30\u00a0 Semin\u0101ra norises vieta: Dzirnieku iela 24, M\u0101rupe (1. izgl\u012btojo\u0161\u0101 da\u013ca notiks iek\u0161telp\u0101s SIA &quot;Vet-Med&quot; telp\u0101s, 2.praktisk\u0101 da\u013ca notiks tur pat \u0101r\u0101)  1.semin\u0101ra da\u013ca b\u016bs izgl\u012btojo\u0161\u0101 da\u013ca. Taj\u0101 st\u0101st\u012b\u0161u detaliz\u0113ti, k\u0101p\u0113c su\u0146i k\u013c\u016bst bail\u012bgi \/ reakt\u012bvi \/ agres\u012bvi, un kas ir prim\u0101r\u0101 nepiecie\u0161am\u012bba \u0161\u0101diem su\u0146iem. T\u0101pat\u00a0 uzzin\u0101siet visu par su\u0146u \u0137erme\u0146a valodu, psiholo\u0123iju, dabiskaj\u0101m pamatvajadz\u012bb\u0101m un to, k\u0101 su\u0146i veido savas asoci\u0101cijas (uzved\u012bbu), un k\u0101 tas viss Jums - saimniekiem ikdien\u0101 ir j\u0101izmanto, lai pal\u012bdz\u0113tu savam bail\u012bgajam \/ reakt\u012bvajam \/ agres\u012bvajam sunim k\u013c\u016bt mier\u012bgam un pa\u0161p\u0101rliecin\u0101tam situ\u0101cij\u0101s, kuras \u0161obr\u012bd sag\u0101d\u0101 probl\u0113mas.  2.semin\u0101ra da\u013ca b\u016bs praktisk\u0101 da\u013ca. \u0160aj\u0101 da\u013c\u0101, iesaistot J\u016bsu su\u0146us, praktiski str\u0101d\u0101sim uz 1.da\u013c\u0101 p\u0101rrun\u0101to - organiz\u0113sim su\u0146u socializ\u0101cijas pastaigu, miera treni\u0146u ap sve\u0161iem su\u0146iem un cilv\u0113kiem, analiz\u0113sim su\u0146u \u0137erme\u0146a valodu, iem\u0101c\u012bsities veiksm\u012bgu su\u0146a mened\u017ementu, lai vi\u0146am pal\u012bdz\u0113tu atk\u0101pties no diskomfort\u0101m situ\u0101cij\u0101m un stiprin\u0101siet savu saikni un sadarb\u012bbu kairin\u0101t\u0101ju kl\u0101tb\u016btn\u0113.  \u0145em v\u0113r\u0101!  Dal\u012bbai semin\u0101r\u0101 ir ierobe\u017eots vietu skaits: 10 vietas dal\u012bbai ar savu suni (BR\u012aVU VIETU NAV) , savuk\u0101rt 15 vietas dal\u012bbai bez su\u0146a.\" \/>\n<meta property=\"og:url\" content=\"https:\/\/myperfectdog.lv\/en\/product\/praktisks-seminars-bailigi-reaktivi-suni\/\" \/>\n<meta property=\"og:site_name\" content=\"MyPerfectDog.lv\" \/>\n<meta property=\"article:modified_time\" content=\"2025-10-03T18:21:25+00:00\" \/>\n<meta property=\"og:image\" content=\"https:\/\/myperfectdog.lv\/wp-content\/uploads\/2023\/04\/Story-templates.png\" \/>\n\t<meta property=\"og:image:width\" content=\"1079\" \/>\n\t<meta property=\"og:image:height\" content=\"1080\" \/>\n\t<meta property=\"og:image:type\" content=\"image\/png\" \/>\n<meta name=\"twitter:card\" content=\"summary_large_image\" \/>\n<script type=\"application\/ld+json\" class=\"yoast-schema-graph\">{\"@context\":\"https:\\\/\\\/schema.org\",\"@graph\":[{\"@type\":\"WebPage\",\"@id\":\"https:\\\/\\\/myperfectdog.lv\\\/products\\\/praktisks-seminars-bailigi-reaktivi-suni\\\/\",\"url\":\"https:\\\/\\\/myperfectdog.lv\\\/products\\\/praktisks-seminars-bailigi-reaktivi-suni\\\/\",\"name\":\"PRAKTISKS SEMIN\u0100RS 9.DECEMBR\u012a BAIL\u012aGU, REAKT\u012aVU UN AGRES\u012aVU SU\u0145U SAIMNIEKIEM | MyPerfectDog.lv\",\"isPartOf\":{\"@id\":\"https:\\\/\\\/myperfectdog.lv\\\/#website\"},\"primaryImageOfPage\":{\"@id\":\"https:\\\/\\\/myperfectdog.lv\\\/products\\\/praktisks-seminars-bailigi-reaktivi-suni\\\/#primaryimage\"},\"image\":{\"@id\":\"https:\\\/\\\/myperfectdog.lv\\\/products\\\/praktisks-seminars-bailigi-reaktivi-suni\\\/#primaryimage\"},\"thumbnailUrl\":\"https:\\\/\\\/myperfectdog.lv\\\/wp-content\\\/uploads\\\/2023\\\/04\\\/Story-templates.png\",\"datePublished\":\"2023-04-11T03:29:14+00:00\",\"dateModified\":\"2025-10-03T18:21:25+00:00\",\"breadcrumb\":{\"@id\":\"https:\\\/\\\/myperfectdog.lv\\\/products\\\/praktisks-seminars-bailigi-reaktivi-suni\\\/#breadcrumb\"},\"inLanguage\":\"en-GB\",\"potentialAction\":[{\"@type\":\"ReadAction\",\"target\":[\"https:\\\/\\\/myperfectdog.lv\\\/products\\\/praktisks-seminars-bailigi-reaktivi-suni\\\/\"]}]},{\"@type\":\"ImageObject\",\"inLanguage\":\"en-GB\",\"@id\":\"https:\\\/\\\/myperfectdog.lv\\\/products\\\/praktisks-seminars-bailigi-reaktivi-suni\\\/#primaryimage\",\"url\":\"https:\\\/\\\/myperfectdog.lv\\\/wp-content\\\/uploads\\\/2023\\\/04\\\/Story-templates.png\",\"contentUrl\":\"https:\\\/\\\/myperfectdog.lv\\\/wp-content\\\/uploads\\\/2023\\\/04\\\/Story-templates.png\",\"width\":1079,\"height\":1080},{\"@type\":\"BreadcrumbList\",\"@id\":\"https:\\\/\\\/myperfectdog.lv\\\/products\\\/praktisks-seminars-bailigi-reaktivi-suni\\\/#breadcrumb\",\"itemListElement\":[{\"@type\":\"ListItem\",\"position\":1,\"name\":\"Home\",\"item\":\"https:\\\/\\\/myperfectdog.lv\\\/\"},{\"@type\":\"ListItem\",\"position\":2,\"name\":\"Internetveikals\",\"item\":\"https:\\\/\\\/myperfectdog.lv\\\/internetveikals\\\/\"},{\"@type\":\"ListItem\",\"position\":3,\"name\":\"PRAKTISKS SEMIN\u0100RS 9.DECEMBR\u012a BAIL\u012aGU, REAKT\u012aVU UN AGRES\u012aVU SU\u0145U SAIMNIEKIEM\"}]},{\"@type\":\"WebSite\",\"@id\":\"https:\\\/\\\/myperfectdog.lv\\\/#website\",\"url\":\"https:\\\/\\\/myperfectdog.lv\\\/\",\"name\":\"MyPerfectDog.lv\",\"description\":\"Su\u0146u un saimnieku skola\",\"publisher\":{\"@id\":\"https:\\\/\\\/myperfectdog.lv\\\/#organization\"},\"potentialAction\":[{\"@type\":\"SearchAction\",\"target\":{\"@type\":\"EntryPoint\",\"urlTemplate\":\"https:\\\/\\\/myperfectdog.lv\\\/?s={search_term_string}\"},\"query-input\":{\"@type\":\"PropertyValueSpecification\",\"valueRequired\":true,\"valueName\":\"search_term_string\"}}],\"inLanguage\":\"en-GB\"},{\"@type\":\"Organization\",\"@id\":\"https:\\\/\\\/myperfectdog.lv\\\/#organization\",\"name\":\"Su\u0146u & saimnieku skola \\\"My Perfect Dog\\\"\",\"url\":\"https:\\\/\\\/myperfectdog.lv\\\/\",\"logo\":{\"@type\":\"ImageObject\",\"inLanguage\":\"en-GB\",\"@id\":\"https:\\\/\\\/myperfectdog.lv\\\/#\\\/schema\\\/logo\\\/image\\\/\",\"url\":\"https:\\\/\\\/myperfectdog.lv\\\/wp-content\\\/uploads\\\/2020\\\/10\\\/MyPerfectDog-New-logo_peach_plakans.png\",\"contentUrl\":\"https:\\\/\\\/myperfectdog.lv\\\/wp-content\\\/uploads\\\/2020\\\/10\\\/MyPerfectDog-New-logo_peach_plakans.png\",\"width\":1200,\"height\":636,\"caption\":\"Su\u0146u & saimnieku skola \\\"My Perfect Dog\\\"\"},\"image\":{\"@id\":\"https:\\\/\\\/myperfectdog.lv\\\/#\\\/schema\\\/logo\\\/image\\\/\"}}]}<\/script>\n<!-- \/ Yoast SEO plugin. -->","yoast_head_json":{"title":"PRAKTISKS SEMIN\u0100RS 9.DECEMBR\u012a BAIL\u012aGU, REAKT\u012aVU UN AGRES\u012aVU SU\u0145U SAIMNIEKIEM | MyPerfectDog.lv","robots":{"index":"index","follow":"follow","max-snippet":"max-snippet:-1","max-image-preview":"max-image-preview:large","max-video-preview":"max-video-preview:-1"},"canonical":"https:\/\/myperfectdog.lv\/en\/product\/praktisks-seminars-bailigi-reaktivi-suni\/","og_locale":"en_GB","og_type":"article","og_title":"PRAKTISKS SEMIN\u0100RS 9.DECEMBR\u012a BAIL\u012aGU, REAKT\u012aVU UN AGRES\u012aVU SU\u0145U SAIMNIEKIEM | MyPerfectDog.lv","og_description":"Semin\u0101rs paredz\u0113ts saimniekiem, kuriem suns ir\u00a0bail\u012bgs, trauksmains, reakt\u012bvs vai pat agres\u012bvs pret cilv\u0113kiem, su\u0146iem (u.c.). Praktiskais semin\u0101rs 2.da\u013c\u0101s | 9.decembr\u012b, sestdien\u0101 | Plkst.12.00-15.30\u00a0 Semin\u0101ra norises vieta: Dzirnieku iela 24, M\u0101rupe (1. izgl\u012btojo\u0161\u0101 da\u013ca notiks iek\u0161telp\u0101s SIA \"Vet-Med\" telp\u0101s, 2.praktisk\u0101 da\u013ca notiks tur pat \u0101r\u0101)  1.semin\u0101ra da\u013ca b\u016bs izgl\u012btojo\u0161\u0101 da\u013ca. Taj\u0101 st\u0101st\u012b\u0161u detaliz\u0113ti, k\u0101p\u0113c su\u0146i k\u013c\u016bst bail\u012bgi \/ reakt\u012bvi \/ agres\u012bvi, un kas ir prim\u0101r\u0101 nepiecie\u0161am\u012bba \u0161\u0101diem su\u0146iem. T\u0101pat\u00a0 uzzin\u0101siet visu par su\u0146u \u0137erme\u0146a valodu, psiholo\u0123iju, dabiskaj\u0101m pamatvajadz\u012bb\u0101m un to, k\u0101 su\u0146i veido savas asoci\u0101cijas (uzved\u012bbu), un k\u0101 tas viss Jums - saimniekiem ikdien\u0101 ir j\u0101izmanto, lai pal\u012bdz\u0113tu savam bail\u012bgajam \/ reakt\u012bvajam \/ agres\u012bvajam sunim k\u013c\u016bt mier\u012bgam un pa\u0161p\u0101rliecin\u0101tam situ\u0101cij\u0101s, kuras \u0161obr\u012bd sag\u0101d\u0101 probl\u0113mas.  2.semin\u0101ra da\u013ca b\u016bs praktisk\u0101 da\u013ca. \u0160aj\u0101 da\u013c\u0101, iesaistot J\u016bsu su\u0146us, praktiski str\u0101d\u0101sim uz 1.da\u013c\u0101 p\u0101rrun\u0101to - organiz\u0113sim su\u0146u socializ\u0101cijas pastaigu, miera treni\u0146u ap sve\u0161iem su\u0146iem un cilv\u0113kiem, analiz\u0113sim su\u0146u \u0137erme\u0146a valodu, iem\u0101c\u012bsities veiksm\u012bgu su\u0146a mened\u017ementu, lai vi\u0146am pal\u012bdz\u0113tu atk\u0101pties no diskomfort\u0101m situ\u0101cij\u0101m un stiprin\u0101siet savu saikni un sadarb\u012bbu kairin\u0101t\u0101ju kl\u0101tb\u016btn\u0113.  \u0145em v\u0113r\u0101!  Dal\u012bbai semin\u0101r\u0101 ir ierobe\u017eots vietu skaits: 10 vietas dal\u012bbai ar savu suni (BR\u012aVU VIETU NAV) , savuk\u0101rt 15 vietas dal\u012bbai bez su\u0146a.","og_url":"https:\/\/myperfectdog.lv\/en\/product\/praktisks-seminars-bailigi-reaktivi-suni\/","og_site_name":"MyPerfectDog.lv","article_modified_time":"2025-10-03T18:21:25+00:00","og_image":[{"width":1079,"height":1080,"url":"https:\/\/myperfectdog.lv\/wp-content\/uploads\/2023\/04\/Story-templates.png","type":"image\/png"}],"twitter_card":"summary_large_image","schema":{"@context":"https:\/\/schema.org","@graph":[{"@type":"WebPage","@id":"https:\/\/myperfectdog.lv\/products\/praktisks-seminars-bailigi-reaktivi-suni\/","url":"https:\/\/myperfectdog.lv\/products\/praktisks-seminars-bailigi-reaktivi-suni\/","name":"PRAKTISKS SEMIN\u0100RS 9.DECEMBR\u012a BAIL\u012aGU, REAKT\u012aVU UN AGRES\u012aVU SU\u0145U SAIMNIEKIEM | MyPerfectDog.lv","isPartOf":{"@id":"https:\/\/myperfectdog.lv\/#website"},"primaryImageOfPage":{"@id":"https:\/\/myperfectdog.lv\/products\/praktisks-seminars-bailigi-reaktivi-suni\/#primaryimage"},"image":{"@id":"https:\/\/myperfectdog.lv\/products\/praktisks-seminars-bailigi-reaktivi-suni\/#primaryimage"},"thumbnailUrl":"https:\/\/myperfectdog.lv\/wp-content\/uploads\/2023\/04\/Story-templates.png","datePublished":"2023-04-11T03:29:14+00:00","dateModified":"2025-10-03T18:21:25+00:00","breadcrumb":{"@id":"https:\/\/myperfectdog.lv\/products\/praktisks-seminars-bailigi-reaktivi-suni\/#breadcrumb"},"inLanguage":"en-GB","potentialAction":[{"@type":"ReadAction","target":["https:\/\/myperfectdog.lv\/products\/praktisks-seminars-bailigi-reaktivi-suni\/"]}]},{"@type":"ImageObject","inLanguage":"en-GB","@id":"https:\/\/myperfectdog.lv\/products\/praktisks-seminars-bailigi-reaktivi-suni\/#primaryimage","url":"https:\/\/myperfectdog.lv\/wp-content\/uploads\/2023\/04\/Story-templates.png","contentUrl":"https:\/\/myperfectdog.lv\/wp-content\/uploads\/2023\/04\/Story-templates.png","width":1079,"height":1080},{"@type":"BreadcrumbList","@id":"https:\/\/myperfectdog.lv\/products\/praktisks-seminars-bailigi-reaktivi-suni\/#breadcrumb","itemListElement":[{"@type":"ListItem","position":1,"name":"Home","item":"https:\/\/myperfectdog.lv\/"},{"@type":"ListItem","position":2,"name":"Internetveikals","item":"https:\/\/myperfectdog.lv\/internetveikals\/"},{"@type":"ListItem","position":3,"name":"PRAKTISKS SEMIN\u0100RS 9.DECEMBR\u012a BAIL\u012aGU, REAKT\u012aVU UN AGRES\u012aVU SU\u0145U SAIMNIEKIEM"}]},{"@type":"WebSite","@id":"https:\/\/myperfectdog.lv\/#website","url":"https:\/\/myperfectdog.lv\/","name":"MyPerfectDog.lv","description":"Su\u0146u un saimnieku skola","publisher":{"@id":"https:\/\/myperfectdog.lv\/#organization"},"potentialAction":[{"@type":"SearchAction","target":{"@type":"EntryPoint","urlTemplate":"https:\/\/myperfectdog.lv\/?s={search_term_string}"},"query-input":{"@type":"PropertyValueSpecification","valueRequired":true,"valueName":"search_term_string"}}],"inLanguage":"en-GB"},{"@type":"Organization","@id":"https:\/\/myperfectdog.lv\/#organization","name":"Su\u0146u & saimnieku skola \"My Perfect Dog\"","url":"https:\/\/myperfectdog.lv\/","logo":{"@type":"ImageObject","inLanguage":"en-GB","@id":"https:\/\/myperfectdog.lv\/#\/schema\/logo\/image\/","url":"https:\/\/myperfectdog.lv\/wp-content\/uploads\/2020\/10\/MyPerfectDog-New-logo_peach_plakans.png","contentUrl":"https:\/\/myperfectdog.lv\/wp-content\/uploads\/2020\/10\/MyPerfectDog-New-logo_peach_plakans.png","width":1200,"height":636,"caption":"Su\u0146u & saimnieku skola \"My Perfect Dog\""},"image":{"@id":"https:\/\/myperfectdog.lv\/#\/schema\/logo\/image\/"}}]}},"jetpack_sharing_enabled":true,"_links":{"self":[{"href":"https:\/\/myperfectdog.lv\/en\/wp-json\/wp\/v2\/product\/6743","targetHints":{"allow":["GET"]}}],"collection":[{"href":"https:\/\/myperfectdog.lv\/en\/wp-json\/wp\/v2\/product"}],"about":[{"href":"https:\/\/myperfectdog.lv\/en\/wp-json\/wp\/v2\/types\/product"}],"replies":[{"embeddable":true,"href":"https:\/\/myperfectdog.lv\/en\/wp-json\/wp\/v2\/comments?post=6743"}],"wp:featuredmedia":[{"embeddable":true,"href":"https:\/\/myperfectdog.lv\/en\/wp-json\/wp\/v2\/media\/7992"}],"wp:attachment":[{"href":"https:\/\/myperfectdog.lv\/en\/wp-json\/wp\/v2\/media?parent=6743"}],"wp:term":[{"taxonomy":"product_brand","embeddable":true,"href":"https:\/\/myperfectdog.lv\/en\/wp-json\/wp\/v2\/product_brand?post=6743"},{"taxonomy":"product_cat","embeddable":true,"href":"https:\/\/myperfectdog.lv\/en\/wp-json\/wp\/v2\/product_cat?post=6743"},{"taxonomy":"product_tag","embeddable":true,"href":"https:\/\/myperfectdog.lv\/en\/wp-json\/wp\/v2\/product_tag?post=6743"}],"curies":[{"name":"wp","href":"https:\/\/api.w.org\/{rel}","templated":true}]}}