{"id":6862,"date":"2023-05-16T10:58:16","date_gmt":"2023-05-16T08:58:16","guid":{"rendered":"https:\/\/myperfectdog.lv\/?post_type=product&#038;p=6862"},"modified":"2025-10-03T20:21:12","modified_gmt":"2025-10-03T18:21:12","slug":"twotroubletails-osnasanas-bize","status":"publish","type":"product","link":"https:\/\/myperfectdog.lv\/en\/product\/twotroubletails-osnasanas-bize\/","title":{"rendered":"TwoTroubleTails o\u0161\u0146\u0101\u0161an\u0101s bize"},"content":{"rendered":"<p>Izm\u0113rs:<\/p>\n<p>~ 90 cm<\/p>\n<p>Sast\u0101vs: 100% poliesteris.<\/p>\n<p>At\u013cauts mazg\u0101t ve\u013casma\u0161\u012bn\u0101 40\u00b0C.<\/p>\n<p>Roku darbs. Rad\u012bts LATVIJ\u0100.<\/p>\n<p>O\u0161\u0146\u0101\u0161an\u0101s bizes izveido\u0161anas laiks 3 \u2013 5 dienas.<\/p>","protected":false},"excerpt":{"rendered":"<p>Ost\u012b\u0161an\u0101s bize ir ide\u0101la ment\u0101l\u0101 aktivit\u0101te su\u0146iem \u2013 t\u0101 cels su\u0146a optimismu un pa\u0161p\u0101rliecin\u0101t\u012bbu, k\u0101 ar\u012b nogurdin\u0101s un tai pat laik\u0101 nomierin\u0101s Tavu m\u012bluli. \u2728<\/p>\n<p>K\u0101p\u0113c ment\u0101l\u0101s aktivit\u0101tes ir svar\u012bgas Tavam sunim &#8211; <a href=\"https:\/\/myperfectdog.lv\/en\/izglitojosi-raksti\/mentalas-aktivitates-suniem\/\">lasi \u0161eit!\u00a0<\/a><\/p>\n<p><em><strong>Ost\u012b\u0161an\u0101s bizi vari izv\u0113l\u0113ties sev v\u0113lam\u0101 kr\u0101su kombin\u0101cij\u0101!\u00a0<\/strong><\/em><\/p>","protected":false},"featured_media":6867,"comment_status":"closed","ping_status":"closed","template":"","meta":[],"product_brand":[],"product_cat":[41],"product_tag":[],"class_list":{"0":"post-6862","1":"product","2":"type-product","3":"status-publish","4":"has-post-thumbnail","6":"product_cat-speles-suniem","8":"first","9":"instock","10":"taxable","11":"shipping-taxable","12":"purchasable","13":"product-type-variable"},"yoast_head":"<!-- This site is optimized with the Yoast SEO plugin v27.6 - https:\/\/yoast.com\/product\/yoast-seo-wordpress\/ -->\n<title>TwoTroubleTails o\u0161\u0146\u0101\u0161an\u0101s bize | MyPerfectDog.lv<\/title>\n<meta name=\"robots\" content=\"index, follow, max-snippet:-1, max-image-preview:large, max-video-preview:-1\" \/>\n<link rel=\"canonical\" href=\"https:\/\/myperfectdog.lv\/en\/product\/twotroubletails-osnasanas-bize\/\" \/>\n<meta property=\"og:locale\" content=\"en_GB\" \/>\n<meta property=\"og:type\" content=\"article\" \/>\n<meta property=\"og:title\" content=\"TwoTroubleTails o\u0161\u0146\u0101\u0161an\u0101s bize | MyPerfectDog.lv\" \/>\n<meta property=\"og:description\" content=\"Ost\u012b\u0161an\u0101s bize ir ide\u0101la ment\u0101l\u0101 aktivit\u0101te su\u0146iem \u2013 t\u0101 cels su\u0146a optimismu un pa\u0161p\u0101rliecin\u0101t\u012bbu, k\u0101 ar\u012b nogurdin\u0101s un tai pat laik\u0101 nomierin\u0101s Tavu m\u012bluli. \u2728  K\u0101p\u0113c ment\u0101l\u0101s aktivit\u0101tes ir svar\u012bgas Tavam sunim - lasi \u0161eit!\u00a0  Ost\u012b\u0161an\u0101s bizi vari izv\u0113l\u0113ties sev v\u0113lam\u0101 kr\u0101su kombin\u0101cij\u0101!\u00a0\" \/>\n<meta property=\"og:url\" content=\"https:\/\/myperfectdog.lv\/en\/product\/twotroubletails-osnasanas-bize\/\" \/>\n<meta property=\"og:site_name\" content=\"MyPerfectDog.lv\" \/>\n<meta property=\"article:modified_time\" content=\"2025-10-03T18:21:12+00:00\" \/>\n<meta property=\"og:image\" content=\"https:\/\/myperfectdog.lv\/wp-content\/uploads\/2023\/05\/IMG_3564-scaled.jpg\" \/>\n\t<meta property=\"og:image:width\" content=\"1920\" \/>\n\t<meta property=\"og:image:height\" content=\"2560\" \/>\n\t<meta property=\"og:image:type\" content=\"image\/jpeg\" \/>\n<meta name=\"twitter:card\" content=\"summary_large_image\" \/>\n<script type=\"application\/ld+json\" class=\"yoast-schema-graph\">{\"@context\":\"https:\\\/\\\/schema.org\",\"@graph\":[{\"@type\":\"WebPage\",\"@id\":\"https:\\\/\\\/myperfectdog.lv\\\/products\\\/twotroubletails-osnasanas-bize\\\/\",\"url\":\"https:\\\/\\\/myperfectdog.lv\\\/products\\\/twotroubletails-osnasanas-bize\\\/\",\"name\":\"TwoTroubleTails o\u0161\u0146\u0101\u0161an\u0101s bize | MyPerfectDog.lv\",\"isPartOf\":{\"@id\":\"https:\\\/\\\/myperfectdog.lv\\\/#website\"},\"primaryImageOfPage\":{\"@id\":\"https:\\\/\\\/myperfectdog.lv\\\/products\\\/twotroubletails-osnasanas-bize\\\/#primaryimage\"},\"image\":{\"@id\":\"https:\\\/\\\/myperfectdog.lv\\\/products\\\/twotroubletails-osnasanas-bize\\\/#primaryimage\"},\"thumbnailUrl\":\"https:\\\/\\\/myperfectdog.lv\\\/wp-content\\\/uploads\\\/2023\\\/05\\\/IMG_3564-scaled.jpg\",\"datePublished\":\"2023-05-16T08:58:16+00:00\",\"dateModified\":\"2025-10-03T18:21:12+00:00\",\"breadcrumb\":{\"@id\":\"https:\\\/\\\/myperfectdog.lv\\\/products\\\/twotroubletails-osnasanas-bize\\\/#breadcrumb\"},\"inLanguage\":\"en-GB\",\"potentialAction\":[{\"@type\":\"ReadAction\",\"target\":[\"https:\\\/\\\/myperfectdog.lv\\\/products\\\/twotroubletails-osnasanas-bize\\\/\"]}]},{\"@type\":\"ImageObject\",\"inLanguage\":\"en-GB\",\"@id\":\"https:\\\/\\\/myperfectdog.lv\\\/products\\\/twotroubletails-osnasanas-bize\\\/#primaryimage\",\"url\":\"https:\\\/\\\/myperfectdog.lv\\\/wp-content\\\/uploads\\\/2023\\\/05\\\/IMG_3564-scaled.jpg\",\"contentUrl\":\"https:\\\/\\\/myperfectdog.lv\\\/wp-content\\\/uploads\\\/2023\\\/05\\\/IMG_3564-scaled.jpg\",\"width\":1920,\"height\":2560},{\"@type\":\"BreadcrumbList\",\"@id\":\"https:\\\/\\\/myperfectdog.lv\\\/products\\\/twotroubletails-osnasanas-bize\\\/#breadcrumb\",\"itemListElement\":[{\"@type\":\"ListItem\",\"position\":1,\"name\":\"Home\",\"item\":\"https:\\\/\\\/myperfectdog.lv\\\/\"},{\"@type\":\"ListItem\",\"position\":2,\"name\":\"Internetveikals\",\"item\":\"https:\\\/\\\/myperfectdog.lv\\\/internetveikals\\\/\"},{\"@type\":\"ListItem\",\"position\":3,\"name\":\"TwoTroubleTails o\u0161\u0146\u0101\u0161an\u0101s bize\"}]},{\"@type\":\"WebSite\",\"@id\":\"https:\\\/\\\/myperfectdog.lv\\\/#website\",\"url\":\"https:\\\/\\\/myperfectdog.lv\\\/\",\"name\":\"MyPerfectDog.lv\",\"description\":\"Su\u0146u un saimnieku skola\",\"publisher\":{\"@id\":\"https:\\\/\\\/myperfectdog.lv\\\/#organization\"},\"potentialAction\":[{\"@type\":\"SearchAction\",\"target\":{\"@type\":\"EntryPoint\",\"urlTemplate\":\"https:\\\/\\\/myperfectdog.lv\\\/?s={search_term_string}\"},\"query-input\":{\"@type\":\"PropertyValueSpecification\",\"valueRequired\":true,\"valueName\":\"search_term_string\"}}],\"inLanguage\":\"en-GB\"},{\"@type\":\"Organization\",\"@id\":\"https:\\\/\\\/myperfectdog.lv\\\/#organization\",\"name\":\"Su\u0146u & saimnieku skola \\\"My Perfect Dog\\\"\",\"url\":\"https:\\\/\\\/myperfectdog.lv\\\/\",\"logo\":{\"@type\":\"ImageObject\",\"inLanguage\":\"en-GB\",\"@id\":\"https:\\\/\\\/myperfectdog.lv\\\/#\\\/schema\\\/logo\\\/image\\\/\",\"url\":\"https:\\\/\\\/myperfectdog.lv\\\/wp-content\\\/uploads\\\/2020\\\/10\\\/MyPerfectDog-New-logo_peach_plakans.png\",\"contentUrl\":\"https:\\\/\\\/myperfectdog.lv\\\/wp-content\\\/uploads\\\/2020\\\/10\\\/MyPerfectDog-New-logo_peach_plakans.png\",\"width\":1200,\"height\":636,\"caption\":\"Su\u0146u & saimnieku skola \\\"My Perfect Dog\\\"\"},\"image\":{\"@id\":\"https:\\\/\\\/myperfectdog.lv\\\/#\\\/schema\\\/logo\\\/image\\\/\"}}]}<\/script>\n<!-- \/ Yoast SEO plugin. -->","yoast_head_json":{"title":"TwoTroubleTails o\u0161\u0146\u0101\u0161an\u0101s bize | MyPerfectDog.lv","robots":{"index":"index","follow":"follow","max-snippet":"max-snippet:-1","max-image-preview":"max-image-preview:large","max-video-preview":"max-video-preview:-1"},"canonical":"https:\/\/myperfectdog.lv\/en\/product\/twotroubletails-osnasanas-bize\/","og_locale":"en_GB","og_type":"article","og_title":"TwoTroubleTails o\u0161\u0146\u0101\u0161an\u0101s bize | MyPerfectDog.lv","og_description":"Ost\u012b\u0161an\u0101s bize ir ide\u0101la ment\u0101l\u0101 aktivit\u0101te su\u0146iem \u2013 t\u0101 cels su\u0146a optimismu un pa\u0161p\u0101rliecin\u0101t\u012bbu, k\u0101 ar\u012b nogurdin\u0101s un tai pat laik\u0101 nomierin\u0101s Tavu m\u012bluli. \u2728  K\u0101p\u0113c ment\u0101l\u0101s aktivit\u0101tes ir svar\u012bgas Tavam sunim - lasi \u0161eit!\u00a0  Ost\u012b\u0161an\u0101s bizi vari izv\u0113l\u0113ties sev v\u0113lam\u0101 kr\u0101su kombin\u0101cij\u0101!\u00a0","og_url":"https:\/\/myperfectdog.lv\/en\/product\/twotroubletails-osnasanas-bize\/","og_site_name":"MyPerfectDog.lv","article_modified_time":"2025-10-03T18:21:12+00:00","og_image":[{"width":1920,"height":2560,"url":"https:\/\/myperfectdog.lv\/wp-content\/uploads\/2023\/05\/IMG_3564-scaled.jpg","type":"image\/jpeg"}],"twitter_card":"summary_large_image","schema":{"@context":"https:\/\/schema.org","@graph":[{"@type":"WebPage","@id":"https:\/\/myperfectdog.lv\/products\/twotroubletails-osnasanas-bize\/","url":"https:\/\/myperfectdog.lv\/products\/twotroubletails-osnasanas-bize\/","name":"TwoTroubleTails o\u0161\u0146\u0101\u0161an\u0101s bize | MyPerfectDog.lv","isPartOf":{"@id":"https:\/\/myperfectdog.lv\/#website"},"primaryImageOfPage":{"@id":"https:\/\/myperfectdog.lv\/products\/twotroubletails-osnasanas-bize\/#primaryimage"},"image":{"@id":"https:\/\/myperfectdog.lv\/products\/twotroubletails-osnasanas-bize\/#primaryimage"},"thumbnailUrl":"https:\/\/myperfectdog.lv\/wp-content\/uploads\/2023\/05\/IMG_3564-scaled.jpg","datePublished":"2023-05-16T08:58:16+00:00","dateModified":"2025-10-03T18:21:12+00:00","breadcrumb":{"@id":"https:\/\/myperfectdog.lv\/products\/twotroubletails-osnasanas-bize\/#breadcrumb"},"inLanguage":"en-GB","potentialAction":[{"@type":"ReadAction","target":["https:\/\/myperfectdog.lv\/products\/twotroubletails-osnasanas-bize\/"]}]},{"@type":"ImageObject","inLanguage":"en-GB","@id":"https:\/\/myperfectdog.lv\/products\/twotroubletails-osnasanas-bize\/#primaryimage","url":"https:\/\/myperfectdog.lv\/wp-content\/uploads\/2023\/05\/IMG_3564-scaled.jpg","contentUrl":"https:\/\/myperfectdog.lv\/wp-content\/uploads\/2023\/05\/IMG_3564-scaled.jpg","width":1920,"height":2560},{"@type":"BreadcrumbList","@id":"https:\/\/myperfectdog.lv\/products\/twotroubletails-osnasanas-bize\/#breadcrumb","itemListElement":[{"@type":"ListItem","position":1,"name":"Home","item":"https:\/\/myperfectdog.lv\/"},{"@type":"ListItem","position":2,"name":"Internetveikals","item":"https:\/\/myperfectdog.lv\/internetveikals\/"},{"@type":"ListItem","position":3,"name":"TwoTroubleTails o\u0161\u0146\u0101\u0161an\u0101s bize"}]},{"@type":"WebSite","@id":"https:\/\/myperfectdog.lv\/#website","url":"https:\/\/myperfectdog.lv\/","name":"MyPerfectDog.lv","description":"Su\u0146u un saimnieku skola","publisher":{"@id":"https:\/\/myperfectdog.lv\/#organization"},"potentialAction":[{"@type":"SearchAction","target":{"@type":"EntryPoint","urlTemplate":"https:\/\/myperfectdog.lv\/?s={search_term_string}"},"query-input":{"@type":"PropertyValueSpecification","valueRequired":true,"valueName":"search_term_string"}}],"inLanguage":"en-GB"},{"@type":"Organization","@id":"https:\/\/myperfectdog.lv\/#organization","name":"Su\u0146u & saimnieku skola \"My Perfect Dog\"","url":"https:\/\/myperfectdog.lv\/","logo":{"@type":"ImageObject","inLanguage":"en-GB","@id":"https:\/\/myperfectdog.lv\/#\/schema\/logo\/image\/","url":"https:\/\/myperfectdog.lv\/wp-content\/uploads\/2020\/10\/MyPerfectDog-New-logo_peach_plakans.png","contentUrl":"https:\/\/myperfectdog.lv\/wp-content\/uploads\/2020\/10\/MyPerfectDog-New-logo_peach_plakans.png","width":1200,"height":636,"caption":"Su\u0146u & saimnieku skola \"My Perfect Dog\""},"image":{"@id":"https:\/\/myperfectdog.lv\/#\/schema\/logo\/image\/"}}]}},"jetpack_sharing_enabled":true,"_links":{"self":[{"href":"https:\/\/myperfectdog.lv\/en\/wp-json\/wp\/v2\/product\/6862","targetHints":{"allow":["GET"]}}],"collection":[{"href":"https:\/\/myperfectdog.lv\/en\/wp-json\/wp\/v2\/product"}],"about":[{"href":"https:\/\/myperfectdog.lv\/en\/wp-json\/wp\/v2\/types\/product"}],"replies":[{"embeddable":true,"href":"https:\/\/myperfectdog.lv\/en\/wp-json\/wp\/v2\/comments?post=6862"}],"wp:featuredmedia":[{"embeddable":true,"href":"https:\/\/myperfectdog.lv\/en\/wp-json\/wp\/v2\/media\/6867"}],"wp:attachment":[{"href":"https:\/\/myperfectdog.lv\/en\/wp-json\/wp\/v2\/media?parent=6862"}],"wp:term":[{"taxonomy":"product_brand","embeddable":true,"href":"https:\/\/myperfectdog.lv\/en\/wp-json\/wp\/v2\/product_brand?post=6862"},{"taxonomy":"product_cat","embeddable":true,"href":"https:\/\/myperfectdog.lv\/en\/wp-json\/wp\/v2\/product_cat?post=6862"},{"taxonomy":"product_tag","embeddable":true,"href":"https:\/\/myperfectdog.lv\/en\/wp-json\/wp\/v2\/product_tag?post=6862"}],"curies":[{"name":"wp","href":"https:\/\/api.w.org\/{rel}","templated":true}]}}