{"id":7064,"date":"2023-05-23T15:27:40","date_gmt":"2023-05-23T13:27:40","guid":{"rendered":"https:\/\/myperfectdog.lv\/?post_type=product&#038;p=7064"},"modified":"2025-10-10T09:29:20","modified_gmt":"2025-10-10T07:29:20","slug":"sunu-socializacijas-pastaigas","status":"publish","type":"product","link":"https:\/\/myperfectdog.lv\/en\/product\/sunu-socializacijas-pastaigas\/","title":{"rendered":"Su\u0146u socializ\u0101cijas pastaigu treni\u0146i"},"content":{"rendered":"<h3><strong>Socializ\u0101cijas pastaigas Tev noder\u0113s, ja Tavs suns:<\/strong><\/h3>\n<p>\u2022 k\u013c\u016bst p\u0101r\u0101k akt\u012bvs, nesp\u0113j savald\u012bt savas emocijas citu su\u0146u kl\u0101tb\u016btn\u0113 (rej, rauj pavadu, skrien un l\u0113c citiem su\u0146iem virs\u016b, it k\u0101 aicinot uz sp\u0113li);<br \/>\n\u2022 k\u013c\u016bst reakt\u012bvs, tuvojoties citam sunim vai pat tikai ieraugot no att\u0101luma (rej, rauj pavadu, neklausa komand\u0101m);<br \/>\n\u2022 k\u013c\u016bst agres\u012bvs, ja sve\u0161s suns ir pien\u0101cis tuvu kl\u0101t (m\u0113\u0123ina vai realiz\u0113 uzbrukumu &#8211; ko\u017e);<br \/>\n\u2022 baid\u0101s no nepaz\u012bstamiem su\u0146iem vai pat tikai no izdzird\u0113tu su\u0146u rie\u0161anas ska\u0146\u0101m.<\/p>\n<p>&nbsp;<\/p>\n<h3><strong>T\u0101 ir lieliska prakse Tev un Tavam sunim dro\u0161\u0101 vid\u0113, kur:<\/strong><\/h3>\n<p><strong>Pirmk\u0101rt,<\/strong> suns var apzin\u0101ties un iem\u0101c\u012bties, ka ar katru priek\u0161\u0101 redzamo suni nav oblig\u0101ti j\u0101komunic\u0113, j\u0101saostas un j\u0101sp\u0113l\u0113jas, bet gan, uzturot neitr\u0101lu vidi \u2013 katram sav\u0101 nodab\u0101 ost\u012bties, izbaud\u012bt, sp\u0113l\u0113ties ar saimnieku, utt.<\/p>\n<p><strong>Otrk\u0101rt,<\/strong> suns var piekl\u0101j\u012bgi komunic\u0113t, veidot sp\u0113li un kop\u012bgu pastaigu ar citiem su\u0146iem, ja visi su\u0146i j\u016btas pietiekami komfortabli iziet uz kontaktu.<\/p>\n<p><strong>Tre\u0161k\u0101rt,<\/strong> saimniekam un sunim ir praktisks treni\u0146\u0161, kairin\u0101t\u0101ju kl\u0101tb\u016btn\u0113, lai stiprin\u0101tu savstarp\u0113jo sadarb\u012bbu un su\u0146a apm\u0101c\u012bbu \/ paklaus\u012bbu.<\/p>","protected":false},"excerpt":{"rendered":"<p>Socializ\u0101cijas pastaigas su\u0146iem ir su\u0146u uzved\u012bbas speci\u0101lista uzraudz\u012bb\u0101 organiz\u0113tas pastaigas su\u0146iem kop\u0101 ar vi\u0146u saimniekiem, kuru laik\u0101 suns m\u0101c\u0101s adekv\u0101ti un mier\u012bgi rea\u0123\u0113t uz to, ka apk\u0101rt ir citi su\u0146i, baudot pastaigu, savuk\u0101rt saimnieks m\u0101c\u0101s organiz\u0113t pastaigas un sadarboties ar suni, kad apk\u0101rt ir citi su\u0146i, k\u0101 ar\u012b pareizi rea\u0123\u0113t, ja suns izr\u0101da pozit\u012bv\u0101 vai negat\u012bv\u0101 stresa paz\u012bmes, piem\u0113ram, pavadas rau\u0161ana, rie\u0161ana vai nepiekl\u0101j\u012bgu, apce\u013co\u0161u uzved\u012bbu pret citiem su\u0146iem, piem\u0113ram, aplec, spie\u017e pie zemes citus su\u0146us.<\/p>\n<p><a href=\"https:\/\/myperfectdog.lv\/en\/socializacijas-pastaigas\/\">Pla\u0161\u0101ks par su\u0146u socializ\u0101cija pastaig\u0101m \u0161eit<\/a>.<\/p>\n<p>Savuk\u0101rt <a href=\"https:\/\/www.facebook.com\/groups\/dogsocialwalks\/\">\u0161eit Tu vari pieteikties uz \u0161iem treni\u0146iem.<\/a><\/p>\n<p>&nbsp;<\/p>\n<p>Pied\u0101v\u0101jam ar\u012b ieg\u0101d\u0101ties abonementu su\u0146u socializ\u0101cijas pastaig\u0101m 5 nodab\u012bbas 50 eiro (1 nodarb\u012bbas maksa 10 eiro) &#8211; nodarb\u012bbas j\u0101apmekl\u0113 2 m\u0113ne\u0161u laik\u0101 p\u0113c abonementa ieg\u0101des.<\/p>","protected":false},"featured_media":7850,"comment_status":"closed","ping_status":"closed","template":"","meta":[],"product_brand":[],"product_cat":[43],"product_tag":[],"class_list":{"0":"post-7064","1":"product","2":"type-product","3":"status-publish","4":"has-post-thumbnail","6":"product_cat-izglitojosi","8":"first","9":"instock","10":"taxable","11":"shipping-taxable","12":"purchasable","13":"product-type-variable"},"yoast_head":"<!-- This site is optimized with the Yoast SEO plugin v27.6 - https:\/\/yoast.com\/product\/yoast-seo-wordpress\/ -->\n<title>Su\u0146u socializ\u0101cijas pastaigu treni\u0146i | MyPerfectDog.lv<\/title>\n<meta name=\"robots\" content=\"index, follow, max-snippet:-1, max-image-preview:large, max-video-preview:-1\" \/>\n<link rel=\"canonical\" href=\"https:\/\/myperfectdog.lv\/en\/product\/sunu-socializacijas-pastaigas\/\" \/>\n<meta property=\"og:locale\" content=\"en_GB\" \/>\n<meta property=\"og:type\" content=\"article\" \/>\n<meta property=\"og:title\" content=\"Su\u0146u socializ\u0101cijas pastaigu treni\u0146i | MyPerfectDog.lv\" \/>\n<meta property=\"og:description\" content=\"Socializ\u0101cijas pastaigas su\u0146iem ir su\u0146u uzved\u012bbas speci\u0101lista uzraudz\u012bb\u0101 organiz\u0113tas pastaigas su\u0146iem kop\u0101 ar vi\u0146u saimniekiem, kuru laik\u0101 suns m\u0101c\u0101s adekv\u0101ti un mier\u012bgi rea\u0123\u0113t uz to, ka apk\u0101rt ir citi su\u0146i, baudot pastaigu, savuk\u0101rt saimnieks m\u0101c\u0101s organiz\u0113t pastaigas un sadarboties ar suni, kad apk\u0101rt ir citi su\u0146i, k\u0101 ar\u012b pareizi rea\u0123\u0113t, ja suns izr\u0101da pozit\u012bv\u0101 vai negat\u012bv\u0101 stresa paz\u012bmes, piem\u0113ram, pavadas rau\u0161ana, rie\u0161ana vai nepiekl\u0101j\u012bgu, apce\u013co\u0161u uzved\u012bbu pret citiem su\u0146iem, piem\u0113ram, aplec, spie\u017e pie zemes citus su\u0146us.  Pla\u0161\u0101ks par su\u0146u socializ\u0101cija pastaig\u0101m \u0161eit.  Savuk\u0101rt \u0161eit Tu vari pieteikties uz \u0161iem treni\u0146iem.  &nbsp;  Pied\u0101v\u0101jam ar\u012b ieg\u0101d\u0101ties abonementu su\u0146u socializ\u0101cijas pastaig\u0101m 5 nodab\u012bbas 50 eiro (1 nodarb\u012bbas maksa 10 eiro) - nodarb\u012bbas j\u0101apmekl\u0113 2 m\u0113ne\u0161u laik\u0101 p\u0113c abonementa ieg\u0101des.\" \/>\n<meta property=\"og:url\" content=\"https:\/\/myperfectdog.lv\/en\/product\/sunu-socializacijas-pastaigas\/\" \/>\n<meta property=\"og:site_name\" content=\"MyPerfectDog.lv\" \/>\n<meta property=\"article:modified_time\" content=\"2025-10-10T07:29:20+00:00\" \/>\n<meta property=\"og:image\" content=\"https:\/\/myperfectdog.lv\/wp-content\/uploads\/2023\/06\/243.jpg\" \/>\n\t<meta property=\"og:image:width\" content=\"1080\" \/>\n\t<meta property=\"og:image:height\" content=\"1080\" \/>\n\t<meta property=\"og:image:type\" content=\"image\/jpeg\" \/>\n<meta name=\"twitter:card\" content=\"summary_large_image\" \/>\n<meta name=\"twitter:label1\" content=\"Estimated reading time\" \/>\n\t<meta name=\"twitter:data1\" content=\"2 minutes\" \/>\n<script type=\"application\/ld+json\" class=\"yoast-schema-graph\">{\"@context\":\"https:\\\/\\\/schema.org\",\"@graph\":[{\"@type\":\"WebPage\",\"@id\":\"https:\\\/\\\/myperfectdog.lv\\\/products\\\/sunu-socializacijas-pastaigas\\\/\",\"url\":\"https:\\\/\\\/myperfectdog.lv\\\/products\\\/sunu-socializacijas-pastaigas\\\/\",\"name\":\"Su\u0146u socializ\u0101cijas pastaigu treni\u0146i | MyPerfectDog.lv\",\"isPartOf\":{\"@id\":\"https:\\\/\\\/myperfectdog.lv\\\/#website\"},\"primaryImageOfPage\":{\"@id\":\"https:\\\/\\\/myperfectdog.lv\\\/products\\\/sunu-socializacijas-pastaigas\\\/#primaryimage\"},\"image\":{\"@id\":\"https:\\\/\\\/myperfectdog.lv\\\/products\\\/sunu-socializacijas-pastaigas\\\/#primaryimage\"},\"thumbnailUrl\":\"https:\\\/\\\/myperfectdog.lv\\\/wp-content\\\/uploads\\\/2023\\\/06\\\/243.jpg\",\"datePublished\":\"2023-05-23T13:27:40+00:00\",\"dateModified\":\"2025-10-10T07:29:20+00:00\",\"breadcrumb\":{\"@id\":\"https:\\\/\\\/myperfectdog.lv\\\/products\\\/sunu-socializacijas-pastaigas\\\/#breadcrumb\"},\"inLanguage\":\"en-GB\",\"potentialAction\":[{\"@type\":\"ReadAction\",\"target\":[\"https:\\\/\\\/myperfectdog.lv\\\/products\\\/sunu-socializacijas-pastaigas\\\/\"]}]},{\"@type\":\"ImageObject\",\"inLanguage\":\"en-GB\",\"@id\":\"https:\\\/\\\/myperfectdog.lv\\\/products\\\/sunu-socializacijas-pastaigas\\\/#primaryimage\",\"url\":\"https:\\\/\\\/myperfectdog.lv\\\/wp-content\\\/uploads\\\/2023\\\/06\\\/243.jpg\",\"contentUrl\":\"https:\\\/\\\/myperfectdog.lv\\\/wp-content\\\/uploads\\\/2023\\\/06\\\/243.jpg\",\"width\":1080,\"height\":1080},{\"@type\":\"BreadcrumbList\",\"@id\":\"https:\\\/\\\/myperfectdog.lv\\\/products\\\/sunu-socializacijas-pastaigas\\\/#breadcrumb\",\"itemListElement\":[{\"@type\":\"ListItem\",\"position\":1,\"name\":\"Home\",\"item\":\"https:\\\/\\\/myperfectdog.lv\\\/\"},{\"@type\":\"ListItem\",\"position\":2,\"name\":\"Internetveikals\",\"item\":\"https:\\\/\\\/myperfectdog.lv\\\/internetveikals\\\/\"},{\"@type\":\"ListItem\",\"position\":3,\"name\":\"Su\u0146u socializ\u0101cijas pastaigu treni\u0146i\"}]},{\"@type\":\"WebSite\",\"@id\":\"https:\\\/\\\/myperfectdog.lv\\\/#website\",\"url\":\"https:\\\/\\\/myperfectdog.lv\\\/\",\"name\":\"MyPerfectDog.lv\",\"description\":\"Su\u0146u un saimnieku skola\",\"publisher\":{\"@id\":\"https:\\\/\\\/myperfectdog.lv\\\/#organization\"},\"potentialAction\":[{\"@type\":\"SearchAction\",\"target\":{\"@type\":\"EntryPoint\",\"urlTemplate\":\"https:\\\/\\\/myperfectdog.lv\\\/?s={search_term_string}\"},\"query-input\":{\"@type\":\"PropertyValueSpecification\",\"valueRequired\":true,\"valueName\":\"search_term_string\"}}],\"inLanguage\":\"en-GB\"},{\"@type\":\"Organization\",\"@id\":\"https:\\\/\\\/myperfectdog.lv\\\/#organization\",\"name\":\"Su\u0146u & saimnieku skola \\\"My Perfect Dog\\\"\",\"url\":\"https:\\\/\\\/myperfectdog.lv\\\/\",\"logo\":{\"@type\":\"ImageObject\",\"inLanguage\":\"en-GB\",\"@id\":\"https:\\\/\\\/myperfectdog.lv\\\/#\\\/schema\\\/logo\\\/image\\\/\",\"url\":\"https:\\\/\\\/myperfectdog.lv\\\/wp-content\\\/uploads\\\/2020\\\/10\\\/MyPerfectDog-New-logo_peach_plakans.png\",\"contentUrl\":\"https:\\\/\\\/myperfectdog.lv\\\/wp-content\\\/uploads\\\/2020\\\/10\\\/MyPerfectDog-New-logo_peach_plakans.png\",\"width\":1200,\"height\":636,\"caption\":\"Su\u0146u & saimnieku skola \\\"My Perfect Dog\\\"\"},\"image\":{\"@id\":\"https:\\\/\\\/myperfectdog.lv\\\/#\\\/schema\\\/logo\\\/image\\\/\"}}]}<\/script>\n<!-- \/ Yoast SEO plugin. -->","yoast_head_json":{"title":"Su\u0146u socializ\u0101cijas pastaigu treni\u0146i | MyPerfectDog.lv","robots":{"index":"index","follow":"follow","max-snippet":"max-snippet:-1","max-image-preview":"max-image-preview:large","max-video-preview":"max-video-preview:-1"},"canonical":"https:\/\/myperfectdog.lv\/en\/product\/sunu-socializacijas-pastaigas\/","og_locale":"en_GB","og_type":"article","og_title":"Su\u0146u socializ\u0101cijas pastaigu treni\u0146i | MyPerfectDog.lv","og_description":"Socializ\u0101cijas pastaigas su\u0146iem ir su\u0146u uzved\u012bbas speci\u0101lista uzraudz\u012bb\u0101 organiz\u0113tas pastaigas su\u0146iem kop\u0101 ar vi\u0146u saimniekiem, kuru laik\u0101 suns m\u0101c\u0101s adekv\u0101ti un mier\u012bgi rea\u0123\u0113t uz to, ka apk\u0101rt ir citi su\u0146i, baudot pastaigu, savuk\u0101rt saimnieks m\u0101c\u0101s organiz\u0113t pastaigas un sadarboties ar suni, kad apk\u0101rt ir citi su\u0146i, k\u0101 ar\u012b pareizi rea\u0123\u0113t, ja suns izr\u0101da pozit\u012bv\u0101 vai negat\u012bv\u0101 stresa paz\u012bmes, piem\u0113ram, pavadas rau\u0161ana, rie\u0161ana vai nepiekl\u0101j\u012bgu, apce\u013co\u0161u uzved\u012bbu pret citiem su\u0146iem, piem\u0113ram, aplec, spie\u017e pie zemes citus su\u0146us.  Pla\u0161\u0101ks par su\u0146u socializ\u0101cija pastaig\u0101m \u0161eit.  Savuk\u0101rt \u0161eit Tu vari pieteikties uz \u0161iem treni\u0146iem.  &nbsp;  Pied\u0101v\u0101jam ar\u012b ieg\u0101d\u0101ties abonementu su\u0146u socializ\u0101cijas pastaig\u0101m 5 nodab\u012bbas 50 eiro (1 nodarb\u012bbas maksa 10 eiro) - nodarb\u012bbas j\u0101apmekl\u0113 2 m\u0113ne\u0161u laik\u0101 p\u0113c abonementa ieg\u0101des.","og_url":"https:\/\/myperfectdog.lv\/en\/product\/sunu-socializacijas-pastaigas\/","og_site_name":"MyPerfectDog.lv","article_modified_time":"2025-10-10T07:29:20+00:00","og_image":[{"width":1080,"height":1080,"url":"https:\/\/myperfectdog.lv\/wp-content\/uploads\/2023\/06\/243.jpg","type":"image\/jpeg"}],"twitter_card":"summary_large_image","twitter_misc":{"Estimated reading time":"2 minutes"},"schema":{"@context":"https:\/\/schema.org","@graph":[{"@type":"WebPage","@id":"https:\/\/myperfectdog.lv\/products\/sunu-socializacijas-pastaigas\/","url":"https:\/\/myperfectdog.lv\/products\/sunu-socializacijas-pastaigas\/","name":"Su\u0146u socializ\u0101cijas pastaigu treni\u0146i | MyPerfectDog.lv","isPartOf":{"@id":"https:\/\/myperfectdog.lv\/#website"},"primaryImageOfPage":{"@id":"https:\/\/myperfectdog.lv\/products\/sunu-socializacijas-pastaigas\/#primaryimage"},"image":{"@id":"https:\/\/myperfectdog.lv\/products\/sunu-socializacijas-pastaigas\/#primaryimage"},"thumbnailUrl":"https:\/\/myperfectdog.lv\/wp-content\/uploads\/2023\/06\/243.jpg","datePublished":"2023-05-23T13:27:40+00:00","dateModified":"2025-10-10T07:29:20+00:00","breadcrumb":{"@id":"https:\/\/myperfectdog.lv\/products\/sunu-socializacijas-pastaigas\/#breadcrumb"},"inLanguage":"en-GB","potentialAction":[{"@type":"ReadAction","target":["https:\/\/myperfectdog.lv\/products\/sunu-socializacijas-pastaigas\/"]}]},{"@type":"ImageObject","inLanguage":"en-GB","@id":"https:\/\/myperfectdog.lv\/products\/sunu-socializacijas-pastaigas\/#primaryimage","url":"https:\/\/myperfectdog.lv\/wp-content\/uploads\/2023\/06\/243.jpg","contentUrl":"https:\/\/myperfectdog.lv\/wp-content\/uploads\/2023\/06\/243.jpg","width":1080,"height":1080},{"@type":"BreadcrumbList","@id":"https:\/\/myperfectdog.lv\/products\/sunu-socializacijas-pastaigas\/#breadcrumb","itemListElement":[{"@type":"ListItem","position":1,"name":"Home","item":"https:\/\/myperfectdog.lv\/"},{"@type":"ListItem","position":2,"name":"Internetveikals","item":"https:\/\/myperfectdog.lv\/internetveikals\/"},{"@type":"ListItem","position":3,"name":"Su\u0146u socializ\u0101cijas pastaigu treni\u0146i"}]},{"@type":"WebSite","@id":"https:\/\/myperfectdog.lv\/#website","url":"https:\/\/myperfectdog.lv\/","name":"MyPerfectDog.lv","description":"Su\u0146u un saimnieku skola","publisher":{"@id":"https:\/\/myperfectdog.lv\/#organization"},"potentialAction":[{"@type":"SearchAction","target":{"@type":"EntryPoint","urlTemplate":"https:\/\/myperfectdog.lv\/?s={search_term_string}"},"query-input":{"@type":"PropertyValueSpecification","valueRequired":true,"valueName":"search_term_string"}}],"inLanguage":"en-GB"},{"@type":"Organization","@id":"https:\/\/myperfectdog.lv\/#organization","name":"Su\u0146u & saimnieku skola \"My Perfect Dog\"","url":"https:\/\/myperfectdog.lv\/","logo":{"@type":"ImageObject","inLanguage":"en-GB","@id":"https:\/\/myperfectdog.lv\/#\/schema\/logo\/image\/","url":"https:\/\/myperfectdog.lv\/wp-content\/uploads\/2020\/10\/MyPerfectDog-New-logo_peach_plakans.png","contentUrl":"https:\/\/myperfectdog.lv\/wp-content\/uploads\/2020\/10\/MyPerfectDog-New-logo_peach_plakans.png","width":1200,"height":636,"caption":"Su\u0146u & saimnieku skola \"My Perfect Dog\""},"image":{"@id":"https:\/\/myperfectdog.lv\/#\/schema\/logo\/image\/"}}]}},"jetpack_sharing_enabled":true,"_links":{"self":[{"href":"https:\/\/myperfectdog.lv\/en\/wp-json\/wp\/v2\/product\/7064","targetHints":{"allow":["GET"]}}],"collection":[{"href":"https:\/\/myperfectdog.lv\/en\/wp-json\/wp\/v2\/product"}],"about":[{"href":"https:\/\/myperfectdog.lv\/en\/wp-json\/wp\/v2\/types\/product"}],"replies":[{"embeddable":true,"href":"https:\/\/myperfectdog.lv\/en\/wp-json\/wp\/v2\/comments?post=7064"}],"wp:featuredmedia":[{"embeddable":true,"href":"https:\/\/myperfectdog.lv\/en\/wp-json\/wp\/v2\/media\/7850"}],"wp:attachment":[{"href":"https:\/\/myperfectdog.lv\/en\/wp-json\/wp\/v2\/media?parent=7064"}],"wp:term":[{"taxonomy":"product_brand","embeddable":true,"href":"https:\/\/myperfectdog.lv\/en\/wp-json\/wp\/v2\/product_brand?post=7064"},{"taxonomy":"product_cat","embeddable":true,"href":"https:\/\/myperfectdog.lv\/en\/wp-json\/wp\/v2\/product_cat?post=7064"},{"taxonomy":"product_tag","embeddable":true,"href":"https:\/\/myperfectdog.lv\/en\/wp-json\/wp\/v2\/product_tag?post=7064"}],"curies":[{"name":"wp","href":"https:\/\/api.w.org\/{rel}","templated":true}]}}