{"id":7196,"date":"2023-06-27T03:28:08","date_gmt":"2023-06-27T01:28:08","guid":{"rendered":"https:\/\/myperfectdog.lv\/?post_type=product&#038;p=7196"},"modified":"2025-10-03T20:18:59","modified_gmt":"2025-10-03T18:18:59","slug":"uzvedibas-konsultacijas","status":"publish","type":"product","link":"https:\/\/myperfectdog.lv\/en\/product\/uzvedibas-konsultacijas\/","title":{"rendered":"Uzved\u012bbas konsult\u0101cijas"},"content":{"rendered":"<p><span style=\"font-family: -apple-system, BlinkMacSystemFont, 'Segoe UI', Roboto, Oxygen-Sans, Ubuntu, Cantarell, 'Helvetica Neue', sans-serif;\">*Uzved\u012bbas konsult\u0101cija grup\u0101 noz\u012bm\u0113, ka konkr\u0113taj\u0101 konsult\u0101cij\u0101 piedal\u012bsies 2-4 su\u0146a \u0123imenes (saimnieki), kuri sadz\u012bv\u0113 ar suni saskar\u0101s ar vien\u0101m un t\u0101m pa\u0161\u0101m probl\u0113msitu\u0101cij\u0101m \/ uzved\u012bb\u0101m.<\/span><\/p>\n<p><strong>CEN\u0100 IEK\u013bAUTS:<\/strong><\/p>\n<ul>\n<li>1.5 stundas uzved\u012bbas konsult\u0101cija kl\u0101tien\u0113 vai online (att\u0101lin\u0101ti &#8211; video zvana form\u0101t\u0101) + 30 min online sazvans aptuveni p\u0113c ned\u0113\u013cas.<\/li>\n<li>Konsult\u0101cij\u0101 p\u0101rrun\u0101sim su\u0146a probl\u0113msitu\u0101cijas \/ uzved\u012bbu, saprat\u012bsim to c\u0113lo\u0146us, k\u0101 ar\u012b sast\u0101d\u012bsim 5 so\u013cu uzved\u012bbas mai\u0146as pl\u0101nu un nepiecie\u0161amo su\u0146a ikdienas un apm\u0101c\u012bbas mened\u017ementu.<\/li>\n<li>Rakstisks, uz epastu nos\u016bt\u012bts 5 so\u013cu uzved\u012bbas mai\u0146as pl\u0101ns.<\/li>\n<li>Praktiski uzdevumi un citi noder\u012bgi teor\u0113tiski materi\u0101li, kas pal\u012bdz\u0113s probl\u0113msitu\u0101cijas risin\u0101\u0161an\u0101 \/ uzved\u012bbas mai\u0146\u0101.<\/li>\n<li>Izgl\u012btojo\u0161i materi\u0101li .jpg form\u0101t\u0101, kas tika p\u0101rrun\u0101ti konsult\u0101cijas laik\u0101.<\/li>\n<li>Iesp\u0113ja konsult\u0113ties un uzdot savus jaut\u0101jumus uzved\u012bbas mai\u0146as proces\u0101 v\u0113l 2 m\u0113ne\u0161u garum\u0101.<\/li>\n<\/ul>\n<p>&nbsp;<\/p>\n<p><strong>Nodarb\u012bbu zonu skaidrojums:<\/strong><\/p>\n<ul>\n<li>Zona Nr.1 <strong>L\u012bga<\/strong>: M\u0101rupe, Pi\u0146\u0137i, J\u016brmala, R\u012bg\u0101: Centrs, P\u0101rdaugava, Bab\u012bte<\/li>\n<\/ul>\n<p><strong>Anna: <\/strong>Salaspils, M\u0101rupe, \u0136ekava, R\u012bg\u0101: Centrs, Dreili\u0146i, Me\u017eaparks, Imanta, I\u013c\u0123uciems, Sarkandaugava<\/p>\n<div>\n<ul>\n<li>Zona Nr.2 <strong>L\u012bga:\u00a0<\/strong>Olaine, R\u012bg\u0101: Sarkandaugava, Dreili\u0146i, Me\u017eaparks, \u0136ekava<\/li>\n<\/ul>\n<p><strong>Anna: <\/strong>Ik\u0161\u0137ile, Bab\u012bte, Pi\u0146\u0137i, \u0100da\u017ei, Ogre, Olaine<\/p>\n<div>\n<ul>\n<li>Zona Nr.3 <strong>L\u012bga:\u00a0<\/strong>Ozolnieki, Jelgava, Salaspils, \u0100da\u017ei<\/li>\n<\/ul>\n<p><strong>Anna:\u00a0<\/strong>Ozolnieki, Jelgava, Carnikav\u0101, J\u016brmala<\/p>\n<\/div>\n<div>\n<ul>\n<li>\u00a0Zona Nr.4 <strong>L\u012bga:\u00a0<\/strong>Carnikava, Ogre, Sigulda, Ik\u0161\u0137il\u0113, Tukums, Ragaciems<\/li>\n<\/ul>\n<p><strong>Anna:\u00a0<\/strong>Ragaciems, Tukums, Sigulda<\/p>\n<\/div>\n<\/div>\n<p>&nbsp;<\/p>","protected":false},"excerpt":{"rendered":"<p><strong>Pied\u0101v\u0101jam uzved\u012bbas konsult\u0101cijas (1,5 h) gan individu\u0101li. <\/strong><strong>Uzved\u012bbas konsult\u0101cija Jums b\u016bs nepiecie\u0161ama:<\/strong><\/p>\n<ul>\n<li>Ja sunim ir bail no cilv\u0113kiem, citiem su\u0146iem, u.c.;<\/li>\n<li>Ja sun\u012b nov\u0113rojama reakt\u012bva \/ agres\u012bva uzved\u012bba pret jebko (\u0123imenes locek\u013ci, sve\u0161i cilv\u0113ki, su\u0146i, citi dz\u012bvnieki, u.c.);<\/li>\n<li>Ja sunim ir bail no negaisa vai sal\u016bta;<\/li>\n<li>Ja sunim ir at\u0161\u0137irt\u012bbas sindroms &#8211; suns nesp\u0113j palikt viens pats m\u0101j\u0101s, gaudo, rej, siekalojas, plosa m\u0101jokli, nok\u0101rtojas iek\u0161\u0101, ja tiek atst\u0101ts viens pats m\u0101j\u0101s;<\/li>\n<li>Ja suns rauj pavadu un pastaigas ar suni ir \u013coti apgr\u016btino\u0161s ikdienas &#8220;pas\u0101kums&#8221;;<\/li>\n<li>Ja suns ir hiperakt\u012bvs un vi\u0146u ir \u013coti gr\u016bti nomierin\u0101t un apm\u0101c\u012bt;<\/li>\n<li>Ja suns raujas pie jebkura cilv\u0113ka vai su\u0146a pastaigas laik\u0101, apl\u0113k\u0101 cilv\u0113kus;<\/li>\n<li>Ja suns neiziet uz nek\u0101du kontaktu ar Jums (saimniekiem, \u0123imenes locek\u013ciem);<\/li>\n<li>Ja \u0123imen\u0113 pl\u0101nots papildin\u0101jums (mazulis, jauns m\u0101jdz\u012bvnieks).<\/li>\n<\/ul>","protected":false},"featured_media":7851,"comment_status":"closed","ping_status":"closed","template":"","meta":[],"product_brand":[],"product_cat":[43],"product_tag":[],"class_list":{"0":"post-7196","1":"product","2":"type-product","3":"status-publish","4":"has-post-thumbnail","6":"product_cat-izglitojosi","8":"first","9":"instock","10":"taxable","11":"shipping-taxable","12":"purchasable","13":"product-type-variable"},"yoast_head":"<!-- This site is optimized with the Yoast SEO plugin v27.6 - https:\/\/yoast.com\/product\/yoast-seo-wordpress\/ -->\n<title>Uzved\u012bbas konsult\u0101cijas | MyPerfectDog.lv<\/title>\n<meta name=\"robots\" content=\"index, follow, max-snippet:-1, max-image-preview:large, max-video-preview:-1\" \/>\n<link rel=\"canonical\" href=\"https:\/\/myperfectdog.lv\/en\/product\/uzvedibas-konsultacijas\/\" \/>\n<meta property=\"og:locale\" content=\"en_GB\" \/>\n<meta property=\"og:type\" content=\"article\" \/>\n<meta property=\"og:title\" content=\"Uzved\u012bbas konsult\u0101cijas | MyPerfectDog.lv\" \/>\n<meta property=\"og:description\" content=\"Pied\u0101v\u0101jam uzved\u012bbas konsult\u0101cijas (1,5 h) gan individu\u0101li. Uzved\u012bbas konsult\u0101cija Jums b\u016bs nepiecie\u0161ama:   Ja sunim ir bail no cilv\u0113kiem, citiem su\u0146iem, u.c.;  Ja sun\u012b nov\u0113rojama reakt\u012bva \/ agres\u012bva uzved\u012bba pret jebko (\u0123imenes locek\u013ci, sve\u0161i cilv\u0113ki, su\u0146i, citi dz\u012bvnieki, u.c.);  Ja sunim ir bail no negaisa vai sal\u016bta;  Ja sunim ir at\u0161\u0137irt\u012bbas sindroms - suns nesp\u0113j palikt viens pats m\u0101j\u0101s, gaudo, rej, siekalojas, plosa m\u0101jokli, nok\u0101rtojas iek\u0161\u0101, ja tiek atst\u0101ts viens pats m\u0101j\u0101s;  Ja suns rauj pavadu un pastaigas ar suni ir \u013coti apgr\u016btino\u0161s ikdienas &quot;pas\u0101kums&quot;;  Ja suns ir hiperakt\u012bvs un vi\u0146u ir \u013coti gr\u016bti nomierin\u0101t un apm\u0101c\u012bt;  Ja suns raujas pie jebkura cilv\u0113ka vai su\u0146a pastaigas laik\u0101, apl\u0113k\u0101 cilv\u0113kus;  Ja suns neiziet uz nek\u0101du kontaktu ar Jums (saimniekiem, \u0123imenes locek\u013ciem);  Ja \u0123imen\u0113 pl\u0101nots papildin\u0101jums (mazulis, jauns m\u0101jdz\u012bvnieks).\" \/>\n<meta property=\"og:url\" content=\"https:\/\/myperfectdog.lv\/en\/product\/uzvedibas-konsultacijas\/\" \/>\n<meta property=\"og:site_name\" content=\"MyPerfectDog.lv\" \/>\n<meta property=\"article:modified_time\" content=\"2025-10-03T18:18:59+00:00\" \/>\n<meta property=\"og:image\" content=\"https:\/\/myperfectdog.lv\/wp-content\/uploads\/2023\/06\/244.jpg\" \/>\n\t<meta property=\"og:image:width\" content=\"1080\" \/>\n\t<meta property=\"og:image:height\" content=\"1080\" \/>\n\t<meta property=\"og:image:type\" content=\"image\/jpeg\" \/>\n<meta name=\"twitter:card\" content=\"summary_large_image\" \/>\n<meta name=\"twitter:label1\" content=\"Estimated reading time\" \/>\n\t<meta name=\"twitter:data1\" content=\"2 minutes\" \/>\n<script type=\"application\/ld+json\" class=\"yoast-schema-graph\">{\"@context\":\"https:\\\/\\\/schema.org\",\"@graph\":[{\"@type\":\"WebPage\",\"@id\":\"https:\\\/\\\/myperfectdog.lv\\\/products\\\/uzvedibas-konsultacijas\\\/\",\"url\":\"https:\\\/\\\/myperfectdog.lv\\\/products\\\/uzvedibas-konsultacijas\\\/\",\"name\":\"Uzved\u012bbas konsult\u0101cijas | MyPerfectDog.lv\",\"isPartOf\":{\"@id\":\"https:\\\/\\\/myperfectdog.lv\\\/#website\"},\"primaryImageOfPage\":{\"@id\":\"https:\\\/\\\/myperfectdog.lv\\\/products\\\/uzvedibas-konsultacijas\\\/#primaryimage\"},\"image\":{\"@id\":\"https:\\\/\\\/myperfectdog.lv\\\/products\\\/uzvedibas-konsultacijas\\\/#primaryimage\"},\"thumbnailUrl\":\"https:\\\/\\\/myperfectdog.lv\\\/wp-content\\\/uploads\\\/2023\\\/06\\\/244.jpg\",\"datePublished\":\"2023-06-27T01:28:08+00:00\",\"dateModified\":\"2025-10-03T18:18:59+00:00\",\"breadcrumb\":{\"@id\":\"https:\\\/\\\/myperfectdog.lv\\\/products\\\/uzvedibas-konsultacijas\\\/#breadcrumb\"},\"inLanguage\":\"en-GB\",\"potentialAction\":[{\"@type\":\"ReadAction\",\"target\":[\"https:\\\/\\\/myperfectdog.lv\\\/products\\\/uzvedibas-konsultacijas\\\/\"]}]},{\"@type\":\"ImageObject\",\"inLanguage\":\"en-GB\",\"@id\":\"https:\\\/\\\/myperfectdog.lv\\\/products\\\/uzvedibas-konsultacijas\\\/#primaryimage\",\"url\":\"https:\\\/\\\/myperfectdog.lv\\\/wp-content\\\/uploads\\\/2023\\\/06\\\/244.jpg\",\"contentUrl\":\"https:\\\/\\\/myperfectdog.lv\\\/wp-content\\\/uploads\\\/2023\\\/06\\\/244.jpg\",\"width\":1080,\"height\":1080},{\"@type\":\"BreadcrumbList\",\"@id\":\"https:\\\/\\\/myperfectdog.lv\\\/products\\\/uzvedibas-konsultacijas\\\/#breadcrumb\",\"itemListElement\":[{\"@type\":\"ListItem\",\"position\":1,\"name\":\"Home\",\"item\":\"https:\\\/\\\/myperfectdog.lv\\\/\"},{\"@type\":\"ListItem\",\"position\":2,\"name\":\"Internetveikals\",\"item\":\"https:\\\/\\\/myperfectdog.lv\\\/internetveikals\\\/\"},{\"@type\":\"ListItem\",\"position\":3,\"name\":\"Uzved\u012bbas konsult\u0101cijas\"}]},{\"@type\":\"WebSite\",\"@id\":\"https:\\\/\\\/myperfectdog.lv\\\/#website\",\"url\":\"https:\\\/\\\/myperfectdog.lv\\\/\",\"name\":\"MyPerfectDog.lv\",\"description\":\"Su\u0146u un saimnieku skola\",\"publisher\":{\"@id\":\"https:\\\/\\\/myperfectdog.lv\\\/#organization\"},\"potentialAction\":[{\"@type\":\"SearchAction\",\"target\":{\"@type\":\"EntryPoint\",\"urlTemplate\":\"https:\\\/\\\/myperfectdog.lv\\\/?s={search_term_string}\"},\"query-input\":{\"@type\":\"PropertyValueSpecification\",\"valueRequired\":true,\"valueName\":\"search_term_string\"}}],\"inLanguage\":\"en-GB\"},{\"@type\":\"Organization\",\"@id\":\"https:\\\/\\\/myperfectdog.lv\\\/#organization\",\"name\":\"Su\u0146u & saimnieku skola \\\"My Perfect Dog\\\"\",\"url\":\"https:\\\/\\\/myperfectdog.lv\\\/\",\"logo\":{\"@type\":\"ImageObject\",\"inLanguage\":\"en-GB\",\"@id\":\"https:\\\/\\\/myperfectdog.lv\\\/#\\\/schema\\\/logo\\\/image\\\/\",\"url\":\"https:\\\/\\\/myperfectdog.lv\\\/wp-content\\\/uploads\\\/2020\\\/10\\\/MyPerfectDog-New-logo_peach_plakans.png\",\"contentUrl\":\"https:\\\/\\\/myperfectdog.lv\\\/wp-content\\\/uploads\\\/2020\\\/10\\\/MyPerfectDog-New-logo_peach_plakans.png\",\"width\":1200,\"height\":636,\"caption\":\"Su\u0146u & saimnieku skola \\\"My Perfect Dog\\\"\"},\"image\":{\"@id\":\"https:\\\/\\\/myperfectdog.lv\\\/#\\\/schema\\\/logo\\\/image\\\/\"}}]}<\/script>\n<!-- \/ Yoast SEO plugin. -->","yoast_head_json":{"title":"Uzved\u012bbas konsult\u0101cijas | MyPerfectDog.lv","robots":{"index":"index","follow":"follow","max-snippet":"max-snippet:-1","max-image-preview":"max-image-preview:large","max-video-preview":"max-video-preview:-1"},"canonical":"https:\/\/myperfectdog.lv\/en\/product\/uzvedibas-konsultacijas\/","og_locale":"en_GB","og_type":"article","og_title":"Uzved\u012bbas konsult\u0101cijas | MyPerfectDog.lv","og_description":"Pied\u0101v\u0101jam uzved\u012bbas konsult\u0101cijas (1,5 h) gan individu\u0101li. Uzved\u012bbas konsult\u0101cija Jums b\u016bs nepiecie\u0161ama:   Ja sunim ir bail no cilv\u0113kiem, citiem su\u0146iem, u.c.;  Ja sun\u012b nov\u0113rojama reakt\u012bva \/ agres\u012bva uzved\u012bba pret jebko (\u0123imenes locek\u013ci, sve\u0161i cilv\u0113ki, su\u0146i, citi dz\u012bvnieki, u.c.);  Ja sunim ir bail no negaisa vai sal\u016bta;  Ja sunim ir at\u0161\u0137irt\u012bbas sindroms - suns nesp\u0113j palikt viens pats m\u0101j\u0101s, gaudo, rej, siekalojas, plosa m\u0101jokli, nok\u0101rtojas iek\u0161\u0101, ja tiek atst\u0101ts viens pats m\u0101j\u0101s;  Ja suns rauj pavadu un pastaigas ar suni ir \u013coti apgr\u016btino\u0161s ikdienas \"pas\u0101kums\";  Ja suns ir hiperakt\u012bvs un vi\u0146u ir \u013coti gr\u016bti nomierin\u0101t un apm\u0101c\u012bt;  Ja suns raujas pie jebkura cilv\u0113ka vai su\u0146a pastaigas laik\u0101, apl\u0113k\u0101 cilv\u0113kus;  Ja suns neiziet uz nek\u0101du kontaktu ar Jums (saimniekiem, \u0123imenes locek\u013ciem);  Ja \u0123imen\u0113 pl\u0101nots papildin\u0101jums (mazulis, jauns m\u0101jdz\u012bvnieks).","og_url":"https:\/\/myperfectdog.lv\/en\/product\/uzvedibas-konsultacijas\/","og_site_name":"MyPerfectDog.lv","article_modified_time":"2025-10-03T18:18:59+00:00","og_image":[{"width":1080,"height":1080,"url":"https:\/\/myperfectdog.lv\/wp-content\/uploads\/2023\/06\/244.jpg","type":"image\/jpeg"}],"twitter_card":"summary_large_image","twitter_misc":{"Estimated reading time":"2 minutes"},"schema":{"@context":"https:\/\/schema.org","@graph":[{"@type":"WebPage","@id":"https:\/\/myperfectdog.lv\/products\/uzvedibas-konsultacijas\/","url":"https:\/\/myperfectdog.lv\/products\/uzvedibas-konsultacijas\/","name":"Uzved\u012bbas konsult\u0101cijas | MyPerfectDog.lv","isPartOf":{"@id":"https:\/\/myperfectdog.lv\/#website"},"primaryImageOfPage":{"@id":"https:\/\/myperfectdog.lv\/products\/uzvedibas-konsultacijas\/#primaryimage"},"image":{"@id":"https:\/\/myperfectdog.lv\/products\/uzvedibas-konsultacijas\/#primaryimage"},"thumbnailUrl":"https:\/\/myperfectdog.lv\/wp-content\/uploads\/2023\/06\/244.jpg","datePublished":"2023-06-27T01:28:08+00:00","dateModified":"2025-10-03T18:18:59+00:00","breadcrumb":{"@id":"https:\/\/myperfectdog.lv\/products\/uzvedibas-konsultacijas\/#breadcrumb"},"inLanguage":"en-GB","potentialAction":[{"@type":"ReadAction","target":["https:\/\/myperfectdog.lv\/products\/uzvedibas-konsultacijas\/"]}]},{"@type":"ImageObject","inLanguage":"en-GB","@id":"https:\/\/myperfectdog.lv\/products\/uzvedibas-konsultacijas\/#primaryimage","url":"https:\/\/myperfectdog.lv\/wp-content\/uploads\/2023\/06\/244.jpg","contentUrl":"https:\/\/myperfectdog.lv\/wp-content\/uploads\/2023\/06\/244.jpg","width":1080,"height":1080},{"@type":"BreadcrumbList","@id":"https:\/\/myperfectdog.lv\/products\/uzvedibas-konsultacijas\/#breadcrumb","itemListElement":[{"@type":"ListItem","position":1,"name":"Home","item":"https:\/\/myperfectdog.lv\/"},{"@type":"ListItem","position":2,"name":"Internetveikals","item":"https:\/\/myperfectdog.lv\/internetveikals\/"},{"@type":"ListItem","position":3,"name":"Uzved\u012bbas konsult\u0101cijas"}]},{"@type":"WebSite","@id":"https:\/\/myperfectdog.lv\/#website","url":"https:\/\/myperfectdog.lv\/","name":"MyPerfectDog.lv","description":"Su\u0146u un saimnieku skola","publisher":{"@id":"https:\/\/myperfectdog.lv\/#organization"},"potentialAction":[{"@type":"SearchAction","target":{"@type":"EntryPoint","urlTemplate":"https:\/\/myperfectdog.lv\/?s={search_term_string}"},"query-input":{"@type":"PropertyValueSpecification","valueRequired":true,"valueName":"search_term_string"}}],"inLanguage":"en-GB"},{"@type":"Organization","@id":"https:\/\/myperfectdog.lv\/#organization","name":"Su\u0146u & saimnieku skola \"My Perfect Dog\"","url":"https:\/\/myperfectdog.lv\/","logo":{"@type":"ImageObject","inLanguage":"en-GB","@id":"https:\/\/myperfectdog.lv\/#\/schema\/logo\/image\/","url":"https:\/\/myperfectdog.lv\/wp-content\/uploads\/2020\/10\/MyPerfectDog-New-logo_peach_plakans.png","contentUrl":"https:\/\/myperfectdog.lv\/wp-content\/uploads\/2020\/10\/MyPerfectDog-New-logo_peach_plakans.png","width":1200,"height":636,"caption":"Su\u0146u & saimnieku skola \"My Perfect Dog\""},"image":{"@id":"https:\/\/myperfectdog.lv\/#\/schema\/logo\/image\/"}}]}},"jetpack_sharing_enabled":true,"_links":{"self":[{"href":"https:\/\/myperfectdog.lv\/en\/wp-json\/wp\/v2\/product\/7196","targetHints":{"allow":["GET"]}}],"collection":[{"href":"https:\/\/myperfectdog.lv\/en\/wp-json\/wp\/v2\/product"}],"about":[{"href":"https:\/\/myperfectdog.lv\/en\/wp-json\/wp\/v2\/types\/product"}],"replies":[{"embeddable":true,"href":"https:\/\/myperfectdog.lv\/en\/wp-json\/wp\/v2\/comments?post=7196"}],"wp:featuredmedia":[{"embeddable":true,"href":"https:\/\/myperfectdog.lv\/en\/wp-json\/wp\/v2\/media\/7851"}],"wp:attachment":[{"href":"https:\/\/myperfectdog.lv\/en\/wp-json\/wp\/v2\/media?parent=7196"}],"wp:term":[{"taxonomy":"product_brand","embeddable":true,"href":"https:\/\/myperfectdog.lv\/en\/wp-json\/wp\/v2\/product_brand?post=7196"},{"taxonomy":"product_cat","embeddable":true,"href":"https:\/\/myperfectdog.lv\/en\/wp-json\/wp\/v2\/product_cat?post=7196"},{"taxonomy":"product_tag","embeddable":true,"href":"https:\/\/myperfectdog.lv\/en\/wp-json\/wp\/v2\/product_tag?post=7196"}],"curies":[{"name":"wp","href":"https:\/\/api.w.org\/{rel}","templated":true}]}}