{"id":7304,"date":"2023-08-07T12:22:42","date_gmt":"2023-08-07T10:22:42","guid":{"rendered":"https:\/\/myperfectdog.lv\/?post_type=product&#038;p=7304"},"modified":"2025-10-03T20:18:49","modified_gmt":"2025-10-03T18:18:49","slug":"nina-ottosson-sunu-baribas-puzle-lenesanas-bloda-dog-spin-n-eat","status":"publish","type":"product","link":"https:\/\/myperfectdog.lv\/en\/product\/nina-ottosson-sunu-baribas-puzle-lenesanas-bloda-dog-spin-n-eat\/","title":{"rendered":"Nina Ottosson interakt\u012bv\u0101 su\u0146u bar\u012bbas puzle\/l\u0113n\u0113\u0161anas b\u013coda DOG SPIN N&#8217; EAT"},"content":{"rendered":"<p><span class=\"moze-large\">Padariet \u0113dienreizi jautru un vingriniet sava su\u0146a pr\u0101tu, nomainot standarta su\u0146a b\u013codu ar puzli &#8211; l\u0113n\u0113\u0161anas b\u013codu! Su\u0146u \u00a0bar\u012bbas puzl\u0113\u00a0<b>Dog Spin N&#8217; Eat<\/b>\u00a0ietilpst l\u012bdz 2 tas\u0113m (~226g) bar\u012bbas. T\u0101 nodarbina su\u0146us, mudinot j\u016bsu m\u012bluli str\u0101d\u0101t pie sav\u0101m probl\u0113mu risin\u0101\u0161anas prasm\u0113m. \u0160\u012b 2. l\u012bme\u0146a l\u0113n\u0113\u0161anas b\u013coda\/puzle nodro\u0161ina pr\u0101ta vingrin\u0101\u0161anu, c\u012bn\u0101s ar garlaic\u012bbu un pagarina \u0113dienreizes laiku, sniedzot gar\u012bgo stimul\u0101ciju, k\u0101du vi\u0146i alkst. To ir viegli lietot! Piepildiet mucu ar bar\u012bbas graudi\u0146iem vai k\u0101rumiem un p\u0113c tam nolieciet sp\u0113li savam sunim. J\u016bsu m\u012blulis iem\u0101c\u012bsies izb\u0113rt bar\u012bbu, grie\u017eot mucu ar purnu vai \u0137epu.\u00a0<b>Dog Spin N&#8217; Eat\u00a0<\/b>puzle ir izgatavota no p\u0101rtikai dro\u0161iem materi\u0101liem, un t\u0101 nesatur BPA, PVC, svinu un ftal\u0101tus.\u00a0<\/span><\/p>\n<ul>\n<li><b>IZMET B\u013bODU!<\/b>\u00a0Padariet \u0113dienreizi aizraujo\u0161u un vingriniet su\u0146a pr\u0101tu, aizst\u0101jot standarta su\u0146a b\u013codu ar l\u0113n\u0113\u0161anas b\u013codu\/puzli! Puzl\u0113 Dog Spin N&#8217; Eat ietilpst l\u012bdz 2 tas\u0113m (~226 g) bar\u012bbas.<\/li>\n<li><b>NODARBINA SU\u0145US:\u00a0<\/b>Mudinot suni str\u0101d\u0101t pie sav\u0101m probl\u0113mu risin\u0101\u0161anas prasm\u0113m, \u0161\u012b su\u0146u bar\u012bbas puzle c\u012bn\u0101s ar garlaic\u012bbu un pagarina \u0113dienreizes laiku, sniedzot pr\u0101ta stimul\u0101ciju, kuru vi\u0146i v\u0113las.<\/li>\n<li><b>K\u0100 T\u0100 DARBOJAS?<\/b>\u00a0P\u0113c mucas piepild\u012b\u0161anas ar bar\u012bbu vai gardumiem, novietojiet sp\u0113li sava su\u0146a priek\u0161\u0101. J\u016bsu suns iem\u0101c\u012bsies atbr\u012bvot bar\u012bbu, gr\u016b\u017eot vai velkot mucu t\u0101, lai t\u0101 grieztos.<\/li>\n<li><b>IZGATAVOTA NO P\u0100RTIKAI DRO\u0160IEM MATERI\u0100LIEM:\u00a0<\/b>Dog Spin N&#8217; Eat bar\u012bbas puzle nesatur BPA, PVC, svinu un ftal\u0101tu.<\/li>\n<li><b>SP\u0112L\u0112JIETIES DRO\u0160I:<\/b>\u00a0Neviena rota\u013clieta nav neizn\u012bcin\u0101ma. Neatst\u0101jiet rota\u013clietas ar m\u0101jdz\u012bvniekiem bez uzraudz\u012bbas. No\u0146emiet un nomainiet rota\u013clietu, ja t\u0101 ir boj\u0101ta.<\/li>\n<\/ul>\n<p><span class=\"moze-large\">Nomainiet savu standarta bar\u012bbas b\u013codu pret Wobble Bowl, lai padar\u012btu malt\u012bti jautru! \u0160\u012b l\u0113n\u0113\u0161anas b\u013codas un k\u0101rumu puzles kombin\u0101cija pal\u012bdz\u0113s pal\u0113nin\u0101t j\u016bsu su\u0146a \u0113\u0161anas tempu, vienlaic\u012bgi vingrinot pr\u0101tu.<\/span><span class=\"moze-large\"><br \/>\n<\/span>Ra\u017eots \u0136\u012bn\u0101.<\/p>\n<p><img loading=\"lazy\" decoding=\"async\" class=\"\" src=\"https:\/\/site-984271.mozfiles.com\/files\/984271\/2020_NinaOttoson_Logo-1.jpg\" width=\"224\" height=\"120\" \/><\/p>\n<p><b>Uzzini vair\u0101k par DOG SPIN N&#8217;EAT l\u0113n\u0113\u0161anas b\u013codu\/k\u0101rumu puzli:<\/b><\/p>\n<p><b>SP\u0112L\u0112JIET P\u0112C NOTEIKUMIEM \u2013 DRO\u0160\u012aBA UN KOP\u0160ANA: i<\/b>zraugoties rota\u013clietu, noteikti izv\u0113lieties savam sunim piem\u0113rota izm\u0113ra\/veida\/gr\u016bt\u012bbas l\u012bme\u0146a sp\u0113li. Neviena rota\u013clieta vai sp\u0113le nav neizn\u012bcin\u0101ma. VIENM\u0112R r\u016bp\u012bgi uzraugiet savu suni, iem\u0101ciet savam sunim, k\u0101 darbojas sp\u0113le\/rota\u013clieta. Neatst\u0101jiet suni vienu ar k\u0101rumu puzli\/rota\u013clietu, ne\u013caujiet sunim ko\u0161\u013c\u0101t puzli\/rota\u013clietu vai t\u0101s gabali\u0146us. Regul\u0101ri p\u0101rbaudiet, vai rota\u013clietas nav boj\u0101tas, no\u0146emiet un nomainiet, ja t\u0101s ir sapl\u012bsu\u0161as vai atdal\u012bjusies k\u0101da da\u013ca, \u00a0jo var rasties nopietnas traumas. Paredz\u0113ts tikai su\u0146iem, t\u0101 nav b\u0113rnu rota\u013clieta. Kad puzle ir iztuk\u0161ota, uzglab\u0101jiet to l\u012bdz n\u0101kamajai uzraudz\u012btai lieto\u0161anai.<\/p>\n<p><b>Gr\u016bt\u012bbas l\u012bmenis: Nr.2<\/b><br \/>\n<b>Lieto\u0161ana:<\/b><\/p>\n<p>&nbsp;<\/p>\n<ol>\n<li>Atvienojiet mucu no pamatnes un no\u0146emiet s\u0101na v\u0101ci\u0146u.<\/li>\n<li>Piepildi mucu ar gardumiem vai bar\u012bbu \u2013 ietilpst l\u012bdz 2 tas\u0113m jeb 226 g.<\/li>\n<li>Aiztaisiet s\u0101na v\u0101ci\u0146u un novietojiet atpaka\u013c pamatn\u0113.<\/li>\n<li>Par\u0101diet sunim, kur atrast gardumus, un v\u0113rojiet k\u0101 suns tos samekl\u0113s.<\/li>\n<\/ol>\n<p>&nbsp;<\/p>\n<p>P\u0113c lieto\u0161anas mazg\u0101jiet ar rok\u0101m. izmantojot siltu \u016bdeni un ziepes, noskalojiet. No\u017e\u0101v\u0113jiet gais\u0101.<br \/>\nIetilpst ~226g bar\u012bbas.<br \/>\nMateri\u0101ls: plastmasa.Izm\u0113ri: diametrs 29,46 cm, augstums 8,89 cm<\/p>\n<p><iframe loading=\"lazy\" title=\"YouTube video player\" src=\"https:\/\/www.youtube.com\/embed\/ispuu2e_xkg\" width=\"560\" height=\"315\" frameborder=\"0\" allowfullscreen=\"allowfullscreen\"><\/iframe><\/p>\n<p><iframe loading=\"lazy\" title=\"YouTube video player\" src=\"https:\/\/www.youtube.com\/embed\/1jkqPo7-0J0\" width=\"560\" height=\"315\" frameborder=\"0\" allowfullscreen=\"allowfullscreen\"><\/iframe><\/p>","protected":false},"excerpt":{"rendered":"<p>Padariet \u0113dienreizi jautru un vingriniet sava su\u0146a pr\u0101tu, nomainot standarta su\u0146a b\u013codu ar puzli &#8211; l\u0113n\u0113\u0161anas b\u013codu! Su\u0146u bar\u012bbas puzl\u0113 Dog Spin N&#8217; Eat ietilpst l\u012bdz 2 tas\u0113m (~226g) bar\u012bbas. T\u0101 nodarbina su\u0146us, mudinot j\u016bsu m\u012bluli str\u0101d\u0101t pie sav\u0101m probl\u0113mu risin\u0101\u0161anas prasm\u0113m. \u0160\u012b 2. l\u012bme\u0146a l\u0113n\u0113\u0161anas b\u013coda\/puzle nodro\u0161ina pr\u0101ta vingrin\u0101\u0161anu, c\u012bn\u0101s ar garlaic\u012bbu un pagarina \u0113dienreizes laiku, sniedzot gar\u012bgo stimul\u0101ciju, k\u0101du vi\u0146i alkst. To ir viegli lietot! Piepildiet mucu ar bar\u012bbas graudi\u0146iem vai k\u0101rumiem un p\u0113c tam nolieciet sp\u0113li savam sunim. J\u016bsu m\u012blulis iem\u0101c\u012bsies izb\u0113rt bar\u012bbu, grie\u017eot mucu ar purnu vai \u0137epu. Dog Spin N&#8217; Eat puzle ir izgatavota no p\u0101rtikai dro\u0161iem materi\u0101liem, un t\u0101 nesatur BPA, PVC, svinu un ftal\u0101tus.<\/p>\n<p>Materi\u0101ls: plastmasa.<\/p>\n<p>Izm\u0113ri: diametrs 29,46 cm, augstums 8,89 cm<\/p>","protected":false},"featured_media":7305,"comment_status":"closed","ping_status":"closed","template":"","meta":[],"product_brand":[],"product_cat":[41,48],"product_tag":[],"class_list":{"0":"post-7304","1":"product","2":"type-product","3":"status-publish","4":"has-post-thumbnail","6":"product_cat-speles-suniem","7":"product_cat-suna-mieram","9":"first","10":"instock","11":"taxable","12":"shipping-taxable","13":"purchasable","14":"product-type-simple"},"yoast_head":"<!-- This site is optimized with the Yoast SEO plugin v27.6 - https:\/\/yoast.com\/product\/yoast-seo-wordpress\/ -->\n<title>Nina Ottosson interakt\u012bv\u0101 su\u0146u bar\u012bbas puzle\/l\u0113n\u0113\u0161anas b\u013coda DOG SPIN N&#039; EAT | MyPerfectDog.lv<\/title>\n<meta name=\"robots\" content=\"index, follow, max-snippet:-1, max-image-preview:large, max-video-preview:-1\" \/>\n<link rel=\"canonical\" href=\"https:\/\/myperfectdog.lv\/en\/product\/nina-ottosson-sunu-baribas-puzle-lenesanas-bloda-dog-spin-n-eat\/\" \/>\n<meta property=\"og:locale\" content=\"en_GB\" \/>\n<meta property=\"og:type\" content=\"article\" \/>\n<meta property=\"og:title\" content=\"Nina Ottosson interakt\u012bv\u0101 su\u0146u bar\u012bbas puzle\/l\u0113n\u0113\u0161anas b\u013coda DOG SPIN N&#039; EAT | MyPerfectDog.lv\" \/>\n<meta property=\"og:description\" content=\"Padariet \u0113dienreizi jautru un vingriniet sava su\u0146a pr\u0101tu, nomainot standarta su\u0146a b\u013codu ar puzli - l\u0113n\u0113\u0161anas b\u013codu! Su\u0146u bar\u012bbas puzl\u0113 Dog Spin N&#039; Eat ietilpst l\u012bdz 2 tas\u0113m (~226g) bar\u012bbas. T\u0101 nodarbina su\u0146us, mudinot j\u016bsu m\u012bluli str\u0101d\u0101t pie sav\u0101m probl\u0113mu risin\u0101\u0161anas prasm\u0113m. \u0160\u012b 2. l\u012bme\u0146a l\u0113n\u0113\u0161anas b\u013coda\/puzle nodro\u0161ina pr\u0101ta vingrin\u0101\u0161anu, c\u012bn\u0101s ar garlaic\u012bbu un pagarina \u0113dienreizes laiku, sniedzot gar\u012bgo stimul\u0101ciju, k\u0101du vi\u0146i alkst. To ir viegli lietot! Piepildiet mucu ar bar\u012bbas graudi\u0146iem vai k\u0101rumiem un p\u0113c tam nolieciet sp\u0113li savam sunim. J\u016bsu m\u012blulis iem\u0101c\u012bsies izb\u0113rt bar\u012bbu, grie\u017eot mucu ar purnu vai \u0137epu. Dog Spin N&#039; Eat puzle ir izgatavota no p\u0101rtikai dro\u0161iem materi\u0101liem, un t\u0101 nesatur BPA, PVC, svinu un ftal\u0101tus.  Materi\u0101ls: plastmasa.  Izm\u0113ri: diametrs 29,46 cm, augstums 8,89 cm\" \/>\n<meta property=\"og:url\" content=\"https:\/\/myperfectdog.lv\/en\/product\/nina-ottosson-sunu-baribas-puzle-lenesanas-bloda-dog-spin-n-eat\/\" \/>\n<meta property=\"og:site_name\" content=\"MyPerfectDog.lv\" \/>\n<meta property=\"article:modified_time\" content=\"2025-10-03T18:18:49+00:00\" \/>\n<meta property=\"og:image\" content=\"https:\/\/myperfectdog.lv\/wp-content\/uploads\/2023\/08\/70648_OutwardHound_NinaOttosson_DogSpinEat_Grn_MAIN-0e399cbdd9ce67e36725e0e907b2e949.jpg\" \/>\n\t<meta property=\"og:image:width\" content=\"900\" \/>\n\t<meta property=\"og:image:height\" content=\"900\" \/>\n\t<meta property=\"og:image:type\" content=\"image\/jpeg\" \/>\n<meta name=\"twitter:card\" content=\"summary_large_image\" \/>\n<meta name=\"twitter:label1\" content=\"Estimated reading time\" \/>\n\t<meta name=\"twitter:data1\" content=\"3 minutes\" \/>\n<script type=\"application\/ld+json\" class=\"yoast-schema-graph\">{\"@context\":\"https:\\\/\\\/schema.org\",\"@graph\":[{\"@type\":\"WebPage\",\"@id\":\"https:\\\/\\\/myperfectdog.lv\\\/products\\\/nina-ottosson-sunu-baribas-puzle-lenesanas-bloda-dog-spin-n-eat\\\/\",\"url\":\"https:\\\/\\\/myperfectdog.lv\\\/products\\\/nina-ottosson-sunu-baribas-puzle-lenesanas-bloda-dog-spin-n-eat\\\/\",\"name\":\"Nina Ottosson interakt\u012bv\u0101 su\u0146u bar\u012bbas puzle\\\/l\u0113n\u0113\u0161anas b\u013coda DOG SPIN N' EAT | MyPerfectDog.lv\",\"isPartOf\":{\"@id\":\"https:\\\/\\\/myperfectdog.lv\\\/#website\"},\"primaryImageOfPage\":{\"@id\":\"https:\\\/\\\/myperfectdog.lv\\\/products\\\/nina-ottosson-sunu-baribas-puzle-lenesanas-bloda-dog-spin-n-eat\\\/#primaryimage\"},\"image\":{\"@id\":\"https:\\\/\\\/myperfectdog.lv\\\/products\\\/nina-ottosson-sunu-baribas-puzle-lenesanas-bloda-dog-spin-n-eat\\\/#primaryimage\"},\"thumbnailUrl\":\"https:\\\/\\\/myperfectdog.lv\\\/wp-content\\\/uploads\\\/2023\\\/08\\\/70648_OutwardHound_NinaOttosson_DogSpinEat_Grn_MAIN-0e399cbdd9ce67e36725e0e907b2e949.jpg\",\"datePublished\":\"2023-08-07T10:22:42+00:00\",\"dateModified\":\"2025-10-03T18:18:49+00:00\",\"breadcrumb\":{\"@id\":\"https:\\\/\\\/myperfectdog.lv\\\/products\\\/nina-ottosson-sunu-baribas-puzle-lenesanas-bloda-dog-spin-n-eat\\\/#breadcrumb\"},\"inLanguage\":\"en-GB\",\"potentialAction\":[{\"@type\":\"ReadAction\",\"target\":[\"https:\\\/\\\/myperfectdog.lv\\\/products\\\/nina-ottosson-sunu-baribas-puzle-lenesanas-bloda-dog-spin-n-eat\\\/\"]}]},{\"@type\":\"ImageObject\",\"inLanguage\":\"en-GB\",\"@id\":\"https:\\\/\\\/myperfectdog.lv\\\/products\\\/nina-ottosson-sunu-baribas-puzle-lenesanas-bloda-dog-spin-n-eat\\\/#primaryimage\",\"url\":\"https:\\\/\\\/myperfectdog.lv\\\/wp-content\\\/uploads\\\/2023\\\/08\\\/70648_OutwardHound_NinaOttosson_DogSpinEat_Grn_MAIN-0e399cbdd9ce67e36725e0e907b2e949.jpg\",\"contentUrl\":\"https:\\\/\\\/myperfectdog.lv\\\/wp-content\\\/uploads\\\/2023\\\/08\\\/70648_OutwardHound_NinaOttosson_DogSpinEat_Grn_MAIN-0e399cbdd9ce67e36725e0e907b2e949.jpg\",\"width\":900,\"height\":900},{\"@type\":\"BreadcrumbList\",\"@id\":\"https:\\\/\\\/myperfectdog.lv\\\/products\\\/nina-ottosson-sunu-baribas-puzle-lenesanas-bloda-dog-spin-n-eat\\\/#breadcrumb\",\"itemListElement\":[{\"@type\":\"ListItem\",\"position\":1,\"name\":\"Home\",\"item\":\"https:\\\/\\\/myperfectdog.lv\\\/\"},{\"@type\":\"ListItem\",\"position\":2,\"name\":\"Internetveikals\",\"item\":\"https:\\\/\\\/myperfectdog.lv\\\/internetveikals\\\/\"},{\"@type\":\"ListItem\",\"position\":3,\"name\":\"Nina Ottosson interakt\u012bv\u0101 su\u0146u bar\u012bbas puzle\\\/l\u0113n\u0113\u0161anas b\u013coda DOG SPIN N&#8217; EAT\"}]},{\"@type\":\"WebSite\",\"@id\":\"https:\\\/\\\/myperfectdog.lv\\\/#website\",\"url\":\"https:\\\/\\\/myperfectdog.lv\\\/\",\"name\":\"MyPerfectDog.lv\",\"description\":\"Su\u0146u un saimnieku skola\",\"publisher\":{\"@id\":\"https:\\\/\\\/myperfectdog.lv\\\/#organization\"},\"potentialAction\":[{\"@type\":\"SearchAction\",\"target\":{\"@type\":\"EntryPoint\",\"urlTemplate\":\"https:\\\/\\\/myperfectdog.lv\\\/?s={search_term_string}\"},\"query-input\":{\"@type\":\"PropertyValueSpecification\",\"valueRequired\":true,\"valueName\":\"search_term_string\"}}],\"inLanguage\":\"en-GB\"},{\"@type\":\"Organization\",\"@id\":\"https:\\\/\\\/myperfectdog.lv\\\/#organization\",\"name\":\"Su\u0146u & saimnieku skola \\\"My Perfect Dog\\\"\",\"url\":\"https:\\\/\\\/myperfectdog.lv\\\/\",\"logo\":{\"@type\":\"ImageObject\",\"inLanguage\":\"en-GB\",\"@id\":\"https:\\\/\\\/myperfectdog.lv\\\/#\\\/schema\\\/logo\\\/image\\\/\",\"url\":\"https:\\\/\\\/myperfectdog.lv\\\/wp-content\\\/uploads\\\/2020\\\/10\\\/MyPerfectDog-New-logo_peach_plakans.png\",\"contentUrl\":\"https:\\\/\\\/myperfectdog.lv\\\/wp-content\\\/uploads\\\/2020\\\/10\\\/MyPerfectDog-New-logo_peach_plakans.png\",\"width\":1200,\"height\":636,\"caption\":\"Su\u0146u & saimnieku skola \\\"My Perfect Dog\\\"\"},\"image\":{\"@id\":\"https:\\\/\\\/myperfectdog.lv\\\/#\\\/schema\\\/logo\\\/image\\\/\"}}]}<\/script>\n<!-- \/ Yoast SEO plugin. -->","yoast_head_json":{"title":"Nina Ottosson interakt\u012bv\u0101 su\u0146u bar\u012bbas puzle\/l\u0113n\u0113\u0161anas b\u013coda DOG SPIN N' EAT | MyPerfectDog.lv","robots":{"index":"index","follow":"follow","max-snippet":"max-snippet:-1","max-image-preview":"max-image-preview:large","max-video-preview":"max-video-preview:-1"},"canonical":"https:\/\/myperfectdog.lv\/en\/product\/nina-ottosson-sunu-baribas-puzle-lenesanas-bloda-dog-spin-n-eat\/","og_locale":"en_GB","og_type":"article","og_title":"Nina Ottosson interakt\u012bv\u0101 su\u0146u bar\u012bbas puzle\/l\u0113n\u0113\u0161anas b\u013coda DOG SPIN N' EAT | MyPerfectDog.lv","og_description":"Padariet \u0113dienreizi jautru un vingriniet sava su\u0146a pr\u0101tu, nomainot standarta su\u0146a b\u013codu ar puzli - l\u0113n\u0113\u0161anas b\u013codu! Su\u0146u bar\u012bbas puzl\u0113 Dog Spin N' Eat ietilpst l\u012bdz 2 tas\u0113m (~226g) bar\u012bbas. T\u0101 nodarbina su\u0146us, mudinot j\u016bsu m\u012bluli str\u0101d\u0101t pie sav\u0101m probl\u0113mu risin\u0101\u0161anas prasm\u0113m. \u0160\u012b 2. l\u012bme\u0146a l\u0113n\u0113\u0161anas b\u013coda\/puzle nodro\u0161ina pr\u0101ta vingrin\u0101\u0161anu, c\u012bn\u0101s ar garlaic\u012bbu un pagarina \u0113dienreizes laiku, sniedzot gar\u012bgo stimul\u0101ciju, k\u0101du vi\u0146i alkst. To ir viegli lietot! Piepildiet mucu ar bar\u012bbas graudi\u0146iem vai k\u0101rumiem un p\u0113c tam nolieciet sp\u0113li savam sunim. J\u016bsu m\u012blulis iem\u0101c\u012bsies izb\u0113rt bar\u012bbu, grie\u017eot mucu ar purnu vai \u0137epu. Dog Spin N' Eat puzle ir izgatavota no p\u0101rtikai dro\u0161iem materi\u0101liem, un t\u0101 nesatur BPA, PVC, svinu un ftal\u0101tus.  Materi\u0101ls: plastmasa.  Izm\u0113ri: diametrs 29,46 cm, augstums 8,89 cm","og_url":"https:\/\/myperfectdog.lv\/en\/product\/nina-ottosson-sunu-baribas-puzle-lenesanas-bloda-dog-spin-n-eat\/","og_site_name":"MyPerfectDog.lv","article_modified_time":"2025-10-03T18:18:49+00:00","og_image":[{"width":900,"height":900,"url":"https:\/\/myperfectdog.lv\/wp-content\/uploads\/2023\/08\/70648_OutwardHound_NinaOttosson_DogSpinEat_Grn_MAIN-0e399cbdd9ce67e36725e0e907b2e949.jpg","type":"image\/jpeg"}],"twitter_card":"summary_large_image","twitter_misc":{"Estimated reading time":"3 minutes"},"schema":{"@context":"https:\/\/schema.org","@graph":[{"@type":"WebPage","@id":"https:\/\/myperfectdog.lv\/products\/nina-ottosson-sunu-baribas-puzle-lenesanas-bloda-dog-spin-n-eat\/","url":"https:\/\/myperfectdog.lv\/products\/nina-ottosson-sunu-baribas-puzle-lenesanas-bloda-dog-spin-n-eat\/","name":"Nina Ottosson interakt\u012bv\u0101 su\u0146u bar\u012bbas puzle\/l\u0113n\u0113\u0161anas b\u013coda DOG SPIN N' EAT | MyPerfectDog.lv","isPartOf":{"@id":"https:\/\/myperfectdog.lv\/#website"},"primaryImageOfPage":{"@id":"https:\/\/myperfectdog.lv\/products\/nina-ottosson-sunu-baribas-puzle-lenesanas-bloda-dog-spin-n-eat\/#primaryimage"},"image":{"@id":"https:\/\/myperfectdog.lv\/products\/nina-ottosson-sunu-baribas-puzle-lenesanas-bloda-dog-spin-n-eat\/#primaryimage"},"thumbnailUrl":"https:\/\/myperfectdog.lv\/wp-content\/uploads\/2023\/08\/70648_OutwardHound_NinaOttosson_DogSpinEat_Grn_MAIN-0e399cbdd9ce67e36725e0e907b2e949.jpg","datePublished":"2023-08-07T10:22:42+00:00","dateModified":"2025-10-03T18:18:49+00:00","breadcrumb":{"@id":"https:\/\/myperfectdog.lv\/products\/nina-ottosson-sunu-baribas-puzle-lenesanas-bloda-dog-spin-n-eat\/#breadcrumb"},"inLanguage":"en-GB","potentialAction":[{"@type":"ReadAction","target":["https:\/\/myperfectdog.lv\/products\/nina-ottosson-sunu-baribas-puzle-lenesanas-bloda-dog-spin-n-eat\/"]}]},{"@type":"ImageObject","inLanguage":"en-GB","@id":"https:\/\/myperfectdog.lv\/products\/nina-ottosson-sunu-baribas-puzle-lenesanas-bloda-dog-spin-n-eat\/#primaryimage","url":"https:\/\/myperfectdog.lv\/wp-content\/uploads\/2023\/08\/70648_OutwardHound_NinaOttosson_DogSpinEat_Grn_MAIN-0e399cbdd9ce67e36725e0e907b2e949.jpg","contentUrl":"https:\/\/myperfectdog.lv\/wp-content\/uploads\/2023\/08\/70648_OutwardHound_NinaOttosson_DogSpinEat_Grn_MAIN-0e399cbdd9ce67e36725e0e907b2e949.jpg","width":900,"height":900},{"@type":"BreadcrumbList","@id":"https:\/\/myperfectdog.lv\/products\/nina-ottosson-sunu-baribas-puzle-lenesanas-bloda-dog-spin-n-eat\/#breadcrumb","itemListElement":[{"@type":"ListItem","position":1,"name":"Home","item":"https:\/\/myperfectdog.lv\/"},{"@type":"ListItem","position":2,"name":"Internetveikals","item":"https:\/\/myperfectdog.lv\/internetveikals\/"},{"@type":"ListItem","position":3,"name":"Nina Ottosson interakt\u012bv\u0101 su\u0146u bar\u012bbas puzle\/l\u0113n\u0113\u0161anas b\u013coda DOG SPIN N&#8217; EAT"}]},{"@type":"WebSite","@id":"https:\/\/myperfectdog.lv\/#website","url":"https:\/\/myperfectdog.lv\/","name":"MyPerfectDog.lv","description":"Su\u0146u un saimnieku skola","publisher":{"@id":"https:\/\/myperfectdog.lv\/#organization"},"potentialAction":[{"@type":"SearchAction","target":{"@type":"EntryPoint","urlTemplate":"https:\/\/myperfectdog.lv\/?s={search_term_string}"},"query-input":{"@type":"PropertyValueSpecification","valueRequired":true,"valueName":"search_term_string"}}],"inLanguage":"en-GB"},{"@type":"Organization","@id":"https:\/\/myperfectdog.lv\/#organization","name":"Su\u0146u & saimnieku skola \"My Perfect Dog\"","url":"https:\/\/myperfectdog.lv\/","logo":{"@type":"ImageObject","inLanguage":"en-GB","@id":"https:\/\/myperfectdog.lv\/#\/schema\/logo\/image\/","url":"https:\/\/myperfectdog.lv\/wp-content\/uploads\/2020\/10\/MyPerfectDog-New-logo_peach_plakans.png","contentUrl":"https:\/\/myperfectdog.lv\/wp-content\/uploads\/2020\/10\/MyPerfectDog-New-logo_peach_plakans.png","width":1200,"height":636,"caption":"Su\u0146u & saimnieku skola \"My Perfect Dog\""},"image":{"@id":"https:\/\/myperfectdog.lv\/#\/schema\/logo\/image\/"}}]}},"jetpack_sharing_enabled":true,"_links":{"self":[{"href":"https:\/\/myperfectdog.lv\/en\/wp-json\/wp\/v2\/product\/7304","targetHints":{"allow":["GET"]}}],"collection":[{"href":"https:\/\/myperfectdog.lv\/en\/wp-json\/wp\/v2\/product"}],"about":[{"href":"https:\/\/myperfectdog.lv\/en\/wp-json\/wp\/v2\/types\/product"}],"replies":[{"embeddable":true,"href":"https:\/\/myperfectdog.lv\/en\/wp-json\/wp\/v2\/comments?post=7304"}],"wp:featuredmedia":[{"embeddable":true,"href":"https:\/\/myperfectdog.lv\/en\/wp-json\/wp\/v2\/media\/7305"}],"wp:attachment":[{"href":"https:\/\/myperfectdog.lv\/en\/wp-json\/wp\/v2\/media?parent=7304"}],"wp:term":[{"taxonomy":"product_brand","embeddable":true,"href":"https:\/\/myperfectdog.lv\/en\/wp-json\/wp\/v2\/product_brand?post=7304"},{"taxonomy":"product_cat","embeddable":true,"href":"https:\/\/myperfectdog.lv\/en\/wp-json\/wp\/v2\/product_cat?post=7304"},{"taxonomy":"product_tag","embeddable":true,"href":"https:\/\/myperfectdog.lv\/en\/wp-json\/wp\/v2\/product_tag?post=7304"}],"curies":[{"name":"wp","href":"https:\/\/api.w.org\/{rel}","templated":true}]}}