{"id":7312,"date":"2023-08-07T12:50:12","date_gmt":"2023-08-07T10:50:12","guid":{"rendered":"https:\/\/myperfectdog.lv\/?post_type=product&#038;p=7312"},"modified":"2025-12-16T14:40:43","modified_gmt":"2025-12-16T12:40:43","slug":"nina-ottosson-sunu-baribas-puzle-dog-snuffle-ntreat-ball","status":"publish","type":"product","link":"https:\/\/myperfectdog.lv\/en\/product\/nina-ottosson-sunu-baribas-puzle-dog-snuffle-ntreat-ball\/","title":{"rendered":"Nina Ottosson interak\u012bv\u0101 su\u0146u bar\u012bbas puzle Dog Snuffle N&#8217;treat Ball"},"content":{"rendered":"<p><span class=\"moze-large\">Nina Ottosson su\u0146u bar\u012bbas puzle\u00a0<b>Snuffle N&#8217; Treat Ball<\/b>\u00a0ir jauna jautra rota\u013clieta, kas sniedz j\u016bsu m\u012blulim fizisku un gar\u012bgu stimul\u0101ciju. Tai ir se\u0161i pl\u012b\u0161a burunduki, kurus izmanto \u00a0k\u0101rumu nosl\u0113p\u0161anai. J\u016bs varat palielin\u0101t gr\u016bt\u012bbu, ievietojot tos piln\u012bb\u0101, vai padar\u012bt viegl\u0101ku ies\u0101c\u0113jiem, ieb\u0101\u017eot rota\u013clietas tikai l\u012bdz pusei. \u0160\u012b su\u0146u gardumu puzle ir lieliski piem\u0113rota darbam ar degunu\/smar\u017eu sp\u0113l\u0113m, un j\u016bsu suns b\u016bs aiz\u0146emts ilgu laiku. Beigu\u0161ies burunduki? Ir pieejama mai\u0146as 3 burunduku paka, lai jautr\u012bba turpin\u0101tos!\u00a0<\/span><\/p>\n<ul>\n<li><b>INTERAKT\u012aVA IZKLAIDE:\u00a0<\/b>\u0160\u012b k\u0101rumu puzle-bumba nodro\u0161ina su\u0146iem nepiecie\u0161amo fizisko un ment\u0101lo stimul\u0101ciju.<\/li>\n<li><b>IEK\u013bAUTI 6 PL\u012a\u0160A BURUNDUKI:<\/b>\u00a0Komplekt\u0101 se\u0161as jaukas pl\u012b\u0161a rota\u013clietas, ar kur\u0101m nosegt k\u0101rumu nodal\u012bjumus.<\/li>\n<li><b>NODARBINA SU\u0145US:\u00a0<\/b>Piepildiet ar gardumiem vai sauso bar\u012bbu un v\u0113rojiet, k\u0101 j\u016bsu suns pilnveido savas probl\u0113mu risin\u0101\u0161anas prasmes, lai ieg\u016btu gar\u0161\u012bgos cienastus.<\/li>\n<li><b>PRIEKI VISIEM:\u00a0<\/b>\u0160\u012b interakt\u012bv\u0101 puzles rota\u013clieta ir lieliski piem\u0113rota visu izm\u0113ru, \u0161\u0137ir\u0146u un vecuma su\u0146iem.<\/li>\n<li><b>SP\u0112L\u0112JIETIES DRO\u0160I:\u00a0<\/b>Neviena rota\u013clieta nav neizn\u012bcin\u0101ma. Neatst\u0101jiet rota\u013clietas ar m\u0101jdz\u012bvniekiem bez uzraudz\u012bbas. No\u0146emiet un nomainiet rota\u013clietu, ja t\u0101 ir boj\u0101ta.<\/li>\n<\/ul>\n<p><img loading=\"lazy\" decoding=\"async\" class=\"\" src=\"https:\/\/site-984271.mozfiles.com\/files\/984271\/2020_NinaOttoson_Logo-1.jpg?1668682873\" width=\"129\" height=\"69\" \/><\/p>\n<p><b>Uzzini vair\u0101k par Nina Ottosson bar\u012bbas puzli DOG SNUFFLE N&#8217;TREAT BALL:<\/b><\/p>\n<p><b>Gr\u016bt\u012bbas l\u012bmenis: Nr. 2<\/b><br \/>\n<b>Lieto\u0161ana:<\/b>\u00a0Sp\u0113lei izmantojiet sauso bar\u012bbu vai k\u0101rumus.<\/p>\n<ol>\n<li>Ielieciet bar\u012bbu vai k\u0101rumus nodal\u012bjumos.<\/li>\n<li>Nodal\u012bjumos ievietojiet burundukus ar galvu pa priek\u0161u.\u00a0<b>Viegl\u0101ks uzdevums:\u00a0<\/b>ievietojiet burunduku da\u013c\u0113ji, lai suns to viegl\u0101k var\u0113tu izvilkt.\u00a0<b>Gr\u016bt\u0101ks uzdevums:\u00a0<\/b>ievietojiet burundukus p\u0113c iesp\u0113jas dzi\u013c\u0101k, lai tos b\u016btu gr\u016bt\u0101k izvilkt.<\/li>\n<li>Lai sp\u0113le s\u0101kas! Par\u0101diet sunim k\u0101 izvilkt burunduku un ripin\u0101t bumbu, lai izdab\u016btu gardumus.<\/li>\n<\/ol>\n<p><b>SP\u0112LEJIET P\u0112C NOTEIKUMIEM &#8211; DRO\u0160\u012aBA UN KOP\u0160ANA:<\/b><\/p>\n<p>Ieg\u0101d\u0101joties rota\u013clietas, izv\u0113lieties j\u016bsu sunim piem\u0113rota izm\u0113ra\/stila\/gr\u016bt\u012bbas rota\u013clietu. \u00a0VIENM\u0112R uzraugiet savu suni, iem\u0101ciet sunim k\u0101 darbojas sp\u0113le\/rota\u013clieta. Neatst\u0101jiet suni vienatn\u0113 ar bar\u012bbas puzli\/sp\u0113li. Ne\u013caujiet sunim ko\u0161\u013c\u0101t to vai t\u0101s deta\u013cas. P\u0101rbaudiet, vai puzle nav boj\u0101ta, no\u0146emiet, ja t\u0101 ir sapl\u012bsusi, jo var izrais\u012bt nopietnu traumu. Paredz\u0113ta tikai su\u0146iem. \u0160\u012b nav b\u0113rnu rota\u013clieta. Kad iztuk\u0161ota, uzglab\u0101jiet l\u012bdz n\u0101kamai lieto\u0161anai.<br \/>\nT\u012br\u012b\u0161ana: No \u0101rpuses nomazg\u0101jiet ar siltu \u016bdeni un maig\u0101m ziep\u0113m, r\u016bp\u012bgi noskalojiet.<br \/>\nMateri\u0101ls: plastmasa, poliesters.<br \/>\nIzm\u0113ri: 18 x 23 18 cm.<br \/>\nRa\u017eots \u0136\u012bn\u0101.<\/p>\n<p><iframe loading=\"lazy\" title=\"YouTube video player\" src=\"https:\/\/www.youtube.com\/embed\/uehkH20qkdQ\" width=\"560\" height=\"315\" frameborder=\"0\" allowfullscreen=\"allowfullscreen\"><\/iframe><\/p>\n<p><iframe loading=\"lazy\" title=\"YouTube video player\" src=\"https:\/\/www.youtube.com\/embed\/77G6-vLLcug\" width=\"560\" height=\"315\" frameborder=\"0\" allowfullscreen=\"allowfullscreen\"><\/iframe><\/p>","protected":false},"excerpt":{"rendered":"<p>Nina Ottosson su\u0146u bar\u012bbas puzle\u00a0<b>Snuffle N&#8217; Treat Ball<\/b>\u00a0ir jauna jautra rota\u013clieta, kas sniedz j\u016bsu m\u012blulim fizisku un gar\u012bgu stimul\u0101ciju. Tai ir se\u0161i pl\u012b\u0161a burunduki, kurus izmanto \u00a0k\u0101rumu nosl\u0113p\u0161anai. J\u016bs varat palielin\u0101t gr\u016bt\u012bbu, ievietojot tos piln\u012bb\u0101, vai padar\u012bt viegl\u0101ku ies\u0101c\u0113jiem, ieb\u0101\u017eot rota\u013clietas tikai l\u012bdz pusei. \u0160\u012b su\u0146u gardumu puzle ir lieliski piem\u0113rota darbam ar degunu\/smar\u017eu sp\u0113l\u0113m, un j\u016bsu suns b\u016bs aiz\u0146emts ilgu laiku.<\/p>\n<p><b>Gr\u016bt\u012bbas l\u012bmenis: Nr. 2<\/b><\/p>","protected":false},"featured_media":7313,"comment_status":"closed","ping_status":"closed","template":"","meta":[],"product_brand":[],"product_cat":[41],"product_tag":[],"class_list":{"0":"post-7312","1":"product","2":"type-product","3":"status-publish","4":"has-post-thumbnail","6":"product_cat-speles-suniem","8":"first","9":"instock","10":"taxable","11":"shipping-taxable","12":"purchasable","13":"product-type-variable"},"yoast_head":"<!-- This site is optimized with the Yoast SEO plugin v27.5 - https:\/\/yoast.com\/product\/yoast-seo-wordpress\/ -->\n<title>Nina Ottosson interak\u012bv\u0101 su\u0146u bar\u012bbas puzle Dog Snuffle N&#039;treat Ball | MyPerfectDog.lv<\/title>\n<meta name=\"robots\" content=\"index, follow, max-snippet:-1, max-image-preview:large, max-video-preview:-1\" \/>\n<link rel=\"canonical\" href=\"https:\/\/myperfectdog.lv\/en\/product\/nina-ottosson-sunu-baribas-puzle-dog-snuffle-ntreat-ball\/\" \/>\n<meta property=\"og:locale\" content=\"en_GB\" \/>\n<meta property=\"og:type\" content=\"article\" \/>\n<meta property=\"og:title\" content=\"Nina Ottosson interak\u012bv\u0101 su\u0146u bar\u012bbas puzle Dog Snuffle N&#039;treat Ball | MyPerfectDog.lv\" \/>\n<meta property=\"og:description\" content=\"Nina Ottosson su\u0146u bar\u012bbas puzle\u00a0Snuffle N&#039; Treat Ball\u00a0ir jauna jautra rota\u013clieta, kas sniedz j\u016bsu m\u012blulim fizisku un gar\u012bgu stimul\u0101ciju. Tai ir se\u0161i pl\u012b\u0161a burunduki, kurus izmanto \u00a0k\u0101rumu nosl\u0113p\u0161anai. J\u016bs varat palielin\u0101t gr\u016bt\u012bbu, ievietojot tos piln\u012bb\u0101, vai padar\u012bt viegl\u0101ku ies\u0101c\u0113jiem, ieb\u0101\u017eot rota\u013clietas tikai l\u012bdz pusei. \u0160\u012b su\u0146u gardumu puzle ir lieliski piem\u0113rota darbam ar degunu\/smar\u017eu sp\u0113l\u0113m, un j\u016bsu suns b\u016bs aiz\u0146emts ilgu laiku.  Gr\u016bt\u012bbas l\u012bmenis: Nr. 2\" \/>\n<meta property=\"og:url\" content=\"https:\/\/myperfectdog.lv\/en\/product\/nina-ottosson-sunu-baribas-puzle-dog-snuffle-ntreat-ball\/\" \/>\n<meta property=\"og:site_name\" content=\"MyPerfectDog.lv\" \/>\n<meta property=\"article:modified_time\" content=\"2025-12-16T12:40:43+00:00\" \/>\n<meta property=\"og:image\" content=\"https:\/\/myperfectdog.lv\/wp-content\/uploads\/2023\/08\/71025_DogSnuffleNTreatBall_Grn_MAIN-55907963c4e3d01fce0b28b349d962ab.jpg\" \/>\n\t<meta property=\"og:image:width\" content=\"900\" \/>\n\t<meta property=\"og:image:height\" content=\"900\" \/>\n\t<meta property=\"og:image:type\" content=\"image\/jpeg\" \/>\n<meta name=\"twitter:card\" content=\"summary_large_image\" \/>\n<meta name=\"twitter:label1\" content=\"Estimated reading time\" \/>\n\t<meta name=\"twitter:data1\" content=\"3 minutes\" \/>\n<script type=\"application\/ld+json\" class=\"yoast-schema-graph\">{\"@context\":\"https:\\\/\\\/schema.org\",\"@graph\":[{\"@type\":\"WebPage\",\"@id\":\"https:\\\/\\\/myperfectdog.lv\\\/products\\\/nina-ottosson-sunu-baribas-puzle-dog-snuffle-ntreat-ball\\\/\",\"url\":\"https:\\\/\\\/myperfectdog.lv\\\/products\\\/nina-ottosson-sunu-baribas-puzle-dog-snuffle-ntreat-ball\\\/\",\"name\":\"Nina Ottosson interak\u012bv\u0101 su\u0146u bar\u012bbas puzle Dog Snuffle N'treat Ball | MyPerfectDog.lv\",\"isPartOf\":{\"@id\":\"https:\\\/\\\/myperfectdog.lv\\\/#website\"},\"primaryImageOfPage\":{\"@id\":\"https:\\\/\\\/myperfectdog.lv\\\/products\\\/nina-ottosson-sunu-baribas-puzle-dog-snuffle-ntreat-ball\\\/#primaryimage\"},\"image\":{\"@id\":\"https:\\\/\\\/myperfectdog.lv\\\/products\\\/nina-ottosson-sunu-baribas-puzle-dog-snuffle-ntreat-ball\\\/#primaryimage\"},\"thumbnailUrl\":\"https:\\\/\\\/myperfectdog.lv\\\/wp-content\\\/uploads\\\/2023\\\/08\\\/71025_DogSnuffleNTreatBall_Grn_MAIN-55907963c4e3d01fce0b28b349d962ab.jpg\",\"datePublished\":\"2023-08-07T10:50:12+00:00\",\"dateModified\":\"2025-12-16T12:40:43+00:00\",\"breadcrumb\":{\"@id\":\"https:\\\/\\\/myperfectdog.lv\\\/products\\\/nina-ottosson-sunu-baribas-puzle-dog-snuffle-ntreat-ball\\\/#breadcrumb\"},\"inLanguage\":\"en-GB\",\"potentialAction\":[{\"@type\":\"ReadAction\",\"target\":[\"https:\\\/\\\/myperfectdog.lv\\\/products\\\/nina-ottosson-sunu-baribas-puzle-dog-snuffle-ntreat-ball\\\/\"]}]},{\"@type\":\"ImageObject\",\"inLanguage\":\"en-GB\",\"@id\":\"https:\\\/\\\/myperfectdog.lv\\\/products\\\/nina-ottosson-sunu-baribas-puzle-dog-snuffle-ntreat-ball\\\/#primaryimage\",\"url\":\"https:\\\/\\\/myperfectdog.lv\\\/wp-content\\\/uploads\\\/2023\\\/08\\\/71025_DogSnuffleNTreatBall_Grn_MAIN-55907963c4e3d01fce0b28b349d962ab.jpg\",\"contentUrl\":\"https:\\\/\\\/myperfectdog.lv\\\/wp-content\\\/uploads\\\/2023\\\/08\\\/71025_DogSnuffleNTreatBall_Grn_MAIN-55907963c4e3d01fce0b28b349d962ab.jpg\",\"width\":900,\"height\":900},{\"@type\":\"BreadcrumbList\",\"@id\":\"https:\\\/\\\/myperfectdog.lv\\\/products\\\/nina-ottosson-sunu-baribas-puzle-dog-snuffle-ntreat-ball\\\/#breadcrumb\",\"itemListElement\":[{\"@type\":\"ListItem\",\"position\":1,\"name\":\"Home\",\"item\":\"https:\\\/\\\/myperfectdog.lv\\\/\"},{\"@type\":\"ListItem\",\"position\":2,\"name\":\"Internetveikals\",\"item\":\"https:\\\/\\\/myperfectdog.lv\\\/internetveikals\\\/\"},{\"@type\":\"ListItem\",\"position\":3,\"name\":\"Nina Ottosson interak\u012bv\u0101 su\u0146u bar\u012bbas puzle Dog Snuffle N&#8217;treat Ball\"}]},{\"@type\":\"WebSite\",\"@id\":\"https:\\\/\\\/myperfectdog.lv\\\/#website\",\"url\":\"https:\\\/\\\/myperfectdog.lv\\\/\",\"name\":\"MyPerfectDog.lv\",\"description\":\"Su\u0146u un saimnieku skola\",\"publisher\":{\"@id\":\"https:\\\/\\\/myperfectdog.lv\\\/#organization\"},\"potentialAction\":[{\"@type\":\"SearchAction\",\"target\":{\"@type\":\"EntryPoint\",\"urlTemplate\":\"https:\\\/\\\/myperfectdog.lv\\\/?s={search_term_string}\"},\"query-input\":{\"@type\":\"PropertyValueSpecification\",\"valueRequired\":true,\"valueName\":\"search_term_string\"}}],\"inLanguage\":\"en-GB\"},{\"@type\":\"Organization\",\"@id\":\"https:\\\/\\\/myperfectdog.lv\\\/#organization\",\"name\":\"Su\u0146u & saimnieku skola \\\"My Perfect Dog\\\"\",\"url\":\"https:\\\/\\\/myperfectdog.lv\\\/\",\"logo\":{\"@type\":\"ImageObject\",\"inLanguage\":\"en-GB\",\"@id\":\"https:\\\/\\\/myperfectdog.lv\\\/#\\\/schema\\\/logo\\\/image\\\/\",\"url\":\"https:\\\/\\\/myperfectdog.lv\\\/wp-content\\\/uploads\\\/2020\\\/10\\\/MyPerfectDog-New-logo_peach_plakans.png\",\"contentUrl\":\"https:\\\/\\\/myperfectdog.lv\\\/wp-content\\\/uploads\\\/2020\\\/10\\\/MyPerfectDog-New-logo_peach_plakans.png\",\"width\":1200,\"height\":636,\"caption\":\"Su\u0146u & saimnieku skola \\\"My Perfect Dog\\\"\"},\"image\":{\"@id\":\"https:\\\/\\\/myperfectdog.lv\\\/#\\\/schema\\\/logo\\\/image\\\/\"}}]}<\/script>\n<!-- \/ Yoast SEO plugin. -->","yoast_head_json":{"title":"Nina Ottosson interak\u012bv\u0101 su\u0146u bar\u012bbas puzle Dog Snuffle N'treat Ball | MyPerfectDog.lv","robots":{"index":"index","follow":"follow","max-snippet":"max-snippet:-1","max-image-preview":"max-image-preview:large","max-video-preview":"max-video-preview:-1"},"canonical":"https:\/\/myperfectdog.lv\/en\/product\/nina-ottosson-sunu-baribas-puzle-dog-snuffle-ntreat-ball\/","og_locale":"en_GB","og_type":"article","og_title":"Nina Ottosson interak\u012bv\u0101 su\u0146u bar\u012bbas puzle Dog Snuffle N'treat Ball | MyPerfectDog.lv","og_description":"Nina Ottosson su\u0146u bar\u012bbas puzle\u00a0Snuffle N' Treat Ball\u00a0ir jauna jautra rota\u013clieta, kas sniedz j\u016bsu m\u012blulim fizisku un gar\u012bgu stimul\u0101ciju. Tai ir se\u0161i pl\u012b\u0161a burunduki, kurus izmanto \u00a0k\u0101rumu nosl\u0113p\u0161anai. J\u016bs varat palielin\u0101t gr\u016bt\u012bbu, ievietojot tos piln\u012bb\u0101, vai padar\u012bt viegl\u0101ku ies\u0101c\u0113jiem, ieb\u0101\u017eot rota\u013clietas tikai l\u012bdz pusei. \u0160\u012b su\u0146u gardumu puzle ir lieliski piem\u0113rota darbam ar degunu\/smar\u017eu sp\u0113l\u0113m, un j\u016bsu suns b\u016bs aiz\u0146emts ilgu laiku.  Gr\u016bt\u012bbas l\u012bmenis: Nr. 2","og_url":"https:\/\/myperfectdog.lv\/en\/product\/nina-ottosson-sunu-baribas-puzle-dog-snuffle-ntreat-ball\/","og_site_name":"MyPerfectDog.lv","article_modified_time":"2025-12-16T12:40:43+00:00","og_image":[{"width":900,"height":900,"url":"https:\/\/myperfectdog.lv\/wp-content\/uploads\/2023\/08\/71025_DogSnuffleNTreatBall_Grn_MAIN-55907963c4e3d01fce0b28b349d962ab.jpg","type":"image\/jpeg"}],"twitter_card":"summary_large_image","twitter_misc":{"Estimated reading time":"3 minutes"},"schema":{"@context":"https:\/\/schema.org","@graph":[{"@type":"WebPage","@id":"https:\/\/myperfectdog.lv\/products\/nina-ottosson-sunu-baribas-puzle-dog-snuffle-ntreat-ball\/","url":"https:\/\/myperfectdog.lv\/products\/nina-ottosson-sunu-baribas-puzle-dog-snuffle-ntreat-ball\/","name":"Nina Ottosson interak\u012bv\u0101 su\u0146u bar\u012bbas puzle Dog Snuffle N'treat Ball | MyPerfectDog.lv","isPartOf":{"@id":"https:\/\/myperfectdog.lv\/#website"},"primaryImageOfPage":{"@id":"https:\/\/myperfectdog.lv\/products\/nina-ottosson-sunu-baribas-puzle-dog-snuffle-ntreat-ball\/#primaryimage"},"image":{"@id":"https:\/\/myperfectdog.lv\/products\/nina-ottosson-sunu-baribas-puzle-dog-snuffle-ntreat-ball\/#primaryimage"},"thumbnailUrl":"https:\/\/myperfectdog.lv\/wp-content\/uploads\/2023\/08\/71025_DogSnuffleNTreatBall_Grn_MAIN-55907963c4e3d01fce0b28b349d962ab.jpg","datePublished":"2023-08-07T10:50:12+00:00","dateModified":"2025-12-16T12:40:43+00:00","breadcrumb":{"@id":"https:\/\/myperfectdog.lv\/products\/nina-ottosson-sunu-baribas-puzle-dog-snuffle-ntreat-ball\/#breadcrumb"},"inLanguage":"en-GB","potentialAction":[{"@type":"ReadAction","target":["https:\/\/myperfectdog.lv\/products\/nina-ottosson-sunu-baribas-puzle-dog-snuffle-ntreat-ball\/"]}]},{"@type":"ImageObject","inLanguage":"en-GB","@id":"https:\/\/myperfectdog.lv\/products\/nina-ottosson-sunu-baribas-puzle-dog-snuffle-ntreat-ball\/#primaryimage","url":"https:\/\/myperfectdog.lv\/wp-content\/uploads\/2023\/08\/71025_DogSnuffleNTreatBall_Grn_MAIN-55907963c4e3d01fce0b28b349d962ab.jpg","contentUrl":"https:\/\/myperfectdog.lv\/wp-content\/uploads\/2023\/08\/71025_DogSnuffleNTreatBall_Grn_MAIN-55907963c4e3d01fce0b28b349d962ab.jpg","width":900,"height":900},{"@type":"BreadcrumbList","@id":"https:\/\/myperfectdog.lv\/products\/nina-ottosson-sunu-baribas-puzle-dog-snuffle-ntreat-ball\/#breadcrumb","itemListElement":[{"@type":"ListItem","position":1,"name":"Home","item":"https:\/\/myperfectdog.lv\/"},{"@type":"ListItem","position":2,"name":"Internetveikals","item":"https:\/\/myperfectdog.lv\/internetveikals\/"},{"@type":"ListItem","position":3,"name":"Nina Ottosson interak\u012bv\u0101 su\u0146u bar\u012bbas puzle Dog Snuffle N&#8217;treat Ball"}]},{"@type":"WebSite","@id":"https:\/\/myperfectdog.lv\/#website","url":"https:\/\/myperfectdog.lv\/","name":"MyPerfectDog.lv","description":"Su\u0146u un saimnieku skola","publisher":{"@id":"https:\/\/myperfectdog.lv\/#organization"},"potentialAction":[{"@type":"SearchAction","target":{"@type":"EntryPoint","urlTemplate":"https:\/\/myperfectdog.lv\/?s={search_term_string}"},"query-input":{"@type":"PropertyValueSpecification","valueRequired":true,"valueName":"search_term_string"}}],"inLanguage":"en-GB"},{"@type":"Organization","@id":"https:\/\/myperfectdog.lv\/#organization","name":"Su\u0146u & saimnieku skola \"My Perfect Dog\"","url":"https:\/\/myperfectdog.lv\/","logo":{"@type":"ImageObject","inLanguage":"en-GB","@id":"https:\/\/myperfectdog.lv\/#\/schema\/logo\/image\/","url":"https:\/\/myperfectdog.lv\/wp-content\/uploads\/2020\/10\/MyPerfectDog-New-logo_peach_plakans.png","contentUrl":"https:\/\/myperfectdog.lv\/wp-content\/uploads\/2020\/10\/MyPerfectDog-New-logo_peach_plakans.png","width":1200,"height":636,"caption":"Su\u0146u & saimnieku skola \"My Perfect Dog\""},"image":{"@id":"https:\/\/myperfectdog.lv\/#\/schema\/logo\/image\/"}}]}},"jetpack_sharing_enabled":true,"_links":{"self":[{"href":"https:\/\/myperfectdog.lv\/en\/wp-json\/wp\/v2\/product\/7312","targetHints":{"allow":["GET"]}}],"collection":[{"href":"https:\/\/myperfectdog.lv\/en\/wp-json\/wp\/v2\/product"}],"about":[{"href":"https:\/\/myperfectdog.lv\/en\/wp-json\/wp\/v2\/types\/product"}],"replies":[{"embeddable":true,"href":"https:\/\/myperfectdog.lv\/en\/wp-json\/wp\/v2\/comments?post=7312"}],"wp:featuredmedia":[{"embeddable":true,"href":"https:\/\/myperfectdog.lv\/en\/wp-json\/wp\/v2\/media\/7313"}],"wp:attachment":[{"href":"https:\/\/myperfectdog.lv\/en\/wp-json\/wp\/v2\/media?parent=7312"}],"wp:term":[{"taxonomy":"product_brand","embeddable":true,"href":"https:\/\/myperfectdog.lv\/en\/wp-json\/wp\/v2\/product_brand?post=7312"},{"taxonomy":"product_cat","embeddable":true,"href":"https:\/\/myperfectdog.lv\/en\/wp-json\/wp\/v2\/product_cat?post=7312"},{"taxonomy":"product_tag","embeddable":true,"href":"https:\/\/myperfectdog.lv\/en\/wp-json\/wp\/v2\/product_tag?post=7312"}],"curies":[{"name":"wp","href":"https:\/\/api.w.org\/{rel}","templated":true}]}}