{"id":7319,"date":"2023-08-07T13:34:20","date_gmt":"2023-08-07T11:34:20","guid":{"rendered":"https:\/\/myperfectdog.lv\/?post_type=product&#038;p=7319"},"modified":"2025-12-15T04:56:04","modified_gmt":"2025-12-15T02:56:04","slug":"nina-ottosson-sunu-baribas-puzle-dog-worker-bruna","status":"publish","type":"product","link":"https:\/\/myperfectdog.lv\/en\/product\/nina-ottosson-sunu-baribas-puzle-dog-worker-bruna\/","title":{"rendered":"Nina Ottosson interakt\u012bv\u0101 su\u0146u bar\u012bbas puzle Dog Worker, br\u016bna"},"content":{"rendered":"<p><span class=\"moze-large\">Nina Ottosson no Outward Hound su\u0146u bar\u012bbas puzle\u00a0<b>Dog Worker<\/b> ir izaicino\u0161a 3. l\u012bme\u0146a atjaut\u012bbas sp\u0113le, kas nodarbin\u0101s j\u016bsu suni stund\u0101m ilgi un liks izmantot savus instinktus, lai atrastu apsl\u0113ptos gardumus. \u0160aj\u0101 interakt\u012bvaj\u0101 su\u0146u sp\u0113l\u0113 sunim ir j\u0101apg\u016bst 3 so\u013ci, lai ieg\u016btu gar\u0161\u012bgu balvu: pagriezt pleznas, b\u012bd\u012bt b\u012bd\u0146us un pagriezt centr\u0101lo riteni. K\u0101rumu sl\u0113ptuves atrodas zem plezn\u0101m un zem centr\u0101l\u0101 rite\u0146a. Bez no\u0146emam\u0101m deta\u013c\u0101m, izgatavota kompoz\u012btmateri\u0101la, kas nesatur BPA, PVC un ftal\u0101tus. T\u012briet ar siltu \u016bdeni un ziep\u0113m.<\/span><\/p>\n<ul>\n<li><b>AUGST\u0100KA L\u012aME\u0145A IZKLAIDE:<\/b>\u00a0<b>Dog Worke<\/b>r \u00a0ir 3. l\u012bme\u0146a interakt\u012bva su\u0146u puzle, kas sniegs daudz jautr\u012bbas j\u016bsu p\u016bkainajiem draugiem un stimul\u0113s vi\u0146u dabiskos med\u012bbu instinktus. Piem\u0113rota su\u0146iem, kuri ir apguvu\u0161i 1.-2. l\u012bmeni un ir gatavi m\u0101c\u012bties veikt sec\u012bgus so\u013cus. Lieliski piem\u0113rota destrukt\u012bvas uzved\u012bbas mazin\u0101\u0161anai jautr\u0101 un atalgojo\u0161\u0101 veid\u0101!<\/li>\n<li><b>IZAICINIET SAVA SU\u0145A PR\u0100TU:<\/b>\u00a0J\u016bsu gudrajam m\u012blulim b\u016bs j\u0101veic 3 darb\u012bbas, lai atkl\u0101tu\u00a0<b>Dog Worker\u00a0<\/b>apsl\u0113ptos gardumus \u2014 pagriezt pleznas, p\u0101rb\u012bd\u012bt b\u012bd\u0146us un pagrieziet centr\u0101lo riteni.<\/li>\n<li><b>BEZ NO\u0145EMAM\u0100M DETA\u013b\u0100M: Dog Worker<\/b>\u00a0su\u0146u puzle ir iztur\u012bga, ar ieb\u016bv\u0113t\u0101m sp\u0113les deta\u013c\u0101m, kuras neatdal\u0101s, kad j\u016bsu suns sp\u0113l\u0113jas.<\/li>\n<li><b>NESATUR BPA, PVC UN FTAL\u0100TU:\u00a0<\/b>r\u016bp\u0113joties par j\u016bsu m\u012blu\u013ca vesel\u012bbu, interakt\u012bv\u0101s Nina Ottosson bar\u012bbas puzles no Outward Hound ir izgatavotas no uzticamiem un p\u0101rtikai dro\u0161iem materi\u0101liem. P\u0113c lieto\u0161anas t\u0101s ir viegli t\u012br\u0101mas ar siltu \u016bdeni un ziep\u0113m.<\/li>\n<li><b>SP\u0112L\u0112JIETIES DRO\u0160I:\u00a0<\/b>Neviena rota\u013clieta nav neizn\u012bcin\u0101ma. Neatst\u0101jiet rota\u013clietas ar m\u0101jdz\u012bvniekiem bez uzraudz\u012bbas. No\u0146emiet un nomainiet rota\u013clietu, ja t\u0101 ir boj\u0101ta.<\/li>\n<\/ul>\n<p><img loading=\"lazy\" decoding=\"async\" class=\"\" src=\"https:\/\/site-984271.mozfiles.com\/files\/984271\/2020_NinaOttoson_Logo-1.jpg?1668682873\" width=\"181\" height=\"97\" \/><\/p>\n<p><b>Uzzini vair\u0101k par Nina Ottosson bar\u012bbas puzli DOG WORKER:<\/b><\/p>\n<p><b>Gr\u016bt\u012bbas l\u012bmenis: Nr.3<\/b><br \/>\n<b>Lieto\u0161ana:<\/b>\u00a0Sp\u0113lei izmantojiet sauso bar\u012bbu vai k\u0101rumus.<\/p>\n<p>&nbsp;<\/p>\n<ol>\n<li>Ievietojiet gardumus vai bar\u012bbu pamatnes nodal\u012bjumos un b\u012bd\u0101majos blokos.<\/li>\n<li>S\u0101ciet viegli \u2013 neaizkl\u0101jiet nodal\u012bjumus ar spuru. Lai padar\u012btu gr\u016bt\u0101ku, pagrieziet spuru, lai nosegtu ejas. Lai padar\u012btu viegl\u0101ku \u2013 no\u0146emiet grie\u017eamo centr\u0101lo deta\u013cu, spie\u017eot centr\u0101lo deta\u013cu puzles apak\u0161pus\u0113.<\/li>\n<li>Lai sp\u0113le s\u0101kas! Par\u0101diet sunim k\u0101 darbojas sp\u0113le.<\/li>\n<\/ol>\n<p>&nbsp;<\/p>\n<p><b>SP\u0112LEJIET P\u0112C NOTEIKUMIEM &#8211; DRO\u0160\u012aBA UN KOP\u0160ANA:<\/b><\/p>\n<p>Ieg\u0101d\u0101joties rota\u013clietas, izv\u0113lieties j\u016bsu sunim piem\u0113rota izm\u0113ra\/stila\/gr\u016bt\u012bbas rota\u013clietu. \u00a0VIENM\u0112R uzraugiet savu suni, iem\u0101ciet sunim k\u0101 darbojas sp\u0113le\/rota\u013clieta. Neatst\u0101jiet suni vienatn\u0113 ar bar\u012bbas puzli\/sp\u0113li. Ne\u013caujiet sunim ko\u0161\u013c\u0101t to vai t\u0101s deta\u013cas. P\u0101rbaudiet, vai puzle nav boj\u0101ta, no\u0146emiet, ja t\u0101 ir sapl\u012bsusi, jo var izrais\u012bt nopietnu traumu. Paredz\u0113ta tikai su\u0146iem. \u0160\u012b nav b\u0113rnu rota\u013clieta. Kad iztuk\u0161ota, uzglab\u0101jiet l\u012bdz n\u0101kamai lieto\u0161anai.<br \/>\nT\u012br\u012b\u0161ana: P\u0113c lieto\u0161anas mazg\u0101jiet ar siltu \u016bdeni un maig\u0101m ziep\u0113m, r\u016bp\u012bgi noskalojiet.<br \/>\nIetilpst ~28 g bar\u012bbas.<br \/>\nMateri\u0101ls: plastmasas kompoz\u012bts.<br \/>\nIzm\u0113ri: 3 x 36 x 36 cm.<br \/>\nRa\u017eots \u0136\u012bn\u0101.<\/p>\n<p><iframe loading=\"lazy\" title=\"YouTube video player\" src=\"https:\/\/www.youtube.com\/embed\/UgLkrkcB0Y0\" width=\"560\" height=\"315\" frameborder=\"0\" allowfullscreen=\"allowfullscreen\"><\/iframe><\/p>\n<p><iframe loading=\"lazy\" title=\"YouTube video player\" src=\"https:\/\/www.youtube.com\/embed\/wtFNHTo0aBM\" width=\"560\" height=\"315\" frameborder=\"0\" allowfullscreen=\"allowfullscreen\"><\/iframe><\/p>","protected":false},"excerpt":{"rendered":"<p><span class=\"moze-large\">Nina Ottosson no Outward Hound su\u0146u bar\u012bbas puzle\u00a0<b>Dog Worker<\/b> ir izaicino\u0161a 3. l\u012bme\u0146a atjaut\u012bbas sp\u0113le, kas nodarbin\u0101s j\u016bsu suni stund\u0101m ilgi un liks izmantot savus instinktus, lai atrastu apsl\u0113ptos gardumus. \u0160aj\u0101 interakt\u012bvaj\u0101 su\u0146u sp\u0113l\u0113 sunim ir j\u0101apg\u016bst 3 so\u013ci, lai ieg\u016btu gar\u0161\u012bgu balvu: pagriezt pleznas, b\u012bd\u012bt b\u012bd\u0146us un pagriezt centr\u0101lo riteni. K\u0101rumu sl\u0113ptuves atrodas zem plezn\u0101m un zem centr\u0101l\u0101 rite\u0146a. Bez no\u0146emam\u0101m deta\u013c\u0101m, izgatavota kompoz\u012btmateri\u0101la, kas nesatur BPA, PVC un ftal\u0101tus. T\u012br\u012b\u0161ana: P\u0113c lieto\u0161anas mazg\u0101jiet ar siltu \u016bdeni un maig\u0101m ziep\u0113m, r\u016bp\u012bgi noskalojiet.<\/span><\/p>\n<p><span class=\"moze-large\"><br \/>\nIetilpst ~28 g bar\u012bbas.<br \/>\nMateri\u0101ls: plastmasas kompoz\u012bts.<br \/>\nIzm\u0113ri: 3 x 36 x 36 cm.<br \/>\nRa\u017eots \u0136\u012bn\u0101.\u00a0<\/span><\/p>","protected":false},"featured_media":7320,"comment_status":"closed","ping_status":"closed","template":"","meta":[],"product_brand":[],"product_cat":[41],"product_tag":[],"class_list":{"0":"post-7319","1":"product","2":"type-product","3":"status-publish","4":"has-post-thumbnail","6":"product_cat-speles-suniem","8":"first","9":"instock","10":"taxable","11":"shipping-taxable","12":"purchasable","13":"product-type-simple"},"yoast_head":"<!-- This site is optimized with the Yoast SEO plugin v27.5 - https:\/\/yoast.com\/product\/yoast-seo-wordpress\/ -->\n<title>Nina Ottosson interakt\u012bv\u0101 su\u0146u bar\u012bbas puzle Dog Worker, br\u016bna | MyPerfectDog.lv<\/title>\n<meta name=\"robots\" content=\"index, follow, max-snippet:-1, max-image-preview:large, max-video-preview:-1\" \/>\n<link rel=\"canonical\" href=\"https:\/\/myperfectdog.lv\/en\/product\/nina-ottosson-sunu-baribas-puzle-dog-worker-bruna\/\" \/>\n<meta property=\"og:locale\" content=\"en_GB\" \/>\n<meta property=\"og:type\" content=\"article\" \/>\n<meta property=\"og:title\" content=\"Nina Ottosson interakt\u012bv\u0101 su\u0146u bar\u012bbas puzle Dog Worker, br\u016bna | MyPerfectDog.lv\" \/>\n<meta property=\"og:description\" content=\"Nina Ottosson no Outward Hound su\u0146u bar\u012bbas puzle\u00a0Dog Worker ir izaicino\u0161a 3. l\u012bme\u0146a atjaut\u012bbas sp\u0113le, kas nodarbin\u0101s j\u016bsu suni stund\u0101m ilgi un liks izmantot savus instinktus, lai atrastu apsl\u0113ptos gardumus. \u0160aj\u0101 interakt\u012bvaj\u0101 su\u0146u sp\u0113l\u0113 sunim ir j\u0101apg\u016bst 3 so\u013ci, lai ieg\u016btu gar\u0161\u012bgu balvu: pagriezt pleznas, b\u012bd\u012bt b\u012bd\u0146us un pagriezt centr\u0101lo riteni. K\u0101rumu sl\u0113ptuves atrodas zem plezn\u0101m un zem centr\u0101l\u0101 rite\u0146a. Bez no\u0146emam\u0101m deta\u013c\u0101m, izgatavota kompoz\u012btmateri\u0101la, kas nesatur BPA, PVC un ftal\u0101tus. T\u012br\u012b\u0161ana: P\u0113c lieto\u0161anas mazg\u0101jiet ar siltu \u016bdeni un maig\u0101m ziep\u0113m, r\u016bp\u012bgi noskalojiet.   Ietilpst ~28 g bar\u012bbas. Materi\u0101ls: plastmasas kompoz\u012bts. Izm\u0113ri: 3 x 36 x 36 cm. Ra\u017eots \u0136\u012bn\u0101.\u00a0\" \/>\n<meta property=\"og:url\" content=\"https:\/\/myperfectdog.lv\/en\/product\/nina-ottosson-sunu-baribas-puzle-dog-worker-bruna\/\" \/>\n<meta property=\"og:site_name\" content=\"MyPerfectDog.lv\" \/>\n<meta property=\"article:modified_time\" content=\"2025-12-15T02:56:04+00:00\" \/>\n<meta property=\"og:image\" content=\"https:\/\/myperfectdog.lv\/wp-content\/uploads\/2023\/08\/67337_OutwardHound_NinaOttosson_DogWorkerComposite_Main-86ee782f37fec17fd4c165bb3fb59d53.jpg\" \/>\n\t<meta property=\"og:image:width\" content=\"900\" \/>\n\t<meta property=\"og:image:height\" content=\"900\" \/>\n\t<meta property=\"og:image:type\" content=\"image\/jpeg\" \/>\n<meta name=\"twitter:card\" content=\"summary_large_image\" \/>\n<meta name=\"twitter:label1\" content=\"Estimated reading time\" \/>\n\t<meta name=\"twitter:data1\" content=\"3 minutes\" \/>\n<script type=\"application\/ld+json\" class=\"yoast-schema-graph\">{\"@context\":\"https:\\\/\\\/schema.org\",\"@graph\":[{\"@type\":\"WebPage\",\"@id\":\"https:\\\/\\\/myperfectdog.lv\\\/products\\\/nina-ottosson-sunu-baribas-puzle-dog-worker-bruna\\\/\",\"url\":\"https:\\\/\\\/myperfectdog.lv\\\/products\\\/nina-ottosson-sunu-baribas-puzle-dog-worker-bruna\\\/\",\"name\":\"Nina Ottosson interakt\u012bv\u0101 su\u0146u bar\u012bbas puzle Dog Worker, br\u016bna | MyPerfectDog.lv\",\"isPartOf\":{\"@id\":\"https:\\\/\\\/myperfectdog.lv\\\/#website\"},\"primaryImageOfPage\":{\"@id\":\"https:\\\/\\\/myperfectdog.lv\\\/products\\\/nina-ottosson-sunu-baribas-puzle-dog-worker-bruna\\\/#primaryimage\"},\"image\":{\"@id\":\"https:\\\/\\\/myperfectdog.lv\\\/products\\\/nina-ottosson-sunu-baribas-puzle-dog-worker-bruna\\\/#primaryimage\"},\"thumbnailUrl\":\"https:\\\/\\\/myperfectdog.lv\\\/wp-content\\\/uploads\\\/2023\\\/08\\\/67337_OutwardHound_NinaOttosson_DogWorkerComposite_Main-86ee782f37fec17fd4c165bb3fb59d53.jpg\",\"datePublished\":\"2023-08-07T11:34:20+00:00\",\"dateModified\":\"2025-12-15T02:56:04+00:00\",\"breadcrumb\":{\"@id\":\"https:\\\/\\\/myperfectdog.lv\\\/products\\\/nina-ottosson-sunu-baribas-puzle-dog-worker-bruna\\\/#breadcrumb\"},\"inLanguage\":\"en-GB\",\"potentialAction\":[{\"@type\":\"ReadAction\",\"target\":[\"https:\\\/\\\/myperfectdog.lv\\\/products\\\/nina-ottosson-sunu-baribas-puzle-dog-worker-bruna\\\/\"]}]},{\"@type\":\"ImageObject\",\"inLanguage\":\"en-GB\",\"@id\":\"https:\\\/\\\/myperfectdog.lv\\\/products\\\/nina-ottosson-sunu-baribas-puzle-dog-worker-bruna\\\/#primaryimage\",\"url\":\"https:\\\/\\\/myperfectdog.lv\\\/wp-content\\\/uploads\\\/2023\\\/08\\\/67337_OutwardHound_NinaOttosson_DogWorkerComposite_Main-86ee782f37fec17fd4c165bb3fb59d53.jpg\",\"contentUrl\":\"https:\\\/\\\/myperfectdog.lv\\\/wp-content\\\/uploads\\\/2023\\\/08\\\/67337_OutwardHound_NinaOttosson_DogWorkerComposite_Main-86ee782f37fec17fd4c165bb3fb59d53.jpg\",\"width\":900,\"height\":900},{\"@type\":\"BreadcrumbList\",\"@id\":\"https:\\\/\\\/myperfectdog.lv\\\/products\\\/nina-ottosson-sunu-baribas-puzle-dog-worker-bruna\\\/#breadcrumb\",\"itemListElement\":[{\"@type\":\"ListItem\",\"position\":1,\"name\":\"Home\",\"item\":\"https:\\\/\\\/myperfectdog.lv\\\/\"},{\"@type\":\"ListItem\",\"position\":2,\"name\":\"Internetveikals\",\"item\":\"https:\\\/\\\/myperfectdog.lv\\\/internetveikals\\\/\"},{\"@type\":\"ListItem\",\"position\":3,\"name\":\"Nina Ottosson interakt\u012bv\u0101 su\u0146u bar\u012bbas puzle Dog Worker, br\u016bna\"}]},{\"@type\":\"WebSite\",\"@id\":\"https:\\\/\\\/myperfectdog.lv\\\/#website\",\"url\":\"https:\\\/\\\/myperfectdog.lv\\\/\",\"name\":\"MyPerfectDog.lv\",\"description\":\"Su\u0146u un saimnieku skola\",\"publisher\":{\"@id\":\"https:\\\/\\\/myperfectdog.lv\\\/#organization\"},\"potentialAction\":[{\"@type\":\"SearchAction\",\"target\":{\"@type\":\"EntryPoint\",\"urlTemplate\":\"https:\\\/\\\/myperfectdog.lv\\\/?s={search_term_string}\"},\"query-input\":{\"@type\":\"PropertyValueSpecification\",\"valueRequired\":true,\"valueName\":\"search_term_string\"}}],\"inLanguage\":\"en-GB\"},{\"@type\":\"Organization\",\"@id\":\"https:\\\/\\\/myperfectdog.lv\\\/#organization\",\"name\":\"Su\u0146u & saimnieku skola \\\"My Perfect Dog\\\"\",\"url\":\"https:\\\/\\\/myperfectdog.lv\\\/\",\"logo\":{\"@type\":\"ImageObject\",\"inLanguage\":\"en-GB\",\"@id\":\"https:\\\/\\\/myperfectdog.lv\\\/#\\\/schema\\\/logo\\\/image\\\/\",\"url\":\"https:\\\/\\\/myperfectdog.lv\\\/wp-content\\\/uploads\\\/2020\\\/10\\\/MyPerfectDog-New-logo_peach_plakans.png\",\"contentUrl\":\"https:\\\/\\\/myperfectdog.lv\\\/wp-content\\\/uploads\\\/2020\\\/10\\\/MyPerfectDog-New-logo_peach_plakans.png\",\"width\":1200,\"height\":636,\"caption\":\"Su\u0146u & saimnieku skola \\\"My Perfect Dog\\\"\"},\"image\":{\"@id\":\"https:\\\/\\\/myperfectdog.lv\\\/#\\\/schema\\\/logo\\\/image\\\/\"}}]}<\/script>\n<!-- \/ Yoast SEO plugin. -->","yoast_head_json":{"title":"Nina Ottosson interakt\u012bv\u0101 su\u0146u bar\u012bbas puzle Dog Worker, br\u016bna | MyPerfectDog.lv","robots":{"index":"index","follow":"follow","max-snippet":"max-snippet:-1","max-image-preview":"max-image-preview:large","max-video-preview":"max-video-preview:-1"},"canonical":"https:\/\/myperfectdog.lv\/en\/product\/nina-ottosson-sunu-baribas-puzle-dog-worker-bruna\/","og_locale":"en_GB","og_type":"article","og_title":"Nina Ottosson interakt\u012bv\u0101 su\u0146u bar\u012bbas puzle Dog Worker, br\u016bna | MyPerfectDog.lv","og_description":"Nina Ottosson no Outward Hound su\u0146u bar\u012bbas puzle\u00a0Dog Worker ir izaicino\u0161a 3. l\u012bme\u0146a atjaut\u012bbas sp\u0113le, kas nodarbin\u0101s j\u016bsu suni stund\u0101m ilgi un liks izmantot savus instinktus, lai atrastu apsl\u0113ptos gardumus. \u0160aj\u0101 interakt\u012bvaj\u0101 su\u0146u sp\u0113l\u0113 sunim ir j\u0101apg\u016bst 3 so\u013ci, lai ieg\u016btu gar\u0161\u012bgu balvu: pagriezt pleznas, b\u012bd\u012bt b\u012bd\u0146us un pagriezt centr\u0101lo riteni. K\u0101rumu sl\u0113ptuves atrodas zem plezn\u0101m un zem centr\u0101l\u0101 rite\u0146a. Bez no\u0146emam\u0101m deta\u013c\u0101m, izgatavota kompoz\u012btmateri\u0101la, kas nesatur BPA, PVC un ftal\u0101tus. T\u012br\u012b\u0161ana: P\u0113c lieto\u0161anas mazg\u0101jiet ar siltu \u016bdeni un maig\u0101m ziep\u0113m, r\u016bp\u012bgi noskalojiet.   Ietilpst ~28 g bar\u012bbas. Materi\u0101ls: plastmasas kompoz\u012bts. Izm\u0113ri: 3 x 36 x 36 cm. Ra\u017eots \u0136\u012bn\u0101.\u00a0","og_url":"https:\/\/myperfectdog.lv\/en\/product\/nina-ottosson-sunu-baribas-puzle-dog-worker-bruna\/","og_site_name":"MyPerfectDog.lv","article_modified_time":"2025-12-15T02:56:04+00:00","og_image":[{"width":900,"height":900,"url":"https:\/\/myperfectdog.lv\/wp-content\/uploads\/2023\/08\/67337_OutwardHound_NinaOttosson_DogWorkerComposite_Main-86ee782f37fec17fd4c165bb3fb59d53.jpg","type":"image\/jpeg"}],"twitter_card":"summary_large_image","twitter_misc":{"Estimated reading time":"3 minutes"},"schema":{"@context":"https:\/\/schema.org","@graph":[{"@type":"WebPage","@id":"https:\/\/myperfectdog.lv\/products\/nina-ottosson-sunu-baribas-puzle-dog-worker-bruna\/","url":"https:\/\/myperfectdog.lv\/products\/nina-ottosson-sunu-baribas-puzle-dog-worker-bruna\/","name":"Nina Ottosson interakt\u012bv\u0101 su\u0146u bar\u012bbas puzle Dog Worker, br\u016bna | MyPerfectDog.lv","isPartOf":{"@id":"https:\/\/myperfectdog.lv\/#website"},"primaryImageOfPage":{"@id":"https:\/\/myperfectdog.lv\/products\/nina-ottosson-sunu-baribas-puzle-dog-worker-bruna\/#primaryimage"},"image":{"@id":"https:\/\/myperfectdog.lv\/products\/nina-ottosson-sunu-baribas-puzle-dog-worker-bruna\/#primaryimage"},"thumbnailUrl":"https:\/\/myperfectdog.lv\/wp-content\/uploads\/2023\/08\/67337_OutwardHound_NinaOttosson_DogWorkerComposite_Main-86ee782f37fec17fd4c165bb3fb59d53.jpg","datePublished":"2023-08-07T11:34:20+00:00","dateModified":"2025-12-15T02:56:04+00:00","breadcrumb":{"@id":"https:\/\/myperfectdog.lv\/products\/nina-ottosson-sunu-baribas-puzle-dog-worker-bruna\/#breadcrumb"},"inLanguage":"en-GB","potentialAction":[{"@type":"ReadAction","target":["https:\/\/myperfectdog.lv\/products\/nina-ottosson-sunu-baribas-puzle-dog-worker-bruna\/"]}]},{"@type":"ImageObject","inLanguage":"en-GB","@id":"https:\/\/myperfectdog.lv\/products\/nina-ottosson-sunu-baribas-puzle-dog-worker-bruna\/#primaryimage","url":"https:\/\/myperfectdog.lv\/wp-content\/uploads\/2023\/08\/67337_OutwardHound_NinaOttosson_DogWorkerComposite_Main-86ee782f37fec17fd4c165bb3fb59d53.jpg","contentUrl":"https:\/\/myperfectdog.lv\/wp-content\/uploads\/2023\/08\/67337_OutwardHound_NinaOttosson_DogWorkerComposite_Main-86ee782f37fec17fd4c165bb3fb59d53.jpg","width":900,"height":900},{"@type":"BreadcrumbList","@id":"https:\/\/myperfectdog.lv\/products\/nina-ottosson-sunu-baribas-puzle-dog-worker-bruna\/#breadcrumb","itemListElement":[{"@type":"ListItem","position":1,"name":"Home","item":"https:\/\/myperfectdog.lv\/"},{"@type":"ListItem","position":2,"name":"Internetveikals","item":"https:\/\/myperfectdog.lv\/internetveikals\/"},{"@type":"ListItem","position":3,"name":"Nina Ottosson interakt\u012bv\u0101 su\u0146u bar\u012bbas puzle Dog Worker, br\u016bna"}]},{"@type":"WebSite","@id":"https:\/\/myperfectdog.lv\/#website","url":"https:\/\/myperfectdog.lv\/","name":"MyPerfectDog.lv","description":"Su\u0146u un saimnieku skola","publisher":{"@id":"https:\/\/myperfectdog.lv\/#organization"},"potentialAction":[{"@type":"SearchAction","target":{"@type":"EntryPoint","urlTemplate":"https:\/\/myperfectdog.lv\/?s={search_term_string}"},"query-input":{"@type":"PropertyValueSpecification","valueRequired":true,"valueName":"search_term_string"}}],"inLanguage":"en-GB"},{"@type":"Organization","@id":"https:\/\/myperfectdog.lv\/#organization","name":"Su\u0146u & saimnieku skola \"My Perfect Dog\"","url":"https:\/\/myperfectdog.lv\/","logo":{"@type":"ImageObject","inLanguage":"en-GB","@id":"https:\/\/myperfectdog.lv\/#\/schema\/logo\/image\/","url":"https:\/\/myperfectdog.lv\/wp-content\/uploads\/2020\/10\/MyPerfectDog-New-logo_peach_plakans.png","contentUrl":"https:\/\/myperfectdog.lv\/wp-content\/uploads\/2020\/10\/MyPerfectDog-New-logo_peach_plakans.png","width":1200,"height":636,"caption":"Su\u0146u & saimnieku skola \"My Perfect Dog\""},"image":{"@id":"https:\/\/myperfectdog.lv\/#\/schema\/logo\/image\/"}}]}},"jetpack_sharing_enabled":true,"_links":{"self":[{"href":"https:\/\/myperfectdog.lv\/en\/wp-json\/wp\/v2\/product\/7319","targetHints":{"allow":["GET"]}}],"collection":[{"href":"https:\/\/myperfectdog.lv\/en\/wp-json\/wp\/v2\/product"}],"about":[{"href":"https:\/\/myperfectdog.lv\/en\/wp-json\/wp\/v2\/types\/product"}],"replies":[{"embeddable":true,"href":"https:\/\/myperfectdog.lv\/en\/wp-json\/wp\/v2\/comments?post=7319"}],"wp:featuredmedia":[{"embeddable":true,"href":"https:\/\/myperfectdog.lv\/en\/wp-json\/wp\/v2\/media\/7320"}],"wp:attachment":[{"href":"https:\/\/myperfectdog.lv\/en\/wp-json\/wp\/v2\/media?parent=7319"}],"wp:term":[{"taxonomy":"product_brand","embeddable":true,"href":"https:\/\/myperfectdog.lv\/en\/wp-json\/wp\/v2\/product_brand?post=7319"},{"taxonomy":"product_cat","embeddable":true,"href":"https:\/\/myperfectdog.lv\/en\/wp-json\/wp\/v2\/product_cat?post=7319"},{"taxonomy":"product_tag","embeddable":true,"href":"https:\/\/myperfectdog.lv\/en\/wp-json\/wp\/v2\/product_tag?post=7319"}],"curies":[{"name":"wp","href":"https:\/\/api.w.org\/{rel}","templated":true}]}}