{"id":7327,"date":"2023-08-08T09:49:30","date_gmt":"2023-08-08T07:49:30","guid":{"rendered":"https:\/\/myperfectdog.lv\/?post_type=product&#038;p=7327"},"modified":"2025-10-03T20:18:18","modified_gmt":"2025-10-03T18:18:18","slug":"nina-ottosson-sunu-baribas-puzle-dog-smart-composite-oranza","status":"publish","type":"product","link":"https:\/\/myperfectdog.lv\/en\/product\/nina-ottosson-sunu-baribas-puzle-dog-smart-composite-oranza\/","title":{"rendered":"Nina Ottosson interakt\u012bv\u0101 su\u0146u bar\u012bbas puzle Dog Smart Composite, oran\u017ea"},"content":{"rendered":"<p><span class=\"moze-large\">Nina Ottosson interakt\u012bv\u0101 su\u0146u puzle\u00a0<b>Dog Smart Composite\u00a0<\/b>no Outward Hound ir jautrs veids, k\u0101 suni apm\u0101c\u012bt par probl\u0113mu risin\u0101\u0161anas sp\u0113l\u0113m! \u0160ai pr\u0101tu stimul\u0113jo\u0161ajai 1. l\u012bme\u0146a su\u0146u rota\u013clietai ir devi\u0146as k\u0101rumu sl\u0113ptuves, kuras var piepild\u012bt ar j\u016bsu su\u0146a m\u012b\u013c\u0101kajiem gardumiem. Sl\u0113ptuves ar gardumiem nosedz ar \u00a0devi\u0146\u0101m tap\u0101m, pa kuru aug\u0161\u0113jo caurumu izdal\u0101s k\u0101ruma arom\u0101ts. Novietojiet puzli uz gr\u012bdas un v\u0113rojiet, k\u0101 j\u016bsu suns ar \u0137epu gr\u016b\u017e tapas, \u00a0lai atkl\u0101tu apsl\u0113pt\u0101s balvas! Lai nok\u013c\u016btu l\u012bdz sl\u0113ptajiem gardumiem, sunim ir j\u0101veic viena so\u013ca darb\u012bba, tamd\u0113\u013c \u0161\u012b puzle ir lieliski piem\u0113rota ies\u0101c\u0113jiem! Izgatavota no p\u0101rtikai dro\u0161iem kompoz\u012btmateri\u0101liem, kas nesatur BPA, PVC un ftal\u0101tus. Viegli t\u012br\u0101ma ar siltu \u016bdeni un maig\u0101m ziep\u0113m.<\/span><\/p>\n<ul>\n<li><b>IES\u0100C\u0112JU L\u012aMENIS:\u00a0<\/b>1. l\u012bme\u0146a interakt\u012bv\u0101 su\u0146u puzle Dog Smart ir paredz\u0113ta ies\u0101c\u0113jiem, un t\u0101 ir lieliski piem\u0113rota, lai iepaz\u012bstin\u0101tu j\u016bsu suni ar viena so\u013ca pu\u017e\u013cu pamatideju neatkar\u012bgi no m\u012blu\u013ca lieluma, \u0161\u0137irnes vai vecuma.<\/li>\n<li><b>VINGRINIET SU\u0145A PR\u0100TU:\u00a0<\/b>\u0160aj\u0101 su\u0146u atjaut\u012bbas sp\u0113l\u0113 ir 9 zem tap\u0101m pasl\u0113ptas k\u0101rumu sl\u0113ptuves. Katr\u0101 tap\u0101 ir atvere smar\u017eai, lai pievilin\u0101tu j\u016bsu suni un novirz\u012btu uzman\u012bbu no destrukt\u012bvas uzved\u012bbas un asin\u0101tu pr\u0101tu.<\/li>\n<li><b>IZTUR\u012aGA UN VIEGLI T\u012aR\u0100MA:\u00a0<\/b>Izgatavota no plastmasas un koka kompoz\u012btmais\u012bjuma, kas padara \u0161o interakt\u012bvo puzli iztur\u012bg\u0101k nek\u0101 tikai koks vai plastmasa. Viegli mazg\u0101t ar rok\u0101m un maig\u0101m ziep\u0113m un \u016bdeni.<\/li>\n<li><b>NESATUR BPA, PVC UN FTAL\u0100TU:\u00a0<\/b>Dom\u0101jot par j\u016bsu m\u012blu\u013ca vesel\u012bbu, Nina Ottosson interakt\u012bv\u0101s bar\u012bbas puzles no Outward Hound ir izgatavotas no p\u0101rtikai dro\u0161iem, uzticamiem materi\u0101liem. Starp lieto\u0161anas reiz\u0113m to ir viegli t\u012br\u012bt ar siltu \u016bdeni un ziep\u0113m.<\/li>\n<li><b>SP\u0112L\u0112JIETIES DRO\u0160I:\u00a0<\/b>Neviena rota\u013clieta nav neizn\u012bcin\u0101ma. Neatst\u0101jiet rota\u013clietas ar m\u0101jdz\u012bvniekiem bez uzraudz\u012bbas. No\u0146emiet un nomainiet rota\u013clietu, ja t\u0101 ir boj\u0101ta.<\/li>\n<\/ul>\n<p><img loading=\"lazy\" decoding=\"async\" class=\"\" src=\"https:\/\/site-984271.mozfiles.com\/files\/984271\/2020_NinaOttoson_Logo-1.jpg?1668682873\" width=\"172\" height=\"92\" \/><\/p>\n<p><b>Gr\u016bt\u012bbas l\u012bmenis: Nr. 1<\/b><\/p>\n<p><b>Lieto\u0161ana:<\/b>\u00a0Sp\u0113lei izmantojiet sauso bar\u012bbu vai k\u0101rumus.<\/p>\n<ol>\n<li style=\"list-style-type: none;\">\n<ol>\n<li>Ielieciet bar\u012bbu vai k\u0101rumus nodal\u012bjumos sp\u0113les pamatn\u0113.<\/li>\n<li>Nosedziet k\u0101rumus ar tap\u0101m.<\/li>\n<li>Par\u0101diet sunim k\u0101 sp\u0113le darbojas.<\/li>\n<\/ol>\n<\/li>\n<\/ol>\n<p><b>SP\u0112LEJIET P\u0112C NOTEIKUMIEM &#8211; DRO\u0160\u012aBA UN KOP\u0160ANA:<\/b><\/p>\n<p>ieg\u0101d\u0101joties rota\u013clietas, izv\u0113lieties j\u016bsu sunim piem\u0113rota izm\u0113ra\/stila\/gr\u016bt\u012bbas rota\u013clietu. \u00a0VIENM\u0112R uzraugiet savu suni, iem\u0101ciet sunim k\u0101 darbojas sp\u0113le\/rota\u013clieta. Neatst\u0101jiet suni vienatn\u0113 ar bar\u012bbas puzli\/sp\u0113li. Ne\u013caujiet sunim ko\u0161\u013c\u0101t to vai t\u0101s deta\u013cas. P\u0101rbaudiet, vai puzle nav boj\u0101ta, no\u0146emiet, ja t\u0101 ir sapl\u012bsusi, jo var izrais\u012bt nopietnu traumu. Paredz\u0113ta tikai su\u0146iem. \u0160\u012b nav b\u0113rnu rota\u013clieta. Kad iztuk\u0161ota, uzglab\u0101jiet l\u012bdz n\u0101kamai lieto\u0161anai.<br \/>\nT\u012br\u012b\u0161ana:\u00a0nomazg\u0101jiet ar siltu \u016bdeni un maig\u0101m ziep\u0113m, r\u016bp\u012bgi noskalojiet.Ietilpst ~ 28 g bar\u012bbas.<br \/>\nMateri\u0101ls: plastmasas kompoz\u012bts<br \/>\nIzm\u0113ri: 6 x 23 x 23 cm.<br \/>\nRa\u017eots \u0136\u012bn\u0101.<\/p>\n<p><iframe loading=\"lazy\" width=\"560\" height=\"315\" src=\"https:\/\/www.youtube.com\/embed\/afqLSd5MPMs\" title=\"YouTube video player\" frameborder=\"0\" allow=\"accelerometer; autoplay; clipboard-write; encrypted-media; gyroscope; picture-in-picture; web-share\" allowfullscreen><\/iframe><\/p>","protected":false},"excerpt":{"rendered":"<p><span class=\"moze-large\">Nina Ottosson interakt\u012bv\u0101 su\u0146u puzle\u00a0<b>Dog Smart Composite\u00a0<\/b>no Outward Hound ir jautrs veids, k\u0101 suni apm\u0101c\u012bt par probl\u0113mu risin\u0101\u0161anas sp\u0113l\u0113m! \u0160ai pr\u0101tu stimul\u0113jo\u0161ajai 1. l\u012bme\u0146a su\u0146u rota\u013clietai ir devi\u0146as k\u0101rumu sl\u0113ptuves, kuras var piepild\u012bt ar j\u016bsu su\u0146a m\u012b\u013c\u0101kajiem gardumiem. Sl\u0113ptuves ar gardumiem nosedz ar \u00a0devi\u0146\u0101m tap\u0101m, pa kuru aug\u0161\u0113jo caurumu izdal\u0101s k\u0101ruma arom\u0101ts. Novietojiet puzli uz gr\u012bdas un v\u0113rojiet, k\u0101 j\u016bsu suns ar \u0137epu gr\u016b\u017e tapas, \u00a0lai atkl\u0101tu apsl\u0113pt\u0101s balvas! Lai nok\u013c\u016btu l\u012bdz sl\u0113ptajiem gardumiem, sunim ir j\u0101veic viena so\u013ca darb\u012bba, tamd\u0113\u013c \u0161\u012b puzle ir lieliski piem\u0113rota ies\u0101c\u0113jiem! Izgatavota no p\u0101rtikai dro\u0161iem kompoz\u012btmateri\u0101liem, kas nesatur BPA, PVC un ftal\u0101tus. Viegli t\u012br\u0101ma ar siltu \u016bdeni un maig\u0101m ziep\u0113m.<\/span><\/p>\n<p><b>Gr\u016bt\u012bbas l\u012bmenis: Nr. 1<\/b><\/p>","protected":false},"featured_media":7328,"comment_status":"closed","ping_status":"closed","template":"","meta":[],"product_brand":[],"product_cat":[41],"product_tag":[],"class_list":{"0":"post-7327","1":"product","2":"type-product","3":"status-publish","4":"has-post-thumbnail","6":"product_cat-speles-suniem","8":"first","9":"instock","10":"taxable","11":"shipping-taxable","12":"purchasable","13":"product-type-simple"},"yoast_head":"<!-- This site is optimized with the Yoast SEO plugin v27.5 - https:\/\/yoast.com\/product\/yoast-seo-wordpress\/ -->\n<title>Nina Ottosson interakt\u012bv\u0101 su\u0146u bar\u012bbas puzle Dog Smart Composite, oran\u017ea | MyPerfectDog.lv<\/title>\n<meta name=\"robots\" content=\"index, follow, max-snippet:-1, max-image-preview:large, max-video-preview:-1\" \/>\n<link rel=\"canonical\" href=\"https:\/\/myperfectdog.lv\/en\/product\/nina-ottosson-sunu-baribas-puzle-dog-smart-composite-oranza\/\" \/>\n<meta property=\"og:locale\" content=\"en_GB\" \/>\n<meta property=\"og:type\" content=\"article\" \/>\n<meta property=\"og:title\" content=\"Nina Ottosson interakt\u012bv\u0101 su\u0146u bar\u012bbas puzle Dog Smart Composite, oran\u017ea | MyPerfectDog.lv\" \/>\n<meta property=\"og:description\" content=\"Nina Ottosson interakt\u012bv\u0101 su\u0146u puzle\u00a0Dog Smart Composite\u00a0no Outward Hound ir jautrs veids, k\u0101 suni apm\u0101c\u012bt par probl\u0113mu risin\u0101\u0161anas sp\u0113l\u0113m! \u0160ai pr\u0101tu stimul\u0113jo\u0161ajai 1. l\u012bme\u0146a su\u0146u rota\u013clietai ir devi\u0146as k\u0101rumu sl\u0113ptuves, kuras var piepild\u012bt ar j\u016bsu su\u0146a m\u012b\u013c\u0101kajiem gardumiem. Sl\u0113ptuves ar gardumiem nosedz ar \u00a0devi\u0146\u0101m tap\u0101m, pa kuru aug\u0161\u0113jo caurumu izdal\u0101s k\u0101ruma arom\u0101ts. Novietojiet puzli uz gr\u012bdas un v\u0113rojiet, k\u0101 j\u016bsu suns ar \u0137epu gr\u016b\u017e tapas, \u00a0lai atkl\u0101tu apsl\u0113pt\u0101s balvas! Lai nok\u013c\u016btu l\u012bdz sl\u0113ptajiem gardumiem, sunim ir j\u0101veic viena so\u013ca darb\u012bba, tamd\u0113\u013c \u0161\u012b puzle ir lieliski piem\u0113rota ies\u0101c\u0113jiem! Izgatavota no p\u0101rtikai dro\u0161iem kompoz\u012btmateri\u0101liem, kas nesatur BPA, PVC un ftal\u0101tus. Viegli t\u012br\u0101ma ar siltu \u016bdeni un maig\u0101m ziep\u0113m.  Gr\u016bt\u012bbas l\u012bmenis: Nr. 1\" \/>\n<meta property=\"og:url\" content=\"https:\/\/myperfectdog.lv\/en\/product\/nina-ottosson-sunu-baribas-puzle-dog-smart-composite-oranza\/\" \/>\n<meta property=\"og:site_name\" content=\"MyPerfectDog.lv\" \/>\n<meta property=\"article:modified_time\" content=\"2025-10-03T18:18:18+00:00\" \/>\n<meta property=\"og:image\" content=\"https:\/\/myperfectdog.lv\/wp-content\/uploads\/2023\/08\/69539_OutwardHound_NinaOttosson_DogSmartComposite_Org_Main-443d71a11e217058b89229099915f2cd.jpg\" \/>\n\t<meta property=\"og:image:width\" content=\"900\" \/>\n\t<meta property=\"og:image:height\" content=\"900\" \/>\n\t<meta property=\"og:image:type\" content=\"image\/jpeg\" \/>\n<meta name=\"twitter:card\" content=\"summary_large_image\" \/>\n<meta name=\"twitter:label1\" content=\"Estimated reading time\" \/>\n\t<meta name=\"twitter:data1\" content=\"3 minutes\" \/>\n<script type=\"application\/ld+json\" class=\"yoast-schema-graph\">{\"@context\":\"https:\\\/\\\/schema.org\",\"@graph\":[{\"@type\":\"WebPage\",\"@id\":\"https:\\\/\\\/myperfectdog.lv\\\/products\\\/nina-ottosson-sunu-baribas-puzle-dog-smart-composite-oranza\\\/\",\"url\":\"https:\\\/\\\/myperfectdog.lv\\\/products\\\/nina-ottosson-sunu-baribas-puzle-dog-smart-composite-oranza\\\/\",\"name\":\"Nina Ottosson interakt\u012bv\u0101 su\u0146u bar\u012bbas puzle Dog Smart Composite, oran\u017ea | MyPerfectDog.lv\",\"isPartOf\":{\"@id\":\"https:\\\/\\\/myperfectdog.lv\\\/#website\"},\"primaryImageOfPage\":{\"@id\":\"https:\\\/\\\/myperfectdog.lv\\\/products\\\/nina-ottosson-sunu-baribas-puzle-dog-smart-composite-oranza\\\/#primaryimage\"},\"image\":{\"@id\":\"https:\\\/\\\/myperfectdog.lv\\\/products\\\/nina-ottosson-sunu-baribas-puzle-dog-smart-composite-oranza\\\/#primaryimage\"},\"thumbnailUrl\":\"https:\\\/\\\/myperfectdog.lv\\\/wp-content\\\/uploads\\\/2023\\\/08\\\/69539_OutwardHound_NinaOttosson_DogSmartComposite_Org_Main-443d71a11e217058b89229099915f2cd.jpg\",\"datePublished\":\"2023-08-08T07:49:30+00:00\",\"dateModified\":\"2025-10-03T18:18:18+00:00\",\"breadcrumb\":{\"@id\":\"https:\\\/\\\/myperfectdog.lv\\\/products\\\/nina-ottosson-sunu-baribas-puzle-dog-smart-composite-oranza\\\/#breadcrumb\"},\"inLanguage\":\"en-GB\",\"potentialAction\":[{\"@type\":\"ReadAction\",\"target\":[\"https:\\\/\\\/myperfectdog.lv\\\/products\\\/nina-ottosson-sunu-baribas-puzle-dog-smart-composite-oranza\\\/\"]}]},{\"@type\":\"ImageObject\",\"inLanguage\":\"en-GB\",\"@id\":\"https:\\\/\\\/myperfectdog.lv\\\/products\\\/nina-ottosson-sunu-baribas-puzle-dog-smart-composite-oranza\\\/#primaryimage\",\"url\":\"https:\\\/\\\/myperfectdog.lv\\\/wp-content\\\/uploads\\\/2023\\\/08\\\/69539_OutwardHound_NinaOttosson_DogSmartComposite_Org_Main-443d71a11e217058b89229099915f2cd.jpg\",\"contentUrl\":\"https:\\\/\\\/myperfectdog.lv\\\/wp-content\\\/uploads\\\/2023\\\/08\\\/69539_OutwardHound_NinaOttosson_DogSmartComposite_Org_Main-443d71a11e217058b89229099915f2cd.jpg\",\"width\":900,\"height\":900},{\"@type\":\"BreadcrumbList\",\"@id\":\"https:\\\/\\\/myperfectdog.lv\\\/products\\\/nina-ottosson-sunu-baribas-puzle-dog-smart-composite-oranza\\\/#breadcrumb\",\"itemListElement\":[{\"@type\":\"ListItem\",\"position\":1,\"name\":\"Home\",\"item\":\"https:\\\/\\\/myperfectdog.lv\\\/\"},{\"@type\":\"ListItem\",\"position\":2,\"name\":\"Internetveikals\",\"item\":\"https:\\\/\\\/myperfectdog.lv\\\/internetveikals\\\/\"},{\"@type\":\"ListItem\",\"position\":3,\"name\":\"Nina Ottosson interakt\u012bv\u0101 su\u0146u bar\u012bbas puzle Dog Smart Composite, oran\u017ea\"}]},{\"@type\":\"WebSite\",\"@id\":\"https:\\\/\\\/myperfectdog.lv\\\/#website\",\"url\":\"https:\\\/\\\/myperfectdog.lv\\\/\",\"name\":\"MyPerfectDog.lv\",\"description\":\"Su\u0146u un saimnieku skola\",\"publisher\":{\"@id\":\"https:\\\/\\\/myperfectdog.lv\\\/#organization\"},\"potentialAction\":[{\"@type\":\"SearchAction\",\"target\":{\"@type\":\"EntryPoint\",\"urlTemplate\":\"https:\\\/\\\/myperfectdog.lv\\\/?s={search_term_string}\"},\"query-input\":{\"@type\":\"PropertyValueSpecification\",\"valueRequired\":true,\"valueName\":\"search_term_string\"}}],\"inLanguage\":\"en-GB\"},{\"@type\":\"Organization\",\"@id\":\"https:\\\/\\\/myperfectdog.lv\\\/#organization\",\"name\":\"Su\u0146u & saimnieku skola \\\"My Perfect Dog\\\"\",\"url\":\"https:\\\/\\\/myperfectdog.lv\\\/\",\"logo\":{\"@type\":\"ImageObject\",\"inLanguage\":\"en-GB\",\"@id\":\"https:\\\/\\\/myperfectdog.lv\\\/#\\\/schema\\\/logo\\\/image\\\/\",\"url\":\"https:\\\/\\\/myperfectdog.lv\\\/wp-content\\\/uploads\\\/2020\\\/10\\\/MyPerfectDog-New-logo_peach_plakans.png\",\"contentUrl\":\"https:\\\/\\\/myperfectdog.lv\\\/wp-content\\\/uploads\\\/2020\\\/10\\\/MyPerfectDog-New-logo_peach_plakans.png\",\"width\":1200,\"height\":636,\"caption\":\"Su\u0146u & saimnieku skola \\\"My Perfect Dog\\\"\"},\"image\":{\"@id\":\"https:\\\/\\\/myperfectdog.lv\\\/#\\\/schema\\\/logo\\\/image\\\/\"}}]}<\/script>\n<!-- \/ Yoast SEO plugin. -->","yoast_head_json":{"title":"Nina Ottosson interakt\u012bv\u0101 su\u0146u bar\u012bbas puzle Dog Smart Composite, oran\u017ea | MyPerfectDog.lv","robots":{"index":"index","follow":"follow","max-snippet":"max-snippet:-1","max-image-preview":"max-image-preview:large","max-video-preview":"max-video-preview:-1"},"canonical":"https:\/\/myperfectdog.lv\/en\/product\/nina-ottosson-sunu-baribas-puzle-dog-smart-composite-oranza\/","og_locale":"en_GB","og_type":"article","og_title":"Nina Ottosson interakt\u012bv\u0101 su\u0146u bar\u012bbas puzle Dog Smart Composite, oran\u017ea | MyPerfectDog.lv","og_description":"Nina Ottosson interakt\u012bv\u0101 su\u0146u puzle\u00a0Dog Smart Composite\u00a0no Outward Hound ir jautrs veids, k\u0101 suni apm\u0101c\u012bt par probl\u0113mu risin\u0101\u0161anas sp\u0113l\u0113m! \u0160ai pr\u0101tu stimul\u0113jo\u0161ajai 1. l\u012bme\u0146a su\u0146u rota\u013clietai ir devi\u0146as k\u0101rumu sl\u0113ptuves, kuras var piepild\u012bt ar j\u016bsu su\u0146a m\u012b\u013c\u0101kajiem gardumiem. Sl\u0113ptuves ar gardumiem nosedz ar \u00a0devi\u0146\u0101m tap\u0101m, pa kuru aug\u0161\u0113jo caurumu izdal\u0101s k\u0101ruma arom\u0101ts. Novietojiet puzli uz gr\u012bdas un v\u0113rojiet, k\u0101 j\u016bsu suns ar \u0137epu gr\u016b\u017e tapas, \u00a0lai atkl\u0101tu apsl\u0113pt\u0101s balvas! Lai nok\u013c\u016btu l\u012bdz sl\u0113ptajiem gardumiem, sunim ir j\u0101veic viena so\u013ca darb\u012bba, tamd\u0113\u013c \u0161\u012b puzle ir lieliski piem\u0113rota ies\u0101c\u0113jiem! Izgatavota no p\u0101rtikai dro\u0161iem kompoz\u012btmateri\u0101liem, kas nesatur BPA, PVC un ftal\u0101tus. Viegli t\u012br\u0101ma ar siltu \u016bdeni un maig\u0101m ziep\u0113m.  Gr\u016bt\u012bbas l\u012bmenis: Nr. 1","og_url":"https:\/\/myperfectdog.lv\/en\/product\/nina-ottosson-sunu-baribas-puzle-dog-smart-composite-oranza\/","og_site_name":"MyPerfectDog.lv","article_modified_time":"2025-10-03T18:18:18+00:00","og_image":[{"width":900,"height":900,"url":"https:\/\/myperfectdog.lv\/wp-content\/uploads\/2023\/08\/69539_OutwardHound_NinaOttosson_DogSmartComposite_Org_Main-443d71a11e217058b89229099915f2cd.jpg","type":"image\/jpeg"}],"twitter_card":"summary_large_image","twitter_misc":{"Estimated reading time":"3 minutes"},"schema":{"@context":"https:\/\/schema.org","@graph":[{"@type":"WebPage","@id":"https:\/\/myperfectdog.lv\/products\/nina-ottosson-sunu-baribas-puzle-dog-smart-composite-oranza\/","url":"https:\/\/myperfectdog.lv\/products\/nina-ottosson-sunu-baribas-puzle-dog-smart-composite-oranza\/","name":"Nina Ottosson interakt\u012bv\u0101 su\u0146u bar\u012bbas puzle Dog Smart Composite, oran\u017ea | MyPerfectDog.lv","isPartOf":{"@id":"https:\/\/myperfectdog.lv\/#website"},"primaryImageOfPage":{"@id":"https:\/\/myperfectdog.lv\/products\/nina-ottosson-sunu-baribas-puzle-dog-smart-composite-oranza\/#primaryimage"},"image":{"@id":"https:\/\/myperfectdog.lv\/products\/nina-ottosson-sunu-baribas-puzle-dog-smart-composite-oranza\/#primaryimage"},"thumbnailUrl":"https:\/\/myperfectdog.lv\/wp-content\/uploads\/2023\/08\/69539_OutwardHound_NinaOttosson_DogSmartComposite_Org_Main-443d71a11e217058b89229099915f2cd.jpg","datePublished":"2023-08-08T07:49:30+00:00","dateModified":"2025-10-03T18:18:18+00:00","breadcrumb":{"@id":"https:\/\/myperfectdog.lv\/products\/nina-ottosson-sunu-baribas-puzle-dog-smart-composite-oranza\/#breadcrumb"},"inLanguage":"en-GB","potentialAction":[{"@type":"ReadAction","target":["https:\/\/myperfectdog.lv\/products\/nina-ottosson-sunu-baribas-puzle-dog-smart-composite-oranza\/"]}]},{"@type":"ImageObject","inLanguage":"en-GB","@id":"https:\/\/myperfectdog.lv\/products\/nina-ottosson-sunu-baribas-puzle-dog-smart-composite-oranza\/#primaryimage","url":"https:\/\/myperfectdog.lv\/wp-content\/uploads\/2023\/08\/69539_OutwardHound_NinaOttosson_DogSmartComposite_Org_Main-443d71a11e217058b89229099915f2cd.jpg","contentUrl":"https:\/\/myperfectdog.lv\/wp-content\/uploads\/2023\/08\/69539_OutwardHound_NinaOttosson_DogSmartComposite_Org_Main-443d71a11e217058b89229099915f2cd.jpg","width":900,"height":900},{"@type":"BreadcrumbList","@id":"https:\/\/myperfectdog.lv\/products\/nina-ottosson-sunu-baribas-puzle-dog-smart-composite-oranza\/#breadcrumb","itemListElement":[{"@type":"ListItem","position":1,"name":"Home","item":"https:\/\/myperfectdog.lv\/"},{"@type":"ListItem","position":2,"name":"Internetveikals","item":"https:\/\/myperfectdog.lv\/internetveikals\/"},{"@type":"ListItem","position":3,"name":"Nina Ottosson interakt\u012bv\u0101 su\u0146u bar\u012bbas puzle Dog Smart Composite, oran\u017ea"}]},{"@type":"WebSite","@id":"https:\/\/myperfectdog.lv\/#website","url":"https:\/\/myperfectdog.lv\/","name":"MyPerfectDog.lv","description":"Su\u0146u un saimnieku skola","publisher":{"@id":"https:\/\/myperfectdog.lv\/#organization"},"potentialAction":[{"@type":"SearchAction","target":{"@type":"EntryPoint","urlTemplate":"https:\/\/myperfectdog.lv\/?s={search_term_string}"},"query-input":{"@type":"PropertyValueSpecification","valueRequired":true,"valueName":"search_term_string"}}],"inLanguage":"en-GB"},{"@type":"Organization","@id":"https:\/\/myperfectdog.lv\/#organization","name":"Su\u0146u & saimnieku skola \"My Perfect Dog\"","url":"https:\/\/myperfectdog.lv\/","logo":{"@type":"ImageObject","inLanguage":"en-GB","@id":"https:\/\/myperfectdog.lv\/#\/schema\/logo\/image\/","url":"https:\/\/myperfectdog.lv\/wp-content\/uploads\/2020\/10\/MyPerfectDog-New-logo_peach_plakans.png","contentUrl":"https:\/\/myperfectdog.lv\/wp-content\/uploads\/2020\/10\/MyPerfectDog-New-logo_peach_plakans.png","width":1200,"height":636,"caption":"Su\u0146u & saimnieku skola \"My Perfect Dog\""},"image":{"@id":"https:\/\/myperfectdog.lv\/#\/schema\/logo\/image\/"}}]}},"jetpack_sharing_enabled":true,"_links":{"self":[{"href":"https:\/\/myperfectdog.lv\/en\/wp-json\/wp\/v2\/product\/7327","targetHints":{"allow":["GET"]}}],"collection":[{"href":"https:\/\/myperfectdog.lv\/en\/wp-json\/wp\/v2\/product"}],"about":[{"href":"https:\/\/myperfectdog.lv\/en\/wp-json\/wp\/v2\/types\/product"}],"replies":[{"embeddable":true,"href":"https:\/\/myperfectdog.lv\/en\/wp-json\/wp\/v2\/comments?post=7327"}],"wp:featuredmedia":[{"embeddable":true,"href":"https:\/\/myperfectdog.lv\/en\/wp-json\/wp\/v2\/media\/7328"}],"wp:attachment":[{"href":"https:\/\/myperfectdog.lv\/en\/wp-json\/wp\/v2\/media?parent=7327"}],"wp:term":[{"taxonomy":"product_brand","embeddable":true,"href":"https:\/\/myperfectdog.lv\/en\/wp-json\/wp\/v2\/product_brand?post=7327"},{"taxonomy":"product_cat","embeddable":true,"href":"https:\/\/myperfectdog.lv\/en\/wp-json\/wp\/v2\/product_cat?post=7327"},{"taxonomy":"product_tag","embeddable":true,"href":"https:\/\/myperfectdog.lv\/en\/wp-json\/wp\/v2\/product_tag?post=7327"}],"curies":[{"name":"wp","href":"https:\/\/api.w.org\/{rel}","templated":true}]}}