{"id":7335,"date":"2023-08-08T09:57:15","date_gmt":"2023-08-08T07:57:15","guid":{"rendered":"https:\/\/myperfectdog.lv\/?post_type=product&#038;p=7335"},"modified":"2025-10-03T20:18:07","modified_gmt":"2025-10-03T18:18:07","slug":"nina-ottosson-sunu-baribas-puzle-dog-twister","status":"publish","type":"product","link":"https:\/\/myperfectdog.lv\/en\/product\/nina-ottosson-sunu-baribas-puzle-dog-twister\/","title":{"rendered":"Nina Ottosson interakt\u012bv\u0101 su\u0146u bar\u012bbas puzle DOG TWISTER"},"content":{"rendered":"<p>Ja mekl\u0113jat rota\u013clietu garlaikotiem su\u0146iem, kuri ir apguvu\u0161i vienk\u0101r\u0161\u0101kas su\u0146u puzles, tad \u0161\u012b aizraujo\u0161\u0101 3. l\u012bme\u0146a Nina Ottosson interakt\u012bv\u0101 bar\u012bbas puzle no Outward Hound, ir ide\u0101ls n\u0101kamais solis! Interakt\u012bvai su\u0146u puzlei Dog Twister ir devi\u0146i nodal\u012bjumi su\u0146u k\u0101rumiem ar b\u012bd\u0101miem v\u0101ci\u0146iem, kurus nostiprina ar devi\u0146iem baltiem rokturiem. Ievietojiet gardumus sl\u0113ptuves un uzb\u012bdiet v\u0101ci\u0146us un, lai paaugstin\u0101tu gr\u016bt\u012bbu &#8211; nofiks\u0113jiet rokturus. J\u016bsu sunim patiks gr\u016bst ar \u0137epu, ost\u012bt un b\u012bd\u012bt, lai ieg\u016btu apsl\u0113ptos gardumus! Dog Twister puzle ir izgatavota no iztur\u012bga materi\u0101la, kas nesatur BPA, PVC un ftal\u0101tus, lai varat justies dro\u0161i, lietojot kop\u0101 ar savu p\u016bkaino draugu. P\u0113c lieto\u0161anas viegli t\u012br\u012bt ar siltu \u016bdeni un ziep\u0113m.<\/p>\n<p>AUGST\u0100KA L\u012aME\u0145A IZKLAIDE: Nina Ottosson 3. l\u012bme\u0146a bar\u012bbas puzle Dog Twister ir paredz\u0113ta probl\u0113mu risin\u0101\u0161anas sp\u0113l\u0113m ar augst\u0101ku gr\u016bt\u012bbu, kas izaicina j\u016bsu suni, m\u0101cot veikt sec\u012bgus so\u013cus. Tas ir jautrs veids, k\u0101 j\u016bsu gudrajiem m\u012blu\u013ciem tren\u0113t pr\u0101tu, vienlaikus aizraujo\u0161\u0101 veid\u0101 novirzot destrukt\u012bvu vai negat\u012bvu uzved\u012bbu!<br \/>\nB\u012aDIET, VELCIET UN BLO\u0136\u0112JIET, LAI PASL\u0112PTU GARDUMUS: Ielieciet gardumus tr\u012bsst\u016brveida nodal\u012bjumos un ieb\u012bdiet baltos plastmasas rokturus, lai nofiks\u0113tu b\u012bd\u0101mos v\u0101ci\u0146us. J\u016bsu sunim b\u016bs sec\u012bgi j\u0101pace\u013c rokturi, lai atblo\u0137\u0113tu un izvilktu atvilktnes, lai atkl\u0101tu gardumus!<br \/>\nBEZ NO\u0145EMAM\u0100M DETA\u013b\u0100M UN VIEGLI T\u012aR\u0100MA: Ieb\u016bv\u0113tas deta\u013cas, kuras sp\u0113las laik\u0101 neatdal\u0101s, lai nov\u0113rstu aizr\u012b\u0161an\u0101s risku. Iztur\u012bg\u0101 konstrukcija ar\u012b pal\u012bdz saglab\u0101t \u0161o rota\u013clietu neskartu, padarot to par j\u016bsu jauno iecien\u012bt\u0101ko puzli su\u0146iem.<br \/>\nNESATUR BPA, PVC UN FTAL\u0100TU: Dom\u0101jot par j\u016bsu m\u012blu\u013ca vesel\u012bbu, Nina Ottosson interakt\u012bv\u0101s bar\u012bbas puzles no Outward Hound ir izgatavotas no p\u0101rtikai dro\u0161iem, uzticamiem materi\u0101liem. P\u0113c lieto\u0161anas to ir viegli t\u012br\u012bt ar siltu \u016bdeni un ziep\u0113m.<br \/>\nSP\u0112L\u0112JIETIES DRO\u0160I: Neviena rota\u013clieta nav neizn\u012bcin\u0101ma. Neatst\u0101jiet rota\u013clietas ar m\u0101jdz\u012bvniekiem bez uzraudz\u012bbas. No\u0146emiet un nomainiet rota\u013clietu, ja t\u0101 ir boj\u0101ta.<\/p>\n<p><img loading=\"lazy\" decoding=\"async\" class=\"\" src=\"https:\/\/site-984271.mozfiles.com\/files\/984271\/2020_NinaOttoson_Logo-1.jpg?1668682873\" width=\"211\" height=\"113\" \/><\/p>\n<p>Uzzini vair\u0101k par Nina Ottosson bar\u012bbas puzli DOG TWISTER:<\/p>\n<p>Gr\u016bt\u012bbas l\u012bmenis: Nr. 3<br \/>\nLieto\u0161ana: Sp\u0113lei izmantojiet sauso bar\u012bbu vai k\u0101rumus.<\/p>\n<p>Izvelciet rokturus, lai atsl\u0113gtu b\u012bd\u0101mos pane\u013cus ar \u0137epu z\u012bm\u0113jum. Ielieciet bar\u012bbu vai k\u0101rumus nodal\u012bjumos.<br \/>\nS\u0101ciet viegli, nenosl\u0113dzot rokturus. Lai padar\u012btu gr\u016bt\u0101ku, piespie\u017eot nosl\u0113dziet rokturus.<br \/>\nLai sp\u0113le s\u0101kas! Par\u0101diet sunim k\u0101 sp\u0113le darbojas.<br \/>\nSP\u0112LEJIET P\u0112C NOTEIKUMIEM &#8211; DRO\u0160\u012aBA UN KOP\u0160ANA:<\/p>\n<p>Ieg\u0101d\u0101joties rota\u013clietas, izv\u0113lieties j\u016bsu sunim piem\u0113rota izm\u0113ra\/stila\/gr\u016bt\u012bbas rota\u013clietu.<br \/>\nVIENM\u0112R uzraugiet savu suni, iem\u0101ciet sunim k\u0101 darbojas sp\u0113le\/rota\u013clieta. Neatst\u0101jiet suni vienatn\u0113 ar bar\u012bbas puzli\/sp\u0113li. Ne\u013caujiet sunim ko\u0161\u013c\u0101t to vai t\u0101s deta\u013cas. P\u0101rbaudiet, vai puzle nav boj\u0101ta, no\u0146emiet, ja t\u0101 ir sapl\u012bsusi, jo var izrais\u012bt nopietnu traumu. Paredz\u0113ta tikai su\u0146iem. \u0160\u012b nav b\u0113rnu rota\u013clieta. Kad iztuk\u0161ota, uzglab\u0101jiet l\u012bdz n\u0101kamai lieto\u0161anai.<\/p>\n<p>T\u012br\u012b\u0161ana: nomazg\u0101jiet ar siltu \u016bdeni un maig\u0101m ziep\u0113m, r\u016bp\u012bgi noskalojiet.<br \/>\nIetilpst ~ 113 g bar\u012bbas.<br \/>\nMateri\u0101ls: plastmasa<br \/>\nIzm\u0113ri: 4 x 30 x 30 cm.<br \/>\nRa\u017eots \u0136\u012bn\u0101.<\/p>\n<p><iframe loading=\"lazy\" title=\"YouTube video player\" src=\"https:\/\/www.youtube.com\/embed\/q7o5ZaqXHAY\" width=\"560\" height=\"315\" frameborder=\"0\" allowfullscreen=\"allowfullscreen\"><\/iframe><\/p>","protected":false},"excerpt":{"rendered":"<p>Ja mekl\u0113jat rota\u013clietu garlaikotiem su\u0146iem, kuri ir apguvu\u0161i vienk\u0101r\u0161\u0101kas su\u0146u puzles, tad \u0161\u012b aizraujo\u0161\u0101 3. l\u012bme\u0146a Nina Ottosson interakt\u012bv\u0101 bar\u012bbas puzle no Outward Hound, ir ide\u0101ls n\u0101kamais solis! Interakt\u012bvai su\u0146u puzlei Dog Twister ir devi\u0146i nodal\u012bjumi su\u0146u k\u0101rumiem ar b\u012bd\u0101miem v\u0101ci\u0146iem, kurus nostiprina ar devi\u0146iem baltiem rokturiem. Ievietojiet gardumus sl\u0113ptuves un uzb\u012bdiet v\u0101ci\u0146us un, lai paaugstin\u0101tu gr\u016bt\u012bbu &#8211; nofiks\u0113jiet rokturus. J\u016bsu sunim patiks gr\u016bst ar \u0137epu, ost\u012bt un b\u012bd\u012bt, lai ieg\u016btu apsl\u0113ptos gardumus! Dog Twister puzle ir izgatavota no iztur\u012bga materi\u0101la, kas nesatur BPA, PVC un ftal\u0101tus, lai varat justies dro\u0161i, lietojot kop\u0101 ar savu p\u016bkaino draugu. P\u0113c lieto\u0161anas viegli t\u012br\u012bt ar siltu \u016bdeni un ziep\u0113m.<\/p>","protected":false},"featured_media":7336,"comment_status":"closed","ping_status":"closed","template":"","meta":[],"product_brand":[],"product_cat":[41],"product_tag":[],"class_list":{"0":"post-7335","1":"product","2":"type-product","3":"status-publish","4":"has-post-thumbnail","6":"product_cat-speles-suniem","8":"first","9":"instock","10":"taxable","11":"shipping-taxable","12":"purchasable","13":"product-type-simple"},"yoast_head":"<!-- This site is optimized with the Yoast SEO plugin v27.5 - https:\/\/yoast.com\/product\/yoast-seo-wordpress\/ -->\n<title>Nina Ottosson interakt\u012bv\u0101 su\u0146u bar\u012bbas puzle DOG TWISTER | MyPerfectDog.lv<\/title>\n<meta name=\"robots\" content=\"index, follow, max-snippet:-1, max-image-preview:large, max-video-preview:-1\" \/>\n<link rel=\"canonical\" href=\"https:\/\/myperfectdog.lv\/en\/product\/nina-ottosson-sunu-baribas-puzle-dog-twister\/\" \/>\n<meta property=\"og:locale\" content=\"en_GB\" \/>\n<meta property=\"og:type\" content=\"article\" \/>\n<meta property=\"og:title\" content=\"Nina Ottosson interakt\u012bv\u0101 su\u0146u bar\u012bbas puzle DOG TWISTER | MyPerfectDog.lv\" \/>\n<meta property=\"og:description\" content=\"Ja mekl\u0113jat rota\u013clietu garlaikotiem su\u0146iem, kuri ir apguvu\u0161i vienk\u0101r\u0161\u0101kas su\u0146u puzles, tad \u0161\u012b aizraujo\u0161\u0101 3. l\u012bme\u0146a Nina Ottosson interakt\u012bv\u0101 bar\u012bbas puzle no Outward Hound, ir ide\u0101ls n\u0101kamais solis! Interakt\u012bvai su\u0146u puzlei Dog Twister ir devi\u0146i nodal\u012bjumi su\u0146u k\u0101rumiem ar b\u012bd\u0101miem v\u0101ci\u0146iem, kurus nostiprina ar devi\u0146iem baltiem rokturiem. Ievietojiet gardumus sl\u0113ptuves un uzb\u012bdiet v\u0101ci\u0146us un, lai paaugstin\u0101tu gr\u016bt\u012bbu - nofiks\u0113jiet rokturus. J\u016bsu sunim patiks gr\u016bst ar \u0137epu, ost\u012bt un b\u012bd\u012bt, lai ieg\u016btu apsl\u0113ptos gardumus! Dog Twister puzle ir izgatavota no iztur\u012bga materi\u0101la, kas nesatur BPA, PVC un ftal\u0101tus, lai varat justies dro\u0161i, lietojot kop\u0101 ar savu p\u016bkaino draugu. P\u0113c lieto\u0161anas viegli t\u012br\u012bt ar siltu \u016bdeni un ziep\u0113m.\" \/>\n<meta property=\"og:url\" content=\"https:\/\/myperfectdog.lv\/en\/product\/nina-ottosson-sunu-baribas-puzle-dog-twister\/\" \/>\n<meta property=\"og:site_name\" content=\"MyPerfectDog.lv\" \/>\n<meta property=\"article:modified_time\" content=\"2025-10-03T18:18:07+00:00\" \/>\n<meta property=\"og:image\" content=\"https:\/\/myperfectdog.lv\/wp-content\/uploads\/2023\/08\/67335_OutwardHound_NinaOttosson_DogTwister_Prp_Main-41ac7966d5a5eb74cc6451fa0b6b3282.jpg\" \/>\n\t<meta property=\"og:image:width\" content=\"900\" \/>\n\t<meta property=\"og:image:height\" content=\"900\" \/>\n\t<meta property=\"og:image:type\" content=\"image\/jpeg\" \/>\n<meta name=\"twitter:card\" content=\"summary_large_image\" \/>\n<meta name=\"twitter:label1\" content=\"Estimated reading time\" \/>\n\t<meta name=\"twitter:data1\" content=\"3 minutes\" \/>\n<script type=\"application\/ld+json\" class=\"yoast-schema-graph\">{\"@context\":\"https:\\\/\\\/schema.org\",\"@graph\":[{\"@type\":\"WebPage\",\"@id\":\"https:\\\/\\\/myperfectdog.lv\\\/products\\\/nina-ottosson-sunu-baribas-puzle-dog-twister\\\/\",\"url\":\"https:\\\/\\\/myperfectdog.lv\\\/products\\\/nina-ottosson-sunu-baribas-puzle-dog-twister\\\/\",\"name\":\"Nina Ottosson interakt\u012bv\u0101 su\u0146u bar\u012bbas puzle DOG TWISTER | MyPerfectDog.lv\",\"isPartOf\":{\"@id\":\"https:\\\/\\\/myperfectdog.lv\\\/#website\"},\"primaryImageOfPage\":{\"@id\":\"https:\\\/\\\/myperfectdog.lv\\\/products\\\/nina-ottosson-sunu-baribas-puzle-dog-twister\\\/#primaryimage\"},\"image\":{\"@id\":\"https:\\\/\\\/myperfectdog.lv\\\/products\\\/nina-ottosson-sunu-baribas-puzle-dog-twister\\\/#primaryimage\"},\"thumbnailUrl\":\"https:\\\/\\\/myperfectdog.lv\\\/wp-content\\\/uploads\\\/2023\\\/08\\\/67335_OutwardHound_NinaOttosson_DogTwister_Prp_Main-41ac7966d5a5eb74cc6451fa0b6b3282.jpg\",\"datePublished\":\"2023-08-08T07:57:15+00:00\",\"dateModified\":\"2025-10-03T18:18:07+00:00\",\"breadcrumb\":{\"@id\":\"https:\\\/\\\/myperfectdog.lv\\\/products\\\/nina-ottosson-sunu-baribas-puzle-dog-twister\\\/#breadcrumb\"},\"inLanguage\":\"en-GB\",\"potentialAction\":[{\"@type\":\"ReadAction\",\"target\":[\"https:\\\/\\\/myperfectdog.lv\\\/products\\\/nina-ottosson-sunu-baribas-puzle-dog-twister\\\/\"]}]},{\"@type\":\"ImageObject\",\"inLanguage\":\"en-GB\",\"@id\":\"https:\\\/\\\/myperfectdog.lv\\\/products\\\/nina-ottosson-sunu-baribas-puzle-dog-twister\\\/#primaryimage\",\"url\":\"https:\\\/\\\/myperfectdog.lv\\\/wp-content\\\/uploads\\\/2023\\\/08\\\/67335_OutwardHound_NinaOttosson_DogTwister_Prp_Main-41ac7966d5a5eb74cc6451fa0b6b3282.jpg\",\"contentUrl\":\"https:\\\/\\\/myperfectdog.lv\\\/wp-content\\\/uploads\\\/2023\\\/08\\\/67335_OutwardHound_NinaOttosson_DogTwister_Prp_Main-41ac7966d5a5eb74cc6451fa0b6b3282.jpg\",\"width\":900,\"height\":900},{\"@type\":\"BreadcrumbList\",\"@id\":\"https:\\\/\\\/myperfectdog.lv\\\/products\\\/nina-ottosson-sunu-baribas-puzle-dog-twister\\\/#breadcrumb\",\"itemListElement\":[{\"@type\":\"ListItem\",\"position\":1,\"name\":\"Home\",\"item\":\"https:\\\/\\\/myperfectdog.lv\\\/\"},{\"@type\":\"ListItem\",\"position\":2,\"name\":\"Internetveikals\",\"item\":\"https:\\\/\\\/myperfectdog.lv\\\/internetveikals\\\/\"},{\"@type\":\"ListItem\",\"position\":3,\"name\":\"Nina Ottosson interakt\u012bv\u0101 su\u0146u bar\u012bbas puzle DOG TWISTER\"}]},{\"@type\":\"WebSite\",\"@id\":\"https:\\\/\\\/myperfectdog.lv\\\/#website\",\"url\":\"https:\\\/\\\/myperfectdog.lv\\\/\",\"name\":\"MyPerfectDog.lv\",\"description\":\"Su\u0146u un saimnieku skola\",\"publisher\":{\"@id\":\"https:\\\/\\\/myperfectdog.lv\\\/#organization\"},\"potentialAction\":[{\"@type\":\"SearchAction\",\"target\":{\"@type\":\"EntryPoint\",\"urlTemplate\":\"https:\\\/\\\/myperfectdog.lv\\\/?s={search_term_string}\"},\"query-input\":{\"@type\":\"PropertyValueSpecification\",\"valueRequired\":true,\"valueName\":\"search_term_string\"}}],\"inLanguage\":\"en-GB\"},{\"@type\":\"Organization\",\"@id\":\"https:\\\/\\\/myperfectdog.lv\\\/#organization\",\"name\":\"Su\u0146u & saimnieku skola \\\"My Perfect Dog\\\"\",\"url\":\"https:\\\/\\\/myperfectdog.lv\\\/\",\"logo\":{\"@type\":\"ImageObject\",\"inLanguage\":\"en-GB\",\"@id\":\"https:\\\/\\\/myperfectdog.lv\\\/#\\\/schema\\\/logo\\\/image\\\/\",\"url\":\"https:\\\/\\\/myperfectdog.lv\\\/wp-content\\\/uploads\\\/2020\\\/10\\\/MyPerfectDog-New-logo_peach_plakans.png\",\"contentUrl\":\"https:\\\/\\\/myperfectdog.lv\\\/wp-content\\\/uploads\\\/2020\\\/10\\\/MyPerfectDog-New-logo_peach_plakans.png\",\"width\":1200,\"height\":636,\"caption\":\"Su\u0146u & saimnieku skola \\\"My Perfect Dog\\\"\"},\"image\":{\"@id\":\"https:\\\/\\\/myperfectdog.lv\\\/#\\\/schema\\\/logo\\\/image\\\/\"}}]}<\/script>\n<!-- \/ Yoast SEO plugin. -->","yoast_head_json":{"title":"Nina Ottosson interakt\u012bv\u0101 su\u0146u bar\u012bbas puzle DOG TWISTER | MyPerfectDog.lv","robots":{"index":"index","follow":"follow","max-snippet":"max-snippet:-1","max-image-preview":"max-image-preview:large","max-video-preview":"max-video-preview:-1"},"canonical":"https:\/\/myperfectdog.lv\/en\/product\/nina-ottosson-sunu-baribas-puzle-dog-twister\/","og_locale":"en_GB","og_type":"article","og_title":"Nina Ottosson interakt\u012bv\u0101 su\u0146u bar\u012bbas puzle DOG TWISTER | MyPerfectDog.lv","og_description":"Ja mekl\u0113jat rota\u013clietu garlaikotiem su\u0146iem, kuri ir apguvu\u0161i vienk\u0101r\u0161\u0101kas su\u0146u puzles, tad \u0161\u012b aizraujo\u0161\u0101 3. l\u012bme\u0146a Nina Ottosson interakt\u012bv\u0101 bar\u012bbas puzle no Outward Hound, ir ide\u0101ls n\u0101kamais solis! Interakt\u012bvai su\u0146u puzlei Dog Twister ir devi\u0146i nodal\u012bjumi su\u0146u k\u0101rumiem ar b\u012bd\u0101miem v\u0101ci\u0146iem, kurus nostiprina ar devi\u0146iem baltiem rokturiem. Ievietojiet gardumus sl\u0113ptuves un uzb\u012bdiet v\u0101ci\u0146us un, lai paaugstin\u0101tu gr\u016bt\u012bbu - nofiks\u0113jiet rokturus. J\u016bsu sunim patiks gr\u016bst ar \u0137epu, ost\u012bt un b\u012bd\u012bt, lai ieg\u016btu apsl\u0113ptos gardumus! Dog Twister puzle ir izgatavota no iztur\u012bga materi\u0101la, kas nesatur BPA, PVC un ftal\u0101tus, lai varat justies dro\u0161i, lietojot kop\u0101 ar savu p\u016bkaino draugu. P\u0113c lieto\u0161anas viegli t\u012br\u012bt ar siltu \u016bdeni un ziep\u0113m.","og_url":"https:\/\/myperfectdog.lv\/en\/product\/nina-ottosson-sunu-baribas-puzle-dog-twister\/","og_site_name":"MyPerfectDog.lv","article_modified_time":"2025-10-03T18:18:07+00:00","og_image":[{"width":900,"height":900,"url":"https:\/\/myperfectdog.lv\/wp-content\/uploads\/2023\/08\/67335_OutwardHound_NinaOttosson_DogTwister_Prp_Main-41ac7966d5a5eb74cc6451fa0b6b3282.jpg","type":"image\/jpeg"}],"twitter_card":"summary_large_image","twitter_misc":{"Estimated reading time":"3 minutes"},"schema":{"@context":"https:\/\/schema.org","@graph":[{"@type":"WebPage","@id":"https:\/\/myperfectdog.lv\/products\/nina-ottosson-sunu-baribas-puzle-dog-twister\/","url":"https:\/\/myperfectdog.lv\/products\/nina-ottosson-sunu-baribas-puzle-dog-twister\/","name":"Nina Ottosson interakt\u012bv\u0101 su\u0146u bar\u012bbas puzle DOG TWISTER | MyPerfectDog.lv","isPartOf":{"@id":"https:\/\/myperfectdog.lv\/#website"},"primaryImageOfPage":{"@id":"https:\/\/myperfectdog.lv\/products\/nina-ottosson-sunu-baribas-puzle-dog-twister\/#primaryimage"},"image":{"@id":"https:\/\/myperfectdog.lv\/products\/nina-ottosson-sunu-baribas-puzle-dog-twister\/#primaryimage"},"thumbnailUrl":"https:\/\/myperfectdog.lv\/wp-content\/uploads\/2023\/08\/67335_OutwardHound_NinaOttosson_DogTwister_Prp_Main-41ac7966d5a5eb74cc6451fa0b6b3282.jpg","datePublished":"2023-08-08T07:57:15+00:00","dateModified":"2025-10-03T18:18:07+00:00","breadcrumb":{"@id":"https:\/\/myperfectdog.lv\/products\/nina-ottosson-sunu-baribas-puzle-dog-twister\/#breadcrumb"},"inLanguage":"en-GB","potentialAction":[{"@type":"ReadAction","target":["https:\/\/myperfectdog.lv\/products\/nina-ottosson-sunu-baribas-puzle-dog-twister\/"]}]},{"@type":"ImageObject","inLanguage":"en-GB","@id":"https:\/\/myperfectdog.lv\/products\/nina-ottosson-sunu-baribas-puzle-dog-twister\/#primaryimage","url":"https:\/\/myperfectdog.lv\/wp-content\/uploads\/2023\/08\/67335_OutwardHound_NinaOttosson_DogTwister_Prp_Main-41ac7966d5a5eb74cc6451fa0b6b3282.jpg","contentUrl":"https:\/\/myperfectdog.lv\/wp-content\/uploads\/2023\/08\/67335_OutwardHound_NinaOttosson_DogTwister_Prp_Main-41ac7966d5a5eb74cc6451fa0b6b3282.jpg","width":900,"height":900},{"@type":"BreadcrumbList","@id":"https:\/\/myperfectdog.lv\/products\/nina-ottosson-sunu-baribas-puzle-dog-twister\/#breadcrumb","itemListElement":[{"@type":"ListItem","position":1,"name":"Home","item":"https:\/\/myperfectdog.lv\/"},{"@type":"ListItem","position":2,"name":"Internetveikals","item":"https:\/\/myperfectdog.lv\/internetveikals\/"},{"@type":"ListItem","position":3,"name":"Nina Ottosson interakt\u012bv\u0101 su\u0146u bar\u012bbas puzle DOG TWISTER"}]},{"@type":"WebSite","@id":"https:\/\/myperfectdog.lv\/#website","url":"https:\/\/myperfectdog.lv\/","name":"MyPerfectDog.lv","description":"Su\u0146u un saimnieku skola","publisher":{"@id":"https:\/\/myperfectdog.lv\/#organization"},"potentialAction":[{"@type":"SearchAction","target":{"@type":"EntryPoint","urlTemplate":"https:\/\/myperfectdog.lv\/?s={search_term_string}"},"query-input":{"@type":"PropertyValueSpecification","valueRequired":true,"valueName":"search_term_string"}}],"inLanguage":"en-GB"},{"@type":"Organization","@id":"https:\/\/myperfectdog.lv\/#organization","name":"Su\u0146u & saimnieku skola \"My Perfect Dog\"","url":"https:\/\/myperfectdog.lv\/","logo":{"@type":"ImageObject","inLanguage":"en-GB","@id":"https:\/\/myperfectdog.lv\/#\/schema\/logo\/image\/","url":"https:\/\/myperfectdog.lv\/wp-content\/uploads\/2020\/10\/MyPerfectDog-New-logo_peach_plakans.png","contentUrl":"https:\/\/myperfectdog.lv\/wp-content\/uploads\/2020\/10\/MyPerfectDog-New-logo_peach_plakans.png","width":1200,"height":636,"caption":"Su\u0146u & saimnieku skola \"My Perfect Dog\""},"image":{"@id":"https:\/\/myperfectdog.lv\/#\/schema\/logo\/image\/"}}]}},"jetpack_sharing_enabled":true,"_links":{"self":[{"href":"https:\/\/myperfectdog.lv\/en\/wp-json\/wp\/v2\/product\/7335","targetHints":{"allow":["GET"]}}],"collection":[{"href":"https:\/\/myperfectdog.lv\/en\/wp-json\/wp\/v2\/product"}],"about":[{"href":"https:\/\/myperfectdog.lv\/en\/wp-json\/wp\/v2\/types\/product"}],"replies":[{"embeddable":true,"href":"https:\/\/myperfectdog.lv\/en\/wp-json\/wp\/v2\/comments?post=7335"}],"wp:featuredmedia":[{"embeddable":true,"href":"https:\/\/myperfectdog.lv\/en\/wp-json\/wp\/v2\/media\/7336"}],"wp:attachment":[{"href":"https:\/\/myperfectdog.lv\/en\/wp-json\/wp\/v2\/media?parent=7335"}],"wp:term":[{"taxonomy":"product_brand","embeddable":true,"href":"https:\/\/myperfectdog.lv\/en\/wp-json\/wp\/v2\/product_brand?post=7335"},{"taxonomy":"product_cat","embeddable":true,"href":"https:\/\/myperfectdog.lv\/en\/wp-json\/wp\/v2\/product_cat?post=7335"},{"taxonomy":"product_tag","embeddable":true,"href":"https:\/\/myperfectdog.lv\/en\/wp-json\/wp\/v2\/product_tag?post=7335"}],"curies":[{"name":"wp","href":"https:\/\/api.w.org\/{rel}","templated":true}]}}