{"id":7342,"date":"2023-08-08T10:02:53","date_gmt":"2023-08-08T08:02:53","guid":{"rendered":"https:\/\/myperfectdog.lv\/?post_type=product&#038;p=7342"},"modified":"2025-10-03T20:17:57","modified_gmt":"2025-10-03T18:17:57","slug":"petstages-sunu-koslajama-rotallieta-orka-ball","status":"publish","type":"product","link":"https:\/\/myperfectdog.lv\/en\/product\/petstages-sunu-koslajama-rotallieta-orka-ball\/","title":{"rendered":"Petstages su\u0146u ko\u0161\u013c\u0101jam\u0101 rota\u013clieta ORKA BALL"},"content":{"rendered":"<p><b><span class=\"moze-large\">Petstages Orka tenisa bumba\u00a0<\/span><\/b><span class=\"moze-large\">ir ide\u0101li piem\u0113rota interakt\u012bvai &#8220;met un atnes&#8221; vai solo sp\u0113lei! Izgatavota no iztur\u012bg\u0101s\u00a0<\/span><b><span class=\"moze-large\">Orka<\/span><\/b><span class=\"moze-large\">\u00a0plastmasas, ar rievotu tekst\u016bru, lai iztur\u0113tu stund\u0101m ilgu ko\u0161\u013c\u0101\u0161anu un sp\u0113l\u0113\u0161anos, vienlaikus mas\u0113jot m\u012blu\u013ca smaganas.\u00a0<\/span><b><span class=\"moze-large\">Orka<\/span><\/b><span class=\"moze-large\">\u00a0bumba ir 8 cm (3&#8243;) diametr\u0101, aptuveni \u00a0tenisa bumbi\u0146as izm\u0113r\u0101, t\u0101p\u0113c t\u0101 der\u0113s liel\u0101kajai da\u013cai palai\u0161anas ier\u012b\u010du. Izveidotas divas atveres k\u0101rumu ievieto\u0161anai, lai sniegtu sunim atalgojo\u0161u pieredzi. Atsper\u012bga un peldo\u0161a &#8211; nav nek\u0101du robe\u017eu, kur var izklaid\u0113ties ar Orka tenisa bumbu!\u00a0<\/span><\/p>\n<ul>\n<li><b>IZTUR\u012aGA GUMIJAS TENISA BUMBA:<\/b>\u00a0Orka tenisa bumbi\u0146a ir izgatavota no viena iztur\u012bgas plastmasas gabala, lai iztur\u0113tu vair\u0101kas sp\u0113\u013cu un ko\u0161\u013c\u0101\u0161anas sesijas.<\/li>\n<li><b>LABI SADER AR PALAI\u0160ANAS IER\u012aCI:\u00a0<\/b>8 cm (3&#8243;) apa\u013c\u0101 Orka tenisa bumbi\u0146a ir sader\u012bga ar liel\u0101koi da\u013cu palai\u0161anas ier\u012b\u010du, un t\u0101 ir ide\u0101li piem\u0113rota garai sp\u0113\u013cu dienai park\u0101! Nav j\u0101uztraucas, ja iemetat \u0161o bumbi\u0146u ezer\u0101, jo t\u0101 ar\u012b peld!<\/li>\n<li><b>TENISA BUMBA AR K\u0100RUMIEM:<\/b>\u00a0\u0161\u012bs su\u0146u ko\u0161\u013c\u0101jam\u0101s rota\u013clietas pret\u0113j\u0101s pus\u0113s ir izveidotas \u00a0divas atveres, lai piepild\u012btu ar j\u016bsu su\u0146a m\u012b\u013c\u0101kiem k\u0101rumiem, lai stimul\u0113tu vi\u0146u sp\u0113l\u0113ties un apbalvotu par pozit\u012bvu uzved\u012bbu!<\/li>\n<li><b>APMIERINA KO\u0160\u013b\u0100T\u0100JUS:<\/b>\u00a0Orka tenisa bumbas rievot\u0101 tekst\u016bra mas\u0113 smaganas un atvieglo j\u016bsu su\u0146a dabisko v\u0113lmi ko\u0161\u013c\u0101t.<\/li>\n<li><b>SP\u0112L\u0112JIETIES DRO\u0160I:<\/b>\u00a0neviena rota\u013clieta nav neizn\u012bcin\u0101ma. Neatst\u0101jiet rota\u013clietas ar m\u0101jdz\u012bvniekiem bez uzraudz\u012bbas. No\u0146emiet un nomainiet rota\u013clietu, ja t\u0101 ir boj\u0101ta.<\/li>\n<\/ul>\n<p>&nbsp;<\/p>\n<p>Ra\u017eots Vjetnam\u0101.<\/p>\n<p><img loading=\"lazy\" decoding=\"async\" class=\"\" src=\"https:\/\/site-984271.mozfiles.com\/files\/984271\/Petstages.png?1666683464\" width=\"140\" height=\"48\" \/><\/p>\n<p><b>Uzzini vair\u0101k par Orka BALL ko\u0161\u013c\u0101jamo rota\u013clietu:<\/b><\/p>\n<p>DRO\u0160\u012aBA UN KOP\u0160ANA: Petstages ko\u0161\u013c\u0101jam\u0101s rota\u013clietas nav \u0113damas un ir paredz\u0113tas tikai su\u0146iem. T\u0101pat k\u0101 ar jebkuru ko\u0161\u013c\u0101jamo rota\u013clietu, m\u0113s vienm\u0113r iesak\u0101m uzraudz\u012bt, k\u0101 j\u016bsu suns lieto, un p\u0113c sapr\u0101t\u012bga nolietojuma nomain\u012bt to, jo neviena rota\u013clieta nav neizn\u012bcin\u0101ma. No\u0146emiet to, ja p\u0101rm\u0113r\u012bgi nolietota vai atkosti gabali, kas ir liel\u0101ki par r\u012bsu graudu. Ziniet sava su\u0146a ko\u0161\u013c\u0101\u0161anas ieradumus un zobu stiprumu, j\u016bsu m\u012blu\u013ca dro\u0161\u012bba ir j\u016bsu pien\u0101kums. Lai ieg\u016btu papildu inform\u0101ciju par dro\u0161\u012bbu, l\u016bdzu, apmekl\u0113jiet m\u016bsu Petstages dro\u0161\u012bbas lapu, lai p\u0101rskat\u012btu m\u016bsu ieteiktos &#8220;10 ko\u0161\u013c\u0101\u0161anas bau\u0161\u013cus&#8221;.<\/p>\n<ul>\n<li>Izm\u0113rs: \u00a0diametrs 8 cm.<\/li>\n<li>Materi\u0101ls: plastmasa.<\/li>\n<\/ul>\n<p><iframe loading=\"lazy\" title=\"YouTube video player\" src=\"https:\/\/www.youtube.com\/embed\/xEx6jr7RVa8\" width=\"560\" height=\"315\" frameborder=\"0\" allowfullscreen=\"allowfullscreen\"><\/iframe><\/p>","protected":false},"excerpt":{"rendered":"<p><b><span class=\"moze-large\">Petstages Orka tenisa bumba\u00a0<\/span><\/b><span class=\"moze-large\">ir ide\u0101li piem\u0113rota interakt\u012bvai &#8220;met un atnes&#8221; vai solo sp\u0113lei! Izgatavota no iztur\u012bg\u0101s\u00a0<\/span><b><span class=\"moze-large\">Orka<\/span><\/b><span class=\"moze-large\">\u00a0plastmasas, ar rievotu tekst\u016bru, lai iztur\u0113tu stund\u0101m ilgu ko\u0161\u013c\u0101\u0161anu un sp\u0113l\u0113\u0161anos, vienlaikus mas\u0113jot m\u012blu\u013ca smaganas.\u00a0<\/span><b><span class=\"moze-large\">Orka<\/span><\/b><span class=\"moze-large\">\u00a0bumba ir 8 cm (3&#8243;) diametr\u0101, aptuveni \u00a0tenisa bumbi\u0146as izm\u0113r\u0101, t\u0101p\u0113c t\u0101 der\u0113s liel\u0101kajai da\u013cai palai\u0161anas ier\u012b\u010du. Izveidotas divas atveres k\u0101rumu ievieto\u0161anai, lai sniegtu sunim atalgojo\u0161u pieredzi. Atsper\u012bga un peldo\u0161a &#8211; nav nek\u0101du robe\u017eu, kur var izklaid\u0113ties ar Orka tenisa bumbu!\u00a0<\/span><\/p>","protected":false},"featured_media":7343,"comment_status":"closed","ping_status":"closed","template":"","meta":[],"product_brand":[],"product_cat":[41],"product_tag":[],"class_list":{"0":"post-7342","1":"product","2":"type-product","3":"status-publish","4":"has-post-thumbnail","6":"product_cat-speles-suniem","8":"first","9":"instock","10":"taxable","11":"shipping-taxable","12":"purchasable","13":"product-type-simple"},"yoast_head":"<!-- This site is optimized with the Yoast SEO plugin v27.5 - https:\/\/yoast.com\/product\/yoast-seo-wordpress\/ -->\n<title>Petstages su\u0146u ko\u0161\u013c\u0101jam\u0101 rota\u013clieta ORKA BALL | MyPerfectDog.lv<\/title>\n<meta name=\"robots\" content=\"index, follow, max-snippet:-1, max-image-preview:large, max-video-preview:-1\" \/>\n<link rel=\"canonical\" href=\"https:\/\/myperfectdog.lv\/en\/product\/petstages-sunu-koslajama-rotallieta-orka-ball\/\" \/>\n<meta property=\"og:locale\" content=\"en_GB\" \/>\n<meta property=\"og:type\" content=\"article\" \/>\n<meta property=\"og:title\" content=\"Petstages su\u0146u ko\u0161\u013c\u0101jam\u0101 rota\u013clieta ORKA BALL | MyPerfectDog.lv\" \/>\n<meta property=\"og:description\" content=\"Petstages Orka tenisa bumba\u00a0ir ide\u0101li piem\u0113rota interakt\u012bvai &quot;met un atnes&quot; vai solo sp\u0113lei! Izgatavota no iztur\u012bg\u0101s\u00a0Orka\u00a0plastmasas, ar rievotu tekst\u016bru, lai iztur\u0113tu stund\u0101m ilgu ko\u0161\u013c\u0101\u0161anu un sp\u0113l\u0113\u0161anos, vienlaikus mas\u0113jot m\u012blu\u013ca smaganas.\u00a0Orka\u00a0bumba ir 8 cm (3&quot;) diametr\u0101, aptuveni \u00a0tenisa bumbi\u0146as izm\u0113r\u0101, t\u0101p\u0113c t\u0101 der\u0113s liel\u0101kajai da\u013cai palai\u0161anas ier\u012b\u010du. Izveidotas divas atveres k\u0101rumu ievieto\u0161anai, lai sniegtu sunim atalgojo\u0161u pieredzi. Atsper\u012bga un peldo\u0161a - nav nek\u0101du robe\u017eu, kur var izklaid\u0113ties ar Orka tenisa bumbu!\u00a0\" \/>\n<meta property=\"og:url\" content=\"https:\/\/myperfectdog.lv\/en\/product\/petstages-sunu-koslajama-rotallieta-orka-ball\/\" \/>\n<meta property=\"og:site_name\" content=\"MyPerfectDog.lv\" \/>\n<meta property=\"article:modified_time\" content=\"2025-10-03T18:17:57+00:00\" \/>\n<meta property=\"og:image\" content=\"https:\/\/myperfectdog.lv\/wp-content\/uploads\/2023\/08\/68499_Petstages_OrkaBall_Blu_EC_970-600_copy-15943b58aa192febea369e582e1dd20d.jpg\" \/>\n\t<meta property=\"og:image:width\" content=\"649\" \/>\n\t<meta property=\"og:image:height\" content=\"586\" \/>\n\t<meta property=\"og:image:type\" content=\"image\/jpeg\" \/>\n<meta name=\"twitter:card\" content=\"summary_large_image\" \/>\n<meta name=\"twitter:label1\" content=\"Estimated reading time\" \/>\n\t<meta name=\"twitter:data1\" content=\"3 minutes\" \/>\n<script type=\"application\/ld+json\" class=\"yoast-schema-graph\">{\"@context\":\"https:\\\/\\\/schema.org\",\"@graph\":[{\"@type\":\"WebPage\",\"@id\":\"https:\\\/\\\/myperfectdog.lv\\\/products\\\/petstages-sunu-koslajama-rotallieta-orka-ball\\\/\",\"url\":\"https:\\\/\\\/myperfectdog.lv\\\/products\\\/petstages-sunu-koslajama-rotallieta-orka-ball\\\/\",\"name\":\"Petstages su\u0146u ko\u0161\u013c\u0101jam\u0101 rota\u013clieta ORKA BALL | MyPerfectDog.lv\",\"isPartOf\":{\"@id\":\"https:\\\/\\\/myperfectdog.lv\\\/#website\"},\"primaryImageOfPage\":{\"@id\":\"https:\\\/\\\/myperfectdog.lv\\\/products\\\/petstages-sunu-koslajama-rotallieta-orka-ball\\\/#primaryimage\"},\"image\":{\"@id\":\"https:\\\/\\\/myperfectdog.lv\\\/products\\\/petstages-sunu-koslajama-rotallieta-orka-ball\\\/#primaryimage\"},\"thumbnailUrl\":\"https:\\\/\\\/myperfectdog.lv\\\/wp-content\\\/uploads\\\/2023\\\/08\\\/68499_Petstages_OrkaBall_Blu_EC_970-600_copy-15943b58aa192febea369e582e1dd20d.jpg\",\"datePublished\":\"2023-08-08T08:02:53+00:00\",\"dateModified\":\"2025-10-03T18:17:57+00:00\",\"breadcrumb\":{\"@id\":\"https:\\\/\\\/myperfectdog.lv\\\/products\\\/petstages-sunu-koslajama-rotallieta-orka-ball\\\/#breadcrumb\"},\"inLanguage\":\"en-GB\",\"potentialAction\":[{\"@type\":\"ReadAction\",\"target\":[\"https:\\\/\\\/myperfectdog.lv\\\/products\\\/petstages-sunu-koslajama-rotallieta-orka-ball\\\/\"]}]},{\"@type\":\"ImageObject\",\"inLanguage\":\"en-GB\",\"@id\":\"https:\\\/\\\/myperfectdog.lv\\\/products\\\/petstages-sunu-koslajama-rotallieta-orka-ball\\\/#primaryimage\",\"url\":\"https:\\\/\\\/myperfectdog.lv\\\/wp-content\\\/uploads\\\/2023\\\/08\\\/68499_Petstages_OrkaBall_Blu_EC_970-600_copy-15943b58aa192febea369e582e1dd20d.jpg\",\"contentUrl\":\"https:\\\/\\\/myperfectdog.lv\\\/wp-content\\\/uploads\\\/2023\\\/08\\\/68499_Petstages_OrkaBall_Blu_EC_970-600_copy-15943b58aa192febea369e582e1dd20d.jpg\",\"width\":649,\"height\":586},{\"@type\":\"BreadcrumbList\",\"@id\":\"https:\\\/\\\/myperfectdog.lv\\\/products\\\/petstages-sunu-koslajama-rotallieta-orka-ball\\\/#breadcrumb\",\"itemListElement\":[{\"@type\":\"ListItem\",\"position\":1,\"name\":\"Home\",\"item\":\"https:\\\/\\\/myperfectdog.lv\\\/\"},{\"@type\":\"ListItem\",\"position\":2,\"name\":\"Internetveikals\",\"item\":\"https:\\\/\\\/myperfectdog.lv\\\/internetveikals\\\/\"},{\"@type\":\"ListItem\",\"position\":3,\"name\":\"Petstages su\u0146u ko\u0161\u013c\u0101jam\u0101 rota\u013clieta ORKA BALL\"}]},{\"@type\":\"WebSite\",\"@id\":\"https:\\\/\\\/myperfectdog.lv\\\/#website\",\"url\":\"https:\\\/\\\/myperfectdog.lv\\\/\",\"name\":\"MyPerfectDog.lv\",\"description\":\"Su\u0146u un saimnieku skola\",\"publisher\":{\"@id\":\"https:\\\/\\\/myperfectdog.lv\\\/#organization\"},\"potentialAction\":[{\"@type\":\"SearchAction\",\"target\":{\"@type\":\"EntryPoint\",\"urlTemplate\":\"https:\\\/\\\/myperfectdog.lv\\\/?s={search_term_string}\"},\"query-input\":{\"@type\":\"PropertyValueSpecification\",\"valueRequired\":true,\"valueName\":\"search_term_string\"}}],\"inLanguage\":\"en-GB\"},{\"@type\":\"Organization\",\"@id\":\"https:\\\/\\\/myperfectdog.lv\\\/#organization\",\"name\":\"Su\u0146u & saimnieku skola \\\"My Perfect Dog\\\"\",\"url\":\"https:\\\/\\\/myperfectdog.lv\\\/\",\"logo\":{\"@type\":\"ImageObject\",\"inLanguage\":\"en-GB\",\"@id\":\"https:\\\/\\\/myperfectdog.lv\\\/#\\\/schema\\\/logo\\\/image\\\/\",\"url\":\"https:\\\/\\\/myperfectdog.lv\\\/wp-content\\\/uploads\\\/2020\\\/10\\\/MyPerfectDog-New-logo_peach_plakans.png\",\"contentUrl\":\"https:\\\/\\\/myperfectdog.lv\\\/wp-content\\\/uploads\\\/2020\\\/10\\\/MyPerfectDog-New-logo_peach_plakans.png\",\"width\":1200,\"height\":636,\"caption\":\"Su\u0146u & saimnieku skola \\\"My Perfect Dog\\\"\"},\"image\":{\"@id\":\"https:\\\/\\\/myperfectdog.lv\\\/#\\\/schema\\\/logo\\\/image\\\/\"}}]}<\/script>\n<!-- \/ Yoast SEO plugin. -->","yoast_head_json":{"title":"Petstages su\u0146u ko\u0161\u013c\u0101jam\u0101 rota\u013clieta ORKA BALL | MyPerfectDog.lv","robots":{"index":"index","follow":"follow","max-snippet":"max-snippet:-1","max-image-preview":"max-image-preview:large","max-video-preview":"max-video-preview:-1"},"canonical":"https:\/\/myperfectdog.lv\/en\/product\/petstages-sunu-koslajama-rotallieta-orka-ball\/","og_locale":"en_GB","og_type":"article","og_title":"Petstages su\u0146u ko\u0161\u013c\u0101jam\u0101 rota\u013clieta ORKA BALL | MyPerfectDog.lv","og_description":"Petstages Orka tenisa bumba\u00a0ir ide\u0101li piem\u0113rota interakt\u012bvai \"met un atnes\" vai solo sp\u0113lei! Izgatavota no iztur\u012bg\u0101s\u00a0Orka\u00a0plastmasas, ar rievotu tekst\u016bru, lai iztur\u0113tu stund\u0101m ilgu ko\u0161\u013c\u0101\u0161anu un sp\u0113l\u0113\u0161anos, vienlaikus mas\u0113jot m\u012blu\u013ca smaganas.\u00a0Orka\u00a0bumba ir 8 cm (3\") diametr\u0101, aptuveni \u00a0tenisa bumbi\u0146as izm\u0113r\u0101, t\u0101p\u0113c t\u0101 der\u0113s liel\u0101kajai da\u013cai palai\u0161anas ier\u012b\u010du. Izveidotas divas atveres k\u0101rumu ievieto\u0161anai, lai sniegtu sunim atalgojo\u0161u pieredzi. Atsper\u012bga un peldo\u0161a - nav nek\u0101du robe\u017eu, kur var izklaid\u0113ties ar Orka tenisa bumbu!\u00a0","og_url":"https:\/\/myperfectdog.lv\/en\/product\/petstages-sunu-koslajama-rotallieta-orka-ball\/","og_site_name":"MyPerfectDog.lv","article_modified_time":"2025-10-03T18:17:57+00:00","og_image":[{"width":649,"height":586,"url":"https:\/\/myperfectdog.lv\/wp-content\/uploads\/2023\/08\/68499_Petstages_OrkaBall_Blu_EC_970-600_copy-15943b58aa192febea369e582e1dd20d.jpg","type":"image\/jpeg"}],"twitter_card":"summary_large_image","twitter_misc":{"Estimated reading time":"3 minutes"},"schema":{"@context":"https:\/\/schema.org","@graph":[{"@type":"WebPage","@id":"https:\/\/myperfectdog.lv\/products\/petstages-sunu-koslajama-rotallieta-orka-ball\/","url":"https:\/\/myperfectdog.lv\/products\/petstages-sunu-koslajama-rotallieta-orka-ball\/","name":"Petstages su\u0146u ko\u0161\u013c\u0101jam\u0101 rota\u013clieta ORKA BALL | MyPerfectDog.lv","isPartOf":{"@id":"https:\/\/myperfectdog.lv\/#website"},"primaryImageOfPage":{"@id":"https:\/\/myperfectdog.lv\/products\/petstages-sunu-koslajama-rotallieta-orka-ball\/#primaryimage"},"image":{"@id":"https:\/\/myperfectdog.lv\/products\/petstages-sunu-koslajama-rotallieta-orka-ball\/#primaryimage"},"thumbnailUrl":"https:\/\/myperfectdog.lv\/wp-content\/uploads\/2023\/08\/68499_Petstages_OrkaBall_Blu_EC_970-600_copy-15943b58aa192febea369e582e1dd20d.jpg","datePublished":"2023-08-08T08:02:53+00:00","dateModified":"2025-10-03T18:17:57+00:00","breadcrumb":{"@id":"https:\/\/myperfectdog.lv\/products\/petstages-sunu-koslajama-rotallieta-orka-ball\/#breadcrumb"},"inLanguage":"en-GB","potentialAction":[{"@type":"ReadAction","target":["https:\/\/myperfectdog.lv\/products\/petstages-sunu-koslajama-rotallieta-orka-ball\/"]}]},{"@type":"ImageObject","inLanguage":"en-GB","@id":"https:\/\/myperfectdog.lv\/products\/petstages-sunu-koslajama-rotallieta-orka-ball\/#primaryimage","url":"https:\/\/myperfectdog.lv\/wp-content\/uploads\/2023\/08\/68499_Petstages_OrkaBall_Blu_EC_970-600_copy-15943b58aa192febea369e582e1dd20d.jpg","contentUrl":"https:\/\/myperfectdog.lv\/wp-content\/uploads\/2023\/08\/68499_Petstages_OrkaBall_Blu_EC_970-600_copy-15943b58aa192febea369e582e1dd20d.jpg","width":649,"height":586},{"@type":"BreadcrumbList","@id":"https:\/\/myperfectdog.lv\/products\/petstages-sunu-koslajama-rotallieta-orka-ball\/#breadcrumb","itemListElement":[{"@type":"ListItem","position":1,"name":"Home","item":"https:\/\/myperfectdog.lv\/"},{"@type":"ListItem","position":2,"name":"Internetveikals","item":"https:\/\/myperfectdog.lv\/internetveikals\/"},{"@type":"ListItem","position":3,"name":"Petstages su\u0146u ko\u0161\u013c\u0101jam\u0101 rota\u013clieta ORKA BALL"}]},{"@type":"WebSite","@id":"https:\/\/myperfectdog.lv\/#website","url":"https:\/\/myperfectdog.lv\/","name":"MyPerfectDog.lv","description":"Su\u0146u un saimnieku skola","publisher":{"@id":"https:\/\/myperfectdog.lv\/#organization"},"potentialAction":[{"@type":"SearchAction","target":{"@type":"EntryPoint","urlTemplate":"https:\/\/myperfectdog.lv\/?s={search_term_string}"},"query-input":{"@type":"PropertyValueSpecification","valueRequired":true,"valueName":"search_term_string"}}],"inLanguage":"en-GB"},{"@type":"Organization","@id":"https:\/\/myperfectdog.lv\/#organization","name":"Su\u0146u & saimnieku skola \"My Perfect Dog\"","url":"https:\/\/myperfectdog.lv\/","logo":{"@type":"ImageObject","inLanguage":"en-GB","@id":"https:\/\/myperfectdog.lv\/#\/schema\/logo\/image\/","url":"https:\/\/myperfectdog.lv\/wp-content\/uploads\/2020\/10\/MyPerfectDog-New-logo_peach_plakans.png","contentUrl":"https:\/\/myperfectdog.lv\/wp-content\/uploads\/2020\/10\/MyPerfectDog-New-logo_peach_plakans.png","width":1200,"height":636,"caption":"Su\u0146u & saimnieku skola \"My Perfect Dog\""},"image":{"@id":"https:\/\/myperfectdog.lv\/#\/schema\/logo\/image\/"}}]}},"jetpack_sharing_enabled":true,"_links":{"self":[{"href":"https:\/\/myperfectdog.lv\/en\/wp-json\/wp\/v2\/product\/7342","targetHints":{"allow":["GET"]}}],"collection":[{"href":"https:\/\/myperfectdog.lv\/en\/wp-json\/wp\/v2\/product"}],"about":[{"href":"https:\/\/myperfectdog.lv\/en\/wp-json\/wp\/v2\/types\/product"}],"replies":[{"embeddable":true,"href":"https:\/\/myperfectdog.lv\/en\/wp-json\/wp\/v2\/comments?post=7342"}],"wp:featuredmedia":[{"embeddable":true,"href":"https:\/\/myperfectdog.lv\/en\/wp-json\/wp\/v2\/media\/7343"}],"wp:attachment":[{"href":"https:\/\/myperfectdog.lv\/en\/wp-json\/wp\/v2\/media?parent=7342"}],"wp:term":[{"taxonomy":"product_brand","embeddable":true,"href":"https:\/\/myperfectdog.lv\/en\/wp-json\/wp\/v2\/product_brand?post=7342"},{"taxonomy":"product_cat","embeddable":true,"href":"https:\/\/myperfectdog.lv\/en\/wp-json\/wp\/v2\/product_cat?post=7342"},{"taxonomy":"product_tag","embeddable":true,"href":"https:\/\/myperfectdog.lv\/en\/wp-json\/wp\/v2\/product_tag?post=7342"}],"curies":[{"name":"wp","href":"https:\/\/api.w.org\/{rel}","templated":true}]}}