{"id":7356,"date":"2023-08-08T10:13:11","date_gmt":"2023-08-08T08:13:11","guid":{"rendered":"https:\/\/myperfectdog.lv\/?post_type=product&#038;p=7356"},"modified":"2025-10-03T20:17:39","modified_gmt":"2025-10-03T18:17:39","slug":"nina-ottosson-sunu-baribas-puzle-dog-hide-n-slide","status":"publish","type":"product","link":"https:\/\/myperfectdog.lv\/en\/product\/nina-ottosson-sunu-baribas-puzle-dog-hide-n-slide\/","title":{"rendered":"Nina Ottosson interakt\u012bv\u0101 su\u0146u bar\u012bbas puzle Dog Hide n Slide"},"content":{"rendered":"<p><span class=\"moze-large\"><b>Nina Ottosson\u00a0<\/b>interakt\u012bv\u0101 su\u0146u bar\u012bbas puzle\u00a0<b>Hide N&#8217; Slide\u00a0<\/b>puzle no Outward Hound ir jautrs veids, k\u0101 iesaist\u012bt su\u0146a pr\u0101tu un aktiviz\u0113t probl\u0113mu risin\u0101\u0161anas prasmes. \u0160ai 2. l\u012bme\u0146a puzlei ir divu veidu \u00a0k\u0101rumu vai bar\u012bbas sl\u0113ptuves, pavisam kop\u0101 14 gardumu nodal\u012bjumi: zem groz\u0101maj\u0101m plezn\u0101m un dobajos b\u012bd\u0146os. J\u016bs varat main\u012bt gr\u016bt\u012bbas pak\u0101pi, su\u0146iem-ies\u0101c\u0113jiem novietojot gardumus tie\u0161i zem pleznas. Tikl\u012bdz suns to ir apguvis, palieliniet izaicin\u0101jumu, ievietojot k\u0101rumus dobajos b\u012bd\u0146os, un v\u0113rojiet, k\u0101 suns m\u0113\u0123ina izgudrot, k\u0101 tos b\u012bd\u012bt uz priek\u0161u un atpaka\u013c, lai k\u0101rums iekristu nodal\u012bjum\u0101. Izgatavots no p\u0101rtikai dro\u0161iem materi\u0101liem, kas nesatur BPA, PVC un ftal\u0101tus, lai j\u016bs var\u0113tu justies dro\u0161i, sp\u0113l\u0113joties ar savu suni atkal un atkal! Viegli t\u012br\u0101ma ar siltu \u016bdeni un ziep\u0113m.<\/span><\/p>\n<ul>\n<li><b>VID\u0112JS GR\u016aT\u012aBAS L\u012aMENIS:<\/b>\u00a02. l\u012bme\u0146a su\u0146u puzle Dog Hide N&#8217; Slide ir jautrs pasl\u0113p-un-atrod uzdevums, kur\u0101 j\u016bsu sunim ir j\u0101iem\u0101c\u0101s, k\u0101 kombin\u0113tas darb\u012bbas noved l\u012bdz gar\u0161\u012bgai balvai! Lieliski piem\u0113rota su\u0146iem, kuri ir apguvu\u0161i 1. l\u012bme\u0146a puzles.<\/li>\n<li><b>IZAICINIET SAVU SU\u0145A PR\u0100TU:\u00a0<\/b>Dog Hide N&#8217; Slide ir interakt\u012bva bar\u012bbas puzle, kas nodarbina j\u016bsu su\u0146a pr\u0101tu, vienlaikus mazinot garlaic\u012bbu un destrukt\u012bvu uzved\u012bbu. Pagrieziet, lai pasl\u0113ptu gardumus zem plezn\u0101m, bet lai padar\u012btu gr\u016bt\u0101ku &#8211; \u00a0ievietojiet tos b\u012bd\u0146os caur aug\u0161\u0113jo atveri! J\u016bsu sunim b\u016bs j\u0101veic sec\u012bgas darb\u012bbas, lai atkl\u0101tu visas balvas!<\/li>\n<li><b>BEZ NO\u0145EMAM\u0100M DETA\u013b\u0100M UN IZTUR\u012aGS KOKA KOMPOZ\u012aTA DIZAINS<\/b>: Izgatavota no unik\u0101la plastmasas un koka kompoz\u012bta materi\u0101la un ar nesl\u012bd\u012bgu pamatni, Dog Hide N&#8217; Slide ir sp\u0113le, kas paredz\u0113ta stund\u0101m ilgai jautr\u012bbai! Apm\u0101ci savu suni to neko\u0161\u013c\u0101t, no\u0146emot to p\u0113c visu gardumu ap\u0113\u0161anas. Neno\u0146em\u0101s deta\u013cas padara to par dro\u0161u un viegli t\u012br\u0101mu izv\u0113li.<\/li>\n<li><b>NESATUR BPA, PVC UN FTAL\u0100TU:\u00a0<\/b>Dom\u0101jot par j\u016bsu m\u012blu\u013ca vesel\u012bbu, Nina Ottosson interakt\u012bv\u0101s bar\u012bbas puzles no Outward Hound ir izgatavotas no p\u0101rtikai dro\u0161iem, uzticamiem materi\u0101liem. Starp lieto\u0161anas reiz\u0113m to ir viegli t\u012br\u012bt ar siltu \u016bdeni un ziep\u0113m.<\/li>\n<li><b>SP\u0112L\u0112JIETIES DRO\u0160I:\u00a0<\/b>Neviena rota\u013clieta nav neizn\u012bcin\u0101ma. Neatst\u0101jiet rota\u013clietas ar m\u0101jdz\u012bvniekiem bez uzraudz\u012bbas. No\u0146emiet un nomainiet rota\u013clietu, ja t\u0101 ir boj\u0101ta.<\/li>\n<\/ul>\n<p><img loading=\"lazy\" decoding=\"async\" class=\"\" src=\"https:\/\/site-984271.mozfiles.com\/files\/984271\/2020_NinaOttoson_Logo-1.jpg?1668682873\" width=\"185\" height=\"99\" \/><\/p>\n<p><b>Uzzini vair\u0101k par Nina Ottosson bar\u012bbas puzli DOG HIDE N SLIDE:<\/b><\/p>\n<p><b>Gr\u016bt\u012bbas l\u012bmenis: Nr. 2<\/b><br \/>\n<b>Lieto\u0161ana:<\/b>\u00a0Sp\u0113lei izmantojiet sauso bar\u012bbu vai k\u0101rumus.<\/p>\n<p>&nbsp;<\/p>\n<ol>\n<li>Ievietojiet gardumus vai bar\u012bbu pamatnes nodal\u012bjumos un b\u012bd\u0101majos blokos.<\/li>\n<li>S\u0101ciet viegli \u2013 neaizkl\u0101jiet nodal\u012bjumus ar spuru. Lai padar\u012btu gr\u016bt\u0101ku, pagrieziet spuru, lai nosegtu ejas.<\/li>\n<li>Lai sp\u0113le s\u0101kas! Par\u0101diet sunim k\u0101 darbojas sp\u0113le.<\/li>\n<\/ol>\n<p>&nbsp;<\/p>\n<p><b>SP\u0112LEJIET P\u0112C NOTEIKUMIEM &#8211; DRO\u0160\u012aBA UN KOP\u0160ANA: i<\/b>eg\u0101d\u0101joties rota\u013clietas, izv\u0113lieties j\u016bsu sunim piem\u0113rota izm\u0113ra\/stila\/gr\u016bt\u012bbas rota\u013clietu. \u00a0VIENM\u0112R uzraugiet savu suni, iem\u0101ciet sunim k\u0101 darbojas sp\u0113le\/rota\u013clieta. Neatst\u0101jiet suni vienatn\u0113 ar bar\u012bbas puzli\/sp\u0113li. Ne\u013caujiet sunim ko\u0161\u013c\u0101t to vai t\u0101s deta\u013cas. P\u0101rbaudiet, vai puzle nav boj\u0101ta, no\u0146emiet, ja t\u0101 ir sapl\u012bsusi, jo var izrais\u012bt nopietnu traumu. Paredz\u0113ta tikai su\u0146iem. \u0160\u012b nav b\u0113rnu rota\u013clieta. Kad iztuk\u0161ota, uzglab\u0101jiet l\u012bdz n\u0101kamai lieto\u0161anai.<br \/>\nT\u012br\u012b\u0161ana: nomazg\u0101jiet ar siltu \u016bdeni un maig\u0101m ziep\u0113m, r\u016bp\u012bgi noskalojiet. Ietilpst ~ 28 g bar\u012bbas.<br \/>\nMateri\u0101ls: plastmasas kompoz\u012bts<br \/>\nIzm\u0113ri: 5 x 29 x 29 cm.<br \/>\nRa\u017eots \u0136\u012bn\u0101.<\/p>\n<p><iframe loading=\"lazy\" title=\"YouTube video player\" src=\"https:\/\/www.youtube.com\/embed\/2DR1uak9lR8\" width=\"560\" height=\"315\" frameborder=\"0\" allowfullscreen=\"allowfullscreen\"><\/iframe><\/p>","protected":false},"excerpt":{"rendered":"<p>Nina Ottosson\u00a0interakt\u012bv\u0101 su\u0146u bar\u012bbas puzle\u00a0Hide N&#8217; Slide\u00a0puzle no Outward Hound ir jautrs veids, k\u0101 iesaist\u012bt su\u0146a pr\u0101tu un aktiviz\u0113t probl\u0113mu risin\u0101\u0161anas prasmes. \u0160ai 2. l\u012bme\u0146a puzlei ir divu veidu \u00a0k\u0101rumu vai bar\u012bbas sl\u0113ptuves, pavisam kop\u0101 14 gardumu nodal\u012bjumi: zem groz\u0101maj\u0101m plezn\u0101m un dobajos b\u012bd\u0146os. J\u016bs varat main\u012bt gr\u016bt\u012bbas pak\u0101pi, su\u0146iem-ies\u0101c\u0113jiem novietojot gardumus tie\u0161i zem pleznas. Tikl\u012bdz suns to ir apguvis, palieliniet izaicin\u0101jumu, ievietojot k\u0101rumus dobajos b\u012bd\u0146os, un v\u0113rojiet, k\u0101 suns m\u0113\u0123ina izgudrot, k\u0101 tos b\u012bd\u012bt uz priek\u0161u un atpaka\u013c, lai k\u0101rums iekristu nodal\u012bjum\u0101. Izgatavots no p\u0101rtikai dro\u0161iem materi\u0101liem, kas nesatur BPA, PVC un ftal\u0101tus, lai j\u016bs var\u0113tu justies dro\u0161i, sp\u0113l\u0113joties ar savu suni atkal un atkal! Viegli t\u012br\u0101ma ar siltu \u016bdeni un ziep\u0113m.<\/p>\n<p>Gr\u016bt\u012bbas l\u012bmenis: Nr. 2<\/p>","protected":false},"featured_media":7357,"comment_status":"closed","ping_status":"closed","template":"","meta":[],"product_brand":[],"product_cat":[41],"product_tag":[],"class_list":{"0":"post-7356","1":"product","2":"type-product","3":"status-publish","4":"has-post-thumbnail","6":"product_cat-speles-suniem","8":"first","9":"instock","10":"taxable","11":"shipping-taxable","12":"purchasable","13":"product-type-simple"},"yoast_head":"<!-- This site is optimized with the Yoast SEO plugin v27.5 - https:\/\/yoast.com\/product\/yoast-seo-wordpress\/ -->\n<title>Nina Ottosson interakt\u012bv\u0101 su\u0146u bar\u012bbas puzle Dog Hide n Slide | MyPerfectDog.lv<\/title>\n<meta name=\"robots\" content=\"index, follow, max-snippet:-1, max-image-preview:large, max-video-preview:-1\" \/>\n<link rel=\"canonical\" href=\"https:\/\/myperfectdog.lv\/en\/product\/nina-ottosson-sunu-baribas-puzle-dog-hide-n-slide\/\" \/>\n<meta property=\"og:locale\" content=\"en_GB\" \/>\n<meta property=\"og:type\" content=\"article\" \/>\n<meta property=\"og:title\" content=\"Nina Ottosson interakt\u012bv\u0101 su\u0146u bar\u012bbas puzle Dog Hide n Slide | MyPerfectDog.lv\" \/>\n<meta property=\"og:description\" content=\"Nina Ottosson\u00a0interakt\u012bv\u0101 su\u0146u bar\u012bbas puzle\u00a0Hide N&#039; Slide\u00a0puzle no Outward Hound ir jautrs veids, k\u0101 iesaist\u012bt su\u0146a pr\u0101tu un aktiviz\u0113t probl\u0113mu risin\u0101\u0161anas prasmes. \u0160ai 2. l\u012bme\u0146a puzlei ir divu veidu \u00a0k\u0101rumu vai bar\u012bbas sl\u0113ptuves, pavisam kop\u0101 14 gardumu nodal\u012bjumi: zem groz\u0101maj\u0101m plezn\u0101m un dobajos b\u012bd\u0146os. J\u016bs varat main\u012bt gr\u016bt\u012bbas pak\u0101pi, su\u0146iem-ies\u0101c\u0113jiem novietojot gardumus tie\u0161i zem pleznas. Tikl\u012bdz suns to ir apguvis, palieliniet izaicin\u0101jumu, ievietojot k\u0101rumus dobajos b\u012bd\u0146os, un v\u0113rojiet, k\u0101 suns m\u0113\u0123ina izgudrot, k\u0101 tos b\u012bd\u012bt uz priek\u0161u un atpaka\u013c, lai k\u0101rums iekristu nodal\u012bjum\u0101. Izgatavots no p\u0101rtikai dro\u0161iem materi\u0101liem, kas nesatur BPA, PVC un ftal\u0101tus, lai j\u016bs var\u0113tu justies dro\u0161i, sp\u0113l\u0113joties ar savu suni atkal un atkal! Viegli t\u012br\u0101ma ar siltu \u016bdeni un ziep\u0113m.  Gr\u016bt\u012bbas l\u012bmenis: Nr. 2\" \/>\n<meta property=\"og:url\" content=\"https:\/\/myperfectdog.lv\/en\/product\/nina-ottosson-sunu-baribas-puzle-dog-hide-n-slide\/\" \/>\n<meta property=\"og:site_name\" content=\"MyPerfectDog.lv\" \/>\n<meta property=\"article:modified_time\" content=\"2025-10-03T18:17:39+00:00\" \/>\n<meta property=\"og:image\" content=\"https:\/\/myperfectdog.lv\/wp-content\/uploads\/2023\/08\/67338_OutwardHound_NinaOttosson_DogHideNSlideComposite_Main-1b22dd6fe11982f4567ca8af828536cf.jpg\" \/>\n\t<meta property=\"og:image:width\" content=\"900\" \/>\n\t<meta property=\"og:image:height\" content=\"900\" \/>\n\t<meta property=\"og:image:type\" content=\"image\/jpeg\" \/>\n<meta name=\"twitter:card\" content=\"summary_large_image\" \/>\n<meta name=\"twitter:label1\" content=\"Estimated reading time\" \/>\n\t<meta name=\"twitter:data1\" content=\"3 minutes\" \/>\n<script type=\"application\/ld+json\" class=\"yoast-schema-graph\">{\"@context\":\"https:\\\/\\\/schema.org\",\"@graph\":[{\"@type\":\"WebPage\",\"@id\":\"https:\\\/\\\/myperfectdog.lv\\\/products\\\/nina-ottosson-sunu-baribas-puzle-dog-hide-n-slide\\\/\",\"url\":\"https:\\\/\\\/myperfectdog.lv\\\/products\\\/nina-ottosson-sunu-baribas-puzle-dog-hide-n-slide\\\/\",\"name\":\"Nina Ottosson interakt\u012bv\u0101 su\u0146u bar\u012bbas puzle Dog Hide n Slide | MyPerfectDog.lv\",\"isPartOf\":{\"@id\":\"https:\\\/\\\/myperfectdog.lv\\\/#website\"},\"primaryImageOfPage\":{\"@id\":\"https:\\\/\\\/myperfectdog.lv\\\/products\\\/nina-ottosson-sunu-baribas-puzle-dog-hide-n-slide\\\/#primaryimage\"},\"image\":{\"@id\":\"https:\\\/\\\/myperfectdog.lv\\\/products\\\/nina-ottosson-sunu-baribas-puzle-dog-hide-n-slide\\\/#primaryimage\"},\"thumbnailUrl\":\"https:\\\/\\\/myperfectdog.lv\\\/wp-content\\\/uploads\\\/2023\\\/08\\\/67338_OutwardHound_NinaOttosson_DogHideNSlideComposite_Main-1b22dd6fe11982f4567ca8af828536cf.jpg\",\"datePublished\":\"2023-08-08T08:13:11+00:00\",\"dateModified\":\"2025-10-03T18:17:39+00:00\",\"breadcrumb\":{\"@id\":\"https:\\\/\\\/myperfectdog.lv\\\/products\\\/nina-ottosson-sunu-baribas-puzle-dog-hide-n-slide\\\/#breadcrumb\"},\"inLanguage\":\"en-GB\",\"potentialAction\":[{\"@type\":\"ReadAction\",\"target\":[\"https:\\\/\\\/myperfectdog.lv\\\/products\\\/nina-ottosson-sunu-baribas-puzle-dog-hide-n-slide\\\/\"]}]},{\"@type\":\"ImageObject\",\"inLanguage\":\"en-GB\",\"@id\":\"https:\\\/\\\/myperfectdog.lv\\\/products\\\/nina-ottosson-sunu-baribas-puzle-dog-hide-n-slide\\\/#primaryimage\",\"url\":\"https:\\\/\\\/myperfectdog.lv\\\/wp-content\\\/uploads\\\/2023\\\/08\\\/67338_OutwardHound_NinaOttosson_DogHideNSlideComposite_Main-1b22dd6fe11982f4567ca8af828536cf.jpg\",\"contentUrl\":\"https:\\\/\\\/myperfectdog.lv\\\/wp-content\\\/uploads\\\/2023\\\/08\\\/67338_OutwardHound_NinaOttosson_DogHideNSlideComposite_Main-1b22dd6fe11982f4567ca8af828536cf.jpg\",\"width\":900,\"height\":900},{\"@type\":\"BreadcrumbList\",\"@id\":\"https:\\\/\\\/myperfectdog.lv\\\/products\\\/nina-ottosson-sunu-baribas-puzle-dog-hide-n-slide\\\/#breadcrumb\",\"itemListElement\":[{\"@type\":\"ListItem\",\"position\":1,\"name\":\"Home\",\"item\":\"https:\\\/\\\/myperfectdog.lv\\\/\"},{\"@type\":\"ListItem\",\"position\":2,\"name\":\"Internetveikals\",\"item\":\"https:\\\/\\\/myperfectdog.lv\\\/internetveikals\\\/\"},{\"@type\":\"ListItem\",\"position\":3,\"name\":\"Nina Ottosson interakt\u012bv\u0101 su\u0146u bar\u012bbas puzle Dog Hide n Slide\"}]},{\"@type\":\"WebSite\",\"@id\":\"https:\\\/\\\/myperfectdog.lv\\\/#website\",\"url\":\"https:\\\/\\\/myperfectdog.lv\\\/\",\"name\":\"MyPerfectDog.lv\",\"description\":\"Su\u0146u un saimnieku skola\",\"publisher\":{\"@id\":\"https:\\\/\\\/myperfectdog.lv\\\/#organization\"},\"potentialAction\":[{\"@type\":\"SearchAction\",\"target\":{\"@type\":\"EntryPoint\",\"urlTemplate\":\"https:\\\/\\\/myperfectdog.lv\\\/?s={search_term_string}\"},\"query-input\":{\"@type\":\"PropertyValueSpecification\",\"valueRequired\":true,\"valueName\":\"search_term_string\"}}],\"inLanguage\":\"en-GB\"},{\"@type\":\"Organization\",\"@id\":\"https:\\\/\\\/myperfectdog.lv\\\/#organization\",\"name\":\"Su\u0146u & saimnieku skola \\\"My Perfect Dog\\\"\",\"url\":\"https:\\\/\\\/myperfectdog.lv\\\/\",\"logo\":{\"@type\":\"ImageObject\",\"inLanguage\":\"en-GB\",\"@id\":\"https:\\\/\\\/myperfectdog.lv\\\/#\\\/schema\\\/logo\\\/image\\\/\",\"url\":\"https:\\\/\\\/myperfectdog.lv\\\/wp-content\\\/uploads\\\/2020\\\/10\\\/MyPerfectDog-New-logo_peach_plakans.png\",\"contentUrl\":\"https:\\\/\\\/myperfectdog.lv\\\/wp-content\\\/uploads\\\/2020\\\/10\\\/MyPerfectDog-New-logo_peach_plakans.png\",\"width\":1200,\"height\":636,\"caption\":\"Su\u0146u & saimnieku skola \\\"My Perfect Dog\\\"\"},\"image\":{\"@id\":\"https:\\\/\\\/myperfectdog.lv\\\/#\\\/schema\\\/logo\\\/image\\\/\"}}]}<\/script>\n<!-- \/ Yoast SEO plugin. -->","yoast_head_json":{"title":"Nina Ottosson interakt\u012bv\u0101 su\u0146u bar\u012bbas puzle Dog Hide n Slide | MyPerfectDog.lv","robots":{"index":"index","follow":"follow","max-snippet":"max-snippet:-1","max-image-preview":"max-image-preview:large","max-video-preview":"max-video-preview:-1"},"canonical":"https:\/\/myperfectdog.lv\/en\/product\/nina-ottosson-sunu-baribas-puzle-dog-hide-n-slide\/","og_locale":"en_GB","og_type":"article","og_title":"Nina Ottosson interakt\u012bv\u0101 su\u0146u bar\u012bbas puzle Dog Hide n Slide | MyPerfectDog.lv","og_description":"Nina Ottosson\u00a0interakt\u012bv\u0101 su\u0146u bar\u012bbas puzle\u00a0Hide N' Slide\u00a0puzle no Outward Hound ir jautrs veids, k\u0101 iesaist\u012bt su\u0146a pr\u0101tu un aktiviz\u0113t probl\u0113mu risin\u0101\u0161anas prasmes. \u0160ai 2. l\u012bme\u0146a puzlei ir divu veidu \u00a0k\u0101rumu vai bar\u012bbas sl\u0113ptuves, pavisam kop\u0101 14 gardumu nodal\u012bjumi: zem groz\u0101maj\u0101m plezn\u0101m un dobajos b\u012bd\u0146os. J\u016bs varat main\u012bt gr\u016bt\u012bbas pak\u0101pi, su\u0146iem-ies\u0101c\u0113jiem novietojot gardumus tie\u0161i zem pleznas. Tikl\u012bdz suns to ir apguvis, palieliniet izaicin\u0101jumu, ievietojot k\u0101rumus dobajos b\u012bd\u0146os, un v\u0113rojiet, k\u0101 suns m\u0113\u0123ina izgudrot, k\u0101 tos b\u012bd\u012bt uz priek\u0161u un atpaka\u013c, lai k\u0101rums iekristu nodal\u012bjum\u0101. Izgatavots no p\u0101rtikai dro\u0161iem materi\u0101liem, kas nesatur BPA, PVC un ftal\u0101tus, lai j\u016bs var\u0113tu justies dro\u0161i, sp\u0113l\u0113joties ar savu suni atkal un atkal! Viegli t\u012br\u0101ma ar siltu \u016bdeni un ziep\u0113m.  Gr\u016bt\u012bbas l\u012bmenis: Nr. 2","og_url":"https:\/\/myperfectdog.lv\/en\/product\/nina-ottosson-sunu-baribas-puzle-dog-hide-n-slide\/","og_site_name":"MyPerfectDog.lv","article_modified_time":"2025-10-03T18:17:39+00:00","og_image":[{"width":900,"height":900,"url":"https:\/\/myperfectdog.lv\/wp-content\/uploads\/2023\/08\/67338_OutwardHound_NinaOttosson_DogHideNSlideComposite_Main-1b22dd6fe11982f4567ca8af828536cf.jpg","type":"image\/jpeg"}],"twitter_card":"summary_large_image","twitter_misc":{"Estimated reading time":"3 minutes"},"schema":{"@context":"https:\/\/schema.org","@graph":[{"@type":"WebPage","@id":"https:\/\/myperfectdog.lv\/products\/nina-ottosson-sunu-baribas-puzle-dog-hide-n-slide\/","url":"https:\/\/myperfectdog.lv\/products\/nina-ottosson-sunu-baribas-puzle-dog-hide-n-slide\/","name":"Nina Ottosson interakt\u012bv\u0101 su\u0146u bar\u012bbas puzle Dog Hide n Slide | MyPerfectDog.lv","isPartOf":{"@id":"https:\/\/myperfectdog.lv\/#website"},"primaryImageOfPage":{"@id":"https:\/\/myperfectdog.lv\/products\/nina-ottosson-sunu-baribas-puzle-dog-hide-n-slide\/#primaryimage"},"image":{"@id":"https:\/\/myperfectdog.lv\/products\/nina-ottosson-sunu-baribas-puzle-dog-hide-n-slide\/#primaryimage"},"thumbnailUrl":"https:\/\/myperfectdog.lv\/wp-content\/uploads\/2023\/08\/67338_OutwardHound_NinaOttosson_DogHideNSlideComposite_Main-1b22dd6fe11982f4567ca8af828536cf.jpg","datePublished":"2023-08-08T08:13:11+00:00","dateModified":"2025-10-03T18:17:39+00:00","breadcrumb":{"@id":"https:\/\/myperfectdog.lv\/products\/nina-ottosson-sunu-baribas-puzle-dog-hide-n-slide\/#breadcrumb"},"inLanguage":"en-GB","potentialAction":[{"@type":"ReadAction","target":["https:\/\/myperfectdog.lv\/products\/nina-ottosson-sunu-baribas-puzle-dog-hide-n-slide\/"]}]},{"@type":"ImageObject","inLanguage":"en-GB","@id":"https:\/\/myperfectdog.lv\/products\/nina-ottosson-sunu-baribas-puzle-dog-hide-n-slide\/#primaryimage","url":"https:\/\/myperfectdog.lv\/wp-content\/uploads\/2023\/08\/67338_OutwardHound_NinaOttosson_DogHideNSlideComposite_Main-1b22dd6fe11982f4567ca8af828536cf.jpg","contentUrl":"https:\/\/myperfectdog.lv\/wp-content\/uploads\/2023\/08\/67338_OutwardHound_NinaOttosson_DogHideNSlideComposite_Main-1b22dd6fe11982f4567ca8af828536cf.jpg","width":900,"height":900},{"@type":"BreadcrumbList","@id":"https:\/\/myperfectdog.lv\/products\/nina-ottosson-sunu-baribas-puzle-dog-hide-n-slide\/#breadcrumb","itemListElement":[{"@type":"ListItem","position":1,"name":"Home","item":"https:\/\/myperfectdog.lv\/"},{"@type":"ListItem","position":2,"name":"Internetveikals","item":"https:\/\/myperfectdog.lv\/internetveikals\/"},{"@type":"ListItem","position":3,"name":"Nina Ottosson interakt\u012bv\u0101 su\u0146u bar\u012bbas puzle Dog Hide n Slide"}]},{"@type":"WebSite","@id":"https:\/\/myperfectdog.lv\/#website","url":"https:\/\/myperfectdog.lv\/","name":"MyPerfectDog.lv","description":"Su\u0146u un saimnieku skola","publisher":{"@id":"https:\/\/myperfectdog.lv\/#organization"},"potentialAction":[{"@type":"SearchAction","target":{"@type":"EntryPoint","urlTemplate":"https:\/\/myperfectdog.lv\/?s={search_term_string}"},"query-input":{"@type":"PropertyValueSpecification","valueRequired":true,"valueName":"search_term_string"}}],"inLanguage":"en-GB"},{"@type":"Organization","@id":"https:\/\/myperfectdog.lv\/#organization","name":"Su\u0146u & saimnieku skola \"My Perfect Dog\"","url":"https:\/\/myperfectdog.lv\/","logo":{"@type":"ImageObject","inLanguage":"en-GB","@id":"https:\/\/myperfectdog.lv\/#\/schema\/logo\/image\/","url":"https:\/\/myperfectdog.lv\/wp-content\/uploads\/2020\/10\/MyPerfectDog-New-logo_peach_plakans.png","contentUrl":"https:\/\/myperfectdog.lv\/wp-content\/uploads\/2020\/10\/MyPerfectDog-New-logo_peach_plakans.png","width":1200,"height":636,"caption":"Su\u0146u & saimnieku skola \"My Perfect Dog\""},"image":{"@id":"https:\/\/myperfectdog.lv\/#\/schema\/logo\/image\/"}}]}},"jetpack_sharing_enabled":true,"_links":{"self":[{"href":"https:\/\/myperfectdog.lv\/en\/wp-json\/wp\/v2\/product\/7356","targetHints":{"allow":["GET"]}}],"collection":[{"href":"https:\/\/myperfectdog.lv\/en\/wp-json\/wp\/v2\/product"}],"about":[{"href":"https:\/\/myperfectdog.lv\/en\/wp-json\/wp\/v2\/types\/product"}],"replies":[{"embeddable":true,"href":"https:\/\/myperfectdog.lv\/en\/wp-json\/wp\/v2\/comments?post=7356"}],"wp:featuredmedia":[{"embeddable":true,"href":"https:\/\/myperfectdog.lv\/en\/wp-json\/wp\/v2\/media\/7357"}],"wp:attachment":[{"href":"https:\/\/myperfectdog.lv\/en\/wp-json\/wp\/v2\/media?parent=7356"}],"wp:term":[{"taxonomy":"product_brand","embeddable":true,"href":"https:\/\/myperfectdog.lv\/en\/wp-json\/wp\/v2\/product_brand?post=7356"},{"taxonomy":"product_cat","embeddable":true,"href":"https:\/\/myperfectdog.lv\/en\/wp-json\/wp\/v2\/product_cat?post=7356"},{"taxonomy":"product_tag","embeddable":true,"href":"https:\/\/myperfectdog.lv\/en\/wp-json\/wp\/v2\/product_tag?post=7356"}],"curies":[{"name":"wp","href":"https:\/\/api.w.org\/{rel}","templated":true}]}}