{"id":7362,"date":"2023-08-08T10:18:07","date_gmt":"2023-08-08T08:18:07","guid":{"rendered":"https:\/\/myperfectdog.lv\/?post_type=product&#038;p=7362"},"modified":"2026-04-23T14:55:32","modified_gmt":"2026-04-23T12:55:32","slug":"nina-ottosson-sunu-baribas-puzle-multipuzzle","status":"publish","type":"product","link":"https:\/\/myperfectdog.lv\/en\/product\/nina-ottosson-sunu-baribas-puzle-multipuzzle\/","title":{"rendered":"Nina Ottosson interakt\u012bv\u0101 su\u0146u bar\u012bbas puzle MULTIPUZZLE"},"content":{"rendered":"<p><span class=\"moze-large\"><b>Nina Ottosson<\/b>\u00a0no Outward Hound su\u0146u bar\u012bbas puzle\u00a0<b>MultiPuzzle<\/b>\u00a0ir 4. l\u012bme\u0146a interakt\u012bva rota\u013clieta, kas izklaid\u0113s j\u016bsu suni stund\u0101m ilgi, liekot mekl\u0113t pasl\u0113ptos gardumus, izmantojot savas dabisk\u0101s med\u012bbu prasmes! B\u012bdot puzles deta\u013cas, pasl\u0113piet j\u016bsu m\u012blu\u013ca iecien\u012bt\u0101kos k\u0101rumu vai saus\u0101s bar\u012bbas graudi\u0146us nodal\u012bjumos puzles mal\u0101s un centr\u0101, un lai s\u0101kas sp\u0113le! \u0160\u012b puzle ir ide\u0101li piem\u0113rota su\u0146iem, kuri ir apguvu\u0161i Nina Ottosson 1.-3. l\u012bme\u0146u sp\u0113les. Izgatavota no iztur\u012bgas plastmasas un p\u0101rtikai dro\u0161iem materi\u0101liem, kas nesatur BPA, PVC un ftal\u0101tus. P\u0113c lieto\u0161anas mazg\u0101t ar rok\u0101m ar ziep\u0113m un \u016bdeni.\u00a0<\/span><\/p>\n<ul>\n<li><b>PR\u0100TU STIMUL\u0112JO\u0160A SU\u0145U PUZLE:<\/b>\u00a0Nina Ottosson\u00a0<b>MultiPuzzle<\/b>\u00a0ir m\u016bsu l\u012bdz \u0161im visgr\u016bt\u0101k\u0101 su\u0146u bar\u012bbas puzle! Lai atrastu apsl\u0113ptos gardumus \u0161aj\u0101 4. l\u012bme\u0146a sp\u0113l\u0113, j\u016bsu sunim ir j\u0101veic virkne darb\u012bbu pareiz\u0101 sec\u012bb\u0101! Su\u0146u bar\u012bbas puzles ir lielisks veids, k\u0101 mazin\u0101t garlaic\u012bbu un nodro\u0161in\u0101t su\u0146a pr\u0101ta stimul\u0101ciju. MultiPuzzle ir lieliski piem\u0113rota \u012bpa\u0161i ap\u0137\u0113r\u012bgiem su\u0146iem, kuri jau ir apguvu\u0161i 1.\u20133. l\u012bme\u0146a puzles.<\/li>\n<li><b>GRIEZIET, B\u012aDIET, SL\u0112PIET UN MEKL\u0112JIET:\u00a0<\/b>Pasl\u0113piet sava su\u0146a iecien\u012bt\u0101kos k\u0101rumus vai saus\u0101s bar\u012bbas graudus zem b\u012bd\u0101majiem kvadr\u0101tiem mal\u0101s un k\u0101rumu nodal\u012bjumos centr\u0101. Lai padar\u012btu gr\u016bt\u0101ku &#8211; \u00a0blo\u0137\u0113jiet za\u013cos kvadr\u0101tveida b\u012bd\u0146us ar oran\u017eajiem fiksatoriem. Mudiniet savu suni mekl\u0113t gardumus, un lai s\u0101kas sp\u0113le!<\/li>\n<li><b>4 P\u0100RBAUD\u012aJUMI, 1 PUZLE:<\/b>\u00a0Sunim m\u0101coties, MultiPuzzle gr\u016bt\u012bbas l\u012bmeni var piel\u0101got! J\u016bsu suns b\u016bs k\u0101du laiku aiz\u0146emts, lai atrastu k\u0101rumus zem p\u0101rvietojam\u0101m za\u013caj\u0101m fl\u012bz\u0113m, grie\u017eamo riteni, oran\u017eaj\u0101m sl\u0113dzen\u0113m un centr\u0101lajiem b\u012bd\u0146iem!<\/li>\n<li><b>IZGATAVOTS NO P\u0100RTIKAI DRO\u0160IEM MATERI\u0100LIEM:<\/b>\u00a0M\u016bsu interakt\u012bv\u0101s su\u0146u puzles ir izgatavotas no p\u0101rtikai dro\u0161iem materi\u0101liem. \u00a0Kad k\u0101rumu sl\u0113ptuves ir iztuk\u0161otas, \u0161o iztur\u012bgo \u00a0puzli var mazg\u0101t ar rok\u0101m ar siltu \u016bdeni un maig\u0101m ziep\u0113m.<\/li>\n<li><b>SP\u0112L\u0112JIETIES DRO\u0160I:\u00a0<\/b>Neviena rota\u013clieta nav neizn\u012bcin\u0101ma. Neatst\u0101jiet rota\u013clietas ar m\u0101jdz\u012bvniekiem bez uzraudz\u012bbas. No\u0146emiet un nomainiet rota\u013clietu, ja t\u0101 ir boj\u0101ta.<\/li>\n<\/ul>\n<p><img loading=\"lazy\" decoding=\"async\" class=\"\" src=\"https:\/\/site-984271.mozfiles.com\/files\/984271\/2020_NinaOttoson_Logo-1.jpg?1668682873\" width=\"134\" height=\"72\" \/><\/p>\n<p><b>Uzzini vair\u0101k par Nina Ottosson bar\u012bbas puzli MULTIPUZZLE<\/b><\/p>\n<p><b>Gr\u016bt\u012bbas l\u012bmenis: Nr. 4<\/b><br \/>\n<b>Lieto\u0161ana:<\/b>\u00a0Sp\u0113lei izmantojiet sauso bar\u012bbu vai k\u0101rumus.<\/p>\n<ol>\n<li>Ielieciet bar\u012bbu vai k\u0101rumus puzles mal\u0113jos nodal\u012bjumos.<\/li>\n<li>Centr\u0101laj\u0101 k\u0101rumu da\u013c\u0101, k\u0101rumus \u0113rt\u0101k ievietot pa v\u0101ci\u0146u caurumiem. V\u0113l gr\u016bt\u0101kam uzdevumam -paceliet fiksatoru VIRS b\u012bd\u0146iem. Fiksators nokrit\u012bs un noblo\u0137\u0113s b\u012bd\u0146us.<\/li>\n<li>Lai sp\u0113le s\u0101kas! Nolieciet puzli uz gr\u012bdas un iedro\u0161iniet suni mekl\u0113t gardumus.<\/li>\n<\/ol>\n<p>&nbsp;<\/p>\n<p>SP\u0112LEJIET P\u0112C NOTEIKUMIEM &#8211; DRO\u0160\u012aBA UN KOP\u0160ANA:<\/p>\n<p>ieg\u0101d\u0101joties rota\u013clietas, izv\u0113lieties j\u016bsu sunim piem\u0113rota izm\u0113ra\/stila\/gr\u016bt\u012bbas rota\u013clietu. \u00a0VIENM\u0112R uzraugiet savu suni, iem\u0101ciet sunim k\u0101 darbojas sp\u0113le\/rota\u013clieta. Neatst\u0101jiet suni vienatn\u0113 ar bar\u012bbas puzli\/sp\u0113li. Ne\u013caujiet sunim ko\u0161\u013c\u0101t to vai t\u0101s deta\u013cas. P\u0101rbaudiet, vai puzle nav boj\u0101ta, no\u0146emiet, ja t\u0101 ir sapl\u012bsusi, jo var izrais\u012bt nopietnu traumu. Paredz\u0113ta tikai su\u0146iem. \u0160\u012b nav b\u0113rnu rota\u013clieta. Kad iztuk\u0161ota, uzglab\u0101jiet l\u012bdz n\u0101kamai lieto\u0161anai.<br \/>\nT\u012br\u012b\u0161ana:\u00a0nomazg\u0101jiet ar siltu \u016bdeni un maig\u0101m ziep\u0113m, r\u016bp\u012bgi noskalojiet.\u00a0Ietilpst ~ 113 g bar\u012bbas.<br \/>\nMateri\u0101ls: plastmasa<br \/>\nIzm\u0113ri: 4 x 38 x 38 cm.<br \/>\nRa\u017eots \u0136\u012bn\u0101.<\/p>\n<p><iframe loading=\"lazy\" title=\"YouTube video player\" src=\"https:\/\/www.youtube.com\/embed\/K7wWizFzM5w\" width=\"560\" height=\"315\" frameborder=\"0\" allowfullscreen=\"allowfullscreen\"><\/iframe><\/p>\n<p><iframe loading=\"lazy\" title=\"YouTube video player\" src=\"https:\/\/www.youtube.com\/embed\/4vFa-P_VmdY\" width=\"560\" height=\"315\" frameborder=\"0\" allowfullscreen=\"allowfullscreen\"><\/iframe><\/p>","protected":false},"excerpt":{"rendered":"<p><b>Nina Ottosson<\/b>\u00a0no Outward Hound su\u0146u bar\u012bbas puzle\u00a0<b>MultiPuzzle<\/b>\u00a0ir 4. l\u012bme\u0146a interakt\u012bva rota\u013clieta, kas izklaid\u0113s j\u016bsu suni stund\u0101m ilgi, liekot mekl\u0113t pasl\u0113ptos gardumus, izmantojot savas dabisk\u0101s med\u012bbu prasmes! B\u012bdot puzles deta\u013cas, pasl\u0113piet j\u016bsu m\u012blu\u013ca iecien\u012bt\u0101kos k\u0101rumu vai saus\u0101s bar\u012bbas graudi\u0146us nodal\u012bjumos puzles mal\u0101s un centr\u0101, un lai s\u0101kas sp\u0113le! \u0160\u012b puzle ir ide\u0101li piem\u0113rota su\u0146iem, kuri ir apguvu\u0161i Nina Ottosson 1.-3. l\u012bme\u0146u sp\u0113les. Izgatavota no iztur\u012bgas plastmasas un p\u0101rtikai dro\u0161iem materi\u0101liem, kas nesatur BPA, PVC un ftal\u0101tus. P\u0113c lieto\u0161anas mazg\u0101t ar rok\u0101m ar ziep\u0113m un \u016bdeni.<\/p>\n<p><b>Gr\u016bt\u012bbas l\u012bmenis: Nr. 4<\/b><\/p>","protected":false},"featured_media":7363,"comment_status":"closed","ping_status":"closed","template":"","meta":[],"product_brand":[],"product_cat":[41],"product_tag":[],"class_list":{"0":"post-7362","1":"product","2":"type-product","3":"status-publish","4":"has-post-thumbnail","6":"product_cat-speles-suniem","8":"first","9":"instock","10":"taxable","11":"shipping-taxable","12":"purchasable","13":"product-type-simple"},"yoast_head":"<!-- This site is optimized with the Yoast SEO plugin v27.5 - https:\/\/yoast.com\/product\/yoast-seo-wordpress\/ -->\n<title>Nina Ottosson interakt\u012bv\u0101 su\u0146u bar\u012bbas puzle MULTIPUZZLE | MyPerfectDog.lv<\/title>\n<meta name=\"robots\" content=\"index, follow, max-snippet:-1, max-image-preview:large, max-video-preview:-1\" \/>\n<link rel=\"canonical\" href=\"https:\/\/myperfectdog.lv\/en\/product\/nina-ottosson-sunu-baribas-puzle-multipuzzle\/\" \/>\n<meta property=\"og:locale\" content=\"en_GB\" \/>\n<meta property=\"og:type\" content=\"article\" \/>\n<meta property=\"og:title\" content=\"Nina Ottosson interakt\u012bv\u0101 su\u0146u bar\u012bbas puzle MULTIPUZZLE | MyPerfectDog.lv\" \/>\n<meta property=\"og:description\" content=\"Nina Ottosson\u00a0no Outward Hound su\u0146u bar\u012bbas puzle\u00a0MultiPuzzle\u00a0ir 4. l\u012bme\u0146a interakt\u012bva rota\u013clieta, kas izklaid\u0113s j\u016bsu suni stund\u0101m ilgi, liekot mekl\u0113t pasl\u0113ptos gardumus, izmantojot savas dabisk\u0101s med\u012bbu prasmes! B\u012bdot puzles deta\u013cas, pasl\u0113piet j\u016bsu m\u012blu\u013ca iecien\u012bt\u0101kos k\u0101rumu vai saus\u0101s bar\u012bbas graudi\u0146us nodal\u012bjumos puzles mal\u0101s un centr\u0101, un lai s\u0101kas sp\u0113le! \u0160\u012b puzle ir ide\u0101li piem\u0113rota su\u0146iem, kuri ir apguvu\u0161i Nina Ottosson 1.-3. l\u012bme\u0146u sp\u0113les. Izgatavota no iztur\u012bgas plastmasas un p\u0101rtikai dro\u0161iem materi\u0101liem, kas nesatur BPA, PVC un ftal\u0101tus. P\u0113c lieto\u0161anas mazg\u0101t ar rok\u0101m ar ziep\u0113m un \u016bdeni.  Gr\u016bt\u012bbas l\u012bmenis: Nr. 4\" \/>\n<meta property=\"og:url\" content=\"https:\/\/myperfectdog.lv\/en\/product\/nina-ottosson-sunu-baribas-puzle-multipuzzle\/\" \/>\n<meta property=\"og:site_name\" content=\"MyPerfectDog.lv\" \/>\n<meta property=\"article:modified_time\" content=\"2026-04-23T12:55:32+00:00\" \/>\n<meta property=\"og:image\" content=\"https:\/\/myperfectdog.lv\/wp-content\/uploads\/2023\/08\/69663_OutwardHound_NinaOttosson_MultiPuzzle_Main-17de5ca10951e273a2687ef25ddafae8.jpg\" \/>\n\t<meta property=\"og:image:width\" content=\"900\" \/>\n\t<meta property=\"og:image:height\" content=\"900\" \/>\n\t<meta property=\"og:image:type\" content=\"image\/jpeg\" \/>\n<meta name=\"twitter:card\" content=\"summary_large_image\" \/>\n<meta name=\"twitter:label1\" content=\"Estimated reading time\" \/>\n\t<meta name=\"twitter:data1\" content=\"3 minutes\" \/>\n<script type=\"application\/ld+json\" class=\"yoast-schema-graph\">{\"@context\":\"https:\\\/\\\/schema.org\",\"@graph\":[{\"@type\":\"WebPage\",\"@id\":\"https:\\\/\\\/myperfectdog.lv\\\/products\\\/nina-ottosson-sunu-baribas-puzle-multipuzzle\\\/\",\"url\":\"https:\\\/\\\/myperfectdog.lv\\\/products\\\/nina-ottosson-sunu-baribas-puzle-multipuzzle\\\/\",\"name\":\"Nina Ottosson interakt\u012bv\u0101 su\u0146u bar\u012bbas puzle MULTIPUZZLE | MyPerfectDog.lv\",\"isPartOf\":{\"@id\":\"https:\\\/\\\/myperfectdog.lv\\\/#website\"},\"primaryImageOfPage\":{\"@id\":\"https:\\\/\\\/myperfectdog.lv\\\/products\\\/nina-ottosson-sunu-baribas-puzle-multipuzzle\\\/#primaryimage\"},\"image\":{\"@id\":\"https:\\\/\\\/myperfectdog.lv\\\/products\\\/nina-ottosson-sunu-baribas-puzle-multipuzzle\\\/#primaryimage\"},\"thumbnailUrl\":\"https:\\\/\\\/myperfectdog.lv\\\/wp-content\\\/uploads\\\/2023\\\/08\\\/69663_OutwardHound_NinaOttosson_MultiPuzzle_Main-17de5ca10951e273a2687ef25ddafae8.jpg\",\"datePublished\":\"2023-08-08T08:18:07+00:00\",\"dateModified\":\"2026-04-23T12:55:32+00:00\",\"breadcrumb\":{\"@id\":\"https:\\\/\\\/myperfectdog.lv\\\/products\\\/nina-ottosson-sunu-baribas-puzle-multipuzzle\\\/#breadcrumb\"},\"inLanguage\":\"en-GB\",\"potentialAction\":[{\"@type\":\"ReadAction\",\"target\":[\"https:\\\/\\\/myperfectdog.lv\\\/products\\\/nina-ottosson-sunu-baribas-puzle-multipuzzle\\\/\"]}]},{\"@type\":\"ImageObject\",\"inLanguage\":\"en-GB\",\"@id\":\"https:\\\/\\\/myperfectdog.lv\\\/products\\\/nina-ottosson-sunu-baribas-puzle-multipuzzle\\\/#primaryimage\",\"url\":\"https:\\\/\\\/myperfectdog.lv\\\/wp-content\\\/uploads\\\/2023\\\/08\\\/69663_OutwardHound_NinaOttosson_MultiPuzzle_Main-17de5ca10951e273a2687ef25ddafae8.jpg\",\"contentUrl\":\"https:\\\/\\\/myperfectdog.lv\\\/wp-content\\\/uploads\\\/2023\\\/08\\\/69663_OutwardHound_NinaOttosson_MultiPuzzle_Main-17de5ca10951e273a2687ef25ddafae8.jpg\",\"width\":900,\"height\":900},{\"@type\":\"BreadcrumbList\",\"@id\":\"https:\\\/\\\/myperfectdog.lv\\\/products\\\/nina-ottosson-sunu-baribas-puzle-multipuzzle\\\/#breadcrumb\",\"itemListElement\":[{\"@type\":\"ListItem\",\"position\":1,\"name\":\"Home\",\"item\":\"https:\\\/\\\/myperfectdog.lv\\\/\"},{\"@type\":\"ListItem\",\"position\":2,\"name\":\"Internetveikals\",\"item\":\"https:\\\/\\\/myperfectdog.lv\\\/internetveikals\\\/\"},{\"@type\":\"ListItem\",\"position\":3,\"name\":\"Nina Ottosson interakt\u012bv\u0101 su\u0146u bar\u012bbas puzle MULTIPUZZLE\"}]},{\"@type\":\"WebSite\",\"@id\":\"https:\\\/\\\/myperfectdog.lv\\\/#website\",\"url\":\"https:\\\/\\\/myperfectdog.lv\\\/\",\"name\":\"MyPerfectDog.lv\",\"description\":\"Su\u0146u un saimnieku skola\",\"publisher\":{\"@id\":\"https:\\\/\\\/myperfectdog.lv\\\/#organization\"},\"potentialAction\":[{\"@type\":\"SearchAction\",\"target\":{\"@type\":\"EntryPoint\",\"urlTemplate\":\"https:\\\/\\\/myperfectdog.lv\\\/?s={search_term_string}\"},\"query-input\":{\"@type\":\"PropertyValueSpecification\",\"valueRequired\":true,\"valueName\":\"search_term_string\"}}],\"inLanguage\":\"en-GB\"},{\"@type\":\"Organization\",\"@id\":\"https:\\\/\\\/myperfectdog.lv\\\/#organization\",\"name\":\"Su\u0146u & saimnieku skola \\\"My Perfect Dog\\\"\",\"url\":\"https:\\\/\\\/myperfectdog.lv\\\/\",\"logo\":{\"@type\":\"ImageObject\",\"inLanguage\":\"en-GB\",\"@id\":\"https:\\\/\\\/myperfectdog.lv\\\/#\\\/schema\\\/logo\\\/image\\\/\",\"url\":\"https:\\\/\\\/myperfectdog.lv\\\/wp-content\\\/uploads\\\/2020\\\/10\\\/MyPerfectDog-New-logo_peach_plakans.png\",\"contentUrl\":\"https:\\\/\\\/myperfectdog.lv\\\/wp-content\\\/uploads\\\/2020\\\/10\\\/MyPerfectDog-New-logo_peach_plakans.png\",\"width\":1200,\"height\":636,\"caption\":\"Su\u0146u & saimnieku skola \\\"My Perfect Dog\\\"\"},\"image\":{\"@id\":\"https:\\\/\\\/myperfectdog.lv\\\/#\\\/schema\\\/logo\\\/image\\\/\"}}]}<\/script>\n<!-- \/ Yoast SEO plugin. -->","yoast_head_json":{"title":"Nina Ottosson interakt\u012bv\u0101 su\u0146u bar\u012bbas puzle MULTIPUZZLE | MyPerfectDog.lv","robots":{"index":"index","follow":"follow","max-snippet":"max-snippet:-1","max-image-preview":"max-image-preview:large","max-video-preview":"max-video-preview:-1"},"canonical":"https:\/\/myperfectdog.lv\/en\/product\/nina-ottosson-sunu-baribas-puzle-multipuzzle\/","og_locale":"en_GB","og_type":"article","og_title":"Nina Ottosson interakt\u012bv\u0101 su\u0146u bar\u012bbas puzle MULTIPUZZLE | MyPerfectDog.lv","og_description":"Nina Ottosson\u00a0no Outward Hound su\u0146u bar\u012bbas puzle\u00a0MultiPuzzle\u00a0ir 4. l\u012bme\u0146a interakt\u012bva rota\u013clieta, kas izklaid\u0113s j\u016bsu suni stund\u0101m ilgi, liekot mekl\u0113t pasl\u0113ptos gardumus, izmantojot savas dabisk\u0101s med\u012bbu prasmes! B\u012bdot puzles deta\u013cas, pasl\u0113piet j\u016bsu m\u012blu\u013ca iecien\u012bt\u0101kos k\u0101rumu vai saus\u0101s bar\u012bbas graudi\u0146us nodal\u012bjumos puzles mal\u0101s un centr\u0101, un lai s\u0101kas sp\u0113le! \u0160\u012b puzle ir ide\u0101li piem\u0113rota su\u0146iem, kuri ir apguvu\u0161i Nina Ottosson 1.-3. l\u012bme\u0146u sp\u0113les. Izgatavota no iztur\u012bgas plastmasas un p\u0101rtikai dro\u0161iem materi\u0101liem, kas nesatur BPA, PVC un ftal\u0101tus. P\u0113c lieto\u0161anas mazg\u0101t ar rok\u0101m ar ziep\u0113m un \u016bdeni.  Gr\u016bt\u012bbas l\u012bmenis: Nr. 4","og_url":"https:\/\/myperfectdog.lv\/en\/product\/nina-ottosson-sunu-baribas-puzle-multipuzzle\/","og_site_name":"MyPerfectDog.lv","article_modified_time":"2026-04-23T12:55:32+00:00","og_image":[{"width":900,"height":900,"url":"https:\/\/myperfectdog.lv\/wp-content\/uploads\/2023\/08\/69663_OutwardHound_NinaOttosson_MultiPuzzle_Main-17de5ca10951e273a2687ef25ddafae8.jpg","type":"image\/jpeg"}],"twitter_card":"summary_large_image","twitter_misc":{"Estimated reading time":"3 minutes"},"schema":{"@context":"https:\/\/schema.org","@graph":[{"@type":"WebPage","@id":"https:\/\/myperfectdog.lv\/products\/nina-ottosson-sunu-baribas-puzle-multipuzzle\/","url":"https:\/\/myperfectdog.lv\/products\/nina-ottosson-sunu-baribas-puzle-multipuzzle\/","name":"Nina Ottosson interakt\u012bv\u0101 su\u0146u bar\u012bbas puzle MULTIPUZZLE | MyPerfectDog.lv","isPartOf":{"@id":"https:\/\/myperfectdog.lv\/#website"},"primaryImageOfPage":{"@id":"https:\/\/myperfectdog.lv\/products\/nina-ottosson-sunu-baribas-puzle-multipuzzle\/#primaryimage"},"image":{"@id":"https:\/\/myperfectdog.lv\/products\/nina-ottosson-sunu-baribas-puzle-multipuzzle\/#primaryimage"},"thumbnailUrl":"https:\/\/myperfectdog.lv\/wp-content\/uploads\/2023\/08\/69663_OutwardHound_NinaOttosson_MultiPuzzle_Main-17de5ca10951e273a2687ef25ddafae8.jpg","datePublished":"2023-08-08T08:18:07+00:00","dateModified":"2026-04-23T12:55:32+00:00","breadcrumb":{"@id":"https:\/\/myperfectdog.lv\/products\/nina-ottosson-sunu-baribas-puzle-multipuzzle\/#breadcrumb"},"inLanguage":"en-GB","potentialAction":[{"@type":"ReadAction","target":["https:\/\/myperfectdog.lv\/products\/nina-ottosson-sunu-baribas-puzle-multipuzzle\/"]}]},{"@type":"ImageObject","inLanguage":"en-GB","@id":"https:\/\/myperfectdog.lv\/products\/nina-ottosson-sunu-baribas-puzle-multipuzzle\/#primaryimage","url":"https:\/\/myperfectdog.lv\/wp-content\/uploads\/2023\/08\/69663_OutwardHound_NinaOttosson_MultiPuzzle_Main-17de5ca10951e273a2687ef25ddafae8.jpg","contentUrl":"https:\/\/myperfectdog.lv\/wp-content\/uploads\/2023\/08\/69663_OutwardHound_NinaOttosson_MultiPuzzle_Main-17de5ca10951e273a2687ef25ddafae8.jpg","width":900,"height":900},{"@type":"BreadcrumbList","@id":"https:\/\/myperfectdog.lv\/products\/nina-ottosson-sunu-baribas-puzle-multipuzzle\/#breadcrumb","itemListElement":[{"@type":"ListItem","position":1,"name":"Home","item":"https:\/\/myperfectdog.lv\/"},{"@type":"ListItem","position":2,"name":"Internetveikals","item":"https:\/\/myperfectdog.lv\/internetveikals\/"},{"@type":"ListItem","position":3,"name":"Nina Ottosson interakt\u012bv\u0101 su\u0146u bar\u012bbas puzle MULTIPUZZLE"}]},{"@type":"WebSite","@id":"https:\/\/myperfectdog.lv\/#website","url":"https:\/\/myperfectdog.lv\/","name":"MyPerfectDog.lv","description":"Su\u0146u un saimnieku skola","publisher":{"@id":"https:\/\/myperfectdog.lv\/#organization"},"potentialAction":[{"@type":"SearchAction","target":{"@type":"EntryPoint","urlTemplate":"https:\/\/myperfectdog.lv\/?s={search_term_string}"},"query-input":{"@type":"PropertyValueSpecification","valueRequired":true,"valueName":"search_term_string"}}],"inLanguage":"en-GB"},{"@type":"Organization","@id":"https:\/\/myperfectdog.lv\/#organization","name":"Su\u0146u & saimnieku skola \"My Perfect Dog\"","url":"https:\/\/myperfectdog.lv\/","logo":{"@type":"ImageObject","inLanguage":"en-GB","@id":"https:\/\/myperfectdog.lv\/#\/schema\/logo\/image\/","url":"https:\/\/myperfectdog.lv\/wp-content\/uploads\/2020\/10\/MyPerfectDog-New-logo_peach_plakans.png","contentUrl":"https:\/\/myperfectdog.lv\/wp-content\/uploads\/2020\/10\/MyPerfectDog-New-logo_peach_plakans.png","width":1200,"height":636,"caption":"Su\u0146u & saimnieku skola \"My Perfect Dog\""},"image":{"@id":"https:\/\/myperfectdog.lv\/#\/schema\/logo\/image\/"}}]}},"jetpack_sharing_enabled":true,"_links":{"self":[{"href":"https:\/\/myperfectdog.lv\/en\/wp-json\/wp\/v2\/product\/7362","targetHints":{"allow":["GET"]}}],"collection":[{"href":"https:\/\/myperfectdog.lv\/en\/wp-json\/wp\/v2\/product"}],"about":[{"href":"https:\/\/myperfectdog.lv\/en\/wp-json\/wp\/v2\/types\/product"}],"replies":[{"embeddable":true,"href":"https:\/\/myperfectdog.lv\/en\/wp-json\/wp\/v2\/comments?post=7362"}],"wp:featuredmedia":[{"embeddable":true,"href":"https:\/\/myperfectdog.lv\/en\/wp-json\/wp\/v2\/media\/7363"}],"wp:attachment":[{"href":"https:\/\/myperfectdog.lv\/en\/wp-json\/wp\/v2\/media?parent=7362"}],"wp:term":[{"taxonomy":"product_brand","embeddable":true,"href":"https:\/\/myperfectdog.lv\/en\/wp-json\/wp\/v2\/product_brand?post=7362"},{"taxonomy":"product_cat","embeddable":true,"href":"https:\/\/myperfectdog.lv\/en\/wp-json\/wp\/v2\/product_cat?post=7362"},{"taxonomy":"product_tag","embeddable":true,"href":"https:\/\/myperfectdog.lv\/en\/wp-json\/wp\/v2\/product_tag?post=7362"}],"curies":[{"name":"wp","href":"https:\/\/api.w.org\/{rel}","templated":true}]}}