{"id":7368,"date":"2023-08-08T10:23:44","date_gmt":"2023-08-08T08:23:44","guid":{"rendered":"https:\/\/myperfectdog.lv\/?post_type=product&#038;p=7368"},"modified":"2025-10-03T20:17:09","modified_gmt":"2025-10-03T18:17:09","slug":"nina-ottosson-sunu-baribas-puzle-dog-casino","status":"publish","type":"product","link":"https:\/\/myperfectdog.lv\/en\/product\/nina-ottosson-sunu-baribas-puzle-dog-casino\/","title":{"rendered":"Nina Ottosson interakt\u012bv\u0101 su\u0146u bar\u012bbas puzle Dog Casino"},"content":{"rendered":"<p>Nina Ottosson interakt\u012bv\u0101 su\u0146u bar\u012bbas puzle Dog Casino no Outward Hound ir 3. l\u012bme\u0146a sp\u0113le, kas ir ide\u0101li piem\u0113rota garlaikotiem su\u0146iem! \u0160ai interakt\u012bvai su\u0146u puzlei ir se\u0161as atvilktnes su\u0146u gardumiem, kur\u0101m var piek\u013c\u016bt, pagrie\u017eot kaulu sl\u0113dzenes. Ievietojiet gardumus atvilktn\u0113s, ieb\u012bdiet t\u0101s un, lai n\u0101kamaj\u0101 sol\u012b uzdevumu padar\u012btu gr\u016bt\u0101ku &#8211; pagrieziet kaulus. J\u016bsu sunim patiks darboties ar \u0137epu, ost\u012bt un biks\u012bt, lai atkl\u0101tu apsl\u0113pt\u0101s gar\u0161\u012bg\u0101s balvas! Dog Casino puzle ir izgatavota no dro\u0161a un iztur\u012bga materi\u0101la, kas nesatur BPA, PVC un ftal\u0101tus. P\u0113c lieto\u0161anas to ir viegli t\u012br\u012bt ar siltu \u016bdeni un ziep\u0113m.<\/p>\n<p>GARLAIC\u012aBAS GR\u0100V\u0112JS: Dog Casino ir 3. l\u012bme\u0146a, paaugstin\u0101tas gr\u016bt\u012bbas atjaut\u012bbas sp\u0113le, kas p\u0101rbaud\u012bs j\u016bsu su\u0146a sp\u0113ju apg\u016bt sec\u012bgus so\u013cus un kombin\u0101cijas, lai mekl\u0113tu un atrastu apsl\u0113ptos gardumus, vienlaikus uzturot su\u0146us ment\u0101li akt\u012bvus. Lieliski piem\u0113rota destrukt\u012bvas vai negat\u012bvas uzved\u012bbas novirz\u012b\u0161anai jautr\u0101 un aizraujo\u0161\u0101 veid\u0101!<br \/>\nLAI PASL\u0112PTU K\u0100RUMUS &#8211; PAGRIEZIET, VELCIET UN BLO\u0136\u0112JIET: Vienk\u0101r\u0161i izvelciet oran\u017e\u0101s atvilktnes, piepildiet t\u0101s ar gardumiem un ieb\u012bdiet atpaka\u013c. Lai padar\u012btu gr\u016bt\u0101ku, noblo\u0137\u0113jiet atvilktni, pagrie\u017eot kaulu, vai atst\u0101jiet to viet\u0101, lai pieradin\u0101tu suni pie sp\u0113les.<br \/>\nBEZ NO\u0145EMAM\u0100M DETA\u013b\u0100M UN VIEGLI T\u012aR\u0100MA: Neatdal\u0101mas deta\u013cas, lai nov\u0113rstu su\u0146a aizr\u012b\u0161anos sp\u0113les laik\u0101. Iztur\u012bg\u0101 konstrukcija pal\u012bdz ar\u012b saglab\u0101t \u0161o su\u0146u rota\u013clietu neskartu, lai t\u0101 k\u013c\u016btu par j\u016bsu su\u0146a jauno m\u012b\u013c\u0101ko puzli!<br \/>\nNESATUR BPA, PVC UN FTAL\u0100TU:<br \/>\nDom\u0101jot par j\u016bsu m\u012blu\u013ca vesel\u012bbu, Nina Ottosson interakt\u012bv\u0101s bar\u012bbas puzles no Outward Hound ir izgatavotas no p\u0101rtikai dro\u0161iem, uzticamiem materi\u0101liem. Starp lieto\u0161anas reiz\u0113m to ir viegli t\u012br\u012bt ar siltu \u016bdeni un ziep\u0113m.<br \/>\nSP\u0112L\u0112JIETIES DRO\u0160I: Neviena rota\u013clieta nav neizn\u012bcin\u0101ma. Neatst\u0101jiet rota\u013clietas ar m\u0101jdz\u012bvniekiem bez uzraudz\u012bbas. No\u0146emiet un nomainiet rota\u013clietu, ja t\u0101 ir boj\u0101ta.<\/p>\n<p><img loading=\"lazy\" decoding=\"async\" class=\"\" src=\"https:\/\/site-984271.mozfiles.com\/files\/984271\/2020_NinaOttoson_Logo-1.jpg?1668682873\" width=\"214\" height=\"115\" \/><\/p>\n<p>Uzzini vair\u0101k par Nina Ottosson bar\u012bbas puzli DOG CASINO:<br \/>\nGr\u016bt\u012bbas l\u012bmenis: Nr. 3<br \/>\nLieto\u0161ana: Sp\u0113lei izmantojiet sauso bar\u012bbu vai k\u0101rumus.<\/p>\n<p>Kauli\u0146us pagrie\u017e, lai atblo\u0137\u0113tu atvilktnes. Izvelciet atvilktnes un ievietojiet gardumus vai bar\u012bbu.<br \/>\nAiztaisiet atvilktnes. S\u0101ciet viegli \u2013 nenoblo\u0137\u0113jiet atvilktnes ar kauli\u0146iem. Lai padar\u012btu gr\u016bt\u0101ku \u2013 pagrieziet un noblo\u0137\u0113jiet kauli\u0146us.<br \/>\nLai sp\u0113le s\u0101kas! Par\u0101diet sunim k\u0101 darbojas sp\u0113le.<br \/>\nSP\u0112LEJIET P\u0112C NOTEIKUMIEM &#8211; DRO\u0160\u012aBA UN KOP\u0160ANA:<br \/>\nieg\u0101d\u0101joties rota\u013clietas, izv\u0113lieties j\u016bsu sunim piem\u0113rota izm\u0113ra\/stila\/gr\u016bt\u012bbas rota\u013clietu.<br \/>\nVIENM\u0112R uzraugiet savu suni, iem\u0101ciet sunim k\u0101 darbojas sp\u0113le\/rota\u013clieta. Neatst\u0101jiet suni vienatn\u0113 ar bar\u012bbas puzli\/sp\u0113li. Ne\u013caujiet sunim ko\u0161\u013c\u0101t to vai t\u0101s deta\u013cas. P\u0101rbaudiet, vai puzle nav boj\u0101ta, no\u0146emiet, ja t\u0101 ir sapl\u012bsusi, jo var izrais\u012bt nopietnu traumu. Paredz\u0113ta tikai su\u0146iem. \u0160\u012b nav b\u0113rnu rota\u013clieta. Kad iztuk\u0161ota, uzglab\u0101jiet l\u012bdz n\u0101kamai lieto\u0161anai.<\/p>\n<p>T\u012br\u012b\u0161ana: nomazg\u0101jiet ar siltu \u016bdeni un maig\u0101m ziep\u0113m, r\u016bp\u012bgi noskalojiet. No\u017e\u0101v\u0113t gais\u0101.<br \/>\nIetilpst ~ 113 g bar\u012bbas.<br \/>\nMateri\u0101ls: plastmasa<br \/>\nIzm\u0113ri: 5 x 36 x 36 cm.<br \/>\nRa\u017eots \u0136\u012bn\u0101.<\/p>\n<p><iframe loading=\"lazy\" title=\"YouTube video player\" src=\"https:\/\/www.youtube.com\/embed\/FLn_bgVdsXQ\" width=\"560\" height=\"315\" frameborder=\"0\" allowfullscreen=\"allowfullscreen\"><\/iframe>.<\/p>\n<p><iframe loading=\"lazy\" title=\"YouTube video player\" src=\"https:\/\/www.youtube.com\/embed\/iPXIpqz2Y9w\" width=\"560\" height=\"315\" frameborder=\"0\" allowfullscreen=\"allowfullscreen\"><\/iframe><\/p>","protected":false},"excerpt":{"rendered":"<p>Nina Ottosson interakt\u012bv\u0101 su\u0146u bar\u012bbas puzle Dog Casino no Outward Hound ir 3. l\u012bme\u0146a sp\u0113le, kas ir ide\u0101li piem\u0113rota garlaikotiem su\u0146iem! \u0160ai interakt\u012bvai su\u0146u puzlei ir se\u0161as atvilktnes su\u0146u gardumiem, kur\u0101m var piek\u013c\u016bt, pagrie\u017eot kaulu sl\u0113dzenes. Ievietojiet gardumus atvilktn\u0113s, ieb\u012bdiet t\u0101s un, lai n\u0101kamaj\u0101 sol\u012b uzdevumu padar\u012btu gr\u016bt\u0101ku &#8211; pagrieziet kaulus. J\u016bsu sunim patiks darboties ar \u0137epu, ost\u012bt un biks\u012bt, lai atkl\u0101tu apsl\u0113pt\u0101s gar\u0161\u012bg\u0101s balvas! Dog Casino puzle ir izgatavota no dro\u0161a un iztur\u012bga materi\u0101la, kas nesatur BPA, PVC un ftal\u0101tus. P\u0113c lieto\u0161anas to ir viegli t\u012br\u012bt ar siltu \u016bdeni un ziep\u0113m.<\/p>\n<p><b>Gr\u016bt\u012bbas l\u012bmenis: Nr. 3<\/b><\/p>\n<p>&nbsp;<\/p>","protected":false},"featured_media":7369,"comment_status":"closed","ping_status":"closed","template":"","meta":[],"product_brand":[],"product_cat":[41],"product_tag":[],"class_list":{"0":"post-7368","1":"product","2":"type-product","3":"status-publish","4":"has-post-thumbnail","6":"product_cat-speles-suniem","8":"first","9":"instock","10":"taxable","11":"shipping-taxable","12":"purchasable","13":"product-type-simple"},"yoast_head":"<!-- This site is optimized with the Yoast SEO plugin v27.6 - https:\/\/yoast.com\/product\/yoast-seo-wordpress\/ -->\n<title>Nina Ottosson interakt\u012bv\u0101 su\u0146u bar\u012bbas puzle Dog Casino | MyPerfectDog.lv<\/title>\n<meta name=\"robots\" content=\"index, follow, max-snippet:-1, max-image-preview:large, max-video-preview:-1\" \/>\n<link rel=\"canonical\" href=\"https:\/\/myperfectdog.lv\/en\/product\/nina-ottosson-sunu-baribas-puzle-dog-casino\/\" \/>\n<meta property=\"og:locale\" content=\"en_GB\" \/>\n<meta property=\"og:type\" content=\"article\" \/>\n<meta property=\"og:title\" content=\"Nina Ottosson interakt\u012bv\u0101 su\u0146u bar\u012bbas puzle Dog Casino | MyPerfectDog.lv\" \/>\n<meta property=\"og:description\" content=\"Nina Ottosson interakt\u012bv\u0101 su\u0146u bar\u012bbas puzle Dog Casino no Outward Hound ir 3. l\u012bme\u0146a sp\u0113le, kas ir ide\u0101li piem\u0113rota garlaikotiem su\u0146iem! \u0160ai interakt\u012bvai su\u0146u puzlei ir se\u0161as atvilktnes su\u0146u gardumiem, kur\u0101m var piek\u013c\u016bt, pagrie\u017eot kaulu sl\u0113dzenes. Ievietojiet gardumus atvilktn\u0113s, ieb\u012bdiet t\u0101s un, lai n\u0101kamaj\u0101 sol\u012b uzdevumu padar\u012btu gr\u016bt\u0101ku - pagrieziet kaulus. J\u016bsu sunim patiks darboties ar \u0137epu, ost\u012bt un biks\u012bt, lai atkl\u0101tu apsl\u0113pt\u0101s gar\u0161\u012bg\u0101s balvas! Dog Casino puzle ir izgatavota no dro\u0161a un iztur\u012bga materi\u0101la, kas nesatur BPA, PVC un ftal\u0101tus. P\u0113c lieto\u0161anas to ir viegli t\u012br\u012bt ar siltu \u016bdeni un ziep\u0113m.  Gr\u016bt\u012bbas l\u012bmenis: Nr. 3  &nbsp;\" \/>\n<meta property=\"og:url\" content=\"https:\/\/myperfectdog.lv\/en\/product\/nina-ottosson-sunu-baribas-puzle-dog-casino\/\" \/>\n<meta property=\"og:site_name\" content=\"MyPerfectDog.lv\" \/>\n<meta property=\"article:modified_time\" content=\"2025-10-03T18:17:09+00:00\" \/>\n<meta property=\"og:image\" content=\"https:\/\/myperfectdog.lv\/wp-content\/uploads\/2023\/08\/67334_OutwardHound_NinaOttosson_DogCasino_Main-8a432a9e2e498be4e31c708e373df5e3.jpg\" \/>\n\t<meta property=\"og:image:width\" content=\"900\" \/>\n\t<meta property=\"og:image:height\" content=\"900\" \/>\n\t<meta property=\"og:image:type\" content=\"image\/jpeg\" \/>\n<meta name=\"twitter:card\" content=\"summary_large_image\" \/>\n<meta name=\"twitter:label1\" content=\"Estimated reading time\" \/>\n\t<meta name=\"twitter:data1\" content=\"3 minutes\" \/>\n<script type=\"application\/ld+json\" class=\"yoast-schema-graph\">{\"@context\":\"https:\\\/\\\/schema.org\",\"@graph\":[{\"@type\":\"WebPage\",\"@id\":\"https:\\\/\\\/myperfectdog.lv\\\/products\\\/nina-ottosson-sunu-baribas-puzle-dog-casino\\\/\",\"url\":\"https:\\\/\\\/myperfectdog.lv\\\/products\\\/nina-ottosson-sunu-baribas-puzle-dog-casino\\\/\",\"name\":\"Nina Ottosson interakt\u012bv\u0101 su\u0146u bar\u012bbas puzle Dog Casino | MyPerfectDog.lv\",\"isPartOf\":{\"@id\":\"https:\\\/\\\/myperfectdog.lv\\\/#website\"},\"primaryImageOfPage\":{\"@id\":\"https:\\\/\\\/myperfectdog.lv\\\/products\\\/nina-ottosson-sunu-baribas-puzle-dog-casino\\\/#primaryimage\"},\"image\":{\"@id\":\"https:\\\/\\\/myperfectdog.lv\\\/products\\\/nina-ottosson-sunu-baribas-puzle-dog-casino\\\/#primaryimage\"},\"thumbnailUrl\":\"https:\\\/\\\/myperfectdog.lv\\\/wp-content\\\/uploads\\\/2023\\\/08\\\/67334_OutwardHound_NinaOttosson_DogCasino_Main-8a432a9e2e498be4e31c708e373df5e3.jpg\",\"datePublished\":\"2023-08-08T08:23:44+00:00\",\"dateModified\":\"2025-10-03T18:17:09+00:00\",\"breadcrumb\":{\"@id\":\"https:\\\/\\\/myperfectdog.lv\\\/products\\\/nina-ottosson-sunu-baribas-puzle-dog-casino\\\/#breadcrumb\"},\"inLanguage\":\"en-GB\",\"potentialAction\":[{\"@type\":\"ReadAction\",\"target\":[\"https:\\\/\\\/myperfectdog.lv\\\/products\\\/nina-ottosson-sunu-baribas-puzle-dog-casino\\\/\"]}]},{\"@type\":\"ImageObject\",\"inLanguage\":\"en-GB\",\"@id\":\"https:\\\/\\\/myperfectdog.lv\\\/products\\\/nina-ottosson-sunu-baribas-puzle-dog-casino\\\/#primaryimage\",\"url\":\"https:\\\/\\\/myperfectdog.lv\\\/wp-content\\\/uploads\\\/2023\\\/08\\\/67334_OutwardHound_NinaOttosson_DogCasino_Main-8a432a9e2e498be4e31c708e373df5e3.jpg\",\"contentUrl\":\"https:\\\/\\\/myperfectdog.lv\\\/wp-content\\\/uploads\\\/2023\\\/08\\\/67334_OutwardHound_NinaOttosson_DogCasino_Main-8a432a9e2e498be4e31c708e373df5e3.jpg\",\"width\":900,\"height\":900},{\"@type\":\"BreadcrumbList\",\"@id\":\"https:\\\/\\\/myperfectdog.lv\\\/products\\\/nina-ottosson-sunu-baribas-puzle-dog-casino\\\/#breadcrumb\",\"itemListElement\":[{\"@type\":\"ListItem\",\"position\":1,\"name\":\"Home\",\"item\":\"https:\\\/\\\/myperfectdog.lv\\\/\"},{\"@type\":\"ListItem\",\"position\":2,\"name\":\"Internetveikals\",\"item\":\"https:\\\/\\\/myperfectdog.lv\\\/internetveikals\\\/\"},{\"@type\":\"ListItem\",\"position\":3,\"name\":\"Nina Ottosson interakt\u012bv\u0101 su\u0146u bar\u012bbas puzle Dog Casino\"}]},{\"@type\":\"WebSite\",\"@id\":\"https:\\\/\\\/myperfectdog.lv\\\/#website\",\"url\":\"https:\\\/\\\/myperfectdog.lv\\\/\",\"name\":\"MyPerfectDog.lv\",\"description\":\"Su\u0146u un saimnieku skola\",\"publisher\":{\"@id\":\"https:\\\/\\\/myperfectdog.lv\\\/#organization\"},\"potentialAction\":[{\"@type\":\"SearchAction\",\"target\":{\"@type\":\"EntryPoint\",\"urlTemplate\":\"https:\\\/\\\/myperfectdog.lv\\\/?s={search_term_string}\"},\"query-input\":{\"@type\":\"PropertyValueSpecification\",\"valueRequired\":true,\"valueName\":\"search_term_string\"}}],\"inLanguage\":\"en-GB\"},{\"@type\":\"Organization\",\"@id\":\"https:\\\/\\\/myperfectdog.lv\\\/#organization\",\"name\":\"Su\u0146u & saimnieku skola \\\"My Perfect Dog\\\"\",\"url\":\"https:\\\/\\\/myperfectdog.lv\\\/\",\"logo\":{\"@type\":\"ImageObject\",\"inLanguage\":\"en-GB\",\"@id\":\"https:\\\/\\\/myperfectdog.lv\\\/#\\\/schema\\\/logo\\\/image\\\/\",\"url\":\"https:\\\/\\\/myperfectdog.lv\\\/wp-content\\\/uploads\\\/2020\\\/10\\\/MyPerfectDog-New-logo_peach_plakans.png\",\"contentUrl\":\"https:\\\/\\\/myperfectdog.lv\\\/wp-content\\\/uploads\\\/2020\\\/10\\\/MyPerfectDog-New-logo_peach_plakans.png\",\"width\":1200,\"height\":636,\"caption\":\"Su\u0146u & saimnieku skola \\\"My Perfect Dog\\\"\"},\"image\":{\"@id\":\"https:\\\/\\\/myperfectdog.lv\\\/#\\\/schema\\\/logo\\\/image\\\/\"}}]}<\/script>\n<!-- \/ Yoast SEO plugin. -->","yoast_head_json":{"title":"Nina Ottosson interakt\u012bv\u0101 su\u0146u bar\u012bbas puzle Dog Casino | MyPerfectDog.lv","robots":{"index":"index","follow":"follow","max-snippet":"max-snippet:-1","max-image-preview":"max-image-preview:large","max-video-preview":"max-video-preview:-1"},"canonical":"https:\/\/myperfectdog.lv\/en\/product\/nina-ottosson-sunu-baribas-puzle-dog-casino\/","og_locale":"en_GB","og_type":"article","og_title":"Nina Ottosson interakt\u012bv\u0101 su\u0146u bar\u012bbas puzle Dog Casino | MyPerfectDog.lv","og_description":"Nina Ottosson interakt\u012bv\u0101 su\u0146u bar\u012bbas puzle Dog Casino no Outward Hound ir 3. l\u012bme\u0146a sp\u0113le, kas ir ide\u0101li piem\u0113rota garlaikotiem su\u0146iem! \u0160ai interakt\u012bvai su\u0146u puzlei ir se\u0161as atvilktnes su\u0146u gardumiem, kur\u0101m var piek\u013c\u016bt, pagrie\u017eot kaulu sl\u0113dzenes. Ievietojiet gardumus atvilktn\u0113s, ieb\u012bdiet t\u0101s un, lai n\u0101kamaj\u0101 sol\u012b uzdevumu padar\u012btu gr\u016bt\u0101ku - pagrieziet kaulus. J\u016bsu sunim patiks darboties ar \u0137epu, ost\u012bt un biks\u012bt, lai atkl\u0101tu apsl\u0113pt\u0101s gar\u0161\u012bg\u0101s balvas! Dog Casino puzle ir izgatavota no dro\u0161a un iztur\u012bga materi\u0101la, kas nesatur BPA, PVC un ftal\u0101tus. P\u0113c lieto\u0161anas to ir viegli t\u012br\u012bt ar siltu \u016bdeni un ziep\u0113m.  Gr\u016bt\u012bbas l\u012bmenis: Nr. 3  &nbsp;","og_url":"https:\/\/myperfectdog.lv\/en\/product\/nina-ottosson-sunu-baribas-puzle-dog-casino\/","og_site_name":"MyPerfectDog.lv","article_modified_time":"2025-10-03T18:17:09+00:00","og_image":[{"width":900,"height":900,"url":"https:\/\/myperfectdog.lv\/wp-content\/uploads\/2023\/08\/67334_OutwardHound_NinaOttosson_DogCasino_Main-8a432a9e2e498be4e31c708e373df5e3.jpg","type":"image\/jpeg"}],"twitter_card":"summary_large_image","twitter_misc":{"Estimated reading time":"3 minutes"},"schema":{"@context":"https:\/\/schema.org","@graph":[{"@type":"WebPage","@id":"https:\/\/myperfectdog.lv\/products\/nina-ottosson-sunu-baribas-puzle-dog-casino\/","url":"https:\/\/myperfectdog.lv\/products\/nina-ottosson-sunu-baribas-puzle-dog-casino\/","name":"Nina Ottosson interakt\u012bv\u0101 su\u0146u bar\u012bbas puzle Dog Casino | MyPerfectDog.lv","isPartOf":{"@id":"https:\/\/myperfectdog.lv\/#website"},"primaryImageOfPage":{"@id":"https:\/\/myperfectdog.lv\/products\/nina-ottosson-sunu-baribas-puzle-dog-casino\/#primaryimage"},"image":{"@id":"https:\/\/myperfectdog.lv\/products\/nina-ottosson-sunu-baribas-puzle-dog-casino\/#primaryimage"},"thumbnailUrl":"https:\/\/myperfectdog.lv\/wp-content\/uploads\/2023\/08\/67334_OutwardHound_NinaOttosson_DogCasino_Main-8a432a9e2e498be4e31c708e373df5e3.jpg","datePublished":"2023-08-08T08:23:44+00:00","dateModified":"2025-10-03T18:17:09+00:00","breadcrumb":{"@id":"https:\/\/myperfectdog.lv\/products\/nina-ottosson-sunu-baribas-puzle-dog-casino\/#breadcrumb"},"inLanguage":"en-GB","potentialAction":[{"@type":"ReadAction","target":["https:\/\/myperfectdog.lv\/products\/nina-ottosson-sunu-baribas-puzle-dog-casino\/"]}]},{"@type":"ImageObject","inLanguage":"en-GB","@id":"https:\/\/myperfectdog.lv\/products\/nina-ottosson-sunu-baribas-puzle-dog-casino\/#primaryimage","url":"https:\/\/myperfectdog.lv\/wp-content\/uploads\/2023\/08\/67334_OutwardHound_NinaOttosson_DogCasino_Main-8a432a9e2e498be4e31c708e373df5e3.jpg","contentUrl":"https:\/\/myperfectdog.lv\/wp-content\/uploads\/2023\/08\/67334_OutwardHound_NinaOttosson_DogCasino_Main-8a432a9e2e498be4e31c708e373df5e3.jpg","width":900,"height":900},{"@type":"BreadcrumbList","@id":"https:\/\/myperfectdog.lv\/products\/nina-ottosson-sunu-baribas-puzle-dog-casino\/#breadcrumb","itemListElement":[{"@type":"ListItem","position":1,"name":"Home","item":"https:\/\/myperfectdog.lv\/"},{"@type":"ListItem","position":2,"name":"Internetveikals","item":"https:\/\/myperfectdog.lv\/internetveikals\/"},{"@type":"ListItem","position":3,"name":"Nina Ottosson interakt\u012bv\u0101 su\u0146u bar\u012bbas puzle Dog Casino"}]},{"@type":"WebSite","@id":"https:\/\/myperfectdog.lv\/#website","url":"https:\/\/myperfectdog.lv\/","name":"MyPerfectDog.lv","description":"Su\u0146u un saimnieku skola","publisher":{"@id":"https:\/\/myperfectdog.lv\/#organization"},"potentialAction":[{"@type":"SearchAction","target":{"@type":"EntryPoint","urlTemplate":"https:\/\/myperfectdog.lv\/?s={search_term_string}"},"query-input":{"@type":"PropertyValueSpecification","valueRequired":true,"valueName":"search_term_string"}}],"inLanguage":"en-GB"},{"@type":"Organization","@id":"https:\/\/myperfectdog.lv\/#organization","name":"Su\u0146u & saimnieku skola \"My Perfect Dog\"","url":"https:\/\/myperfectdog.lv\/","logo":{"@type":"ImageObject","inLanguage":"en-GB","@id":"https:\/\/myperfectdog.lv\/#\/schema\/logo\/image\/","url":"https:\/\/myperfectdog.lv\/wp-content\/uploads\/2020\/10\/MyPerfectDog-New-logo_peach_plakans.png","contentUrl":"https:\/\/myperfectdog.lv\/wp-content\/uploads\/2020\/10\/MyPerfectDog-New-logo_peach_plakans.png","width":1200,"height":636,"caption":"Su\u0146u & saimnieku skola \"My Perfect Dog\""},"image":{"@id":"https:\/\/myperfectdog.lv\/#\/schema\/logo\/image\/"}}]}},"jetpack_sharing_enabled":true,"_links":{"self":[{"href":"https:\/\/myperfectdog.lv\/en\/wp-json\/wp\/v2\/product\/7368","targetHints":{"allow":["GET"]}}],"collection":[{"href":"https:\/\/myperfectdog.lv\/en\/wp-json\/wp\/v2\/product"}],"about":[{"href":"https:\/\/myperfectdog.lv\/en\/wp-json\/wp\/v2\/types\/product"}],"replies":[{"embeddable":true,"href":"https:\/\/myperfectdog.lv\/en\/wp-json\/wp\/v2\/comments?post=7368"}],"wp:featuredmedia":[{"embeddable":true,"href":"https:\/\/myperfectdog.lv\/en\/wp-json\/wp\/v2\/media\/7369"}],"wp:attachment":[{"href":"https:\/\/myperfectdog.lv\/en\/wp-json\/wp\/v2\/media?parent=7368"}],"wp:term":[{"taxonomy":"product_brand","embeddable":true,"href":"https:\/\/myperfectdog.lv\/en\/wp-json\/wp\/v2\/product_brand?post=7368"},{"taxonomy":"product_cat","embeddable":true,"href":"https:\/\/myperfectdog.lv\/en\/wp-json\/wp\/v2\/product_cat?post=7368"},{"taxonomy":"product_tag","embeddable":true,"href":"https:\/\/myperfectdog.lv\/en\/wp-json\/wp\/v2\/product_tag?post=7368"}],"curies":[{"name":"wp","href":"https:\/\/api.w.org\/{rel}","templated":true}]}}