{"id":7375,"date":"2023-08-08T10:31:15","date_gmt":"2023-08-08T08:31:15","guid":{"rendered":"https:\/\/myperfectdog.lv\/?post_type=product&#038;p=7375"},"modified":"2025-10-03T20:16:59","modified_gmt":"2025-10-03T18:16:59","slug":"nina-ottosson-baribas-puzle-challenge-slider","status":"publish","type":"product","link":"https:\/\/myperfectdog.lv\/en\/product\/nina-ottosson-baribas-puzle-challenge-slider\/","title":{"rendered":"Nina Ottosson interakt\u012bv\u0101 bar\u012bbas puzle Challenger Slider"},"content":{"rendered":"<p><span class=\"moze-large\"><b>Nina Ottosson no Outward Hound\u00a0<\/b>izveidot\u0101 interakt\u012bv\u0101 su\u0146u bar\u012bbas puzle\u00a0<b>Challenge Slider<\/b>\u00a0\u00a0ir 3. gr\u016bt\u012bbas l\u012bme\u0146a sp\u0113le su\u0146iem, kuri jau ir apguvu\u0161i 1. un 2. l\u012bmeni. \u0160\u012b su\u0146u rota\u013clieta veicin\u0101s j\u016bsu m\u012blu\u013ca gar\u012bgo labsaj\u016btu, nodarbin\u0101s un notur\u0113s akt\u012bvu, kam\u0113r vi\u0146\u0161 ost\u012bs, b\u012bd\u012bs un aiztiks ar \u0137epu, mekl\u0113jot \u00a0apsl\u0113ptos gardumus! Apak\u0161\u0101 ir izvelkama papl\u0101te ar 24 nodal\u012bjumiem, kuros var ievietot l\u012bdz pat ~ 113 g (1 tase) bar\u012bbas. Ieb\u012bdiet papl\u0101ti atpaka\u013c un novietojiet uz gr\u012bdas m\u012blu\u013ca priek\u0161\u0101. V\u0113rojiet, k\u0101 suns p\u0113ta rota\u013clietu un m\u0113\u0123ina izdom\u0101t t\u0101s darb\u012bbu, vai nedaudz pal\u012bdziet, pab\u012bdot aug\u0161\u0113j\u0101s deta\u013cas un par\u0101dot pasl\u0113ptos gardumus. Izgatavota no p\u0101rtikai dro\u0161iem materi\u0101liem, kas nesatur BPA, PVC un ftal\u0101tus. P\u0113c nodal\u012bjumu iztuk\u0161o\u0161anas t\u0101 ir viegli t\u012br\u0101ma ar maig\u0101m ziep\u0113m un siltu \u016bdeni.<\/span><\/p>\n<ul>\n<li><b>AUGST\u0100KA L\u012aME\u0145A SU\u0145U PUZLE:\u00a0<\/b>Nina Ottosson Challenge Slider ir jautra 3. l\u012bme\u0146a bar\u012bbas puzle su\u0146iem, kuriem \u0101tri k\u013c\u016bst garlaic\u012bgi un kuriem nepiecie\u0161ama aizraujo\u0161a nodarbe. J\u016bsu sunim patiks ost\u012bt un ar \u0137epu atrast gardumus, kad vi\u0146\u0161 atkl\u0101s k\u0101di sec\u012bgi so\u013ci j\u0101veic, lai ieg\u016btu gar\u0161\u012bgo balvu!<\/li>\n<li><b>IZVELCIET, IELIECIET UN SP\u0112L\u0112JIET:<\/b>\u00a0Ievietojiet su\u0146a iecien\u012bt\u0101kos gardumus k\u0101d\u0101 vai visos 24 izvelkam\u0101s papl\u0101tes nodal\u012bjumos un ieb\u012bdiet to atpaka\u013c, lai pasl\u0113ptu gardumus, un mudiniet savu suni tos mekl\u0113t.<\/li>\n<li><b>BEZ NO\u0145EMAM\u0100M DETA\u013b\u0100M UN VIEGLI T\u012aR\u0100MA:<\/b>\u00a0Neatdal\u0101mas deta\u013cas, lai nov\u0113rstu su\u0146a aizr\u012b\u0161anos sp\u0113les laik\u0101. Iztur\u012bg\u0101 konstrukcija pal\u012bdz ar\u012b saglab\u0101t \u0161o su\u0146u rota\u013clietu neskartu, lai j\u016bs to var\u0113tu izmantot atkal un atkal!<\/li>\n<li><b>NESATUR BPA, PVC UN FTAL\u0100TU:\u00a0<\/b>Dom\u0101jot par j\u016bsu m\u012blu\u013ca vesel\u012bbu, Nina Ottosson interakt\u012bv\u0101s bar\u012bbas puzles no Outward Hound ir izgatavotas no p\u0101rtikai dro\u0161iem, uzticamiem materi\u0101liem. Starp lieto\u0161anas reiz\u0113m to ir viegli t\u012br\u012bt ar siltu \u016bdeni un ziep\u0113m.<\/li>\n<li><b>SP\u0112L\u0112JIETIES DRO\u0160I:\u00a0<\/b>Neviena rota\u013clieta nav neizn\u012bcin\u0101ma. Neatst\u0101jiet rota\u013clietas ar m\u0101jdz\u012bvniekiem bez uzraudz\u012bbas. No\u0146emiet un nomainiet rota\u013clietu, ja t\u0101 ir boj\u0101ta.<\/li>\n<\/ul>\n<p><img loading=\"lazy\" decoding=\"async\" class=\"\" src=\"https:\/\/site-984271.mozfiles.com\/files\/984271\/2020_NinaOttoson_Logo-1.jpg?1668682873\" width=\"196\" height=\"105\" \/><\/p>\n<p><b>Uzzini vair\u0101k par Nina Ottosson bar\u012bbas puzli CHALLENGE SLIDER:<\/b><\/p>\n<p><b>Gr\u016bt\u012bbas l\u012bmenis: Nr. 3<\/b><br \/>\n<b>Lieto\u0161ana:<\/b>\u00a0Sp\u0113lei izmantojiet sauso bar\u012bbu vai k\u0101rumus.<\/p>\n<p>&nbsp;<\/p>\n<ol>\n<li>Izvelciet apak\u0161\u0113jo papl\u0101ti un ievietojiet gardumus vai bar\u012bbu nodal\u012bjumos.<\/li>\n<li>Ieb\u012bdiet papl\u0101ti atpaka\u013c un novietojiet sp\u0113li uz gr\u012bdas.<\/li>\n<li>Lai sp\u0113le s\u0101kas! Iedro\u0161iniet suni b\u012bd\u012bt b\u012bd\u0146us uz priek\u0161u un atpaka\u013c, lai dab\u016btu k\u0101rumus.<\/li>\n<\/ol>\n<p>&nbsp;<\/p>\n<p><b>SP\u0112LEJIET P\u0112C NOTEIKUMIEM &#8211; DRO\u0160\u012aBA UN KOP\u0160ANA: <\/b>ieg\u0101d\u0101joties rota\u013clietas, izv\u0113lieties j\u016bsu sunim piem\u0113rota izm\u0113ra\/stila\/gr\u016bt\u012bbas rota\u013clietu. \u00a0VIENM\u0112R uzraugiet savu suni, iem\u0101ciet sunim k\u0101 darbojas sp\u0113le\/rota\u013clieta. Neatst\u0101jiet suni vienatn\u0113 ar bar\u012bbas puzli\/sp\u0113li. Ne\u013caujiet sunim ko\u0161\u013c\u0101t to vai t\u0101s deta\u013cas. P\u0101rbaudiet, vai puzle nav boj\u0101ta, no\u0146emiet, ja t\u0101 ir sapl\u012bsusi, jo var izrais\u012bt nopietnu traumu. Paredz\u0113ta tikai su\u0146iem. \u0160\u012b nav b\u0113rnu rota\u013clieta. Kad iztuk\u0161ota, uzglab\u0101jiet l\u012bdz n\u0101kamai lieto\u0161anai.<br \/>\nT\u012br\u012b\u0161ana:\u00a0nomazg\u0101jiet ar siltu \u016bdeni un maig\u0101m ziep\u0113m, r\u016bp\u012bgi noskalojiet. No\u017e\u0101v\u0113t gais\u0101.\u00a0Ietilpst ~ 113 g bar\u012bbas.<br \/>\nMateri\u0101ls: plastmasa<br \/>\nIzm\u0113ri: 5 x 37 x 37 cm.<br \/>\nRa\u017eots \u0136\u012bn\u0101.<\/p>\n<p><iframe loading=\"lazy\" title=\"YouTube video player\" src=\"https:\/\/www.youtube.com\/embed\/62Mx1zZLbjg\" width=\"560\" height=\"315\" frameborder=\"0\" allowfullscreen=\"allowfullscreen\"><\/iframe><\/p>\n<p><iframe loading=\"lazy\" title=\"YouTube video player\" src=\"https:\/\/www.youtube.com\/embed\/q5Q_uLPkpFc\" width=\"560\" height=\"315\" frameborder=\"0\" allowfullscreen=\"allowfullscreen\"><\/iframe><\/p>","protected":false},"excerpt":{"rendered":"<p><span class=\"moze-large\"><b>Nina Ottosson no Outward Hound\u00a0<\/b>izveidot\u0101 interakt\u012bv\u0101 su\u0146u bar\u012bbas puzle\u00a0<b>Challenge Slider<\/b>\u00a0\u00a0ir 3. gr\u016bt\u012bbas l\u012bme\u0146a sp\u0113le su\u0146iem, kuri jau ir apguvu\u0161i 1. un 2. l\u012bmeni. \u0160\u012b su\u0146u rota\u013clieta veicin\u0101s j\u016bsu m\u012blu\u013ca gar\u012bgo labsaj\u016btu, nodarbin\u0101s un notur\u0113s akt\u012bvu, kam\u0113r vi\u0146\u0161 ost\u012bs, b\u012bd\u012bs un aiztiks ar \u0137epu, mekl\u0113jot \u00a0apsl\u0113ptos gardumus! Apak\u0161\u0101 ir izvelkama papl\u0101te ar 24 nodal\u012bjumiem, kuros var ievietot l\u012bdz pat ~ 113 g (1 tase) bar\u012bbas. Ieb\u012bdiet papl\u0101ti atpaka\u013c un novietojiet uz gr\u012bdas m\u012blu\u013ca priek\u0161\u0101. V\u0113rojiet, k\u0101 suns p\u0113ta rota\u013clietu un m\u0113\u0123ina izdom\u0101t t\u0101s darb\u012bbu, vai nedaudz pal\u012bdziet, pab\u012bdot aug\u0161\u0113j\u0101s deta\u013cas un par\u0101dot pasl\u0113ptos gardumus. Izgatavota no p\u0101rtikai dro\u0161iem materi\u0101liem, kas nesatur BPA, PVC un ftal\u0101tus. P\u0113c nodal\u012bjumu iztuk\u0161o\u0161anas t\u0101 ir viegli t\u012br\u0101ma ar maig\u0101m ziep\u0113m un siltu \u016bdeni.<\/span><\/p>\n<p><b>Gr\u016bt\u012bbas l\u012bmenis: Nr. 3<\/b><\/p>","protected":false},"featured_media":7376,"comment_status":"closed","ping_status":"closed","template":"","meta":[],"product_brand":[],"product_cat":[41],"product_tag":[],"class_list":{"0":"post-7375","1":"product","2":"type-product","3":"status-publish","4":"has-post-thumbnail","6":"product_cat-speles-suniem","8":"first","9":"instock","10":"taxable","11":"shipping-taxable","12":"purchasable","13":"product-type-simple"},"yoast_head":"<!-- This site is optimized with the Yoast SEO plugin v27.6 - https:\/\/yoast.com\/product\/yoast-seo-wordpress\/ -->\n<title>Nina Ottosson interakt\u012bv\u0101 bar\u012bbas puzle Challenger Slider | MyPerfectDog.lv<\/title>\n<meta name=\"robots\" content=\"index, follow, max-snippet:-1, max-image-preview:large, max-video-preview:-1\" \/>\n<link rel=\"canonical\" href=\"https:\/\/myperfectdog.lv\/en\/product\/nina-ottosson-baribas-puzle-challenge-slider\/\" \/>\n<meta property=\"og:locale\" content=\"en_GB\" \/>\n<meta property=\"og:type\" content=\"article\" \/>\n<meta property=\"og:title\" content=\"Nina Ottosson interakt\u012bv\u0101 bar\u012bbas puzle Challenger Slider | MyPerfectDog.lv\" \/>\n<meta property=\"og:description\" content=\"Nina Ottosson no Outward Hound\u00a0izveidot\u0101 interakt\u012bv\u0101 su\u0146u bar\u012bbas puzle\u00a0Challenge Slider\u00a0\u00a0ir 3. gr\u016bt\u012bbas l\u012bme\u0146a sp\u0113le su\u0146iem, kuri jau ir apguvu\u0161i 1. un 2. l\u012bmeni. \u0160\u012b su\u0146u rota\u013clieta veicin\u0101s j\u016bsu m\u012blu\u013ca gar\u012bgo labsaj\u016btu, nodarbin\u0101s un notur\u0113s akt\u012bvu, kam\u0113r vi\u0146\u0161 ost\u012bs, b\u012bd\u012bs un aiztiks ar \u0137epu, mekl\u0113jot \u00a0apsl\u0113ptos gardumus! Apak\u0161\u0101 ir izvelkama papl\u0101te ar 24 nodal\u012bjumiem, kuros var ievietot l\u012bdz pat ~ 113 g (1 tase) bar\u012bbas. Ieb\u012bdiet papl\u0101ti atpaka\u013c un novietojiet uz gr\u012bdas m\u012blu\u013ca priek\u0161\u0101. V\u0113rojiet, k\u0101 suns p\u0113ta rota\u013clietu un m\u0113\u0123ina izdom\u0101t t\u0101s darb\u012bbu, vai nedaudz pal\u012bdziet, pab\u012bdot aug\u0161\u0113j\u0101s deta\u013cas un par\u0101dot pasl\u0113ptos gardumus. Izgatavota no p\u0101rtikai dro\u0161iem materi\u0101liem, kas nesatur BPA, PVC un ftal\u0101tus. P\u0113c nodal\u012bjumu iztuk\u0161o\u0161anas t\u0101 ir viegli t\u012br\u0101ma ar maig\u0101m ziep\u0113m un siltu \u016bdeni.  Gr\u016bt\u012bbas l\u012bmenis: Nr. 3\" \/>\n<meta property=\"og:url\" content=\"https:\/\/myperfectdog.lv\/en\/product\/nina-ottosson-baribas-puzle-challenge-slider\/\" \/>\n<meta property=\"og:site_name\" content=\"MyPerfectDog.lv\" \/>\n<meta property=\"article:modified_time\" content=\"2025-10-03T18:16:59+00:00\" \/>\n<meta property=\"og:image\" content=\"https:\/\/myperfectdog.lv\/wp-content\/uploads\/2023\/08\/69343_OutwardHound_NinaOttosson_ChallengeSlider_Main-6fd85cae378119be3e84a0b985cf14c7.jpg\" \/>\n\t<meta property=\"og:image:width\" content=\"900\" \/>\n\t<meta property=\"og:image:height\" content=\"900\" \/>\n\t<meta property=\"og:image:type\" content=\"image\/jpeg\" \/>\n<meta name=\"twitter:card\" content=\"summary_large_image\" \/>\n<meta name=\"twitter:label1\" content=\"Estimated reading time\" \/>\n\t<meta name=\"twitter:data1\" content=\"3 minutes\" \/>\n<script type=\"application\/ld+json\" class=\"yoast-schema-graph\">{\"@context\":\"https:\\\/\\\/schema.org\",\"@graph\":[{\"@type\":\"WebPage\",\"@id\":\"https:\\\/\\\/myperfectdog.lv\\\/products\\\/nina-ottosson-baribas-puzle-challenge-slider\\\/\",\"url\":\"https:\\\/\\\/myperfectdog.lv\\\/products\\\/nina-ottosson-baribas-puzle-challenge-slider\\\/\",\"name\":\"Nina Ottosson interakt\u012bv\u0101 bar\u012bbas puzle Challenger Slider | MyPerfectDog.lv\",\"isPartOf\":{\"@id\":\"https:\\\/\\\/myperfectdog.lv\\\/#website\"},\"primaryImageOfPage\":{\"@id\":\"https:\\\/\\\/myperfectdog.lv\\\/products\\\/nina-ottosson-baribas-puzle-challenge-slider\\\/#primaryimage\"},\"image\":{\"@id\":\"https:\\\/\\\/myperfectdog.lv\\\/products\\\/nina-ottosson-baribas-puzle-challenge-slider\\\/#primaryimage\"},\"thumbnailUrl\":\"https:\\\/\\\/myperfectdog.lv\\\/wp-content\\\/uploads\\\/2023\\\/08\\\/69343_OutwardHound_NinaOttosson_ChallengeSlider_Main-6fd85cae378119be3e84a0b985cf14c7.jpg\",\"datePublished\":\"2023-08-08T08:31:15+00:00\",\"dateModified\":\"2025-10-03T18:16:59+00:00\",\"breadcrumb\":{\"@id\":\"https:\\\/\\\/myperfectdog.lv\\\/products\\\/nina-ottosson-baribas-puzle-challenge-slider\\\/#breadcrumb\"},\"inLanguage\":\"en-GB\",\"potentialAction\":[{\"@type\":\"ReadAction\",\"target\":[\"https:\\\/\\\/myperfectdog.lv\\\/products\\\/nina-ottosson-baribas-puzle-challenge-slider\\\/\"]}]},{\"@type\":\"ImageObject\",\"inLanguage\":\"en-GB\",\"@id\":\"https:\\\/\\\/myperfectdog.lv\\\/products\\\/nina-ottosson-baribas-puzle-challenge-slider\\\/#primaryimage\",\"url\":\"https:\\\/\\\/myperfectdog.lv\\\/wp-content\\\/uploads\\\/2023\\\/08\\\/69343_OutwardHound_NinaOttosson_ChallengeSlider_Main-6fd85cae378119be3e84a0b985cf14c7.jpg\",\"contentUrl\":\"https:\\\/\\\/myperfectdog.lv\\\/wp-content\\\/uploads\\\/2023\\\/08\\\/69343_OutwardHound_NinaOttosson_ChallengeSlider_Main-6fd85cae378119be3e84a0b985cf14c7.jpg\",\"width\":900,\"height\":900},{\"@type\":\"BreadcrumbList\",\"@id\":\"https:\\\/\\\/myperfectdog.lv\\\/products\\\/nina-ottosson-baribas-puzle-challenge-slider\\\/#breadcrumb\",\"itemListElement\":[{\"@type\":\"ListItem\",\"position\":1,\"name\":\"Home\",\"item\":\"https:\\\/\\\/myperfectdog.lv\\\/\"},{\"@type\":\"ListItem\",\"position\":2,\"name\":\"Internetveikals\",\"item\":\"https:\\\/\\\/myperfectdog.lv\\\/internetveikals\\\/\"},{\"@type\":\"ListItem\",\"position\":3,\"name\":\"Nina Ottosson interakt\u012bv\u0101 bar\u012bbas puzle Challenger Slider\"}]},{\"@type\":\"WebSite\",\"@id\":\"https:\\\/\\\/myperfectdog.lv\\\/#website\",\"url\":\"https:\\\/\\\/myperfectdog.lv\\\/\",\"name\":\"MyPerfectDog.lv\",\"description\":\"Su\u0146u un saimnieku skola\",\"publisher\":{\"@id\":\"https:\\\/\\\/myperfectdog.lv\\\/#organization\"},\"potentialAction\":[{\"@type\":\"SearchAction\",\"target\":{\"@type\":\"EntryPoint\",\"urlTemplate\":\"https:\\\/\\\/myperfectdog.lv\\\/?s={search_term_string}\"},\"query-input\":{\"@type\":\"PropertyValueSpecification\",\"valueRequired\":true,\"valueName\":\"search_term_string\"}}],\"inLanguage\":\"en-GB\"},{\"@type\":\"Organization\",\"@id\":\"https:\\\/\\\/myperfectdog.lv\\\/#organization\",\"name\":\"Su\u0146u & saimnieku skola \\\"My Perfect Dog\\\"\",\"url\":\"https:\\\/\\\/myperfectdog.lv\\\/\",\"logo\":{\"@type\":\"ImageObject\",\"inLanguage\":\"en-GB\",\"@id\":\"https:\\\/\\\/myperfectdog.lv\\\/#\\\/schema\\\/logo\\\/image\\\/\",\"url\":\"https:\\\/\\\/myperfectdog.lv\\\/wp-content\\\/uploads\\\/2020\\\/10\\\/MyPerfectDog-New-logo_peach_plakans.png\",\"contentUrl\":\"https:\\\/\\\/myperfectdog.lv\\\/wp-content\\\/uploads\\\/2020\\\/10\\\/MyPerfectDog-New-logo_peach_plakans.png\",\"width\":1200,\"height\":636,\"caption\":\"Su\u0146u & saimnieku skola \\\"My Perfect Dog\\\"\"},\"image\":{\"@id\":\"https:\\\/\\\/myperfectdog.lv\\\/#\\\/schema\\\/logo\\\/image\\\/\"}}]}<\/script>\n<!-- \/ Yoast SEO plugin. -->","yoast_head_json":{"title":"Nina Ottosson interakt\u012bv\u0101 bar\u012bbas puzle Challenger Slider | MyPerfectDog.lv","robots":{"index":"index","follow":"follow","max-snippet":"max-snippet:-1","max-image-preview":"max-image-preview:large","max-video-preview":"max-video-preview:-1"},"canonical":"https:\/\/myperfectdog.lv\/en\/product\/nina-ottosson-baribas-puzle-challenge-slider\/","og_locale":"en_GB","og_type":"article","og_title":"Nina Ottosson interakt\u012bv\u0101 bar\u012bbas puzle Challenger Slider | MyPerfectDog.lv","og_description":"Nina Ottosson no Outward Hound\u00a0izveidot\u0101 interakt\u012bv\u0101 su\u0146u bar\u012bbas puzle\u00a0Challenge Slider\u00a0\u00a0ir 3. gr\u016bt\u012bbas l\u012bme\u0146a sp\u0113le su\u0146iem, kuri jau ir apguvu\u0161i 1. un 2. l\u012bmeni. \u0160\u012b su\u0146u rota\u013clieta veicin\u0101s j\u016bsu m\u012blu\u013ca gar\u012bgo labsaj\u016btu, nodarbin\u0101s un notur\u0113s akt\u012bvu, kam\u0113r vi\u0146\u0161 ost\u012bs, b\u012bd\u012bs un aiztiks ar \u0137epu, mekl\u0113jot \u00a0apsl\u0113ptos gardumus! Apak\u0161\u0101 ir izvelkama papl\u0101te ar 24 nodal\u012bjumiem, kuros var ievietot l\u012bdz pat ~ 113 g (1 tase) bar\u012bbas. Ieb\u012bdiet papl\u0101ti atpaka\u013c un novietojiet uz gr\u012bdas m\u012blu\u013ca priek\u0161\u0101. V\u0113rojiet, k\u0101 suns p\u0113ta rota\u013clietu un m\u0113\u0123ina izdom\u0101t t\u0101s darb\u012bbu, vai nedaudz pal\u012bdziet, pab\u012bdot aug\u0161\u0113j\u0101s deta\u013cas un par\u0101dot pasl\u0113ptos gardumus. Izgatavota no p\u0101rtikai dro\u0161iem materi\u0101liem, kas nesatur BPA, PVC un ftal\u0101tus. P\u0113c nodal\u012bjumu iztuk\u0161o\u0161anas t\u0101 ir viegli t\u012br\u0101ma ar maig\u0101m ziep\u0113m un siltu \u016bdeni.  Gr\u016bt\u012bbas l\u012bmenis: Nr. 3","og_url":"https:\/\/myperfectdog.lv\/en\/product\/nina-ottosson-baribas-puzle-challenge-slider\/","og_site_name":"MyPerfectDog.lv","article_modified_time":"2025-10-03T18:16:59+00:00","og_image":[{"width":900,"height":900,"url":"https:\/\/myperfectdog.lv\/wp-content\/uploads\/2023\/08\/69343_OutwardHound_NinaOttosson_ChallengeSlider_Main-6fd85cae378119be3e84a0b985cf14c7.jpg","type":"image\/jpeg"}],"twitter_card":"summary_large_image","twitter_misc":{"Estimated reading time":"3 minutes"},"schema":{"@context":"https:\/\/schema.org","@graph":[{"@type":"WebPage","@id":"https:\/\/myperfectdog.lv\/products\/nina-ottosson-baribas-puzle-challenge-slider\/","url":"https:\/\/myperfectdog.lv\/products\/nina-ottosson-baribas-puzle-challenge-slider\/","name":"Nina Ottosson interakt\u012bv\u0101 bar\u012bbas puzle Challenger Slider | MyPerfectDog.lv","isPartOf":{"@id":"https:\/\/myperfectdog.lv\/#website"},"primaryImageOfPage":{"@id":"https:\/\/myperfectdog.lv\/products\/nina-ottosson-baribas-puzle-challenge-slider\/#primaryimage"},"image":{"@id":"https:\/\/myperfectdog.lv\/products\/nina-ottosson-baribas-puzle-challenge-slider\/#primaryimage"},"thumbnailUrl":"https:\/\/myperfectdog.lv\/wp-content\/uploads\/2023\/08\/69343_OutwardHound_NinaOttosson_ChallengeSlider_Main-6fd85cae378119be3e84a0b985cf14c7.jpg","datePublished":"2023-08-08T08:31:15+00:00","dateModified":"2025-10-03T18:16:59+00:00","breadcrumb":{"@id":"https:\/\/myperfectdog.lv\/products\/nina-ottosson-baribas-puzle-challenge-slider\/#breadcrumb"},"inLanguage":"en-GB","potentialAction":[{"@type":"ReadAction","target":["https:\/\/myperfectdog.lv\/products\/nina-ottosson-baribas-puzle-challenge-slider\/"]}]},{"@type":"ImageObject","inLanguage":"en-GB","@id":"https:\/\/myperfectdog.lv\/products\/nina-ottosson-baribas-puzle-challenge-slider\/#primaryimage","url":"https:\/\/myperfectdog.lv\/wp-content\/uploads\/2023\/08\/69343_OutwardHound_NinaOttosson_ChallengeSlider_Main-6fd85cae378119be3e84a0b985cf14c7.jpg","contentUrl":"https:\/\/myperfectdog.lv\/wp-content\/uploads\/2023\/08\/69343_OutwardHound_NinaOttosson_ChallengeSlider_Main-6fd85cae378119be3e84a0b985cf14c7.jpg","width":900,"height":900},{"@type":"BreadcrumbList","@id":"https:\/\/myperfectdog.lv\/products\/nina-ottosson-baribas-puzle-challenge-slider\/#breadcrumb","itemListElement":[{"@type":"ListItem","position":1,"name":"Home","item":"https:\/\/myperfectdog.lv\/"},{"@type":"ListItem","position":2,"name":"Internetveikals","item":"https:\/\/myperfectdog.lv\/internetveikals\/"},{"@type":"ListItem","position":3,"name":"Nina Ottosson interakt\u012bv\u0101 bar\u012bbas puzle Challenger Slider"}]},{"@type":"WebSite","@id":"https:\/\/myperfectdog.lv\/#website","url":"https:\/\/myperfectdog.lv\/","name":"MyPerfectDog.lv","description":"Su\u0146u un saimnieku skola","publisher":{"@id":"https:\/\/myperfectdog.lv\/#organization"},"potentialAction":[{"@type":"SearchAction","target":{"@type":"EntryPoint","urlTemplate":"https:\/\/myperfectdog.lv\/?s={search_term_string}"},"query-input":{"@type":"PropertyValueSpecification","valueRequired":true,"valueName":"search_term_string"}}],"inLanguage":"en-GB"},{"@type":"Organization","@id":"https:\/\/myperfectdog.lv\/#organization","name":"Su\u0146u & saimnieku skola \"My Perfect Dog\"","url":"https:\/\/myperfectdog.lv\/","logo":{"@type":"ImageObject","inLanguage":"en-GB","@id":"https:\/\/myperfectdog.lv\/#\/schema\/logo\/image\/","url":"https:\/\/myperfectdog.lv\/wp-content\/uploads\/2020\/10\/MyPerfectDog-New-logo_peach_plakans.png","contentUrl":"https:\/\/myperfectdog.lv\/wp-content\/uploads\/2020\/10\/MyPerfectDog-New-logo_peach_plakans.png","width":1200,"height":636,"caption":"Su\u0146u & saimnieku skola \"My Perfect Dog\""},"image":{"@id":"https:\/\/myperfectdog.lv\/#\/schema\/logo\/image\/"}}]}},"jetpack_sharing_enabled":true,"_links":{"self":[{"href":"https:\/\/myperfectdog.lv\/en\/wp-json\/wp\/v2\/product\/7375","targetHints":{"allow":["GET"]}}],"collection":[{"href":"https:\/\/myperfectdog.lv\/en\/wp-json\/wp\/v2\/product"}],"about":[{"href":"https:\/\/myperfectdog.lv\/en\/wp-json\/wp\/v2\/types\/product"}],"replies":[{"embeddable":true,"href":"https:\/\/myperfectdog.lv\/en\/wp-json\/wp\/v2\/comments?post=7375"}],"wp:featuredmedia":[{"embeddable":true,"href":"https:\/\/myperfectdog.lv\/en\/wp-json\/wp\/v2\/media\/7376"}],"wp:attachment":[{"href":"https:\/\/myperfectdog.lv\/en\/wp-json\/wp\/v2\/media?parent=7375"}],"wp:term":[{"taxonomy":"product_brand","embeddable":true,"href":"https:\/\/myperfectdog.lv\/en\/wp-json\/wp\/v2\/product_brand?post=7375"},{"taxonomy":"product_cat","embeddable":true,"href":"https:\/\/myperfectdog.lv\/en\/wp-json\/wp\/v2\/product_cat?post=7375"},{"taxonomy":"product_tag","embeddable":true,"href":"https:\/\/myperfectdog.lv\/en\/wp-json\/wp\/v2\/product_tag?post=7375"}],"curies":[{"name":"wp","href":"https:\/\/api.w.org\/{rel}","templated":true}]}}