{"id":7383,"date":"2023-08-08T10:35:47","date_gmt":"2023-08-08T08:35:47","guid":{"rendered":"https:\/\/myperfectdog.lv\/?post_type=product&#038;p=7383"},"modified":"2025-10-03T20:16:47","modified_gmt":"2025-10-03T18:16:47","slug":"outward-hound-plisa-rotallieta-puzle-activity-matz-garden-game","status":"publish","type":"product","link":"https:\/\/myperfectdog.lv\/en\/product\/outward-hound-plisa-rotallieta-puzle-activity-matz-garden-game\/","title":{"rendered":"Outward Hound interakt\u012bv\u0101 pl\u012b\u0161a rota\u013clieta &#8211; puzle Activity Matz Garden Game"},"content":{"rendered":"<p><b><span class=\"moze-large\">Outward Hound aktivit\u0101\u0161u pakl\u0101ji\u0146i\u00a0<\/span><\/b><span class=\"moze-large\">ir pat\u012bkami lietojami, viegli t\u012br\u0101mi un lieliski piem\u0113roti \u00a0ment\u0101lai un fiziskai slodzei.\u00a0<\/span><b><span class=\"moze-large\">Garden Game<\/span><\/b><span class=\"moze-large\">\u00a0aktivit\u0101\u0161u pakl\u0101ji\u0146\u0161 ir apr\u012bkots ar da\u017e\u0101d\u0101m aizdar\u0113m, lai paaugstin\u0101tu gr\u016bt\u012bbas l\u012bmeni! Kad j\u016bsu suns ostot \u00a0pl\u012b\u0161a materi\u0101l\u0101 ir atradis visus k\u0101rumus vai bar\u012bbu, padariet to sare\u017eg\u012bt\u0101ku &#8211; ievietojiet bar\u012bbu kabati\u0146\u0101s un pasl\u0113pjiet to zem papildu sl\u0101\u0146a, ieb\u0101\u017eot burk\u0101nu. Lai izaicin\u0101jums b\u016btu v\u0113l liel\u0101ks, pasl\u0113piet gar\u0161\u012bg\u0101s balvas aiz l\u012bplentas aizdares. Kad to nelietojiet, aktivit\u0101\u0161u pakl\u0101ji\u0146\u0161 ir salok\u0101ms, lai to b\u016btu viegli uzglab\u0101t.\u00a0<\/span><\/p>\n<ul>\n<li><b>NODARBINA SU\u0145US:<\/b>\u00a0\u00a0Garden Game aktivit\u0101\u0161u pakl\u0101ji\u0146\u0161 nodarbina j\u016bsu suni ar trim fiziskiem un ment\u0101liem p\u0101rbaud\u012bjumiem.<\/li>\n<li><b>SAMAZINA DESTRUKT\u012aVU UZVED\u012aBU:\u00a0<\/b>Mazina garlaic\u012bbu, vingrinot su\u0146a pr\u0101tu un ne\u013caujot izr\u0101d\u012bt nev\u0113lamu uzved\u012bbu k\u0101 ko\u0161\u013c\u0101\u0161ana, rak\u0161ana un p\u0101rm\u0113r\u012bga rie\u0161ana.<\/li>\n<li><b>3 SP\u0112L\u0112\u0160ANAS VEIDI:\u00a0<\/b>Palieliniet izaicin\u0101jumu, arvien vair\u0101k iek\u013caujit apsl\u0113pto k\u0101rumu kabati\u0146as un aizdares.<\/li>\n<li><b>NESL\u012aDO\u0160A UN \u016aDENSIZTUR\u012aGA PAMATNE:<\/b>\u00a0Viegli t\u012br\u012bt un noslauc\u012bt.<\/li>\n<li><b>\u0160\u012a NAV KO\u0160\u013b\u0100JAM\u0100 ROTA\u013bLIETA:\u00a0<\/b>Neviena rota\u013clieta nav neizn\u012bcin\u0101ma. Neatst\u0101jiet rota\u013clietas ar m\u012blu\u013ciem bez uzraudz\u012bbas. Ja \u00a0rota\u013clieta ir boj\u0101ta, no\u0146emiet un nomainiet to.<\/li>\n<\/ul>\n<p><img loading=\"lazy\" decoding=\"async\" class=\"\" src=\"https:\/\/site-984271.mozfiles.com\/files\/984271\/medium\/Outward_hound_logo-1.jpg?1666680396\" width=\"179\" height=\"73\" \/><\/p>\n<p><b><span style=\"color: #6d6d6d;\">Uzzini vair\u0101k par Activity\u00a0Mats\u00a0GARDEN GAME bar\u012bbas puzli:<\/span><\/b><\/p>\n<p><b>Gr\u016bt\u012bbas l\u012bmenis: Nr. 2<\/b><br \/>\n<b>Lieto\u0161ana:<\/b>\u00a03 sp\u0113l\u0113\u0161anas veidi!<\/p>\n<ol>\n<li><b>Viegls uzdevums:<\/b>\u00a0pasl\u0113piet k\u0101rumus vai bar\u012bbu pl\u012b\u0161a materi\u0101l\u0101, lai j\u016bsu suns tos atrod p\u0113c smar\u017eas.<\/li>\n<li><b>Gr\u016bt\u0101ks uzdevums:<\/b>\u00a0Nosl\u0113p burk\u0101nu \u2013 ielieciet k\u0101rumus kabati\u0146\u0101, un lai padar\u012btu gr\u016bt\u0101ku &#8211; nosedziet tos ar burk\u0101nu.<\/li>\n<li><b>Maksim\u0101li gr\u016bts uzdevums<\/b>\u00a0\u2013 nosl\u0113piet k\u0101rumus 5 gardumu kabat\u0101s un aiztais\u012bt ar l\u012bplentu. Lai padar\u012btu v\u0113l gr\u016bt\u0101ku, pasl\u0113piet tos zem bietes.<\/li>\n<\/ol>\n<p><b>SP\u0112LEJIET P\u0112C NOTEIKUMIEM &#8211; DRO\u0160\u012aBA UN KOP\u0160ANA:<\/b>ieg\u0101d\u0101joties rota\u013clietas, izv\u0113lieties j\u016bsu sunim piem\u0113rota izm\u0113ra\/stila\/gr\u016bt\u012bbas rota\u013clietu. \u00a0VIENM\u0112R uzraugiet savu suni, iem\u0101ciet sunim k\u0101 darbojas sp\u0113le\/rota\u013clieta. Neatst\u0101jiet suni vienatn\u0113 ar bar\u012bbas puzli\/sp\u0113li. Ne\u013caujiet sunim ko\u0161\u013c\u0101t to vai t\u0101s deta\u013cas. P\u0101rbaudiet, vai puzle nav boj\u0101ta, no\u0146emiet, ja t\u0101 ir sapl\u012bsusi, jo var izrais\u012bt nopietnu traumu. Paredz\u0113ta tikai su\u0146iem. \u0160\u012b nav b\u0113rnu rota\u013clieta. Kad iztuk\u0161ota, uzglab\u0101jiet l\u012bdz n\u0101kamai lieto\u0161anai.<br \/>\nT\u012br\u012b\u0161ana:\u00a0nomazg\u0101jiet ar siltu \u016bdeni un maig\u0101m ziep\u0113m, r\u016bp\u012bgi noskalojiet. No\u017e\u0101v\u0113t gais\u0101.\u00a0Ietilpst: ~ 57 g bar\u012bbas.<br \/>\nMateri\u0101ls: poliesters<br \/>\nIzm\u0113ri: 4 x 36 x 55 cm.<br \/>\nRa\u017eots \u0136\u012bn\u0101.<\/p>\n<p><iframe loading=\"lazy\" title=\"YouTube video player\" src=\"https:\/\/www.youtube.com\/embed\/PatzgIVG6j4\" width=\"560\" height=\"315\" frameborder=\"0\" allowfullscreen=\"allowfullscreen\"><\/iframe><\/p>","protected":false},"excerpt":{"rendered":"<p><b><span class=\"moze-large\">Outward Hound aktivit\u0101\u0161u pakl\u0101ji\u0146i\u00a0<\/span><\/b><span class=\"moze-large\">ir pat\u012bkami lietojami, viegli t\u012br\u0101mi un lieliski piem\u0113roti \u00a0ment\u0101lai un fiziskai slodzei.\u00a0<\/span><b><span class=\"moze-large\">Garden Game<\/span><\/b><span class=\"moze-large\">\u00a0aktivit\u0101\u0161u pakl\u0101ji\u0146\u0161 ir apr\u012bkots ar da\u017e\u0101d\u0101m aizdar\u0113m, lai paaugstin\u0101tu gr\u016bt\u012bbas l\u012bmeni! Kad j\u016bsu suns ostot \u00a0pl\u012b\u0161a materi\u0101l\u0101 ir atradis visus k\u0101rumus vai bar\u012bbu, padariet to sare\u017eg\u012bt\u0101ku &#8211; ievietojiet bar\u012bbu kabati\u0146\u0101s un pasl\u0113pjiet to zem papildu sl\u0101\u0146a, ieb\u0101\u017eot burk\u0101nu. Lai izaicin\u0101jums b\u016btu v\u0113l liel\u0101ks, pasl\u0113piet gar\u0161\u012bg\u0101s balvas aiz l\u012bplentas aizdares. Kad to nelietojiet, aktivit\u0101\u0161u pakl\u0101ji\u0146\u0161 ir salok\u0101ms, lai to b\u016btu viegli uzglab\u0101t.\u00a0<\/span><\/p>\n<p><b>Gr\u016bt\u012bbas l\u012bmenis: Nr. 2<\/b><\/p>\n<p>&nbsp;<\/p>","protected":false},"featured_media":7388,"comment_status":"closed","ping_status":"closed","template":"","meta":[],"product_brand":[],"product_cat":[41],"product_tag":[],"class_list":{"0":"post-7383","1":"product","2":"type-product","3":"status-publish","4":"has-post-thumbnail","6":"product_cat-speles-suniem","8":"first","9":"instock","10":"taxable","11":"shipping-taxable","12":"purchasable","13":"product-type-simple"},"yoast_head":"<!-- This site is optimized with the Yoast SEO plugin v27.6 - https:\/\/yoast.com\/product\/yoast-seo-wordpress\/ -->\n<title>Outward Hound interakt\u012bv\u0101 pl\u012b\u0161a rota\u013clieta - puzle Activity Matz Garden Game | MyPerfectDog.lv<\/title>\n<meta name=\"robots\" content=\"index, follow, max-snippet:-1, max-image-preview:large, max-video-preview:-1\" \/>\n<link rel=\"canonical\" href=\"https:\/\/myperfectdog.lv\/en\/product\/outward-hound-plisa-rotallieta-puzle-activity-matz-garden-game\/\" \/>\n<meta property=\"og:locale\" content=\"en_GB\" \/>\n<meta property=\"og:type\" content=\"article\" \/>\n<meta property=\"og:title\" content=\"Outward Hound interakt\u012bv\u0101 pl\u012b\u0161a rota\u013clieta - puzle Activity Matz Garden Game | MyPerfectDog.lv\" \/>\n<meta property=\"og:description\" content=\"Outward Hound aktivit\u0101\u0161u pakl\u0101ji\u0146i\u00a0ir pat\u012bkami lietojami, viegli t\u012br\u0101mi un lieliski piem\u0113roti \u00a0ment\u0101lai un fiziskai slodzei.\u00a0Garden Game\u00a0aktivit\u0101\u0161u pakl\u0101ji\u0146\u0161 ir apr\u012bkots ar da\u017e\u0101d\u0101m aizdar\u0113m, lai paaugstin\u0101tu gr\u016bt\u012bbas l\u012bmeni! Kad j\u016bsu suns ostot \u00a0pl\u012b\u0161a materi\u0101l\u0101 ir atradis visus k\u0101rumus vai bar\u012bbu, padariet to sare\u017eg\u012bt\u0101ku - ievietojiet bar\u012bbu kabati\u0146\u0101s un pasl\u0113pjiet to zem papildu sl\u0101\u0146a, ieb\u0101\u017eot burk\u0101nu. Lai izaicin\u0101jums b\u016btu v\u0113l liel\u0101ks, pasl\u0113piet gar\u0161\u012bg\u0101s balvas aiz l\u012bplentas aizdares. Kad to nelietojiet, aktivit\u0101\u0161u pakl\u0101ji\u0146\u0161 ir salok\u0101ms, lai to b\u016btu viegli uzglab\u0101t.\u00a0  Gr\u016bt\u012bbas l\u012bmenis: Nr. 2  &nbsp;\" \/>\n<meta property=\"og:url\" content=\"https:\/\/myperfectdog.lv\/en\/product\/outward-hound-plisa-rotallieta-puzle-activity-matz-garden-game\/\" \/>\n<meta property=\"og:site_name\" content=\"MyPerfectDog.lv\" \/>\n<meta property=\"article:modified_time\" content=\"2025-10-03T18:16:47+00:00\" \/>\n<meta property=\"og:image\" content=\"https:\/\/myperfectdog.lv\/wp-content\/uploads\/2023\/08\/70499_OutwardHound_ActivityMatzGardenGame_PDP4-ba9a04885b4e1dd1e5b86752b2f0d1b1.jpg\" \/>\n\t<meta property=\"og:image:width\" content=\"900\" \/>\n\t<meta property=\"og:image:height\" content=\"900\" \/>\n\t<meta property=\"og:image:type\" content=\"image\/jpeg\" \/>\n<meta name=\"twitter:card\" content=\"summary_large_image\" \/>\n<meta name=\"twitter:label1\" content=\"Estimated reading time\" \/>\n\t<meta name=\"twitter:data1\" content=\"2 minutes\" \/>\n<script type=\"application\/ld+json\" class=\"yoast-schema-graph\">{\"@context\":\"https:\\\/\\\/schema.org\",\"@graph\":[{\"@type\":\"WebPage\",\"@id\":\"https:\\\/\\\/myperfectdog.lv\\\/products\\\/outward-hound-plisa-rotallieta-puzle-activity-matz-garden-game\\\/\",\"url\":\"https:\\\/\\\/myperfectdog.lv\\\/products\\\/outward-hound-plisa-rotallieta-puzle-activity-matz-garden-game\\\/\",\"name\":\"Outward Hound interakt\u012bv\u0101 pl\u012b\u0161a rota\u013clieta - puzle Activity Matz Garden Game | MyPerfectDog.lv\",\"isPartOf\":{\"@id\":\"https:\\\/\\\/myperfectdog.lv\\\/#website\"},\"primaryImageOfPage\":{\"@id\":\"https:\\\/\\\/myperfectdog.lv\\\/products\\\/outward-hound-plisa-rotallieta-puzle-activity-matz-garden-game\\\/#primaryimage\"},\"image\":{\"@id\":\"https:\\\/\\\/myperfectdog.lv\\\/products\\\/outward-hound-plisa-rotallieta-puzle-activity-matz-garden-game\\\/#primaryimage\"},\"thumbnailUrl\":\"https:\\\/\\\/myperfectdog.lv\\\/wp-content\\\/uploads\\\/2023\\\/08\\\/70499_OutwardHound_ActivityMatzGardenGame_PDP4-ba9a04885b4e1dd1e5b86752b2f0d1b1.jpg\",\"datePublished\":\"2023-08-08T08:35:47+00:00\",\"dateModified\":\"2025-10-03T18:16:47+00:00\",\"breadcrumb\":{\"@id\":\"https:\\\/\\\/myperfectdog.lv\\\/products\\\/outward-hound-plisa-rotallieta-puzle-activity-matz-garden-game\\\/#breadcrumb\"},\"inLanguage\":\"en-GB\",\"potentialAction\":[{\"@type\":\"ReadAction\",\"target\":[\"https:\\\/\\\/myperfectdog.lv\\\/products\\\/outward-hound-plisa-rotallieta-puzle-activity-matz-garden-game\\\/\"]}]},{\"@type\":\"ImageObject\",\"inLanguage\":\"en-GB\",\"@id\":\"https:\\\/\\\/myperfectdog.lv\\\/products\\\/outward-hound-plisa-rotallieta-puzle-activity-matz-garden-game\\\/#primaryimage\",\"url\":\"https:\\\/\\\/myperfectdog.lv\\\/wp-content\\\/uploads\\\/2023\\\/08\\\/70499_OutwardHound_ActivityMatzGardenGame_PDP4-ba9a04885b4e1dd1e5b86752b2f0d1b1.jpg\",\"contentUrl\":\"https:\\\/\\\/myperfectdog.lv\\\/wp-content\\\/uploads\\\/2023\\\/08\\\/70499_OutwardHound_ActivityMatzGardenGame_PDP4-ba9a04885b4e1dd1e5b86752b2f0d1b1.jpg\",\"width\":900,\"height\":900},{\"@type\":\"BreadcrumbList\",\"@id\":\"https:\\\/\\\/myperfectdog.lv\\\/products\\\/outward-hound-plisa-rotallieta-puzle-activity-matz-garden-game\\\/#breadcrumb\",\"itemListElement\":[{\"@type\":\"ListItem\",\"position\":1,\"name\":\"Home\",\"item\":\"https:\\\/\\\/myperfectdog.lv\\\/\"},{\"@type\":\"ListItem\",\"position\":2,\"name\":\"Internetveikals\",\"item\":\"https:\\\/\\\/myperfectdog.lv\\\/internetveikals\\\/\"},{\"@type\":\"ListItem\",\"position\":3,\"name\":\"Outward Hound interakt\u012bv\u0101 pl\u012b\u0161a rota\u013clieta &#8211; puzle Activity Matz Garden Game\"}]},{\"@type\":\"WebSite\",\"@id\":\"https:\\\/\\\/myperfectdog.lv\\\/#website\",\"url\":\"https:\\\/\\\/myperfectdog.lv\\\/\",\"name\":\"MyPerfectDog.lv\",\"description\":\"Su\u0146u un saimnieku skola\",\"publisher\":{\"@id\":\"https:\\\/\\\/myperfectdog.lv\\\/#organization\"},\"potentialAction\":[{\"@type\":\"SearchAction\",\"target\":{\"@type\":\"EntryPoint\",\"urlTemplate\":\"https:\\\/\\\/myperfectdog.lv\\\/?s={search_term_string}\"},\"query-input\":{\"@type\":\"PropertyValueSpecification\",\"valueRequired\":true,\"valueName\":\"search_term_string\"}}],\"inLanguage\":\"en-GB\"},{\"@type\":\"Organization\",\"@id\":\"https:\\\/\\\/myperfectdog.lv\\\/#organization\",\"name\":\"Su\u0146u & saimnieku skola \\\"My Perfect Dog\\\"\",\"url\":\"https:\\\/\\\/myperfectdog.lv\\\/\",\"logo\":{\"@type\":\"ImageObject\",\"inLanguage\":\"en-GB\",\"@id\":\"https:\\\/\\\/myperfectdog.lv\\\/#\\\/schema\\\/logo\\\/image\\\/\",\"url\":\"https:\\\/\\\/myperfectdog.lv\\\/wp-content\\\/uploads\\\/2020\\\/10\\\/MyPerfectDog-New-logo_peach_plakans.png\",\"contentUrl\":\"https:\\\/\\\/myperfectdog.lv\\\/wp-content\\\/uploads\\\/2020\\\/10\\\/MyPerfectDog-New-logo_peach_plakans.png\",\"width\":1200,\"height\":636,\"caption\":\"Su\u0146u & saimnieku skola \\\"My Perfect Dog\\\"\"},\"image\":{\"@id\":\"https:\\\/\\\/myperfectdog.lv\\\/#\\\/schema\\\/logo\\\/image\\\/\"}}]}<\/script>\n<!-- \/ Yoast SEO plugin. -->","yoast_head_json":{"title":"Outward Hound interakt\u012bv\u0101 pl\u012b\u0161a rota\u013clieta - puzle Activity Matz Garden Game | MyPerfectDog.lv","robots":{"index":"index","follow":"follow","max-snippet":"max-snippet:-1","max-image-preview":"max-image-preview:large","max-video-preview":"max-video-preview:-1"},"canonical":"https:\/\/myperfectdog.lv\/en\/product\/outward-hound-plisa-rotallieta-puzle-activity-matz-garden-game\/","og_locale":"en_GB","og_type":"article","og_title":"Outward Hound interakt\u012bv\u0101 pl\u012b\u0161a rota\u013clieta - puzle Activity Matz Garden Game | MyPerfectDog.lv","og_description":"Outward Hound aktivit\u0101\u0161u pakl\u0101ji\u0146i\u00a0ir pat\u012bkami lietojami, viegli t\u012br\u0101mi un lieliski piem\u0113roti \u00a0ment\u0101lai un fiziskai slodzei.\u00a0Garden Game\u00a0aktivit\u0101\u0161u pakl\u0101ji\u0146\u0161 ir apr\u012bkots ar da\u017e\u0101d\u0101m aizdar\u0113m, lai paaugstin\u0101tu gr\u016bt\u012bbas l\u012bmeni! Kad j\u016bsu suns ostot \u00a0pl\u012b\u0161a materi\u0101l\u0101 ir atradis visus k\u0101rumus vai bar\u012bbu, padariet to sare\u017eg\u012bt\u0101ku - ievietojiet bar\u012bbu kabati\u0146\u0101s un pasl\u0113pjiet to zem papildu sl\u0101\u0146a, ieb\u0101\u017eot burk\u0101nu. Lai izaicin\u0101jums b\u016btu v\u0113l liel\u0101ks, pasl\u0113piet gar\u0161\u012bg\u0101s balvas aiz l\u012bplentas aizdares. Kad to nelietojiet, aktivit\u0101\u0161u pakl\u0101ji\u0146\u0161 ir salok\u0101ms, lai to b\u016btu viegli uzglab\u0101t.\u00a0  Gr\u016bt\u012bbas l\u012bmenis: Nr. 2  &nbsp;","og_url":"https:\/\/myperfectdog.lv\/en\/product\/outward-hound-plisa-rotallieta-puzle-activity-matz-garden-game\/","og_site_name":"MyPerfectDog.lv","article_modified_time":"2025-10-03T18:16:47+00:00","og_image":[{"width":900,"height":900,"url":"https:\/\/myperfectdog.lv\/wp-content\/uploads\/2023\/08\/70499_OutwardHound_ActivityMatzGardenGame_PDP4-ba9a04885b4e1dd1e5b86752b2f0d1b1.jpg","type":"image\/jpeg"}],"twitter_card":"summary_large_image","twitter_misc":{"Estimated reading time":"2 minutes"},"schema":{"@context":"https:\/\/schema.org","@graph":[{"@type":"WebPage","@id":"https:\/\/myperfectdog.lv\/products\/outward-hound-plisa-rotallieta-puzle-activity-matz-garden-game\/","url":"https:\/\/myperfectdog.lv\/products\/outward-hound-plisa-rotallieta-puzle-activity-matz-garden-game\/","name":"Outward Hound interakt\u012bv\u0101 pl\u012b\u0161a rota\u013clieta - puzle Activity Matz Garden Game | MyPerfectDog.lv","isPartOf":{"@id":"https:\/\/myperfectdog.lv\/#website"},"primaryImageOfPage":{"@id":"https:\/\/myperfectdog.lv\/products\/outward-hound-plisa-rotallieta-puzle-activity-matz-garden-game\/#primaryimage"},"image":{"@id":"https:\/\/myperfectdog.lv\/products\/outward-hound-plisa-rotallieta-puzle-activity-matz-garden-game\/#primaryimage"},"thumbnailUrl":"https:\/\/myperfectdog.lv\/wp-content\/uploads\/2023\/08\/70499_OutwardHound_ActivityMatzGardenGame_PDP4-ba9a04885b4e1dd1e5b86752b2f0d1b1.jpg","datePublished":"2023-08-08T08:35:47+00:00","dateModified":"2025-10-03T18:16:47+00:00","breadcrumb":{"@id":"https:\/\/myperfectdog.lv\/products\/outward-hound-plisa-rotallieta-puzle-activity-matz-garden-game\/#breadcrumb"},"inLanguage":"en-GB","potentialAction":[{"@type":"ReadAction","target":["https:\/\/myperfectdog.lv\/products\/outward-hound-plisa-rotallieta-puzle-activity-matz-garden-game\/"]}]},{"@type":"ImageObject","inLanguage":"en-GB","@id":"https:\/\/myperfectdog.lv\/products\/outward-hound-plisa-rotallieta-puzle-activity-matz-garden-game\/#primaryimage","url":"https:\/\/myperfectdog.lv\/wp-content\/uploads\/2023\/08\/70499_OutwardHound_ActivityMatzGardenGame_PDP4-ba9a04885b4e1dd1e5b86752b2f0d1b1.jpg","contentUrl":"https:\/\/myperfectdog.lv\/wp-content\/uploads\/2023\/08\/70499_OutwardHound_ActivityMatzGardenGame_PDP4-ba9a04885b4e1dd1e5b86752b2f0d1b1.jpg","width":900,"height":900},{"@type":"BreadcrumbList","@id":"https:\/\/myperfectdog.lv\/products\/outward-hound-plisa-rotallieta-puzle-activity-matz-garden-game\/#breadcrumb","itemListElement":[{"@type":"ListItem","position":1,"name":"Home","item":"https:\/\/myperfectdog.lv\/"},{"@type":"ListItem","position":2,"name":"Internetveikals","item":"https:\/\/myperfectdog.lv\/internetveikals\/"},{"@type":"ListItem","position":3,"name":"Outward Hound interakt\u012bv\u0101 pl\u012b\u0161a rota\u013clieta &#8211; puzle Activity Matz Garden Game"}]},{"@type":"WebSite","@id":"https:\/\/myperfectdog.lv\/#website","url":"https:\/\/myperfectdog.lv\/","name":"MyPerfectDog.lv","description":"Su\u0146u un saimnieku skola","publisher":{"@id":"https:\/\/myperfectdog.lv\/#organization"},"potentialAction":[{"@type":"SearchAction","target":{"@type":"EntryPoint","urlTemplate":"https:\/\/myperfectdog.lv\/?s={search_term_string}"},"query-input":{"@type":"PropertyValueSpecification","valueRequired":true,"valueName":"search_term_string"}}],"inLanguage":"en-GB"},{"@type":"Organization","@id":"https:\/\/myperfectdog.lv\/#organization","name":"Su\u0146u & saimnieku skola \"My Perfect Dog\"","url":"https:\/\/myperfectdog.lv\/","logo":{"@type":"ImageObject","inLanguage":"en-GB","@id":"https:\/\/myperfectdog.lv\/#\/schema\/logo\/image\/","url":"https:\/\/myperfectdog.lv\/wp-content\/uploads\/2020\/10\/MyPerfectDog-New-logo_peach_plakans.png","contentUrl":"https:\/\/myperfectdog.lv\/wp-content\/uploads\/2020\/10\/MyPerfectDog-New-logo_peach_plakans.png","width":1200,"height":636,"caption":"Su\u0146u & saimnieku skola \"My Perfect Dog\""},"image":{"@id":"https:\/\/myperfectdog.lv\/#\/schema\/logo\/image\/"}}]}},"jetpack_sharing_enabled":true,"_links":{"self":[{"href":"https:\/\/myperfectdog.lv\/en\/wp-json\/wp\/v2\/product\/7383","targetHints":{"allow":["GET"]}}],"collection":[{"href":"https:\/\/myperfectdog.lv\/en\/wp-json\/wp\/v2\/product"}],"about":[{"href":"https:\/\/myperfectdog.lv\/en\/wp-json\/wp\/v2\/types\/product"}],"replies":[{"embeddable":true,"href":"https:\/\/myperfectdog.lv\/en\/wp-json\/wp\/v2\/comments?post=7383"}],"wp:featuredmedia":[{"embeddable":true,"href":"https:\/\/myperfectdog.lv\/en\/wp-json\/wp\/v2\/media\/7388"}],"wp:attachment":[{"href":"https:\/\/myperfectdog.lv\/en\/wp-json\/wp\/v2\/media?parent=7383"}],"wp:term":[{"taxonomy":"product_brand","embeddable":true,"href":"https:\/\/myperfectdog.lv\/en\/wp-json\/wp\/v2\/product_brand?post=7383"},{"taxonomy":"product_cat","embeddable":true,"href":"https:\/\/myperfectdog.lv\/en\/wp-json\/wp\/v2\/product_cat?post=7383"},{"taxonomy":"product_tag","embeddable":true,"href":"https:\/\/myperfectdog.lv\/en\/wp-json\/wp\/v2\/product_tag?post=7383"}],"curies":[{"name":"wp","href":"https:\/\/api.w.org\/{rel}","templated":true}]}}