{"id":7390,"date":"2023-08-08T10:42:57","date_gmt":"2023-08-08T08:42:57","guid":{"rendered":"https:\/\/myperfectdog.lv\/?post_type=product&#038;p=7390"},"modified":"2025-10-03T20:16:39","modified_gmt":"2025-10-03T18:16:39","slug":"petstages-sunu-koslajama-rotallieta-orbee-tuff-football-bruna","status":"publish","type":"product","link":"https:\/\/myperfectdog.lv\/en\/product\/petstages-sunu-koslajama-rotallieta-orbee-tuff-football-bruna\/","title":{"rendered":"Petstages su\u0146u ko\u0161\u013c\u0101jam\u0101 rota\u013clieta ORBEE-TUFF FOOTBALL, br\u016bna"},"content":{"rendered":"<p><span class=\"moze-large\">Laiks sp\u0113l\u0113t bumbu ar\u00a0<b>Planet Dog Orbee-Tuff Sports\u00a0<\/b>l\u012bniju! Da\u017e\u0101da izm\u0113ra un da\u017e\u0101du sporta veidu bumbas &#8211; j\u016bs noteikti atrad\u012bsit sava su\u0146a jauno m\u012b\u013c\u0101ko univers\u0101lo rota\u013clietu, ko var atnest, \u0137ert un ko\u0161\u013c\u0101t! Katrai bumbai ab\u0101s pus\u0113s ir atveres gardumu ievieto\u0161anai, lai stimul\u0113tu j\u016bsu su\u0146a interesi. \u00a0Visas\u00a0<b>Orbee-Tuff<\/b>\u00a0rota\u013clietas ir izgatavotas no iztur\u012bga TPE materi\u0101la, kas nesatur BPA, svinu un ftal\u0101tus. T\u012briet ar siltu \u016bdeni, maig\u0101m ziep\u0113m un noskalojiet. Ne visi izm\u0113ri ir piem\u0113roti visiem un visu izm\u0113ru ko\u0161\u013c\u0101t\u0101jiem.\u00a0<\/span><\/p>\n<p><span class=\"moze-large\"><b>Orbee-Tuff Football<\/b>\u00a0bumba ir 15 cm (6&#8243;) \u00a0gara, ar klasisku \u0101das izskatu, un t\u0101 ir lieliski piem\u0113rota lieliem su\u0146iem.<\/span><\/p>\n<ul>\n<li><b>IZTUR\u012aGA KO\u0160\u013b\u0100JAM\u0100 ROTA\u013bLIETA AR ATVER\u0112M K\u0100RUMIEM:<\/b>\u00a0Izklaid\u0113jieties \u0101r\u0101 ar<b>\u00a0Orbee-Tuff Sports<\/b>\u00a0l\u012bnijas rota\u013cliet\u0101m. Visas Orbee-Tuff bumbas ir izgatavotas no iztur\u012bga TPE materi\u0101la, un t\u0101m ir caurumi, kuros var ievietot j\u016bsu m\u012blu\u013ca m\u012b\u013c\u0101kos gardumus, lai sp\u0113les laik\u0101 ieg\u016btu gardu balvu.<\/li>\n<li><b>ATSPER\u012aGAS UN PELDO\u0160AS: Orbee-Tuff Sports<\/b>\u00a0su\u0146u ko\u0161\u013c\u0101jam\u0101s rota\u013clietas var izmantot gan \u016bden\u012b, gan uz sauszemes! J\u016bsu sunim patiks \u0161\u012bs daudzpus\u012bg\u0101s rota\u013clietas nes\u0101t un plun\u010d\u0101ties.<\/li>\n<li><b>NESATUR BPA, FTAL\u0100TUS UN SVINU:\u00a0<\/b>Visas\u00a0<b>Orbee-Tuff Sports<\/b>\u00a0rota\u013clietas ir izgatavotas no TPE materi\u0101la, kas nesatur BPA, svinu un ftal\u0101tus. \u0160\u012bs su\u0146u rota\u013clietas ir aromatiz\u0113tas ar dab\u012bgu piparm\u0113tru e\u013c\u013cu, lai pal\u012bdz\u0113tu atsvaidzin\u0101t j\u016bsu su\u0146a elpu.<\/li>\n<li><b>RA\u017dOTS ASV:<\/b>\u00a0Planet Dog Orbee-Tuff rota\u013clietas tiek ra\u017eotas ASV.\u00a0<b>Orbee-Tuff Sports<\/b>\u00a0l\u012bnij\u0101 ir da\u017e\u0101du izm\u0113ru un formu bumbas da\u017e\u0101diem su\u0146iem.\u00a0<b>Orbee-Tuff Football\u00a0<\/b>bumba ir 15 cm gara,ar klasisku \u0101das izskatu, un t\u0101 ir lieliski piem\u0113rota lieliem su\u0146iem.<\/li>\n<li><b>SP\u0112L\u0112JIETIES DRO\u0160I:<\/b>\u00a0Neviena rota\u013clieta nav neizn\u012bcin\u0101ma. Neatst\u0101jiet rota\u013clietas ar m\u0101jdz\u012bvniekiem bez uzraudz\u012bbas. No\u0146emiet un nomainiet rota\u013clietu, ja t\u0101 ir boj\u0101ta.<\/li>\n<\/ul>\n<p><img loading=\"lazy\" decoding=\"async\" class=\"\" src=\"https:\/\/site-984271.mozfiles.com\/files\/984271\/Petstages.png?1666683464\" width=\"170\" height=\"58\" \/><\/p>\n<p><b>Uzzini vair\u0101k par Orka Tire ko\u0161\u013c\u0101jamo rota\u013clietu:<\/b><\/p>\n<p>DRO\u0160\u012aBA UN KOP\u0160ANA:\u00a0<i>Neviena rota\u013clieta nav neizn\u012bcin\u0101ma. Var atpl\u0113st s\u012bkus gabali\u0146us. Regul\u0101ri p\u0101rbaudiet, vai rota\u013clietas nav boj\u0101tas, un neatst\u0101jiet su\u0146us bez uzraudz\u012bbas. Ja rota\u013clieta ir boj\u0101ta, nekav\u0113joties to nomainiet. Paredz\u0113ta tikai su\u0146iem. Sarg\u0101t no b\u0113rniem. T\u012br\u012bt ar siltu \u016bdeni un maig\u0101m ziep\u0113m, p\u0113c tam r\u016bp\u012bgi noskalot.<\/i><\/p>\n<ul>\n<li>Izm\u0113rs: \u00a010 cm x 15 cm x 10cm.<\/li>\n<li>Materi\u0101ls: plastmasa.<\/li>\n<\/ul>\n<p><iframe loading=\"lazy\" width=\"560\" height=\"315\" src=\"https:\/\/www.youtube.com\/embed\/-XAl44iyBYs\" title=\"YouTube video player\" frameborder=\"0\" allow=\"accelerometer; autoplay; clipboard-write; encrypted-media; gyroscope; picture-in-picture; web-share\" allowfullscreen><\/iframe><\/p>","protected":false},"excerpt":{"rendered":"<p><span class=\"moze-large\">Laiks sp\u0113l\u0113t bumbu ar\u00a0<b>Planet Dog Orbee-Tuff Sports\u00a0<\/b>l\u012bniju! Da\u017e\u0101da izm\u0113ra un da\u017e\u0101du sporta veidu bumbas &#8211; j\u016bs noteikti atrad\u012bsit sava su\u0146a jauno m\u012b\u013c\u0101ko univers\u0101lo rota\u013clietu, ko var atnest, \u0137ert un ko\u0161\u013c\u0101t! Katrai bumbai ab\u0101s pus\u0113s ir atveres gardumu ievieto\u0161anai, lai stimul\u0113tu j\u016bsu su\u0146a interesi. \u00a0Visas\u00a0<b>Orbee-Tuff<\/b>\u00a0rota\u013clietas ir izgatavotas no iztur\u012bga TPE materi\u0101la, kas nesatur BPA, svinu un ftal\u0101tus. T\u012briet ar siltu \u016bdeni, maig\u0101m ziep\u0113m un noskalojiet. Ne visi izm\u0113ri ir piem\u0113roti visiem un visu izm\u0113ru ko\u0161\u013c\u0101t\u0101jiem.\u00a0<\/span><\/p>\n<ul>\n<li>Izm\u0113rs: \u00a010 cm x 15 cm x 10cm.<\/li>\n<li>Materi\u0101ls: plastmasa.<\/li>\n<\/ul>\n<p>&nbsp;<\/p>","protected":false},"featured_media":7396,"comment_status":"closed","ping_status":"closed","template":"","meta":[],"product_brand":[],"product_cat":[41],"product_tag":[],"class_list":{"0":"post-7390","1":"product","2":"type-product","3":"status-publish","4":"has-post-thumbnail","6":"product_cat-speles-suniem","8":"first","9":"instock","10":"taxable","11":"shipping-taxable","12":"purchasable","13":"product-type-simple"},"yoast_head":"<!-- This site is optimized with the Yoast SEO plugin v27.6 - https:\/\/yoast.com\/product\/yoast-seo-wordpress\/ -->\n<title>Petstages su\u0146u ko\u0161\u013c\u0101jam\u0101 rota\u013clieta ORBEE-TUFF FOOTBALL, br\u016bna | MyPerfectDog.lv<\/title>\n<meta name=\"robots\" content=\"index, follow, max-snippet:-1, max-image-preview:large, max-video-preview:-1\" \/>\n<link rel=\"canonical\" href=\"https:\/\/myperfectdog.lv\/en\/product\/petstages-sunu-koslajama-rotallieta-orbee-tuff-football-bruna\/\" \/>\n<meta property=\"og:locale\" content=\"en_GB\" \/>\n<meta property=\"og:type\" content=\"article\" \/>\n<meta property=\"og:title\" content=\"Petstages su\u0146u ko\u0161\u013c\u0101jam\u0101 rota\u013clieta ORBEE-TUFF FOOTBALL, br\u016bna | MyPerfectDog.lv\" \/>\n<meta property=\"og:description\" content=\"Laiks sp\u0113l\u0113t bumbu ar\u00a0Planet Dog Orbee-Tuff Sports\u00a0l\u012bniju! Da\u017e\u0101da izm\u0113ra un da\u017e\u0101du sporta veidu bumbas - j\u016bs noteikti atrad\u012bsit sava su\u0146a jauno m\u012b\u013c\u0101ko univers\u0101lo rota\u013clietu, ko var atnest, \u0137ert un ko\u0161\u013c\u0101t! Katrai bumbai ab\u0101s pus\u0113s ir atveres gardumu ievieto\u0161anai, lai stimul\u0113tu j\u016bsu su\u0146a interesi. \u00a0Visas\u00a0Orbee-Tuff\u00a0rota\u013clietas ir izgatavotas no iztur\u012bga TPE materi\u0101la, kas nesatur BPA, svinu un ftal\u0101tus. T\u012briet ar siltu \u016bdeni, maig\u0101m ziep\u0113m un noskalojiet. Ne visi izm\u0113ri ir piem\u0113roti visiem un visu izm\u0113ru ko\u0161\u013c\u0101t\u0101jiem.\u00a0   Izm\u0113rs: \u00a010 cm x 15 cm x 10cm.  Materi\u0101ls: plastmasa.  &nbsp;\" \/>\n<meta property=\"og:url\" content=\"https:\/\/myperfectdog.lv\/en\/product\/petstages-sunu-koslajama-rotallieta-orbee-tuff-football-bruna\/\" \/>\n<meta property=\"og:site_name\" content=\"MyPerfectDog.lv\" \/>\n<meta property=\"article:modified_time\" content=\"2025-10-03T18:16:39+00:00\" \/>\n<meta property=\"og:image\" content=\"https:\/\/myperfectdog.lv\/wp-content\/uploads\/2023\/08\/68717_PlanetDog_Football_Brn_PDP8-e25e89d15888a3b9a4d97303e188dfc1.jpg\" \/>\n\t<meta property=\"og:image:width\" content=\"900\" \/>\n\t<meta property=\"og:image:height\" content=\"900\" \/>\n\t<meta property=\"og:image:type\" content=\"image\/jpeg\" \/>\n<meta name=\"twitter:card\" content=\"summary_large_image\" \/>\n<meta name=\"twitter:label1\" content=\"Estimated reading time\" \/>\n\t<meta name=\"twitter:data1\" content=\"2 minutes\" \/>\n<script type=\"application\/ld+json\" class=\"yoast-schema-graph\">{\"@context\":\"https:\\\/\\\/schema.org\",\"@graph\":[{\"@type\":\"WebPage\",\"@id\":\"https:\\\/\\\/myperfectdog.lv\\\/products\\\/petstages-sunu-koslajama-rotallieta-orbee-tuff-football-bruna\\\/\",\"url\":\"https:\\\/\\\/myperfectdog.lv\\\/products\\\/petstages-sunu-koslajama-rotallieta-orbee-tuff-football-bruna\\\/\",\"name\":\"Petstages su\u0146u ko\u0161\u013c\u0101jam\u0101 rota\u013clieta ORBEE-TUFF FOOTBALL, br\u016bna | MyPerfectDog.lv\",\"isPartOf\":{\"@id\":\"https:\\\/\\\/myperfectdog.lv\\\/#website\"},\"primaryImageOfPage\":{\"@id\":\"https:\\\/\\\/myperfectdog.lv\\\/products\\\/petstages-sunu-koslajama-rotallieta-orbee-tuff-football-bruna\\\/#primaryimage\"},\"image\":{\"@id\":\"https:\\\/\\\/myperfectdog.lv\\\/products\\\/petstages-sunu-koslajama-rotallieta-orbee-tuff-football-bruna\\\/#primaryimage\"},\"thumbnailUrl\":\"https:\\\/\\\/myperfectdog.lv\\\/wp-content\\\/uploads\\\/2023\\\/08\\\/68717_PlanetDog_Football_Brn_PDP8-e25e89d15888a3b9a4d97303e188dfc1.jpg\",\"datePublished\":\"2023-08-08T08:42:57+00:00\",\"dateModified\":\"2025-10-03T18:16:39+00:00\",\"breadcrumb\":{\"@id\":\"https:\\\/\\\/myperfectdog.lv\\\/products\\\/petstages-sunu-koslajama-rotallieta-orbee-tuff-football-bruna\\\/#breadcrumb\"},\"inLanguage\":\"en-GB\",\"potentialAction\":[{\"@type\":\"ReadAction\",\"target\":[\"https:\\\/\\\/myperfectdog.lv\\\/products\\\/petstages-sunu-koslajama-rotallieta-orbee-tuff-football-bruna\\\/\"]}]},{\"@type\":\"ImageObject\",\"inLanguage\":\"en-GB\",\"@id\":\"https:\\\/\\\/myperfectdog.lv\\\/products\\\/petstages-sunu-koslajama-rotallieta-orbee-tuff-football-bruna\\\/#primaryimage\",\"url\":\"https:\\\/\\\/myperfectdog.lv\\\/wp-content\\\/uploads\\\/2023\\\/08\\\/68717_PlanetDog_Football_Brn_PDP8-e25e89d15888a3b9a4d97303e188dfc1.jpg\",\"contentUrl\":\"https:\\\/\\\/myperfectdog.lv\\\/wp-content\\\/uploads\\\/2023\\\/08\\\/68717_PlanetDog_Football_Brn_PDP8-e25e89d15888a3b9a4d97303e188dfc1.jpg\",\"width\":900,\"height\":900},{\"@type\":\"BreadcrumbList\",\"@id\":\"https:\\\/\\\/myperfectdog.lv\\\/products\\\/petstages-sunu-koslajama-rotallieta-orbee-tuff-football-bruna\\\/#breadcrumb\",\"itemListElement\":[{\"@type\":\"ListItem\",\"position\":1,\"name\":\"Home\",\"item\":\"https:\\\/\\\/myperfectdog.lv\\\/\"},{\"@type\":\"ListItem\",\"position\":2,\"name\":\"Internetveikals\",\"item\":\"https:\\\/\\\/myperfectdog.lv\\\/internetveikals\\\/\"},{\"@type\":\"ListItem\",\"position\":3,\"name\":\"Petstages su\u0146u ko\u0161\u013c\u0101jam\u0101 rota\u013clieta ORBEE-TUFF FOOTBALL, br\u016bna\"}]},{\"@type\":\"WebSite\",\"@id\":\"https:\\\/\\\/myperfectdog.lv\\\/#website\",\"url\":\"https:\\\/\\\/myperfectdog.lv\\\/\",\"name\":\"MyPerfectDog.lv\",\"description\":\"Su\u0146u un saimnieku skola\",\"publisher\":{\"@id\":\"https:\\\/\\\/myperfectdog.lv\\\/#organization\"},\"potentialAction\":[{\"@type\":\"SearchAction\",\"target\":{\"@type\":\"EntryPoint\",\"urlTemplate\":\"https:\\\/\\\/myperfectdog.lv\\\/?s={search_term_string}\"},\"query-input\":{\"@type\":\"PropertyValueSpecification\",\"valueRequired\":true,\"valueName\":\"search_term_string\"}}],\"inLanguage\":\"en-GB\"},{\"@type\":\"Organization\",\"@id\":\"https:\\\/\\\/myperfectdog.lv\\\/#organization\",\"name\":\"Su\u0146u & saimnieku skola \\\"My Perfect Dog\\\"\",\"url\":\"https:\\\/\\\/myperfectdog.lv\\\/\",\"logo\":{\"@type\":\"ImageObject\",\"inLanguage\":\"en-GB\",\"@id\":\"https:\\\/\\\/myperfectdog.lv\\\/#\\\/schema\\\/logo\\\/image\\\/\",\"url\":\"https:\\\/\\\/myperfectdog.lv\\\/wp-content\\\/uploads\\\/2020\\\/10\\\/MyPerfectDog-New-logo_peach_plakans.png\",\"contentUrl\":\"https:\\\/\\\/myperfectdog.lv\\\/wp-content\\\/uploads\\\/2020\\\/10\\\/MyPerfectDog-New-logo_peach_plakans.png\",\"width\":1200,\"height\":636,\"caption\":\"Su\u0146u & saimnieku skola \\\"My Perfect Dog\\\"\"},\"image\":{\"@id\":\"https:\\\/\\\/myperfectdog.lv\\\/#\\\/schema\\\/logo\\\/image\\\/\"}}]}<\/script>\n<!-- \/ Yoast SEO plugin. -->","yoast_head_json":{"title":"Petstages su\u0146u ko\u0161\u013c\u0101jam\u0101 rota\u013clieta ORBEE-TUFF FOOTBALL, br\u016bna | MyPerfectDog.lv","robots":{"index":"index","follow":"follow","max-snippet":"max-snippet:-1","max-image-preview":"max-image-preview:large","max-video-preview":"max-video-preview:-1"},"canonical":"https:\/\/myperfectdog.lv\/en\/product\/petstages-sunu-koslajama-rotallieta-orbee-tuff-football-bruna\/","og_locale":"en_GB","og_type":"article","og_title":"Petstages su\u0146u ko\u0161\u013c\u0101jam\u0101 rota\u013clieta ORBEE-TUFF FOOTBALL, br\u016bna | MyPerfectDog.lv","og_description":"Laiks sp\u0113l\u0113t bumbu ar\u00a0Planet Dog Orbee-Tuff Sports\u00a0l\u012bniju! Da\u017e\u0101da izm\u0113ra un da\u017e\u0101du sporta veidu bumbas - j\u016bs noteikti atrad\u012bsit sava su\u0146a jauno m\u012b\u013c\u0101ko univers\u0101lo rota\u013clietu, ko var atnest, \u0137ert un ko\u0161\u013c\u0101t! Katrai bumbai ab\u0101s pus\u0113s ir atveres gardumu ievieto\u0161anai, lai stimul\u0113tu j\u016bsu su\u0146a interesi. \u00a0Visas\u00a0Orbee-Tuff\u00a0rota\u013clietas ir izgatavotas no iztur\u012bga TPE materi\u0101la, kas nesatur BPA, svinu un ftal\u0101tus. T\u012briet ar siltu \u016bdeni, maig\u0101m ziep\u0113m un noskalojiet. Ne visi izm\u0113ri ir piem\u0113roti visiem un visu izm\u0113ru ko\u0161\u013c\u0101t\u0101jiem.\u00a0   Izm\u0113rs: \u00a010 cm x 15 cm x 10cm.  Materi\u0101ls: plastmasa.  &nbsp;","og_url":"https:\/\/myperfectdog.lv\/en\/product\/petstages-sunu-koslajama-rotallieta-orbee-tuff-football-bruna\/","og_site_name":"MyPerfectDog.lv","article_modified_time":"2025-10-03T18:16:39+00:00","og_image":[{"width":900,"height":900,"url":"https:\/\/myperfectdog.lv\/wp-content\/uploads\/2023\/08\/68717_PlanetDog_Football_Brn_PDP8-e25e89d15888a3b9a4d97303e188dfc1.jpg","type":"image\/jpeg"}],"twitter_card":"summary_large_image","twitter_misc":{"Estimated reading time":"2 minutes"},"schema":{"@context":"https:\/\/schema.org","@graph":[{"@type":"WebPage","@id":"https:\/\/myperfectdog.lv\/products\/petstages-sunu-koslajama-rotallieta-orbee-tuff-football-bruna\/","url":"https:\/\/myperfectdog.lv\/products\/petstages-sunu-koslajama-rotallieta-orbee-tuff-football-bruna\/","name":"Petstages su\u0146u ko\u0161\u013c\u0101jam\u0101 rota\u013clieta ORBEE-TUFF FOOTBALL, br\u016bna | MyPerfectDog.lv","isPartOf":{"@id":"https:\/\/myperfectdog.lv\/#website"},"primaryImageOfPage":{"@id":"https:\/\/myperfectdog.lv\/products\/petstages-sunu-koslajama-rotallieta-orbee-tuff-football-bruna\/#primaryimage"},"image":{"@id":"https:\/\/myperfectdog.lv\/products\/petstages-sunu-koslajama-rotallieta-orbee-tuff-football-bruna\/#primaryimage"},"thumbnailUrl":"https:\/\/myperfectdog.lv\/wp-content\/uploads\/2023\/08\/68717_PlanetDog_Football_Brn_PDP8-e25e89d15888a3b9a4d97303e188dfc1.jpg","datePublished":"2023-08-08T08:42:57+00:00","dateModified":"2025-10-03T18:16:39+00:00","breadcrumb":{"@id":"https:\/\/myperfectdog.lv\/products\/petstages-sunu-koslajama-rotallieta-orbee-tuff-football-bruna\/#breadcrumb"},"inLanguage":"en-GB","potentialAction":[{"@type":"ReadAction","target":["https:\/\/myperfectdog.lv\/products\/petstages-sunu-koslajama-rotallieta-orbee-tuff-football-bruna\/"]}]},{"@type":"ImageObject","inLanguage":"en-GB","@id":"https:\/\/myperfectdog.lv\/products\/petstages-sunu-koslajama-rotallieta-orbee-tuff-football-bruna\/#primaryimage","url":"https:\/\/myperfectdog.lv\/wp-content\/uploads\/2023\/08\/68717_PlanetDog_Football_Brn_PDP8-e25e89d15888a3b9a4d97303e188dfc1.jpg","contentUrl":"https:\/\/myperfectdog.lv\/wp-content\/uploads\/2023\/08\/68717_PlanetDog_Football_Brn_PDP8-e25e89d15888a3b9a4d97303e188dfc1.jpg","width":900,"height":900},{"@type":"BreadcrumbList","@id":"https:\/\/myperfectdog.lv\/products\/petstages-sunu-koslajama-rotallieta-orbee-tuff-football-bruna\/#breadcrumb","itemListElement":[{"@type":"ListItem","position":1,"name":"Home","item":"https:\/\/myperfectdog.lv\/"},{"@type":"ListItem","position":2,"name":"Internetveikals","item":"https:\/\/myperfectdog.lv\/internetveikals\/"},{"@type":"ListItem","position":3,"name":"Petstages su\u0146u ko\u0161\u013c\u0101jam\u0101 rota\u013clieta ORBEE-TUFF FOOTBALL, br\u016bna"}]},{"@type":"WebSite","@id":"https:\/\/myperfectdog.lv\/#website","url":"https:\/\/myperfectdog.lv\/","name":"MyPerfectDog.lv","description":"Su\u0146u un saimnieku skola","publisher":{"@id":"https:\/\/myperfectdog.lv\/#organization"},"potentialAction":[{"@type":"SearchAction","target":{"@type":"EntryPoint","urlTemplate":"https:\/\/myperfectdog.lv\/?s={search_term_string}"},"query-input":{"@type":"PropertyValueSpecification","valueRequired":true,"valueName":"search_term_string"}}],"inLanguage":"en-GB"},{"@type":"Organization","@id":"https:\/\/myperfectdog.lv\/#organization","name":"Su\u0146u & saimnieku skola \"My Perfect Dog\"","url":"https:\/\/myperfectdog.lv\/","logo":{"@type":"ImageObject","inLanguage":"en-GB","@id":"https:\/\/myperfectdog.lv\/#\/schema\/logo\/image\/","url":"https:\/\/myperfectdog.lv\/wp-content\/uploads\/2020\/10\/MyPerfectDog-New-logo_peach_plakans.png","contentUrl":"https:\/\/myperfectdog.lv\/wp-content\/uploads\/2020\/10\/MyPerfectDog-New-logo_peach_plakans.png","width":1200,"height":636,"caption":"Su\u0146u & saimnieku skola \"My Perfect Dog\""},"image":{"@id":"https:\/\/myperfectdog.lv\/#\/schema\/logo\/image\/"}}]}},"jetpack_sharing_enabled":true,"_links":{"self":[{"href":"https:\/\/myperfectdog.lv\/en\/wp-json\/wp\/v2\/product\/7390","targetHints":{"allow":["GET"]}}],"collection":[{"href":"https:\/\/myperfectdog.lv\/en\/wp-json\/wp\/v2\/product"}],"about":[{"href":"https:\/\/myperfectdog.lv\/en\/wp-json\/wp\/v2\/types\/product"}],"replies":[{"embeddable":true,"href":"https:\/\/myperfectdog.lv\/en\/wp-json\/wp\/v2\/comments?post=7390"}],"wp:featuredmedia":[{"embeddable":true,"href":"https:\/\/myperfectdog.lv\/en\/wp-json\/wp\/v2\/media\/7396"}],"wp:attachment":[{"href":"https:\/\/myperfectdog.lv\/en\/wp-json\/wp\/v2\/media?parent=7390"}],"wp:term":[{"taxonomy":"product_brand","embeddable":true,"href":"https:\/\/myperfectdog.lv\/en\/wp-json\/wp\/v2\/product_brand?post=7390"},{"taxonomy":"product_cat","embeddable":true,"href":"https:\/\/myperfectdog.lv\/en\/wp-json\/wp\/v2\/product_cat?post=7390"},{"taxonomy":"product_tag","embeddable":true,"href":"https:\/\/myperfectdog.lv\/en\/wp-json\/wp\/v2\/product_tag?post=7390"}],"curies":[{"name":"wp","href":"https:\/\/api.w.org\/{rel}","templated":true}]}}