{"id":7444,"date":"2023-08-22T09:16:01","date_gmt":"2023-08-22T07:16:01","guid":{"rendered":"https:\/\/myperfectdog.lv\/?post_type=product&#038;p=7444"},"modified":"2025-10-03T20:16:31","modified_gmt":"2025-10-03T18:16:31","slug":"outward-hound-lenesanas-bloda-fun-feeder-slo-tray-suniem-ar-plakanu-purnu-zala-l","status":"publish","type":"product","link":"https:\/\/myperfectdog.lv\/en\/product\/outward-hound-lenesanas-bloda-fun-feeder-slo-tray-suniem-ar-plakanu-purnu-zala-l\/","title":{"rendered":"Outward Hound l\u0113n\u0113\u0161anas b\u013coda FUN FEEDER Slo Tray su\u0146iem ar plakanu purnu, za\u013ca, L"},"content":{"rendered":"<p><span class=\"moze-blockquote moze-large\">Vai zin\u0101j\u0101t, ka su\u0146iem, kas \u0101tri \u0113d, ir liel\u0101ka iesp\u0113ja piedz\u012bvot v\u0113dera uzp\u016b\u0161anos, regurgit\u0101ciju un aptauko\u0161anos? Su\u0146u v\u0113dera uzp\u016b\u0161an\u0101s jeb GDV (ku\u0146\u0123a dilat\u0101cija un sagrie\u0161an\u0101s) rodas, kad \u0101tras \u0113\u0161anas rezult\u0101t\u0101 ku\u0146\u0123i piepilda p\u0101rm\u0113r\u012bgs \u0161\u0137idruma, bar\u012bbas un gaisa daudzums, kas var b\u016bt \u013coti b\u012bstami. L\u0113n\u0113\u0161anas b\u013codas ir paredz\u0113tas, lai nov\u0113rstu \u0161\u012bs probl\u0113mas, izmantojot izci\u013c\u0146us un labirintus, kas pal\u0113nina \u0113\u0161anas tempu l\u012bdz pat 10 reiz\u0113m! \u0160\u012bs b\u013codas pal\u012bdz uzlabot gremo\u0161anu, \u00a0vienlaikus nodarbina su\u0146us \u0113dienreizes laik\u0101 un samazina p\u0101r\u0113\u0161an\u0101s paradumu.<\/span><\/p>\n<p><span class=\"moze-large\">M\u0113s izveidoj\u0101m\u00a0<b>Fun Feeder Slo Tray\u00a0<\/b>l\u0113n\u0113\u0161anas b\u013codas fran\u010du buldogiem un citu brahicef\u0101lisko \u0161\u0137ir\u0146u su\u0146iem. T\u0101s ir ar zemu izci\u013c\u0146u dizainu, lai m\u016bsu m\u012blu\u013ci ar plakanu purnu var\u0113tu \u0113st vesel\u012bg\u0101k\u0101 temp\u0101. Outward Hound unik\u0101li izstr\u0101d\u0101t\u0101s Fun Feeder su\u0146u b\u013codas iesaka veterin\u0101r\u0101rsti, un t\u0101m ir izci\u013c\u0146i, kas pal\u012bdz pal\u0113nin\u0101t j\u016bsu su\u0146a \u0113\u0161anas laiku l\u012bdz pat 5 reiz\u0113m, uzlabojot visp\u0101r\u0113jo gremo\u0161anu. T\u0101s ar\u012b pal\u012bdz nov\u0113rst t\u0101das izplat\u012btas probl\u0113mas k\u0101 v\u0113dera uzp\u016b\u0161an\u0101s, regurgit\u0101cija un aptauko\u0161an\u0101s. Katr\u0101 Slo Tray b\u013cod\u0101 var ievietot l\u012bdz 1 1\/2 tases (~170 g vai 355 ml) mitr\u0101s vai saus\u0101s bar\u012bbas. Slo Tray b\u013coda ir viegli t\u012br\u0101ma, un to var mazg\u0101t trauku mazg\u0101jamaj\u0101 ma\u0161\u012bn\u0101 uz aug\u0161\u0113j\u0101 plaukta.\u00a0<\/span><\/p>\n<ul>\n<li><b>IESAKA VETERIN\u0100R\u0100RSTI:\u00a0<\/b>l\u0113n\u0113\u0161anas b\u013codas pal\u012bdz nov\u0113rst t\u0101das izplat\u012btas probl\u0113mas k\u0101 v\u0113dera uzp\u016b\u0161an\u0101s, regurgit\u0101cija un aptauko\u0161an\u0101s. M\u016bsu\u00a0<b>Fun Feeder<\/b>\u00a0l\u0113n\u0113\u0161anas b\u013codas gan izaicina, gan nodarbina j\u016bsu suni \u0113dienreizes laik\u0101, vienlaikus pal\u012bdzot samazin\u0101t p\u0101r\u0113\u0161an\u0101s paradumu.<\/li>\n<li><b>PAL\u0112NINA \u0112\u0160ANU L\u012aDZ PAT 5x: Outward Hound Fun Feeder<\/b>\u00a0su\u0146u b\u013cod\u0101m ar unik\u0101lu dizainu ir izci\u013c\u0146i, kas pal\u012bdz pal\u0113nin\u0101t j\u016bsu su\u0146a \u0113\u0161anas laiku pat 5 reiz\u0113m.<\/li>\n<li><b>IDE\u0100LI PIEM\u0112ROTA \u0160\u0136IRN\u0112M PLAKANU PURNU: Fun Feeder Slo Tray\u00a0<\/b>zem\u0101 profila izci\u013c\u0146i atvieglo brahicef\u0101lo \u0161\u0137ir\u0146u su\u0146iem, piem\u0113ram, fran\u010du buldogiem un mop\u0161iem, \u0113st vesel\u012bg\u0101 temp\u0101..<\/li>\n<li><b>AR NESL\u012aD\u012aGU PAMATNI UN NO P\u0100RTIKAI DRO\u0160IEM MATERI\u0100LIEM:\u00a0<\/b>M\u016bsu l\u0113n\u0113\u0161anas b\u013cod\u0101 ietilpst 1,5 tases (~170 g vai 355 ml) saus\u0101s vai mitr\u0101s bar\u012bbas. T\u0101 ir izveidota t\u0101, lai \u00a0notur\u0113tu gan jautr\u012bbu, gan bar\u012bbu, kam\u0113r j\u016bsu suns mekl\u0113 bar\u012bbu b\u013cod\u0101s ar jautro rakstu un nesl\u012bdo\u0161o pamatni. B\u013coda nesatur BPA, PVC un ftal\u0101tus.<\/li>\n<li><b>VIEGLA T\u012aR\u012a\u0160ANA:\u00a0<\/b>Fun Feeder su\u0146u b\u013codas var mazg\u0101t trauku mazg\u0101jam\u0101 ma\u0161\u012bn\u0101 uz aug\u0161\u0113j\u0101 plaukt\u0101. Maz\u0101k darba jums noz\u012bm\u0113 vair\u0101k rota\u013cu ar j\u016bsu suni!<\/li>\n<\/ul>\n<p><b><br \/>\n<\/b><span class=\"moze-large\"><b>Iesaka veterin\u0101r\u0101rsti! Pal\u0113nina \u0113\u0161anu pat l\u012bdz 5 x!\u00a0Var izmantot ar sauso, mitro un svaigo bar\u012bbu.<\/b><\/span><span class=\"moze-large\"><br \/>\n<\/span>Ra\u017eots \u0136\u012bn\u0101.<\/p>\n<p><img loading=\"lazy\" decoding=\"async\" class=\"\" src=\"https:\/\/site-984271.mozfiles.com\/files\/984271\/medium\/Outward_hound_logo.jpg?1662451123\" width=\"228\" height=\"93\" \/><\/p>\n<p><b>Uzzini vair\u0101k par Fun Feeder l\u0113n\u0113\u0161anas b\u013cod\u0101m:\u00a0<\/b><\/p>\n<p>DRO\u0160\u012aBA UN KOP\u0160ANA: \u0161\u012b nav ko\u0161\u013c\u0101jam\u0101 rota\u013clieta. Ja Fun Feeder b\u013coda ir boj\u0101ta, no\u0146emiet un nomainiet to. Nelietojiet mikrovi\u013c\u0146u kr\u0101sn\u012b. Paredz\u0113ts tikai m\u0101jdz\u012bvniekiem. \u0160\u012b nav b\u0113rnu rota\u013clieta. Var mazg\u0101t trauku mazg\u0101jam\u0101 ma\u0161\u012bn\u0101 uz aug\u0161\u0113j\u0101 plaukta ar zemas temperat\u016bras iestat\u012bjumu.<\/p>\n<ul>\n<li>Izm\u0113ri:\u00a03 x 26 x 26 cm.<\/li>\n<\/ul>\n<p><span style=\"color: #676767;\"><br \/>\n<\/span><span style=\"color: #676767;\"><b>Padomi un triki!<\/b><\/span><\/p>\n<ul>\n<li><b>Suns minstin\u0101s?<\/b>\u00a0Lai pamudin\u0101tu uz bar\u012bbas mekl\u0113\u0161anu, uzberiet uz bar\u012bbas p\u0101ris gar\u0161\u012bgu k\u0101rumu.<\/li>\n<li><b>K\u0101 v\u0113l vair\u0101k pal\u0113nin\u0101t?\u00a0<\/b>Pievienojiet bar\u012bbai nedaudz \u016bdens un sasald\u0113jiet to b\u013cod\u0101, lai ieg\u016btu jautru puzles sp\u0113li un v\u0113l ilg\u0101ku malt\u012btes laiku.<\/li>\n<li><b>Mainiet veidus!\u00a0<\/b>Katrs b\u013codas dizains pied\u0101v\u0101 at\u0161\u0137ir\u012bgu izaicin\u0101jumu. Mainiet b\u013codu veidus, lai malt\u012btes b\u016btu interesantas.<\/li>\n<\/ul>\n<p><iframe loading=\"lazy\" title=\"YouTube video player\" src=\"https:\/\/www.youtube.com\/embed\/j0Cc8u-JmuE\" width=\"560\" height=\"315\" frameborder=\"0\" allowfullscreen=\"allowfullscreen\"><\/iframe><\/p>\n<p><iframe loading=\"lazy\" title=\"YouTube video player\" src=\"https:\/\/www.youtube.com\/embed\/XPkp1ENGzUQ\" width=\"560\" height=\"315\" frameborder=\"0\" allowfullscreen=\"allowfullscreen\"><\/iframe><\/p>","protected":false},"excerpt":{"rendered":"<p>M\u0113s izveidoj\u0101m Fun Feeder Slo Tray l\u0113n\u0113\u0161anas b\u013codas fran\u010du buldogiem un citu brahicef\u0101lisko \u0161\u0137ir\u0146u su\u0146iem. T\u0101s ir ar zemu izci\u013c\u0146u dizainu, lai m\u016bsu m\u012blu\u013ci ar plakanu purnu var\u0113tu \u0113st vesel\u012bg\u0101k\u0101 temp\u0101. Outward Hound unik\u0101li izstr\u0101d\u0101t\u0101s Fun Feeder su\u0146u b\u013codas iesaka veterin\u0101r\u0101rsti, un t\u0101m ir izci\u013c\u0146i, kas pal\u012bdz pal\u0113nin\u0101t j\u016bsu su\u0146a \u0113\u0161anas laiku l\u012bdz pat 5 reiz\u0113m, uzlabojot visp\u0101r\u0113jo gremo\u0161anu. T\u0101s ar\u012b pal\u012bdz nov\u0113rst t\u0101das izplat\u012btas probl\u0113mas k\u0101 v\u0113dera uzp\u016b\u0161an\u0101s, regurgit\u0101cija un aptauko\u0161an\u0101s. Katr\u0101 Slo Tray b\u013cod\u0101 var ievietot l\u012bdz 1 1\/2 tases (~170 g vai 355 ml) mitr\u0101s vai saus\u0101s bar\u012bbas. Slo Tray b\u013coda ir viegli t\u012br\u0101ma, un to var mazg\u0101t trauku mazg\u0101jamaj\u0101 ma\u0161\u012bn\u0101 uz aug\u0161\u0113j\u0101 plaukta.<\/p>","protected":false},"featured_media":7445,"comment_status":"closed","ping_status":"closed","template":"","meta":[],"product_brand":[],"product_cat":[41,48],"product_tag":[],"class_list":{"0":"post-7444","1":"product","2":"type-product","3":"status-publish","4":"has-post-thumbnail","6":"product_cat-speles-suniem","7":"product_cat-suna-mieram","9":"first","10":"instock","11":"taxable","12":"shipping-taxable","13":"purchasable","14":"product-type-simple"},"yoast_head":"<!-- This site is optimized with the Yoast SEO plugin v27.5 - https:\/\/yoast.com\/product\/yoast-seo-wordpress\/ -->\n<title>Outward Hound l\u0113n\u0113\u0161anas b\u013coda FUN FEEDER Slo Tray su\u0146iem ar plakanu purnu, za\u013ca, L | MyPerfectDog.lv<\/title>\n<meta name=\"robots\" content=\"index, follow, max-snippet:-1, max-image-preview:large, max-video-preview:-1\" \/>\n<link rel=\"canonical\" href=\"https:\/\/myperfectdog.lv\/en\/product\/outward-hound-lenesanas-bloda-fun-feeder-slo-tray-suniem-ar-plakanu-purnu-zala-l\/\" \/>\n<meta property=\"og:locale\" content=\"en_GB\" \/>\n<meta property=\"og:type\" content=\"article\" \/>\n<meta property=\"og:title\" content=\"Outward Hound l\u0113n\u0113\u0161anas b\u013coda FUN FEEDER Slo Tray su\u0146iem ar plakanu purnu, za\u013ca, L | MyPerfectDog.lv\" \/>\n<meta property=\"og:description\" content=\"M\u0113s izveidoj\u0101m Fun Feeder Slo Tray l\u0113n\u0113\u0161anas b\u013codas fran\u010du buldogiem un citu brahicef\u0101lisko \u0161\u0137ir\u0146u su\u0146iem. T\u0101s ir ar zemu izci\u013c\u0146u dizainu, lai m\u016bsu m\u012blu\u013ci ar plakanu purnu var\u0113tu \u0113st vesel\u012bg\u0101k\u0101 temp\u0101. Outward Hound unik\u0101li izstr\u0101d\u0101t\u0101s Fun Feeder su\u0146u b\u013codas iesaka veterin\u0101r\u0101rsti, un t\u0101m ir izci\u013c\u0146i, kas pal\u012bdz pal\u0113nin\u0101t j\u016bsu su\u0146a \u0113\u0161anas laiku l\u012bdz pat 5 reiz\u0113m, uzlabojot visp\u0101r\u0113jo gremo\u0161anu. T\u0101s ar\u012b pal\u012bdz nov\u0113rst t\u0101das izplat\u012btas probl\u0113mas k\u0101 v\u0113dera uzp\u016b\u0161an\u0101s, regurgit\u0101cija un aptauko\u0161an\u0101s. Katr\u0101 Slo Tray b\u013cod\u0101 var ievietot l\u012bdz 1 1\/2 tases (~170 g vai 355 ml) mitr\u0101s vai saus\u0101s bar\u012bbas. Slo Tray b\u013coda ir viegli t\u012br\u0101ma, un to var mazg\u0101t trauku mazg\u0101jamaj\u0101 ma\u0161\u012bn\u0101 uz aug\u0161\u0113j\u0101 plaukta.\" \/>\n<meta property=\"og:url\" content=\"https:\/\/myperfectdog.lv\/en\/product\/outward-hound-lenesanas-bloda-fun-feeder-slo-tray-suniem-ar-plakanu-purnu-zala-l\/\" \/>\n<meta property=\"og:site_name\" content=\"MyPerfectDog.lv\" \/>\n<meta property=\"article:modified_time\" content=\"2025-10-03T18:16:31+00:00\" \/>\n<meta property=\"og:image\" content=\"https:\/\/myperfectdog.lv\/wp-content\/uploads\/2023\/08\/70647_OutwardHound_FunFeederSloTray_Mnt_LG_PDP1-90511359d9cf2c62e0d9512a569e37a3.jpg\" \/>\n\t<meta property=\"og:image:width\" content=\"772\" \/>\n\t<meta property=\"og:image:height\" content=\"900\" \/>\n\t<meta property=\"og:image:type\" content=\"image\/jpeg\" \/>\n<meta name=\"twitter:card\" content=\"summary_large_image\" \/>\n<meta name=\"twitter:label1\" content=\"Estimated reading time\" \/>\n\t<meta name=\"twitter:data1\" content=\"4 minutes\" \/>\n<script type=\"application\/ld+json\" class=\"yoast-schema-graph\">{\"@context\":\"https:\\\/\\\/schema.org\",\"@graph\":[{\"@type\":\"WebPage\",\"@id\":\"https:\\\/\\\/myperfectdog.lv\\\/products\\\/outward-hound-lenesanas-bloda-fun-feeder-slo-tray-suniem-ar-plakanu-purnu-zala-l\\\/\",\"url\":\"https:\\\/\\\/myperfectdog.lv\\\/products\\\/outward-hound-lenesanas-bloda-fun-feeder-slo-tray-suniem-ar-plakanu-purnu-zala-l\\\/\",\"name\":\"Outward Hound l\u0113n\u0113\u0161anas b\u013coda FUN FEEDER Slo Tray su\u0146iem ar plakanu purnu, za\u013ca, L | MyPerfectDog.lv\",\"isPartOf\":{\"@id\":\"https:\\\/\\\/myperfectdog.lv\\\/#website\"},\"primaryImageOfPage\":{\"@id\":\"https:\\\/\\\/myperfectdog.lv\\\/products\\\/outward-hound-lenesanas-bloda-fun-feeder-slo-tray-suniem-ar-plakanu-purnu-zala-l\\\/#primaryimage\"},\"image\":{\"@id\":\"https:\\\/\\\/myperfectdog.lv\\\/products\\\/outward-hound-lenesanas-bloda-fun-feeder-slo-tray-suniem-ar-plakanu-purnu-zala-l\\\/#primaryimage\"},\"thumbnailUrl\":\"https:\\\/\\\/myperfectdog.lv\\\/wp-content\\\/uploads\\\/2023\\\/08\\\/70647_OutwardHound_FunFeederSloTray_Mnt_LG_PDP1-90511359d9cf2c62e0d9512a569e37a3.jpg\",\"datePublished\":\"2023-08-22T07:16:01+00:00\",\"dateModified\":\"2025-10-03T18:16:31+00:00\",\"breadcrumb\":{\"@id\":\"https:\\\/\\\/myperfectdog.lv\\\/products\\\/outward-hound-lenesanas-bloda-fun-feeder-slo-tray-suniem-ar-plakanu-purnu-zala-l\\\/#breadcrumb\"},\"inLanguage\":\"en-GB\",\"potentialAction\":[{\"@type\":\"ReadAction\",\"target\":[\"https:\\\/\\\/myperfectdog.lv\\\/products\\\/outward-hound-lenesanas-bloda-fun-feeder-slo-tray-suniem-ar-plakanu-purnu-zala-l\\\/\"]}]},{\"@type\":\"ImageObject\",\"inLanguage\":\"en-GB\",\"@id\":\"https:\\\/\\\/myperfectdog.lv\\\/products\\\/outward-hound-lenesanas-bloda-fun-feeder-slo-tray-suniem-ar-plakanu-purnu-zala-l\\\/#primaryimage\",\"url\":\"https:\\\/\\\/myperfectdog.lv\\\/wp-content\\\/uploads\\\/2023\\\/08\\\/70647_OutwardHound_FunFeederSloTray_Mnt_LG_PDP1-90511359d9cf2c62e0d9512a569e37a3.jpg\",\"contentUrl\":\"https:\\\/\\\/myperfectdog.lv\\\/wp-content\\\/uploads\\\/2023\\\/08\\\/70647_OutwardHound_FunFeederSloTray_Mnt_LG_PDP1-90511359d9cf2c62e0d9512a569e37a3.jpg\",\"width\":772,\"height\":900},{\"@type\":\"BreadcrumbList\",\"@id\":\"https:\\\/\\\/myperfectdog.lv\\\/products\\\/outward-hound-lenesanas-bloda-fun-feeder-slo-tray-suniem-ar-plakanu-purnu-zala-l\\\/#breadcrumb\",\"itemListElement\":[{\"@type\":\"ListItem\",\"position\":1,\"name\":\"Home\",\"item\":\"https:\\\/\\\/myperfectdog.lv\\\/\"},{\"@type\":\"ListItem\",\"position\":2,\"name\":\"Internetveikals\",\"item\":\"https:\\\/\\\/myperfectdog.lv\\\/internetveikals\\\/\"},{\"@type\":\"ListItem\",\"position\":3,\"name\":\"Outward Hound l\u0113n\u0113\u0161anas b\u013coda FUN FEEDER Slo Tray su\u0146iem ar plakanu purnu, za\u013ca, L\"}]},{\"@type\":\"WebSite\",\"@id\":\"https:\\\/\\\/myperfectdog.lv\\\/#website\",\"url\":\"https:\\\/\\\/myperfectdog.lv\\\/\",\"name\":\"MyPerfectDog.lv\",\"description\":\"Su\u0146u un saimnieku skola\",\"publisher\":{\"@id\":\"https:\\\/\\\/myperfectdog.lv\\\/#organization\"},\"potentialAction\":[{\"@type\":\"SearchAction\",\"target\":{\"@type\":\"EntryPoint\",\"urlTemplate\":\"https:\\\/\\\/myperfectdog.lv\\\/?s={search_term_string}\"},\"query-input\":{\"@type\":\"PropertyValueSpecification\",\"valueRequired\":true,\"valueName\":\"search_term_string\"}}],\"inLanguage\":\"en-GB\"},{\"@type\":\"Organization\",\"@id\":\"https:\\\/\\\/myperfectdog.lv\\\/#organization\",\"name\":\"Su\u0146u & saimnieku skola \\\"My Perfect Dog\\\"\",\"url\":\"https:\\\/\\\/myperfectdog.lv\\\/\",\"logo\":{\"@type\":\"ImageObject\",\"inLanguage\":\"en-GB\",\"@id\":\"https:\\\/\\\/myperfectdog.lv\\\/#\\\/schema\\\/logo\\\/image\\\/\",\"url\":\"https:\\\/\\\/myperfectdog.lv\\\/wp-content\\\/uploads\\\/2020\\\/10\\\/MyPerfectDog-New-logo_peach_plakans.png\",\"contentUrl\":\"https:\\\/\\\/myperfectdog.lv\\\/wp-content\\\/uploads\\\/2020\\\/10\\\/MyPerfectDog-New-logo_peach_plakans.png\",\"width\":1200,\"height\":636,\"caption\":\"Su\u0146u & saimnieku skola \\\"My Perfect Dog\\\"\"},\"image\":{\"@id\":\"https:\\\/\\\/myperfectdog.lv\\\/#\\\/schema\\\/logo\\\/image\\\/\"}}]}<\/script>\n<!-- \/ Yoast SEO plugin. -->","yoast_head_json":{"title":"Outward Hound l\u0113n\u0113\u0161anas b\u013coda FUN FEEDER Slo Tray su\u0146iem ar plakanu purnu, za\u013ca, L | MyPerfectDog.lv","robots":{"index":"index","follow":"follow","max-snippet":"max-snippet:-1","max-image-preview":"max-image-preview:large","max-video-preview":"max-video-preview:-1"},"canonical":"https:\/\/myperfectdog.lv\/en\/product\/outward-hound-lenesanas-bloda-fun-feeder-slo-tray-suniem-ar-plakanu-purnu-zala-l\/","og_locale":"en_GB","og_type":"article","og_title":"Outward Hound l\u0113n\u0113\u0161anas b\u013coda FUN FEEDER Slo Tray su\u0146iem ar plakanu purnu, za\u013ca, L | MyPerfectDog.lv","og_description":"M\u0113s izveidoj\u0101m Fun Feeder Slo Tray l\u0113n\u0113\u0161anas b\u013codas fran\u010du buldogiem un citu brahicef\u0101lisko \u0161\u0137ir\u0146u su\u0146iem. T\u0101s ir ar zemu izci\u013c\u0146u dizainu, lai m\u016bsu m\u012blu\u013ci ar plakanu purnu var\u0113tu \u0113st vesel\u012bg\u0101k\u0101 temp\u0101. Outward Hound unik\u0101li izstr\u0101d\u0101t\u0101s Fun Feeder su\u0146u b\u013codas iesaka veterin\u0101r\u0101rsti, un t\u0101m ir izci\u013c\u0146i, kas pal\u012bdz pal\u0113nin\u0101t j\u016bsu su\u0146a \u0113\u0161anas laiku l\u012bdz pat 5 reiz\u0113m, uzlabojot visp\u0101r\u0113jo gremo\u0161anu. T\u0101s ar\u012b pal\u012bdz nov\u0113rst t\u0101das izplat\u012btas probl\u0113mas k\u0101 v\u0113dera uzp\u016b\u0161an\u0101s, regurgit\u0101cija un aptauko\u0161an\u0101s. Katr\u0101 Slo Tray b\u013cod\u0101 var ievietot l\u012bdz 1 1\/2 tases (~170 g vai 355 ml) mitr\u0101s vai saus\u0101s bar\u012bbas. Slo Tray b\u013coda ir viegli t\u012br\u0101ma, un to var mazg\u0101t trauku mazg\u0101jamaj\u0101 ma\u0161\u012bn\u0101 uz aug\u0161\u0113j\u0101 plaukta.","og_url":"https:\/\/myperfectdog.lv\/en\/product\/outward-hound-lenesanas-bloda-fun-feeder-slo-tray-suniem-ar-plakanu-purnu-zala-l\/","og_site_name":"MyPerfectDog.lv","article_modified_time":"2025-10-03T18:16:31+00:00","og_image":[{"width":772,"height":900,"url":"https:\/\/myperfectdog.lv\/wp-content\/uploads\/2023\/08\/70647_OutwardHound_FunFeederSloTray_Mnt_LG_PDP1-90511359d9cf2c62e0d9512a569e37a3.jpg","type":"image\/jpeg"}],"twitter_card":"summary_large_image","twitter_misc":{"Estimated reading time":"4 minutes"},"schema":{"@context":"https:\/\/schema.org","@graph":[{"@type":"WebPage","@id":"https:\/\/myperfectdog.lv\/products\/outward-hound-lenesanas-bloda-fun-feeder-slo-tray-suniem-ar-plakanu-purnu-zala-l\/","url":"https:\/\/myperfectdog.lv\/products\/outward-hound-lenesanas-bloda-fun-feeder-slo-tray-suniem-ar-plakanu-purnu-zala-l\/","name":"Outward Hound l\u0113n\u0113\u0161anas b\u013coda FUN FEEDER Slo Tray su\u0146iem ar plakanu purnu, za\u013ca, L | MyPerfectDog.lv","isPartOf":{"@id":"https:\/\/myperfectdog.lv\/#website"},"primaryImageOfPage":{"@id":"https:\/\/myperfectdog.lv\/products\/outward-hound-lenesanas-bloda-fun-feeder-slo-tray-suniem-ar-plakanu-purnu-zala-l\/#primaryimage"},"image":{"@id":"https:\/\/myperfectdog.lv\/products\/outward-hound-lenesanas-bloda-fun-feeder-slo-tray-suniem-ar-plakanu-purnu-zala-l\/#primaryimage"},"thumbnailUrl":"https:\/\/myperfectdog.lv\/wp-content\/uploads\/2023\/08\/70647_OutwardHound_FunFeederSloTray_Mnt_LG_PDP1-90511359d9cf2c62e0d9512a569e37a3.jpg","datePublished":"2023-08-22T07:16:01+00:00","dateModified":"2025-10-03T18:16:31+00:00","breadcrumb":{"@id":"https:\/\/myperfectdog.lv\/products\/outward-hound-lenesanas-bloda-fun-feeder-slo-tray-suniem-ar-plakanu-purnu-zala-l\/#breadcrumb"},"inLanguage":"en-GB","potentialAction":[{"@type":"ReadAction","target":["https:\/\/myperfectdog.lv\/products\/outward-hound-lenesanas-bloda-fun-feeder-slo-tray-suniem-ar-plakanu-purnu-zala-l\/"]}]},{"@type":"ImageObject","inLanguage":"en-GB","@id":"https:\/\/myperfectdog.lv\/products\/outward-hound-lenesanas-bloda-fun-feeder-slo-tray-suniem-ar-plakanu-purnu-zala-l\/#primaryimage","url":"https:\/\/myperfectdog.lv\/wp-content\/uploads\/2023\/08\/70647_OutwardHound_FunFeederSloTray_Mnt_LG_PDP1-90511359d9cf2c62e0d9512a569e37a3.jpg","contentUrl":"https:\/\/myperfectdog.lv\/wp-content\/uploads\/2023\/08\/70647_OutwardHound_FunFeederSloTray_Mnt_LG_PDP1-90511359d9cf2c62e0d9512a569e37a3.jpg","width":772,"height":900},{"@type":"BreadcrumbList","@id":"https:\/\/myperfectdog.lv\/products\/outward-hound-lenesanas-bloda-fun-feeder-slo-tray-suniem-ar-plakanu-purnu-zala-l\/#breadcrumb","itemListElement":[{"@type":"ListItem","position":1,"name":"Home","item":"https:\/\/myperfectdog.lv\/"},{"@type":"ListItem","position":2,"name":"Internetveikals","item":"https:\/\/myperfectdog.lv\/internetveikals\/"},{"@type":"ListItem","position":3,"name":"Outward Hound l\u0113n\u0113\u0161anas b\u013coda FUN FEEDER Slo Tray su\u0146iem ar plakanu purnu, za\u013ca, L"}]},{"@type":"WebSite","@id":"https:\/\/myperfectdog.lv\/#website","url":"https:\/\/myperfectdog.lv\/","name":"MyPerfectDog.lv","description":"Su\u0146u un saimnieku skola","publisher":{"@id":"https:\/\/myperfectdog.lv\/#organization"},"potentialAction":[{"@type":"SearchAction","target":{"@type":"EntryPoint","urlTemplate":"https:\/\/myperfectdog.lv\/?s={search_term_string}"},"query-input":{"@type":"PropertyValueSpecification","valueRequired":true,"valueName":"search_term_string"}}],"inLanguage":"en-GB"},{"@type":"Organization","@id":"https:\/\/myperfectdog.lv\/#organization","name":"Su\u0146u & saimnieku skola \"My Perfect Dog\"","url":"https:\/\/myperfectdog.lv\/","logo":{"@type":"ImageObject","inLanguage":"en-GB","@id":"https:\/\/myperfectdog.lv\/#\/schema\/logo\/image\/","url":"https:\/\/myperfectdog.lv\/wp-content\/uploads\/2020\/10\/MyPerfectDog-New-logo_peach_plakans.png","contentUrl":"https:\/\/myperfectdog.lv\/wp-content\/uploads\/2020\/10\/MyPerfectDog-New-logo_peach_plakans.png","width":1200,"height":636,"caption":"Su\u0146u & saimnieku skola \"My Perfect Dog\""},"image":{"@id":"https:\/\/myperfectdog.lv\/#\/schema\/logo\/image\/"}}]}},"jetpack_sharing_enabled":true,"_links":{"self":[{"href":"https:\/\/myperfectdog.lv\/en\/wp-json\/wp\/v2\/product\/7444","targetHints":{"allow":["GET"]}}],"collection":[{"href":"https:\/\/myperfectdog.lv\/en\/wp-json\/wp\/v2\/product"}],"about":[{"href":"https:\/\/myperfectdog.lv\/en\/wp-json\/wp\/v2\/types\/product"}],"replies":[{"embeddable":true,"href":"https:\/\/myperfectdog.lv\/en\/wp-json\/wp\/v2\/comments?post=7444"}],"wp:featuredmedia":[{"embeddable":true,"href":"https:\/\/myperfectdog.lv\/en\/wp-json\/wp\/v2\/media\/7445"}],"wp:attachment":[{"href":"https:\/\/myperfectdog.lv\/en\/wp-json\/wp\/v2\/media?parent=7444"}],"wp:term":[{"taxonomy":"product_brand","embeddable":true,"href":"https:\/\/myperfectdog.lv\/en\/wp-json\/wp\/v2\/product_brand?post=7444"},{"taxonomy":"product_cat","embeddable":true,"href":"https:\/\/myperfectdog.lv\/en\/wp-json\/wp\/v2\/product_cat?post=7444"},{"taxonomy":"product_tag","embeddable":true,"href":"https:\/\/myperfectdog.lv\/en\/wp-json\/wp\/v2\/product_tag?post=7444"}],"curies":[{"name":"wp","href":"https:\/\/api.w.org\/{rel}","templated":true}]}}