{"id":7592,"date":"2023-09-25T13:21:56","date_gmt":"2023-09-25T11:21:56","guid":{"rendered":"https:\/\/myperfectdog.lv\/?post_type=product&#038;p=7592"},"modified":"2026-02-20T11:29:25","modified_gmt":"2026-02-20T09:29:25","slug":"twotroubletails-aktivitasu-paklajins","status":"publish","type":"product","link":"https:\/\/myperfectdog.lv\/en\/product\/twotroubletails-aktivitasu-paklajins\/","title":{"rendered":"TwoTroubleTails &#8211; interakt\u012bvais aktivit\u0101\u0161u pakl\u0101ji\u0146\u0161"},"content":{"rendered":"<p>Izm\u0113rs: 40 x 40 cm.<\/p>\n<p>Sast\u0101vs: 100% poliesteris<\/p>\n<p>At\u013cauts mazg\u0101t ve\u013casma\u0161\u012bn\u0101<\/p>\n<p>Ra\u017eots Latvij\u0101<\/p>\n<p>&nbsp;<\/p>","protected":false},"excerpt":{"rendered":"<p>Aktivit\u0101\u0161u pakl\u0101ji\u0146\u0161 ir ide\u0101la ment\u0101l\u0101 aktivit\u0101te su\u0146iem- tie ce\u013c su\u0146a optimismu un pa\u0161p\u0101rliecin\u0101t\u012bbu, k\u0101 ar\u012b ment\u0101li un fiziski nogurdina, bet taj\u0101 pat laik\u0101 nomierina. Pakl\u0101ji\u0146\u0161 noder\u0113s ar\u012b tad, ja suns ikdien\u0101 \u0101tri \u0113d- taj\u0101 variet sab\u0113rt ikdienas bar\u012bbas devu vai k\u0101rumus un \u013caut sunim tos ar deguna pal\u012bdz\u012bbu mekl\u0113t.<\/p>\n<p>Ost\u012b\u0161anas pakl\u0101ji\u0146i pieejami da\u017e\u0101d\u0101s kr\u0101s\u0101s.<\/p>\n<p>&nbsp;<\/p>","protected":false},"featured_media":7612,"comment_status":"closed","ping_status":"closed","template":"","meta":[],"product_brand":[],"product_cat":[41],"product_tag":[],"class_list":{"0":"post-7592","1":"product","2":"type-product","3":"status-publish","4":"has-post-thumbnail","6":"product_cat-speles-suniem","8":"first","9":"instock","10":"taxable","11":"shipping-taxable","12":"purchasable","13":"product-type-variable"},"yoast_head":"<!-- This site is optimized with the Yoast SEO plugin v27.5 - https:\/\/yoast.com\/product\/yoast-seo-wordpress\/ -->\n<title>TwoTroubleTails - interakt\u012bvais aktivit\u0101\u0161u pakl\u0101ji\u0146\u0161 | MyPerfectDog.lv<\/title>\n<meta name=\"robots\" content=\"index, follow, max-snippet:-1, max-image-preview:large, max-video-preview:-1\" \/>\n<link rel=\"canonical\" href=\"https:\/\/myperfectdog.lv\/en\/product\/twotroubletails-aktivitasu-paklajins\/\" \/>\n<meta property=\"og:locale\" content=\"en_GB\" \/>\n<meta property=\"og:type\" content=\"article\" \/>\n<meta property=\"og:title\" content=\"TwoTroubleTails - interakt\u012bvais aktivit\u0101\u0161u pakl\u0101ji\u0146\u0161 | MyPerfectDog.lv\" \/>\n<meta property=\"og:description\" content=\"Aktivit\u0101\u0161u pakl\u0101ji\u0146\u0161 ir ide\u0101la ment\u0101l\u0101 aktivit\u0101te su\u0146iem- tie ce\u013c su\u0146a optimismu un pa\u0161p\u0101rliecin\u0101t\u012bbu, k\u0101 ar\u012b ment\u0101li un fiziski nogurdina, bet taj\u0101 pat laik\u0101 nomierina. Pakl\u0101ji\u0146\u0161 noder\u0113s ar\u012b tad, ja suns ikdien\u0101 \u0101tri \u0113d- taj\u0101 variet sab\u0113rt ikdienas bar\u012bbas devu vai k\u0101rumus un \u013caut sunim tos ar deguna pal\u012bdz\u012bbu mekl\u0113t.  Ost\u012b\u0161anas pakl\u0101ji\u0146i pieejami da\u017e\u0101d\u0101s kr\u0101s\u0101s.  &nbsp;\" \/>\n<meta property=\"og:url\" content=\"https:\/\/myperfectdog.lv\/en\/product\/twotroubletails-aktivitasu-paklajins\/\" \/>\n<meta property=\"og:site_name\" content=\"MyPerfectDog.lv\" \/>\n<meta property=\"article:modified_time\" content=\"2026-02-20T09:29:25+00:00\" \/>\n<meta property=\"og:image\" content=\"https:\/\/myperfectdog.lv\/wp-content\/uploads\/2023\/09\/MG_6205-scaled.jpg\" \/>\n\t<meta property=\"og:image:width\" content=\"2560\" \/>\n\t<meta property=\"og:image:height\" content=\"2047\" \/>\n\t<meta property=\"og:image:type\" content=\"image\/jpeg\" \/>\n<meta name=\"twitter:card\" content=\"summary_large_image\" \/>\n<meta name=\"twitter:label1\" content=\"Estimated reading time\" \/>\n\t<meta name=\"twitter:data1\" content=\"1 minute\" \/>\n<script type=\"application\/ld+json\" class=\"yoast-schema-graph\">{\"@context\":\"https:\\\/\\\/schema.org\",\"@graph\":[{\"@type\":\"WebPage\",\"@id\":\"https:\\\/\\\/myperfectdog.lv\\\/products\\\/twotroubletails-aktivitasu-paklajins\\\/\",\"url\":\"https:\\\/\\\/myperfectdog.lv\\\/products\\\/twotroubletails-aktivitasu-paklajins\\\/\",\"name\":\"TwoTroubleTails - interakt\u012bvais aktivit\u0101\u0161u pakl\u0101ji\u0146\u0161 | MyPerfectDog.lv\",\"isPartOf\":{\"@id\":\"https:\\\/\\\/myperfectdog.lv\\\/#website\"},\"primaryImageOfPage\":{\"@id\":\"https:\\\/\\\/myperfectdog.lv\\\/products\\\/twotroubletails-aktivitasu-paklajins\\\/#primaryimage\"},\"image\":{\"@id\":\"https:\\\/\\\/myperfectdog.lv\\\/products\\\/twotroubletails-aktivitasu-paklajins\\\/#primaryimage\"},\"thumbnailUrl\":\"https:\\\/\\\/myperfectdog.lv\\\/wp-content\\\/uploads\\\/2023\\\/09\\\/MG_6205-scaled.jpg\",\"datePublished\":\"2023-09-25T11:21:56+00:00\",\"dateModified\":\"2026-02-20T09:29:25+00:00\",\"breadcrumb\":{\"@id\":\"https:\\\/\\\/myperfectdog.lv\\\/products\\\/twotroubletails-aktivitasu-paklajins\\\/#breadcrumb\"},\"inLanguage\":\"en-GB\",\"potentialAction\":[{\"@type\":\"ReadAction\",\"target\":[\"https:\\\/\\\/myperfectdog.lv\\\/products\\\/twotroubletails-aktivitasu-paklajins\\\/\"]}]},{\"@type\":\"ImageObject\",\"inLanguage\":\"en-GB\",\"@id\":\"https:\\\/\\\/myperfectdog.lv\\\/products\\\/twotroubletails-aktivitasu-paklajins\\\/#primaryimage\",\"url\":\"https:\\\/\\\/myperfectdog.lv\\\/wp-content\\\/uploads\\\/2023\\\/09\\\/MG_6205-scaled.jpg\",\"contentUrl\":\"https:\\\/\\\/myperfectdog.lv\\\/wp-content\\\/uploads\\\/2023\\\/09\\\/MG_6205-scaled.jpg\",\"width\":2560,\"height\":2047},{\"@type\":\"BreadcrumbList\",\"@id\":\"https:\\\/\\\/myperfectdog.lv\\\/products\\\/twotroubletails-aktivitasu-paklajins\\\/#breadcrumb\",\"itemListElement\":[{\"@type\":\"ListItem\",\"position\":1,\"name\":\"Home\",\"item\":\"https:\\\/\\\/myperfectdog.lv\\\/\"},{\"@type\":\"ListItem\",\"position\":2,\"name\":\"Internetveikals\",\"item\":\"https:\\\/\\\/myperfectdog.lv\\\/internetveikals\\\/\"},{\"@type\":\"ListItem\",\"position\":3,\"name\":\"TwoTroubleTails &#8211; interakt\u012bvais aktivit\u0101\u0161u pakl\u0101ji\u0146\u0161\"}]},{\"@type\":\"WebSite\",\"@id\":\"https:\\\/\\\/myperfectdog.lv\\\/#website\",\"url\":\"https:\\\/\\\/myperfectdog.lv\\\/\",\"name\":\"MyPerfectDog.lv\",\"description\":\"Su\u0146u un saimnieku skola\",\"publisher\":{\"@id\":\"https:\\\/\\\/myperfectdog.lv\\\/#organization\"},\"potentialAction\":[{\"@type\":\"SearchAction\",\"target\":{\"@type\":\"EntryPoint\",\"urlTemplate\":\"https:\\\/\\\/myperfectdog.lv\\\/?s={search_term_string}\"},\"query-input\":{\"@type\":\"PropertyValueSpecification\",\"valueRequired\":true,\"valueName\":\"search_term_string\"}}],\"inLanguage\":\"en-GB\"},{\"@type\":\"Organization\",\"@id\":\"https:\\\/\\\/myperfectdog.lv\\\/#organization\",\"name\":\"Su\u0146u & saimnieku skola \\\"My Perfect Dog\\\"\",\"url\":\"https:\\\/\\\/myperfectdog.lv\\\/\",\"logo\":{\"@type\":\"ImageObject\",\"inLanguage\":\"en-GB\",\"@id\":\"https:\\\/\\\/myperfectdog.lv\\\/#\\\/schema\\\/logo\\\/image\\\/\",\"url\":\"https:\\\/\\\/myperfectdog.lv\\\/wp-content\\\/uploads\\\/2020\\\/10\\\/MyPerfectDog-New-logo_peach_plakans.png\",\"contentUrl\":\"https:\\\/\\\/myperfectdog.lv\\\/wp-content\\\/uploads\\\/2020\\\/10\\\/MyPerfectDog-New-logo_peach_plakans.png\",\"width\":1200,\"height\":636,\"caption\":\"Su\u0146u & saimnieku skola \\\"My Perfect Dog\\\"\"},\"image\":{\"@id\":\"https:\\\/\\\/myperfectdog.lv\\\/#\\\/schema\\\/logo\\\/image\\\/\"}}]}<\/script>\n<!-- \/ Yoast SEO plugin. -->","yoast_head_json":{"title":"TwoTroubleTails - interakt\u012bvais aktivit\u0101\u0161u pakl\u0101ji\u0146\u0161 | MyPerfectDog.lv","robots":{"index":"index","follow":"follow","max-snippet":"max-snippet:-1","max-image-preview":"max-image-preview:large","max-video-preview":"max-video-preview:-1"},"canonical":"https:\/\/myperfectdog.lv\/en\/product\/twotroubletails-aktivitasu-paklajins\/","og_locale":"en_GB","og_type":"article","og_title":"TwoTroubleTails - interakt\u012bvais aktivit\u0101\u0161u pakl\u0101ji\u0146\u0161 | MyPerfectDog.lv","og_description":"Aktivit\u0101\u0161u pakl\u0101ji\u0146\u0161 ir ide\u0101la ment\u0101l\u0101 aktivit\u0101te su\u0146iem- tie ce\u013c su\u0146a optimismu un pa\u0161p\u0101rliecin\u0101t\u012bbu, k\u0101 ar\u012b ment\u0101li un fiziski nogurdina, bet taj\u0101 pat laik\u0101 nomierina. Pakl\u0101ji\u0146\u0161 noder\u0113s ar\u012b tad, ja suns ikdien\u0101 \u0101tri \u0113d- taj\u0101 variet sab\u0113rt ikdienas bar\u012bbas devu vai k\u0101rumus un \u013caut sunim tos ar deguna pal\u012bdz\u012bbu mekl\u0113t.  Ost\u012b\u0161anas pakl\u0101ji\u0146i pieejami da\u017e\u0101d\u0101s kr\u0101s\u0101s.  &nbsp;","og_url":"https:\/\/myperfectdog.lv\/en\/product\/twotroubletails-aktivitasu-paklajins\/","og_site_name":"MyPerfectDog.lv","article_modified_time":"2026-02-20T09:29:25+00:00","og_image":[{"width":2560,"height":2047,"url":"https:\/\/myperfectdog.lv\/wp-content\/uploads\/2023\/09\/MG_6205-scaled.jpg","type":"image\/jpeg"}],"twitter_card":"summary_large_image","twitter_misc":{"Estimated reading time":"1 minute"},"schema":{"@context":"https:\/\/schema.org","@graph":[{"@type":"WebPage","@id":"https:\/\/myperfectdog.lv\/products\/twotroubletails-aktivitasu-paklajins\/","url":"https:\/\/myperfectdog.lv\/products\/twotroubletails-aktivitasu-paklajins\/","name":"TwoTroubleTails - interakt\u012bvais aktivit\u0101\u0161u pakl\u0101ji\u0146\u0161 | MyPerfectDog.lv","isPartOf":{"@id":"https:\/\/myperfectdog.lv\/#website"},"primaryImageOfPage":{"@id":"https:\/\/myperfectdog.lv\/products\/twotroubletails-aktivitasu-paklajins\/#primaryimage"},"image":{"@id":"https:\/\/myperfectdog.lv\/products\/twotroubletails-aktivitasu-paklajins\/#primaryimage"},"thumbnailUrl":"https:\/\/myperfectdog.lv\/wp-content\/uploads\/2023\/09\/MG_6205-scaled.jpg","datePublished":"2023-09-25T11:21:56+00:00","dateModified":"2026-02-20T09:29:25+00:00","breadcrumb":{"@id":"https:\/\/myperfectdog.lv\/products\/twotroubletails-aktivitasu-paklajins\/#breadcrumb"},"inLanguage":"en-GB","potentialAction":[{"@type":"ReadAction","target":["https:\/\/myperfectdog.lv\/products\/twotroubletails-aktivitasu-paklajins\/"]}]},{"@type":"ImageObject","inLanguage":"en-GB","@id":"https:\/\/myperfectdog.lv\/products\/twotroubletails-aktivitasu-paklajins\/#primaryimage","url":"https:\/\/myperfectdog.lv\/wp-content\/uploads\/2023\/09\/MG_6205-scaled.jpg","contentUrl":"https:\/\/myperfectdog.lv\/wp-content\/uploads\/2023\/09\/MG_6205-scaled.jpg","width":2560,"height":2047},{"@type":"BreadcrumbList","@id":"https:\/\/myperfectdog.lv\/products\/twotroubletails-aktivitasu-paklajins\/#breadcrumb","itemListElement":[{"@type":"ListItem","position":1,"name":"Home","item":"https:\/\/myperfectdog.lv\/"},{"@type":"ListItem","position":2,"name":"Internetveikals","item":"https:\/\/myperfectdog.lv\/internetveikals\/"},{"@type":"ListItem","position":3,"name":"TwoTroubleTails &#8211; interakt\u012bvais aktivit\u0101\u0161u pakl\u0101ji\u0146\u0161"}]},{"@type":"WebSite","@id":"https:\/\/myperfectdog.lv\/#website","url":"https:\/\/myperfectdog.lv\/","name":"MyPerfectDog.lv","description":"Su\u0146u un saimnieku skola","publisher":{"@id":"https:\/\/myperfectdog.lv\/#organization"},"potentialAction":[{"@type":"SearchAction","target":{"@type":"EntryPoint","urlTemplate":"https:\/\/myperfectdog.lv\/?s={search_term_string}"},"query-input":{"@type":"PropertyValueSpecification","valueRequired":true,"valueName":"search_term_string"}}],"inLanguage":"en-GB"},{"@type":"Organization","@id":"https:\/\/myperfectdog.lv\/#organization","name":"Su\u0146u & saimnieku skola \"My Perfect Dog\"","url":"https:\/\/myperfectdog.lv\/","logo":{"@type":"ImageObject","inLanguage":"en-GB","@id":"https:\/\/myperfectdog.lv\/#\/schema\/logo\/image\/","url":"https:\/\/myperfectdog.lv\/wp-content\/uploads\/2020\/10\/MyPerfectDog-New-logo_peach_plakans.png","contentUrl":"https:\/\/myperfectdog.lv\/wp-content\/uploads\/2020\/10\/MyPerfectDog-New-logo_peach_plakans.png","width":1200,"height":636,"caption":"Su\u0146u & saimnieku skola \"My Perfect Dog\""},"image":{"@id":"https:\/\/myperfectdog.lv\/#\/schema\/logo\/image\/"}}]}},"jetpack_sharing_enabled":true,"_links":{"self":[{"href":"https:\/\/myperfectdog.lv\/en\/wp-json\/wp\/v2\/product\/7592","targetHints":{"allow":["GET"]}}],"collection":[{"href":"https:\/\/myperfectdog.lv\/en\/wp-json\/wp\/v2\/product"}],"about":[{"href":"https:\/\/myperfectdog.lv\/en\/wp-json\/wp\/v2\/types\/product"}],"replies":[{"embeddable":true,"href":"https:\/\/myperfectdog.lv\/en\/wp-json\/wp\/v2\/comments?post=7592"}],"wp:featuredmedia":[{"embeddable":true,"href":"https:\/\/myperfectdog.lv\/en\/wp-json\/wp\/v2\/media\/7612"}],"wp:attachment":[{"href":"https:\/\/myperfectdog.lv\/en\/wp-json\/wp\/v2\/media?parent=7592"}],"wp:term":[{"taxonomy":"product_brand","embeddable":true,"href":"https:\/\/myperfectdog.lv\/en\/wp-json\/wp\/v2\/product_brand?post=7592"},{"taxonomy":"product_cat","embeddable":true,"href":"https:\/\/myperfectdog.lv\/en\/wp-json\/wp\/v2\/product_cat?post=7592"},{"taxonomy":"product_tag","embeddable":true,"href":"https:\/\/myperfectdog.lv\/en\/wp-json\/wp\/v2\/product_tag?post=7592"}],"curies":[{"name":"wp","href":"https:\/\/api.w.org\/{rel}","templated":true}]}}