{"id":7997,"date":"2023-11-15T14:17:29","date_gmt":"2023-11-15T12:17:29","guid":{"rendered":"https:\/\/myperfectdog.lv\/?post_type=product&#038;p=7997"},"modified":"2026-04-28T11:50:32","modified_gmt":"2026-04-28T09:50:32","slug":"kucenu-socializacijas-nodarbibas","status":"publish","type":"product","link":"https:\/\/myperfectdog.lv\/en\/product\/kucenu-socializacijas-nodarbibas\/","title":{"rendered":"Kuc\u0113nu socializ\u0101cijas 5 nodarb\u012bbu kurss"},"content":{"rendered":"","protected":false},"excerpt":{"rendered":"<p>Kuc\u0113na socializ\u0101cija ir viens no svar\u012bg\u0101kajiem procesiem su\u0146a m\u016b\u017e\u0101, kas liel\u0101 m\u0113r\u0101 nosaka to, k\u0101das b\u016bs su\u0146a attiec\u012bbas ar apk\u0101rt\u0113jo pasauli. T\u0101p\u0113c ir \u013coti svar\u012bgi saimniekiem b\u016bt gana zino\u0161iem, lai savam kuc\u0113nam \u0161o socializ\u0101cijas periodu un procesu nodro\u0161in\u0101tu maksim\u0101li veiksm\u012bgu.<\/p>\n<p><strong>Veiksmes atsl\u0113ga ir PAK\u0100PENISKUMS, MIERS UN LABU ASOCI\u0100CIJU NODRO\u0160IN\u0100\u0160ANA!<\/strong><\/p>\n<p>\u0160aj\u0101 kuc\u0113nu socializ\u0101cijas 5 nodarb\u012bbu kurs\u0101 m\u0101c\u012bsim Jums un J\u016bsu kuc\u0113nam tie\u0161i to!<\/p>\n<p>\u0160is kurss ir piem\u0113rots Tev un Tavam kuc\u0113nam, ja vi\u0146\u0161\/vi\u0146a ir 3,5-6 m\u0113ne\u0161u vecum\u0101.<\/p>\n<p><a href=\"https:\/\/myperfectdog.lv\/en\/izglitojosi-raksti\/suna-socializacija\/\">Te papildus noder\u012bgs raksts par svar\u012bg\u0101ko su\u0146u socializ\u0101cij\u0101.<\/a><\/p>\n<p>Kursa pilna maksa 90 eiro, ja pirms tam esi pievienojies kuc\u0113nu socializ\u0101cijas lekcijai vai ieg\u0101d\u0101jies ierakstu, otrreiz apmaksa par to nav j\u0101veic. Tas attiecas tikai uz <strong>Kuc\u0113nu socializ\u0101cijas lekcijas ieg\u0101di!!!<\/strong><\/p>","protected":false},"featured_media":7998,"comment_status":"closed","ping_status":"closed","template":"","meta":[],"product_brand":[],"product_cat":[43],"product_tag":[],"class_list":{"0":"post-7997","1":"product","2":"type-product","3":"status-publish","4":"has-post-thumbnail","6":"product_cat-izglitojosi","8":"first","9":"instock","10":"taxable","11":"shipping-taxable","12":"purchasable","13":"product-type-variable"},"yoast_head":"<!-- This site is optimized with the Yoast SEO plugin v27.6 - https:\/\/yoast.com\/product\/yoast-seo-wordpress\/ -->\n<title>Kuc\u0113nu socializ\u0101cijas 5 nodarb\u012bbu kurss | MyPerfectDog.lv<\/title>\n<meta name=\"robots\" content=\"index, follow, max-snippet:-1, max-image-preview:large, max-video-preview:-1\" \/>\n<link rel=\"canonical\" href=\"https:\/\/myperfectdog.lv\/en\/product\/kucenu-socializacijas-nodarbibas\/\" \/>\n<meta property=\"og:locale\" content=\"en_GB\" \/>\n<meta property=\"og:type\" content=\"article\" \/>\n<meta property=\"og:title\" content=\"Kuc\u0113nu socializ\u0101cijas 5 nodarb\u012bbu kurss | MyPerfectDog.lv\" \/>\n<meta property=\"og:description\" content=\"Kuc\u0113na socializ\u0101cija ir viens no svar\u012bg\u0101kajiem procesiem su\u0146a m\u016b\u017e\u0101, kas liel\u0101 m\u0113r\u0101 nosaka to, k\u0101das b\u016bs su\u0146a attiec\u012bbas ar apk\u0101rt\u0113jo pasauli. T\u0101p\u0113c ir \u013coti svar\u012bgi saimniekiem b\u016bt gana zino\u0161iem, lai savam kuc\u0113nam \u0161o socializ\u0101cijas periodu un procesu nodro\u0161in\u0101tu maksim\u0101li veiksm\u012bgu.  Veiksmes atsl\u0113ga ir PAK\u0100PENISKUMS, MIERS UN LABU ASOCI\u0100CIJU NODRO\u0160IN\u0100\u0160ANA!  \u0160aj\u0101 kuc\u0113nu socializ\u0101cijas 5 nodarb\u012bbu kurs\u0101 m\u0101c\u012bsim Jums un J\u016bsu kuc\u0113nam tie\u0161i to!  \u0160is kurss ir piem\u0113rots Tev un Tavam kuc\u0113nam, ja vi\u0146\u0161\/vi\u0146a ir 3,5-6 m\u0113ne\u0161u vecum\u0101.  Te papildus noder\u012bgs raksts par svar\u012bg\u0101ko su\u0146u socializ\u0101cij\u0101.  Kursa pilna maksa 90 eiro, ja pirms tam esi pievienojies kuc\u0113nu socializ\u0101cijas lekcijai vai ieg\u0101d\u0101jies ierakstu, otrreiz apmaksa par to nav j\u0101veic. Tas attiecas tikai uz Kuc\u0113nu socializ\u0101cijas lekcijas ieg\u0101di!!!\" \/>\n<meta property=\"og:url\" content=\"https:\/\/myperfectdog.lv\/en\/product\/kucenu-socializacijas-nodarbibas\/\" \/>\n<meta property=\"og:site_name\" content=\"MyPerfectDog.lv\" \/>\n<meta property=\"article:modified_time\" content=\"2026-04-28T09:50:32+00:00\" \/>\n<meta property=\"og:image\" content=\"https:\/\/myperfectdog.lv\/wp-content\/uploads\/2023\/11\/20231115_140348_0000.jpg\" \/>\n\t<meta property=\"og:image:width\" content=\"1080\" \/>\n\t<meta property=\"og:image:height\" content=\"1080\" \/>\n\t<meta property=\"og:image:type\" content=\"image\/jpeg\" \/>\n<meta name=\"twitter:card\" content=\"summary_large_image\" \/>\n<meta name=\"twitter:label1\" content=\"Estimated reading time\" \/>\n\t<meta name=\"twitter:data1\" content=\"1 minute\" \/>\n<script type=\"application\/ld+json\" class=\"yoast-schema-graph\">{\"@context\":\"https:\\\/\\\/schema.org\",\"@graph\":[{\"@type\":\"WebPage\",\"@id\":\"https:\\\/\\\/myperfectdog.lv\\\/products\\\/kucenu-socializacijas-nodarbibas\\\/\",\"url\":\"https:\\\/\\\/myperfectdog.lv\\\/products\\\/kucenu-socializacijas-nodarbibas\\\/\",\"name\":\"Kuc\u0113nu socializ\u0101cijas 5 nodarb\u012bbu kurss | MyPerfectDog.lv\",\"isPartOf\":{\"@id\":\"https:\\\/\\\/myperfectdog.lv\\\/#website\"},\"primaryImageOfPage\":{\"@id\":\"https:\\\/\\\/myperfectdog.lv\\\/products\\\/kucenu-socializacijas-nodarbibas\\\/#primaryimage\"},\"image\":{\"@id\":\"https:\\\/\\\/myperfectdog.lv\\\/products\\\/kucenu-socializacijas-nodarbibas\\\/#primaryimage\"},\"thumbnailUrl\":\"https:\\\/\\\/myperfectdog.lv\\\/wp-content\\\/uploads\\\/2023\\\/11\\\/20231115_140348_0000.jpg\",\"datePublished\":\"2023-11-15T12:17:29+00:00\",\"dateModified\":\"2026-04-28T09:50:32+00:00\",\"breadcrumb\":{\"@id\":\"https:\\\/\\\/myperfectdog.lv\\\/products\\\/kucenu-socializacijas-nodarbibas\\\/#breadcrumb\"},\"inLanguage\":\"en-GB\",\"potentialAction\":[{\"@type\":\"ReadAction\",\"target\":[\"https:\\\/\\\/myperfectdog.lv\\\/products\\\/kucenu-socializacijas-nodarbibas\\\/\"]}]},{\"@type\":\"ImageObject\",\"inLanguage\":\"en-GB\",\"@id\":\"https:\\\/\\\/myperfectdog.lv\\\/products\\\/kucenu-socializacijas-nodarbibas\\\/#primaryimage\",\"url\":\"https:\\\/\\\/myperfectdog.lv\\\/wp-content\\\/uploads\\\/2023\\\/11\\\/20231115_140348_0000.jpg\",\"contentUrl\":\"https:\\\/\\\/myperfectdog.lv\\\/wp-content\\\/uploads\\\/2023\\\/11\\\/20231115_140348_0000.jpg\",\"width\":1080,\"height\":1080},{\"@type\":\"BreadcrumbList\",\"@id\":\"https:\\\/\\\/myperfectdog.lv\\\/products\\\/kucenu-socializacijas-nodarbibas\\\/#breadcrumb\",\"itemListElement\":[{\"@type\":\"ListItem\",\"position\":1,\"name\":\"Home\",\"item\":\"https:\\\/\\\/myperfectdog.lv\\\/\"},{\"@type\":\"ListItem\",\"position\":2,\"name\":\"Internetveikals\",\"item\":\"https:\\\/\\\/myperfectdog.lv\\\/internetveikals\\\/\"},{\"@type\":\"ListItem\",\"position\":3,\"name\":\"Kuc\u0113nu socializ\u0101cijas 5 nodarb\u012bbu kurss\"}]},{\"@type\":\"WebSite\",\"@id\":\"https:\\\/\\\/myperfectdog.lv\\\/#website\",\"url\":\"https:\\\/\\\/myperfectdog.lv\\\/\",\"name\":\"MyPerfectDog.lv\",\"description\":\"Su\u0146u un saimnieku skola\",\"publisher\":{\"@id\":\"https:\\\/\\\/myperfectdog.lv\\\/#organization\"},\"potentialAction\":[{\"@type\":\"SearchAction\",\"target\":{\"@type\":\"EntryPoint\",\"urlTemplate\":\"https:\\\/\\\/myperfectdog.lv\\\/?s={search_term_string}\"},\"query-input\":{\"@type\":\"PropertyValueSpecification\",\"valueRequired\":true,\"valueName\":\"search_term_string\"}}],\"inLanguage\":\"en-GB\"},{\"@type\":\"Organization\",\"@id\":\"https:\\\/\\\/myperfectdog.lv\\\/#organization\",\"name\":\"Su\u0146u & saimnieku skola \\\"My Perfect Dog\\\"\",\"url\":\"https:\\\/\\\/myperfectdog.lv\\\/\",\"logo\":{\"@type\":\"ImageObject\",\"inLanguage\":\"en-GB\",\"@id\":\"https:\\\/\\\/myperfectdog.lv\\\/#\\\/schema\\\/logo\\\/image\\\/\",\"url\":\"https:\\\/\\\/myperfectdog.lv\\\/wp-content\\\/uploads\\\/2020\\\/10\\\/MyPerfectDog-New-logo_peach_plakans.png\",\"contentUrl\":\"https:\\\/\\\/myperfectdog.lv\\\/wp-content\\\/uploads\\\/2020\\\/10\\\/MyPerfectDog-New-logo_peach_plakans.png\",\"width\":1200,\"height\":636,\"caption\":\"Su\u0146u & saimnieku skola \\\"My Perfect Dog\\\"\"},\"image\":{\"@id\":\"https:\\\/\\\/myperfectdog.lv\\\/#\\\/schema\\\/logo\\\/image\\\/\"}}]}<\/script>\n<!-- \/ Yoast SEO plugin. -->","yoast_head_json":{"title":"Kuc\u0113nu socializ\u0101cijas 5 nodarb\u012bbu kurss | MyPerfectDog.lv","robots":{"index":"index","follow":"follow","max-snippet":"max-snippet:-1","max-image-preview":"max-image-preview:large","max-video-preview":"max-video-preview:-1"},"canonical":"https:\/\/myperfectdog.lv\/en\/product\/kucenu-socializacijas-nodarbibas\/","og_locale":"en_GB","og_type":"article","og_title":"Kuc\u0113nu socializ\u0101cijas 5 nodarb\u012bbu kurss | MyPerfectDog.lv","og_description":"Kuc\u0113na socializ\u0101cija ir viens no svar\u012bg\u0101kajiem procesiem su\u0146a m\u016b\u017e\u0101, kas liel\u0101 m\u0113r\u0101 nosaka to, k\u0101das b\u016bs su\u0146a attiec\u012bbas ar apk\u0101rt\u0113jo pasauli. T\u0101p\u0113c ir \u013coti svar\u012bgi saimniekiem b\u016bt gana zino\u0161iem, lai savam kuc\u0113nam \u0161o socializ\u0101cijas periodu un procesu nodro\u0161in\u0101tu maksim\u0101li veiksm\u012bgu.  Veiksmes atsl\u0113ga ir PAK\u0100PENISKUMS, MIERS UN LABU ASOCI\u0100CIJU NODRO\u0160IN\u0100\u0160ANA!  \u0160aj\u0101 kuc\u0113nu socializ\u0101cijas 5 nodarb\u012bbu kurs\u0101 m\u0101c\u012bsim Jums un J\u016bsu kuc\u0113nam tie\u0161i to!  \u0160is kurss ir piem\u0113rots Tev un Tavam kuc\u0113nam, ja vi\u0146\u0161\/vi\u0146a ir 3,5-6 m\u0113ne\u0161u vecum\u0101.  Te papildus noder\u012bgs raksts par svar\u012bg\u0101ko su\u0146u socializ\u0101cij\u0101.  Kursa pilna maksa 90 eiro, ja pirms tam esi pievienojies kuc\u0113nu socializ\u0101cijas lekcijai vai ieg\u0101d\u0101jies ierakstu, otrreiz apmaksa par to nav j\u0101veic. Tas attiecas tikai uz Kuc\u0113nu socializ\u0101cijas lekcijas ieg\u0101di!!!","og_url":"https:\/\/myperfectdog.lv\/en\/product\/kucenu-socializacijas-nodarbibas\/","og_site_name":"MyPerfectDog.lv","article_modified_time":"2026-04-28T09:50:32+00:00","og_image":[{"width":1080,"height":1080,"url":"https:\/\/myperfectdog.lv\/wp-content\/uploads\/2023\/11\/20231115_140348_0000.jpg","type":"image\/jpeg"}],"twitter_card":"summary_large_image","twitter_misc":{"Estimated reading time":"1 minute"},"schema":{"@context":"https:\/\/schema.org","@graph":[{"@type":"WebPage","@id":"https:\/\/myperfectdog.lv\/products\/kucenu-socializacijas-nodarbibas\/","url":"https:\/\/myperfectdog.lv\/products\/kucenu-socializacijas-nodarbibas\/","name":"Kuc\u0113nu socializ\u0101cijas 5 nodarb\u012bbu kurss | MyPerfectDog.lv","isPartOf":{"@id":"https:\/\/myperfectdog.lv\/#website"},"primaryImageOfPage":{"@id":"https:\/\/myperfectdog.lv\/products\/kucenu-socializacijas-nodarbibas\/#primaryimage"},"image":{"@id":"https:\/\/myperfectdog.lv\/products\/kucenu-socializacijas-nodarbibas\/#primaryimage"},"thumbnailUrl":"https:\/\/myperfectdog.lv\/wp-content\/uploads\/2023\/11\/20231115_140348_0000.jpg","datePublished":"2023-11-15T12:17:29+00:00","dateModified":"2026-04-28T09:50:32+00:00","breadcrumb":{"@id":"https:\/\/myperfectdog.lv\/products\/kucenu-socializacijas-nodarbibas\/#breadcrumb"},"inLanguage":"en-GB","potentialAction":[{"@type":"ReadAction","target":["https:\/\/myperfectdog.lv\/products\/kucenu-socializacijas-nodarbibas\/"]}]},{"@type":"ImageObject","inLanguage":"en-GB","@id":"https:\/\/myperfectdog.lv\/products\/kucenu-socializacijas-nodarbibas\/#primaryimage","url":"https:\/\/myperfectdog.lv\/wp-content\/uploads\/2023\/11\/20231115_140348_0000.jpg","contentUrl":"https:\/\/myperfectdog.lv\/wp-content\/uploads\/2023\/11\/20231115_140348_0000.jpg","width":1080,"height":1080},{"@type":"BreadcrumbList","@id":"https:\/\/myperfectdog.lv\/products\/kucenu-socializacijas-nodarbibas\/#breadcrumb","itemListElement":[{"@type":"ListItem","position":1,"name":"Home","item":"https:\/\/myperfectdog.lv\/"},{"@type":"ListItem","position":2,"name":"Internetveikals","item":"https:\/\/myperfectdog.lv\/internetveikals\/"},{"@type":"ListItem","position":3,"name":"Kuc\u0113nu socializ\u0101cijas 5 nodarb\u012bbu kurss"}]},{"@type":"WebSite","@id":"https:\/\/myperfectdog.lv\/#website","url":"https:\/\/myperfectdog.lv\/","name":"MyPerfectDog.lv","description":"Su\u0146u un saimnieku skola","publisher":{"@id":"https:\/\/myperfectdog.lv\/#organization"},"potentialAction":[{"@type":"SearchAction","target":{"@type":"EntryPoint","urlTemplate":"https:\/\/myperfectdog.lv\/?s={search_term_string}"},"query-input":{"@type":"PropertyValueSpecification","valueRequired":true,"valueName":"search_term_string"}}],"inLanguage":"en-GB"},{"@type":"Organization","@id":"https:\/\/myperfectdog.lv\/#organization","name":"Su\u0146u & saimnieku skola \"My Perfect Dog\"","url":"https:\/\/myperfectdog.lv\/","logo":{"@type":"ImageObject","inLanguage":"en-GB","@id":"https:\/\/myperfectdog.lv\/#\/schema\/logo\/image\/","url":"https:\/\/myperfectdog.lv\/wp-content\/uploads\/2020\/10\/MyPerfectDog-New-logo_peach_plakans.png","contentUrl":"https:\/\/myperfectdog.lv\/wp-content\/uploads\/2020\/10\/MyPerfectDog-New-logo_peach_plakans.png","width":1200,"height":636,"caption":"Su\u0146u & saimnieku skola \"My Perfect Dog\""},"image":{"@id":"https:\/\/myperfectdog.lv\/#\/schema\/logo\/image\/"}}]}},"jetpack_sharing_enabled":true,"_links":{"self":[{"href":"https:\/\/myperfectdog.lv\/en\/wp-json\/wp\/v2\/product\/7997","targetHints":{"allow":["GET"]}}],"collection":[{"href":"https:\/\/myperfectdog.lv\/en\/wp-json\/wp\/v2\/product"}],"about":[{"href":"https:\/\/myperfectdog.lv\/en\/wp-json\/wp\/v2\/types\/product"}],"replies":[{"embeddable":true,"href":"https:\/\/myperfectdog.lv\/en\/wp-json\/wp\/v2\/comments?post=7997"}],"wp:featuredmedia":[{"embeddable":true,"href":"https:\/\/myperfectdog.lv\/en\/wp-json\/wp\/v2\/media\/7998"}],"wp:attachment":[{"href":"https:\/\/myperfectdog.lv\/en\/wp-json\/wp\/v2\/media?parent=7997"}],"wp:term":[{"taxonomy":"product_brand","embeddable":true,"href":"https:\/\/myperfectdog.lv\/en\/wp-json\/wp\/v2\/product_brand?post=7997"},{"taxonomy":"product_cat","embeddable":true,"href":"https:\/\/myperfectdog.lv\/en\/wp-json\/wp\/v2\/product_cat?post=7997"},{"taxonomy":"product_tag","embeddable":true,"href":"https:\/\/myperfectdog.lv\/en\/wp-json\/wp\/v2\/product_tag?post=7997"}],"curies":[{"name":"wp","href":"https:\/\/api.w.org\/{rel}","templated":true}]}}