{"id":8729,"date":"2024-02-21T11:30:55","date_gmt":"2024-02-21T09:30:55","guid":{"rendered":"https:\/\/myperfectdog.lv\/?post_type=product&#038;p=8729"},"modified":"2025-10-03T20:13:27","modified_gmt":"2025-10-03T18:13:27","slug":"nina-ottosson-baribas-puzle-lenesanas-bloda-lickin-layers","status":"publish","type":"product","link":"https:\/\/myperfectdog.lv\/en\/product\/nina-ottosson-baribas-puzle-lenesanas-bloda-lickin-layers\/","title":{"rendered":"Nina Ottosson bar\u012bbas puzle-l\u0113n\u0113\u0161anas b\u013coda LICKIN&#8217; LAYERS"},"content":{"rendered":"<p>Nina Ottosson Lickin&#8217; Layers no Outward Hound ir apvienota 2. l\u012bme\u0146a su\u0146u bar\u012bbas puzle un l\u0113n\u0113\u0161anas b\u013coda, kas izveidota, lai izaicin\u0101tu j\u016bsu su\u0146a pr\u0101tu, vienlaikus pal\u0113ninot \u0113\u0161anas tempu. Lai atkl\u0101tu gardumus, sunim ir j\u0101virz\u0101s un j\u0101grie\u017e tr\u012bs bar\u012bbas nodal\u012bjumu sl\u0101\u0146i. Puzles, t\u0101das k\u0101 Lickin&#8217; Layers, pal\u012bdz m\u012blu\u013ciem izmantot savus dabiskos instinktus un uzved\u012bbu un ar ment\u0101l\u0101s stimul\u0101cijas pal\u012bdz\u012bbu veicin\u0101t smadze\u0146u att\u012bst\u012bbu. M\u016bsu att\u012bsto\u0161\u0101s su\u0146u rota\u013clietas nodro\u0161ina gar\u012bgus un fiziskus vingrin\u0101jumus, pal\u012bdz mazin\u0101t stresu un samazina garlaic\u012bbu, lai m\u016bsu kuc\u0113ni b\u016btu laim\u012bg\u0101ki un vesel\u012bg\u0101ki. \u0160\u012b su\u0146u rota\u013clieta ar vair\u0101k nek\u0101 100 k\u0101rumu nodal\u012bjumiem ilg\u0101k nodarbina un piesaista suni. Taj\u0101 ir pietiekami daudz vietas, lai to var\u0113tu izmantot k\u0101 l\u0113n\u0113\u0161anas b\u013codu, lai pagarin\u0101tu \u0113dienreizi un mudin\u0101tu j\u016bsu suni \u0113st l\u0113n\u0101k un vesel\u012bg\u0101k. Lai padar\u012btu gr\u016bt\u0101ku, sasald\u0113jiet taj\u0101 zemesriekstu sviestu (bez ksil\u012bta), mitro su\u0146u bar\u012bbu vai bezpiedevu grie\u0137u jogurtu! Lickin&#8217; Layers ir izgatavots no p\u0101rtikai dro\u0161iem materi\u0101liem, kas nesatur BPA, PVC, svinu un ftal\u0101tus.<\/p>\n<p>Divi vien\u0101 &#8211; 2. l\u012bme\u0146a puzle ar vid\u0113ju gr\u016bt\u012bbas pak\u0101pi un l\u0113n\u0113\u0161anas b\u013coda. T\u0101 ir lieliski piem\u0113rota su\u0146iem bez vai ar nelielu pieredzi pu\u017e\u013cu risin\u0101\u0161an\u0101. M\u012blulim ir j\u0101veic vair\u0101kas viena so\u013ca darb\u012bbas.<br \/>\nNodro\u0161ina ment\u0101lu stimul\u0101ciju su\u0146iem; 15 min\u016b\u0161u pr\u0101ta vingrin\u0101jumi ir vienl\u012bdz\u012bgi 30 min\u016b\u0161u fizisk\u0101m aktivit\u0101t\u0113m.<br \/>\nPal\u012bdz mazin\u0101t trauksmi su\u0146iem un jautr\u0101 un aizraujo\u0161\u0101 veid\u0101 novirz\u012bt nev\u0113lamu uzved\u012bbu, piem\u0113ram, p\u0101rm\u0113r\u012bgu rie\u0161anu, ko\u0161\u013c\u0101\u0161anu un rak\u0161anu.<br \/>\nTr\u012bs rot\u0113jo\u0161ie sl\u0101\u0146i un vair\u0101k nek\u0101 100 gardumu nodal\u012bjumi, kas pal\u012bdz pagarin\u0101t j\u016bsu su\u0146a \u0113dienreizi un pal\u0113nin\u0101t \u0113\u0161anas tempu..<br \/>\nIetilpst aptuveni 170 g saus\u0101s vai mitr\u0101s su\u0146u bar\u012bbas.<\/p>\n<p>Nomainiet standarta bar\u012bbas b\u013codu Lickin&#8217; Layers, lai padar\u012btu malt\u012bti jautru! \u0160\u012b l\u0113n\u0113\u0161anas b\u013codas un k\u0101rumu puzles kombin\u0101cija pal\u012bdz\u0113s pal\u0113nin\u0101t j\u016bsu su\u0146a \u0113\u0161anas tempu, vienlaic\u012bgi vingrinot pr\u0101tu.<\/p>\n<p><iframe loading=\"lazy\" title=\"YouTube video player\" src=\"https:\/\/www.youtube.com\/embed\/JjGSnkBBW4c?si=utJGXzIrgANaKtCs\" width=\"560\" height=\"315\" frameborder=\"0\" allowfullscreen=\"allowfullscreen\"><\/iframe><\/p>","protected":false},"excerpt":{"rendered":"<p>Uzzini vair\u0101k par Lickin&#8217; Layers l\u0113n\u0113\u0161anas b\u013codu\/k\u0101rumu puzli:<\/p>\n<p>Gr\u016bt\u012bbas l\u012bmenis: Nr.2<\/p>\n<p>SP\u0112L\u0112JIET P\u0112C NOTEIKUMIEM \u2013 DRO\u0160\u012aBA UN KOP\u0160ANA: izraugoties rota\u013clietu, noteikti izv\u0113lieties savam sunim piem\u0113rota izm\u0113ra\/veida\/gr\u016bt\u012bbas l\u012bme\u0146a sp\u0113li. Neviena rota\u013clieta vai sp\u0113le nav neizn\u012bcin\u0101ma. VIENM\u0112R r\u016bp\u012bgi uzraugiet savu suni, iem\u0101ciet savam sunim, k\u0101 darbojas sp\u0113le\/rota\u013clieta. Neatst\u0101jiet suni vienu ar k\u0101rumu puzli\/rota\u013clietu, ne\u013caujiet sunim ko\u0161\u013c\u0101t puzli\/rota\u013clietu vai t\u0101s gabali\u0146us. Regul\u0101ri p\u0101rbaudiet, vai rota\u013clietas nav boj\u0101tas, no\u0146emiet un nomainiet, ja t\u0101s ir sapl\u012bsu\u0161as vai atdal\u012bjusies k\u0101da da\u013ca, jo var rasties nopietnas traumas. Paredz\u0113ts tikai su\u0146iem, t\u0101 nav b\u0113rnu rota\u013clieta. Kad puzle ir iztuk\u0161ota, uzglab\u0101jiet to l\u012bdz n\u0101kamajai uzraudz\u012btai lieto\u0161anai.<\/p>\n<p>T\u012br\u012b\u0161ana: pagrieziet sp\u0113li un saspiediet za\u013co blokatoru, lai atbr\u012bvotu grie\u017eam\u0101s deta\u013cas. Dr\u012bkst mazg\u0101t trauku mazg\u0101jam\u0101 ma\u0161\u012bn\u0101 uz aug\u0161\u0113j\u0101 plaukta ar zemas temperat\u016bras iestat\u012bjumu.<\/p>\n<p>Ietilpst ~170g bar\u012bbas.<br \/>\nMateri\u0101ls: plastmasa.<br \/>\nIzm\u0113ri: diametrs 26,3 cm, augstums 6,35 cm<\/p>","protected":false},"featured_media":8734,"comment_status":"closed","ping_status":"closed","template":"","meta":[],"product_brand":[],"product_cat":[41],"product_tag":[],"class_list":{"0":"post-8729","1":"product","2":"type-product","3":"status-publish","4":"has-post-thumbnail","6":"product_cat-speles-suniem","8":"first","9":"instock","10":"taxable","11":"shipping-taxable","12":"purchasable","13":"product-type-simple"},"yoast_head":"<!-- This site is optimized with the Yoast SEO plugin v27.5 - https:\/\/yoast.com\/product\/yoast-seo-wordpress\/ -->\n<title>Nina Ottosson bar\u012bbas puzle-l\u0113n\u0113\u0161anas b\u013coda LICKIN&#039; LAYERS | MyPerfectDog.lv<\/title>\n<meta name=\"robots\" content=\"index, follow, max-snippet:-1, max-image-preview:large, max-video-preview:-1\" \/>\n<link rel=\"canonical\" href=\"https:\/\/myperfectdog.lv\/en\/product\/nina-ottosson-baribas-puzle-lenesanas-bloda-lickin-layers\/\" \/>\n<meta property=\"og:locale\" content=\"en_GB\" \/>\n<meta property=\"og:type\" content=\"article\" \/>\n<meta property=\"og:title\" content=\"Nina Ottosson bar\u012bbas puzle-l\u0113n\u0113\u0161anas b\u013coda LICKIN&#039; LAYERS | MyPerfectDog.lv\" \/>\n<meta property=\"og:description\" content=\"Uzzini vair\u0101k par Lickin&#039; Layers l\u0113n\u0113\u0161anas b\u013codu\/k\u0101rumu puzli:  Gr\u016bt\u012bbas l\u012bmenis: Nr.2  SP\u0112L\u0112JIET P\u0112C NOTEIKUMIEM \u2013 DRO\u0160\u012aBA UN KOP\u0160ANA: izraugoties rota\u013clietu, noteikti izv\u0113lieties savam sunim piem\u0113rota izm\u0113ra\/veida\/gr\u016bt\u012bbas l\u012bme\u0146a sp\u0113li. Neviena rota\u013clieta vai sp\u0113le nav neizn\u012bcin\u0101ma. VIENM\u0112R r\u016bp\u012bgi uzraugiet savu suni, iem\u0101ciet savam sunim, k\u0101 darbojas sp\u0113le\/rota\u013clieta. Neatst\u0101jiet suni vienu ar k\u0101rumu puzli\/rota\u013clietu, ne\u013caujiet sunim ko\u0161\u013c\u0101t puzli\/rota\u013clietu vai t\u0101s gabali\u0146us. Regul\u0101ri p\u0101rbaudiet, vai rota\u013clietas nav boj\u0101tas, no\u0146emiet un nomainiet, ja t\u0101s ir sapl\u012bsu\u0161as vai atdal\u012bjusies k\u0101da da\u013ca, jo var rasties nopietnas traumas. Paredz\u0113ts tikai su\u0146iem, t\u0101 nav b\u0113rnu rota\u013clieta. Kad puzle ir iztuk\u0161ota, uzglab\u0101jiet to l\u012bdz n\u0101kamajai uzraudz\u012btai lieto\u0161anai.  T\u012br\u012b\u0161ana: pagrieziet sp\u0113li un saspiediet za\u013co blokatoru, lai atbr\u012bvotu grie\u017eam\u0101s deta\u013cas. Dr\u012bkst mazg\u0101t trauku mazg\u0101jam\u0101 ma\u0161\u012bn\u0101 uz aug\u0161\u0113j\u0101 plaukta ar zemas temperat\u016bras iestat\u012bjumu.  Ietilpst ~170g bar\u012bbas. Materi\u0101ls: plastmasa. Izm\u0113ri: diametrs 26,3 cm, augstums 6,35 cm\" \/>\n<meta property=\"og:url\" content=\"https:\/\/myperfectdog.lv\/en\/product\/nina-ottosson-baribas-puzle-lenesanas-bloda-lickin-layers\/\" \/>\n<meta property=\"og:site_name\" content=\"MyPerfectDog.lv\" \/>\n<meta property=\"article:modified_time\" content=\"2025-10-03T18:13:27+00:00\" \/>\n<meta property=\"og:image\" content=\"https:\/\/myperfectdog.lv\/wp-content\/uploads\/2024\/02\/70646_OutwardHound_NinaOttosson_LickinLayers_Mlt_PDP5_copy-6078ad9c03eb2e2b1e2dc80772aaa895.jpg\" \/>\n\t<meta property=\"og:image:width\" content=\"1200\" \/>\n\t<meta property=\"og:image:height\" content=\"1084\" \/>\n\t<meta property=\"og:image:type\" content=\"image\/jpeg\" \/>\n<meta name=\"twitter:card\" content=\"summary_large_image\" \/>\n<meta name=\"twitter:label1\" content=\"Estimated reading time\" \/>\n\t<meta name=\"twitter:data1\" content=\"2 minutes\" \/>\n<script type=\"application\/ld+json\" class=\"yoast-schema-graph\">{\"@context\":\"https:\\\/\\\/schema.org\",\"@graph\":[{\"@type\":\"WebPage\",\"@id\":\"https:\\\/\\\/myperfectdog.lv\\\/products\\\/nina-ottosson-baribas-puzle-lenesanas-bloda-lickin-layers\\\/\",\"url\":\"https:\\\/\\\/myperfectdog.lv\\\/products\\\/nina-ottosson-baribas-puzle-lenesanas-bloda-lickin-layers\\\/\",\"name\":\"Nina Ottosson bar\u012bbas puzle-l\u0113n\u0113\u0161anas b\u013coda LICKIN' LAYERS | MyPerfectDog.lv\",\"isPartOf\":{\"@id\":\"https:\\\/\\\/myperfectdog.lv\\\/#website\"},\"primaryImageOfPage\":{\"@id\":\"https:\\\/\\\/myperfectdog.lv\\\/products\\\/nina-ottosson-baribas-puzle-lenesanas-bloda-lickin-layers\\\/#primaryimage\"},\"image\":{\"@id\":\"https:\\\/\\\/myperfectdog.lv\\\/products\\\/nina-ottosson-baribas-puzle-lenesanas-bloda-lickin-layers\\\/#primaryimage\"},\"thumbnailUrl\":\"https:\\\/\\\/myperfectdog.lv\\\/wp-content\\\/uploads\\\/2024\\\/02\\\/70646_OutwardHound_NinaOttosson_LickinLayers_Mlt_PDP5_copy-6078ad9c03eb2e2b1e2dc80772aaa895.jpg\",\"datePublished\":\"2024-02-21T09:30:55+00:00\",\"dateModified\":\"2025-10-03T18:13:27+00:00\",\"breadcrumb\":{\"@id\":\"https:\\\/\\\/myperfectdog.lv\\\/products\\\/nina-ottosson-baribas-puzle-lenesanas-bloda-lickin-layers\\\/#breadcrumb\"},\"inLanguage\":\"en-GB\",\"potentialAction\":[{\"@type\":\"ReadAction\",\"target\":[\"https:\\\/\\\/myperfectdog.lv\\\/products\\\/nina-ottosson-baribas-puzle-lenesanas-bloda-lickin-layers\\\/\"]}]},{\"@type\":\"ImageObject\",\"inLanguage\":\"en-GB\",\"@id\":\"https:\\\/\\\/myperfectdog.lv\\\/products\\\/nina-ottosson-baribas-puzle-lenesanas-bloda-lickin-layers\\\/#primaryimage\",\"url\":\"https:\\\/\\\/myperfectdog.lv\\\/wp-content\\\/uploads\\\/2024\\\/02\\\/70646_OutwardHound_NinaOttosson_LickinLayers_Mlt_PDP5_copy-6078ad9c03eb2e2b1e2dc80772aaa895.jpg\",\"contentUrl\":\"https:\\\/\\\/myperfectdog.lv\\\/wp-content\\\/uploads\\\/2024\\\/02\\\/70646_OutwardHound_NinaOttosson_LickinLayers_Mlt_PDP5_copy-6078ad9c03eb2e2b1e2dc80772aaa895.jpg\",\"width\":1200,\"height\":1084},{\"@type\":\"BreadcrumbList\",\"@id\":\"https:\\\/\\\/myperfectdog.lv\\\/products\\\/nina-ottosson-baribas-puzle-lenesanas-bloda-lickin-layers\\\/#breadcrumb\",\"itemListElement\":[{\"@type\":\"ListItem\",\"position\":1,\"name\":\"Home\",\"item\":\"https:\\\/\\\/myperfectdog.lv\\\/\"},{\"@type\":\"ListItem\",\"position\":2,\"name\":\"Internetveikals\",\"item\":\"https:\\\/\\\/myperfectdog.lv\\\/internetveikals\\\/\"},{\"@type\":\"ListItem\",\"position\":3,\"name\":\"Nina Ottosson bar\u012bbas puzle-l\u0113n\u0113\u0161anas b\u013coda LICKIN&#8217; LAYERS\"}]},{\"@type\":\"WebSite\",\"@id\":\"https:\\\/\\\/myperfectdog.lv\\\/#website\",\"url\":\"https:\\\/\\\/myperfectdog.lv\\\/\",\"name\":\"MyPerfectDog.lv\",\"description\":\"Su\u0146u un saimnieku skola\",\"publisher\":{\"@id\":\"https:\\\/\\\/myperfectdog.lv\\\/#organization\"},\"potentialAction\":[{\"@type\":\"SearchAction\",\"target\":{\"@type\":\"EntryPoint\",\"urlTemplate\":\"https:\\\/\\\/myperfectdog.lv\\\/?s={search_term_string}\"},\"query-input\":{\"@type\":\"PropertyValueSpecification\",\"valueRequired\":true,\"valueName\":\"search_term_string\"}}],\"inLanguage\":\"en-GB\"},{\"@type\":\"Organization\",\"@id\":\"https:\\\/\\\/myperfectdog.lv\\\/#organization\",\"name\":\"Su\u0146u & saimnieku skola \\\"My Perfect Dog\\\"\",\"url\":\"https:\\\/\\\/myperfectdog.lv\\\/\",\"logo\":{\"@type\":\"ImageObject\",\"inLanguage\":\"en-GB\",\"@id\":\"https:\\\/\\\/myperfectdog.lv\\\/#\\\/schema\\\/logo\\\/image\\\/\",\"url\":\"https:\\\/\\\/myperfectdog.lv\\\/wp-content\\\/uploads\\\/2020\\\/10\\\/MyPerfectDog-New-logo_peach_plakans.png\",\"contentUrl\":\"https:\\\/\\\/myperfectdog.lv\\\/wp-content\\\/uploads\\\/2020\\\/10\\\/MyPerfectDog-New-logo_peach_plakans.png\",\"width\":1200,\"height\":636,\"caption\":\"Su\u0146u & saimnieku skola \\\"My Perfect Dog\\\"\"},\"image\":{\"@id\":\"https:\\\/\\\/myperfectdog.lv\\\/#\\\/schema\\\/logo\\\/image\\\/\"}}]}<\/script>\n<!-- \/ Yoast SEO plugin. -->","yoast_head_json":{"title":"Nina Ottosson bar\u012bbas puzle-l\u0113n\u0113\u0161anas b\u013coda LICKIN' LAYERS | MyPerfectDog.lv","robots":{"index":"index","follow":"follow","max-snippet":"max-snippet:-1","max-image-preview":"max-image-preview:large","max-video-preview":"max-video-preview:-1"},"canonical":"https:\/\/myperfectdog.lv\/en\/product\/nina-ottosson-baribas-puzle-lenesanas-bloda-lickin-layers\/","og_locale":"en_GB","og_type":"article","og_title":"Nina Ottosson bar\u012bbas puzle-l\u0113n\u0113\u0161anas b\u013coda LICKIN' LAYERS | MyPerfectDog.lv","og_description":"Uzzini vair\u0101k par Lickin' Layers l\u0113n\u0113\u0161anas b\u013codu\/k\u0101rumu puzli:  Gr\u016bt\u012bbas l\u012bmenis: Nr.2  SP\u0112L\u0112JIET P\u0112C NOTEIKUMIEM \u2013 DRO\u0160\u012aBA UN KOP\u0160ANA: izraugoties rota\u013clietu, noteikti izv\u0113lieties savam sunim piem\u0113rota izm\u0113ra\/veida\/gr\u016bt\u012bbas l\u012bme\u0146a sp\u0113li. Neviena rota\u013clieta vai sp\u0113le nav neizn\u012bcin\u0101ma. VIENM\u0112R r\u016bp\u012bgi uzraugiet savu suni, iem\u0101ciet savam sunim, k\u0101 darbojas sp\u0113le\/rota\u013clieta. Neatst\u0101jiet suni vienu ar k\u0101rumu puzli\/rota\u013clietu, ne\u013caujiet sunim ko\u0161\u013c\u0101t puzli\/rota\u013clietu vai t\u0101s gabali\u0146us. Regul\u0101ri p\u0101rbaudiet, vai rota\u013clietas nav boj\u0101tas, no\u0146emiet un nomainiet, ja t\u0101s ir sapl\u012bsu\u0161as vai atdal\u012bjusies k\u0101da da\u013ca, jo var rasties nopietnas traumas. Paredz\u0113ts tikai su\u0146iem, t\u0101 nav b\u0113rnu rota\u013clieta. Kad puzle ir iztuk\u0161ota, uzglab\u0101jiet to l\u012bdz n\u0101kamajai uzraudz\u012btai lieto\u0161anai.  T\u012br\u012b\u0161ana: pagrieziet sp\u0113li un saspiediet za\u013co blokatoru, lai atbr\u012bvotu grie\u017eam\u0101s deta\u013cas. Dr\u012bkst mazg\u0101t trauku mazg\u0101jam\u0101 ma\u0161\u012bn\u0101 uz aug\u0161\u0113j\u0101 plaukta ar zemas temperat\u016bras iestat\u012bjumu.  Ietilpst ~170g bar\u012bbas. Materi\u0101ls: plastmasa. Izm\u0113ri: diametrs 26,3 cm, augstums 6,35 cm","og_url":"https:\/\/myperfectdog.lv\/en\/product\/nina-ottosson-baribas-puzle-lenesanas-bloda-lickin-layers\/","og_site_name":"MyPerfectDog.lv","article_modified_time":"2025-10-03T18:13:27+00:00","og_image":[{"width":1200,"height":1084,"url":"https:\/\/myperfectdog.lv\/wp-content\/uploads\/2024\/02\/70646_OutwardHound_NinaOttosson_LickinLayers_Mlt_PDP5_copy-6078ad9c03eb2e2b1e2dc80772aaa895.jpg","type":"image\/jpeg"}],"twitter_card":"summary_large_image","twitter_misc":{"Estimated reading time":"2 minutes"},"schema":{"@context":"https:\/\/schema.org","@graph":[{"@type":"WebPage","@id":"https:\/\/myperfectdog.lv\/products\/nina-ottosson-baribas-puzle-lenesanas-bloda-lickin-layers\/","url":"https:\/\/myperfectdog.lv\/products\/nina-ottosson-baribas-puzle-lenesanas-bloda-lickin-layers\/","name":"Nina Ottosson bar\u012bbas puzle-l\u0113n\u0113\u0161anas b\u013coda LICKIN' LAYERS | MyPerfectDog.lv","isPartOf":{"@id":"https:\/\/myperfectdog.lv\/#website"},"primaryImageOfPage":{"@id":"https:\/\/myperfectdog.lv\/products\/nina-ottosson-baribas-puzle-lenesanas-bloda-lickin-layers\/#primaryimage"},"image":{"@id":"https:\/\/myperfectdog.lv\/products\/nina-ottosson-baribas-puzle-lenesanas-bloda-lickin-layers\/#primaryimage"},"thumbnailUrl":"https:\/\/myperfectdog.lv\/wp-content\/uploads\/2024\/02\/70646_OutwardHound_NinaOttosson_LickinLayers_Mlt_PDP5_copy-6078ad9c03eb2e2b1e2dc80772aaa895.jpg","datePublished":"2024-02-21T09:30:55+00:00","dateModified":"2025-10-03T18:13:27+00:00","breadcrumb":{"@id":"https:\/\/myperfectdog.lv\/products\/nina-ottosson-baribas-puzle-lenesanas-bloda-lickin-layers\/#breadcrumb"},"inLanguage":"en-GB","potentialAction":[{"@type":"ReadAction","target":["https:\/\/myperfectdog.lv\/products\/nina-ottosson-baribas-puzle-lenesanas-bloda-lickin-layers\/"]}]},{"@type":"ImageObject","inLanguage":"en-GB","@id":"https:\/\/myperfectdog.lv\/products\/nina-ottosson-baribas-puzle-lenesanas-bloda-lickin-layers\/#primaryimage","url":"https:\/\/myperfectdog.lv\/wp-content\/uploads\/2024\/02\/70646_OutwardHound_NinaOttosson_LickinLayers_Mlt_PDP5_copy-6078ad9c03eb2e2b1e2dc80772aaa895.jpg","contentUrl":"https:\/\/myperfectdog.lv\/wp-content\/uploads\/2024\/02\/70646_OutwardHound_NinaOttosson_LickinLayers_Mlt_PDP5_copy-6078ad9c03eb2e2b1e2dc80772aaa895.jpg","width":1200,"height":1084},{"@type":"BreadcrumbList","@id":"https:\/\/myperfectdog.lv\/products\/nina-ottosson-baribas-puzle-lenesanas-bloda-lickin-layers\/#breadcrumb","itemListElement":[{"@type":"ListItem","position":1,"name":"Home","item":"https:\/\/myperfectdog.lv\/"},{"@type":"ListItem","position":2,"name":"Internetveikals","item":"https:\/\/myperfectdog.lv\/internetveikals\/"},{"@type":"ListItem","position":3,"name":"Nina Ottosson bar\u012bbas puzle-l\u0113n\u0113\u0161anas b\u013coda LICKIN&#8217; LAYERS"}]},{"@type":"WebSite","@id":"https:\/\/myperfectdog.lv\/#website","url":"https:\/\/myperfectdog.lv\/","name":"MyPerfectDog.lv","description":"Su\u0146u un saimnieku skola","publisher":{"@id":"https:\/\/myperfectdog.lv\/#organization"},"potentialAction":[{"@type":"SearchAction","target":{"@type":"EntryPoint","urlTemplate":"https:\/\/myperfectdog.lv\/?s={search_term_string}"},"query-input":{"@type":"PropertyValueSpecification","valueRequired":true,"valueName":"search_term_string"}}],"inLanguage":"en-GB"},{"@type":"Organization","@id":"https:\/\/myperfectdog.lv\/#organization","name":"Su\u0146u & saimnieku skola \"My Perfect Dog\"","url":"https:\/\/myperfectdog.lv\/","logo":{"@type":"ImageObject","inLanguage":"en-GB","@id":"https:\/\/myperfectdog.lv\/#\/schema\/logo\/image\/","url":"https:\/\/myperfectdog.lv\/wp-content\/uploads\/2020\/10\/MyPerfectDog-New-logo_peach_plakans.png","contentUrl":"https:\/\/myperfectdog.lv\/wp-content\/uploads\/2020\/10\/MyPerfectDog-New-logo_peach_plakans.png","width":1200,"height":636,"caption":"Su\u0146u & saimnieku skola \"My Perfect Dog\""},"image":{"@id":"https:\/\/myperfectdog.lv\/#\/schema\/logo\/image\/"}}]}},"jetpack_sharing_enabled":true,"_links":{"self":[{"href":"https:\/\/myperfectdog.lv\/en\/wp-json\/wp\/v2\/product\/8729","targetHints":{"allow":["GET"]}}],"collection":[{"href":"https:\/\/myperfectdog.lv\/en\/wp-json\/wp\/v2\/product"}],"about":[{"href":"https:\/\/myperfectdog.lv\/en\/wp-json\/wp\/v2\/types\/product"}],"replies":[{"embeddable":true,"href":"https:\/\/myperfectdog.lv\/en\/wp-json\/wp\/v2\/comments?post=8729"}],"wp:featuredmedia":[{"embeddable":true,"href":"https:\/\/myperfectdog.lv\/en\/wp-json\/wp\/v2\/media\/8734"}],"wp:attachment":[{"href":"https:\/\/myperfectdog.lv\/en\/wp-json\/wp\/v2\/media?parent=8729"}],"wp:term":[{"taxonomy":"product_brand","embeddable":true,"href":"https:\/\/myperfectdog.lv\/en\/wp-json\/wp\/v2\/product_brand?post=8729"},{"taxonomy":"product_cat","embeddable":true,"href":"https:\/\/myperfectdog.lv\/en\/wp-json\/wp\/v2\/product_cat?post=8729"},{"taxonomy":"product_tag","embeddable":true,"href":"https:\/\/myperfectdog.lv\/en\/wp-json\/wp\/v2\/product_tag?post=8729"}],"curies":[{"name":"wp","href":"https:\/\/api.w.org\/{rel}","templated":true}]}}