{"id":8953,"date":"2024-04-11T09:48:33","date_gmt":"2024-04-11T07:48:33","guid":{"rendered":"https:\/\/myperfectdog.lv\/?post_type=product&#038;p=8953"},"modified":"2025-11-09T23:34:00","modified_gmt":"2025-11-09T21:34:00","slug":"twotroubletails-makrame-auklas-rotallietas","status":"publish","type":"product","link":"https:\/\/myperfectdog.lv\/en\/product\/twotroubletails-makrame-auklas-rotallietas\/","title":{"rendered":"TwoTroubleTails- Makram\u0113 auklas rota\u013clietas"},"content":{"rendered":"<p><span style=\"font-family: arial, sans-serif;\">Izm\u0113ri*: 30 cm, <\/span><span style=\"font-family: arial, sans-serif;\">50 cm\u00a0<\/span><\/p>\n<div><span style=\"font-family: arial, sans-serif;\">Sast\u0101vs: 100% p\u0101rstr\u0101d\u0101ta kokvilna.\u00a0<\/span><span style=\"font-family: arial, sans-serif;\">At\u013cauts mazg\u0101t ve\u013casma\u0161\u012bn\u0101 40\u00b0C.<\/span><span style=\"font-family: arial, sans-serif;\">Roku darbs. Rad\u012bts LATVIJ\u0100. <\/span><span style=\"font-family: arial, sans-serif;\">Izveido\u0161anas laiks 3 \u2013 5 dienas.<\/span><\/div>\n<div><\/div>\n<div>*Izm\u0113ri var tk piel\u0101goti J\u016bsu v\u0113lm\u0113m. Ja v\u0113laties cita izm\u0113ra manti\u0146u, pirms tam sazinieties ar mums liga@myperfectdog.lv<\/div>","protected":false},"excerpt":{"rendered":"<p><span style=\"font-family: arial, sans-serif;\">Perfekt\u0101 virves tipa rota\u013clieta- taisna vai apa\u013ca.<\/span><\/p>\n<p>Roku darbs, kas rad\u012bts ar m\u012blest\u012bbu un r\u016bp\u0113m j\u016bsu m\u012blulim.<\/p>\n<p><span style=\"font-family: arial, sans-serif;\">Izgatavotas no augst\u0101k\u0101s kvalit\u0101tes p\u012btas kokvilnas makram\u0113 auklas, kas ir izstr\u0101d\u0101ta t\u0101, lai iztur\u0113tu entuziasma pilnu vilk\u0161anu un ko\u0161\u013c\u0101\u0161anu.\u00a0<\/span><\/p>","protected":false},"featured_media":8957,"comment_status":"closed","ping_status":"closed","template":"","meta":[],"product_brand":[],"product_cat":[41],"product_tag":[],"class_list":{"0":"post-8953","1":"product","2":"type-product","3":"status-publish","4":"has-post-thumbnail","6":"product_cat-speles-suniem","8":"first","9":"instock","10":"taxable","11":"shipping-taxable","12":"purchasable","13":"product-type-variable"},"yoast_head":"<!-- This site is optimized with the Yoast SEO plugin v27.6 - https:\/\/yoast.com\/product\/yoast-seo-wordpress\/ -->\n<title>TwoTroubleTails- Makram\u0113 auklas rota\u013clietas | MyPerfectDog.lv<\/title>\n<meta name=\"robots\" content=\"index, follow, max-snippet:-1, max-image-preview:large, max-video-preview:-1\" \/>\n<link rel=\"canonical\" href=\"https:\/\/myperfectdog.lv\/en\/product\/twotroubletails-makrame-auklas-rotallietas\/\" \/>\n<meta property=\"og:locale\" content=\"en_GB\" \/>\n<meta property=\"og:type\" content=\"article\" \/>\n<meta property=\"og:title\" content=\"TwoTroubleTails- Makram\u0113 auklas rota\u013clietas | MyPerfectDog.lv\" \/>\n<meta property=\"og:description\" content=\"Perfekt\u0101 virves tipa rota\u013clieta- taisna vai apa\u013ca.  Roku darbs, kas rad\u012bts ar m\u012blest\u012bbu un r\u016bp\u0113m j\u016bsu m\u012blulim.  Izgatavotas no augst\u0101k\u0101s kvalit\u0101tes p\u012btas kokvilnas makram\u0113 auklas, kas ir izstr\u0101d\u0101ta t\u0101, lai iztur\u0113tu entuziasma pilnu vilk\u0161anu un ko\u0161\u013c\u0101\u0161anu.\u00a0\" \/>\n<meta property=\"og:url\" content=\"https:\/\/myperfectdog.lv\/en\/product\/twotroubletails-makrame-auklas-rotallietas\/\" \/>\n<meta property=\"og:site_name\" content=\"MyPerfectDog.lv\" \/>\n<meta property=\"article:modified_time\" content=\"2025-11-09T21:34:00+00:00\" \/>\n<meta property=\"og:image\" content=\"https:\/\/myperfectdog.lv\/wp-content\/uploads\/2024\/04\/MG_7366-scaled.jpg\" \/>\n\t<meta property=\"og:image:width\" content=\"1825\" \/>\n\t<meta property=\"og:image:height\" content=\"2560\" \/>\n\t<meta property=\"og:image:type\" content=\"image\/jpeg\" \/>\n<meta name=\"twitter:card\" content=\"summary_large_image\" \/>\n<meta name=\"twitter:label1\" content=\"Estimated reading time\" \/>\n\t<meta name=\"twitter:data1\" content=\"1 minute\" \/>\n<script type=\"application\/ld+json\" class=\"yoast-schema-graph\">{\"@context\":\"https:\\\/\\\/schema.org\",\"@graph\":[{\"@type\":\"WebPage\",\"@id\":\"https:\\\/\\\/myperfectdog.lv\\\/products\\\/twotroubletails-makrame-auklas-rotallietas\\\/\",\"url\":\"https:\\\/\\\/myperfectdog.lv\\\/products\\\/twotroubletails-makrame-auklas-rotallietas\\\/\",\"name\":\"TwoTroubleTails- Makram\u0113 auklas rota\u013clietas | MyPerfectDog.lv\",\"isPartOf\":{\"@id\":\"https:\\\/\\\/myperfectdog.lv\\\/#website\"},\"primaryImageOfPage\":{\"@id\":\"https:\\\/\\\/myperfectdog.lv\\\/products\\\/twotroubletails-makrame-auklas-rotallietas\\\/#primaryimage\"},\"image\":{\"@id\":\"https:\\\/\\\/myperfectdog.lv\\\/products\\\/twotroubletails-makrame-auklas-rotallietas\\\/#primaryimage\"},\"thumbnailUrl\":\"https:\\\/\\\/myperfectdog.lv\\\/wp-content\\\/uploads\\\/2024\\\/04\\\/MG_7366-scaled.jpg\",\"datePublished\":\"2024-04-11T07:48:33+00:00\",\"dateModified\":\"2025-11-09T21:34:00+00:00\",\"breadcrumb\":{\"@id\":\"https:\\\/\\\/myperfectdog.lv\\\/products\\\/twotroubletails-makrame-auklas-rotallietas\\\/#breadcrumb\"},\"inLanguage\":\"en-GB\",\"potentialAction\":[{\"@type\":\"ReadAction\",\"target\":[\"https:\\\/\\\/myperfectdog.lv\\\/products\\\/twotroubletails-makrame-auklas-rotallietas\\\/\"]}]},{\"@type\":\"ImageObject\",\"inLanguage\":\"en-GB\",\"@id\":\"https:\\\/\\\/myperfectdog.lv\\\/products\\\/twotroubletails-makrame-auklas-rotallietas\\\/#primaryimage\",\"url\":\"https:\\\/\\\/myperfectdog.lv\\\/wp-content\\\/uploads\\\/2024\\\/04\\\/MG_7366-scaled.jpg\",\"contentUrl\":\"https:\\\/\\\/myperfectdog.lv\\\/wp-content\\\/uploads\\\/2024\\\/04\\\/MG_7366-scaled.jpg\",\"width\":1825,\"height\":2560},{\"@type\":\"BreadcrumbList\",\"@id\":\"https:\\\/\\\/myperfectdog.lv\\\/products\\\/twotroubletails-makrame-auklas-rotallietas\\\/#breadcrumb\",\"itemListElement\":[{\"@type\":\"ListItem\",\"position\":1,\"name\":\"Home\",\"item\":\"https:\\\/\\\/myperfectdog.lv\\\/\"},{\"@type\":\"ListItem\",\"position\":2,\"name\":\"Internetveikals\",\"item\":\"https:\\\/\\\/myperfectdog.lv\\\/internetveikals\\\/\"},{\"@type\":\"ListItem\",\"position\":3,\"name\":\"TwoTroubleTails- Makram\u0113 auklas rota\u013clietas\"}]},{\"@type\":\"WebSite\",\"@id\":\"https:\\\/\\\/myperfectdog.lv\\\/#website\",\"url\":\"https:\\\/\\\/myperfectdog.lv\\\/\",\"name\":\"MyPerfectDog.lv\",\"description\":\"Su\u0146u un saimnieku skola\",\"publisher\":{\"@id\":\"https:\\\/\\\/myperfectdog.lv\\\/#organization\"},\"potentialAction\":[{\"@type\":\"SearchAction\",\"target\":{\"@type\":\"EntryPoint\",\"urlTemplate\":\"https:\\\/\\\/myperfectdog.lv\\\/?s={search_term_string}\"},\"query-input\":{\"@type\":\"PropertyValueSpecification\",\"valueRequired\":true,\"valueName\":\"search_term_string\"}}],\"inLanguage\":\"en-GB\"},{\"@type\":\"Organization\",\"@id\":\"https:\\\/\\\/myperfectdog.lv\\\/#organization\",\"name\":\"Su\u0146u & saimnieku skola \\\"My Perfect Dog\\\"\",\"url\":\"https:\\\/\\\/myperfectdog.lv\\\/\",\"logo\":{\"@type\":\"ImageObject\",\"inLanguage\":\"en-GB\",\"@id\":\"https:\\\/\\\/myperfectdog.lv\\\/#\\\/schema\\\/logo\\\/image\\\/\",\"url\":\"https:\\\/\\\/myperfectdog.lv\\\/wp-content\\\/uploads\\\/2020\\\/10\\\/MyPerfectDog-New-logo_peach_plakans.png\",\"contentUrl\":\"https:\\\/\\\/myperfectdog.lv\\\/wp-content\\\/uploads\\\/2020\\\/10\\\/MyPerfectDog-New-logo_peach_plakans.png\",\"width\":1200,\"height\":636,\"caption\":\"Su\u0146u & saimnieku skola \\\"My Perfect Dog\\\"\"},\"image\":{\"@id\":\"https:\\\/\\\/myperfectdog.lv\\\/#\\\/schema\\\/logo\\\/image\\\/\"}}]}<\/script>\n<!-- \/ Yoast SEO plugin. -->","yoast_head_json":{"title":"TwoTroubleTails- Makram\u0113 auklas rota\u013clietas | MyPerfectDog.lv","robots":{"index":"index","follow":"follow","max-snippet":"max-snippet:-1","max-image-preview":"max-image-preview:large","max-video-preview":"max-video-preview:-1"},"canonical":"https:\/\/myperfectdog.lv\/en\/product\/twotroubletails-makrame-auklas-rotallietas\/","og_locale":"en_GB","og_type":"article","og_title":"TwoTroubleTails- Makram\u0113 auklas rota\u013clietas | MyPerfectDog.lv","og_description":"Perfekt\u0101 virves tipa rota\u013clieta- taisna vai apa\u013ca.  Roku darbs, kas rad\u012bts ar m\u012blest\u012bbu un r\u016bp\u0113m j\u016bsu m\u012blulim.  Izgatavotas no augst\u0101k\u0101s kvalit\u0101tes p\u012btas kokvilnas makram\u0113 auklas, kas ir izstr\u0101d\u0101ta t\u0101, lai iztur\u0113tu entuziasma pilnu vilk\u0161anu un ko\u0161\u013c\u0101\u0161anu.\u00a0","og_url":"https:\/\/myperfectdog.lv\/en\/product\/twotroubletails-makrame-auklas-rotallietas\/","og_site_name":"MyPerfectDog.lv","article_modified_time":"2025-11-09T21:34:00+00:00","og_image":[{"width":1825,"height":2560,"url":"https:\/\/myperfectdog.lv\/wp-content\/uploads\/2024\/04\/MG_7366-scaled.jpg","type":"image\/jpeg"}],"twitter_card":"summary_large_image","twitter_misc":{"Estimated reading time":"1 minute"},"schema":{"@context":"https:\/\/schema.org","@graph":[{"@type":"WebPage","@id":"https:\/\/myperfectdog.lv\/products\/twotroubletails-makrame-auklas-rotallietas\/","url":"https:\/\/myperfectdog.lv\/products\/twotroubletails-makrame-auklas-rotallietas\/","name":"TwoTroubleTails- Makram\u0113 auklas rota\u013clietas | MyPerfectDog.lv","isPartOf":{"@id":"https:\/\/myperfectdog.lv\/#website"},"primaryImageOfPage":{"@id":"https:\/\/myperfectdog.lv\/products\/twotroubletails-makrame-auklas-rotallietas\/#primaryimage"},"image":{"@id":"https:\/\/myperfectdog.lv\/products\/twotroubletails-makrame-auklas-rotallietas\/#primaryimage"},"thumbnailUrl":"https:\/\/myperfectdog.lv\/wp-content\/uploads\/2024\/04\/MG_7366-scaled.jpg","datePublished":"2024-04-11T07:48:33+00:00","dateModified":"2025-11-09T21:34:00+00:00","breadcrumb":{"@id":"https:\/\/myperfectdog.lv\/products\/twotroubletails-makrame-auklas-rotallietas\/#breadcrumb"},"inLanguage":"en-GB","potentialAction":[{"@type":"ReadAction","target":["https:\/\/myperfectdog.lv\/products\/twotroubletails-makrame-auklas-rotallietas\/"]}]},{"@type":"ImageObject","inLanguage":"en-GB","@id":"https:\/\/myperfectdog.lv\/products\/twotroubletails-makrame-auklas-rotallietas\/#primaryimage","url":"https:\/\/myperfectdog.lv\/wp-content\/uploads\/2024\/04\/MG_7366-scaled.jpg","contentUrl":"https:\/\/myperfectdog.lv\/wp-content\/uploads\/2024\/04\/MG_7366-scaled.jpg","width":1825,"height":2560},{"@type":"BreadcrumbList","@id":"https:\/\/myperfectdog.lv\/products\/twotroubletails-makrame-auklas-rotallietas\/#breadcrumb","itemListElement":[{"@type":"ListItem","position":1,"name":"Home","item":"https:\/\/myperfectdog.lv\/"},{"@type":"ListItem","position":2,"name":"Internetveikals","item":"https:\/\/myperfectdog.lv\/internetveikals\/"},{"@type":"ListItem","position":3,"name":"TwoTroubleTails- Makram\u0113 auklas rota\u013clietas"}]},{"@type":"WebSite","@id":"https:\/\/myperfectdog.lv\/#website","url":"https:\/\/myperfectdog.lv\/","name":"MyPerfectDog.lv","description":"Su\u0146u un saimnieku skola","publisher":{"@id":"https:\/\/myperfectdog.lv\/#organization"},"potentialAction":[{"@type":"SearchAction","target":{"@type":"EntryPoint","urlTemplate":"https:\/\/myperfectdog.lv\/?s={search_term_string}"},"query-input":{"@type":"PropertyValueSpecification","valueRequired":true,"valueName":"search_term_string"}}],"inLanguage":"en-GB"},{"@type":"Organization","@id":"https:\/\/myperfectdog.lv\/#organization","name":"Su\u0146u & saimnieku skola \"My Perfect Dog\"","url":"https:\/\/myperfectdog.lv\/","logo":{"@type":"ImageObject","inLanguage":"en-GB","@id":"https:\/\/myperfectdog.lv\/#\/schema\/logo\/image\/","url":"https:\/\/myperfectdog.lv\/wp-content\/uploads\/2020\/10\/MyPerfectDog-New-logo_peach_plakans.png","contentUrl":"https:\/\/myperfectdog.lv\/wp-content\/uploads\/2020\/10\/MyPerfectDog-New-logo_peach_plakans.png","width":1200,"height":636,"caption":"Su\u0146u & saimnieku skola \"My Perfect Dog\""},"image":{"@id":"https:\/\/myperfectdog.lv\/#\/schema\/logo\/image\/"}}]}},"jetpack_sharing_enabled":true,"_links":{"self":[{"href":"https:\/\/myperfectdog.lv\/en\/wp-json\/wp\/v2\/product\/8953","targetHints":{"allow":["GET"]}}],"collection":[{"href":"https:\/\/myperfectdog.lv\/en\/wp-json\/wp\/v2\/product"}],"about":[{"href":"https:\/\/myperfectdog.lv\/en\/wp-json\/wp\/v2\/types\/product"}],"replies":[{"embeddable":true,"href":"https:\/\/myperfectdog.lv\/en\/wp-json\/wp\/v2\/comments?post=8953"}],"wp:featuredmedia":[{"embeddable":true,"href":"https:\/\/myperfectdog.lv\/en\/wp-json\/wp\/v2\/media\/8957"}],"wp:attachment":[{"href":"https:\/\/myperfectdog.lv\/en\/wp-json\/wp\/v2\/media?parent=8953"}],"wp:term":[{"taxonomy":"product_brand","embeddable":true,"href":"https:\/\/myperfectdog.lv\/en\/wp-json\/wp\/v2\/product_brand?post=8953"},{"taxonomy":"product_cat","embeddable":true,"href":"https:\/\/myperfectdog.lv\/en\/wp-json\/wp\/v2\/product_cat?post=8953"},{"taxonomy":"product_tag","embeddable":true,"href":"https:\/\/myperfectdog.lv\/en\/wp-json\/wp\/v2\/product_tag?post=8953"}],"curies":[{"name":"wp","href":"https:\/\/api.w.org\/{rel}","templated":true}]}}