{"id":9263,"date":"2024-07-11T13:27:31","date_gmt":"2024-07-11T11:27:31","guid":{"rendered":"https:\/\/myperfectdog.lv\/?post_type=product&#038;p=9263"},"modified":"2025-10-03T20:12:31","modified_gmt":"2025-10-03T18:12:31","slug":"seminars-sunu-komunikacija","status":"publish","type":"product","link":"https:\/\/myperfectdog.lv\/en\/product\/seminars-sunu-komunikacija\/","title":{"rendered":"Semin\u0101rs \u201cSu\u0146u savstarp\u0113j\u0101 komunik\u0101cija un \u0137erme\u0146a valoda\u201d"},"content":{"rendered":"<div>\n<p class=\"p1\"><strong>SATURS:<\/strong><\/p>\n<p class=\"p1\">\ud83d\udd38 Teor\u0113tisk\u0101 da\u013ca (2,5h) :<\/p>\n<ul>\n<li class=\"p1\">Veiksm\u012bgas su\u0146u savstarp\u0113j\u0101s komunik\u0101cijas veido\u0161anas priek\u0161noteikumi<\/li>\n<li class=\"p1\">Komunik\u0101cijas 5 \u0137\u0113des posmi<\/li>\n<li class=\"p1\">Su\u0146u \u0137erme\u0146a valodas anal\u012bze<\/li>\n<li class=\"p1\">Asoci\u0101ciju veido\u0161ana un main\u012b\u0161ana<\/li>\n<li class=\"p1\">K\u0101<span class=\"Apple-converted-space\">\u00a0 <\/span>praktiski r\u012bkoties, ja, suns satiekot citu suni, norea\u0123\u0113 hiperakt\u012bvi, reakt\u012bvi, bail\u012bgi vai agres\u012bvi?<\/li>\n<li>Q&amp;A<\/li>\n<\/ul>\n<p class=\"p1\">\ud83d\udd38Pauze (30-40min)<\/p>\n<p class=\"p1\">\ud83d\udd38Praktisk\u0101 da\u013ca (1h) :<\/p>\n<ul>\n<li class=\"p1\">Su\u0146u socializ\u0101cijas pastaigas treni\u0146\u0161 (ierobe\u017eots vietu skaits: 10 dal\u012bbnieku su\u0146i)<\/li>\n<li class=\"p1\">\u0136erme\u0146a valodas anal\u012bze, sadarb\u012bbas uzdevumi su\u0146a un saimnieka starp\u0101, k\u0101 ar\u012b mier\u012bgas pastaigas organiz\u0113\u0161ana bez pavadas rau\u0161anas citu kairin\u0101t\u0101ju kl\u0101tb\u016btn\u0113.<\/li>\n<\/ul>\n<p>P.S. Ja piesakies dal\u012bbai ar suni, pieved to tikai uz praktisko da\u013cu. Teor\u0113tiskaj\u0101 da\u013c\u0101 su\u0146i nepiedal\u0101s.<\/p>\n<\/div>","protected":false},"excerpt":{"rendered":"<ol>\n<li><span style=\"color: #ff6600;\"><strong>Ja v\u0113lies saprast savu suni daudz lab\u0101k, izprast vi\u0146a \u0137erme\u0146a valodas nianses un su\u0146u savstarp\u0113jo komunik\u0101ciju &#8211; tad \u0161is semin\u0101rs ir dom\u0101ts tie\u0161i Tev! \ud83d\ude42<\/strong><\/span><\/li>\n<\/ol>\n<p>Semin\u0101rs kl\u0101tien\u0113 un att\u0101lin\u0101ti (online tikai teor\u0113tisk\u0101 da\u013ca)<\/p>\n<p><b>Kad: <\/b>24.majs (sestdiena)<\/p>\n<p><b>Semin\u0101ra norises laiks:<\/b> plkst. 10:00 &#8211; 15:00<\/p>\n<p><b>Semin\u0101ra norises lok\u0101cijas:<\/b><\/p>\n<ul>\n<li>Teor\u0113tisk\u0101 da\u013ca: Pi\u0146\u0137os, Priedaines iela 11 (iek\u0161telpas)<\/li>\n<li>Praktisk\u0101s da\u013ca: \u0101r\u0101 pie Pi\u0146\u0137u \u016bdenskr\u0101tuves<\/li>\n<\/ul>\n<p><b>Dal\u012bbas iesp\u0113jas un maksa:<\/b><\/p>\n<ul>\n<li>Kl\u0101tien\u0113 ar suni:\u00a0<strong>40\u20ac\/1 personai\u00a0<\/strong><em>(Ierobe\u017eots vietu skaits: 12 dal\u012bbnieki)<\/em><\/li>\n<li>Kl\u0101tien\u0113 bez su\u0146a: <strong>35\u20ac\/1 personai\u00a0<\/strong><em>(Ierobe\u017eots vietu skaits: 20 dal\u012bbnieki)<\/em><\/li>\n<li>Att\u0101lin\u0101ti platform\u0101 &#8220;Zoom&#8221;:\u00a0<strong>30\u20ac\/1 personai\u00a0<\/strong><em>(neierobe\u017eots dal\u012bbnieku skaits)<\/em><\/li>\n<\/ul>","protected":false},"featured_media":11785,"comment_status":"closed","ping_status":"closed","template":"","meta":[],"product_brand":[],"product_cat":[43],"product_tag":[],"class_list":{"0":"post-9263","1":"product","2":"type-product","3":"status-publish","4":"has-post-thumbnail","6":"product_cat-izglitojosi","8":"first","9":"instock","10":"taxable","11":"shipping-taxable","12":"product-type-variable"},"yoast_head":"<!-- This site is optimized with the Yoast SEO plugin v27.5 - https:\/\/yoast.com\/product\/yoast-seo-wordpress\/ -->\n<title>Semin\u0101rs \u201cSu\u0146u savstarp\u0113j\u0101 komunik\u0101cija un \u0137erme\u0146a valoda\u201d | MyPerfectDog.lv<\/title>\n<meta name=\"robots\" content=\"index, follow, max-snippet:-1, max-image-preview:large, max-video-preview:-1\" \/>\n<link rel=\"canonical\" href=\"https:\/\/myperfectdog.lv\/en\/product\/seminars-sunu-komunikacija\/\" \/>\n<meta property=\"og:locale\" content=\"en_GB\" \/>\n<meta property=\"og:type\" content=\"article\" \/>\n<meta property=\"og:title\" content=\"Semin\u0101rs \u201cSu\u0146u savstarp\u0113j\u0101 komunik\u0101cija un \u0137erme\u0146a valoda\u201d | MyPerfectDog.lv\" \/>\n<meta property=\"og:description\" content=\"Ja v\u0113lies saprast savu suni daudz lab\u0101k, izprast vi\u0146a \u0137erme\u0146a valodas nianses un su\u0146u savstarp\u0113jo komunik\u0101ciju - tad \u0161is semin\u0101rs ir dom\u0101ts tie\u0161i Tev! :)  Semin\u0101rs kl\u0101tien\u0113 un att\u0101lin\u0101ti (online tikai teor\u0113tisk\u0101 da\u013ca)  Kad: 24.majs (sestdiena)  Semin\u0101ra norises laiks: plkst. 10:00 - 15:00  Semin\u0101ra norises lok\u0101cijas:   Teor\u0113tisk\u0101 da\u013ca: Pi\u0146\u0137os, Priedaines iela 11 (iek\u0161telpas)  Praktisk\u0101s da\u013ca: \u0101r\u0101 pie Pi\u0146\u0137u \u016bdenskr\u0101tuves  Dal\u012bbas iesp\u0113jas un maksa:   Kl\u0101tien\u0113 ar suni:\u00a040\u20ac\/1 personai\u00a0(Ierobe\u017eots vietu skaits: 12 dal\u012bbnieki)  Kl\u0101tien\u0113 bez su\u0146a: 35\u20ac\/1 personai\u00a0(Ierobe\u017eots vietu skaits: 20 dal\u012bbnieki)  Att\u0101lin\u0101ti platform\u0101 &quot;Zoom&quot;:\u00a030\u20ac\/1 personai\u00a0(neierobe\u017eots dal\u012bbnieku skaits)\" \/>\n<meta property=\"og:url\" content=\"https:\/\/myperfectdog.lv\/en\/product\/seminars-sunu-komunikacija\/\" \/>\n<meta property=\"og:site_name\" content=\"MyPerfectDog.lv\" \/>\n<meta property=\"article:modified_time\" content=\"2025-10-03T18:12:31+00:00\" \/>\n<meta property=\"og:image\" content=\"https:\/\/myperfectdog.lv\/wp-content\/uploads\/2024\/07\/MyPerfectDog-nodarbibas_20250513_182511_0000.jpg\" \/>\n\t<meta property=\"og:image:width\" content=\"1080\" \/>\n\t<meta property=\"og:image:height\" content=\"1080\" \/>\n\t<meta property=\"og:image:type\" content=\"image\/jpeg\" \/>\n<meta name=\"twitter:card\" content=\"summary_large_image\" \/>\n<meta name=\"twitter:label1\" content=\"Estimated reading time\" \/>\n\t<meta name=\"twitter:data1\" content=\"1 minute\" \/>\n<script type=\"application\/ld+json\" class=\"yoast-schema-graph\">{\"@context\":\"https:\\\/\\\/schema.org\",\"@graph\":[{\"@type\":\"WebPage\",\"@id\":\"https:\\\/\\\/myperfectdog.lv\\\/products\\\/seminars-sunu-komunikacija\\\/\",\"url\":\"https:\\\/\\\/myperfectdog.lv\\\/products\\\/seminars-sunu-komunikacija\\\/\",\"name\":\"Semin\u0101rs \u201cSu\u0146u savstarp\u0113j\u0101 komunik\u0101cija un \u0137erme\u0146a valoda\u201d | MyPerfectDog.lv\",\"isPartOf\":{\"@id\":\"https:\\\/\\\/myperfectdog.lv\\\/#website\"},\"primaryImageOfPage\":{\"@id\":\"https:\\\/\\\/myperfectdog.lv\\\/products\\\/seminars-sunu-komunikacija\\\/#primaryimage\"},\"image\":{\"@id\":\"https:\\\/\\\/myperfectdog.lv\\\/products\\\/seminars-sunu-komunikacija\\\/#primaryimage\"},\"thumbnailUrl\":\"https:\\\/\\\/myperfectdog.lv\\\/wp-content\\\/uploads\\\/2024\\\/07\\\/MyPerfectDog-nodarbibas_20250513_182511_0000.jpg\",\"datePublished\":\"2024-07-11T11:27:31+00:00\",\"dateModified\":\"2025-10-03T18:12:31+00:00\",\"breadcrumb\":{\"@id\":\"https:\\\/\\\/myperfectdog.lv\\\/products\\\/seminars-sunu-komunikacija\\\/#breadcrumb\"},\"inLanguage\":\"en-GB\",\"potentialAction\":[{\"@type\":\"ReadAction\",\"target\":[\"https:\\\/\\\/myperfectdog.lv\\\/products\\\/seminars-sunu-komunikacija\\\/\"]}]},{\"@type\":\"ImageObject\",\"inLanguage\":\"en-GB\",\"@id\":\"https:\\\/\\\/myperfectdog.lv\\\/products\\\/seminars-sunu-komunikacija\\\/#primaryimage\",\"url\":\"https:\\\/\\\/myperfectdog.lv\\\/wp-content\\\/uploads\\\/2024\\\/07\\\/MyPerfectDog-nodarbibas_20250513_182511_0000.jpg\",\"contentUrl\":\"https:\\\/\\\/myperfectdog.lv\\\/wp-content\\\/uploads\\\/2024\\\/07\\\/MyPerfectDog-nodarbibas_20250513_182511_0000.jpg\",\"width\":1080,\"height\":1080},{\"@type\":\"BreadcrumbList\",\"@id\":\"https:\\\/\\\/myperfectdog.lv\\\/products\\\/seminars-sunu-komunikacija\\\/#breadcrumb\",\"itemListElement\":[{\"@type\":\"ListItem\",\"position\":1,\"name\":\"Home\",\"item\":\"https:\\\/\\\/myperfectdog.lv\\\/\"},{\"@type\":\"ListItem\",\"position\":2,\"name\":\"Internetveikals\",\"item\":\"https:\\\/\\\/myperfectdog.lv\\\/internetveikals\\\/\"},{\"@type\":\"ListItem\",\"position\":3,\"name\":\"Semin\u0101rs \u201cSu\u0146u savstarp\u0113j\u0101 komunik\u0101cija un \u0137erme\u0146a valoda\u201d\"}]},{\"@type\":\"WebSite\",\"@id\":\"https:\\\/\\\/myperfectdog.lv\\\/#website\",\"url\":\"https:\\\/\\\/myperfectdog.lv\\\/\",\"name\":\"MyPerfectDog.lv\",\"description\":\"Su\u0146u un saimnieku skola\",\"publisher\":{\"@id\":\"https:\\\/\\\/myperfectdog.lv\\\/#organization\"},\"potentialAction\":[{\"@type\":\"SearchAction\",\"target\":{\"@type\":\"EntryPoint\",\"urlTemplate\":\"https:\\\/\\\/myperfectdog.lv\\\/?s={search_term_string}\"},\"query-input\":{\"@type\":\"PropertyValueSpecification\",\"valueRequired\":true,\"valueName\":\"search_term_string\"}}],\"inLanguage\":\"en-GB\"},{\"@type\":\"Organization\",\"@id\":\"https:\\\/\\\/myperfectdog.lv\\\/#organization\",\"name\":\"Su\u0146u & saimnieku skola \\\"My Perfect Dog\\\"\",\"url\":\"https:\\\/\\\/myperfectdog.lv\\\/\",\"logo\":{\"@type\":\"ImageObject\",\"inLanguage\":\"en-GB\",\"@id\":\"https:\\\/\\\/myperfectdog.lv\\\/#\\\/schema\\\/logo\\\/image\\\/\",\"url\":\"https:\\\/\\\/myperfectdog.lv\\\/wp-content\\\/uploads\\\/2020\\\/10\\\/MyPerfectDog-New-logo_peach_plakans.png\",\"contentUrl\":\"https:\\\/\\\/myperfectdog.lv\\\/wp-content\\\/uploads\\\/2020\\\/10\\\/MyPerfectDog-New-logo_peach_plakans.png\",\"width\":1200,\"height\":636,\"caption\":\"Su\u0146u & saimnieku skola \\\"My Perfect Dog\\\"\"},\"image\":{\"@id\":\"https:\\\/\\\/myperfectdog.lv\\\/#\\\/schema\\\/logo\\\/image\\\/\"}}]}<\/script>\n<!-- \/ Yoast SEO plugin. -->","yoast_head_json":{"title":"Semin\u0101rs \u201cSu\u0146u savstarp\u0113j\u0101 komunik\u0101cija un \u0137erme\u0146a valoda\u201d | MyPerfectDog.lv","robots":{"index":"index","follow":"follow","max-snippet":"max-snippet:-1","max-image-preview":"max-image-preview:large","max-video-preview":"max-video-preview:-1"},"canonical":"https:\/\/myperfectdog.lv\/en\/product\/seminars-sunu-komunikacija\/","og_locale":"en_GB","og_type":"article","og_title":"Semin\u0101rs \u201cSu\u0146u savstarp\u0113j\u0101 komunik\u0101cija un \u0137erme\u0146a valoda\u201d | MyPerfectDog.lv","og_description":"Ja v\u0113lies saprast savu suni daudz lab\u0101k, izprast vi\u0146a \u0137erme\u0146a valodas nianses un su\u0146u savstarp\u0113jo komunik\u0101ciju - tad \u0161is semin\u0101rs ir dom\u0101ts tie\u0161i Tev! :)  Semin\u0101rs kl\u0101tien\u0113 un att\u0101lin\u0101ti (online tikai teor\u0113tisk\u0101 da\u013ca)  Kad: 24.majs (sestdiena)  Semin\u0101ra norises laiks: plkst. 10:00 - 15:00  Semin\u0101ra norises lok\u0101cijas:   Teor\u0113tisk\u0101 da\u013ca: Pi\u0146\u0137os, Priedaines iela 11 (iek\u0161telpas)  Praktisk\u0101s da\u013ca: \u0101r\u0101 pie Pi\u0146\u0137u \u016bdenskr\u0101tuves  Dal\u012bbas iesp\u0113jas un maksa:   Kl\u0101tien\u0113 ar suni:\u00a040\u20ac\/1 personai\u00a0(Ierobe\u017eots vietu skaits: 12 dal\u012bbnieki)  Kl\u0101tien\u0113 bez su\u0146a: 35\u20ac\/1 personai\u00a0(Ierobe\u017eots vietu skaits: 20 dal\u012bbnieki)  Att\u0101lin\u0101ti platform\u0101 \"Zoom\":\u00a030\u20ac\/1 personai\u00a0(neierobe\u017eots dal\u012bbnieku skaits)","og_url":"https:\/\/myperfectdog.lv\/en\/product\/seminars-sunu-komunikacija\/","og_site_name":"MyPerfectDog.lv","article_modified_time":"2025-10-03T18:12:31+00:00","og_image":[{"width":1080,"height":1080,"url":"https:\/\/myperfectdog.lv\/wp-content\/uploads\/2024\/07\/MyPerfectDog-nodarbibas_20250513_182511_0000.jpg","type":"image\/jpeg"}],"twitter_card":"summary_large_image","twitter_misc":{"Estimated reading time":"1 minute"},"schema":{"@context":"https:\/\/schema.org","@graph":[{"@type":"WebPage","@id":"https:\/\/myperfectdog.lv\/products\/seminars-sunu-komunikacija\/","url":"https:\/\/myperfectdog.lv\/products\/seminars-sunu-komunikacija\/","name":"Semin\u0101rs \u201cSu\u0146u savstarp\u0113j\u0101 komunik\u0101cija un \u0137erme\u0146a valoda\u201d | MyPerfectDog.lv","isPartOf":{"@id":"https:\/\/myperfectdog.lv\/#website"},"primaryImageOfPage":{"@id":"https:\/\/myperfectdog.lv\/products\/seminars-sunu-komunikacija\/#primaryimage"},"image":{"@id":"https:\/\/myperfectdog.lv\/products\/seminars-sunu-komunikacija\/#primaryimage"},"thumbnailUrl":"https:\/\/myperfectdog.lv\/wp-content\/uploads\/2024\/07\/MyPerfectDog-nodarbibas_20250513_182511_0000.jpg","datePublished":"2024-07-11T11:27:31+00:00","dateModified":"2025-10-03T18:12:31+00:00","breadcrumb":{"@id":"https:\/\/myperfectdog.lv\/products\/seminars-sunu-komunikacija\/#breadcrumb"},"inLanguage":"en-GB","potentialAction":[{"@type":"ReadAction","target":["https:\/\/myperfectdog.lv\/products\/seminars-sunu-komunikacija\/"]}]},{"@type":"ImageObject","inLanguage":"en-GB","@id":"https:\/\/myperfectdog.lv\/products\/seminars-sunu-komunikacija\/#primaryimage","url":"https:\/\/myperfectdog.lv\/wp-content\/uploads\/2024\/07\/MyPerfectDog-nodarbibas_20250513_182511_0000.jpg","contentUrl":"https:\/\/myperfectdog.lv\/wp-content\/uploads\/2024\/07\/MyPerfectDog-nodarbibas_20250513_182511_0000.jpg","width":1080,"height":1080},{"@type":"BreadcrumbList","@id":"https:\/\/myperfectdog.lv\/products\/seminars-sunu-komunikacija\/#breadcrumb","itemListElement":[{"@type":"ListItem","position":1,"name":"Home","item":"https:\/\/myperfectdog.lv\/"},{"@type":"ListItem","position":2,"name":"Internetveikals","item":"https:\/\/myperfectdog.lv\/internetveikals\/"},{"@type":"ListItem","position":3,"name":"Semin\u0101rs \u201cSu\u0146u savstarp\u0113j\u0101 komunik\u0101cija un \u0137erme\u0146a valoda\u201d"}]},{"@type":"WebSite","@id":"https:\/\/myperfectdog.lv\/#website","url":"https:\/\/myperfectdog.lv\/","name":"MyPerfectDog.lv","description":"Su\u0146u un saimnieku skola","publisher":{"@id":"https:\/\/myperfectdog.lv\/#organization"},"potentialAction":[{"@type":"SearchAction","target":{"@type":"EntryPoint","urlTemplate":"https:\/\/myperfectdog.lv\/?s={search_term_string}"},"query-input":{"@type":"PropertyValueSpecification","valueRequired":true,"valueName":"search_term_string"}}],"inLanguage":"en-GB"},{"@type":"Organization","@id":"https:\/\/myperfectdog.lv\/#organization","name":"Su\u0146u & saimnieku skola \"My Perfect Dog\"","url":"https:\/\/myperfectdog.lv\/","logo":{"@type":"ImageObject","inLanguage":"en-GB","@id":"https:\/\/myperfectdog.lv\/#\/schema\/logo\/image\/","url":"https:\/\/myperfectdog.lv\/wp-content\/uploads\/2020\/10\/MyPerfectDog-New-logo_peach_plakans.png","contentUrl":"https:\/\/myperfectdog.lv\/wp-content\/uploads\/2020\/10\/MyPerfectDog-New-logo_peach_plakans.png","width":1200,"height":636,"caption":"Su\u0146u & saimnieku skola \"My Perfect Dog\""},"image":{"@id":"https:\/\/myperfectdog.lv\/#\/schema\/logo\/image\/"}}]}},"jetpack_sharing_enabled":true,"_links":{"self":[{"href":"https:\/\/myperfectdog.lv\/en\/wp-json\/wp\/v2\/product\/9263","targetHints":{"allow":["GET"]}}],"collection":[{"href":"https:\/\/myperfectdog.lv\/en\/wp-json\/wp\/v2\/product"}],"about":[{"href":"https:\/\/myperfectdog.lv\/en\/wp-json\/wp\/v2\/types\/product"}],"replies":[{"embeddable":true,"href":"https:\/\/myperfectdog.lv\/en\/wp-json\/wp\/v2\/comments?post=9263"}],"wp:featuredmedia":[{"embeddable":true,"href":"https:\/\/myperfectdog.lv\/en\/wp-json\/wp\/v2\/media\/11785"}],"wp:attachment":[{"href":"https:\/\/myperfectdog.lv\/en\/wp-json\/wp\/v2\/media?parent=9263"}],"wp:term":[{"taxonomy":"product_brand","embeddable":true,"href":"https:\/\/myperfectdog.lv\/en\/wp-json\/wp\/v2\/product_brand?post=9263"},{"taxonomy":"product_cat","embeddable":true,"href":"https:\/\/myperfectdog.lv\/en\/wp-json\/wp\/v2\/product_cat?post=9263"},{"taxonomy":"product_tag","embeddable":true,"href":"https:\/\/myperfectdog.lv\/en\/wp-json\/wp\/v2\/product_tag?post=9263"}],"curies":[{"name":"wp","href":"https:\/\/api.w.org\/{rel}","templated":true}]}}